{"id":695,"date":"2024-06-28T15:49:27","date_gmt":"2024-06-28T13:49:27","guid":{"rendered":"https:\/\/orthopara.store\/?post_type=product&#038;p=695"},"modified":"2024-11-10T16:19:33","modified_gmt":"2024-11-10T15:19:33","slug":"creme-hydratante-matifiante-dermedic-normacne-preventi-40ml","status":"publish","type":"product","link":"https:\/\/orthopara.store\/?product=creme-hydratante-matifiante-dermedic-normacne-preventi-40ml","title":{"rendered":"Cr\u00e8me hydratante matifiante &#8211; Dermedic Normacne Preventi &#8211; 40ml"},"content":{"rendered":"<p>Cr\u00e8me hydratante matifiante &#8211; Dermedic Normacne Preventi &#8211; 40ml<\/p>\n<p>Peaux mixtes, peaux grasses et peaux \u00e0 tendance acn\u00e9ique. La peau sensible \u00e0 l&rsquo;acn\u00e9 est g\u00e9n\u00e9ralement un probl\u00e8me rencontr\u00e9 par les jeunes et sa cause directe peut \u00eatre l&rsquo;hyperactivit\u00e9 des glandes s\u00e9bac\u00e9es. Les sympt\u00f4mes de l&rsquo;acn\u00e9 comprennent des points noirs ainsi que des \u00e9ruptions populaires et pustuleuses dans les zones s\u00e9borrh\u00e9iques (visage et dos). Les l\u00e9sions acn\u00e9iques sont le plus souvent caus\u00e9es par : une production excessive de s\u00e9bum, une k\u00e9ratinisation accrue des glandes s\u00e9bac\u00e9es qui provoque leur blocage, et le d\u00e9veloppement d&rsquo;infiltrations inflammatoires autour des glandes s\u00e9bac\u00e9es. Les dermocosm\u00e9tiques Normacne de Dermedic constituent une gamme compl\u00e8te de cosm\u00e9tiques ciblant de mani\u00e8re globale les probl\u00e9matiques des peaux \u00e0 tendance acn\u00e9ique.<br \/>\nPropri\u00e9t\u00e9s :\u00a0<br \/>\nFournit un effet matifiant longue dur\u00e9e<br \/>\nAgit sur les causes de la formation et de l&rsquo;exacerbation de l&rsquo;acn\u00e9<br \/>\nPerturbe la communication interbact\u00e9rienne<br \/>\nD\u00e9sint\u00e8gre le biofilm bact\u00e9rien<br \/>\nR\u00e9duit la s\u00e9cr\u00e9tion de s\u00e9bum<br \/>\nR\u00e9duit les pores dilat\u00e9s<br \/>\nHydrate<br \/>\nType de peau : mixte \u00e0 tendance grasse sujette aux imperfections<br \/>\nTest\u00e9 cliniquement<br \/>\nUtilisation :<br \/>\nAppliquer chaque matin sur le visage nettoy\u00e9 en tapotant doucement.<br \/>\nIngr\u00e9dients :<br \/>\neau thermale, complexe VeprolanumTM (hexylr\u00e9sorcinol, acide linol\u00e9ique, resv\u00e9ratrol, hord\u00e9ine, neurotransmetteur GABA, glycyrrhizinate dipotassique), complexe Oxyniacydetm (extrait de racine de thyro\u00efde de Ba\u00efkal, niacinamide, resv\u00e9ratrol), acide hyaluronique.<br \/>\nNon com\u00e9dog\u00e8ne<\/p>\n","protected":false},"excerpt":{"rendered":"<p>Dermedic Normacne Preventi\u00a0<br \/>\nCr\u00e8me hydratante matifiante\u00a0<br \/>\nEst recommand\u00e9 pour les peaux mixtes \u00e0 grasses, avec tendance \u00e0 briller et aux l\u00e9sions acn\u00e9iques. Elle apaise les inflammations et pr\u00e9vient la formation des nouvelles, r\u00e9duits les imperfections et assure \u00e0 la peau l&rsquo;effet matifiant visible \u00e0 long terme\u00a0<\/p>\n<p>Contenance : 40ml\u00a0<br \/>\nDLC : 11\/2024<\/p>\n","protected":false},"featured_media":723,"comment_status":"open","ping_status":"closed","template":"","meta":[],"pwb-brand":[54],"product_cat":[40],"product_tag":[],"class_list":{"0":"post-695","1":"product","2":"type-product","3":"status-publish","4":"has-post-thumbnail","6":"pwb-brand-dermedic","7":"product_cat-hydratants-peaux-normales-a-mixtes","8":"post","9":"ws-product--style-1","11":"first","12":"instock","13":"shipping-taxable","14":"purchasable","15":"product-type-simple"},"yoast_head":"<!-- This site is optimized with the Yoast SEO plugin v23.0 - https:\/\/yoast.com\/wordpress\/plugins\/seo\/ -->\n<title>Cr\u00e8me hydratante matifiante - Dermedic Normacne Preventi - 40ml - OrthoPara<\/title>\n<meta name=\"robots\" content=\"index, follow, max-snippet:-1, max-image-preview:large, max-video-preview:-1\" \/>\n<link rel=\"canonical\" href=\"https:\/\/orthopara.store\/index.php\/produit\/creme-hydratante-matifiante-dermedic-normacne-preventi-40ml\/\" \/>\n<meta property=\"og:locale\" content=\"fr_FR\" \/>\n<meta property=\"og:type\" content=\"article\" \/>\n<meta property=\"og:title\" content=\"Cr\u00e8me hydratante matifiante - Dermedic Normacne Preventi - 40ml - OrthoPara\" \/>\n<meta property=\"og:description\" content=\"Dermedic Normacne Preventi\u00a0 Cr\u00e8me hydratante matifiante\u00a0 Est recommand\u00e9 pour les peaux mixtes \u00e0 grasses, avec tendance \u00e0 briller et aux l\u00e9sions acn\u00e9iques. Elle apaise les inflammations et pr\u00e9vient la formation des nouvelles, r\u00e9duits les imperfections et assure \u00e0 la peau l&#039;effet matifiant visible \u00e0 long terme\u00a0 Contenance : 40ml\u00a0 DLC : 11\/2024\" \/>\n<meta property=\"og:url\" content=\"https:\/\/orthopara.store\/index.php\/produit\/creme-hydratante-matifiante-dermedic-normacne-preventi-40ml\/\" \/>\n<meta property=\"og:site_name\" content=\"OrthoPara\" \/>\n<meta property=\"article:publisher\" content=\"https:\/\/www.facebook.com\/profile.php?id=61561194315651\" \/>\n<meta property=\"article:modified_time\" content=\"2024-11-10T15:19:33+00:00\" \/>\n<meta property=\"og:image\" content=\"https:\/\/orthopara.store\/wp-content\/uploads\/2024\/06\/creme-hydratante-matifiante-dermedic-normacne-preventi-40ml.jpg\" \/>\n\t<meta property=\"og:image:width\" content=\"800\" \/>\n\t<meta property=\"og:image:height\" content=\"800\" \/>\n\t<meta property=\"og:image:type\" content=\"image\/jpeg\" \/>\n<meta name=\"twitter:card\" content=\"summary_large_image\" \/>\n<meta name=\"twitter:label1\" content=\"Dur\u00e9e de lecture estim\u00e9e\" \/>\n\t<meta name=\"twitter:data1\" content=\"1 minute\" \/>\n<script type=\"application\/ld+json\" class=\"yoast-schema-graph\">{\"@context\":\"https:\/\/schema.org\",\"@graph\":[{\"@type\":\"WebPage\",\"@id\":\"https:\/\/orthopara.store\/index.php\/produit\/creme-hydratante-matifiante-dermedic-normacne-preventi-40ml\/\",\"url\":\"https:\/\/orthopara.store\/index.php\/produit\/creme-hydratante-matifiante-dermedic-normacne-preventi-40ml\/\",\"name\":\"Cr\u00e8me hydratante matifiante - Dermedic Normacne Preventi - 40ml - OrthoPara\",\"isPartOf\":{\"@id\":\"https:\/\/orthopara.store\/#website\"},\"primaryImageOfPage\":{\"@id\":\"https:\/\/orthopara.store\/index.php\/produit\/creme-hydratante-matifiante-dermedic-normacne-preventi-40ml\/#primaryimage\"},\"image\":{\"@id\":\"https:\/\/orthopara.store\/index.php\/produit\/creme-hydratante-matifiante-dermedic-normacne-preventi-40ml\/#primaryimage\"},\"thumbnailUrl\":\"https:\/\/orthopara.store\/wp-content\/uploads\/2024\/06\/creme-hydratante-matifiante-dermedic-normacne-preventi-40ml.jpg\",\"datePublished\":\"2024-06-28T13:49:27+00:00\",\"dateModified\":\"2024-11-10T15:19:33+00:00\",\"breadcrumb\":{\"@id\":\"https:\/\/orthopara.store\/index.php\/produit\/creme-hydratante-matifiante-dermedic-normacne-preventi-40ml\/#breadcrumb\"},\"inLanguage\":\"fr-FR\",\"potentialAction\":[{\"@type\":\"ReadAction\",\"target\":[\"https:\/\/orthopara.store\/index.php\/produit\/creme-hydratante-matifiante-dermedic-normacne-preventi-40ml\/\"]}]},{\"@type\":\"ImageObject\",\"inLanguage\":\"fr-FR\",\"@id\":\"https:\/\/orthopara.store\/index.php\/produit\/creme-hydratante-matifiante-dermedic-normacne-preventi-40ml\/#primaryimage\",\"url\":\"https:\/\/orthopara.store\/wp-content\/uploads\/2024\/06\/creme-hydratante-matifiante-dermedic-normacne-preventi-40ml.jpg\",\"contentUrl\":\"https:\/\/orthopara.store\/wp-content\/uploads\/2024\/06\/creme-hydratante-matifiante-dermedic-normacne-preventi-40ml.jpg\",\"width\":800,\"height\":800},{\"@type\":\"BreadcrumbList\",\"@id\":\"https:\/\/orthopara.store\/index.php\/produit\/creme-hydratante-matifiante-dermedic-normacne-preventi-40ml\/#breadcrumb\",\"itemListElement\":[{\"@type\":\"ListItem\",\"position\":1,\"name\":\"Accueil\",\"item\":\"https:\/\/orthopara.store\/\"},{\"@type\":\"ListItem\",\"position\":2,\"name\":\"Shop\",\"item\":\"https:\/\/orthopara.store\/?page_id=622\"},{\"@type\":\"ListItem\",\"position\":3,\"name\":\"Cr\u00e8me hydratante matifiante &#8211; Dermedic Normacne Preventi &#8211; 40ml\"}]},{\"@type\":\"WebSite\",\"@id\":\"https:\/\/orthopara.store\/#website\",\"url\":\"https:\/\/orthopara.store\/\",\"name\":\"OrthoPara\",\"description\":\"Parapharmacie\",\"publisher\":{\"@id\":\"https:\/\/orthopara.store\/#organization\"},\"potentialAction\":[{\"@type\":\"SearchAction\",\"target\":{\"@type\":\"EntryPoint\",\"urlTemplate\":\"https:\/\/orthopara.store\/?s={search_term_string}\"},\"query-input\":\"required name=search_term_string\"}],\"inLanguage\":\"fr-FR\"},{\"@type\":\"Organization\",\"@id\":\"https:\/\/orthopara.store\/#organization\",\"name\":\"OrthoPara\",\"url\":\"https:\/\/orthopara.store\/\",\"logo\":{\"@type\":\"ImageObject\",\"inLanguage\":\"fr-FR\",\"@id\":\"https:\/\/orthopara.store\/#\/schema\/logo\/image\/\",\"url\":\"https:\/\/orthopara.store\/wp-content\/uploads\/2024\/06\/cropped-9ABA8BAD-6256-4719-9315-15C66E64E882.png\",\"contentUrl\":\"https:\/\/orthopara.store\/wp-content\/uploads\/2024\/06\/cropped-9ABA8BAD-6256-4719-9315-15C66E64E882.png\",\"width\":240,\"height\":72,\"caption\":\"OrthoPara\"},\"image\":{\"@id\":\"https:\/\/orthopara.store\/#\/schema\/logo\/image\/\"},\"sameAs\":[\"https:\/\/www.facebook.com\/profile.php?id=61561194315651\",\"https:\/\/www.instagram.com\/orthopara_tunisie\/\"]}]}<\/script>\n<!-- \/ Yoast SEO plugin. -->","yoast_head_json":{"title":"Cr\u00e8me hydratante matifiante - Dermedic Normacne Preventi - 40ml - OrthoPara","robots":{"index":"index","follow":"follow","max-snippet":"max-snippet:-1","max-image-preview":"max-image-preview:large","max-video-preview":"max-video-preview:-1"},"canonical":"https:\/\/orthopara.store\/index.php\/produit\/creme-hydratante-matifiante-dermedic-normacne-preventi-40ml\/","og_locale":"fr_FR","og_type":"article","og_title":"Cr\u00e8me hydratante matifiante - Dermedic Normacne Preventi - 40ml - OrthoPara","og_description":"Dermedic Normacne Preventi\u00a0 Cr\u00e8me hydratante matifiante\u00a0 Est recommand\u00e9 pour les peaux mixtes \u00e0 grasses, avec tendance \u00e0 briller et aux l\u00e9sions acn\u00e9iques. Elle apaise les inflammations et pr\u00e9vient la formation des nouvelles, r\u00e9duits les imperfections et assure \u00e0 la peau l'effet matifiant visible \u00e0 long terme\u00a0 Contenance : 40ml\u00a0 DLC : 11\/2024","og_url":"https:\/\/orthopara.store\/index.php\/produit\/creme-hydratante-matifiante-dermedic-normacne-preventi-40ml\/","og_site_name":"OrthoPara","article_publisher":"https:\/\/www.facebook.com\/profile.php?id=61561194315651","article_modified_time":"2024-11-10T15:19:33+00:00","og_image":[{"width":800,"height":800,"url":"https:\/\/orthopara.store\/wp-content\/uploads\/2024\/06\/creme-hydratante-matifiante-dermedic-normacne-preventi-40ml.jpg","type":"image\/jpeg"}],"twitter_card":"summary_large_image","twitter_misc":{"Dur\u00e9e de lecture estim\u00e9e":"1 minute"},"schema":{"@context":"https:\/\/schema.org","@graph":[{"@type":"WebPage","@id":"https:\/\/orthopara.store\/index.php\/produit\/creme-hydratante-matifiante-dermedic-normacne-preventi-40ml\/","url":"https:\/\/orthopara.store\/index.php\/produit\/creme-hydratante-matifiante-dermedic-normacne-preventi-40ml\/","name":"Cr\u00e8me hydratante matifiante - Dermedic Normacne Preventi - 40ml - OrthoPara","isPartOf":{"@id":"https:\/\/orthopara.store\/#website"},"primaryImageOfPage":{"@id":"https:\/\/orthopara.store\/index.php\/produit\/creme-hydratante-matifiante-dermedic-normacne-preventi-40ml\/#primaryimage"},"image":{"@id":"https:\/\/orthopara.store\/index.php\/produit\/creme-hydratante-matifiante-dermedic-normacne-preventi-40ml\/#primaryimage"},"thumbnailUrl":"https:\/\/orthopara.store\/wp-content\/uploads\/2024\/06\/creme-hydratante-matifiante-dermedic-normacne-preventi-40ml.jpg","datePublished":"2024-06-28T13:49:27+00:00","dateModified":"2024-11-10T15:19:33+00:00","breadcrumb":{"@id":"https:\/\/orthopara.store\/index.php\/produit\/creme-hydratante-matifiante-dermedic-normacne-preventi-40ml\/#breadcrumb"},"inLanguage":"fr-FR","potentialAction":[{"@type":"ReadAction","target":["https:\/\/orthopara.store\/index.php\/produit\/creme-hydratante-matifiante-dermedic-normacne-preventi-40ml\/"]}]},{"@type":"ImageObject","inLanguage":"fr-FR","@id":"https:\/\/orthopara.store\/index.php\/produit\/creme-hydratante-matifiante-dermedic-normacne-preventi-40ml\/#primaryimage","url":"https:\/\/orthopara.store\/wp-content\/uploads\/2024\/06\/creme-hydratante-matifiante-dermedic-normacne-preventi-40ml.jpg","contentUrl":"https:\/\/orthopara.store\/wp-content\/uploads\/2024\/06\/creme-hydratante-matifiante-dermedic-normacne-preventi-40ml.jpg","width":800,"height":800},{"@type":"BreadcrumbList","@id":"https:\/\/orthopara.store\/index.php\/produit\/creme-hydratante-matifiante-dermedic-normacne-preventi-40ml\/#breadcrumb","itemListElement":[{"@type":"ListItem","position":1,"name":"Accueil","item":"https:\/\/orthopara.store\/"},{"@type":"ListItem","position":2,"name":"Shop","item":"https:\/\/orthopara.store\/?page_id=622"},{"@type":"ListItem","position":3,"name":"Cr\u00e8me hydratante matifiante &#8211; Dermedic Normacne Preventi &#8211; 40ml"}]},{"@type":"WebSite","@id":"https:\/\/orthopara.store\/#website","url":"https:\/\/orthopara.store\/","name":"OrthoPara","description":"Parapharmacie","publisher":{"@id":"https:\/\/orthopara.store\/#organization"},"potentialAction":[{"@type":"SearchAction","target":{"@type":"EntryPoint","urlTemplate":"https:\/\/orthopara.store\/?s={search_term_string}"},"query-input":"required name=search_term_string"}],"inLanguage":"fr-FR"},{"@type":"Organization","@id":"https:\/\/orthopara.store\/#organization","name":"OrthoPara","url":"https:\/\/orthopara.store\/","logo":{"@type":"ImageObject","inLanguage":"fr-FR","@id":"https:\/\/orthopara.store\/#\/schema\/logo\/image\/","url":"https:\/\/orthopara.store\/wp-content\/uploads\/2024\/06\/cropped-9ABA8BAD-6256-4719-9315-15C66E64E882.png","contentUrl":"https:\/\/orthopara.store\/wp-content\/uploads\/2024\/06\/cropped-9ABA8BAD-6256-4719-9315-15C66E64E882.png","width":240,"height":72,"caption":"OrthoPara"},"image":{"@id":"https:\/\/orthopara.store\/#\/schema\/logo\/image\/"},"sameAs":["https:\/\/www.facebook.com\/profile.php?id=61561194315651","https:\/\/www.instagram.com\/orthopara_tunisie\/"]}]}},"jetpack_sharing_enabled":true,"brands":[{"id":54,"name":"DERMEDIC","slug":"dermedic"}],"_links":{"self":[{"href":"https:\/\/orthopara.store\/index.php?rest_route=\/wp\/v2\/product\/695","targetHints":{"allow":["GET"]}}],"collection":[{"href":"https:\/\/orthopara.store\/index.php?rest_route=\/wp\/v2\/product"}],"about":[{"href":"https:\/\/orthopara.store\/index.php?rest_route=\/wp\/v2\/types\/product"}],"replies":[{"embeddable":true,"href":"https:\/\/orthopara.store\/index.php?rest_route=%2Fwp%2Fv2%2Fcomments&post=695"}],"wp:featuredmedia":[{"embeddable":true,"href":"https:\/\/orthopara.store\/index.php?rest_route=\/wp\/v2\/media\/723"}],"wp:attachment":[{"href":"https:\/\/orthopara.store\/index.php?rest_route=%2Fwp%2Fv2%2Fmedia&parent=695"}],"wp:term":[{"taxonomy":"pwb-brand","embeddable":true,"href":"https:\/\/orthopara.store\/index.php?rest_route=%2Fwp%2Fv2%2Fpwb-brand&post=695"},{"taxonomy":"product_cat","embeddable":true,"href":"https:\/\/orthopara.store\/index.php?rest_route=%2Fwp%2Fv2%2Fproduct_cat&post=695"},{"taxonomy":"product_tag","embeddable":true,"href":"https:\/\/orthopara.store\/index.php?rest_route=%2Fwp%2Fv2%2Fproduct_tag&post=695"}],"curies":[{"name":"wp","href":"https:\/\/api.w.org\/{rel}","templated":true}]}}