{"id":728,"date":"2024-06-28T15:49:41","date_gmt":"2024-06-28T13:49:41","guid":{"rendered":"https:\/\/orthopara.store\/?post_type=product&#038;p=728"},"modified":"2024-11-04T17:28:40","modified_gmt":"2024-11-04T16:28:40","slug":"baume-regenerant-comblant-svr-cerabiotic-50-ml","status":"publish","type":"product","link":"https:\/\/orthopara.store\/?product=baume-regenerant-comblant-svr-cerabiotic-50-ml","title":{"rendered":"Baume r\u00e9g\u00e9n\u00e9rant comblant &#8211; SVR Cerabiotic &#8211; 50 ml"},"content":{"rendered":"<p>Baume r\u00e9g\u00e9n\u00e9rant comblant &#8211; SVR Cerabiotic &#8211; 50 ml<br \/>\nSVR CERABIOTIC est un baume r\u00e9g\u00e9n\u00e9rant qui est fait pour r\u00e9g\u00e9n\u00e9rer votre peau gr\u00e2ce \u00e0 une combinaison de 4 actifs essentiels \u00e0 la fonction de la peau :<\/p>\n<p>1\/ des probiotiques pasteuris\u00e9s : ils prot\u00e8gent et renforcent la barri\u00e8re cutan\u00e9e.<\/p>\n<p>2\/ de la vitamine C stabilis\u00e9e : elle prot\u00e8ge des radicaux libres, raffermie et d\u00e9fatigue la peau.<\/p>\n<p>3\/ de l\u2019Acide Hyaluronique : il lisse les rides, les ridules et hydrate.<\/p>\n<p>4\/ Les c\u00e9ramides : restaurent la barri\u00e8res cutan\u00e9e, corrigent les rides.<\/p>\n<p>Jour apr\u00e8s jour, la peau est nourrie, combl\u00e9e et liss\u00e9e.<\/p>\n<p>Souvent confondue avec la d\u00e9shydratation qui est un \u00e9tat cutan\u00e9, la peau s\u00e8che est un type de peau \u00e0 part enti\u00e8re et les peaux fines et sensibles y sont plus sujettes. Lorsqu\u2019elle est s\u00e8che, la peau est en manque de lipides dont les c\u00e9ramides et elle ne peut plus assurer correctement son r\u00f4le de barri\u00e8re de protection. La peau devient perm\u00e9able aux agents pathog\u00e8nes et se d\u00e9shydrate.<\/p>\n<p>R\u00e9sultats : la peau tiraille, perd de sa souplesse et de sa fermet\u00e9 et les rides se creusent.<\/p>\n<p>Sa texture baume enveloppante offre un shot nutritif pour combler les rides et renforcer l\u2019hydratation de la peau. Elle est plus lisse, ferme et confortable.<\/p>\n<p>Efficacit\u00e9 prouv\u00e9e cliniquement sur peaux sensibles.<\/p>\n<p>Non com\u00e9dog\u00e8ne. Test\u00e9 sous contr\u00f4le dermatologique et 100% sur peaux sensibles.<\/p>\n<p>Conseils d\u2019utilisation de SVR Biotic Cera Baume R\u00e9g\u00e9n\u00e9rant Comblant\u00a0<\/p>\n<p>Appliquer uniform\u00e9ment matin et\/ou soir sur le visage et le cou.<\/p>\n","protected":false},"excerpt":{"rendered":"<p>SVR Cerabiotic<br \/>\nBaume r\u00e9g\u00e9n\u00e9rant comblant<br \/>\npores, imperfections, rides<br \/>\ncontenance : 50 mL<\/p>\n","protected":false},"featured_media":750,"comment_status":"open","ping_status":"closed","template":"","meta":[],"pwb-brand":[43],"product_cat":[40],"product_tag":[],"class_list":{"0":"post-728","1":"product","2":"type-product","3":"status-publish","4":"has-post-thumbnail","6":"pwb-brand-svr","7":"product_cat-hydratants-peaux-normales-a-mixtes","8":"post","9":"ws-product--style-1","11":"first","12":"instock","13":"shipping-taxable","14":"purchasable","15":"product-type-simple"},"yoast_head":"<!-- This site is optimized with the Yoast SEO plugin v23.0 - https:\/\/yoast.com\/wordpress\/plugins\/seo\/ -->\n<title>Baume r\u00e9g\u00e9n\u00e9rant comblant - SVR Cerabiotic - 50 ml - OrthoPara<\/title>\n<meta name=\"robots\" content=\"index, follow, max-snippet:-1, max-image-preview:large, max-video-preview:-1\" \/>\n<link rel=\"canonical\" href=\"https:\/\/orthopara.store\/index.php\/produit\/baume-regenerant-comblant-svr-cerabiotic-50-ml\/\" \/>\n<meta property=\"og:locale\" content=\"fr_FR\" \/>\n<meta property=\"og:type\" content=\"article\" \/>\n<meta property=\"og:title\" content=\"Baume r\u00e9g\u00e9n\u00e9rant comblant - SVR Cerabiotic - 50 ml - OrthoPara\" \/>\n<meta property=\"og:description\" content=\"SVR Cerabiotic Baume r\u00e9g\u00e9n\u00e9rant comblant pores, imperfections, rides contenance : 50 mL\" \/>\n<meta property=\"og:url\" content=\"https:\/\/orthopara.store\/index.php\/produit\/baume-regenerant-comblant-svr-cerabiotic-50-ml\/\" \/>\n<meta property=\"og:site_name\" content=\"OrthoPara\" \/>\n<meta property=\"article:publisher\" content=\"https:\/\/www.facebook.com\/profile.php?id=61561194315651\" \/>\n<meta property=\"article:modified_time\" content=\"2024-11-04T16:28:40+00:00\" \/>\n<meta property=\"og:image\" content=\"https:\/\/orthopara.store\/wp-content\/uploads\/2024\/06\/baume-regenerant-comblant-svr-cerabiotic-50-ml.jpg\" \/>\n\t<meta property=\"og:image:width\" content=\"800\" \/>\n\t<meta property=\"og:image:height\" content=\"800\" \/>\n\t<meta property=\"og:image:type\" content=\"image\/jpeg\" \/>\n<meta name=\"twitter:card\" content=\"summary_large_image\" \/>\n<meta name=\"twitter:label1\" content=\"Dur\u00e9e de lecture estim\u00e9e\" \/>\n\t<meta name=\"twitter:data1\" content=\"1 minute\" \/>\n<script type=\"application\/ld+json\" class=\"yoast-schema-graph\">{\"@context\":\"https:\/\/schema.org\",\"@graph\":[{\"@type\":\"WebPage\",\"@id\":\"https:\/\/orthopara.store\/index.php\/produit\/baume-regenerant-comblant-svr-cerabiotic-50-ml\/\",\"url\":\"https:\/\/orthopara.store\/index.php\/produit\/baume-regenerant-comblant-svr-cerabiotic-50-ml\/\",\"name\":\"Baume r\u00e9g\u00e9n\u00e9rant comblant - SVR Cerabiotic - 50 ml - OrthoPara\",\"isPartOf\":{\"@id\":\"https:\/\/orthopara.store\/#website\"},\"primaryImageOfPage\":{\"@id\":\"https:\/\/orthopara.store\/index.php\/produit\/baume-regenerant-comblant-svr-cerabiotic-50-ml\/#primaryimage\"},\"image\":{\"@id\":\"https:\/\/orthopara.store\/index.php\/produit\/baume-regenerant-comblant-svr-cerabiotic-50-ml\/#primaryimage\"},\"thumbnailUrl\":\"https:\/\/orthopara.store\/wp-content\/uploads\/2024\/06\/baume-regenerant-comblant-svr-cerabiotic-50-ml.jpg\",\"datePublished\":\"2024-06-28T13:49:41+00:00\",\"dateModified\":\"2024-11-04T16:28:40+00:00\",\"breadcrumb\":{\"@id\":\"https:\/\/orthopara.store\/index.php\/produit\/baume-regenerant-comblant-svr-cerabiotic-50-ml\/#breadcrumb\"},\"inLanguage\":\"fr-FR\",\"potentialAction\":[{\"@type\":\"ReadAction\",\"target\":[\"https:\/\/orthopara.store\/index.php\/produit\/baume-regenerant-comblant-svr-cerabiotic-50-ml\/\"]}]},{\"@type\":\"ImageObject\",\"inLanguage\":\"fr-FR\",\"@id\":\"https:\/\/orthopara.store\/index.php\/produit\/baume-regenerant-comblant-svr-cerabiotic-50-ml\/#primaryimage\",\"url\":\"https:\/\/orthopara.store\/wp-content\/uploads\/2024\/06\/baume-regenerant-comblant-svr-cerabiotic-50-ml.jpg\",\"contentUrl\":\"https:\/\/orthopara.store\/wp-content\/uploads\/2024\/06\/baume-regenerant-comblant-svr-cerabiotic-50-ml.jpg\",\"width\":800,\"height\":800},{\"@type\":\"BreadcrumbList\",\"@id\":\"https:\/\/orthopara.store\/index.php\/produit\/baume-regenerant-comblant-svr-cerabiotic-50-ml\/#breadcrumb\",\"itemListElement\":[{\"@type\":\"ListItem\",\"position\":1,\"name\":\"Accueil\",\"item\":\"https:\/\/orthopara.store\/\"},{\"@type\":\"ListItem\",\"position\":2,\"name\":\"Shop\",\"item\":\"https:\/\/orthopara.store\/?page_id=622\"},{\"@type\":\"ListItem\",\"position\":3,\"name\":\"Baume r\u00e9g\u00e9n\u00e9rant comblant &#8211; SVR Cerabiotic &#8211; 50 ml\"}]},{\"@type\":\"WebSite\",\"@id\":\"https:\/\/orthopara.store\/#website\",\"url\":\"https:\/\/orthopara.store\/\",\"name\":\"OrthoPara\",\"description\":\"Parapharmacie\",\"publisher\":{\"@id\":\"https:\/\/orthopara.store\/#organization\"},\"potentialAction\":[{\"@type\":\"SearchAction\",\"target\":{\"@type\":\"EntryPoint\",\"urlTemplate\":\"https:\/\/orthopara.store\/?s={search_term_string}\"},\"query-input\":\"required name=search_term_string\"}],\"inLanguage\":\"fr-FR\"},{\"@type\":\"Organization\",\"@id\":\"https:\/\/orthopara.store\/#organization\",\"name\":\"OrthoPara\",\"url\":\"https:\/\/orthopara.store\/\",\"logo\":{\"@type\":\"ImageObject\",\"inLanguage\":\"fr-FR\",\"@id\":\"https:\/\/orthopara.store\/#\/schema\/logo\/image\/\",\"url\":\"https:\/\/orthopara.store\/wp-content\/uploads\/2024\/06\/cropped-9ABA8BAD-6256-4719-9315-15C66E64E882.png\",\"contentUrl\":\"https:\/\/orthopara.store\/wp-content\/uploads\/2024\/06\/cropped-9ABA8BAD-6256-4719-9315-15C66E64E882.png\",\"width\":240,\"height\":72,\"caption\":\"OrthoPara\"},\"image\":{\"@id\":\"https:\/\/orthopara.store\/#\/schema\/logo\/image\/\"},\"sameAs\":[\"https:\/\/www.facebook.com\/profile.php?id=61561194315651\",\"https:\/\/www.instagram.com\/orthopara_tunisie\/\"]}]}<\/script>\n<!-- \/ Yoast SEO plugin. -->","yoast_head_json":{"title":"Baume r\u00e9g\u00e9n\u00e9rant comblant - SVR Cerabiotic - 50 ml - OrthoPara","robots":{"index":"index","follow":"follow","max-snippet":"max-snippet:-1","max-image-preview":"max-image-preview:large","max-video-preview":"max-video-preview:-1"},"canonical":"https:\/\/orthopara.store\/index.php\/produit\/baume-regenerant-comblant-svr-cerabiotic-50-ml\/","og_locale":"fr_FR","og_type":"article","og_title":"Baume r\u00e9g\u00e9n\u00e9rant comblant - SVR Cerabiotic - 50 ml - OrthoPara","og_description":"SVR Cerabiotic Baume r\u00e9g\u00e9n\u00e9rant comblant pores, imperfections, rides contenance : 50 mL","og_url":"https:\/\/orthopara.store\/index.php\/produit\/baume-regenerant-comblant-svr-cerabiotic-50-ml\/","og_site_name":"OrthoPara","article_publisher":"https:\/\/www.facebook.com\/profile.php?id=61561194315651","article_modified_time":"2024-11-04T16:28:40+00:00","og_image":[{"width":800,"height":800,"url":"https:\/\/orthopara.store\/wp-content\/uploads\/2024\/06\/baume-regenerant-comblant-svr-cerabiotic-50-ml.jpg","type":"image\/jpeg"}],"twitter_card":"summary_large_image","twitter_misc":{"Dur\u00e9e de lecture estim\u00e9e":"1 minute"},"schema":{"@context":"https:\/\/schema.org","@graph":[{"@type":"WebPage","@id":"https:\/\/orthopara.store\/index.php\/produit\/baume-regenerant-comblant-svr-cerabiotic-50-ml\/","url":"https:\/\/orthopara.store\/index.php\/produit\/baume-regenerant-comblant-svr-cerabiotic-50-ml\/","name":"Baume r\u00e9g\u00e9n\u00e9rant comblant - SVR Cerabiotic - 50 ml - OrthoPara","isPartOf":{"@id":"https:\/\/orthopara.store\/#website"},"primaryImageOfPage":{"@id":"https:\/\/orthopara.store\/index.php\/produit\/baume-regenerant-comblant-svr-cerabiotic-50-ml\/#primaryimage"},"image":{"@id":"https:\/\/orthopara.store\/index.php\/produit\/baume-regenerant-comblant-svr-cerabiotic-50-ml\/#primaryimage"},"thumbnailUrl":"https:\/\/orthopara.store\/wp-content\/uploads\/2024\/06\/baume-regenerant-comblant-svr-cerabiotic-50-ml.jpg","datePublished":"2024-06-28T13:49:41+00:00","dateModified":"2024-11-04T16:28:40+00:00","breadcrumb":{"@id":"https:\/\/orthopara.store\/index.php\/produit\/baume-regenerant-comblant-svr-cerabiotic-50-ml\/#breadcrumb"},"inLanguage":"fr-FR","potentialAction":[{"@type":"ReadAction","target":["https:\/\/orthopara.store\/index.php\/produit\/baume-regenerant-comblant-svr-cerabiotic-50-ml\/"]}]},{"@type":"ImageObject","inLanguage":"fr-FR","@id":"https:\/\/orthopara.store\/index.php\/produit\/baume-regenerant-comblant-svr-cerabiotic-50-ml\/#primaryimage","url":"https:\/\/orthopara.store\/wp-content\/uploads\/2024\/06\/baume-regenerant-comblant-svr-cerabiotic-50-ml.jpg","contentUrl":"https:\/\/orthopara.store\/wp-content\/uploads\/2024\/06\/baume-regenerant-comblant-svr-cerabiotic-50-ml.jpg","width":800,"height":800},{"@type":"BreadcrumbList","@id":"https:\/\/orthopara.store\/index.php\/produit\/baume-regenerant-comblant-svr-cerabiotic-50-ml\/#breadcrumb","itemListElement":[{"@type":"ListItem","position":1,"name":"Accueil","item":"https:\/\/orthopara.store\/"},{"@type":"ListItem","position":2,"name":"Shop","item":"https:\/\/orthopara.store\/?page_id=622"},{"@type":"ListItem","position":3,"name":"Baume r\u00e9g\u00e9n\u00e9rant comblant &#8211; SVR Cerabiotic &#8211; 50 ml"}]},{"@type":"WebSite","@id":"https:\/\/orthopara.store\/#website","url":"https:\/\/orthopara.store\/","name":"OrthoPara","description":"Parapharmacie","publisher":{"@id":"https:\/\/orthopara.store\/#organization"},"potentialAction":[{"@type":"SearchAction","target":{"@type":"EntryPoint","urlTemplate":"https:\/\/orthopara.store\/?s={search_term_string}"},"query-input":"required name=search_term_string"}],"inLanguage":"fr-FR"},{"@type":"Organization","@id":"https:\/\/orthopara.store\/#organization","name":"OrthoPara","url":"https:\/\/orthopara.store\/","logo":{"@type":"ImageObject","inLanguage":"fr-FR","@id":"https:\/\/orthopara.store\/#\/schema\/logo\/image\/","url":"https:\/\/orthopara.store\/wp-content\/uploads\/2024\/06\/cropped-9ABA8BAD-6256-4719-9315-15C66E64E882.png","contentUrl":"https:\/\/orthopara.store\/wp-content\/uploads\/2024\/06\/cropped-9ABA8BAD-6256-4719-9315-15C66E64E882.png","width":240,"height":72,"caption":"OrthoPara"},"image":{"@id":"https:\/\/orthopara.store\/#\/schema\/logo\/image\/"},"sameAs":["https:\/\/www.facebook.com\/profile.php?id=61561194315651","https:\/\/www.instagram.com\/orthopara_tunisie\/"]}]}},"jetpack_sharing_enabled":true,"brands":[{"id":43,"name":"SVR","slug":"svr"}],"_links":{"self":[{"href":"https:\/\/orthopara.store\/index.php?rest_route=\/wp\/v2\/product\/728","targetHints":{"allow":["GET"]}}],"collection":[{"href":"https:\/\/orthopara.store\/index.php?rest_route=\/wp\/v2\/product"}],"about":[{"href":"https:\/\/orthopara.store\/index.php?rest_route=\/wp\/v2\/types\/product"}],"replies":[{"embeddable":true,"href":"https:\/\/orthopara.store\/index.php?rest_route=%2Fwp%2Fv2%2Fcomments&post=728"}],"wp:featuredmedia":[{"embeddable":true,"href":"https:\/\/orthopara.store\/index.php?rest_route=\/wp\/v2\/media\/750"}],"wp:attachment":[{"href":"https:\/\/orthopara.store\/index.php?rest_route=%2Fwp%2Fv2%2Fmedia&parent=728"}],"wp:term":[{"taxonomy":"pwb-brand","embeddable":true,"href":"https:\/\/orthopara.store\/index.php?rest_route=%2Fwp%2Fv2%2Fpwb-brand&post=728"},{"taxonomy":"product_cat","embeddable":true,"href":"https:\/\/orthopara.store\/index.php?rest_route=%2Fwp%2Fv2%2Fproduct_cat&post=728"},{"taxonomy":"product_tag","embeddable":true,"href":"https:\/\/orthopara.store\/index.php?rest_route=%2Fwp%2Fv2%2Fproduct_tag&post=728"}],"curies":[{"name":"wp","href":"https:\/\/api.w.org\/{rel}","templated":true}]}}