{"id":731,"date":"2024-06-28T15:49:41","date_gmt":"2024-06-28T13:49:41","guid":{"rendered":"https:\/\/orthopara.store\/?post_type=product&#038;p=731"},"modified":"2024-11-07T10:00:01","modified_gmt":"2024-11-07T09:00:01","slug":"coffret-avene-rituel-special-hydratation-peaux-normales-a-mixtes","status":"publish","type":"product","link":"https:\/\/orthopara.store\/?product=coffret-avene-rituel-special-hydratation-peaux-normales-a-mixtes","title":{"rendered":"Coffret Av\u00e8ne rituel sp\u00e9cial hydratation &#8211; peaux normales \u00e0 mixtes"},"content":{"rendered":"<p>Coffret Av\u00e8ne rituel sp\u00e9cial hydratation &#8211; peaux normales \u00e0 mixtes<br \/>\nToutes les peaux ont besoin d&rsquo;\u00eatre hydrat\u00e9es et l&rsquo;id\u00e9al est de trouver un rituel adapt\u00e9s \u00e0 toutes les besoins de votre peau.\u00a0<br \/>\nCr\u00e8me hydratante &#8211; Av\u00e8ne Hydrance UV &#8211; L\u00e9g\u00e8re &#8211; 40ml\u00a0<br \/>\nUtilisez la Cr\u00e8me Hydratante UV \u2013 L\u00e9g\u00e8re \u00c9mulsion comme base de routine beaut\u00e9 pour peaux sensibles d\u00e9shydrat\u00e9es normales \u00e0 mixtes. Sa texture fine et non grasse d\u00e9salt\u00e8re la peau d\u00e8s l&rsquo;application et lui procure souplesse, douceur et luminosit\u00e9.<br \/>\nHydrat\u00e9e et apais\u00e9e, la peau retrouve toute sa fra\u00eecheur.\u00a0<br \/>\nMode d&rsquo;application :\u00a0<br \/>\n\u00c9talez une perle d&rsquo;Hydrance L\u00e9g\u00e8re sur le bout de vos doigts, d\u00e9posez-la par touches sur le visage et le cou et faites-la p\u00e9n\u00e9trer en lissage du bout de vos doigts.<br \/>\nLotion micellaire &#8211; Av\u00e8ne &#8211; 100ml (offerte)<br \/>\nLa Lotion Micellaire nettoie les particules de pollution, efficace sur le maquillage waterproof et apaise les peaux les plus sensibles en un geste simple et rapide.<br \/>\nMode d&rsquo;application :<br \/>\nAppliquez \u00e0 l&rsquo;aide d&rsquo;un coton sur le visage, les yeux et les l\u00e8vres. La lotion micellaire nettoyante et d\u00e9maquillante ne n\u00e9cessite pas de rin\u00e7age.<br \/>\n+ Pour plus du bien \u00eatre vous trouvez un cache yeux offert pour dormir en tout confort<\/p>\n","protected":false},"excerpt":{"rendered":"<p>Coffret Av\u00e8ne Rituel sp\u00e9cial hydratation<br \/>\n\u00c0 chaque changement de saison, la peau est particuli\u00e8rement d\u00e9shydrat\u00e9e et fatigu\u00e9e. Le premier geste de beaut\u00e9 \u00e0 adopter pour affronter cette situation est l\u2019hydratation.<br \/>\nc&rsquo;est simplement en 2 gestes :\u00a0<br \/>\n1- Nettoyez avec la lotion micellaire\u00a0<br \/>\n2- Hydratez et prot\u00e9gez votre peau contre les polluants et les UV avec l\u2019Hydrance UV L\u00e9g\u00e8re spf 30<br \/>\nTypes de peau : peaux normales \u00e0 mixtes<br \/>\nOffre sp\u00e9ciale : 1 achet\u00e9 2 offerts\u00a0<br \/>\nContenu du coffret :\u00a0<br \/>\nCr\u00e8me hydratante &#8211; Av\u00e8ne Hydrance UV &#8211; L\u00e9g\u00e8re &#8211; 40ml\u00a0<br \/>\nLotion micellaire &#8211; Av\u00e8ne &#8211; 100ml (offerte)\u00a0<br \/>\nMasque de sommeil (offert)<\/p>\n","protected":false},"featured_media":753,"comment_status":"open","ping_status":"closed","template":"","meta":[],"pwb-brand":[61],"product_cat":[40],"product_tag":[],"class_list":{"0":"post-731","1":"product","2":"type-product","3":"status-publish","4":"has-post-thumbnail","6":"pwb-brand-avene","7":"product_cat-hydratants-peaux-normales-a-mixtes","8":"post","9":"ws-product--style-1","11":"first","12":"instock","13":"shipping-taxable","14":"purchasable","15":"product-type-simple"},"yoast_head":"<!-- This site is optimized with the Yoast SEO plugin v23.0 - https:\/\/yoast.com\/wordpress\/plugins\/seo\/ -->\n<title>Coffret Av\u00e8ne rituel sp\u00e9cial hydratation - peaux normales \u00e0 mixtes - OrthoPara<\/title>\n<meta name=\"robots\" content=\"index, follow, max-snippet:-1, max-image-preview:large, max-video-preview:-1\" \/>\n<link rel=\"canonical\" href=\"https:\/\/orthopara.store\/index.php\/produit\/coffret-avene-rituel-special-hydratation-peaux-normales-a-mixtes\/\" \/>\n<meta property=\"og:locale\" content=\"fr_FR\" \/>\n<meta property=\"og:type\" content=\"article\" \/>\n<meta property=\"og:title\" content=\"Coffret Av\u00e8ne rituel sp\u00e9cial hydratation - peaux normales \u00e0 mixtes - OrthoPara\" \/>\n<meta property=\"og:description\" content=\"Coffret Av\u00e8ne Rituel sp\u00e9cial hydratation \u00c0 chaque changement de saison, la peau est particuli\u00e8rement d\u00e9shydrat\u00e9e et fatigu\u00e9e. Le premier geste de beaut\u00e9 \u00e0 adopter pour affronter cette situation est l\u2019hydratation. c&#039;est simplement en 2 gestes :\u00a0 1- Nettoyez avec la lotion micellaire\u00a0 2- Hydratez et prot\u00e9gez votre peau contre les polluants et les UV avec l\u2019Hydrance UV L\u00e9g\u00e8re spf 30 Types de peau : peaux normales \u00e0 mixtes Offre sp\u00e9ciale : 1 achet\u00e9 2 offerts\u00a0 Contenu du coffret :\u00a0 Cr\u00e8me hydratante - Av\u00e8ne Hydrance UV - L\u00e9g\u00e8re - 40ml\u00a0 Lotion micellaire - Av\u00e8ne - 100ml (offerte)\u00a0 Masque de sommeil (offert)\" \/>\n<meta property=\"og:url\" content=\"https:\/\/orthopara.store\/index.php\/produit\/coffret-avene-rituel-special-hydratation-peaux-normales-a-mixtes\/\" \/>\n<meta property=\"og:site_name\" content=\"OrthoPara\" \/>\n<meta property=\"article:publisher\" content=\"https:\/\/www.facebook.com\/profile.php?id=61561194315651\" \/>\n<meta property=\"article:modified_time\" content=\"2024-11-07T09:00:01+00:00\" \/>\n<meta property=\"og:image\" content=\"https:\/\/orthopara.store\/wp-content\/uploads\/2024\/06\/coffret-avene-rituel-special-hydratation-peaux-normales-a-mixtes.jpg\" \/>\n\t<meta property=\"og:image:width\" content=\"800\" \/>\n\t<meta property=\"og:image:height\" content=\"800\" \/>\n\t<meta property=\"og:image:type\" content=\"image\/jpeg\" \/>\n<meta name=\"twitter:card\" content=\"summary_large_image\" \/>\n<meta name=\"twitter:label1\" content=\"Dur\u00e9e de lecture estim\u00e9e\" \/>\n\t<meta name=\"twitter:data1\" content=\"1 minute\" \/>\n<script type=\"application\/ld+json\" class=\"yoast-schema-graph\">{\"@context\":\"https:\/\/schema.org\",\"@graph\":[{\"@type\":\"WebPage\",\"@id\":\"https:\/\/orthopara.store\/index.php\/produit\/coffret-avene-rituel-special-hydratation-peaux-normales-a-mixtes\/\",\"url\":\"https:\/\/orthopara.store\/index.php\/produit\/coffret-avene-rituel-special-hydratation-peaux-normales-a-mixtes\/\",\"name\":\"Coffret Av\u00e8ne rituel sp\u00e9cial hydratation - peaux normales \u00e0 mixtes - OrthoPara\",\"isPartOf\":{\"@id\":\"https:\/\/orthopara.store\/#website\"},\"primaryImageOfPage\":{\"@id\":\"https:\/\/orthopara.store\/index.php\/produit\/coffret-avene-rituel-special-hydratation-peaux-normales-a-mixtes\/#primaryimage\"},\"image\":{\"@id\":\"https:\/\/orthopara.store\/index.php\/produit\/coffret-avene-rituel-special-hydratation-peaux-normales-a-mixtes\/#primaryimage\"},\"thumbnailUrl\":\"https:\/\/orthopara.store\/wp-content\/uploads\/2024\/06\/coffret-avene-rituel-special-hydratation-peaux-normales-a-mixtes.jpg\",\"datePublished\":\"2024-06-28T13:49:41+00:00\",\"dateModified\":\"2024-11-07T09:00:01+00:00\",\"breadcrumb\":{\"@id\":\"https:\/\/orthopara.store\/index.php\/produit\/coffret-avene-rituel-special-hydratation-peaux-normales-a-mixtes\/#breadcrumb\"},\"inLanguage\":\"fr-FR\",\"potentialAction\":[{\"@type\":\"ReadAction\",\"target\":[\"https:\/\/orthopara.store\/index.php\/produit\/coffret-avene-rituel-special-hydratation-peaux-normales-a-mixtes\/\"]}]},{\"@type\":\"ImageObject\",\"inLanguage\":\"fr-FR\",\"@id\":\"https:\/\/orthopara.store\/index.php\/produit\/coffret-avene-rituel-special-hydratation-peaux-normales-a-mixtes\/#primaryimage\",\"url\":\"https:\/\/orthopara.store\/wp-content\/uploads\/2024\/06\/coffret-avene-rituel-special-hydratation-peaux-normales-a-mixtes.jpg\",\"contentUrl\":\"https:\/\/orthopara.store\/wp-content\/uploads\/2024\/06\/coffret-avene-rituel-special-hydratation-peaux-normales-a-mixtes.jpg\",\"width\":800,\"height\":800},{\"@type\":\"BreadcrumbList\",\"@id\":\"https:\/\/orthopara.store\/index.php\/produit\/coffret-avene-rituel-special-hydratation-peaux-normales-a-mixtes\/#breadcrumb\",\"itemListElement\":[{\"@type\":\"ListItem\",\"position\":1,\"name\":\"Accueil\",\"item\":\"https:\/\/orthopara.store\/\"},{\"@type\":\"ListItem\",\"position\":2,\"name\":\"Shop\",\"item\":\"https:\/\/orthopara.store\/?page_id=622\"},{\"@type\":\"ListItem\",\"position\":3,\"name\":\"Coffret Av\u00e8ne rituel sp\u00e9cial hydratation &#8211; peaux normales \u00e0 mixtes\"}]},{\"@type\":\"WebSite\",\"@id\":\"https:\/\/orthopara.store\/#website\",\"url\":\"https:\/\/orthopara.store\/\",\"name\":\"OrthoPara\",\"description\":\"Parapharmacie\",\"publisher\":{\"@id\":\"https:\/\/orthopara.store\/#organization\"},\"potentialAction\":[{\"@type\":\"SearchAction\",\"target\":{\"@type\":\"EntryPoint\",\"urlTemplate\":\"https:\/\/orthopara.store\/?s={search_term_string}\"},\"query-input\":\"required name=search_term_string\"}],\"inLanguage\":\"fr-FR\"},{\"@type\":\"Organization\",\"@id\":\"https:\/\/orthopara.store\/#organization\",\"name\":\"OrthoPara\",\"url\":\"https:\/\/orthopara.store\/\",\"logo\":{\"@type\":\"ImageObject\",\"inLanguage\":\"fr-FR\",\"@id\":\"https:\/\/orthopara.store\/#\/schema\/logo\/image\/\",\"url\":\"https:\/\/orthopara.store\/wp-content\/uploads\/2024\/06\/cropped-9ABA8BAD-6256-4719-9315-15C66E64E882.png\",\"contentUrl\":\"https:\/\/orthopara.store\/wp-content\/uploads\/2024\/06\/cropped-9ABA8BAD-6256-4719-9315-15C66E64E882.png\",\"width\":240,\"height\":72,\"caption\":\"OrthoPara\"},\"image\":{\"@id\":\"https:\/\/orthopara.store\/#\/schema\/logo\/image\/\"},\"sameAs\":[\"https:\/\/www.facebook.com\/profile.php?id=61561194315651\",\"https:\/\/www.instagram.com\/orthopara_tunisie\/\"]}]}<\/script>\n<!-- \/ Yoast SEO plugin. -->","yoast_head_json":{"title":"Coffret Av\u00e8ne rituel sp\u00e9cial hydratation - peaux normales \u00e0 mixtes - OrthoPara","robots":{"index":"index","follow":"follow","max-snippet":"max-snippet:-1","max-image-preview":"max-image-preview:large","max-video-preview":"max-video-preview:-1"},"canonical":"https:\/\/orthopara.store\/index.php\/produit\/coffret-avene-rituel-special-hydratation-peaux-normales-a-mixtes\/","og_locale":"fr_FR","og_type":"article","og_title":"Coffret Av\u00e8ne rituel sp\u00e9cial hydratation - peaux normales \u00e0 mixtes - OrthoPara","og_description":"Coffret Av\u00e8ne Rituel sp\u00e9cial hydratation \u00c0 chaque changement de saison, la peau est particuli\u00e8rement d\u00e9shydrat\u00e9e et fatigu\u00e9e. Le premier geste de beaut\u00e9 \u00e0 adopter pour affronter cette situation est l\u2019hydratation. c'est simplement en 2 gestes :\u00a0 1- Nettoyez avec la lotion micellaire\u00a0 2- Hydratez et prot\u00e9gez votre peau contre les polluants et les UV avec l\u2019Hydrance UV L\u00e9g\u00e8re spf 30 Types de peau : peaux normales \u00e0 mixtes Offre sp\u00e9ciale : 1 achet\u00e9 2 offerts\u00a0 Contenu du coffret :\u00a0 Cr\u00e8me hydratante - Av\u00e8ne Hydrance UV - L\u00e9g\u00e8re - 40ml\u00a0 Lotion micellaire - Av\u00e8ne - 100ml (offerte)\u00a0 Masque de sommeil (offert)","og_url":"https:\/\/orthopara.store\/index.php\/produit\/coffret-avene-rituel-special-hydratation-peaux-normales-a-mixtes\/","og_site_name":"OrthoPara","article_publisher":"https:\/\/www.facebook.com\/profile.php?id=61561194315651","article_modified_time":"2024-11-07T09:00:01+00:00","og_image":[{"width":800,"height":800,"url":"https:\/\/orthopara.store\/wp-content\/uploads\/2024\/06\/coffret-avene-rituel-special-hydratation-peaux-normales-a-mixtes.jpg","type":"image\/jpeg"}],"twitter_card":"summary_large_image","twitter_misc":{"Dur\u00e9e de lecture estim\u00e9e":"1 minute"},"schema":{"@context":"https:\/\/schema.org","@graph":[{"@type":"WebPage","@id":"https:\/\/orthopara.store\/index.php\/produit\/coffret-avene-rituel-special-hydratation-peaux-normales-a-mixtes\/","url":"https:\/\/orthopara.store\/index.php\/produit\/coffret-avene-rituel-special-hydratation-peaux-normales-a-mixtes\/","name":"Coffret Av\u00e8ne rituel sp\u00e9cial hydratation - peaux normales \u00e0 mixtes - OrthoPara","isPartOf":{"@id":"https:\/\/orthopara.store\/#website"},"primaryImageOfPage":{"@id":"https:\/\/orthopara.store\/index.php\/produit\/coffret-avene-rituel-special-hydratation-peaux-normales-a-mixtes\/#primaryimage"},"image":{"@id":"https:\/\/orthopara.store\/index.php\/produit\/coffret-avene-rituel-special-hydratation-peaux-normales-a-mixtes\/#primaryimage"},"thumbnailUrl":"https:\/\/orthopara.store\/wp-content\/uploads\/2024\/06\/coffret-avene-rituel-special-hydratation-peaux-normales-a-mixtes.jpg","datePublished":"2024-06-28T13:49:41+00:00","dateModified":"2024-11-07T09:00:01+00:00","breadcrumb":{"@id":"https:\/\/orthopara.store\/index.php\/produit\/coffret-avene-rituel-special-hydratation-peaux-normales-a-mixtes\/#breadcrumb"},"inLanguage":"fr-FR","potentialAction":[{"@type":"ReadAction","target":["https:\/\/orthopara.store\/index.php\/produit\/coffret-avene-rituel-special-hydratation-peaux-normales-a-mixtes\/"]}]},{"@type":"ImageObject","inLanguage":"fr-FR","@id":"https:\/\/orthopara.store\/index.php\/produit\/coffret-avene-rituel-special-hydratation-peaux-normales-a-mixtes\/#primaryimage","url":"https:\/\/orthopara.store\/wp-content\/uploads\/2024\/06\/coffret-avene-rituel-special-hydratation-peaux-normales-a-mixtes.jpg","contentUrl":"https:\/\/orthopara.store\/wp-content\/uploads\/2024\/06\/coffret-avene-rituel-special-hydratation-peaux-normales-a-mixtes.jpg","width":800,"height":800},{"@type":"BreadcrumbList","@id":"https:\/\/orthopara.store\/index.php\/produit\/coffret-avene-rituel-special-hydratation-peaux-normales-a-mixtes\/#breadcrumb","itemListElement":[{"@type":"ListItem","position":1,"name":"Accueil","item":"https:\/\/orthopara.store\/"},{"@type":"ListItem","position":2,"name":"Shop","item":"https:\/\/orthopara.store\/?page_id=622"},{"@type":"ListItem","position":3,"name":"Coffret Av\u00e8ne rituel sp\u00e9cial hydratation &#8211; peaux normales \u00e0 mixtes"}]},{"@type":"WebSite","@id":"https:\/\/orthopara.store\/#website","url":"https:\/\/orthopara.store\/","name":"OrthoPara","description":"Parapharmacie","publisher":{"@id":"https:\/\/orthopara.store\/#organization"},"potentialAction":[{"@type":"SearchAction","target":{"@type":"EntryPoint","urlTemplate":"https:\/\/orthopara.store\/?s={search_term_string}"},"query-input":"required name=search_term_string"}],"inLanguage":"fr-FR"},{"@type":"Organization","@id":"https:\/\/orthopara.store\/#organization","name":"OrthoPara","url":"https:\/\/orthopara.store\/","logo":{"@type":"ImageObject","inLanguage":"fr-FR","@id":"https:\/\/orthopara.store\/#\/schema\/logo\/image\/","url":"https:\/\/orthopara.store\/wp-content\/uploads\/2024\/06\/cropped-9ABA8BAD-6256-4719-9315-15C66E64E882.png","contentUrl":"https:\/\/orthopara.store\/wp-content\/uploads\/2024\/06\/cropped-9ABA8BAD-6256-4719-9315-15C66E64E882.png","width":240,"height":72,"caption":"OrthoPara"},"image":{"@id":"https:\/\/orthopara.store\/#\/schema\/logo\/image\/"},"sameAs":["https:\/\/www.facebook.com\/profile.php?id=61561194315651","https:\/\/www.instagram.com\/orthopara_tunisie\/"]}]}},"jetpack_sharing_enabled":true,"brands":[{"id":61,"name":"Avene","slug":"avene"}],"_links":{"self":[{"href":"https:\/\/orthopara.store\/index.php?rest_route=\/wp\/v2\/product\/731","targetHints":{"allow":["GET"]}}],"collection":[{"href":"https:\/\/orthopara.store\/index.php?rest_route=\/wp\/v2\/product"}],"about":[{"href":"https:\/\/orthopara.store\/index.php?rest_route=\/wp\/v2\/types\/product"}],"replies":[{"embeddable":true,"href":"https:\/\/orthopara.store\/index.php?rest_route=%2Fwp%2Fv2%2Fcomments&post=731"}],"wp:featuredmedia":[{"embeddable":true,"href":"https:\/\/orthopara.store\/index.php?rest_route=\/wp\/v2\/media\/753"}],"wp:attachment":[{"href":"https:\/\/orthopara.store\/index.php?rest_route=%2Fwp%2Fv2%2Fmedia&parent=731"}],"wp:term":[{"taxonomy":"pwb-brand","embeddable":true,"href":"https:\/\/orthopara.store\/index.php?rest_route=%2Fwp%2Fv2%2Fpwb-brand&post=731"},{"taxonomy":"product_cat","embeddable":true,"href":"https:\/\/orthopara.store\/index.php?rest_route=%2Fwp%2Fv2%2Fproduct_cat&post=731"},{"taxonomy":"product_tag","embeddable":true,"href":"https:\/\/orthopara.store\/index.php?rest_route=%2Fwp%2Fv2%2Fproduct_tag&post=731"}],"curies":[{"name":"wp","href":"https:\/\/api.w.org\/{rel}","templated":true}]}}