{"id":732,"date":"2024-06-28T15:49:41","date_gmt":"2024-06-28T13:49:41","guid":{"rendered":"https:\/\/orthopara.store\/?post_type=product&#038;p=732"},"modified":"2024-06-28T15:49:47","modified_gmt":"2024-06-28T13:49:47","slug":"emulsion-hydratante-legere-avene-hydrance-40ml","status":"publish","type":"product","link":"https:\/\/orthopara.store\/?product=emulsion-hydratante-legere-avene-hydrance-40ml","title":{"rendered":"Emulsion hydratante l\u00e9g\u00e8re &#8211; Av\u00e8ne Hydrance &#8211; 40ml"},"content":{"rendered":"<p>Emulsion hydratante l\u00e9g\u00e8re &#8211; Av\u00e8ne Hydrance &#8211; 40ml\u00a0<br \/>\nGr\u00e2ce \u00e0 l&rsquo;action de son complexe hydratant qui assure une diffusion optimale de l&rsquo;Eau thermale d&rsquo;Av\u00e8ne et qui limite son \u00e9vaporation, Hydrance L\u00e9g\u00e8re Emulsion hydrate intens\u00e9ment la peau au quotidien.<br \/>\nSa texture fine et non grasse d\u00e9salt\u00e8re la peau d\u00e8s l&rsquo;application et lui procure souplesse, douceur et luminosit\u00e9.<br \/>\nHydrat\u00e9e et apais\u00e9e, la peau retrouve toute sa fra\u00eecheur.<br \/>\nIndications :\u00a0<br \/>\nHydrance L\u00e9g\u00e8re Emulsion est particuli\u00e8rement indiqu\u00e9e pour les peaux sensibles normales \u00e0 mixtes.<br \/>\nConseils d&rsquo;utilisation :<br \/>\nAppliquer matin et soir, sur le visage, cou et d\u00e9collet\u00e9\u00a0<\/p>\n","protected":false},"excerpt":{"rendered":"<p>Av\u00e8ne Hydrance l\u00e9g\u00e8re\u00a0<br \/>\nEmulsion hydratante &#8211; l\u00e9g\u00e8re\u00a0<\/p>\n<p>Une diffusion optimale d&rsquo;Eau thermale d&rsquo;Av\u00e8ne pour une peau intens\u00e9ment hydrat\u00e9e. Sa texture fine et non grasse d\u00e9salt\u00e8re la peau d\u00e8s l&rsquo;application et lui procure souplesse, douceur et luminosit\u00e9.<\/p>\n<p>Type de peau : Peaux sensibles &#8211; normales \u00e0 mixtes\u00a0<br \/>\nContenance : 40ml\u00a0<br \/>\nDLC : 05\/2025<\/p>\n","protected":false},"featured_media":754,"comment_status":"open","ping_status":"closed","template":"","meta":[],"pwb-brand":[61],"product_cat":[40],"product_tag":[],"class_list":{"0":"post-732","1":"product","2":"type-product","3":"status-publish","4":"has-post-thumbnail","6":"pwb-brand-avene","7":"product_cat-hydratants-peaux-normales-a-mixtes","8":"post","9":"ws-product--style-1","11":"first","12":"instock","13":"shipping-taxable","14":"purchasable","15":"product-type-simple"},"yoast_head":"<!-- This site is optimized with the Yoast SEO plugin v23.0 - https:\/\/yoast.com\/wordpress\/plugins\/seo\/ -->\n<title>Emulsion hydratante l\u00e9g\u00e8re - Av\u00e8ne Hydrance - 40ml - OrthoPara<\/title>\n<meta name=\"robots\" content=\"index, follow, max-snippet:-1, max-image-preview:large, max-video-preview:-1\" \/>\n<link rel=\"canonical\" href=\"https:\/\/orthopara.store\/index.php\/produit\/emulsion-hydratante-legere-avene-hydrance-40ml\/\" \/>\n<meta property=\"og:locale\" content=\"fr_FR\" \/>\n<meta property=\"og:type\" content=\"article\" \/>\n<meta property=\"og:title\" content=\"Emulsion hydratante l\u00e9g\u00e8re - Av\u00e8ne Hydrance - 40ml - OrthoPara\" \/>\n<meta property=\"og:description\" content=\"Av\u00e8ne Hydrance l\u00e9g\u00e8re\u00a0 Emulsion hydratante - l\u00e9g\u00e8re\u00a0 Une diffusion optimale d&#039;Eau thermale d&#039;Av\u00e8ne pour une peau intens\u00e9ment hydrat\u00e9e. Sa texture fine et non grasse d\u00e9salt\u00e8re la peau d\u00e8s l&#039;application et lui procure souplesse, douceur et luminosit\u00e9. Type de peau : Peaux sensibles - normales \u00e0 mixtes\u00a0 Contenance : 40ml\u00a0 DLC : 05\/2025\" \/>\n<meta property=\"og:url\" content=\"https:\/\/orthopara.store\/index.php\/produit\/emulsion-hydratante-legere-avene-hydrance-40ml\/\" \/>\n<meta property=\"og:site_name\" content=\"OrthoPara\" \/>\n<meta property=\"article:publisher\" content=\"https:\/\/www.facebook.com\/profile.php?id=61561194315651\" \/>\n<meta property=\"article:modified_time\" content=\"2024-06-28T13:49:47+00:00\" \/>\n<meta property=\"og:image\" content=\"https:\/\/orthopara.store\/wp-content\/uploads\/2024\/06\/emulsion-hydratante-legere-avene-hydrance-40ml-.jpg\" \/>\n\t<meta property=\"og:image:width\" content=\"800\" \/>\n\t<meta property=\"og:image:height\" content=\"800\" \/>\n\t<meta property=\"og:image:type\" content=\"image\/jpeg\" \/>\n<meta name=\"twitter:card\" content=\"summary_large_image\" \/>\n<meta name=\"twitter:label1\" content=\"Dur\u00e9e de lecture estim\u00e9e\" \/>\n\t<meta name=\"twitter:data1\" content=\"1 minute\" \/>\n<script type=\"application\/ld+json\" class=\"yoast-schema-graph\">{\"@context\":\"https:\/\/schema.org\",\"@graph\":[{\"@type\":\"WebPage\",\"@id\":\"https:\/\/orthopara.store\/index.php\/produit\/emulsion-hydratante-legere-avene-hydrance-40ml\/\",\"url\":\"https:\/\/orthopara.store\/index.php\/produit\/emulsion-hydratante-legere-avene-hydrance-40ml\/\",\"name\":\"Emulsion hydratante l\u00e9g\u00e8re - Av\u00e8ne Hydrance - 40ml - OrthoPara\",\"isPartOf\":{\"@id\":\"https:\/\/orthopara.store\/#website\"},\"primaryImageOfPage\":{\"@id\":\"https:\/\/orthopara.store\/index.php\/produit\/emulsion-hydratante-legere-avene-hydrance-40ml\/#primaryimage\"},\"image\":{\"@id\":\"https:\/\/orthopara.store\/index.php\/produit\/emulsion-hydratante-legere-avene-hydrance-40ml\/#primaryimage\"},\"thumbnailUrl\":\"https:\/\/orthopara.store\/wp-content\/uploads\/2024\/06\/emulsion-hydratante-legere-avene-hydrance-40ml-.jpg\",\"datePublished\":\"2024-06-28T13:49:41+00:00\",\"dateModified\":\"2024-06-28T13:49:47+00:00\",\"breadcrumb\":{\"@id\":\"https:\/\/orthopara.store\/index.php\/produit\/emulsion-hydratante-legere-avene-hydrance-40ml\/#breadcrumb\"},\"inLanguage\":\"fr-FR\",\"potentialAction\":[{\"@type\":\"ReadAction\",\"target\":[\"https:\/\/orthopara.store\/index.php\/produit\/emulsion-hydratante-legere-avene-hydrance-40ml\/\"]}]},{\"@type\":\"ImageObject\",\"inLanguage\":\"fr-FR\",\"@id\":\"https:\/\/orthopara.store\/index.php\/produit\/emulsion-hydratante-legere-avene-hydrance-40ml\/#primaryimage\",\"url\":\"https:\/\/orthopara.store\/wp-content\/uploads\/2024\/06\/emulsion-hydratante-legere-avene-hydrance-40ml-.jpg\",\"contentUrl\":\"https:\/\/orthopara.store\/wp-content\/uploads\/2024\/06\/emulsion-hydratante-legere-avene-hydrance-40ml-.jpg\",\"width\":800,\"height\":800},{\"@type\":\"BreadcrumbList\",\"@id\":\"https:\/\/orthopara.store\/index.php\/produit\/emulsion-hydratante-legere-avene-hydrance-40ml\/#breadcrumb\",\"itemListElement\":[{\"@type\":\"ListItem\",\"position\":1,\"name\":\"Accueil\",\"item\":\"https:\/\/orthopara.store\/\"},{\"@type\":\"ListItem\",\"position\":2,\"name\":\"Shop\",\"item\":\"https:\/\/orthopara.store\/?page_id=622\"},{\"@type\":\"ListItem\",\"position\":3,\"name\":\"Emulsion hydratante l\u00e9g\u00e8re &#8211; Av\u00e8ne Hydrance &#8211; 40ml\"}]},{\"@type\":\"WebSite\",\"@id\":\"https:\/\/orthopara.store\/#website\",\"url\":\"https:\/\/orthopara.store\/\",\"name\":\"OrthoPara\",\"description\":\"Parapharmacie\",\"publisher\":{\"@id\":\"https:\/\/orthopara.store\/#organization\"},\"potentialAction\":[{\"@type\":\"SearchAction\",\"target\":{\"@type\":\"EntryPoint\",\"urlTemplate\":\"https:\/\/orthopara.store\/?s={search_term_string}\"},\"query-input\":\"required name=search_term_string\"}],\"inLanguage\":\"fr-FR\"},{\"@type\":\"Organization\",\"@id\":\"https:\/\/orthopara.store\/#organization\",\"name\":\"OrthoPara\",\"url\":\"https:\/\/orthopara.store\/\",\"logo\":{\"@type\":\"ImageObject\",\"inLanguage\":\"fr-FR\",\"@id\":\"https:\/\/orthopara.store\/#\/schema\/logo\/image\/\",\"url\":\"https:\/\/orthopara.store\/wp-content\/uploads\/2024\/06\/cropped-9ABA8BAD-6256-4719-9315-15C66E64E882.png\",\"contentUrl\":\"https:\/\/orthopara.store\/wp-content\/uploads\/2024\/06\/cropped-9ABA8BAD-6256-4719-9315-15C66E64E882.png\",\"width\":240,\"height\":72,\"caption\":\"OrthoPara\"},\"image\":{\"@id\":\"https:\/\/orthopara.store\/#\/schema\/logo\/image\/\"},\"sameAs\":[\"https:\/\/www.facebook.com\/profile.php?id=61561194315651\",\"https:\/\/www.instagram.com\/orthopara_tunisie\/\"]}]}<\/script>\n<!-- \/ Yoast SEO plugin. -->","yoast_head_json":{"title":"Emulsion hydratante l\u00e9g\u00e8re - Av\u00e8ne Hydrance - 40ml - OrthoPara","robots":{"index":"index","follow":"follow","max-snippet":"max-snippet:-1","max-image-preview":"max-image-preview:large","max-video-preview":"max-video-preview:-1"},"canonical":"https:\/\/orthopara.store\/index.php\/produit\/emulsion-hydratante-legere-avene-hydrance-40ml\/","og_locale":"fr_FR","og_type":"article","og_title":"Emulsion hydratante l\u00e9g\u00e8re - Av\u00e8ne Hydrance - 40ml - OrthoPara","og_description":"Av\u00e8ne Hydrance l\u00e9g\u00e8re\u00a0 Emulsion hydratante - l\u00e9g\u00e8re\u00a0 Une diffusion optimale d'Eau thermale d'Av\u00e8ne pour une peau intens\u00e9ment hydrat\u00e9e. Sa texture fine et non grasse d\u00e9salt\u00e8re la peau d\u00e8s l'application et lui procure souplesse, douceur et luminosit\u00e9. Type de peau : Peaux sensibles - normales \u00e0 mixtes\u00a0 Contenance : 40ml\u00a0 DLC : 05\/2025","og_url":"https:\/\/orthopara.store\/index.php\/produit\/emulsion-hydratante-legere-avene-hydrance-40ml\/","og_site_name":"OrthoPara","article_publisher":"https:\/\/www.facebook.com\/profile.php?id=61561194315651","article_modified_time":"2024-06-28T13:49:47+00:00","og_image":[{"width":800,"height":800,"url":"https:\/\/orthopara.store\/wp-content\/uploads\/2024\/06\/emulsion-hydratante-legere-avene-hydrance-40ml-.jpg","type":"image\/jpeg"}],"twitter_card":"summary_large_image","twitter_misc":{"Dur\u00e9e de lecture estim\u00e9e":"1 minute"},"schema":{"@context":"https:\/\/schema.org","@graph":[{"@type":"WebPage","@id":"https:\/\/orthopara.store\/index.php\/produit\/emulsion-hydratante-legere-avene-hydrance-40ml\/","url":"https:\/\/orthopara.store\/index.php\/produit\/emulsion-hydratante-legere-avene-hydrance-40ml\/","name":"Emulsion hydratante l\u00e9g\u00e8re - Av\u00e8ne Hydrance - 40ml - OrthoPara","isPartOf":{"@id":"https:\/\/orthopara.store\/#website"},"primaryImageOfPage":{"@id":"https:\/\/orthopara.store\/index.php\/produit\/emulsion-hydratante-legere-avene-hydrance-40ml\/#primaryimage"},"image":{"@id":"https:\/\/orthopara.store\/index.php\/produit\/emulsion-hydratante-legere-avene-hydrance-40ml\/#primaryimage"},"thumbnailUrl":"https:\/\/orthopara.store\/wp-content\/uploads\/2024\/06\/emulsion-hydratante-legere-avene-hydrance-40ml-.jpg","datePublished":"2024-06-28T13:49:41+00:00","dateModified":"2024-06-28T13:49:47+00:00","breadcrumb":{"@id":"https:\/\/orthopara.store\/index.php\/produit\/emulsion-hydratante-legere-avene-hydrance-40ml\/#breadcrumb"},"inLanguage":"fr-FR","potentialAction":[{"@type":"ReadAction","target":["https:\/\/orthopara.store\/index.php\/produit\/emulsion-hydratante-legere-avene-hydrance-40ml\/"]}]},{"@type":"ImageObject","inLanguage":"fr-FR","@id":"https:\/\/orthopara.store\/index.php\/produit\/emulsion-hydratante-legere-avene-hydrance-40ml\/#primaryimage","url":"https:\/\/orthopara.store\/wp-content\/uploads\/2024\/06\/emulsion-hydratante-legere-avene-hydrance-40ml-.jpg","contentUrl":"https:\/\/orthopara.store\/wp-content\/uploads\/2024\/06\/emulsion-hydratante-legere-avene-hydrance-40ml-.jpg","width":800,"height":800},{"@type":"BreadcrumbList","@id":"https:\/\/orthopara.store\/index.php\/produit\/emulsion-hydratante-legere-avene-hydrance-40ml\/#breadcrumb","itemListElement":[{"@type":"ListItem","position":1,"name":"Accueil","item":"https:\/\/orthopara.store\/"},{"@type":"ListItem","position":2,"name":"Shop","item":"https:\/\/orthopara.store\/?page_id=622"},{"@type":"ListItem","position":3,"name":"Emulsion hydratante l\u00e9g\u00e8re &#8211; Av\u00e8ne Hydrance &#8211; 40ml"}]},{"@type":"WebSite","@id":"https:\/\/orthopara.store\/#website","url":"https:\/\/orthopara.store\/","name":"OrthoPara","description":"Parapharmacie","publisher":{"@id":"https:\/\/orthopara.store\/#organization"},"potentialAction":[{"@type":"SearchAction","target":{"@type":"EntryPoint","urlTemplate":"https:\/\/orthopara.store\/?s={search_term_string}"},"query-input":"required name=search_term_string"}],"inLanguage":"fr-FR"},{"@type":"Organization","@id":"https:\/\/orthopara.store\/#organization","name":"OrthoPara","url":"https:\/\/orthopara.store\/","logo":{"@type":"ImageObject","inLanguage":"fr-FR","@id":"https:\/\/orthopara.store\/#\/schema\/logo\/image\/","url":"https:\/\/orthopara.store\/wp-content\/uploads\/2024\/06\/cropped-9ABA8BAD-6256-4719-9315-15C66E64E882.png","contentUrl":"https:\/\/orthopara.store\/wp-content\/uploads\/2024\/06\/cropped-9ABA8BAD-6256-4719-9315-15C66E64E882.png","width":240,"height":72,"caption":"OrthoPara"},"image":{"@id":"https:\/\/orthopara.store\/#\/schema\/logo\/image\/"},"sameAs":["https:\/\/www.facebook.com\/profile.php?id=61561194315651","https:\/\/www.instagram.com\/orthopara_tunisie\/"]}]}},"jetpack_sharing_enabled":true,"brands":[{"id":61,"name":"Avene","slug":"avene"}],"_links":{"self":[{"href":"https:\/\/orthopara.store\/index.php?rest_route=\/wp\/v2\/product\/732","targetHints":{"allow":["GET"]}}],"collection":[{"href":"https:\/\/orthopara.store\/index.php?rest_route=\/wp\/v2\/product"}],"about":[{"href":"https:\/\/orthopara.store\/index.php?rest_route=\/wp\/v2\/types\/product"}],"replies":[{"embeddable":true,"href":"https:\/\/orthopara.store\/index.php?rest_route=%2Fwp%2Fv2%2Fcomments&post=732"}],"wp:featuredmedia":[{"embeddable":true,"href":"https:\/\/orthopara.store\/index.php?rest_route=\/wp\/v2\/media\/754"}],"wp:attachment":[{"href":"https:\/\/orthopara.store\/index.php?rest_route=%2Fwp%2Fv2%2Fmedia&parent=732"}],"wp:term":[{"taxonomy":"pwb-brand","embeddable":true,"href":"https:\/\/orthopara.store\/index.php?rest_route=%2Fwp%2Fv2%2Fpwb-brand&post=732"},{"taxonomy":"product_cat","embeddable":true,"href":"https:\/\/orthopara.store\/index.php?rest_route=%2Fwp%2Fv2%2Fproduct_cat&post=732"},{"taxonomy":"product_tag","embeddable":true,"href":"https:\/\/orthopara.store\/index.php?rest_route=%2Fwp%2Fv2%2Fproduct_tag&post=732"}],"curies":[{"name":"wp","href":"https:\/\/api.w.org\/{rel}","templated":true}]}}