{"id":735,"date":"2024-06-28T15:49:42","date_gmt":"2024-06-28T13:49:42","guid":{"rendered":"https:\/\/orthopara.store\/?post_type=product&#038;p=735"},"modified":"2024-06-28T15:49:48","modified_gmt":"2024-06-28T13:49:48","slug":"pack-duo-svr-hydraliane-creme-legere-physiopure-gelee-moussante-offerte","status":"publish","type":"product","link":"https:\/\/orthopara.store\/?product=pack-duo-svr-hydraliane-creme-legere-physiopure-gelee-moussante-offerte","title":{"rendered":"Pack duo SVR Hydraliane Cr\u00e8me L\u00e9g\u00e8re + Physiopure gel\u00e9e moussante (offerte)"},"content":{"rendered":"<p>Pack duo SVR Hydraliane Cr\u00e8me L\u00e9g\u00e8re + Physiopure gel\u00e9e moussante (offerte)<br \/>\nVous avez une peau sensibles, normales \u00e0 mixte &#038; tiraill\u00e9es, ce pack duo constitue le programme d&rsquo;hydratation intense pour une peau fra\u00eeche et ressourc\u00e9e\u00a0<\/p>\n<p>SVR Hydraliane Cr\u00e8me L\u00e9g\u00e8re 40ML<\/p>\n<p>La cr\u00e8me hydratante intense hydraliane l\u00e9g\u00e8re de SVR est d\u00e9di\u00e9e aux peaux normales \u00e0 mixtes. Cette \u00e9mulsion nuage fond sur la peau et s\u2019en \u00e9prend illico.<br \/>\nHydraliane L\u00e9g\u00e8re est enrichie en Eau Physio-Adapt\u00e9e, une eau reconstitu\u00e9e en laboratoire qui imite les facteurs d\u2019hydratation de la peau pour la d\u00e9salt\u00e9rer intens\u00e9ment.\u00a0<\/p>\n<p>SVR Physiopure gel\u00e9e moussante soin Nettoyant 55 ml<\/p>\n<p>Physiopure Gel\u00e9e moussante\u00a0s\u2019adresse aux femmes en qu\u00eate de puret\u00e9 qui pr\u00e9f\u00e8rent le nettoyage \u00e0 l\u2019eau. Extra l\u00e9g\u00e8re, cette d\u00e9licieuse gel\u00e9e se transforme en une\u00a0mousse onctueuse\u00a0et abondante pour un nettoyage haute sensorialit\u00e9, au rin\u00e7age facile.<\/p>\n","protected":false},"excerpt":{"rendered":"<p>Pack duo SVR 1 achet\u00e9 1 offert<br \/>\nHydaratation intense peaux normales \u00e0 mixtes<\/p>\n<p>Ce pack contient :<br \/>\nSVR Hydraliane Cr\u00e8me L\u00e9g\u00e8re 40ML<br \/>\nSVR Physiopure gel\u00e9e moussante soin Nettoyant 55 ml (offerte)<\/p>\n","protected":false},"featured_media":757,"comment_status":"open","ping_status":"closed","template":"","meta":[],"pwb-brand":[43],"product_cat":[40],"product_tag":[],"class_list":{"0":"post-735","1":"product","2":"type-product","3":"status-publish","4":"has-post-thumbnail","6":"pwb-brand-svr","7":"product_cat-hydratants-peaux-normales-a-mixtes","8":"post","9":"ws-product--style-1","11":"first","12":"instock","13":"shipping-taxable","14":"purchasable","15":"product-type-simple"},"yoast_head":"<!-- This site is optimized with the Yoast SEO plugin v23.0 - https:\/\/yoast.com\/wordpress\/plugins\/seo\/ -->\n<title>Pack duo SVR Hydraliane Cr\u00e8me L\u00e9g\u00e8re + Physiopure gel\u00e9e moussante (offerte) - OrthoPara<\/title>\n<meta name=\"robots\" content=\"index, follow, max-snippet:-1, max-image-preview:large, max-video-preview:-1\" \/>\n<link rel=\"canonical\" href=\"https:\/\/orthopara.store\/index.php\/produit\/pack-duo-svr-hydraliane-creme-legere-physiopure-gelee-moussante-offerte\/\" \/>\n<meta property=\"og:locale\" content=\"fr_FR\" \/>\n<meta property=\"og:type\" content=\"article\" \/>\n<meta property=\"og:title\" content=\"Pack duo SVR Hydraliane Cr\u00e8me L\u00e9g\u00e8re + Physiopure gel\u00e9e moussante (offerte) - OrthoPara\" \/>\n<meta property=\"og:description\" content=\"Pack duo SVR 1 achet\u00e9 1 offert Hydaratation intense peaux normales \u00e0 mixtes Ce pack contient : SVR Hydraliane Cr\u00e8me L\u00e9g\u00e8re 40ML SVR Physiopure gel\u00e9e moussante soin Nettoyant 55 ml (offerte)\" \/>\n<meta property=\"og:url\" content=\"https:\/\/orthopara.store\/index.php\/produit\/pack-duo-svr-hydraliane-creme-legere-physiopure-gelee-moussante-offerte\/\" \/>\n<meta property=\"og:site_name\" content=\"OrthoPara\" \/>\n<meta property=\"article:publisher\" content=\"https:\/\/www.facebook.com\/profile.php?id=61561194315651\" \/>\n<meta property=\"article:modified_time\" content=\"2024-06-28T13:49:48+00:00\" \/>\n<meta property=\"og:image\" content=\"https:\/\/orthopara.store\/wp-content\/uploads\/2024\/06\/pack-duo-svr-hydraliane-creme-legere-physiopure-gelee-moussante-offert.jpg\" \/>\n\t<meta property=\"og:image:width\" content=\"800\" \/>\n\t<meta property=\"og:image:height\" content=\"800\" \/>\n\t<meta property=\"og:image:type\" content=\"image\/jpeg\" \/>\n<meta name=\"twitter:card\" content=\"summary_large_image\" \/>\n<meta name=\"twitter:label1\" content=\"Dur\u00e9e de lecture estim\u00e9e\" \/>\n\t<meta name=\"twitter:data1\" content=\"1 minute\" \/>\n<script type=\"application\/ld+json\" class=\"yoast-schema-graph\">{\"@context\":\"https:\/\/schema.org\",\"@graph\":[{\"@type\":\"WebPage\",\"@id\":\"https:\/\/orthopara.store\/index.php\/produit\/pack-duo-svr-hydraliane-creme-legere-physiopure-gelee-moussante-offerte\/\",\"url\":\"https:\/\/orthopara.store\/index.php\/produit\/pack-duo-svr-hydraliane-creme-legere-physiopure-gelee-moussante-offerte\/\",\"name\":\"Pack duo SVR Hydraliane Cr\u00e8me L\u00e9g\u00e8re + Physiopure gel\u00e9e moussante (offerte) - OrthoPara\",\"isPartOf\":{\"@id\":\"https:\/\/orthopara.store\/#website\"},\"primaryImageOfPage\":{\"@id\":\"https:\/\/orthopara.store\/index.php\/produit\/pack-duo-svr-hydraliane-creme-legere-physiopure-gelee-moussante-offerte\/#primaryimage\"},\"image\":{\"@id\":\"https:\/\/orthopara.store\/index.php\/produit\/pack-duo-svr-hydraliane-creme-legere-physiopure-gelee-moussante-offerte\/#primaryimage\"},\"thumbnailUrl\":\"https:\/\/orthopara.store\/wp-content\/uploads\/2024\/06\/pack-duo-svr-hydraliane-creme-legere-physiopure-gelee-moussante-offert.jpg\",\"datePublished\":\"2024-06-28T13:49:42+00:00\",\"dateModified\":\"2024-06-28T13:49:48+00:00\",\"breadcrumb\":{\"@id\":\"https:\/\/orthopara.store\/index.php\/produit\/pack-duo-svr-hydraliane-creme-legere-physiopure-gelee-moussante-offerte\/#breadcrumb\"},\"inLanguage\":\"fr-FR\",\"potentialAction\":[{\"@type\":\"ReadAction\",\"target\":[\"https:\/\/orthopara.store\/index.php\/produit\/pack-duo-svr-hydraliane-creme-legere-physiopure-gelee-moussante-offerte\/\"]}]},{\"@type\":\"ImageObject\",\"inLanguage\":\"fr-FR\",\"@id\":\"https:\/\/orthopara.store\/index.php\/produit\/pack-duo-svr-hydraliane-creme-legere-physiopure-gelee-moussante-offerte\/#primaryimage\",\"url\":\"https:\/\/orthopara.store\/wp-content\/uploads\/2024\/06\/pack-duo-svr-hydraliane-creme-legere-physiopure-gelee-moussante-offert.jpg\",\"contentUrl\":\"https:\/\/orthopara.store\/wp-content\/uploads\/2024\/06\/pack-duo-svr-hydraliane-creme-legere-physiopure-gelee-moussante-offert.jpg\",\"width\":800,\"height\":800},{\"@type\":\"BreadcrumbList\",\"@id\":\"https:\/\/orthopara.store\/index.php\/produit\/pack-duo-svr-hydraliane-creme-legere-physiopure-gelee-moussante-offerte\/#breadcrumb\",\"itemListElement\":[{\"@type\":\"ListItem\",\"position\":1,\"name\":\"Accueil\",\"item\":\"https:\/\/orthopara.store\/\"},{\"@type\":\"ListItem\",\"position\":2,\"name\":\"Shop\",\"item\":\"https:\/\/orthopara.store\/?page_id=622\"},{\"@type\":\"ListItem\",\"position\":3,\"name\":\"Pack duo SVR Hydraliane Cr\u00e8me L\u00e9g\u00e8re + Physiopure gel\u00e9e moussante (offerte)\"}]},{\"@type\":\"WebSite\",\"@id\":\"https:\/\/orthopara.store\/#website\",\"url\":\"https:\/\/orthopara.store\/\",\"name\":\"OrthoPara\",\"description\":\"Parapharmacie\",\"publisher\":{\"@id\":\"https:\/\/orthopara.store\/#organization\"},\"potentialAction\":[{\"@type\":\"SearchAction\",\"target\":{\"@type\":\"EntryPoint\",\"urlTemplate\":\"https:\/\/orthopara.store\/?s={search_term_string}\"},\"query-input\":\"required name=search_term_string\"}],\"inLanguage\":\"fr-FR\"},{\"@type\":\"Organization\",\"@id\":\"https:\/\/orthopara.store\/#organization\",\"name\":\"OrthoPara\",\"url\":\"https:\/\/orthopara.store\/\",\"logo\":{\"@type\":\"ImageObject\",\"inLanguage\":\"fr-FR\",\"@id\":\"https:\/\/orthopara.store\/#\/schema\/logo\/image\/\",\"url\":\"https:\/\/orthopara.store\/wp-content\/uploads\/2024\/06\/cropped-9ABA8BAD-6256-4719-9315-15C66E64E882.png\",\"contentUrl\":\"https:\/\/orthopara.store\/wp-content\/uploads\/2024\/06\/cropped-9ABA8BAD-6256-4719-9315-15C66E64E882.png\",\"width\":240,\"height\":72,\"caption\":\"OrthoPara\"},\"image\":{\"@id\":\"https:\/\/orthopara.store\/#\/schema\/logo\/image\/\"},\"sameAs\":[\"https:\/\/www.facebook.com\/profile.php?id=61561194315651\",\"https:\/\/www.instagram.com\/orthopara_tunisie\/\"]}]}<\/script>\n<!-- \/ Yoast SEO plugin. -->","yoast_head_json":{"title":"Pack duo SVR Hydraliane Cr\u00e8me L\u00e9g\u00e8re + Physiopure gel\u00e9e moussante (offerte) - OrthoPara","robots":{"index":"index","follow":"follow","max-snippet":"max-snippet:-1","max-image-preview":"max-image-preview:large","max-video-preview":"max-video-preview:-1"},"canonical":"https:\/\/orthopara.store\/index.php\/produit\/pack-duo-svr-hydraliane-creme-legere-physiopure-gelee-moussante-offerte\/","og_locale":"fr_FR","og_type":"article","og_title":"Pack duo SVR Hydraliane Cr\u00e8me L\u00e9g\u00e8re + Physiopure gel\u00e9e moussante (offerte) - OrthoPara","og_description":"Pack duo SVR 1 achet\u00e9 1 offert Hydaratation intense peaux normales \u00e0 mixtes Ce pack contient : SVR Hydraliane Cr\u00e8me L\u00e9g\u00e8re 40ML SVR Physiopure gel\u00e9e moussante soin Nettoyant 55 ml (offerte)","og_url":"https:\/\/orthopara.store\/index.php\/produit\/pack-duo-svr-hydraliane-creme-legere-physiopure-gelee-moussante-offerte\/","og_site_name":"OrthoPara","article_publisher":"https:\/\/www.facebook.com\/profile.php?id=61561194315651","article_modified_time":"2024-06-28T13:49:48+00:00","og_image":[{"width":800,"height":800,"url":"https:\/\/orthopara.store\/wp-content\/uploads\/2024\/06\/pack-duo-svr-hydraliane-creme-legere-physiopure-gelee-moussante-offert.jpg","type":"image\/jpeg"}],"twitter_card":"summary_large_image","twitter_misc":{"Dur\u00e9e de lecture estim\u00e9e":"1 minute"},"schema":{"@context":"https:\/\/schema.org","@graph":[{"@type":"WebPage","@id":"https:\/\/orthopara.store\/index.php\/produit\/pack-duo-svr-hydraliane-creme-legere-physiopure-gelee-moussante-offerte\/","url":"https:\/\/orthopara.store\/index.php\/produit\/pack-duo-svr-hydraliane-creme-legere-physiopure-gelee-moussante-offerte\/","name":"Pack duo SVR Hydraliane Cr\u00e8me L\u00e9g\u00e8re + Physiopure gel\u00e9e moussante (offerte) - OrthoPara","isPartOf":{"@id":"https:\/\/orthopara.store\/#website"},"primaryImageOfPage":{"@id":"https:\/\/orthopara.store\/index.php\/produit\/pack-duo-svr-hydraliane-creme-legere-physiopure-gelee-moussante-offerte\/#primaryimage"},"image":{"@id":"https:\/\/orthopara.store\/index.php\/produit\/pack-duo-svr-hydraliane-creme-legere-physiopure-gelee-moussante-offerte\/#primaryimage"},"thumbnailUrl":"https:\/\/orthopara.store\/wp-content\/uploads\/2024\/06\/pack-duo-svr-hydraliane-creme-legere-physiopure-gelee-moussante-offert.jpg","datePublished":"2024-06-28T13:49:42+00:00","dateModified":"2024-06-28T13:49:48+00:00","breadcrumb":{"@id":"https:\/\/orthopara.store\/index.php\/produit\/pack-duo-svr-hydraliane-creme-legere-physiopure-gelee-moussante-offerte\/#breadcrumb"},"inLanguage":"fr-FR","potentialAction":[{"@type":"ReadAction","target":["https:\/\/orthopara.store\/index.php\/produit\/pack-duo-svr-hydraliane-creme-legere-physiopure-gelee-moussante-offerte\/"]}]},{"@type":"ImageObject","inLanguage":"fr-FR","@id":"https:\/\/orthopara.store\/index.php\/produit\/pack-duo-svr-hydraliane-creme-legere-physiopure-gelee-moussante-offerte\/#primaryimage","url":"https:\/\/orthopara.store\/wp-content\/uploads\/2024\/06\/pack-duo-svr-hydraliane-creme-legere-physiopure-gelee-moussante-offert.jpg","contentUrl":"https:\/\/orthopara.store\/wp-content\/uploads\/2024\/06\/pack-duo-svr-hydraliane-creme-legere-physiopure-gelee-moussante-offert.jpg","width":800,"height":800},{"@type":"BreadcrumbList","@id":"https:\/\/orthopara.store\/index.php\/produit\/pack-duo-svr-hydraliane-creme-legere-physiopure-gelee-moussante-offerte\/#breadcrumb","itemListElement":[{"@type":"ListItem","position":1,"name":"Accueil","item":"https:\/\/orthopara.store\/"},{"@type":"ListItem","position":2,"name":"Shop","item":"https:\/\/orthopara.store\/?page_id=622"},{"@type":"ListItem","position":3,"name":"Pack duo SVR Hydraliane Cr\u00e8me L\u00e9g\u00e8re + Physiopure gel\u00e9e moussante (offerte)"}]},{"@type":"WebSite","@id":"https:\/\/orthopara.store\/#website","url":"https:\/\/orthopara.store\/","name":"OrthoPara","description":"Parapharmacie","publisher":{"@id":"https:\/\/orthopara.store\/#organization"},"potentialAction":[{"@type":"SearchAction","target":{"@type":"EntryPoint","urlTemplate":"https:\/\/orthopara.store\/?s={search_term_string}"},"query-input":"required name=search_term_string"}],"inLanguage":"fr-FR"},{"@type":"Organization","@id":"https:\/\/orthopara.store\/#organization","name":"OrthoPara","url":"https:\/\/orthopara.store\/","logo":{"@type":"ImageObject","inLanguage":"fr-FR","@id":"https:\/\/orthopara.store\/#\/schema\/logo\/image\/","url":"https:\/\/orthopara.store\/wp-content\/uploads\/2024\/06\/cropped-9ABA8BAD-6256-4719-9315-15C66E64E882.png","contentUrl":"https:\/\/orthopara.store\/wp-content\/uploads\/2024\/06\/cropped-9ABA8BAD-6256-4719-9315-15C66E64E882.png","width":240,"height":72,"caption":"OrthoPara"},"image":{"@id":"https:\/\/orthopara.store\/#\/schema\/logo\/image\/"},"sameAs":["https:\/\/www.facebook.com\/profile.php?id=61561194315651","https:\/\/www.instagram.com\/orthopara_tunisie\/"]}]}},"jetpack_sharing_enabled":true,"brands":[{"id":43,"name":"SVR","slug":"svr"}],"_links":{"self":[{"href":"https:\/\/orthopara.store\/index.php?rest_route=\/wp\/v2\/product\/735","targetHints":{"allow":["GET"]}}],"collection":[{"href":"https:\/\/orthopara.store\/index.php?rest_route=\/wp\/v2\/product"}],"about":[{"href":"https:\/\/orthopara.store\/index.php?rest_route=\/wp\/v2\/types\/product"}],"replies":[{"embeddable":true,"href":"https:\/\/orthopara.store\/index.php?rest_route=%2Fwp%2Fv2%2Fcomments&post=735"}],"wp:featuredmedia":[{"embeddable":true,"href":"https:\/\/orthopara.store\/index.php?rest_route=\/wp\/v2\/media\/757"}],"wp:attachment":[{"href":"https:\/\/orthopara.store\/index.php?rest_route=%2Fwp%2Fv2%2Fmedia&parent=735"}],"wp:term":[{"taxonomy":"pwb-brand","embeddable":true,"href":"https:\/\/orthopara.store\/index.php?rest_route=%2Fwp%2Fv2%2Fpwb-brand&post=735"},{"taxonomy":"product_cat","embeddable":true,"href":"https:\/\/orthopara.store\/index.php?rest_route=%2Fwp%2Fv2%2Fproduct_cat&post=735"},{"taxonomy":"product_tag","embeddable":true,"href":"https:\/\/orthopara.store\/index.php?rest_route=%2Fwp%2Fv2%2Fproduct_tag&post=735"}],"curies":[{"name":"wp","href":"https:\/\/api.w.org\/{rel}","templated":true}]}}