{"id":736,"date":"2024-06-28T15:49:42","date_gmt":"2024-06-28T13:49:42","guid":{"rendered":"https:\/\/orthopara.store\/?post_type=product&#038;p=736"},"modified":"2024-11-10T16:17:51","modified_gmt":"2024-11-10T15:17:51","slug":"creme-hydratante-dermagor-mes-essentiels-visage-legere-40ml","status":"publish","type":"product","link":"https:\/\/orthopara.store\/?product=creme-hydratante-dermagor-mes-essentiels-visage-legere-40ml","title":{"rendered":"Cr\u00e8me hydratante &#8211; Dermagor mes essentiels &#8211; visage l\u00e9g\u00e8re &#8211; 40ml"},"content":{"rendered":"<p>Cr\u00e8me hydratante &#8211; Dermagor mes essentiels &#8211; visage l\u00e9g\u00e8re &#8211; 40ml<br \/>\nLa Cr\u00e8me Hydratante Visage 24h l\u00e9g\u00e8re DERMAGOR est un soin protecteur, hydratant et apaisant des peaux souffrant d\u2019inconfort du visage.<br \/>\nCompos\u00e9e de collag\u00e8ne marin, aux propri\u00e9t\u00e9s hydratantes et \u00e9mollientes, la cr\u00e8me va intens\u00e9ment hydrater la peau pour capter l\u2019eau dans l\u2019\u00e9piderme et ainsi assurer une hydratation tout au long de la journ\u00e9e. Elle va \u00e9galement prot\u00e9ger la peau des agressions quotidiennes et du vieillissement des cellules cutan\u00e9es en r\u00e9g\u00e9n\u00e9rant les fibres de collag\u00e8ne et d\u2019\u00e9lastine et en reformant le film protecteur de l\u2019\u00e9piderme.<br \/>\nSa texture riche et onctueuse qui p\u00e9n\u00e8tre rapidement \u00e0 l\u2019application laisse la peau d\u00e9licatement parfum\u00e9e. D\u00e8s l\u2019application, la peau est apais\u00e9e pour retrouver du confort tout au long de la journ\u00e9e. Test\u00e9e cliniquement<br \/>\nCONSEIL D&rsquo;UTILISATION<br \/>\nS\u2019utilise matin et soir sur peau propre et s\u00e8che. Masser jusqu\u2019\u00e0 absorption totale sur l\u2019ensemble du visage et du cou<br \/>\nIndication\u00a0:\u00a0Soin pour les peaux normales fragilis\u00e9es.<\/p>\n<p>\u00a0<\/p>\n","protected":false},"excerpt":{"rendered":"<p>Dermagor<br \/>\ncr\u00e8me hydratante peau mixte a grasse<br \/>\naction anti-pollution<br \/>\npeaux normales \u00e0 fragilis\u00e9es<br \/>\ncontenance : 40 ml<br \/>\nDLC : 09\/2023<\/p>\n","protected":false},"featured_media":758,"comment_status":"open","ping_status":"closed","template":"","meta":[],"pwb-brand":[62],"product_cat":[40],"product_tag":[],"class_list":{"0":"post-736","1":"product","2":"type-product","3":"status-publish","4":"has-post-thumbnail","6":"pwb-brand-dermagor","7":"product_cat-hydratants-peaux-normales-a-mixtes","8":"post","9":"ws-product--style-1","11":"first","12":"instock","13":"shipping-taxable","14":"purchasable","15":"product-type-simple"},"yoast_head":"<!-- This site is optimized with the Yoast SEO plugin v23.0 - https:\/\/yoast.com\/wordpress\/plugins\/seo\/ -->\n<title>Cr\u00e8me hydratante - Dermagor mes essentiels - visage l\u00e9g\u00e8re - 40ml - OrthoPara<\/title>\n<meta name=\"robots\" content=\"index, follow, max-snippet:-1, max-image-preview:large, max-video-preview:-1\" \/>\n<link rel=\"canonical\" href=\"https:\/\/orthopara.store\/index.php\/produit\/creme-hydratante-dermagor-mes-essentiels-visage-legere-40ml\/\" \/>\n<meta property=\"og:locale\" content=\"fr_FR\" \/>\n<meta property=\"og:type\" content=\"article\" \/>\n<meta property=\"og:title\" content=\"Cr\u00e8me hydratante - Dermagor mes essentiels - visage l\u00e9g\u00e8re - 40ml - OrthoPara\" \/>\n<meta property=\"og:description\" content=\"Dermagor cr\u00e8me hydratante peau mixte a grasse action anti-pollution peaux normales \u00e0 fragilis\u00e9es contenance : 40 ml DLC : 09\/2023\" \/>\n<meta property=\"og:url\" content=\"https:\/\/orthopara.store\/index.php\/produit\/creme-hydratante-dermagor-mes-essentiels-visage-legere-40ml\/\" \/>\n<meta property=\"og:site_name\" content=\"OrthoPara\" \/>\n<meta property=\"article:publisher\" content=\"https:\/\/www.facebook.com\/profile.php?id=61561194315651\" \/>\n<meta property=\"article:modified_time\" content=\"2024-11-10T15:17:51+00:00\" \/>\n<meta property=\"og:image\" content=\"https:\/\/orthopara.store\/wp-content\/uploads\/2024\/06\/creme-hydratante-dermagor-mes-essentiels-visage-legere-40ml.jpg\" \/>\n\t<meta property=\"og:image:width\" content=\"800\" \/>\n\t<meta property=\"og:image:height\" content=\"800\" \/>\n\t<meta property=\"og:image:type\" content=\"image\/jpeg\" \/>\n<meta name=\"twitter:card\" content=\"summary_large_image\" \/>\n<meta name=\"twitter:label1\" content=\"Dur\u00e9e de lecture estim\u00e9e\" \/>\n\t<meta name=\"twitter:data1\" content=\"1 minute\" \/>\n<script type=\"application\/ld+json\" class=\"yoast-schema-graph\">{\"@context\":\"https:\/\/schema.org\",\"@graph\":[{\"@type\":\"WebPage\",\"@id\":\"https:\/\/orthopara.store\/index.php\/produit\/creme-hydratante-dermagor-mes-essentiels-visage-legere-40ml\/\",\"url\":\"https:\/\/orthopara.store\/index.php\/produit\/creme-hydratante-dermagor-mes-essentiels-visage-legere-40ml\/\",\"name\":\"Cr\u00e8me hydratante - Dermagor mes essentiels - visage l\u00e9g\u00e8re - 40ml - OrthoPara\",\"isPartOf\":{\"@id\":\"https:\/\/orthopara.store\/#website\"},\"primaryImageOfPage\":{\"@id\":\"https:\/\/orthopara.store\/index.php\/produit\/creme-hydratante-dermagor-mes-essentiels-visage-legere-40ml\/#primaryimage\"},\"image\":{\"@id\":\"https:\/\/orthopara.store\/index.php\/produit\/creme-hydratante-dermagor-mes-essentiels-visage-legere-40ml\/#primaryimage\"},\"thumbnailUrl\":\"https:\/\/orthopara.store\/wp-content\/uploads\/2024\/06\/creme-hydratante-dermagor-mes-essentiels-visage-legere-40ml.jpg\",\"datePublished\":\"2024-06-28T13:49:42+00:00\",\"dateModified\":\"2024-11-10T15:17:51+00:00\",\"breadcrumb\":{\"@id\":\"https:\/\/orthopara.store\/index.php\/produit\/creme-hydratante-dermagor-mes-essentiels-visage-legere-40ml\/#breadcrumb\"},\"inLanguage\":\"fr-FR\",\"potentialAction\":[{\"@type\":\"ReadAction\",\"target\":[\"https:\/\/orthopara.store\/index.php\/produit\/creme-hydratante-dermagor-mes-essentiels-visage-legere-40ml\/\"]}]},{\"@type\":\"ImageObject\",\"inLanguage\":\"fr-FR\",\"@id\":\"https:\/\/orthopara.store\/index.php\/produit\/creme-hydratante-dermagor-mes-essentiels-visage-legere-40ml\/#primaryimage\",\"url\":\"https:\/\/orthopara.store\/wp-content\/uploads\/2024\/06\/creme-hydratante-dermagor-mes-essentiels-visage-legere-40ml.jpg\",\"contentUrl\":\"https:\/\/orthopara.store\/wp-content\/uploads\/2024\/06\/creme-hydratante-dermagor-mes-essentiels-visage-legere-40ml.jpg\",\"width\":800,\"height\":800},{\"@type\":\"BreadcrumbList\",\"@id\":\"https:\/\/orthopara.store\/index.php\/produit\/creme-hydratante-dermagor-mes-essentiels-visage-legere-40ml\/#breadcrumb\",\"itemListElement\":[{\"@type\":\"ListItem\",\"position\":1,\"name\":\"Accueil\",\"item\":\"https:\/\/orthopara.store\/\"},{\"@type\":\"ListItem\",\"position\":2,\"name\":\"Shop\",\"item\":\"https:\/\/orthopara.store\/?page_id=622\"},{\"@type\":\"ListItem\",\"position\":3,\"name\":\"Cr\u00e8me hydratante &#8211; Dermagor mes essentiels &#8211; visage l\u00e9g\u00e8re &#8211; 40ml\"}]},{\"@type\":\"WebSite\",\"@id\":\"https:\/\/orthopara.store\/#website\",\"url\":\"https:\/\/orthopara.store\/\",\"name\":\"OrthoPara\",\"description\":\"Parapharmacie\",\"publisher\":{\"@id\":\"https:\/\/orthopara.store\/#organization\"},\"potentialAction\":[{\"@type\":\"SearchAction\",\"target\":{\"@type\":\"EntryPoint\",\"urlTemplate\":\"https:\/\/orthopara.store\/?s={search_term_string}\"},\"query-input\":\"required name=search_term_string\"}],\"inLanguage\":\"fr-FR\"},{\"@type\":\"Organization\",\"@id\":\"https:\/\/orthopara.store\/#organization\",\"name\":\"OrthoPara\",\"url\":\"https:\/\/orthopara.store\/\",\"logo\":{\"@type\":\"ImageObject\",\"inLanguage\":\"fr-FR\",\"@id\":\"https:\/\/orthopara.store\/#\/schema\/logo\/image\/\",\"url\":\"https:\/\/orthopara.store\/wp-content\/uploads\/2024\/06\/cropped-9ABA8BAD-6256-4719-9315-15C66E64E882.png\",\"contentUrl\":\"https:\/\/orthopara.store\/wp-content\/uploads\/2024\/06\/cropped-9ABA8BAD-6256-4719-9315-15C66E64E882.png\",\"width\":240,\"height\":72,\"caption\":\"OrthoPara\"},\"image\":{\"@id\":\"https:\/\/orthopara.store\/#\/schema\/logo\/image\/\"},\"sameAs\":[\"https:\/\/www.facebook.com\/profile.php?id=61561194315651\",\"https:\/\/www.instagram.com\/orthopara_tunisie\/\"]}]}<\/script>\n<!-- \/ Yoast SEO plugin. -->","yoast_head_json":{"title":"Cr\u00e8me hydratante - Dermagor mes essentiels - visage l\u00e9g\u00e8re - 40ml - OrthoPara","robots":{"index":"index","follow":"follow","max-snippet":"max-snippet:-1","max-image-preview":"max-image-preview:large","max-video-preview":"max-video-preview:-1"},"canonical":"https:\/\/orthopara.store\/index.php\/produit\/creme-hydratante-dermagor-mes-essentiels-visage-legere-40ml\/","og_locale":"fr_FR","og_type":"article","og_title":"Cr\u00e8me hydratante - Dermagor mes essentiels - visage l\u00e9g\u00e8re - 40ml - OrthoPara","og_description":"Dermagor cr\u00e8me hydratante peau mixte a grasse action anti-pollution peaux normales \u00e0 fragilis\u00e9es contenance : 40 ml DLC : 09\/2023","og_url":"https:\/\/orthopara.store\/index.php\/produit\/creme-hydratante-dermagor-mes-essentiels-visage-legere-40ml\/","og_site_name":"OrthoPara","article_publisher":"https:\/\/www.facebook.com\/profile.php?id=61561194315651","article_modified_time":"2024-11-10T15:17:51+00:00","og_image":[{"width":800,"height":800,"url":"https:\/\/orthopara.store\/wp-content\/uploads\/2024\/06\/creme-hydratante-dermagor-mes-essentiels-visage-legere-40ml.jpg","type":"image\/jpeg"}],"twitter_card":"summary_large_image","twitter_misc":{"Dur\u00e9e de lecture estim\u00e9e":"1 minute"},"schema":{"@context":"https:\/\/schema.org","@graph":[{"@type":"WebPage","@id":"https:\/\/orthopara.store\/index.php\/produit\/creme-hydratante-dermagor-mes-essentiels-visage-legere-40ml\/","url":"https:\/\/orthopara.store\/index.php\/produit\/creme-hydratante-dermagor-mes-essentiels-visage-legere-40ml\/","name":"Cr\u00e8me hydratante - Dermagor mes essentiels - visage l\u00e9g\u00e8re - 40ml - OrthoPara","isPartOf":{"@id":"https:\/\/orthopara.store\/#website"},"primaryImageOfPage":{"@id":"https:\/\/orthopara.store\/index.php\/produit\/creme-hydratante-dermagor-mes-essentiels-visage-legere-40ml\/#primaryimage"},"image":{"@id":"https:\/\/orthopara.store\/index.php\/produit\/creme-hydratante-dermagor-mes-essentiels-visage-legere-40ml\/#primaryimage"},"thumbnailUrl":"https:\/\/orthopara.store\/wp-content\/uploads\/2024\/06\/creme-hydratante-dermagor-mes-essentiels-visage-legere-40ml.jpg","datePublished":"2024-06-28T13:49:42+00:00","dateModified":"2024-11-10T15:17:51+00:00","breadcrumb":{"@id":"https:\/\/orthopara.store\/index.php\/produit\/creme-hydratante-dermagor-mes-essentiels-visage-legere-40ml\/#breadcrumb"},"inLanguage":"fr-FR","potentialAction":[{"@type":"ReadAction","target":["https:\/\/orthopara.store\/index.php\/produit\/creme-hydratante-dermagor-mes-essentiels-visage-legere-40ml\/"]}]},{"@type":"ImageObject","inLanguage":"fr-FR","@id":"https:\/\/orthopara.store\/index.php\/produit\/creme-hydratante-dermagor-mes-essentiels-visage-legere-40ml\/#primaryimage","url":"https:\/\/orthopara.store\/wp-content\/uploads\/2024\/06\/creme-hydratante-dermagor-mes-essentiels-visage-legere-40ml.jpg","contentUrl":"https:\/\/orthopara.store\/wp-content\/uploads\/2024\/06\/creme-hydratante-dermagor-mes-essentiels-visage-legere-40ml.jpg","width":800,"height":800},{"@type":"BreadcrumbList","@id":"https:\/\/orthopara.store\/index.php\/produit\/creme-hydratante-dermagor-mes-essentiels-visage-legere-40ml\/#breadcrumb","itemListElement":[{"@type":"ListItem","position":1,"name":"Accueil","item":"https:\/\/orthopara.store\/"},{"@type":"ListItem","position":2,"name":"Shop","item":"https:\/\/orthopara.store\/?page_id=622"},{"@type":"ListItem","position":3,"name":"Cr\u00e8me hydratante &#8211; Dermagor mes essentiels &#8211; visage l\u00e9g\u00e8re &#8211; 40ml"}]},{"@type":"WebSite","@id":"https:\/\/orthopara.store\/#website","url":"https:\/\/orthopara.store\/","name":"OrthoPara","description":"Parapharmacie","publisher":{"@id":"https:\/\/orthopara.store\/#organization"},"potentialAction":[{"@type":"SearchAction","target":{"@type":"EntryPoint","urlTemplate":"https:\/\/orthopara.store\/?s={search_term_string}"},"query-input":"required name=search_term_string"}],"inLanguage":"fr-FR"},{"@type":"Organization","@id":"https:\/\/orthopara.store\/#organization","name":"OrthoPara","url":"https:\/\/orthopara.store\/","logo":{"@type":"ImageObject","inLanguage":"fr-FR","@id":"https:\/\/orthopara.store\/#\/schema\/logo\/image\/","url":"https:\/\/orthopara.store\/wp-content\/uploads\/2024\/06\/cropped-9ABA8BAD-6256-4719-9315-15C66E64E882.png","contentUrl":"https:\/\/orthopara.store\/wp-content\/uploads\/2024\/06\/cropped-9ABA8BAD-6256-4719-9315-15C66E64E882.png","width":240,"height":72,"caption":"OrthoPara"},"image":{"@id":"https:\/\/orthopara.store\/#\/schema\/logo\/image\/"},"sameAs":["https:\/\/www.facebook.com\/profile.php?id=61561194315651","https:\/\/www.instagram.com\/orthopara_tunisie\/"]}]}},"jetpack_sharing_enabled":true,"brands":[{"id":62,"name":"Dermagor","slug":"dermagor"}],"_links":{"self":[{"href":"https:\/\/orthopara.store\/index.php?rest_route=\/wp\/v2\/product\/736","targetHints":{"allow":["GET"]}}],"collection":[{"href":"https:\/\/orthopara.store\/index.php?rest_route=\/wp\/v2\/product"}],"about":[{"href":"https:\/\/orthopara.store\/index.php?rest_route=\/wp\/v2\/types\/product"}],"replies":[{"embeddable":true,"href":"https:\/\/orthopara.store\/index.php?rest_route=%2Fwp%2Fv2%2Fcomments&post=736"}],"wp:featuredmedia":[{"embeddable":true,"href":"https:\/\/orthopara.store\/index.php?rest_route=\/wp\/v2\/media\/758"}],"wp:attachment":[{"href":"https:\/\/orthopara.store\/index.php?rest_route=%2Fwp%2Fv2%2Fmedia&parent=736"}],"wp:term":[{"taxonomy":"pwb-brand","embeddable":true,"href":"https:\/\/orthopara.store\/index.php?rest_route=%2Fwp%2Fv2%2Fpwb-brand&post=736"},{"taxonomy":"product_cat","embeddable":true,"href":"https:\/\/orthopara.store\/index.php?rest_route=%2Fwp%2Fv2%2Fproduct_cat&post=736"},{"taxonomy":"product_tag","embeddable":true,"href":"https:\/\/orthopara.store\/index.php?rest_route=%2Fwp%2Fv2%2Fproduct_tag&post=736"}],"curies":[{"name":"wp","href":"https:\/\/api.w.org\/{rel}","templated":true}]}}