{"id":737,"date":"2024-06-28T15:49:42","date_gmt":"2024-06-28T13:49:42","guid":{"rendered":"https:\/\/orthopara.store\/?post_type=product&#038;p=737"},"modified":"2024-06-28T15:49:49","modified_gmt":"2024-06-28T13:49:49","slug":"gamarde-hydratation-active-creme-riche-40ml","status":"publish","type":"product","link":"https:\/\/orthopara.store\/?product=gamarde-hydratation-active-creme-riche-40ml","title":{"rendered":"Gamarde Hydratation Active &#8211; Cr\u00e8me riche &#8211; 40ml"},"content":{"rendered":"<p>Actifs cl\u00e9s :<br \/>\nAcide hyaluronique d&rsquo;origine v\u00e9g\u00e9tale : Hydratant et repulpant<br \/>\nAloe Vera : Hydratant, action anti-rides, anti-\u00e2ge, &#8230;<br \/>\nHuile d&rsquo;argan : activit\u00e9 nourrissante, tonifiante et assouplissante<br \/>\nHuile de Noisette : Protectrice, R\u00e9paratrice, Adoucissante<br \/>\nHuile essentielle de bois de H\u00f4 : lutte contre les signes du vieillissement cutan\u00e9 et les imperfections de la peau<br \/>\nHuile essentielle de Lavande : Apaisante et r\u00e9paratrice<br \/>\nHuile essentielle de Palmarosa : Rafraichissante<br \/>\nConseils d&rsquo;utilisation :<br \/>\nMatin et\/ou soir, appliquer la Cr\u00e8me Riche sur le visage, le cou et le d\u00e9collet\u00e9.<br \/>\nContenance :<br \/>\n40ml<\/p>\n","protected":false},"excerpt":{"rendered":"<p>Cr\u00e8me visage hydratante \u00e0 l&rsquo;Acide Hyaluronique<br \/>\nFine et onctueuse, la Cr\u00e8me Riche hydrate et apaise au quotidien les peaux d\u00e9licates et s\u00e8ches. La peau, intens\u00e9ment ressourc\u00e9e rayonne de beaut\u00e9. Hydratante, elle contient de l\u2019Acide Hyaluronique d\u2019origine v\u00e9g\u00e9tale hydro-fixateur et de l\u2019Huile d\u2019Argan aux propri\u00e9t\u00e9s adoucissantes.<br \/>\nPeau D\u00e9shydrat\u00e9e, Peau S\u00e8che \u00e0 Tr\u00e8s S\u00e8che<\/p>\n","protected":false},"featured_media":759,"comment_status":"open","ping_status":"closed","template":"","meta":[],"pwb-brand":[41],"product_cat":[56],"product_tag":[],"class_list":{"0":"post-737","1":"product","2":"type-product","3":"status-publish","4":"has-post-thumbnail","6":"pwb-brand-gamarde","7":"product_cat-hydratants-peaux-seches","8":"post","9":"ws-product--style-1","11":"first","12":"instock","13":"shipping-taxable","14":"purchasable","15":"product-type-simple"},"yoast_head":"<!-- This site is optimized with the Yoast SEO plugin v23.0 - https:\/\/yoast.com\/wordpress\/plugins\/seo\/ -->\n<title>Gamarde Hydratation Active - Cr\u00e8me riche - 40ml - OrthoPara<\/title>\n<meta name=\"robots\" content=\"index, follow, max-snippet:-1, max-image-preview:large, max-video-preview:-1\" \/>\n<link rel=\"canonical\" href=\"https:\/\/orthopara.store\/index.php\/produit\/gamarde-hydratation-active-creme-riche-40ml\/\" \/>\n<meta property=\"og:locale\" content=\"fr_FR\" \/>\n<meta property=\"og:type\" content=\"article\" \/>\n<meta property=\"og:title\" content=\"Gamarde Hydratation Active - Cr\u00e8me riche - 40ml - OrthoPara\" \/>\n<meta property=\"og:description\" content=\"Cr\u00e8me visage hydratante \u00e0 l&#039;Acide Hyaluronique Fine et onctueuse, la Cr\u00e8me Riche hydrate et apaise au quotidien les peaux d\u00e9licates et s\u00e8ches. La peau, intens\u00e9ment ressourc\u00e9e rayonne de beaut\u00e9. Hydratante, elle contient de l\u2019Acide Hyaluronique d\u2019origine v\u00e9g\u00e9tale hydro-fixateur et de l\u2019Huile d\u2019Argan aux propri\u00e9t\u00e9s adoucissantes. Peau D\u00e9shydrat\u00e9e, Peau S\u00e8che \u00e0 Tr\u00e8s S\u00e8che\" \/>\n<meta property=\"og:url\" content=\"https:\/\/orthopara.store\/index.php\/produit\/gamarde-hydratation-active-creme-riche-40ml\/\" \/>\n<meta property=\"og:site_name\" content=\"OrthoPara\" \/>\n<meta property=\"article:publisher\" content=\"https:\/\/www.facebook.com\/profile.php?id=61561194315651\" \/>\n<meta property=\"article:modified_time\" content=\"2024-06-28T13:49:49+00:00\" \/>\n<meta property=\"og:image\" content=\"https:\/\/orthopara.store\/wp-content\/uploads\/2024\/06\/gamarde-hydratation-active-creme-riche-40ml.jpg\" \/>\n\t<meta property=\"og:image:width\" content=\"800\" \/>\n\t<meta property=\"og:image:height\" content=\"800\" \/>\n\t<meta property=\"og:image:type\" content=\"image\/jpeg\" \/>\n<meta name=\"twitter:card\" content=\"summary_large_image\" \/>\n<script type=\"application\/ld+json\" class=\"yoast-schema-graph\">{\"@context\":\"https:\/\/schema.org\",\"@graph\":[{\"@type\":\"WebPage\",\"@id\":\"https:\/\/orthopara.store\/index.php\/produit\/gamarde-hydratation-active-creme-riche-40ml\/\",\"url\":\"https:\/\/orthopara.store\/index.php\/produit\/gamarde-hydratation-active-creme-riche-40ml\/\",\"name\":\"Gamarde Hydratation Active - Cr\u00e8me riche - 40ml - OrthoPara\",\"isPartOf\":{\"@id\":\"https:\/\/orthopara.store\/#website\"},\"primaryImageOfPage\":{\"@id\":\"https:\/\/orthopara.store\/index.php\/produit\/gamarde-hydratation-active-creme-riche-40ml\/#primaryimage\"},\"image\":{\"@id\":\"https:\/\/orthopara.store\/index.php\/produit\/gamarde-hydratation-active-creme-riche-40ml\/#primaryimage\"},\"thumbnailUrl\":\"https:\/\/orthopara.store\/wp-content\/uploads\/2024\/06\/gamarde-hydratation-active-creme-riche-40ml.jpg\",\"datePublished\":\"2024-06-28T13:49:42+00:00\",\"dateModified\":\"2024-06-28T13:49:49+00:00\",\"breadcrumb\":{\"@id\":\"https:\/\/orthopara.store\/index.php\/produit\/gamarde-hydratation-active-creme-riche-40ml\/#breadcrumb\"},\"inLanguage\":\"fr-FR\",\"potentialAction\":[{\"@type\":\"ReadAction\",\"target\":[\"https:\/\/orthopara.store\/index.php\/produit\/gamarde-hydratation-active-creme-riche-40ml\/\"]}]},{\"@type\":\"ImageObject\",\"inLanguage\":\"fr-FR\",\"@id\":\"https:\/\/orthopara.store\/index.php\/produit\/gamarde-hydratation-active-creme-riche-40ml\/#primaryimage\",\"url\":\"https:\/\/orthopara.store\/wp-content\/uploads\/2024\/06\/gamarde-hydratation-active-creme-riche-40ml.jpg\",\"contentUrl\":\"https:\/\/orthopara.store\/wp-content\/uploads\/2024\/06\/gamarde-hydratation-active-creme-riche-40ml.jpg\",\"width\":800,\"height\":800},{\"@type\":\"BreadcrumbList\",\"@id\":\"https:\/\/orthopara.store\/index.php\/produit\/gamarde-hydratation-active-creme-riche-40ml\/#breadcrumb\",\"itemListElement\":[{\"@type\":\"ListItem\",\"position\":1,\"name\":\"Accueil\",\"item\":\"https:\/\/orthopara.store\/\"},{\"@type\":\"ListItem\",\"position\":2,\"name\":\"Shop\",\"item\":\"https:\/\/orthopara.store\/?page_id=622\"},{\"@type\":\"ListItem\",\"position\":3,\"name\":\"Gamarde Hydratation Active &#8211; Cr\u00e8me riche &#8211; 40ml\"}]},{\"@type\":\"WebSite\",\"@id\":\"https:\/\/orthopara.store\/#website\",\"url\":\"https:\/\/orthopara.store\/\",\"name\":\"OrthoPara\",\"description\":\"Parapharmacie\",\"publisher\":{\"@id\":\"https:\/\/orthopara.store\/#organization\"},\"potentialAction\":[{\"@type\":\"SearchAction\",\"target\":{\"@type\":\"EntryPoint\",\"urlTemplate\":\"https:\/\/orthopara.store\/?s={search_term_string}\"},\"query-input\":\"required name=search_term_string\"}],\"inLanguage\":\"fr-FR\"},{\"@type\":\"Organization\",\"@id\":\"https:\/\/orthopara.store\/#organization\",\"name\":\"OrthoPara\",\"url\":\"https:\/\/orthopara.store\/\",\"logo\":{\"@type\":\"ImageObject\",\"inLanguage\":\"fr-FR\",\"@id\":\"https:\/\/orthopara.store\/#\/schema\/logo\/image\/\",\"url\":\"https:\/\/orthopara.store\/wp-content\/uploads\/2024\/06\/cropped-9ABA8BAD-6256-4719-9315-15C66E64E882.png\",\"contentUrl\":\"https:\/\/orthopara.store\/wp-content\/uploads\/2024\/06\/cropped-9ABA8BAD-6256-4719-9315-15C66E64E882.png\",\"width\":240,\"height\":72,\"caption\":\"OrthoPara\"},\"image\":{\"@id\":\"https:\/\/orthopara.store\/#\/schema\/logo\/image\/\"},\"sameAs\":[\"https:\/\/www.facebook.com\/profile.php?id=61561194315651\",\"https:\/\/www.instagram.com\/orthopara_tunisie\/\"]}]}<\/script>\n<!-- \/ Yoast SEO plugin. -->","yoast_head_json":{"title":"Gamarde Hydratation Active - Cr\u00e8me riche - 40ml - OrthoPara","robots":{"index":"index","follow":"follow","max-snippet":"max-snippet:-1","max-image-preview":"max-image-preview:large","max-video-preview":"max-video-preview:-1"},"canonical":"https:\/\/orthopara.store\/index.php\/produit\/gamarde-hydratation-active-creme-riche-40ml\/","og_locale":"fr_FR","og_type":"article","og_title":"Gamarde Hydratation Active - Cr\u00e8me riche - 40ml - OrthoPara","og_description":"Cr\u00e8me visage hydratante \u00e0 l'Acide Hyaluronique Fine et onctueuse, la Cr\u00e8me Riche hydrate et apaise au quotidien les peaux d\u00e9licates et s\u00e8ches. La peau, intens\u00e9ment ressourc\u00e9e rayonne de beaut\u00e9. Hydratante, elle contient de l\u2019Acide Hyaluronique d\u2019origine v\u00e9g\u00e9tale hydro-fixateur et de l\u2019Huile d\u2019Argan aux propri\u00e9t\u00e9s adoucissantes. Peau D\u00e9shydrat\u00e9e, Peau S\u00e8che \u00e0 Tr\u00e8s S\u00e8che","og_url":"https:\/\/orthopara.store\/index.php\/produit\/gamarde-hydratation-active-creme-riche-40ml\/","og_site_name":"OrthoPara","article_publisher":"https:\/\/www.facebook.com\/profile.php?id=61561194315651","article_modified_time":"2024-06-28T13:49:49+00:00","og_image":[{"width":800,"height":800,"url":"https:\/\/orthopara.store\/wp-content\/uploads\/2024\/06\/gamarde-hydratation-active-creme-riche-40ml.jpg","type":"image\/jpeg"}],"twitter_card":"summary_large_image","schema":{"@context":"https:\/\/schema.org","@graph":[{"@type":"WebPage","@id":"https:\/\/orthopara.store\/index.php\/produit\/gamarde-hydratation-active-creme-riche-40ml\/","url":"https:\/\/orthopara.store\/index.php\/produit\/gamarde-hydratation-active-creme-riche-40ml\/","name":"Gamarde Hydratation Active - Cr\u00e8me riche - 40ml - OrthoPara","isPartOf":{"@id":"https:\/\/orthopara.store\/#website"},"primaryImageOfPage":{"@id":"https:\/\/orthopara.store\/index.php\/produit\/gamarde-hydratation-active-creme-riche-40ml\/#primaryimage"},"image":{"@id":"https:\/\/orthopara.store\/index.php\/produit\/gamarde-hydratation-active-creme-riche-40ml\/#primaryimage"},"thumbnailUrl":"https:\/\/orthopara.store\/wp-content\/uploads\/2024\/06\/gamarde-hydratation-active-creme-riche-40ml.jpg","datePublished":"2024-06-28T13:49:42+00:00","dateModified":"2024-06-28T13:49:49+00:00","breadcrumb":{"@id":"https:\/\/orthopara.store\/index.php\/produit\/gamarde-hydratation-active-creme-riche-40ml\/#breadcrumb"},"inLanguage":"fr-FR","potentialAction":[{"@type":"ReadAction","target":["https:\/\/orthopara.store\/index.php\/produit\/gamarde-hydratation-active-creme-riche-40ml\/"]}]},{"@type":"ImageObject","inLanguage":"fr-FR","@id":"https:\/\/orthopara.store\/index.php\/produit\/gamarde-hydratation-active-creme-riche-40ml\/#primaryimage","url":"https:\/\/orthopara.store\/wp-content\/uploads\/2024\/06\/gamarde-hydratation-active-creme-riche-40ml.jpg","contentUrl":"https:\/\/orthopara.store\/wp-content\/uploads\/2024\/06\/gamarde-hydratation-active-creme-riche-40ml.jpg","width":800,"height":800},{"@type":"BreadcrumbList","@id":"https:\/\/orthopara.store\/index.php\/produit\/gamarde-hydratation-active-creme-riche-40ml\/#breadcrumb","itemListElement":[{"@type":"ListItem","position":1,"name":"Accueil","item":"https:\/\/orthopara.store\/"},{"@type":"ListItem","position":2,"name":"Shop","item":"https:\/\/orthopara.store\/?page_id=622"},{"@type":"ListItem","position":3,"name":"Gamarde Hydratation Active &#8211; Cr\u00e8me riche &#8211; 40ml"}]},{"@type":"WebSite","@id":"https:\/\/orthopara.store\/#website","url":"https:\/\/orthopara.store\/","name":"OrthoPara","description":"Parapharmacie","publisher":{"@id":"https:\/\/orthopara.store\/#organization"},"potentialAction":[{"@type":"SearchAction","target":{"@type":"EntryPoint","urlTemplate":"https:\/\/orthopara.store\/?s={search_term_string}"},"query-input":"required name=search_term_string"}],"inLanguage":"fr-FR"},{"@type":"Organization","@id":"https:\/\/orthopara.store\/#organization","name":"OrthoPara","url":"https:\/\/orthopara.store\/","logo":{"@type":"ImageObject","inLanguage":"fr-FR","@id":"https:\/\/orthopara.store\/#\/schema\/logo\/image\/","url":"https:\/\/orthopara.store\/wp-content\/uploads\/2024\/06\/cropped-9ABA8BAD-6256-4719-9315-15C66E64E882.png","contentUrl":"https:\/\/orthopara.store\/wp-content\/uploads\/2024\/06\/cropped-9ABA8BAD-6256-4719-9315-15C66E64E882.png","width":240,"height":72,"caption":"OrthoPara"},"image":{"@id":"https:\/\/orthopara.store\/#\/schema\/logo\/image\/"},"sameAs":["https:\/\/www.facebook.com\/profile.php?id=61561194315651","https:\/\/www.instagram.com\/orthopara_tunisie\/"]}]}},"jetpack_sharing_enabled":true,"brands":[{"id":41,"name":"Gamarde","slug":"gamarde"}],"_links":{"self":[{"href":"https:\/\/orthopara.store\/index.php?rest_route=\/wp\/v2\/product\/737","targetHints":{"allow":["GET"]}}],"collection":[{"href":"https:\/\/orthopara.store\/index.php?rest_route=\/wp\/v2\/product"}],"about":[{"href":"https:\/\/orthopara.store\/index.php?rest_route=\/wp\/v2\/types\/product"}],"replies":[{"embeddable":true,"href":"https:\/\/orthopara.store\/index.php?rest_route=%2Fwp%2Fv2%2Fcomments&post=737"}],"wp:featuredmedia":[{"embeddable":true,"href":"https:\/\/orthopara.store\/index.php?rest_route=\/wp\/v2\/media\/759"}],"wp:attachment":[{"href":"https:\/\/orthopara.store\/index.php?rest_route=%2Fwp%2Fv2%2Fmedia&parent=737"}],"wp:term":[{"taxonomy":"pwb-brand","embeddable":true,"href":"https:\/\/orthopara.store\/index.php?rest_route=%2Fwp%2Fv2%2Fpwb-brand&post=737"},{"taxonomy":"product_cat","embeddable":true,"href":"https:\/\/orthopara.store\/index.php?rest_route=%2Fwp%2Fv2%2Fproduct_cat&post=737"},{"taxonomy":"product_tag","embeddable":true,"href":"https:\/\/orthopara.store\/index.php?rest_route=%2Fwp%2Fv2%2Fproduct_tag&post=737"}],"curies":[{"name":"wp","href":"https:\/\/api.w.org\/{rel}","templated":true}]}}