{"id":738,"date":"2024-06-28T15:49:42","date_gmt":"2024-06-28T13:49:42","guid":{"rendered":"https:\/\/orthopara.store\/?post_type=product&#038;p=738"},"modified":"2024-06-28T15:49:49","modified_gmt":"2024-06-28T13:49:49","slug":"gamarde-hydratation-active-creme-ultra-riche-40ml","status":"publish","type":"product","link":"https:\/\/orthopara.store\/?product=gamarde-hydratation-active-creme-ultra-riche-40ml","title":{"rendered":"Gamarde Hydratation Active &#8211; Cr\u00e8me ultra riche &#8211; 40ml"},"content":{"rendered":"<p>Actifs cl\u00e9s :<br \/>\nAcide hyaluronique d&rsquo;origine v\u00e9g\u00e9tale : Hydratant et repulpant<br \/>\nBeurre de Karit\u00e9 : prot\u00e8ge, adoucit et restructure les peaux ab\u00eem\u00e9es<br \/>\nCire d&rsquo;abeille : revitalise, nourrit et hydrate la peau<br \/>\nHuile d&rsquo;Argan : rentre donc dans la pr\u00e9vention du vieillissement cutan\u00e9 acc\u00e9l\u00e9r\u00e9. Elle aide notamment \u00e0 lisser les ridules et \u00e0 revitaliser l\u2019apparence des peaux matures ou rel\u00e2ch\u00e9es. En plus de son activit\u00e9 nourrissante, tonifiante et assouplissante<br \/>\nHuile essentielle de bois de H\u00f4 : lutte contre les signes du vieillissement cutan\u00e9 et les imperfections de la peau<br \/>\nHuile essentielle de Lavande : Apaisante, r\u00e9paratrice<br \/>\nConseils d&rsquo;utilisation :<br \/>\nMatin et\/ou Soir nettoyer la peau \u00e0 l\u2019aide des soins d\u2019HYGI\u00c8NE DOUCEUR GAMARDE. Appliquer la Cr\u00e8me Utra-Riche.<br \/>\nContenance :<br \/>\n40ml<\/p>\n","protected":false},"excerpt":{"rendered":"<p>Soin riche \u00e0 l&rsquo;Acide hyaluronique d&rsquo;origine v\u00e9g\u00e9tale<br \/>\nDouce et onctueuse, la Cr\u00e8me Ultra-Riche hydrate, nourrit et apaise intens\u00e9ment les peaux d\u00e9licates tr\u00e8s s\u00e8ches Durablement ressourc\u00e9, l\u2019\u00e9piderme retrouve sa souplesse, sa douceur et son \u00e9clat naturel. Hydratante, contient de l\u2019Acide Hyaluronique d\u2019origine v\u00e9g\u00e9tale. Contient du Beurre de Karit\u00e9 aux propri\u00e9t\u00e9s nourrissantes et protectrices.<\/p>\n","protected":false},"featured_media":760,"comment_status":"open","ping_status":"closed","template":"","meta":[],"pwb-brand":[41],"product_cat":[56],"product_tag":[],"class_list":{"0":"post-738","1":"product","2":"type-product","3":"status-publish","4":"has-post-thumbnail","6":"pwb-brand-gamarde","7":"product_cat-hydratants-peaux-seches","8":"post","9":"ws-product--style-1","11":"first","12":"instock","13":"shipping-taxable","14":"purchasable","15":"product-type-simple"},"yoast_head":"<!-- This site is optimized with the Yoast SEO plugin v23.0 - https:\/\/yoast.com\/wordpress\/plugins\/seo\/ -->\n<title>Gamarde Hydratation Active - Cr\u00e8me ultra riche - 40ml - OrthoPara<\/title>\n<meta name=\"robots\" content=\"index, follow, max-snippet:-1, max-image-preview:large, max-video-preview:-1\" \/>\n<link rel=\"canonical\" href=\"https:\/\/orthopara.store\/index.php\/produit\/gamarde-hydratation-active-creme-ultra-riche-40ml\/\" \/>\n<meta property=\"og:locale\" content=\"fr_FR\" \/>\n<meta property=\"og:type\" content=\"article\" \/>\n<meta property=\"og:title\" content=\"Gamarde Hydratation Active - Cr\u00e8me ultra riche - 40ml - OrthoPara\" \/>\n<meta property=\"og:description\" content=\"Soin riche \u00e0 l&#039;Acide hyaluronique d&#039;origine v\u00e9g\u00e9tale Douce et onctueuse, la Cr\u00e8me Ultra-Riche hydrate, nourrit et apaise intens\u00e9ment les peaux d\u00e9licates tr\u00e8s s\u00e8ches Durablement ressourc\u00e9, l\u2019\u00e9piderme retrouve sa souplesse, sa douceur et son \u00e9clat naturel. Hydratante, contient de l\u2019Acide Hyaluronique d\u2019origine v\u00e9g\u00e9tale. Contient du Beurre de Karit\u00e9 aux propri\u00e9t\u00e9s nourrissantes et protectrices.\" \/>\n<meta property=\"og:url\" content=\"https:\/\/orthopara.store\/index.php\/produit\/gamarde-hydratation-active-creme-ultra-riche-40ml\/\" \/>\n<meta property=\"og:site_name\" content=\"OrthoPara\" \/>\n<meta property=\"article:publisher\" content=\"https:\/\/www.facebook.com\/profile.php?id=61561194315651\" \/>\n<meta property=\"article:modified_time\" content=\"2024-06-28T13:49:49+00:00\" \/>\n<meta property=\"og:image\" content=\"https:\/\/orthopara.store\/wp-content\/uploads\/2024\/06\/gamarde-hydratation-active-creme-ultra-riche-40ml.jpg\" \/>\n\t<meta property=\"og:image:width\" content=\"800\" \/>\n\t<meta property=\"og:image:height\" content=\"800\" \/>\n\t<meta property=\"og:image:type\" content=\"image\/jpeg\" \/>\n<meta name=\"twitter:card\" content=\"summary_large_image\" \/>\n<meta name=\"twitter:label1\" content=\"Dur\u00e9e de lecture estim\u00e9e\" \/>\n\t<meta name=\"twitter:data1\" content=\"1 minute\" \/>\n<script type=\"application\/ld+json\" class=\"yoast-schema-graph\">{\"@context\":\"https:\/\/schema.org\",\"@graph\":[{\"@type\":\"WebPage\",\"@id\":\"https:\/\/orthopara.store\/index.php\/produit\/gamarde-hydratation-active-creme-ultra-riche-40ml\/\",\"url\":\"https:\/\/orthopara.store\/index.php\/produit\/gamarde-hydratation-active-creme-ultra-riche-40ml\/\",\"name\":\"Gamarde Hydratation Active - Cr\u00e8me ultra riche - 40ml - OrthoPara\",\"isPartOf\":{\"@id\":\"https:\/\/orthopara.store\/#website\"},\"primaryImageOfPage\":{\"@id\":\"https:\/\/orthopara.store\/index.php\/produit\/gamarde-hydratation-active-creme-ultra-riche-40ml\/#primaryimage\"},\"image\":{\"@id\":\"https:\/\/orthopara.store\/index.php\/produit\/gamarde-hydratation-active-creme-ultra-riche-40ml\/#primaryimage\"},\"thumbnailUrl\":\"https:\/\/orthopara.store\/wp-content\/uploads\/2024\/06\/gamarde-hydratation-active-creme-ultra-riche-40ml.jpg\",\"datePublished\":\"2024-06-28T13:49:42+00:00\",\"dateModified\":\"2024-06-28T13:49:49+00:00\",\"breadcrumb\":{\"@id\":\"https:\/\/orthopara.store\/index.php\/produit\/gamarde-hydratation-active-creme-ultra-riche-40ml\/#breadcrumb\"},\"inLanguage\":\"fr-FR\",\"potentialAction\":[{\"@type\":\"ReadAction\",\"target\":[\"https:\/\/orthopara.store\/index.php\/produit\/gamarde-hydratation-active-creme-ultra-riche-40ml\/\"]}]},{\"@type\":\"ImageObject\",\"inLanguage\":\"fr-FR\",\"@id\":\"https:\/\/orthopara.store\/index.php\/produit\/gamarde-hydratation-active-creme-ultra-riche-40ml\/#primaryimage\",\"url\":\"https:\/\/orthopara.store\/wp-content\/uploads\/2024\/06\/gamarde-hydratation-active-creme-ultra-riche-40ml.jpg\",\"contentUrl\":\"https:\/\/orthopara.store\/wp-content\/uploads\/2024\/06\/gamarde-hydratation-active-creme-ultra-riche-40ml.jpg\",\"width\":800,\"height\":800},{\"@type\":\"BreadcrumbList\",\"@id\":\"https:\/\/orthopara.store\/index.php\/produit\/gamarde-hydratation-active-creme-ultra-riche-40ml\/#breadcrumb\",\"itemListElement\":[{\"@type\":\"ListItem\",\"position\":1,\"name\":\"Accueil\",\"item\":\"https:\/\/orthopara.store\/\"},{\"@type\":\"ListItem\",\"position\":2,\"name\":\"Shop\",\"item\":\"https:\/\/orthopara.store\/?page_id=622\"},{\"@type\":\"ListItem\",\"position\":3,\"name\":\"Gamarde Hydratation Active &#8211; Cr\u00e8me ultra riche &#8211; 40ml\"}]},{\"@type\":\"WebSite\",\"@id\":\"https:\/\/orthopara.store\/#website\",\"url\":\"https:\/\/orthopara.store\/\",\"name\":\"OrthoPara\",\"description\":\"Parapharmacie\",\"publisher\":{\"@id\":\"https:\/\/orthopara.store\/#organization\"},\"potentialAction\":[{\"@type\":\"SearchAction\",\"target\":{\"@type\":\"EntryPoint\",\"urlTemplate\":\"https:\/\/orthopara.store\/?s={search_term_string}\"},\"query-input\":\"required name=search_term_string\"}],\"inLanguage\":\"fr-FR\"},{\"@type\":\"Organization\",\"@id\":\"https:\/\/orthopara.store\/#organization\",\"name\":\"OrthoPara\",\"url\":\"https:\/\/orthopara.store\/\",\"logo\":{\"@type\":\"ImageObject\",\"inLanguage\":\"fr-FR\",\"@id\":\"https:\/\/orthopara.store\/#\/schema\/logo\/image\/\",\"url\":\"https:\/\/orthopara.store\/wp-content\/uploads\/2024\/06\/cropped-9ABA8BAD-6256-4719-9315-15C66E64E882.png\",\"contentUrl\":\"https:\/\/orthopara.store\/wp-content\/uploads\/2024\/06\/cropped-9ABA8BAD-6256-4719-9315-15C66E64E882.png\",\"width\":240,\"height\":72,\"caption\":\"OrthoPara\"},\"image\":{\"@id\":\"https:\/\/orthopara.store\/#\/schema\/logo\/image\/\"},\"sameAs\":[\"https:\/\/www.facebook.com\/profile.php?id=61561194315651\",\"https:\/\/www.instagram.com\/orthopara_tunisie\/\"]}]}<\/script>\n<!-- \/ Yoast SEO plugin. -->","yoast_head_json":{"title":"Gamarde Hydratation Active - Cr\u00e8me ultra riche - 40ml - OrthoPara","robots":{"index":"index","follow":"follow","max-snippet":"max-snippet:-1","max-image-preview":"max-image-preview:large","max-video-preview":"max-video-preview:-1"},"canonical":"https:\/\/orthopara.store\/index.php\/produit\/gamarde-hydratation-active-creme-ultra-riche-40ml\/","og_locale":"fr_FR","og_type":"article","og_title":"Gamarde Hydratation Active - Cr\u00e8me ultra riche - 40ml - OrthoPara","og_description":"Soin riche \u00e0 l'Acide hyaluronique d'origine v\u00e9g\u00e9tale Douce et onctueuse, la Cr\u00e8me Ultra-Riche hydrate, nourrit et apaise intens\u00e9ment les peaux d\u00e9licates tr\u00e8s s\u00e8ches Durablement ressourc\u00e9, l\u2019\u00e9piderme retrouve sa souplesse, sa douceur et son \u00e9clat naturel. Hydratante, contient de l\u2019Acide Hyaluronique d\u2019origine v\u00e9g\u00e9tale. Contient du Beurre de Karit\u00e9 aux propri\u00e9t\u00e9s nourrissantes et protectrices.","og_url":"https:\/\/orthopara.store\/index.php\/produit\/gamarde-hydratation-active-creme-ultra-riche-40ml\/","og_site_name":"OrthoPara","article_publisher":"https:\/\/www.facebook.com\/profile.php?id=61561194315651","article_modified_time":"2024-06-28T13:49:49+00:00","og_image":[{"width":800,"height":800,"url":"https:\/\/orthopara.store\/wp-content\/uploads\/2024\/06\/gamarde-hydratation-active-creme-ultra-riche-40ml.jpg","type":"image\/jpeg"}],"twitter_card":"summary_large_image","twitter_misc":{"Dur\u00e9e de lecture estim\u00e9e":"1 minute"},"schema":{"@context":"https:\/\/schema.org","@graph":[{"@type":"WebPage","@id":"https:\/\/orthopara.store\/index.php\/produit\/gamarde-hydratation-active-creme-ultra-riche-40ml\/","url":"https:\/\/orthopara.store\/index.php\/produit\/gamarde-hydratation-active-creme-ultra-riche-40ml\/","name":"Gamarde Hydratation Active - Cr\u00e8me ultra riche - 40ml - OrthoPara","isPartOf":{"@id":"https:\/\/orthopara.store\/#website"},"primaryImageOfPage":{"@id":"https:\/\/orthopara.store\/index.php\/produit\/gamarde-hydratation-active-creme-ultra-riche-40ml\/#primaryimage"},"image":{"@id":"https:\/\/orthopara.store\/index.php\/produit\/gamarde-hydratation-active-creme-ultra-riche-40ml\/#primaryimage"},"thumbnailUrl":"https:\/\/orthopara.store\/wp-content\/uploads\/2024\/06\/gamarde-hydratation-active-creme-ultra-riche-40ml.jpg","datePublished":"2024-06-28T13:49:42+00:00","dateModified":"2024-06-28T13:49:49+00:00","breadcrumb":{"@id":"https:\/\/orthopara.store\/index.php\/produit\/gamarde-hydratation-active-creme-ultra-riche-40ml\/#breadcrumb"},"inLanguage":"fr-FR","potentialAction":[{"@type":"ReadAction","target":["https:\/\/orthopara.store\/index.php\/produit\/gamarde-hydratation-active-creme-ultra-riche-40ml\/"]}]},{"@type":"ImageObject","inLanguage":"fr-FR","@id":"https:\/\/orthopara.store\/index.php\/produit\/gamarde-hydratation-active-creme-ultra-riche-40ml\/#primaryimage","url":"https:\/\/orthopara.store\/wp-content\/uploads\/2024\/06\/gamarde-hydratation-active-creme-ultra-riche-40ml.jpg","contentUrl":"https:\/\/orthopara.store\/wp-content\/uploads\/2024\/06\/gamarde-hydratation-active-creme-ultra-riche-40ml.jpg","width":800,"height":800},{"@type":"BreadcrumbList","@id":"https:\/\/orthopara.store\/index.php\/produit\/gamarde-hydratation-active-creme-ultra-riche-40ml\/#breadcrumb","itemListElement":[{"@type":"ListItem","position":1,"name":"Accueil","item":"https:\/\/orthopara.store\/"},{"@type":"ListItem","position":2,"name":"Shop","item":"https:\/\/orthopara.store\/?page_id=622"},{"@type":"ListItem","position":3,"name":"Gamarde Hydratation Active &#8211; Cr\u00e8me ultra riche &#8211; 40ml"}]},{"@type":"WebSite","@id":"https:\/\/orthopara.store\/#website","url":"https:\/\/orthopara.store\/","name":"OrthoPara","description":"Parapharmacie","publisher":{"@id":"https:\/\/orthopara.store\/#organization"},"potentialAction":[{"@type":"SearchAction","target":{"@type":"EntryPoint","urlTemplate":"https:\/\/orthopara.store\/?s={search_term_string}"},"query-input":"required name=search_term_string"}],"inLanguage":"fr-FR"},{"@type":"Organization","@id":"https:\/\/orthopara.store\/#organization","name":"OrthoPara","url":"https:\/\/orthopara.store\/","logo":{"@type":"ImageObject","inLanguage":"fr-FR","@id":"https:\/\/orthopara.store\/#\/schema\/logo\/image\/","url":"https:\/\/orthopara.store\/wp-content\/uploads\/2024\/06\/cropped-9ABA8BAD-6256-4719-9315-15C66E64E882.png","contentUrl":"https:\/\/orthopara.store\/wp-content\/uploads\/2024\/06\/cropped-9ABA8BAD-6256-4719-9315-15C66E64E882.png","width":240,"height":72,"caption":"OrthoPara"},"image":{"@id":"https:\/\/orthopara.store\/#\/schema\/logo\/image\/"},"sameAs":["https:\/\/www.facebook.com\/profile.php?id=61561194315651","https:\/\/www.instagram.com\/orthopara_tunisie\/"]}]}},"jetpack_sharing_enabled":true,"brands":[{"id":41,"name":"Gamarde","slug":"gamarde"}],"_links":{"self":[{"href":"https:\/\/orthopara.store\/index.php?rest_route=\/wp\/v2\/product\/738","targetHints":{"allow":["GET"]}}],"collection":[{"href":"https:\/\/orthopara.store\/index.php?rest_route=\/wp\/v2\/product"}],"about":[{"href":"https:\/\/orthopara.store\/index.php?rest_route=\/wp\/v2\/types\/product"}],"replies":[{"embeddable":true,"href":"https:\/\/orthopara.store\/index.php?rest_route=%2Fwp%2Fv2%2Fcomments&post=738"}],"wp:featuredmedia":[{"embeddable":true,"href":"https:\/\/orthopara.store\/index.php?rest_route=\/wp\/v2\/media\/760"}],"wp:attachment":[{"href":"https:\/\/orthopara.store\/index.php?rest_route=%2Fwp%2Fv2%2Fmedia&parent=738"}],"wp:term":[{"taxonomy":"pwb-brand","embeddable":true,"href":"https:\/\/orthopara.store\/index.php?rest_route=%2Fwp%2Fv2%2Fpwb-brand&post=738"},{"taxonomy":"product_cat","embeddable":true,"href":"https:\/\/orthopara.store\/index.php?rest_route=%2Fwp%2Fv2%2Fproduct_cat&post=738"},{"taxonomy":"product_tag","embeddable":true,"href":"https:\/\/orthopara.store\/index.php?rest_route=%2Fwp%2Fv2%2Fproduct_tag&post=738"}],"curies":[{"name":"wp","href":"https:\/\/api.w.org\/{rel}","templated":true}]}}