{"id":740,"date":"2024-06-28T15:49:42","date_gmt":"2024-06-28T13:49:42","guid":{"rendered":"https:\/\/orthopara.store\/?post_type=product&#038;p=740"},"modified":"2024-11-10T16:19:53","modified_gmt":"2024-11-10T15:19:53","slug":"creme-hydratante-pour-peau-seche-roncey-hydraskin-50ml","status":"publish","type":"product","link":"https:\/\/orthopara.store\/?product=creme-hydratante-pour-peau-seche-roncey-hydraskin-50ml","title":{"rendered":"Cr\u00e8me Hydratante pour peau s\u00e8che &#8211; Roncey HydraSkin- 50ml"},"content":{"rendered":"<p>Cr\u00e8me Hydratante pour peau s\u00e8che &#8211; Roncey HydraSkin &#8211; 50ml<br \/>\nIndications :<br \/>\nEfficace sur les peaux s\u00e8ches et sensibles.<br \/>\nInnovation :<br \/>\nD\u00e8s la premi\u00e8re application, cette cr\u00e8me procure \u00e0 la peau une douceur telle que l\u2019utilisateur se retrouve instantan\u00e9ment dans une sensation de confort. Elle g\u00e9n\u00e8re \u00e9galement un effet apaisant sur l\u2019\u00e9piderme r\u00e9duisant ainsi les possibilit\u00e9s d\u2019irritations et de d\u00e9mangeaisons cutan\u00e9es. Efficace sur les peaux s\u00e8ches et sensibles. Formul\u00e9 avec un complexe riche en actifs puissants compl\u00e9mentaires ultra concentr\u00e9s.<br \/>\n&#8211; L\u2019Acide Hyaluronique : joue un r\u00f4le majeur dans le maintien du niveau d\u2019hydratation de la peau. Il est \u00e9galement utilis\u00e9 pour ses propri\u00e9t\u00e9s raffermissantes, anti-rides, r\u00e9g\u00e9n\u00e9rantes, redensifi\u00e2tes.<br \/>\n&#8211; Niacinamide (Vitamine B3) : stimule la production de collag\u00e8ne. Elle agit comme un antioxydant et contribue ainsi \u00e0 r\u00e9parer la peau des dommages des UV en ralentissant l&rsquo;oxydation des cellules \u00e9pidermiques qui, attaqu\u00e9es par les radicaux libres, d\u00e9clenchent un vieillissement pr\u00e9matur\u00e9 de la peau.<br \/>\n&#8211; Aquaxyl (Xylitylglucoside, Anhydroxylitol, Xylitol) : reconnu par son action 3D en hydratation : Am\u00e9liore la circulation de l\u2019eau dans toutes les couches de la peau, stimule la production d\u2019acide hyaluronique et maintien l\u2019hydratation de la peau pendant 24 heures. Cet actif donne une peau adoucie avec des ridules att\u00e9nu\u00e9es en 28 jours.<br \/>\n&#8211; Biosaccharide gum-1 : poss\u00e8de des propri\u00e9t\u00e9s apaisantes, hydratantes, anti-\u00e2ge, restructurantes et am\u00e9liore le toucher.<br \/>\n&#8211; Panthenol (Provitamine B5) : participe activement \u00e0 la formation et \u00e0 la r\u00e9g\u00e9n\u00e9ration de la peau. Elle poss\u00e9de des propri\u00e8t\u00e9s cicatrisantes, r\u00e9paratrices, apaisantes, hydratantes et anti-inflammatoires.<br \/>\n&#8211; Allanto\u00efne : est un actif cosm\u00e9tique connu pour ses propri\u00e9t\u00e9s r\u00e9g\u00e9n\u00e9rantes et cicatrisantes. Elle est Hydratante et maintient le film hydrolipidique cutan\u00e9 et rend la peau souple et douce. \u00c9galement apaisante et anti-inflammatoire, elle est id\u00e9ale pour lutter contre les irritations cutan\u00e9es.<br \/>\n&#8211; L\u2019Extrait de Camomille et L\u2019Extrait de Calendula : soulagent la douleur gr\u00e2ce \u00e0 leurs propri\u00e9t\u00e9s anti-inflammatoires et antibact\u00e9riennes. Ils aident \u00e0 la cicatrisation et stimulent la r\u00e9g\u00e9n\u00e9ration de la peau endommag\u00e9e ou irrit\u00e9e.<\/p>\n<p>All\u00e9gations :\u00a0<br \/>\n&#8211; Hypoallerg\u00e9nique<br \/>\n&#8211; Sans parab\u00e8nes<br \/>\n&#8211; Non-com\u00e9dog\u00e8ne<br \/>\nUtilisation :<br \/>\nIl est recommand\u00e9 de l\u2019utiliser le matin et le soir de mani\u00e8re quotidienne. Une application prolong\u00e9e dans le temps, sur une dur\u00e9e d&rsquo;au moins 4 semaines, permet d&rsquo;optimiser les effets de la cr\u00e8me. Absorption rapide. Fini non collant. Non com\u00e9dog\u00e8ne.<br \/>\nIngr\u00e9dients :<br \/>\nAqua\/ Water, Glycerin, Stearic Acid, Cetearyl Alcohol, Niacinamide (Vitamin B3), Aquaxyl (Xylitylglucoside, Anhydroxylitol, Xylitol), Propylene Glycol, Biosaccharide Gum-1, Butyrospermum Parkii (Shea) Butter, Prunus Amygdalus Dulcis Oil, Isoproyl Myristate, Panthenol (Vitamin B5), Phenoxyethanol And Ethylhexyl Glycerine, Allantoin, Aloe Barbadensis Extract, Chamomilla Recutita Extract, Calendula Officinalis Extract,Hyaluronic Acid, Tocopheryl Acetate (Vitamin E), Acrylate\/Acrylamide Copolymer, Triethanolamine, Ceteareth 25, Sodium Benzoate, Polysorbate 20, Disodium Edta, Polysorbate 85, Mineral Oil, Fragrance<br \/>\nConditions de conservation :<br \/>\nConserver \u00e0 l\u2019abri de la chaleur et de l\u2019humidit\u00e9<\/p>\n","protected":false},"excerpt":{"rendered":"<p>Roncey HydraSkin<br \/>\nCr\u00e8me Hydratante pour peau s\u00e8che hydraskin\u00a0<br \/>\nCette cr\u00e8me hydratante permet de r\u00e9hydrater l&rsquo;\u00e9piderme en profondeur et de rconstituer la barri\u00e8re hydrolipidique pour une peu saine, et sans imperfections.<br \/>\nContenance: 50ml\u00a0<\/p>\n","protected":false},"featured_media":762,"comment_status":"open","ping_status":"closed","template":"","meta":[],"pwb-brand":[53],"product_cat":[56],"product_tag":[],"class_list":{"0":"post-740","1":"product","2":"type-product","3":"status-publish","4":"has-post-thumbnail","6":"pwb-brand-roncey-pharma","7":"product_cat-hydratants-peaux-seches","8":"post","9":"ws-product--style-1","11":"first","12":"instock","13":"shipping-taxable","14":"purchasable","15":"product-type-simple"},"yoast_head":"<!-- This site is optimized with the Yoast SEO plugin v23.0 - https:\/\/yoast.com\/wordpress\/plugins\/seo\/ -->\n<title>Cr\u00e8me Hydratante pour peau s\u00e8che - Roncey HydraSkin- 50ml - OrthoPara<\/title>\n<meta name=\"robots\" content=\"index, follow, max-snippet:-1, max-image-preview:large, max-video-preview:-1\" \/>\n<link rel=\"canonical\" href=\"https:\/\/orthopara.store\/index.php\/produit\/creme-hydratante-pour-peau-seche-roncey-hydraskin-50ml\/\" \/>\n<meta property=\"og:locale\" content=\"fr_FR\" \/>\n<meta property=\"og:type\" content=\"article\" \/>\n<meta property=\"og:title\" content=\"Cr\u00e8me Hydratante pour peau s\u00e8che - Roncey HydraSkin- 50ml - OrthoPara\" \/>\n<meta property=\"og:description\" content=\"Roncey HydraSkin Cr\u00e8me Hydratante pour peau s\u00e8che hydraskin\u00a0 Cette cr\u00e8me hydratante permet de r\u00e9hydrater l&#039;\u00e9piderme en profondeur et de rconstituer la barri\u00e8re hydrolipidique pour une peu saine, et sans imperfections. Contenance: 50ml\u00a0\" \/>\n<meta property=\"og:url\" content=\"https:\/\/orthopara.store\/index.php\/produit\/creme-hydratante-pour-peau-seche-roncey-hydraskin-50ml\/\" \/>\n<meta property=\"og:site_name\" content=\"OrthoPara\" \/>\n<meta property=\"article:publisher\" content=\"https:\/\/www.facebook.com\/profile.php?id=61561194315651\" \/>\n<meta property=\"article:modified_time\" content=\"2024-11-10T15:19:53+00:00\" \/>\n<meta property=\"og:image\" content=\"https:\/\/orthopara.store\/wp-content\/uploads\/2024\/06\/creme-hydratante-pour-peau-seche-roncey-hydraskin-50ml.jpg\" \/>\n\t<meta property=\"og:image:width\" content=\"800\" \/>\n\t<meta property=\"og:image:height\" content=\"800\" \/>\n\t<meta property=\"og:image:type\" content=\"image\/jpeg\" \/>\n<meta name=\"twitter:card\" content=\"summary_large_image\" \/>\n<meta name=\"twitter:label1\" content=\"Dur\u00e9e de lecture estim\u00e9e\" \/>\n\t<meta name=\"twitter:data1\" content=\"3 minutes\" \/>\n<script type=\"application\/ld+json\" class=\"yoast-schema-graph\">{\"@context\":\"https:\/\/schema.org\",\"@graph\":[{\"@type\":\"WebPage\",\"@id\":\"https:\/\/orthopara.store\/index.php\/produit\/creme-hydratante-pour-peau-seche-roncey-hydraskin-50ml\/\",\"url\":\"https:\/\/orthopara.store\/index.php\/produit\/creme-hydratante-pour-peau-seche-roncey-hydraskin-50ml\/\",\"name\":\"Cr\u00e8me Hydratante pour peau s\u00e8che - Roncey HydraSkin- 50ml - OrthoPara\",\"isPartOf\":{\"@id\":\"https:\/\/orthopara.store\/#website\"},\"primaryImageOfPage\":{\"@id\":\"https:\/\/orthopara.store\/index.php\/produit\/creme-hydratante-pour-peau-seche-roncey-hydraskin-50ml\/#primaryimage\"},\"image\":{\"@id\":\"https:\/\/orthopara.store\/index.php\/produit\/creme-hydratante-pour-peau-seche-roncey-hydraskin-50ml\/#primaryimage\"},\"thumbnailUrl\":\"https:\/\/orthopara.store\/wp-content\/uploads\/2024\/06\/creme-hydratante-pour-peau-seche-roncey-hydraskin-50ml.jpg\",\"datePublished\":\"2024-06-28T13:49:42+00:00\",\"dateModified\":\"2024-11-10T15:19:53+00:00\",\"breadcrumb\":{\"@id\":\"https:\/\/orthopara.store\/index.php\/produit\/creme-hydratante-pour-peau-seche-roncey-hydraskin-50ml\/#breadcrumb\"},\"inLanguage\":\"fr-FR\",\"potentialAction\":[{\"@type\":\"ReadAction\",\"target\":[\"https:\/\/orthopara.store\/index.php\/produit\/creme-hydratante-pour-peau-seche-roncey-hydraskin-50ml\/\"]}]},{\"@type\":\"ImageObject\",\"inLanguage\":\"fr-FR\",\"@id\":\"https:\/\/orthopara.store\/index.php\/produit\/creme-hydratante-pour-peau-seche-roncey-hydraskin-50ml\/#primaryimage\",\"url\":\"https:\/\/orthopara.store\/wp-content\/uploads\/2024\/06\/creme-hydratante-pour-peau-seche-roncey-hydraskin-50ml.jpg\",\"contentUrl\":\"https:\/\/orthopara.store\/wp-content\/uploads\/2024\/06\/creme-hydratante-pour-peau-seche-roncey-hydraskin-50ml.jpg\",\"width\":800,\"height\":800},{\"@type\":\"BreadcrumbList\",\"@id\":\"https:\/\/orthopara.store\/index.php\/produit\/creme-hydratante-pour-peau-seche-roncey-hydraskin-50ml\/#breadcrumb\",\"itemListElement\":[{\"@type\":\"ListItem\",\"position\":1,\"name\":\"Accueil\",\"item\":\"https:\/\/orthopara.store\/\"},{\"@type\":\"ListItem\",\"position\":2,\"name\":\"Shop\",\"item\":\"https:\/\/orthopara.store\/?page_id=622\"},{\"@type\":\"ListItem\",\"position\":3,\"name\":\"Cr\u00e8me Hydratante pour peau s\u00e8che &#8211; Roncey HydraSkin- 50ml\"}]},{\"@type\":\"WebSite\",\"@id\":\"https:\/\/orthopara.store\/#website\",\"url\":\"https:\/\/orthopara.store\/\",\"name\":\"OrthoPara\",\"description\":\"Parapharmacie\",\"publisher\":{\"@id\":\"https:\/\/orthopara.store\/#organization\"},\"potentialAction\":[{\"@type\":\"SearchAction\",\"target\":{\"@type\":\"EntryPoint\",\"urlTemplate\":\"https:\/\/orthopara.store\/?s={search_term_string}\"},\"query-input\":\"required name=search_term_string\"}],\"inLanguage\":\"fr-FR\"},{\"@type\":\"Organization\",\"@id\":\"https:\/\/orthopara.store\/#organization\",\"name\":\"OrthoPara\",\"url\":\"https:\/\/orthopara.store\/\",\"logo\":{\"@type\":\"ImageObject\",\"inLanguage\":\"fr-FR\",\"@id\":\"https:\/\/orthopara.store\/#\/schema\/logo\/image\/\",\"url\":\"https:\/\/orthopara.store\/wp-content\/uploads\/2024\/06\/cropped-9ABA8BAD-6256-4719-9315-15C66E64E882.png\",\"contentUrl\":\"https:\/\/orthopara.store\/wp-content\/uploads\/2024\/06\/cropped-9ABA8BAD-6256-4719-9315-15C66E64E882.png\",\"width\":240,\"height\":72,\"caption\":\"OrthoPara\"},\"image\":{\"@id\":\"https:\/\/orthopara.store\/#\/schema\/logo\/image\/\"},\"sameAs\":[\"https:\/\/www.facebook.com\/profile.php?id=61561194315651\",\"https:\/\/www.instagram.com\/orthopara_tunisie\/\"]}]}<\/script>\n<!-- \/ Yoast SEO plugin. -->","yoast_head_json":{"title":"Cr\u00e8me Hydratante pour peau s\u00e8che - Roncey HydraSkin- 50ml - OrthoPara","robots":{"index":"index","follow":"follow","max-snippet":"max-snippet:-1","max-image-preview":"max-image-preview:large","max-video-preview":"max-video-preview:-1"},"canonical":"https:\/\/orthopara.store\/index.php\/produit\/creme-hydratante-pour-peau-seche-roncey-hydraskin-50ml\/","og_locale":"fr_FR","og_type":"article","og_title":"Cr\u00e8me Hydratante pour peau s\u00e8che - Roncey HydraSkin- 50ml - OrthoPara","og_description":"Roncey HydraSkin Cr\u00e8me Hydratante pour peau s\u00e8che hydraskin\u00a0 Cette cr\u00e8me hydratante permet de r\u00e9hydrater l'\u00e9piderme en profondeur et de rconstituer la barri\u00e8re hydrolipidique pour une peu saine, et sans imperfections. Contenance: 50ml\u00a0","og_url":"https:\/\/orthopara.store\/index.php\/produit\/creme-hydratante-pour-peau-seche-roncey-hydraskin-50ml\/","og_site_name":"OrthoPara","article_publisher":"https:\/\/www.facebook.com\/profile.php?id=61561194315651","article_modified_time":"2024-11-10T15:19:53+00:00","og_image":[{"width":800,"height":800,"url":"https:\/\/orthopara.store\/wp-content\/uploads\/2024\/06\/creme-hydratante-pour-peau-seche-roncey-hydraskin-50ml.jpg","type":"image\/jpeg"}],"twitter_card":"summary_large_image","twitter_misc":{"Dur\u00e9e de lecture estim\u00e9e":"3 minutes"},"schema":{"@context":"https:\/\/schema.org","@graph":[{"@type":"WebPage","@id":"https:\/\/orthopara.store\/index.php\/produit\/creme-hydratante-pour-peau-seche-roncey-hydraskin-50ml\/","url":"https:\/\/orthopara.store\/index.php\/produit\/creme-hydratante-pour-peau-seche-roncey-hydraskin-50ml\/","name":"Cr\u00e8me Hydratante pour peau s\u00e8che - Roncey HydraSkin- 50ml - OrthoPara","isPartOf":{"@id":"https:\/\/orthopara.store\/#website"},"primaryImageOfPage":{"@id":"https:\/\/orthopara.store\/index.php\/produit\/creme-hydratante-pour-peau-seche-roncey-hydraskin-50ml\/#primaryimage"},"image":{"@id":"https:\/\/orthopara.store\/index.php\/produit\/creme-hydratante-pour-peau-seche-roncey-hydraskin-50ml\/#primaryimage"},"thumbnailUrl":"https:\/\/orthopara.store\/wp-content\/uploads\/2024\/06\/creme-hydratante-pour-peau-seche-roncey-hydraskin-50ml.jpg","datePublished":"2024-06-28T13:49:42+00:00","dateModified":"2024-11-10T15:19:53+00:00","breadcrumb":{"@id":"https:\/\/orthopara.store\/index.php\/produit\/creme-hydratante-pour-peau-seche-roncey-hydraskin-50ml\/#breadcrumb"},"inLanguage":"fr-FR","potentialAction":[{"@type":"ReadAction","target":["https:\/\/orthopara.store\/index.php\/produit\/creme-hydratante-pour-peau-seche-roncey-hydraskin-50ml\/"]}]},{"@type":"ImageObject","inLanguage":"fr-FR","@id":"https:\/\/orthopara.store\/index.php\/produit\/creme-hydratante-pour-peau-seche-roncey-hydraskin-50ml\/#primaryimage","url":"https:\/\/orthopara.store\/wp-content\/uploads\/2024\/06\/creme-hydratante-pour-peau-seche-roncey-hydraskin-50ml.jpg","contentUrl":"https:\/\/orthopara.store\/wp-content\/uploads\/2024\/06\/creme-hydratante-pour-peau-seche-roncey-hydraskin-50ml.jpg","width":800,"height":800},{"@type":"BreadcrumbList","@id":"https:\/\/orthopara.store\/index.php\/produit\/creme-hydratante-pour-peau-seche-roncey-hydraskin-50ml\/#breadcrumb","itemListElement":[{"@type":"ListItem","position":1,"name":"Accueil","item":"https:\/\/orthopara.store\/"},{"@type":"ListItem","position":2,"name":"Shop","item":"https:\/\/orthopara.store\/?page_id=622"},{"@type":"ListItem","position":3,"name":"Cr\u00e8me Hydratante pour peau s\u00e8che &#8211; Roncey HydraSkin- 50ml"}]},{"@type":"WebSite","@id":"https:\/\/orthopara.store\/#website","url":"https:\/\/orthopara.store\/","name":"OrthoPara","description":"Parapharmacie","publisher":{"@id":"https:\/\/orthopara.store\/#organization"},"potentialAction":[{"@type":"SearchAction","target":{"@type":"EntryPoint","urlTemplate":"https:\/\/orthopara.store\/?s={search_term_string}"},"query-input":"required name=search_term_string"}],"inLanguage":"fr-FR"},{"@type":"Organization","@id":"https:\/\/orthopara.store\/#organization","name":"OrthoPara","url":"https:\/\/orthopara.store\/","logo":{"@type":"ImageObject","inLanguage":"fr-FR","@id":"https:\/\/orthopara.store\/#\/schema\/logo\/image\/","url":"https:\/\/orthopara.store\/wp-content\/uploads\/2024\/06\/cropped-9ABA8BAD-6256-4719-9315-15C66E64E882.png","contentUrl":"https:\/\/orthopara.store\/wp-content\/uploads\/2024\/06\/cropped-9ABA8BAD-6256-4719-9315-15C66E64E882.png","width":240,"height":72,"caption":"OrthoPara"},"image":{"@id":"https:\/\/orthopara.store\/#\/schema\/logo\/image\/"},"sameAs":["https:\/\/www.facebook.com\/profile.php?id=61561194315651","https:\/\/www.instagram.com\/orthopara_tunisie\/"]}]}},"jetpack_sharing_enabled":true,"brands":[{"id":53,"name":"Roncey Pharma","slug":"roncey-pharma"}],"_links":{"self":[{"href":"https:\/\/orthopara.store\/index.php?rest_route=\/wp\/v2\/product\/740","targetHints":{"allow":["GET"]}}],"collection":[{"href":"https:\/\/orthopara.store\/index.php?rest_route=\/wp\/v2\/product"}],"about":[{"href":"https:\/\/orthopara.store\/index.php?rest_route=\/wp\/v2\/types\/product"}],"replies":[{"embeddable":true,"href":"https:\/\/orthopara.store\/index.php?rest_route=%2Fwp%2Fv2%2Fcomments&post=740"}],"wp:featuredmedia":[{"embeddable":true,"href":"https:\/\/orthopara.store\/index.php?rest_route=\/wp\/v2\/media\/762"}],"wp:attachment":[{"href":"https:\/\/orthopara.store\/index.php?rest_route=%2Fwp%2Fv2%2Fmedia&parent=740"}],"wp:term":[{"taxonomy":"pwb-brand","embeddable":true,"href":"https:\/\/orthopara.store\/index.php?rest_route=%2Fwp%2Fv2%2Fpwb-brand&post=740"},{"taxonomy":"product_cat","embeddable":true,"href":"https:\/\/orthopara.store\/index.php?rest_route=%2Fwp%2Fv2%2Fproduct_cat&post=740"},{"taxonomy":"product_tag","embeddable":true,"href":"https:\/\/orthopara.store\/index.php?rest_route=%2Fwp%2Fv2%2Fproduct_tag&post=740"}],"curies":[{"name":"wp","href":"https:\/\/api.w.org\/{rel}","templated":true}]}}