{"id":741,"date":"2024-06-28T15:49:42","date_gmt":"2024-06-28T13:49:42","guid":{"rendered":"https:\/\/orthopara.store\/?post_type=product&#038;p=741"},"modified":"2024-06-28T15:49:51","modified_gmt":"2024-06-28T13:49:51","slug":"trousse-decouverte-inoderma-skin-booster-hydratation-visage","status":"publish","type":"product","link":"https:\/\/orthopara.store\/?product=trousse-decouverte-inoderma-skin-booster-hydratation-visage","title":{"rendered":"Trousse d\u00e9couverte Inoderma &#8211; Skin Booster &#8211; hydratation visage"},"content":{"rendered":"<p>Trousse d\u00e9couverte Inoderma &#8211; Skin Booster &#8211; hydratation visage<br \/>\nCr\u00e8me de jour &#8211; Inoderma Skin Booster &#8211; Hydratante et apaisante &#8211; 40ml<br \/>\nLe soin booster jour , enrichi en evodia rutaecarpa , apportera \u00e0 votre peau la bonne dose d\u2019hydratation du lever au coucher\u00a0<br \/>\nProt\u00e9g\u00e9e des agressions quotidienne ta peau sera revitalis\u00e9e et \u00e9clatante , ton teint sera frais et tonifi\u00e9<br \/>\nconvient \u00e0 tous types de peaux<br \/>\ntexture l\u00e9g\u00e8re<br \/>\nComposition :\u00a0<br \/>\nExtrait de fruit d\u2019Evodia Rutaecarpa :\u00a0a un effet skin booster, effet bonne mine et anti-\u00e2ge.<br \/>\nHypoallerg\u00e9nique- sans parab\u00e8ne- sans alcool<br \/>\nConseils d&rsquo;utilisation :\u00a0<br \/>\nPompez une noisette cr\u00e8me et chauffez-la entre vos mains.<br \/>\nAppliquer d\u00e9licatement sur une peau propre et s\u00e8che : visage et cou.<br \/>\nS\u00e9rum hydratant &#8211; Inoderma\u00a0 Skin booster &#8211; 30ml<br \/>\nLe s\u00e9rum booster intense Inoderma Skin booster contribue \u00e0 faire rena\u00eetre la luminosit\u00e9 du teint, pour une peau intens\u00e9ment hydrat\u00e9e, fra\u00eeche et lisse.<br \/>\nComposition :\u00a0<br \/>\nExtrait de fruit d\u2019Evodia Rutaecarpa :\u00a0a un effet skin booster, effet bonne mine et anti-\u00e2ge.<br \/>\nAcide hyaluronique :\u00a0hydrate la peau en profondeur, repulpe et lisse les rides et ridules<br \/>\nHypoallerg\u00e9nique- sans parab\u00e8ne- sans alcool<br \/>\nConseils d&rsquo;utilisation :\u00a0<br \/>\nAppliquer le s\u00e9rum matin et soir sur une peau propre avant l\u2019application de la cr\u00e8me de jour ou de nuit.<br \/>\nMassez de l\u2019int\u00e9rieur vers l\u2019ext\u00e9rieur en exer\u00e7ant des pressions appuy\u00e9es sur le visage pour drainer et stimuler la circulation.<\/p>\n","protected":false},"excerpt":{"rendered":"<p>Trousse d\u00e9couverte Inoderma<br \/>\nApportez un shot d&rsquo;hydratation et de bonne mine \u00e0 votre peau avec nos soins inoderma skin booster;\u00a0votre teint est illumin\u00e9, vos traits sont repos\u00e9s et l&rsquo;\u00e9clat de votre peau est boost\u00e9.<br \/>\nCe coffret promotionnel se compose de la cr\u00e8me hydratante et de s\u00e9rum skin booster et pr\u00e9sent\u00e9 avec 4 produits offerts :<br \/>\nEau micellaire 30ml<br \/>\nEau micellaire biphas\u00e9e 30<br \/>\ngel lavant nettoyant 30ml<br \/>\nTrousse de beaut\u00e9<\/p>\n","protected":false},"featured_media":763,"comment_status":"open","ping_status":"closed","template":"","meta":[],"pwb-brand":[63],"product_cat":[56],"product_tag":[],"class_list":{"0":"post-741","1":"product","2":"type-product","3":"status-publish","4":"has-post-thumbnail","6":"pwb-brand-inoderma","7":"product_cat-hydratants-peaux-seches","8":"post","9":"ws-product--style-1","11":"first","12":"instock","13":"shipping-taxable","14":"purchasable","15":"product-type-simple"},"yoast_head":"<!-- This site is optimized with the Yoast SEO plugin v23.0 - https:\/\/yoast.com\/wordpress\/plugins\/seo\/ -->\n<title>Trousse d\u00e9couverte Inoderma - Skin Booster - hydratation visage - OrthoPara<\/title>\n<meta name=\"robots\" content=\"index, follow, max-snippet:-1, max-image-preview:large, max-video-preview:-1\" \/>\n<link rel=\"canonical\" href=\"https:\/\/orthopara.store\/index.php\/produit\/trousse-decouverte-inoderma-skin-booster-hydratation-visage\/\" \/>\n<meta property=\"og:locale\" content=\"fr_FR\" \/>\n<meta property=\"og:type\" content=\"article\" \/>\n<meta property=\"og:title\" content=\"Trousse d\u00e9couverte Inoderma - Skin Booster - hydratation visage - OrthoPara\" \/>\n<meta property=\"og:description\" content=\"Trousse d\u00e9couverte Inoderma Apportez un shot d&#039;hydratation et de bonne mine \u00e0 votre peau avec nos soins inoderma skin booster;\u00a0votre teint est illumin\u00e9, vos traits sont repos\u00e9s et l&#039;\u00e9clat de votre peau est boost\u00e9. Ce coffret promotionnel se compose de la cr\u00e8me hydratante et de s\u00e9rum skin booster et pr\u00e9sent\u00e9 avec 4 produits offerts : Eau micellaire 30ml Eau micellaire biphas\u00e9e 30 gel lavant nettoyant 30ml Trousse de beaut\u00e9\" \/>\n<meta property=\"og:url\" content=\"https:\/\/orthopara.store\/index.php\/produit\/trousse-decouverte-inoderma-skin-booster-hydratation-visage\/\" \/>\n<meta property=\"og:site_name\" content=\"OrthoPara\" \/>\n<meta property=\"article:publisher\" content=\"https:\/\/www.facebook.com\/profile.php?id=61561194315651\" \/>\n<meta property=\"article:modified_time\" content=\"2024-06-28T13:49:51+00:00\" \/>\n<meta property=\"og:image\" content=\"https:\/\/orthopara.store\/wp-content\/uploads\/2024\/06\/trousse-decouverte-inoderma-skin-booster-hydratation-visage.jpg\" \/>\n\t<meta property=\"og:image:width\" content=\"800\" \/>\n\t<meta property=\"og:image:height\" content=\"800\" \/>\n\t<meta property=\"og:image:type\" content=\"image\/jpeg\" \/>\n<meta name=\"twitter:card\" content=\"summary_large_image\" \/>\n<meta name=\"twitter:label1\" content=\"Dur\u00e9e de lecture estim\u00e9e\" \/>\n\t<meta name=\"twitter:data1\" content=\"1 minute\" \/>\n<script type=\"application\/ld+json\" class=\"yoast-schema-graph\">{\"@context\":\"https:\/\/schema.org\",\"@graph\":[{\"@type\":\"WebPage\",\"@id\":\"https:\/\/orthopara.store\/index.php\/produit\/trousse-decouverte-inoderma-skin-booster-hydratation-visage\/\",\"url\":\"https:\/\/orthopara.store\/index.php\/produit\/trousse-decouverte-inoderma-skin-booster-hydratation-visage\/\",\"name\":\"Trousse d\u00e9couverte Inoderma - Skin Booster - hydratation visage - OrthoPara\",\"isPartOf\":{\"@id\":\"https:\/\/orthopara.store\/#website\"},\"primaryImageOfPage\":{\"@id\":\"https:\/\/orthopara.store\/index.php\/produit\/trousse-decouverte-inoderma-skin-booster-hydratation-visage\/#primaryimage\"},\"image\":{\"@id\":\"https:\/\/orthopara.store\/index.php\/produit\/trousse-decouverte-inoderma-skin-booster-hydratation-visage\/#primaryimage\"},\"thumbnailUrl\":\"https:\/\/orthopara.store\/wp-content\/uploads\/2024\/06\/trousse-decouverte-inoderma-skin-booster-hydratation-visage.jpg\",\"datePublished\":\"2024-06-28T13:49:42+00:00\",\"dateModified\":\"2024-06-28T13:49:51+00:00\",\"breadcrumb\":{\"@id\":\"https:\/\/orthopara.store\/index.php\/produit\/trousse-decouverte-inoderma-skin-booster-hydratation-visage\/#breadcrumb\"},\"inLanguage\":\"fr-FR\",\"potentialAction\":[{\"@type\":\"ReadAction\",\"target\":[\"https:\/\/orthopara.store\/index.php\/produit\/trousse-decouverte-inoderma-skin-booster-hydratation-visage\/\"]}]},{\"@type\":\"ImageObject\",\"inLanguage\":\"fr-FR\",\"@id\":\"https:\/\/orthopara.store\/index.php\/produit\/trousse-decouverte-inoderma-skin-booster-hydratation-visage\/#primaryimage\",\"url\":\"https:\/\/orthopara.store\/wp-content\/uploads\/2024\/06\/trousse-decouverte-inoderma-skin-booster-hydratation-visage.jpg\",\"contentUrl\":\"https:\/\/orthopara.store\/wp-content\/uploads\/2024\/06\/trousse-decouverte-inoderma-skin-booster-hydratation-visage.jpg\",\"width\":800,\"height\":800},{\"@type\":\"BreadcrumbList\",\"@id\":\"https:\/\/orthopara.store\/index.php\/produit\/trousse-decouverte-inoderma-skin-booster-hydratation-visage\/#breadcrumb\",\"itemListElement\":[{\"@type\":\"ListItem\",\"position\":1,\"name\":\"Accueil\",\"item\":\"https:\/\/orthopara.store\/\"},{\"@type\":\"ListItem\",\"position\":2,\"name\":\"Shop\",\"item\":\"https:\/\/orthopara.store\/?page_id=622\"},{\"@type\":\"ListItem\",\"position\":3,\"name\":\"Trousse d\u00e9couverte Inoderma &#8211; Skin Booster &#8211; hydratation visage\"}]},{\"@type\":\"WebSite\",\"@id\":\"https:\/\/orthopara.store\/#website\",\"url\":\"https:\/\/orthopara.store\/\",\"name\":\"OrthoPara\",\"description\":\"Parapharmacie\",\"publisher\":{\"@id\":\"https:\/\/orthopara.store\/#organization\"},\"potentialAction\":[{\"@type\":\"SearchAction\",\"target\":{\"@type\":\"EntryPoint\",\"urlTemplate\":\"https:\/\/orthopara.store\/?s={search_term_string}\"},\"query-input\":\"required name=search_term_string\"}],\"inLanguage\":\"fr-FR\"},{\"@type\":\"Organization\",\"@id\":\"https:\/\/orthopara.store\/#organization\",\"name\":\"OrthoPara\",\"url\":\"https:\/\/orthopara.store\/\",\"logo\":{\"@type\":\"ImageObject\",\"inLanguage\":\"fr-FR\",\"@id\":\"https:\/\/orthopara.store\/#\/schema\/logo\/image\/\",\"url\":\"https:\/\/orthopara.store\/wp-content\/uploads\/2024\/06\/cropped-9ABA8BAD-6256-4719-9315-15C66E64E882.png\",\"contentUrl\":\"https:\/\/orthopara.store\/wp-content\/uploads\/2024\/06\/cropped-9ABA8BAD-6256-4719-9315-15C66E64E882.png\",\"width\":240,\"height\":72,\"caption\":\"OrthoPara\"},\"image\":{\"@id\":\"https:\/\/orthopara.store\/#\/schema\/logo\/image\/\"},\"sameAs\":[\"https:\/\/www.facebook.com\/profile.php?id=61561194315651\",\"https:\/\/www.instagram.com\/orthopara_tunisie\/\"]}]}<\/script>\n<!-- \/ Yoast SEO plugin. -->","yoast_head_json":{"title":"Trousse d\u00e9couverte Inoderma - Skin Booster - hydratation visage - OrthoPara","robots":{"index":"index","follow":"follow","max-snippet":"max-snippet:-1","max-image-preview":"max-image-preview:large","max-video-preview":"max-video-preview:-1"},"canonical":"https:\/\/orthopara.store\/index.php\/produit\/trousse-decouverte-inoderma-skin-booster-hydratation-visage\/","og_locale":"fr_FR","og_type":"article","og_title":"Trousse d\u00e9couverte Inoderma - Skin Booster - hydratation visage - OrthoPara","og_description":"Trousse d\u00e9couverte Inoderma Apportez un shot d'hydratation et de bonne mine \u00e0 votre peau avec nos soins inoderma skin booster;\u00a0votre teint est illumin\u00e9, vos traits sont repos\u00e9s et l'\u00e9clat de votre peau est boost\u00e9. Ce coffret promotionnel se compose de la cr\u00e8me hydratante et de s\u00e9rum skin booster et pr\u00e9sent\u00e9 avec 4 produits offerts : Eau micellaire 30ml Eau micellaire biphas\u00e9e 30 gel lavant nettoyant 30ml Trousse de beaut\u00e9","og_url":"https:\/\/orthopara.store\/index.php\/produit\/trousse-decouverte-inoderma-skin-booster-hydratation-visage\/","og_site_name":"OrthoPara","article_publisher":"https:\/\/www.facebook.com\/profile.php?id=61561194315651","article_modified_time":"2024-06-28T13:49:51+00:00","og_image":[{"width":800,"height":800,"url":"https:\/\/orthopara.store\/wp-content\/uploads\/2024\/06\/trousse-decouverte-inoderma-skin-booster-hydratation-visage.jpg","type":"image\/jpeg"}],"twitter_card":"summary_large_image","twitter_misc":{"Dur\u00e9e de lecture estim\u00e9e":"1 minute"},"schema":{"@context":"https:\/\/schema.org","@graph":[{"@type":"WebPage","@id":"https:\/\/orthopara.store\/index.php\/produit\/trousse-decouverte-inoderma-skin-booster-hydratation-visage\/","url":"https:\/\/orthopara.store\/index.php\/produit\/trousse-decouverte-inoderma-skin-booster-hydratation-visage\/","name":"Trousse d\u00e9couverte Inoderma - Skin Booster - hydratation visage - OrthoPara","isPartOf":{"@id":"https:\/\/orthopara.store\/#website"},"primaryImageOfPage":{"@id":"https:\/\/orthopara.store\/index.php\/produit\/trousse-decouverte-inoderma-skin-booster-hydratation-visage\/#primaryimage"},"image":{"@id":"https:\/\/orthopara.store\/index.php\/produit\/trousse-decouverte-inoderma-skin-booster-hydratation-visage\/#primaryimage"},"thumbnailUrl":"https:\/\/orthopara.store\/wp-content\/uploads\/2024\/06\/trousse-decouverte-inoderma-skin-booster-hydratation-visage.jpg","datePublished":"2024-06-28T13:49:42+00:00","dateModified":"2024-06-28T13:49:51+00:00","breadcrumb":{"@id":"https:\/\/orthopara.store\/index.php\/produit\/trousse-decouverte-inoderma-skin-booster-hydratation-visage\/#breadcrumb"},"inLanguage":"fr-FR","potentialAction":[{"@type":"ReadAction","target":["https:\/\/orthopara.store\/index.php\/produit\/trousse-decouverte-inoderma-skin-booster-hydratation-visage\/"]}]},{"@type":"ImageObject","inLanguage":"fr-FR","@id":"https:\/\/orthopara.store\/index.php\/produit\/trousse-decouverte-inoderma-skin-booster-hydratation-visage\/#primaryimage","url":"https:\/\/orthopara.store\/wp-content\/uploads\/2024\/06\/trousse-decouverte-inoderma-skin-booster-hydratation-visage.jpg","contentUrl":"https:\/\/orthopara.store\/wp-content\/uploads\/2024\/06\/trousse-decouverte-inoderma-skin-booster-hydratation-visage.jpg","width":800,"height":800},{"@type":"BreadcrumbList","@id":"https:\/\/orthopara.store\/index.php\/produit\/trousse-decouverte-inoderma-skin-booster-hydratation-visage\/#breadcrumb","itemListElement":[{"@type":"ListItem","position":1,"name":"Accueil","item":"https:\/\/orthopara.store\/"},{"@type":"ListItem","position":2,"name":"Shop","item":"https:\/\/orthopara.store\/?page_id=622"},{"@type":"ListItem","position":3,"name":"Trousse d\u00e9couverte Inoderma &#8211; Skin Booster &#8211; hydratation visage"}]},{"@type":"WebSite","@id":"https:\/\/orthopara.store\/#website","url":"https:\/\/orthopara.store\/","name":"OrthoPara","description":"Parapharmacie","publisher":{"@id":"https:\/\/orthopara.store\/#organization"},"potentialAction":[{"@type":"SearchAction","target":{"@type":"EntryPoint","urlTemplate":"https:\/\/orthopara.store\/?s={search_term_string}"},"query-input":"required name=search_term_string"}],"inLanguage":"fr-FR"},{"@type":"Organization","@id":"https:\/\/orthopara.store\/#organization","name":"OrthoPara","url":"https:\/\/orthopara.store\/","logo":{"@type":"ImageObject","inLanguage":"fr-FR","@id":"https:\/\/orthopara.store\/#\/schema\/logo\/image\/","url":"https:\/\/orthopara.store\/wp-content\/uploads\/2024\/06\/cropped-9ABA8BAD-6256-4719-9315-15C66E64E882.png","contentUrl":"https:\/\/orthopara.store\/wp-content\/uploads\/2024\/06\/cropped-9ABA8BAD-6256-4719-9315-15C66E64E882.png","width":240,"height":72,"caption":"OrthoPara"},"image":{"@id":"https:\/\/orthopara.store\/#\/schema\/logo\/image\/"},"sameAs":["https:\/\/www.facebook.com\/profile.php?id=61561194315651","https:\/\/www.instagram.com\/orthopara_tunisie\/"]}]}},"jetpack_sharing_enabled":true,"brands":[{"id":63,"name":"Inoderma","slug":"inoderma"}],"_links":{"self":[{"href":"https:\/\/orthopara.store\/index.php?rest_route=\/wp\/v2\/product\/741","targetHints":{"allow":["GET"]}}],"collection":[{"href":"https:\/\/orthopara.store\/index.php?rest_route=\/wp\/v2\/product"}],"about":[{"href":"https:\/\/orthopara.store\/index.php?rest_route=\/wp\/v2\/types\/product"}],"replies":[{"embeddable":true,"href":"https:\/\/orthopara.store\/index.php?rest_route=%2Fwp%2Fv2%2Fcomments&post=741"}],"wp:featuredmedia":[{"embeddable":true,"href":"https:\/\/orthopara.store\/index.php?rest_route=\/wp\/v2\/media\/763"}],"wp:attachment":[{"href":"https:\/\/orthopara.store\/index.php?rest_route=%2Fwp%2Fv2%2Fmedia&parent=741"}],"wp:term":[{"taxonomy":"pwb-brand","embeddable":true,"href":"https:\/\/orthopara.store\/index.php?rest_route=%2Fwp%2Fv2%2Fpwb-brand&post=741"},{"taxonomy":"product_cat","embeddable":true,"href":"https:\/\/orthopara.store\/index.php?rest_route=%2Fwp%2Fv2%2Fproduct_cat&post=741"},{"taxonomy":"product_tag","embeddable":true,"href":"https:\/\/orthopara.store\/index.php?rest_route=%2Fwp%2Fv2%2Fproduct_tag&post=741"}],"curies":[{"name":"wp","href":"https:\/\/api.w.org\/{rel}","templated":true}]}}