{"id":743,"date":"2024-06-28T15:49:43","date_gmt":"2024-06-28T13:49:43","guid":{"rendered":"https:\/\/orthopara.store\/?post_type=product&#038;p=743"},"modified":"2024-11-10T16:20:19","modified_gmt":"2024-11-10T15:20:19","slug":"creme-hydratante-ultra-nourrissante-bioderma-atoderm-ultra","status":"publish","type":"product","link":"https:\/\/orthopara.store\/?product=creme-hydratante-ultra-nourrissante-bioderma-atoderm-ultra","title":{"rendered":"Cr\u00e8me hydratante ultra-nourrissante &#8211; Bioderma Atoderm Ultra"},"content":{"rendered":"<p>Cr\u00e8me hydratante ultra-nourrissante &#8211; Bioderma Atoderm Ultra<br \/>\nBioderma Atoderm Ultra, soin quotidien ultra-nourrissant et protecteur<br \/>\nThe Skin Protect Complex\u2122 coLe Skin Protect Complex\u2122 contenant de la vitamine PP et une combinaison de deux sucres recr\u00e9e physiquement et biologiquement une barri\u00e8re cutan\u00e9e saine et aide \u00e0 maintenir les r\u00e9serves d&rsquo;eau de la peau, rendant ainsi la peau \u00e0 nouveau confortable :<br \/>\n&#8211; La Vitamine PP, en stimulant la synth\u00e8se des lipides, contribue \u00e0 restructurer la barri\u00e8re cutan\u00e9e, ce qui am\u00e9liore la souplesse de la peau et lui redonne durablement son confort.<br \/>\n&#8211; L&rsquo;association de sucres optimise les r\u00e9serves en eau de la peau et facilite le flux hydrique \u00e0 travers les couches cutan\u00e9es en augmentant la synth\u00e8se d&rsquo;aquaporines (canaux d&rsquo;eau). Cela procure une hydratation en profondeur pendant 24 heures* ; pour soutenir cette action, il stimule la synth\u00e8se d&rsquo;acide hyaluronique, une mol\u00e9cule hautement hygroscopique.<br \/>\n&#8211; La pr\u00e9sence de glyc\u00e9rine et de corps gras min\u00e9raux dans ces soins permet de corriger le manque d&rsquo;hydratation de la peau, en captant l&rsquo;eau. \u00e0 l&rsquo;ext\u00e9rieur du corps.<br \/>\n&#8211; Le complexe naturel brevet\u00e9 D.A.F\u2122 augmente le seuil de tol\u00e9rance de la peau.<br \/>\nConseils d&rsquo;utilisation :<br \/>\nUne \u00e0 deux fois par jour &#8211; 7 jours sur 7<br \/>\n\u00c9tape 1 :<br \/>\nAppliquez Atoderm Cr\u00e8me sur votre peau pr\u00e9alablement nettoy\u00e9e et s\u00e9ch\u00e9e d\u00e9licatement.<br \/>\n\u00c9tape 2 :<br \/>\nMassez doucement jusqu&rsquo;\u00e0 absorption.<br \/>\nAppliquer sur une peau saine. Si la s\u00e9cheresse cutan\u00e9e persiste, consulter un professionnel de sant\u00e9.<\/p>\n","protected":false},"excerpt":{"rendered":"<p>Bioderma Atoderm Cr\u00e8me Ultra<br \/>\nSoin quotidien ultra-nourrissant et protecteur, hydrate imm\u00e9diatement et durablement, apporte douceur et souplesse d\u00e8s la premi\u00e8re application.<br \/>\nTr\u00e8s bonne tol\u00e9rance &#8211; Non com\u00e9dog\u00e8ne &#8211; Texture onctueuse &#8211; Absorption rapide &#8211; Non parfum\u00e9 &#8211; Disponible en version parfum\u00e9e<br \/>\nContenances disponibles :\u00a0<br \/>\nFlacon pompe airless de 500ml\u00a0<br \/>\nTube de 200ml<br \/>\nDLC : 6 mois apr\u00e8s l&rsquo;ouverture<\/p>\n","protected":false},"featured_media":765,"comment_status":"open","ping_status":"closed","template":"","meta":[],"pwb-brand":[64],"product_cat":[56],"product_tag":[],"class_list":{"0":"post-743","1":"product","2":"type-product","3":"status-publish","4":"has-post-thumbnail","6":"pwb-brand-bioderma","7":"product_cat-hydratants-peaux-seches","8":"post","9":"ws-product--style-1","11":"first","12":"instock","13":"shipping-taxable","14":"purchasable","15":"product-type-simple"},"yoast_head":"<!-- This site is optimized with the Yoast SEO plugin v23.0 - https:\/\/yoast.com\/wordpress\/plugins\/seo\/ -->\n<title>Cr\u00e8me hydratante ultra-nourrissante - Bioderma Atoderm Ultra - OrthoPara<\/title>\n<meta name=\"robots\" content=\"index, follow, max-snippet:-1, max-image-preview:large, max-video-preview:-1\" \/>\n<link rel=\"canonical\" href=\"https:\/\/orthopara.store\/index.php\/produit\/creme-hydratante-ultra-nourrissante-bioderma-atoderm-ultra\/\" \/>\n<meta property=\"og:locale\" content=\"fr_FR\" \/>\n<meta property=\"og:type\" content=\"article\" \/>\n<meta property=\"og:title\" content=\"Cr\u00e8me hydratante ultra-nourrissante - Bioderma Atoderm Ultra - OrthoPara\" \/>\n<meta property=\"og:description\" content=\"Bioderma Atoderm Cr\u00e8me Ultra Soin quotidien ultra-nourrissant et protecteur, hydrate imm\u00e9diatement et durablement, apporte douceur et souplesse d\u00e8s la premi\u00e8re application. Tr\u00e8s bonne tol\u00e9rance - Non com\u00e9dog\u00e8ne - Texture onctueuse - Absorption rapide - Non parfum\u00e9 - Disponible en version parfum\u00e9e Contenances disponibles :\u00a0 Flacon pompe airless de 500ml\u00a0 Tube de 200ml DLC : 6 mois apr\u00e8s l&#039;ouverture\" \/>\n<meta property=\"og:url\" content=\"https:\/\/orthopara.store\/index.php\/produit\/creme-hydratante-ultra-nourrissante-bioderma-atoderm-ultra\/\" \/>\n<meta property=\"og:site_name\" content=\"OrthoPara\" \/>\n<meta property=\"article:publisher\" content=\"https:\/\/www.facebook.com\/profile.php?id=61561194315651\" \/>\n<meta property=\"article:modified_time\" content=\"2024-11-10T15:20:19+00:00\" \/>\n<meta property=\"og:image\" content=\"https:\/\/orthopara.store\/wp-content\/uploads\/2024\/06\/creme-hydratante-ultra-nourrissante-bioderma-atoderm-ultra.jpg\" \/>\n\t<meta property=\"og:image:width\" content=\"800\" \/>\n\t<meta property=\"og:image:height\" content=\"800\" \/>\n\t<meta property=\"og:image:type\" content=\"image\/jpeg\" \/>\n<meta name=\"twitter:card\" content=\"summary_large_image\" \/>\n<meta name=\"twitter:label1\" content=\"Dur\u00e9e de lecture estim\u00e9e\" \/>\n\t<meta name=\"twitter:data1\" content=\"1 minute\" \/>\n<script type=\"application\/ld+json\" class=\"yoast-schema-graph\">{\"@context\":\"https:\/\/schema.org\",\"@graph\":[{\"@type\":\"WebPage\",\"@id\":\"https:\/\/orthopara.store\/index.php\/produit\/creme-hydratante-ultra-nourrissante-bioderma-atoderm-ultra\/\",\"url\":\"https:\/\/orthopara.store\/index.php\/produit\/creme-hydratante-ultra-nourrissante-bioderma-atoderm-ultra\/\",\"name\":\"Cr\u00e8me hydratante ultra-nourrissante - Bioderma Atoderm Ultra - OrthoPara\",\"isPartOf\":{\"@id\":\"https:\/\/orthopara.store\/#website\"},\"primaryImageOfPage\":{\"@id\":\"https:\/\/orthopara.store\/index.php\/produit\/creme-hydratante-ultra-nourrissante-bioderma-atoderm-ultra\/#primaryimage\"},\"image\":{\"@id\":\"https:\/\/orthopara.store\/index.php\/produit\/creme-hydratante-ultra-nourrissante-bioderma-atoderm-ultra\/#primaryimage\"},\"thumbnailUrl\":\"https:\/\/orthopara.store\/wp-content\/uploads\/2024\/06\/creme-hydratante-ultra-nourrissante-bioderma-atoderm-ultra.jpg\",\"datePublished\":\"2024-06-28T13:49:43+00:00\",\"dateModified\":\"2024-11-10T15:20:19+00:00\",\"breadcrumb\":{\"@id\":\"https:\/\/orthopara.store\/index.php\/produit\/creme-hydratante-ultra-nourrissante-bioderma-atoderm-ultra\/#breadcrumb\"},\"inLanguage\":\"fr-FR\",\"potentialAction\":[{\"@type\":\"ReadAction\",\"target\":[\"https:\/\/orthopara.store\/index.php\/produit\/creme-hydratante-ultra-nourrissante-bioderma-atoderm-ultra\/\"]}]},{\"@type\":\"ImageObject\",\"inLanguage\":\"fr-FR\",\"@id\":\"https:\/\/orthopara.store\/index.php\/produit\/creme-hydratante-ultra-nourrissante-bioderma-atoderm-ultra\/#primaryimage\",\"url\":\"https:\/\/orthopara.store\/wp-content\/uploads\/2024\/06\/creme-hydratante-ultra-nourrissante-bioderma-atoderm-ultra.jpg\",\"contentUrl\":\"https:\/\/orthopara.store\/wp-content\/uploads\/2024\/06\/creme-hydratante-ultra-nourrissante-bioderma-atoderm-ultra.jpg\",\"width\":800,\"height\":800},{\"@type\":\"BreadcrumbList\",\"@id\":\"https:\/\/orthopara.store\/index.php\/produit\/creme-hydratante-ultra-nourrissante-bioderma-atoderm-ultra\/#breadcrumb\",\"itemListElement\":[{\"@type\":\"ListItem\",\"position\":1,\"name\":\"Accueil\",\"item\":\"https:\/\/orthopara.store\/\"},{\"@type\":\"ListItem\",\"position\":2,\"name\":\"Shop\",\"item\":\"https:\/\/orthopara.store\/?page_id=622\"},{\"@type\":\"ListItem\",\"position\":3,\"name\":\"Cr\u00e8me hydratante ultra-nourrissante &#8211; Bioderma Atoderm Ultra\"}]},{\"@type\":\"WebSite\",\"@id\":\"https:\/\/orthopara.store\/#website\",\"url\":\"https:\/\/orthopara.store\/\",\"name\":\"OrthoPara\",\"description\":\"Parapharmacie\",\"publisher\":{\"@id\":\"https:\/\/orthopara.store\/#organization\"},\"potentialAction\":[{\"@type\":\"SearchAction\",\"target\":{\"@type\":\"EntryPoint\",\"urlTemplate\":\"https:\/\/orthopara.store\/?s={search_term_string}\"},\"query-input\":\"required name=search_term_string\"}],\"inLanguage\":\"fr-FR\"},{\"@type\":\"Organization\",\"@id\":\"https:\/\/orthopara.store\/#organization\",\"name\":\"OrthoPara\",\"url\":\"https:\/\/orthopara.store\/\",\"logo\":{\"@type\":\"ImageObject\",\"inLanguage\":\"fr-FR\",\"@id\":\"https:\/\/orthopara.store\/#\/schema\/logo\/image\/\",\"url\":\"https:\/\/orthopara.store\/wp-content\/uploads\/2024\/06\/cropped-9ABA8BAD-6256-4719-9315-15C66E64E882.png\",\"contentUrl\":\"https:\/\/orthopara.store\/wp-content\/uploads\/2024\/06\/cropped-9ABA8BAD-6256-4719-9315-15C66E64E882.png\",\"width\":240,\"height\":72,\"caption\":\"OrthoPara\"},\"image\":{\"@id\":\"https:\/\/orthopara.store\/#\/schema\/logo\/image\/\"},\"sameAs\":[\"https:\/\/www.facebook.com\/profile.php?id=61561194315651\",\"https:\/\/www.instagram.com\/orthopara_tunisie\/\"]}]}<\/script>\n<!-- \/ Yoast SEO plugin. -->","yoast_head_json":{"title":"Cr\u00e8me hydratante ultra-nourrissante - Bioderma Atoderm Ultra - OrthoPara","robots":{"index":"index","follow":"follow","max-snippet":"max-snippet:-1","max-image-preview":"max-image-preview:large","max-video-preview":"max-video-preview:-1"},"canonical":"https:\/\/orthopara.store\/index.php\/produit\/creme-hydratante-ultra-nourrissante-bioderma-atoderm-ultra\/","og_locale":"fr_FR","og_type":"article","og_title":"Cr\u00e8me hydratante ultra-nourrissante - Bioderma Atoderm Ultra - OrthoPara","og_description":"Bioderma Atoderm Cr\u00e8me Ultra Soin quotidien ultra-nourrissant et protecteur, hydrate imm\u00e9diatement et durablement, apporte douceur et souplesse d\u00e8s la premi\u00e8re application. Tr\u00e8s bonne tol\u00e9rance - Non com\u00e9dog\u00e8ne - Texture onctueuse - Absorption rapide - Non parfum\u00e9 - Disponible en version parfum\u00e9e Contenances disponibles :\u00a0 Flacon pompe airless de 500ml\u00a0 Tube de 200ml DLC : 6 mois apr\u00e8s l'ouverture","og_url":"https:\/\/orthopara.store\/index.php\/produit\/creme-hydratante-ultra-nourrissante-bioderma-atoderm-ultra\/","og_site_name":"OrthoPara","article_publisher":"https:\/\/www.facebook.com\/profile.php?id=61561194315651","article_modified_time":"2024-11-10T15:20:19+00:00","og_image":[{"width":800,"height":800,"url":"https:\/\/orthopara.store\/wp-content\/uploads\/2024\/06\/creme-hydratante-ultra-nourrissante-bioderma-atoderm-ultra.jpg","type":"image\/jpeg"}],"twitter_card":"summary_large_image","twitter_misc":{"Dur\u00e9e de lecture estim\u00e9e":"1 minute"},"schema":{"@context":"https:\/\/schema.org","@graph":[{"@type":"WebPage","@id":"https:\/\/orthopara.store\/index.php\/produit\/creme-hydratante-ultra-nourrissante-bioderma-atoderm-ultra\/","url":"https:\/\/orthopara.store\/index.php\/produit\/creme-hydratante-ultra-nourrissante-bioderma-atoderm-ultra\/","name":"Cr\u00e8me hydratante ultra-nourrissante - Bioderma Atoderm Ultra - OrthoPara","isPartOf":{"@id":"https:\/\/orthopara.store\/#website"},"primaryImageOfPage":{"@id":"https:\/\/orthopara.store\/index.php\/produit\/creme-hydratante-ultra-nourrissante-bioderma-atoderm-ultra\/#primaryimage"},"image":{"@id":"https:\/\/orthopara.store\/index.php\/produit\/creme-hydratante-ultra-nourrissante-bioderma-atoderm-ultra\/#primaryimage"},"thumbnailUrl":"https:\/\/orthopara.store\/wp-content\/uploads\/2024\/06\/creme-hydratante-ultra-nourrissante-bioderma-atoderm-ultra.jpg","datePublished":"2024-06-28T13:49:43+00:00","dateModified":"2024-11-10T15:20:19+00:00","breadcrumb":{"@id":"https:\/\/orthopara.store\/index.php\/produit\/creme-hydratante-ultra-nourrissante-bioderma-atoderm-ultra\/#breadcrumb"},"inLanguage":"fr-FR","potentialAction":[{"@type":"ReadAction","target":["https:\/\/orthopara.store\/index.php\/produit\/creme-hydratante-ultra-nourrissante-bioderma-atoderm-ultra\/"]}]},{"@type":"ImageObject","inLanguage":"fr-FR","@id":"https:\/\/orthopara.store\/index.php\/produit\/creme-hydratante-ultra-nourrissante-bioderma-atoderm-ultra\/#primaryimage","url":"https:\/\/orthopara.store\/wp-content\/uploads\/2024\/06\/creme-hydratante-ultra-nourrissante-bioderma-atoderm-ultra.jpg","contentUrl":"https:\/\/orthopara.store\/wp-content\/uploads\/2024\/06\/creme-hydratante-ultra-nourrissante-bioderma-atoderm-ultra.jpg","width":800,"height":800},{"@type":"BreadcrumbList","@id":"https:\/\/orthopara.store\/index.php\/produit\/creme-hydratante-ultra-nourrissante-bioderma-atoderm-ultra\/#breadcrumb","itemListElement":[{"@type":"ListItem","position":1,"name":"Accueil","item":"https:\/\/orthopara.store\/"},{"@type":"ListItem","position":2,"name":"Shop","item":"https:\/\/orthopara.store\/?page_id=622"},{"@type":"ListItem","position":3,"name":"Cr\u00e8me hydratante ultra-nourrissante &#8211; Bioderma Atoderm Ultra"}]},{"@type":"WebSite","@id":"https:\/\/orthopara.store\/#website","url":"https:\/\/orthopara.store\/","name":"OrthoPara","description":"Parapharmacie","publisher":{"@id":"https:\/\/orthopara.store\/#organization"},"potentialAction":[{"@type":"SearchAction","target":{"@type":"EntryPoint","urlTemplate":"https:\/\/orthopara.store\/?s={search_term_string}"},"query-input":"required name=search_term_string"}],"inLanguage":"fr-FR"},{"@type":"Organization","@id":"https:\/\/orthopara.store\/#organization","name":"OrthoPara","url":"https:\/\/orthopara.store\/","logo":{"@type":"ImageObject","inLanguage":"fr-FR","@id":"https:\/\/orthopara.store\/#\/schema\/logo\/image\/","url":"https:\/\/orthopara.store\/wp-content\/uploads\/2024\/06\/cropped-9ABA8BAD-6256-4719-9315-15C66E64E882.png","contentUrl":"https:\/\/orthopara.store\/wp-content\/uploads\/2024\/06\/cropped-9ABA8BAD-6256-4719-9315-15C66E64E882.png","width":240,"height":72,"caption":"OrthoPara"},"image":{"@id":"https:\/\/orthopara.store\/#\/schema\/logo\/image\/"},"sameAs":["https:\/\/www.facebook.com\/profile.php?id=61561194315651","https:\/\/www.instagram.com\/orthopara_tunisie\/"]}]}},"jetpack_sharing_enabled":true,"brands":[{"id":64,"name":"BIODERMA","slug":"bioderma"}],"_links":{"self":[{"href":"https:\/\/orthopara.store\/index.php?rest_route=\/wp\/v2\/product\/743","targetHints":{"allow":["GET"]}}],"collection":[{"href":"https:\/\/orthopara.store\/index.php?rest_route=\/wp\/v2\/product"}],"about":[{"href":"https:\/\/orthopara.store\/index.php?rest_route=\/wp\/v2\/types\/product"}],"replies":[{"embeddable":true,"href":"https:\/\/orthopara.store\/index.php?rest_route=%2Fwp%2Fv2%2Fcomments&post=743"}],"wp:featuredmedia":[{"embeddable":true,"href":"https:\/\/orthopara.store\/index.php?rest_route=\/wp\/v2\/media\/765"}],"wp:attachment":[{"href":"https:\/\/orthopara.store\/index.php?rest_route=%2Fwp%2Fv2%2Fmedia&parent=743"}],"wp:term":[{"taxonomy":"pwb-brand","embeddable":true,"href":"https:\/\/orthopara.store\/index.php?rest_route=%2Fwp%2Fv2%2Fpwb-brand&post=743"},{"taxonomy":"product_cat","embeddable":true,"href":"https:\/\/orthopara.store\/index.php?rest_route=%2Fwp%2Fv2%2Fproduct_cat&post=743"},{"taxonomy":"product_tag","embeddable":true,"href":"https:\/\/orthopara.store\/index.php?rest_route=%2Fwp%2Fv2%2Fproduct_tag&post=743"}],"curies":[{"name":"wp","href":"https:\/\/api.w.org\/{rel}","templated":true}]}}