{"id":770,"date":"2024-06-28T15:49:55","date_gmt":"2024-06-28T13:49:55","guid":{"rendered":"https:\/\/orthopara.store\/?post_type=product&#038;p=770"},"modified":"2024-06-28T15:49:58","modified_gmt":"2024-06-28T13:49:58","slug":"creme-nourrissante-avene-cold-cream-40ml","status":"publish","type":"product","link":"https:\/\/orthopara.store\/?product=creme-nourrissante-avene-cold-cream-40ml","title":{"rendered":"Cr\u00e8me nourrissante &#8211; Av\u00e8ne Cold Cream &#8211; 40ml"},"content":{"rendered":"<p>Cr\u00e8me nourrissante &#8211; Av\u00e8ne Cold Cream &#8211; 40ml<br \/>\nNutritive : Riche en Cold Cream, cette cr\u00e8me onctueuse procure un grand moment de confort \u00e0 vos mains, d\u00e8s son application et sans effet gras. R\u00e9paratrice : Gr\u00e2ce \u00e0 son actif le Sucralfate, elle r\u00e9g\u00e9n\u00e8re la peau. Apaisante : L\u2019Eau thermale d\u2019Av\u00e8ne, apaisante et anti-irritante, procure \u00e0 votre peau une sensation de confort imm\u00e9diate.<br \/>\nConseils d&rsquo;utilisation :\u00a0<br \/>\nNettoyez votre peau au pr\u00e9alable. Appliquez ce soin deux fois par jour en massant d\u00e9licatement pour bien faire p\u00e9n\u00e9trer la cr\u00e8me.<br \/>\nComposition :<br \/>\nMineral Oil (Paraffinum Liquidum). Avene Thermal Spring Water (Avene Aqua). Beeswax (Cera Alba). Glyceryl Stearate. Cetyl Alcohol. Bht. C20-40 Pareth-10. Cetyl Phosphate. Fragrance (Parfum). Methylparaben. Sodium Hydroxide. Triethanolamine.<\/p>\n","protected":false},"excerpt":{"rendered":"<p>Av\u00e8ne Cold Cream<br \/>\nCr\u00e8me nourrissante<br \/>\nCold Cream Cr\u00e8me Soin 3 en 1 nourrit, hydrate et prot\u00e8ge votre peau des agressions ext\u00e9rieures.<br \/>\nRiche en Cold Cream, cette cr\u00e8me \u00e0 la texture onctueuse procure un grand moment de confort \u00e0 votre peau d\u00e8s son application. Elle prot\u00e8ge aussi des agressions ext\u00e9rieures gr\u00e2ce \u00e0 la cire d&rsquo;abeille et l&rsquo;eau thermale Av\u00e8ne qui est apaisant, anti-irritante et procure \u00e0 votre peau une sensation de confort imm\u00e9diate.<br \/>\nContenance : 40ml<br \/>\nDLC : 01\/2026<\/p>\n","protected":false},"featured_media":795,"comment_status":"open","ping_status":"closed","template":"","meta":[],"pwb-brand":[61],"product_cat":[56],"product_tag":[],"class_list":{"0":"post-770","1":"product","2":"type-product","3":"status-publish","4":"has-post-thumbnail","6":"pwb-brand-avene","7":"product_cat-hydratants-peaux-seches","8":"post","9":"ws-product--style-1","11":"first","12":"instock","13":"shipping-taxable","14":"purchasable","15":"product-type-simple"},"yoast_head":"<!-- This site is optimized with the Yoast SEO plugin v23.0 - https:\/\/yoast.com\/wordpress\/plugins\/seo\/ -->\n<title>Cr\u00e8me nourrissante - Av\u00e8ne Cold Cream - 40ml - OrthoPara<\/title>\n<meta name=\"robots\" content=\"index, follow, max-snippet:-1, max-image-preview:large, max-video-preview:-1\" \/>\n<link rel=\"canonical\" href=\"https:\/\/orthopara.store\/index.php\/produit\/creme-nourrissante-avene-cold-cream-40ml\/\" \/>\n<meta property=\"og:locale\" content=\"fr_FR\" \/>\n<meta property=\"og:type\" content=\"article\" \/>\n<meta property=\"og:title\" content=\"Cr\u00e8me nourrissante - Av\u00e8ne Cold Cream - 40ml - OrthoPara\" \/>\n<meta property=\"og:description\" content=\"Av\u00e8ne Cold Cream Cr\u00e8me nourrissante Cold Cream Cr\u00e8me Soin 3 en 1 nourrit, hydrate et prot\u00e8ge votre peau des agressions ext\u00e9rieures. Riche en Cold Cream, cette cr\u00e8me \u00e0 la texture onctueuse procure un grand moment de confort \u00e0 votre peau d\u00e8s son application. Elle prot\u00e8ge aussi des agressions ext\u00e9rieures gr\u00e2ce \u00e0 la cire d&#039;abeille et l&#039;eau thermale Av\u00e8ne qui est apaisant, anti-irritante et procure \u00e0 votre peau une sensation de confort imm\u00e9diate. Contenance : 40ml DLC : 01\/2026\" \/>\n<meta property=\"og:url\" content=\"https:\/\/orthopara.store\/index.php\/produit\/creme-nourrissante-avene-cold-cream-40ml\/\" \/>\n<meta property=\"og:site_name\" content=\"OrthoPara\" \/>\n<meta property=\"article:publisher\" content=\"https:\/\/www.facebook.com\/profile.php?id=61561194315651\" \/>\n<meta property=\"article:modified_time\" content=\"2024-06-28T13:49:58+00:00\" \/>\n<meta property=\"og:image\" content=\"https:\/\/orthopara.store\/wp-content\/uploads\/2024\/06\/creme-nourrissante-avene-cold-cream-40ml.jpg\" \/>\n\t<meta property=\"og:image:width\" content=\"800\" \/>\n\t<meta property=\"og:image:height\" content=\"800\" \/>\n\t<meta property=\"og:image:type\" content=\"image\/jpeg\" \/>\n<meta name=\"twitter:card\" content=\"summary_large_image\" \/>\n<meta name=\"twitter:label1\" content=\"Dur\u00e9e de lecture estim\u00e9e\" \/>\n\t<meta name=\"twitter:data1\" content=\"1 minute\" \/>\n<script type=\"application\/ld+json\" class=\"yoast-schema-graph\">{\"@context\":\"https:\/\/schema.org\",\"@graph\":[{\"@type\":\"WebPage\",\"@id\":\"https:\/\/orthopara.store\/index.php\/produit\/creme-nourrissante-avene-cold-cream-40ml\/\",\"url\":\"https:\/\/orthopara.store\/index.php\/produit\/creme-nourrissante-avene-cold-cream-40ml\/\",\"name\":\"Cr\u00e8me nourrissante - Av\u00e8ne Cold Cream - 40ml - OrthoPara\",\"isPartOf\":{\"@id\":\"https:\/\/orthopara.store\/#website\"},\"primaryImageOfPage\":{\"@id\":\"https:\/\/orthopara.store\/index.php\/produit\/creme-nourrissante-avene-cold-cream-40ml\/#primaryimage\"},\"image\":{\"@id\":\"https:\/\/orthopara.store\/index.php\/produit\/creme-nourrissante-avene-cold-cream-40ml\/#primaryimage\"},\"thumbnailUrl\":\"https:\/\/orthopara.store\/wp-content\/uploads\/2024\/06\/creme-nourrissante-avene-cold-cream-40ml.jpg\",\"datePublished\":\"2024-06-28T13:49:55+00:00\",\"dateModified\":\"2024-06-28T13:49:58+00:00\",\"breadcrumb\":{\"@id\":\"https:\/\/orthopara.store\/index.php\/produit\/creme-nourrissante-avene-cold-cream-40ml\/#breadcrumb\"},\"inLanguage\":\"fr-FR\",\"potentialAction\":[{\"@type\":\"ReadAction\",\"target\":[\"https:\/\/orthopara.store\/index.php\/produit\/creme-nourrissante-avene-cold-cream-40ml\/\"]}]},{\"@type\":\"ImageObject\",\"inLanguage\":\"fr-FR\",\"@id\":\"https:\/\/orthopara.store\/index.php\/produit\/creme-nourrissante-avene-cold-cream-40ml\/#primaryimage\",\"url\":\"https:\/\/orthopara.store\/wp-content\/uploads\/2024\/06\/creme-nourrissante-avene-cold-cream-40ml.jpg\",\"contentUrl\":\"https:\/\/orthopara.store\/wp-content\/uploads\/2024\/06\/creme-nourrissante-avene-cold-cream-40ml.jpg\",\"width\":800,\"height\":800},{\"@type\":\"BreadcrumbList\",\"@id\":\"https:\/\/orthopara.store\/index.php\/produit\/creme-nourrissante-avene-cold-cream-40ml\/#breadcrumb\",\"itemListElement\":[{\"@type\":\"ListItem\",\"position\":1,\"name\":\"Accueil\",\"item\":\"https:\/\/orthopara.store\/\"},{\"@type\":\"ListItem\",\"position\":2,\"name\":\"Shop\",\"item\":\"https:\/\/orthopara.store\/?page_id=622\"},{\"@type\":\"ListItem\",\"position\":3,\"name\":\"Cr\u00e8me nourrissante &#8211; Av\u00e8ne Cold Cream &#8211; 40ml\"}]},{\"@type\":\"WebSite\",\"@id\":\"https:\/\/orthopara.store\/#website\",\"url\":\"https:\/\/orthopara.store\/\",\"name\":\"OrthoPara\",\"description\":\"Parapharmacie\",\"publisher\":{\"@id\":\"https:\/\/orthopara.store\/#organization\"},\"potentialAction\":[{\"@type\":\"SearchAction\",\"target\":{\"@type\":\"EntryPoint\",\"urlTemplate\":\"https:\/\/orthopara.store\/?s={search_term_string}\"},\"query-input\":\"required name=search_term_string\"}],\"inLanguage\":\"fr-FR\"},{\"@type\":\"Organization\",\"@id\":\"https:\/\/orthopara.store\/#organization\",\"name\":\"OrthoPara\",\"url\":\"https:\/\/orthopara.store\/\",\"logo\":{\"@type\":\"ImageObject\",\"inLanguage\":\"fr-FR\",\"@id\":\"https:\/\/orthopara.store\/#\/schema\/logo\/image\/\",\"url\":\"https:\/\/orthopara.store\/wp-content\/uploads\/2024\/06\/cropped-9ABA8BAD-6256-4719-9315-15C66E64E882.png\",\"contentUrl\":\"https:\/\/orthopara.store\/wp-content\/uploads\/2024\/06\/cropped-9ABA8BAD-6256-4719-9315-15C66E64E882.png\",\"width\":240,\"height\":72,\"caption\":\"OrthoPara\"},\"image\":{\"@id\":\"https:\/\/orthopara.store\/#\/schema\/logo\/image\/\"},\"sameAs\":[\"https:\/\/www.facebook.com\/profile.php?id=61561194315651\",\"https:\/\/www.instagram.com\/orthopara_tunisie\/\"]}]}<\/script>\n<!-- \/ Yoast SEO plugin. -->","yoast_head_json":{"title":"Cr\u00e8me nourrissante - Av\u00e8ne Cold Cream - 40ml - OrthoPara","robots":{"index":"index","follow":"follow","max-snippet":"max-snippet:-1","max-image-preview":"max-image-preview:large","max-video-preview":"max-video-preview:-1"},"canonical":"https:\/\/orthopara.store\/index.php\/produit\/creme-nourrissante-avene-cold-cream-40ml\/","og_locale":"fr_FR","og_type":"article","og_title":"Cr\u00e8me nourrissante - Av\u00e8ne Cold Cream - 40ml - OrthoPara","og_description":"Av\u00e8ne Cold Cream Cr\u00e8me nourrissante Cold Cream Cr\u00e8me Soin 3 en 1 nourrit, hydrate et prot\u00e8ge votre peau des agressions ext\u00e9rieures. Riche en Cold Cream, cette cr\u00e8me \u00e0 la texture onctueuse procure un grand moment de confort \u00e0 votre peau d\u00e8s son application. Elle prot\u00e8ge aussi des agressions ext\u00e9rieures gr\u00e2ce \u00e0 la cire d'abeille et l'eau thermale Av\u00e8ne qui est apaisant, anti-irritante et procure \u00e0 votre peau une sensation de confort imm\u00e9diate. Contenance : 40ml DLC : 01\/2026","og_url":"https:\/\/orthopara.store\/index.php\/produit\/creme-nourrissante-avene-cold-cream-40ml\/","og_site_name":"OrthoPara","article_publisher":"https:\/\/www.facebook.com\/profile.php?id=61561194315651","article_modified_time":"2024-06-28T13:49:58+00:00","og_image":[{"width":800,"height":800,"url":"https:\/\/orthopara.store\/wp-content\/uploads\/2024\/06\/creme-nourrissante-avene-cold-cream-40ml.jpg","type":"image\/jpeg"}],"twitter_card":"summary_large_image","twitter_misc":{"Dur\u00e9e de lecture estim\u00e9e":"1 minute"},"schema":{"@context":"https:\/\/schema.org","@graph":[{"@type":"WebPage","@id":"https:\/\/orthopara.store\/index.php\/produit\/creme-nourrissante-avene-cold-cream-40ml\/","url":"https:\/\/orthopara.store\/index.php\/produit\/creme-nourrissante-avene-cold-cream-40ml\/","name":"Cr\u00e8me nourrissante - Av\u00e8ne Cold Cream - 40ml - OrthoPara","isPartOf":{"@id":"https:\/\/orthopara.store\/#website"},"primaryImageOfPage":{"@id":"https:\/\/orthopara.store\/index.php\/produit\/creme-nourrissante-avene-cold-cream-40ml\/#primaryimage"},"image":{"@id":"https:\/\/orthopara.store\/index.php\/produit\/creme-nourrissante-avene-cold-cream-40ml\/#primaryimage"},"thumbnailUrl":"https:\/\/orthopara.store\/wp-content\/uploads\/2024\/06\/creme-nourrissante-avene-cold-cream-40ml.jpg","datePublished":"2024-06-28T13:49:55+00:00","dateModified":"2024-06-28T13:49:58+00:00","breadcrumb":{"@id":"https:\/\/orthopara.store\/index.php\/produit\/creme-nourrissante-avene-cold-cream-40ml\/#breadcrumb"},"inLanguage":"fr-FR","potentialAction":[{"@type":"ReadAction","target":["https:\/\/orthopara.store\/index.php\/produit\/creme-nourrissante-avene-cold-cream-40ml\/"]}]},{"@type":"ImageObject","inLanguage":"fr-FR","@id":"https:\/\/orthopara.store\/index.php\/produit\/creme-nourrissante-avene-cold-cream-40ml\/#primaryimage","url":"https:\/\/orthopara.store\/wp-content\/uploads\/2024\/06\/creme-nourrissante-avene-cold-cream-40ml.jpg","contentUrl":"https:\/\/orthopara.store\/wp-content\/uploads\/2024\/06\/creme-nourrissante-avene-cold-cream-40ml.jpg","width":800,"height":800},{"@type":"BreadcrumbList","@id":"https:\/\/orthopara.store\/index.php\/produit\/creme-nourrissante-avene-cold-cream-40ml\/#breadcrumb","itemListElement":[{"@type":"ListItem","position":1,"name":"Accueil","item":"https:\/\/orthopara.store\/"},{"@type":"ListItem","position":2,"name":"Shop","item":"https:\/\/orthopara.store\/?page_id=622"},{"@type":"ListItem","position":3,"name":"Cr\u00e8me nourrissante &#8211; Av\u00e8ne Cold Cream &#8211; 40ml"}]},{"@type":"WebSite","@id":"https:\/\/orthopara.store\/#website","url":"https:\/\/orthopara.store\/","name":"OrthoPara","description":"Parapharmacie","publisher":{"@id":"https:\/\/orthopara.store\/#organization"},"potentialAction":[{"@type":"SearchAction","target":{"@type":"EntryPoint","urlTemplate":"https:\/\/orthopara.store\/?s={search_term_string}"},"query-input":"required name=search_term_string"}],"inLanguage":"fr-FR"},{"@type":"Organization","@id":"https:\/\/orthopara.store\/#organization","name":"OrthoPara","url":"https:\/\/orthopara.store\/","logo":{"@type":"ImageObject","inLanguage":"fr-FR","@id":"https:\/\/orthopara.store\/#\/schema\/logo\/image\/","url":"https:\/\/orthopara.store\/wp-content\/uploads\/2024\/06\/cropped-9ABA8BAD-6256-4719-9315-15C66E64E882.png","contentUrl":"https:\/\/orthopara.store\/wp-content\/uploads\/2024\/06\/cropped-9ABA8BAD-6256-4719-9315-15C66E64E882.png","width":240,"height":72,"caption":"OrthoPara"},"image":{"@id":"https:\/\/orthopara.store\/#\/schema\/logo\/image\/"},"sameAs":["https:\/\/www.facebook.com\/profile.php?id=61561194315651","https:\/\/www.instagram.com\/orthopara_tunisie\/"]}]}},"jetpack_sharing_enabled":true,"brands":[{"id":61,"name":"Avene","slug":"avene"}],"_links":{"self":[{"href":"https:\/\/orthopara.store\/index.php?rest_route=\/wp\/v2\/product\/770","targetHints":{"allow":["GET"]}}],"collection":[{"href":"https:\/\/orthopara.store\/index.php?rest_route=\/wp\/v2\/product"}],"about":[{"href":"https:\/\/orthopara.store\/index.php?rest_route=\/wp\/v2\/types\/product"}],"replies":[{"embeddable":true,"href":"https:\/\/orthopara.store\/index.php?rest_route=%2Fwp%2Fv2%2Fcomments&post=770"}],"wp:featuredmedia":[{"embeddable":true,"href":"https:\/\/orthopara.store\/index.php?rest_route=\/wp\/v2\/media\/795"}],"wp:attachment":[{"href":"https:\/\/orthopara.store\/index.php?rest_route=%2Fwp%2Fv2%2Fmedia&parent=770"}],"wp:term":[{"taxonomy":"pwb-brand","embeddable":true,"href":"https:\/\/orthopara.store\/index.php?rest_route=%2Fwp%2Fv2%2Fpwb-brand&post=770"},{"taxonomy":"product_cat","embeddable":true,"href":"https:\/\/orthopara.store\/index.php?rest_route=%2Fwp%2Fv2%2Fproduct_cat&post=770"},{"taxonomy":"product_tag","embeddable":true,"href":"https:\/\/orthopara.store\/index.php?rest_route=%2Fwp%2Fv2%2Fproduct_tag&post=770"}],"curies":[{"name":"wp","href":"https:\/\/api.w.org\/{rel}","templated":true}]}}