{"id":771,"date":"2024-06-28T15:49:55","date_gmt":"2024-06-28T13:49:55","guid":{"rendered":"https:\/\/orthopara.store\/?post_type=product&#038;p=771"},"modified":"2024-06-28T15:49:59","modified_gmt":"2024-06-28T13:49:59","slug":"gel-creme-nourrissant-dermo-protecteur-neutraderm-200ml","status":"publish","type":"product","link":"https:\/\/orthopara.store\/?product=gel-creme-nourrissant-dermo-protecteur-neutraderm-200ml","title":{"rendered":"Gel-cr\u00e8me nourrissant dermo-protecteur &#8211; Neutraderm &#8211; 200ml"},"content":{"rendered":"<p>Gel-cr\u00e8me nourrissant dermo-protecteur &#8211; Neutraderm &#8211; 200ml<br \/>\nLe Gel-Cr\u00e8me Nourrissant Dermo-Protecteur est une cr\u00e8me anti-tiraillement visage et corps. Ce soin, adapt\u00e9 \u00e0 toute la famille, apaise les tiraillements et les d\u00e9mangeaisons li\u00e9es \u00e0 la s\u00e9cheresse cutan\u00e9e.<br \/>\nLa cr\u00e8me anti-tiraillement pr\u00e9serve le film hydrolipidique et renforce la barri\u00e8re cutan\u00e9e. Nourrie et prot\u00e9g\u00e9e, la peau est souple, douce et confortable d\u00e8s la premi\u00e8re utilisation.<br \/>\nLa texture gel cr\u00e8me onctueuse fond sur la peau et p\u00e9n\u00e8tre rapidement.<br \/>\nSon parfum l\u00e9ger laisse la peau d\u00e9licatement parfum\u00e9e.<br \/>\nSa formule est compos\u00e9e d\u2019actifs et ingr\u00e9dients qui respectent l\u2019\u00e9quilibre de votre peau :<br \/>\nL\u2019allanto\u00efne est apaisante pour la peau, elle lui donne une apparence saine, lisse et douce.<br \/>\nLe beurre de karit\u00e9 am\u00e9liore la fonction barri\u00e8re de la peau et l\u2019hydratation de la peau. Il est apaisant, protecteur, hydratant et adoucissant.<br \/>\nSa formule est compos\u00e9e de 94% d\u2019ingr\u00e9dients d\u2019origine naturelle et de 92% d\u2019ingr\u00e9dients biod\u00e9gradables. Elle contient 50% d\u2019Active Oligo Skin Complex.<\/p>\n","protected":false},"excerpt":{"rendered":"<p>Neutraderm<br \/>\nGel-cr\u00e8me nourrissant dermo-protecteur\u00a0<br \/>\nLe Gel-Cr\u00e8me Nourrissant Dermo-Protecteur est une cr\u00e8me anti-tiraillement visage et corps. Ce soin, adapt\u00e9 \u00e0 toute la famille, apaise les tiraillements et les d\u00e9mangeaisons li\u00e9es \u00e0 la s\u00e9cheresse cutan\u00e9e.<br \/>\nContenance : 200ml\u00a0<br \/>\nDLC 03\/2025<\/p>\n","protected":false},"featured_media":796,"comment_status":"open","ping_status":"closed","template":"","meta":[],"pwb-brand":[70],"product_cat":[56],"product_tag":[],"class_list":{"0":"post-771","1":"product","2":"type-product","3":"status-publish","4":"has-post-thumbnail","6":"pwb-brand-neutraderm","7":"product_cat-hydratants-peaux-seches","8":"post","9":"ws-product--style-1","11":"first","12":"instock","13":"shipping-taxable","14":"purchasable","15":"product-type-simple"},"yoast_head":"<!-- This site is optimized with the Yoast SEO plugin v23.0 - https:\/\/yoast.com\/wordpress\/plugins\/seo\/ -->\n<title>Gel-cr\u00e8me nourrissant dermo-protecteur - Neutraderm - 200ml - OrthoPara<\/title>\n<meta name=\"robots\" content=\"index, follow, max-snippet:-1, max-image-preview:large, max-video-preview:-1\" \/>\n<link rel=\"canonical\" href=\"https:\/\/orthopara.store\/index.php\/produit\/gel-creme-nourrissant-dermo-protecteur-neutraderm-200ml\/\" \/>\n<meta property=\"og:locale\" content=\"fr_FR\" \/>\n<meta property=\"og:type\" content=\"article\" \/>\n<meta property=\"og:title\" content=\"Gel-cr\u00e8me nourrissant dermo-protecteur - Neutraderm - 200ml - OrthoPara\" \/>\n<meta property=\"og:description\" content=\"Neutraderm Gel-cr\u00e8me nourrissant dermo-protecteur\u00a0 Le Gel-Cr\u00e8me Nourrissant Dermo-Protecteur est une cr\u00e8me anti-tiraillement visage et corps. Ce soin, adapt\u00e9 \u00e0 toute la famille, apaise les tiraillements et les d\u00e9mangeaisons li\u00e9es \u00e0 la s\u00e9cheresse cutan\u00e9e. Contenance : 200ml\u00a0 DLC 03\/2025\" \/>\n<meta property=\"og:url\" content=\"https:\/\/orthopara.store\/index.php\/produit\/gel-creme-nourrissant-dermo-protecteur-neutraderm-200ml\/\" \/>\n<meta property=\"og:site_name\" content=\"OrthoPara\" \/>\n<meta property=\"article:publisher\" content=\"https:\/\/www.facebook.com\/profile.php?id=61561194315651\" \/>\n<meta property=\"article:modified_time\" content=\"2024-06-28T13:49:59+00:00\" \/>\n<meta property=\"og:image\" content=\"https:\/\/orthopara.store\/wp-content\/uploads\/2024\/06\/gel-creme-nourrissant-dermo-protecteur-neutraderm-200ml.jpg\" \/>\n\t<meta property=\"og:image:width\" content=\"800\" \/>\n\t<meta property=\"og:image:height\" content=\"800\" \/>\n\t<meta property=\"og:image:type\" content=\"image\/jpeg\" \/>\n<meta name=\"twitter:card\" content=\"summary_large_image\" \/>\n<meta name=\"twitter:label1\" content=\"Dur\u00e9e de lecture estim\u00e9e\" \/>\n\t<meta name=\"twitter:data1\" content=\"1 minute\" \/>\n<script type=\"application\/ld+json\" class=\"yoast-schema-graph\">{\"@context\":\"https:\/\/schema.org\",\"@graph\":[{\"@type\":\"WebPage\",\"@id\":\"https:\/\/orthopara.store\/index.php\/produit\/gel-creme-nourrissant-dermo-protecteur-neutraderm-200ml\/\",\"url\":\"https:\/\/orthopara.store\/index.php\/produit\/gel-creme-nourrissant-dermo-protecteur-neutraderm-200ml\/\",\"name\":\"Gel-cr\u00e8me nourrissant dermo-protecteur - Neutraderm - 200ml - OrthoPara\",\"isPartOf\":{\"@id\":\"https:\/\/orthopara.store\/#website\"},\"primaryImageOfPage\":{\"@id\":\"https:\/\/orthopara.store\/index.php\/produit\/gel-creme-nourrissant-dermo-protecteur-neutraderm-200ml\/#primaryimage\"},\"image\":{\"@id\":\"https:\/\/orthopara.store\/index.php\/produit\/gel-creme-nourrissant-dermo-protecteur-neutraderm-200ml\/#primaryimage\"},\"thumbnailUrl\":\"https:\/\/orthopara.store\/wp-content\/uploads\/2024\/06\/gel-creme-nourrissant-dermo-protecteur-neutraderm-200ml.jpg\",\"datePublished\":\"2024-06-28T13:49:55+00:00\",\"dateModified\":\"2024-06-28T13:49:59+00:00\",\"breadcrumb\":{\"@id\":\"https:\/\/orthopara.store\/index.php\/produit\/gel-creme-nourrissant-dermo-protecteur-neutraderm-200ml\/#breadcrumb\"},\"inLanguage\":\"fr-FR\",\"potentialAction\":[{\"@type\":\"ReadAction\",\"target\":[\"https:\/\/orthopara.store\/index.php\/produit\/gel-creme-nourrissant-dermo-protecteur-neutraderm-200ml\/\"]}]},{\"@type\":\"ImageObject\",\"inLanguage\":\"fr-FR\",\"@id\":\"https:\/\/orthopara.store\/index.php\/produit\/gel-creme-nourrissant-dermo-protecteur-neutraderm-200ml\/#primaryimage\",\"url\":\"https:\/\/orthopara.store\/wp-content\/uploads\/2024\/06\/gel-creme-nourrissant-dermo-protecteur-neutraderm-200ml.jpg\",\"contentUrl\":\"https:\/\/orthopara.store\/wp-content\/uploads\/2024\/06\/gel-creme-nourrissant-dermo-protecteur-neutraderm-200ml.jpg\",\"width\":800,\"height\":800},{\"@type\":\"BreadcrumbList\",\"@id\":\"https:\/\/orthopara.store\/index.php\/produit\/gel-creme-nourrissant-dermo-protecteur-neutraderm-200ml\/#breadcrumb\",\"itemListElement\":[{\"@type\":\"ListItem\",\"position\":1,\"name\":\"Accueil\",\"item\":\"https:\/\/orthopara.store\/\"},{\"@type\":\"ListItem\",\"position\":2,\"name\":\"Shop\",\"item\":\"https:\/\/orthopara.store\/?page_id=622\"},{\"@type\":\"ListItem\",\"position\":3,\"name\":\"Gel-cr\u00e8me nourrissant dermo-protecteur &#8211; Neutraderm &#8211; 200ml\"}]},{\"@type\":\"WebSite\",\"@id\":\"https:\/\/orthopara.store\/#website\",\"url\":\"https:\/\/orthopara.store\/\",\"name\":\"OrthoPara\",\"description\":\"Parapharmacie\",\"publisher\":{\"@id\":\"https:\/\/orthopara.store\/#organization\"},\"potentialAction\":[{\"@type\":\"SearchAction\",\"target\":{\"@type\":\"EntryPoint\",\"urlTemplate\":\"https:\/\/orthopara.store\/?s={search_term_string}\"},\"query-input\":\"required name=search_term_string\"}],\"inLanguage\":\"fr-FR\"},{\"@type\":\"Organization\",\"@id\":\"https:\/\/orthopara.store\/#organization\",\"name\":\"OrthoPara\",\"url\":\"https:\/\/orthopara.store\/\",\"logo\":{\"@type\":\"ImageObject\",\"inLanguage\":\"fr-FR\",\"@id\":\"https:\/\/orthopara.store\/#\/schema\/logo\/image\/\",\"url\":\"https:\/\/orthopara.store\/wp-content\/uploads\/2024\/06\/cropped-9ABA8BAD-6256-4719-9315-15C66E64E882.png\",\"contentUrl\":\"https:\/\/orthopara.store\/wp-content\/uploads\/2024\/06\/cropped-9ABA8BAD-6256-4719-9315-15C66E64E882.png\",\"width\":240,\"height\":72,\"caption\":\"OrthoPara\"},\"image\":{\"@id\":\"https:\/\/orthopara.store\/#\/schema\/logo\/image\/\"},\"sameAs\":[\"https:\/\/www.facebook.com\/profile.php?id=61561194315651\",\"https:\/\/www.instagram.com\/orthopara_tunisie\/\"]}]}<\/script>\n<!-- \/ Yoast SEO plugin. -->","yoast_head_json":{"title":"Gel-cr\u00e8me nourrissant dermo-protecteur - Neutraderm - 200ml - OrthoPara","robots":{"index":"index","follow":"follow","max-snippet":"max-snippet:-1","max-image-preview":"max-image-preview:large","max-video-preview":"max-video-preview:-1"},"canonical":"https:\/\/orthopara.store\/index.php\/produit\/gel-creme-nourrissant-dermo-protecteur-neutraderm-200ml\/","og_locale":"fr_FR","og_type":"article","og_title":"Gel-cr\u00e8me nourrissant dermo-protecteur - Neutraderm - 200ml - OrthoPara","og_description":"Neutraderm Gel-cr\u00e8me nourrissant dermo-protecteur\u00a0 Le Gel-Cr\u00e8me Nourrissant Dermo-Protecteur est une cr\u00e8me anti-tiraillement visage et corps. Ce soin, adapt\u00e9 \u00e0 toute la famille, apaise les tiraillements et les d\u00e9mangeaisons li\u00e9es \u00e0 la s\u00e9cheresse cutan\u00e9e. Contenance : 200ml\u00a0 DLC 03\/2025","og_url":"https:\/\/orthopara.store\/index.php\/produit\/gel-creme-nourrissant-dermo-protecteur-neutraderm-200ml\/","og_site_name":"OrthoPara","article_publisher":"https:\/\/www.facebook.com\/profile.php?id=61561194315651","article_modified_time":"2024-06-28T13:49:59+00:00","og_image":[{"width":800,"height":800,"url":"https:\/\/orthopara.store\/wp-content\/uploads\/2024\/06\/gel-creme-nourrissant-dermo-protecteur-neutraderm-200ml.jpg","type":"image\/jpeg"}],"twitter_card":"summary_large_image","twitter_misc":{"Dur\u00e9e de lecture estim\u00e9e":"1 minute"},"schema":{"@context":"https:\/\/schema.org","@graph":[{"@type":"WebPage","@id":"https:\/\/orthopara.store\/index.php\/produit\/gel-creme-nourrissant-dermo-protecteur-neutraderm-200ml\/","url":"https:\/\/orthopara.store\/index.php\/produit\/gel-creme-nourrissant-dermo-protecteur-neutraderm-200ml\/","name":"Gel-cr\u00e8me nourrissant dermo-protecteur - Neutraderm - 200ml - OrthoPara","isPartOf":{"@id":"https:\/\/orthopara.store\/#website"},"primaryImageOfPage":{"@id":"https:\/\/orthopara.store\/index.php\/produit\/gel-creme-nourrissant-dermo-protecteur-neutraderm-200ml\/#primaryimage"},"image":{"@id":"https:\/\/orthopara.store\/index.php\/produit\/gel-creme-nourrissant-dermo-protecteur-neutraderm-200ml\/#primaryimage"},"thumbnailUrl":"https:\/\/orthopara.store\/wp-content\/uploads\/2024\/06\/gel-creme-nourrissant-dermo-protecteur-neutraderm-200ml.jpg","datePublished":"2024-06-28T13:49:55+00:00","dateModified":"2024-06-28T13:49:59+00:00","breadcrumb":{"@id":"https:\/\/orthopara.store\/index.php\/produit\/gel-creme-nourrissant-dermo-protecteur-neutraderm-200ml\/#breadcrumb"},"inLanguage":"fr-FR","potentialAction":[{"@type":"ReadAction","target":["https:\/\/orthopara.store\/index.php\/produit\/gel-creme-nourrissant-dermo-protecteur-neutraderm-200ml\/"]}]},{"@type":"ImageObject","inLanguage":"fr-FR","@id":"https:\/\/orthopara.store\/index.php\/produit\/gel-creme-nourrissant-dermo-protecteur-neutraderm-200ml\/#primaryimage","url":"https:\/\/orthopara.store\/wp-content\/uploads\/2024\/06\/gel-creme-nourrissant-dermo-protecteur-neutraderm-200ml.jpg","contentUrl":"https:\/\/orthopara.store\/wp-content\/uploads\/2024\/06\/gel-creme-nourrissant-dermo-protecteur-neutraderm-200ml.jpg","width":800,"height":800},{"@type":"BreadcrumbList","@id":"https:\/\/orthopara.store\/index.php\/produit\/gel-creme-nourrissant-dermo-protecteur-neutraderm-200ml\/#breadcrumb","itemListElement":[{"@type":"ListItem","position":1,"name":"Accueil","item":"https:\/\/orthopara.store\/"},{"@type":"ListItem","position":2,"name":"Shop","item":"https:\/\/orthopara.store\/?page_id=622"},{"@type":"ListItem","position":3,"name":"Gel-cr\u00e8me nourrissant dermo-protecteur &#8211; Neutraderm &#8211; 200ml"}]},{"@type":"WebSite","@id":"https:\/\/orthopara.store\/#website","url":"https:\/\/orthopara.store\/","name":"OrthoPara","description":"Parapharmacie","publisher":{"@id":"https:\/\/orthopara.store\/#organization"},"potentialAction":[{"@type":"SearchAction","target":{"@type":"EntryPoint","urlTemplate":"https:\/\/orthopara.store\/?s={search_term_string}"},"query-input":"required name=search_term_string"}],"inLanguage":"fr-FR"},{"@type":"Organization","@id":"https:\/\/orthopara.store\/#organization","name":"OrthoPara","url":"https:\/\/orthopara.store\/","logo":{"@type":"ImageObject","inLanguage":"fr-FR","@id":"https:\/\/orthopara.store\/#\/schema\/logo\/image\/","url":"https:\/\/orthopara.store\/wp-content\/uploads\/2024\/06\/cropped-9ABA8BAD-6256-4719-9315-15C66E64E882.png","contentUrl":"https:\/\/orthopara.store\/wp-content\/uploads\/2024\/06\/cropped-9ABA8BAD-6256-4719-9315-15C66E64E882.png","width":240,"height":72,"caption":"OrthoPara"},"image":{"@id":"https:\/\/orthopara.store\/#\/schema\/logo\/image\/"},"sameAs":["https:\/\/www.facebook.com\/profile.php?id=61561194315651","https:\/\/www.instagram.com\/orthopara_tunisie\/"]}]}},"jetpack_sharing_enabled":true,"brands":[{"id":70,"name":"Neutraderm","slug":"neutraderm"}],"_links":{"self":[{"href":"https:\/\/orthopara.store\/index.php?rest_route=\/wp\/v2\/product\/771","targetHints":{"allow":["GET"]}}],"collection":[{"href":"https:\/\/orthopara.store\/index.php?rest_route=\/wp\/v2\/product"}],"about":[{"href":"https:\/\/orthopara.store\/index.php?rest_route=\/wp\/v2\/types\/product"}],"replies":[{"embeddable":true,"href":"https:\/\/orthopara.store\/index.php?rest_route=%2Fwp%2Fv2%2Fcomments&post=771"}],"wp:featuredmedia":[{"embeddable":true,"href":"https:\/\/orthopara.store\/index.php?rest_route=\/wp\/v2\/media\/796"}],"wp:attachment":[{"href":"https:\/\/orthopara.store\/index.php?rest_route=%2Fwp%2Fv2%2Fmedia&parent=771"}],"wp:term":[{"taxonomy":"pwb-brand","embeddable":true,"href":"https:\/\/orthopara.store\/index.php?rest_route=%2Fwp%2Fv2%2Fpwb-brand&post=771"},{"taxonomy":"product_cat","embeddable":true,"href":"https:\/\/orthopara.store\/index.php?rest_route=%2Fwp%2Fv2%2Fproduct_cat&post=771"},{"taxonomy":"product_tag","embeddable":true,"href":"https:\/\/orthopara.store\/index.php?rest_route=%2Fwp%2Fv2%2Fproduct_tag&post=771"}],"curies":[{"name":"wp","href":"https:\/\/api.w.org\/{rel}","templated":true}]}}