{"id":772,"date":"2024-06-28T15:49:55","date_gmt":"2024-06-28T13:49:55","guid":{"rendered":"https:\/\/orthopara.store\/?post_type=product&#038;p=772"},"modified":"2024-11-07T10:01:28","modified_gmt":"2024-11-07T09:01:28","slug":"coffret-cadeau-dermedic-hydrain3-le-rituel-pour-les-peaux-sensibles","status":"publish","type":"product","link":"https:\/\/orthopara.store\/?product=coffret-cadeau-dermedic-hydrain3-le-rituel-pour-les-peaux-sensibles","title":{"rendered":"Coffret cadeau Dermedic Hydrain3 &#8211; le rituel pour les peaux sensibles"},"content":{"rendered":"<p>Coffret cadeau Dermedic Hydrain3 &#8211; le rituel pour les peaux sensibles\u00a0<br \/>\nLe rituel Dermedic hydrain3 pour les peaux sensibles :<br \/>\npour un soin complet du visage<br \/>\npour une hydratation intense du visage<br \/>\npour peaux sensibles<br \/>\npour peaux d\u00e9shydrat\u00e9es<br \/>\nCr\u00e8me de nuit &#8211; Dermedic Hydrain3 &#8211; 50ml<br \/>\nCr\u00e8me destin\u00e9e aux peaux sensibles et s\u00e8ches. Il procure une revitalisation intensive et une hydratation profonde et durable pendant le sommeil, lorsque l&rsquo;\u00e9piderme est le plus actif et capable de s&rsquo;auto-renouveler. Le complexe innovant Aqualare en instance de brevet assure une hydratation optimale de la peau. Le complexe contient 4 formes d&rsquo;acide hyaluronique, qui se caract\u00e9risent par des tailles mol\u00e9culaires et des structures vectorielles diff\u00e9rentes, ce qui permet \u00e0 la cr\u00e8me de p\u00e9n\u00e9trer activement en profondeur dans l&rsquo;\u00e9piderme et de s&rsquo;hydrater longtemps.<br \/>\nCr\u00e8me contour de yeux &#8211; Dermedic Hydrain3 &#8211; 7ml<br \/>\nSoin du contour des yeux Dermedic Hydrain3 Hyaluro prot\u00e8ge la peau du contour des yeux et lui apporte tous les nutriments et l&rsquo;hydratation n\u00e9cessaires.<br \/>\nGel-cr\u00e8me lavant &#8211; Dermedic Hydrain3 &#8211; 25ml<br \/>\nIl nettoie la peau de toutes les impuret\u00e9s et d\u00e9maquille, laissant la peau fra\u00eeche et propre &#8211; des tensioactifs doux et de l&rsquo;eau thermale nettoient la peau en douceur.<br \/>\nMaintient une hydratation optimale de la peau &#8211; l&rsquo;huile de macadamia avec une forte concentration d&rsquo;acide ol\u00e9ique et de l\u00e9cithine renforce la barri\u00e8re lipidique de la peau, emp\u00eachant la perte d&rsquo;eau trans\u00e9pidermique (TEWL).<br \/>\nNe dess\u00e8che pas la peau &#8211; L&rsquo;acide hyaluronique et les algues retiennent l&rsquo;humidit\u00e9 dans les couches profondes de l&rsquo;\u00e9piderme, emp\u00eachant la d\u00e9shydratation de la peau.<\/p>\n","protected":false},"excerpt":{"rendered":"<p>Coffret cadeau Dermedic Hydrain3<br \/>\nRelief for sensitive skin<br \/>\nTout pour un visage resplendissant dans un m\u00eame coffret. Un coffret beaut\u00e9 Dermedic Relief For Sensitive Skin fera plaisir \u00e0 vos proches et \u00e0 vous aussi.<br \/>\nVous trouverez dans cet \u00e9l\u00e9gant coffret :\u00a0<br \/>\nLa cr\u00e8me de nuit &#8211; Dermedic Hydrain3 &#8211; 50ml<br \/>\nLa cr\u00e8me contour de yeux &#8211; Dermedic Hydrain3 &#8211; 7ml<br \/>\nLe gel-cr\u00e8me lavant &#8211; Dermedic Hydrain3 &#8211; 25ml<\/p>\n","protected":false},"featured_media":797,"comment_status":"open","ping_status":"closed","template":"","meta":[],"pwb-brand":[54],"product_cat":[56],"product_tag":[],"class_list":{"0":"post-772","1":"product","2":"type-product","3":"status-publish","4":"has-post-thumbnail","6":"pwb-brand-dermedic","7":"product_cat-hydratants-peaux-seches","8":"post","9":"ws-product--style-1","11":"first","12":"instock","13":"shipping-taxable","14":"purchasable","15":"product-type-simple"},"yoast_head":"<!-- This site is optimized with the Yoast SEO plugin v23.0 - https:\/\/yoast.com\/wordpress\/plugins\/seo\/ -->\n<title>Coffret cadeau Dermedic Hydrain3 - le rituel pour les peaux sensibles - OrthoPara<\/title>\n<meta name=\"robots\" content=\"index, follow, max-snippet:-1, max-image-preview:large, max-video-preview:-1\" \/>\n<link rel=\"canonical\" href=\"https:\/\/orthopara.store\/index.php\/produit\/coffret-cadeau-dermedic-hydrain3-le-rituel-pour-les-peaux-sensibles\/\" \/>\n<meta property=\"og:locale\" content=\"fr_FR\" \/>\n<meta property=\"og:type\" content=\"article\" \/>\n<meta property=\"og:title\" content=\"Coffret cadeau Dermedic Hydrain3 - le rituel pour les peaux sensibles - OrthoPara\" \/>\n<meta property=\"og:description\" content=\"Coffret cadeau Dermedic Hydrain3 Relief for sensitive skin Tout pour un visage resplendissant dans un m\u00eame coffret. Un coffret beaut\u00e9 Dermedic Relief For Sensitive Skin fera plaisir \u00e0 vos proches et \u00e0 vous aussi. Vous trouverez dans cet \u00e9l\u00e9gant coffret :\u00a0 La cr\u00e8me de nuit - Dermedic Hydrain3 - 50ml La cr\u00e8me contour de yeux - Dermedic Hydrain3 - 7ml Le gel-cr\u00e8me lavant - Dermedic Hydrain3 - 25ml\" \/>\n<meta property=\"og:url\" content=\"https:\/\/orthopara.store\/index.php\/produit\/coffret-cadeau-dermedic-hydrain3-le-rituel-pour-les-peaux-sensibles\/\" \/>\n<meta property=\"og:site_name\" content=\"OrthoPara\" \/>\n<meta property=\"article:publisher\" content=\"https:\/\/www.facebook.com\/profile.php?id=61561194315651\" \/>\n<meta property=\"article:modified_time\" content=\"2024-11-07T09:01:28+00:00\" \/>\n<meta property=\"og:image\" content=\"https:\/\/orthopara.store\/wp-content\/uploads\/2024\/06\/dermedic-hydrain3-coffret-cadeau.jpg\" \/>\n\t<meta property=\"og:image:width\" content=\"800\" \/>\n\t<meta property=\"og:image:height\" content=\"800\" \/>\n\t<meta property=\"og:image:type\" content=\"image\/jpeg\" \/>\n<meta name=\"twitter:card\" content=\"summary_large_image\" \/>\n<meta name=\"twitter:label1\" content=\"Dur\u00e9e de lecture estim\u00e9e\" \/>\n\t<meta name=\"twitter:data1\" content=\"1 minute\" \/>\n<script type=\"application\/ld+json\" class=\"yoast-schema-graph\">{\"@context\":\"https:\/\/schema.org\",\"@graph\":[{\"@type\":\"WebPage\",\"@id\":\"https:\/\/orthopara.store\/index.php\/produit\/coffret-cadeau-dermedic-hydrain3-le-rituel-pour-les-peaux-sensibles\/\",\"url\":\"https:\/\/orthopara.store\/index.php\/produit\/coffret-cadeau-dermedic-hydrain3-le-rituel-pour-les-peaux-sensibles\/\",\"name\":\"Coffret cadeau Dermedic Hydrain3 - le rituel pour les peaux sensibles - OrthoPara\",\"isPartOf\":{\"@id\":\"https:\/\/orthopara.store\/#website\"},\"primaryImageOfPage\":{\"@id\":\"https:\/\/orthopara.store\/index.php\/produit\/coffret-cadeau-dermedic-hydrain3-le-rituel-pour-les-peaux-sensibles\/#primaryimage\"},\"image\":{\"@id\":\"https:\/\/orthopara.store\/index.php\/produit\/coffret-cadeau-dermedic-hydrain3-le-rituel-pour-les-peaux-sensibles\/#primaryimage\"},\"thumbnailUrl\":\"https:\/\/orthopara.store\/wp-content\/uploads\/2024\/06\/dermedic-hydrain3-coffret-cadeau.jpg\",\"datePublished\":\"2024-06-28T13:49:55+00:00\",\"dateModified\":\"2024-11-07T09:01:28+00:00\",\"breadcrumb\":{\"@id\":\"https:\/\/orthopara.store\/index.php\/produit\/coffret-cadeau-dermedic-hydrain3-le-rituel-pour-les-peaux-sensibles\/#breadcrumb\"},\"inLanguage\":\"fr-FR\",\"potentialAction\":[{\"@type\":\"ReadAction\",\"target\":[\"https:\/\/orthopara.store\/index.php\/produit\/coffret-cadeau-dermedic-hydrain3-le-rituel-pour-les-peaux-sensibles\/\"]}]},{\"@type\":\"ImageObject\",\"inLanguage\":\"fr-FR\",\"@id\":\"https:\/\/orthopara.store\/index.php\/produit\/coffret-cadeau-dermedic-hydrain3-le-rituel-pour-les-peaux-sensibles\/#primaryimage\",\"url\":\"https:\/\/orthopara.store\/wp-content\/uploads\/2024\/06\/dermedic-hydrain3-coffret-cadeau.jpg\",\"contentUrl\":\"https:\/\/orthopara.store\/wp-content\/uploads\/2024\/06\/dermedic-hydrain3-coffret-cadeau.jpg\",\"width\":800,\"height\":800},{\"@type\":\"BreadcrumbList\",\"@id\":\"https:\/\/orthopara.store\/index.php\/produit\/coffret-cadeau-dermedic-hydrain3-le-rituel-pour-les-peaux-sensibles\/#breadcrumb\",\"itemListElement\":[{\"@type\":\"ListItem\",\"position\":1,\"name\":\"Accueil\",\"item\":\"https:\/\/orthopara.store\/\"},{\"@type\":\"ListItem\",\"position\":2,\"name\":\"Shop\",\"item\":\"https:\/\/orthopara.store\/?page_id=622\"},{\"@type\":\"ListItem\",\"position\":3,\"name\":\"Coffret cadeau Dermedic Hydrain3 &#8211; le rituel pour les peaux sensibles\"}]},{\"@type\":\"WebSite\",\"@id\":\"https:\/\/orthopara.store\/#website\",\"url\":\"https:\/\/orthopara.store\/\",\"name\":\"OrthoPara\",\"description\":\"Parapharmacie\",\"publisher\":{\"@id\":\"https:\/\/orthopara.store\/#organization\"},\"potentialAction\":[{\"@type\":\"SearchAction\",\"target\":{\"@type\":\"EntryPoint\",\"urlTemplate\":\"https:\/\/orthopara.store\/?s={search_term_string}\"},\"query-input\":\"required name=search_term_string\"}],\"inLanguage\":\"fr-FR\"},{\"@type\":\"Organization\",\"@id\":\"https:\/\/orthopara.store\/#organization\",\"name\":\"OrthoPara\",\"url\":\"https:\/\/orthopara.store\/\",\"logo\":{\"@type\":\"ImageObject\",\"inLanguage\":\"fr-FR\",\"@id\":\"https:\/\/orthopara.store\/#\/schema\/logo\/image\/\",\"url\":\"https:\/\/orthopara.store\/wp-content\/uploads\/2024\/06\/cropped-9ABA8BAD-6256-4719-9315-15C66E64E882.png\",\"contentUrl\":\"https:\/\/orthopara.store\/wp-content\/uploads\/2024\/06\/cropped-9ABA8BAD-6256-4719-9315-15C66E64E882.png\",\"width\":240,\"height\":72,\"caption\":\"OrthoPara\"},\"image\":{\"@id\":\"https:\/\/orthopara.store\/#\/schema\/logo\/image\/\"},\"sameAs\":[\"https:\/\/www.facebook.com\/profile.php?id=61561194315651\",\"https:\/\/www.instagram.com\/orthopara_tunisie\/\"]}]}<\/script>\n<!-- \/ Yoast SEO plugin. -->","yoast_head_json":{"title":"Coffret cadeau Dermedic Hydrain3 - le rituel pour les peaux sensibles - OrthoPara","robots":{"index":"index","follow":"follow","max-snippet":"max-snippet:-1","max-image-preview":"max-image-preview:large","max-video-preview":"max-video-preview:-1"},"canonical":"https:\/\/orthopara.store\/index.php\/produit\/coffret-cadeau-dermedic-hydrain3-le-rituel-pour-les-peaux-sensibles\/","og_locale":"fr_FR","og_type":"article","og_title":"Coffret cadeau Dermedic Hydrain3 - le rituel pour les peaux sensibles - OrthoPara","og_description":"Coffret cadeau Dermedic Hydrain3 Relief for sensitive skin Tout pour un visage resplendissant dans un m\u00eame coffret. Un coffret beaut\u00e9 Dermedic Relief For Sensitive Skin fera plaisir \u00e0 vos proches et \u00e0 vous aussi. Vous trouverez dans cet \u00e9l\u00e9gant coffret :\u00a0 La cr\u00e8me de nuit - Dermedic Hydrain3 - 50ml La cr\u00e8me contour de yeux - Dermedic Hydrain3 - 7ml Le gel-cr\u00e8me lavant - Dermedic Hydrain3 - 25ml","og_url":"https:\/\/orthopara.store\/index.php\/produit\/coffret-cadeau-dermedic-hydrain3-le-rituel-pour-les-peaux-sensibles\/","og_site_name":"OrthoPara","article_publisher":"https:\/\/www.facebook.com\/profile.php?id=61561194315651","article_modified_time":"2024-11-07T09:01:28+00:00","og_image":[{"width":800,"height":800,"url":"https:\/\/orthopara.store\/wp-content\/uploads\/2024\/06\/dermedic-hydrain3-coffret-cadeau.jpg","type":"image\/jpeg"}],"twitter_card":"summary_large_image","twitter_misc":{"Dur\u00e9e de lecture estim\u00e9e":"1 minute"},"schema":{"@context":"https:\/\/schema.org","@graph":[{"@type":"WebPage","@id":"https:\/\/orthopara.store\/index.php\/produit\/coffret-cadeau-dermedic-hydrain3-le-rituel-pour-les-peaux-sensibles\/","url":"https:\/\/orthopara.store\/index.php\/produit\/coffret-cadeau-dermedic-hydrain3-le-rituel-pour-les-peaux-sensibles\/","name":"Coffret cadeau Dermedic Hydrain3 - le rituel pour les peaux sensibles - OrthoPara","isPartOf":{"@id":"https:\/\/orthopara.store\/#website"},"primaryImageOfPage":{"@id":"https:\/\/orthopara.store\/index.php\/produit\/coffret-cadeau-dermedic-hydrain3-le-rituel-pour-les-peaux-sensibles\/#primaryimage"},"image":{"@id":"https:\/\/orthopara.store\/index.php\/produit\/coffret-cadeau-dermedic-hydrain3-le-rituel-pour-les-peaux-sensibles\/#primaryimage"},"thumbnailUrl":"https:\/\/orthopara.store\/wp-content\/uploads\/2024\/06\/dermedic-hydrain3-coffret-cadeau.jpg","datePublished":"2024-06-28T13:49:55+00:00","dateModified":"2024-11-07T09:01:28+00:00","breadcrumb":{"@id":"https:\/\/orthopara.store\/index.php\/produit\/coffret-cadeau-dermedic-hydrain3-le-rituel-pour-les-peaux-sensibles\/#breadcrumb"},"inLanguage":"fr-FR","potentialAction":[{"@type":"ReadAction","target":["https:\/\/orthopara.store\/index.php\/produit\/coffret-cadeau-dermedic-hydrain3-le-rituel-pour-les-peaux-sensibles\/"]}]},{"@type":"ImageObject","inLanguage":"fr-FR","@id":"https:\/\/orthopara.store\/index.php\/produit\/coffret-cadeau-dermedic-hydrain3-le-rituel-pour-les-peaux-sensibles\/#primaryimage","url":"https:\/\/orthopara.store\/wp-content\/uploads\/2024\/06\/dermedic-hydrain3-coffret-cadeau.jpg","contentUrl":"https:\/\/orthopara.store\/wp-content\/uploads\/2024\/06\/dermedic-hydrain3-coffret-cadeau.jpg","width":800,"height":800},{"@type":"BreadcrumbList","@id":"https:\/\/orthopara.store\/index.php\/produit\/coffret-cadeau-dermedic-hydrain3-le-rituel-pour-les-peaux-sensibles\/#breadcrumb","itemListElement":[{"@type":"ListItem","position":1,"name":"Accueil","item":"https:\/\/orthopara.store\/"},{"@type":"ListItem","position":2,"name":"Shop","item":"https:\/\/orthopara.store\/?page_id=622"},{"@type":"ListItem","position":3,"name":"Coffret cadeau Dermedic Hydrain3 &#8211; le rituel pour les peaux sensibles"}]},{"@type":"WebSite","@id":"https:\/\/orthopara.store\/#website","url":"https:\/\/orthopara.store\/","name":"OrthoPara","description":"Parapharmacie","publisher":{"@id":"https:\/\/orthopara.store\/#organization"},"potentialAction":[{"@type":"SearchAction","target":{"@type":"EntryPoint","urlTemplate":"https:\/\/orthopara.store\/?s={search_term_string}"},"query-input":"required name=search_term_string"}],"inLanguage":"fr-FR"},{"@type":"Organization","@id":"https:\/\/orthopara.store\/#organization","name":"OrthoPara","url":"https:\/\/orthopara.store\/","logo":{"@type":"ImageObject","inLanguage":"fr-FR","@id":"https:\/\/orthopara.store\/#\/schema\/logo\/image\/","url":"https:\/\/orthopara.store\/wp-content\/uploads\/2024\/06\/cropped-9ABA8BAD-6256-4719-9315-15C66E64E882.png","contentUrl":"https:\/\/orthopara.store\/wp-content\/uploads\/2024\/06\/cropped-9ABA8BAD-6256-4719-9315-15C66E64E882.png","width":240,"height":72,"caption":"OrthoPara"},"image":{"@id":"https:\/\/orthopara.store\/#\/schema\/logo\/image\/"},"sameAs":["https:\/\/www.facebook.com\/profile.php?id=61561194315651","https:\/\/www.instagram.com\/orthopara_tunisie\/"]}]}},"jetpack_sharing_enabled":true,"brands":[{"id":54,"name":"DERMEDIC","slug":"dermedic"}],"_links":{"self":[{"href":"https:\/\/orthopara.store\/index.php?rest_route=\/wp\/v2\/product\/772","targetHints":{"allow":["GET"]}}],"collection":[{"href":"https:\/\/orthopara.store\/index.php?rest_route=\/wp\/v2\/product"}],"about":[{"href":"https:\/\/orthopara.store\/index.php?rest_route=\/wp\/v2\/types\/product"}],"replies":[{"embeddable":true,"href":"https:\/\/orthopara.store\/index.php?rest_route=%2Fwp%2Fv2%2Fcomments&post=772"}],"wp:featuredmedia":[{"embeddable":true,"href":"https:\/\/orthopara.store\/index.php?rest_route=\/wp\/v2\/media\/797"}],"wp:attachment":[{"href":"https:\/\/orthopara.store\/index.php?rest_route=%2Fwp%2Fv2%2Fmedia&parent=772"}],"wp:term":[{"taxonomy":"pwb-brand","embeddable":true,"href":"https:\/\/orthopara.store\/index.php?rest_route=%2Fwp%2Fv2%2Fpwb-brand&post=772"},{"taxonomy":"product_cat","embeddable":true,"href":"https:\/\/orthopara.store\/index.php?rest_route=%2Fwp%2Fv2%2Fproduct_cat&post=772"},{"taxonomy":"product_tag","embeddable":true,"href":"https:\/\/orthopara.store\/index.php?rest_route=%2Fwp%2Fv2%2Fproduct_tag&post=772"}],"curies":[{"name":"wp","href":"https:\/\/api.w.org\/{rel}","templated":true}]}}