{"id":773,"date":"2024-06-28T15:49:55","date_gmt":"2024-06-28T13:49:55","guid":{"rendered":"https:\/\/orthopara.store\/?post_type=product&#038;p=773"},"modified":"2024-11-10T16:20:40","modified_gmt":"2024-11-10T15:20:40","slug":"creme-hydratante-visage-loramel-ureave-50ml","status":"publish","type":"product","link":"https:\/\/orthopara.store\/?product=creme-hydratante-visage-loramel-ureave-50ml","title":{"rendered":"Cr\u00e8me hydratante visage &#8211; L&rsquo;Oramel Ureave &#8211; 50ml"},"content":{"rendered":"<p>Cr\u00e8me hydratante visage &#8211; L&rsquo;Oramel Ureave &#8211; 50ml<br \/>\nLa cr\u00e8me riche hydratante Ureave de L&rsquo;Oramel est destin\u00e9e pour les peaux s\u00e8ches \u00e0 tr\u00e8s s\u00e8ches. Elle hydrate, r\u00e9pare et prot\u00e8ge efficacement la peau du visage et du corps pour une sensation d&rsquo;apaisement imm\u00e9diate.<br \/>\nCe soin dermatologique combine trois agents hydratants compl\u00e9mentaires : ur\u00e9e, lait de ch\u00e8vre et D-Panth\u00e9nol, qui procurent \u00e0 la cr\u00e8me riche hydratante Ureave de L&rsquo;Oramel un effet hydratant longue dur\u00e9e efficace dans le traitement Qe la s\u00e9cheresse cutan\u00e9e. Apais\u00e9e, nourrie et r\u00e9par\u00e9e, la peau retrouve un aspect doux et lisse, au toucher velout\u00e9 irr\u00e9sistible.<br \/>\nPrincipes actifs :<br \/>\nUrea, Huile abricot, D-panth\u00e9nol, Lait de ch\u00e8vre, Extrait Arnica, Extrait kiwi, Extrait p\u00e9che, Extrait hamm\u00e9m\u00e9lis.<br \/>\nB\u00e9n\u00e9fices :<br \/>\nProcure une hydration tout au long de la journ\u00e9e, et d\u00e8s la premi\u00e8re utilisation.<br \/>\nNourrit la peau<br \/>\nLaisse la peau lisse et velout\u00e9e<br \/>\nNe graisse pas, ne colle pas et p\u00e9n\u00e8tre rapidement.<br \/>\nCaract\u00e9ristiques physico-chimiques :<br \/>\npH :5,5+\/0.5<br \/>\nDensit\u00e9 :0,9<br \/>\nConseils d&rsquo;utilisation :<br \/>\nAppliquer la cr\u00e8me riche hydratante Ureave de L&rsquo;Oramel sur une peau propre et s\u00e8che, une \u00e0 deux fois par jour ou plus si n\u00e9cessaire.<br \/>\nDur\u00e9e de conservation :<br \/>\n>24mois<br \/>\nP\u00e9riode apr\u00e8s ouverture : 6 mois<br \/>\n\u00e0 conserver dans une temp\u00e9rature ambiante.<\/p>\n","protected":false},"excerpt":{"rendered":"<p>L&rsquo;Oramel Ureave<br \/>\nCr\u00e8me hydratante visage<br \/>\nCette cr\u00e8me riche hydratante constitue un soin dermatologique pour les peaux s\u00e8ches \u00e0 tr\u00e8s s\u00e8ches. Elle hydrate, r\u00e9pare et prot\u00e8ge efficacement la peau du visage et du corps pour une sensation d&rsquo;apaisement imm\u00e9diate.<\/p>\n<p>Ur\u00e9e : 10%<br \/>\nTypes de peau : peaux s\u00e8ches \u00e0 tr\u00e8s s\u00e8ches\u00a0<br \/>\nContenance : tube de 50ml<\/p>\n","protected":false},"featured_media":798,"comment_status":"open","ping_status":"closed","template":"","meta":[],"pwb-brand":[71],"product_cat":[56],"product_tag":[],"class_list":{"0":"post-773","1":"product","2":"type-product","3":"status-publish","4":"has-post-thumbnail","6":"pwb-brand-loramel","7":"product_cat-hydratants-peaux-seches","8":"post","9":"ws-product--style-1","11":"first","12":"instock","13":"shipping-taxable","14":"purchasable","15":"product-type-simple"},"yoast_head":"<!-- This site is optimized with the Yoast SEO plugin v23.0 - https:\/\/yoast.com\/wordpress\/plugins\/seo\/ -->\n<title>Cr\u00e8me hydratante visage - L&#039;Oramel Ureave - 50ml - OrthoPara<\/title>\n<meta name=\"robots\" content=\"index, follow, max-snippet:-1, max-image-preview:large, max-video-preview:-1\" \/>\n<link rel=\"canonical\" href=\"https:\/\/orthopara.store\/index.php\/produit\/creme-hydratante-visage-loramel-ureave-50ml\/\" \/>\n<meta property=\"og:locale\" content=\"fr_FR\" \/>\n<meta property=\"og:type\" content=\"article\" \/>\n<meta property=\"og:title\" content=\"Cr\u00e8me hydratante visage - L&#039;Oramel Ureave - 50ml - OrthoPara\" \/>\n<meta property=\"og:description\" content=\"L&#039;Oramel Ureave Cr\u00e8me hydratante visage Cette cr\u00e8me riche hydratante constitue un soin dermatologique pour les peaux s\u00e8ches \u00e0 tr\u00e8s s\u00e8ches. Elle hydrate, r\u00e9pare et prot\u00e8ge efficacement la peau du visage et du corps pour une sensation d&#039;apaisement imm\u00e9diate. Ur\u00e9e : 10% Types de peau : peaux s\u00e8ches \u00e0 tr\u00e8s s\u00e8ches\u00a0 Contenance : tube de 50ml\" \/>\n<meta property=\"og:url\" content=\"https:\/\/orthopara.store\/index.php\/produit\/creme-hydratante-visage-loramel-ureave-50ml\/\" \/>\n<meta property=\"og:site_name\" content=\"OrthoPara\" \/>\n<meta property=\"article:publisher\" content=\"https:\/\/www.facebook.com\/profile.php?id=61561194315651\" \/>\n<meta property=\"article:modified_time\" content=\"2024-11-10T15:20:40+00:00\" \/>\n<meta property=\"og:image\" content=\"https:\/\/orthopara.store\/wp-content\/uploads\/2024\/06\/creme-hydratante-visage-l-oramel-ureave-50ml.jpg\" \/>\n\t<meta property=\"og:image:width\" content=\"800\" \/>\n\t<meta property=\"og:image:height\" content=\"800\" \/>\n\t<meta property=\"og:image:type\" content=\"image\/jpeg\" \/>\n<meta name=\"twitter:card\" content=\"summary_large_image\" \/>\n<meta name=\"twitter:label1\" content=\"Dur\u00e9e de lecture estim\u00e9e\" \/>\n\t<meta name=\"twitter:data1\" content=\"1 minute\" \/>\n<script type=\"application\/ld+json\" class=\"yoast-schema-graph\">{\"@context\":\"https:\/\/schema.org\",\"@graph\":[{\"@type\":\"WebPage\",\"@id\":\"https:\/\/orthopara.store\/index.php\/produit\/creme-hydratante-visage-loramel-ureave-50ml\/\",\"url\":\"https:\/\/orthopara.store\/index.php\/produit\/creme-hydratante-visage-loramel-ureave-50ml\/\",\"name\":\"Cr\u00e8me hydratante visage - L'Oramel Ureave - 50ml - OrthoPara\",\"isPartOf\":{\"@id\":\"https:\/\/orthopara.store\/#website\"},\"primaryImageOfPage\":{\"@id\":\"https:\/\/orthopara.store\/index.php\/produit\/creme-hydratante-visage-loramel-ureave-50ml\/#primaryimage\"},\"image\":{\"@id\":\"https:\/\/orthopara.store\/index.php\/produit\/creme-hydratante-visage-loramel-ureave-50ml\/#primaryimage\"},\"thumbnailUrl\":\"https:\/\/orthopara.store\/wp-content\/uploads\/2024\/06\/creme-hydratante-visage-l-oramel-ureave-50ml.jpg\",\"datePublished\":\"2024-06-28T13:49:55+00:00\",\"dateModified\":\"2024-11-10T15:20:40+00:00\",\"breadcrumb\":{\"@id\":\"https:\/\/orthopara.store\/index.php\/produit\/creme-hydratante-visage-loramel-ureave-50ml\/#breadcrumb\"},\"inLanguage\":\"fr-FR\",\"potentialAction\":[{\"@type\":\"ReadAction\",\"target\":[\"https:\/\/orthopara.store\/index.php\/produit\/creme-hydratante-visage-loramel-ureave-50ml\/\"]}]},{\"@type\":\"ImageObject\",\"inLanguage\":\"fr-FR\",\"@id\":\"https:\/\/orthopara.store\/index.php\/produit\/creme-hydratante-visage-loramel-ureave-50ml\/#primaryimage\",\"url\":\"https:\/\/orthopara.store\/wp-content\/uploads\/2024\/06\/creme-hydratante-visage-l-oramel-ureave-50ml.jpg\",\"contentUrl\":\"https:\/\/orthopara.store\/wp-content\/uploads\/2024\/06\/creme-hydratante-visage-l-oramel-ureave-50ml.jpg\",\"width\":800,\"height\":800},{\"@type\":\"BreadcrumbList\",\"@id\":\"https:\/\/orthopara.store\/index.php\/produit\/creme-hydratante-visage-loramel-ureave-50ml\/#breadcrumb\",\"itemListElement\":[{\"@type\":\"ListItem\",\"position\":1,\"name\":\"Accueil\",\"item\":\"https:\/\/orthopara.store\/\"},{\"@type\":\"ListItem\",\"position\":2,\"name\":\"Shop\",\"item\":\"https:\/\/orthopara.store\/?page_id=622\"},{\"@type\":\"ListItem\",\"position\":3,\"name\":\"Cr\u00e8me hydratante visage &#8211; L&rsquo;Oramel Ureave &#8211; 50ml\"}]},{\"@type\":\"WebSite\",\"@id\":\"https:\/\/orthopara.store\/#website\",\"url\":\"https:\/\/orthopara.store\/\",\"name\":\"OrthoPara\",\"description\":\"Parapharmacie\",\"publisher\":{\"@id\":\"https:\/\/orthopara.store\/#organization\"},\"potentialAction\":[{\"@type\":\"SearchAction\",\"target\":{\"@type\":\"EntryPoint\",\"urlTemplate\":\"https:\/\/orthopara.store\/?s={search_term_string}\"},\"query-input\":\"required name=search_term_string\"}],\"inLanguage\":\"fr-FR\"},{\"@type\":\"Organization\",\"@id\":\"https:\/\/orthopara.store\/#organization\",\"name\":\"OrthoPara\",\"url\":\"https:\/\/orthopara.store\/\",\"logo\":{\"@type\":\"ImageObject\",\"inLanguage\":\"fr-FR\",\"@id\":\"https:\/\/orthopara.store\/#\/schema\/logo\/image\/\",\"url\":\"https:\/\/orthopara.store\/wp-content\/uploads\/2024\/06\/cropped-9ABA8BAD-6256-4719-9315-15C66E64E882.png\",\"contentUrl\":\"https:\/\/orthopara.store\/wp-content\/uploads\/2024\/06\/cropped-9ABA8BAD-6256-4719-9315-15C66E64E882.png\",\"width\":240,\"height\":72,\"caption\":\"OrthoPara\"},\"image\":{\"@id\":\"https:\/\/orthopara.store\/#\/schema\/logo\/image\/\"},\"sameAs\":[\"https:\/\/www.facebook.com\/profile.php?id=61561194315651\",\"https:\/\/www.instagram.com\/orthopara_tunisie\/\"]}]}<\/script>\n<!-- \/ Yoast SEO plugin. -->","yoast_head_json":{"title":"Cr\u00e8me hydratante visage - L'Oramel Ureave - 50ml - OrthoPara","robots":{"index":"index","follow":"follow","max-snippet":"max-snippet:-1","max-image-preview":"max-image-preview:large","max-video-preview":"max-video-preview:-1"},"canonical":"https:\/\/orthopara.store\/index.php\/produit\/creme-hydratante-visage-loramel-ureave-50ml\/","og_locale":"fr_FR","og_type":"article","og_title":"Cr\u00e8me hydratante visage - L'Oramel Ureave - 50ml - OrthoPara","og_description":"L'Oramel Ureave Cr\u00e8me hydratante visage Cette cr\u00e8me riche hydratante constitue un soin dermatologique pour les peaux s\u00e8ches \u00e0 tr\u00e8s s\u00e8ches. Elle hydrate, r\u00e9pare et prot\u00e8ge efficacement la peau du visage et du corps pour une sensation d'apaisement imm\u00e9diate. Ur\u00e9e : 10% Types de peau : peaux s\u00e8ches \u00e0 tr\u00e8s s\u00e8ches\u00a0 Contenance : tube de 50ml","og_url":"https:\/\/orthopara.store\/index.php\/produit\/creme-hydratante-visage-loramel-ureave-50ml\/","og_site_name":"OrthoPara","article_publisher":"https:\/\/www.facebook.com\/profile.php?id=61561194315651","article_modified_time":"2024-11-10T15:20:40+00:00","og_image":[{"width":800,"height":800,"url":"https:\/\/orthopara.store\/wp-content\/uploads\/2024\/06\/creme-hydratante-visage-l-oramel-ureave-50ml.jpg","type":"image\/jpeg"}],"twitter_card":"summary_large_image","twitter_misc":{"Dur\u00e9e de lecture estim\u00e9e":"1 minute"},"schema":{"@context":"https:\/\/schema.org","@graph":[{"@type":"WebPage","@id":"https:\/\/orthopara.store\/index.php\/produit\/creme-hydratante-visage-loramel-ureave-50ml\/","url":"https:\/\/orthopara.store\/index.php\/produit\/creme-hydratante-visage-loramel-ureave-50ml\/","name":"Cr\u00e8me hydratante visage - L'Oramel Ureave - 50ml - OrthoPara","isPartOf":{"@id":"https:\/\/orthopara.store\/#website"},"primaryImageOfPage":{"@id":"https:\/\/orthopara.store\/index.php\/produit\/creme-hydratante-visage-loramel-ureave-50ml\/#primaryimage"},"image":{"@id":"https:\/\/orthopara.store\/index.php\/produit\/creme-hydratante-visage-loramel-ureave-50ml\/#primaryimage"},"thumbnailUrl":"https:\/\/orthopara.store\/wp-content\/uploads\/2024\/06\/creme-hydratante-visage-l-oramel-ureave-50ml.jpg","datePublished":"2024-06-28T13:49:55+00:00","dateModified":"2024-11-10T15:20:40+00:00","breadcrumb":{"@id":"https:\/\/orthopara.store\/index.php\/produit\/creme-hydratante-visage-loramel-ureave-50ml\/#breadcrumb"},"inLanguage":"fr-FR","potentialAction":[{"@type":"ReadAction","target":["https:\/\/orthopara.store\/index.php\/produit\/creme-hydratante-visage-loramel-ureave-50ml\/"]}]},{"@type":"ImageObject","inLanguage":"fr-FR","@id":"https:\/\/orthopara.store\/index.php\/produit\/creme-hydratante-visage-loramel-ureave-50ml\/#primaryimage","url":"https:\/\/orthopara.store\/wp-content\/uploads\/2024\/06\/creme-hydratante-visage-l-oramel-ureave-50ml.jpg","contentUrl":"https:\/\/orthopara.store\/wp-content\/uploads\/2024\/06\/creme-hydratante-visage-l-oramel-ureave-50ml.jpg","width":800,"height":800},{"@type":"BreadcrumbList","@id":"https:\/\/orthopara.store\/index.php\/produit\/creme-hydratante-visage-loramel-ureave-50ml\/#breadcrumb","itemListElement":[{"@type":"ListItem","position":1,"name":"Accueil","item":"https:\/\/orthopara.store\/"},{"@type":"ListItem","position":2,"name":"Shop","item":"https:\/\/orthopara.store\/?page_id=622"},{"@type":"ListItem","position":3,"name":"Cr\u00e8me hydratante visage &#8211; L&rsquo;Oramel Ureave &#8211; 50ml"}]},{"@type":"WebSite","@id":"https:\/\/orthopara.store\/#website","url":"https:\/\/orthopara.store\/","name":"OrthoPara","description":"Parapharmacie","publisher":{"@id":"https:\/\/orthopara.store\/#organization"},"potentialAction":[{"@type":"SearchAction","target":{"@type":"EntryPoint","urlTemplate":"https:\/\/orthopara.store\/?s={search_term_string}"},"query-input":"required name=search_term_string"}],"inLanguage":"fr-FR"},{"@type":"Organization","@id":"https:\/\/orthopara.store\/#organization","name":"OrthoPara","url":"https:\/\/orthopara.store\/","logo":{"@type":"ImageObject","inLanguage":"fr-FR","@id":"https:\/\/orthopara.store\/#\/schema\/logo\/image\/","url":"https:\/\/orthopara.store\/wp-content\/uploads\/2024\/06\/cropped-9ABA8BAD-6256-4719-9315-15C66E64E882.png","contentUrl":"https:\/\/orthopara.store\/wp-content\/uploads\/2024\/06\/cropped-9ABA8BAD-6256-4719-9315-15C66E64E882.png","width":240,"height":72,"caption":"OrthoPara"},"image":{"@id":"https:\/\/orthopara.store\/#\/schema\/logo\/image\/"},"sameAs":["https:\/\/www.facebook.com\/profile.php?id=61561194315651","https:\/\/www.instagram.com\/orthopara_tunisie\/"]}]}},"jetpack_sharing_enabled":true,"brands":[{"id":71,"name":"L'Oramel","slug":"loramel"}],"_links":{"self":[{"href":"https:\/\/orthopara.store\/index.php?rest_route=\/wp\/v2\/product\/773","targetHints":{"allow":["GET"]}}],"collection":[{"href":"https:\/\/orthopara.store\/index.php?rest_route=\/wp\/v2\/product"}],"about":[{"href":"https:\/\/orthopara.store\/index.php?rest_route=\/wp\/v2\/types\/product"}],"replies":[{"embeddable":true,"href":"https:\/\/orthopara.store\/index.php?rest_route=%2Fwp%2Fv2%2Fcomments&post=773"}],"wp:featuredmedia":[{"embeddable":true,"href":"https:\/\/orthopara.store\/index.php?rest_route=\/wp\/v2\/media\/798"}],"wp:attachment":[{"href":"https:\/\/orthopara.store\/index.php?rest_route=%2Fwp%2Fv2%2Fmedia&parent=773"}],"wp:term":[{"taxonomy":"pwb-brand","embeddable":true,"href":"https:\/\/orthopara.store\/index.php?rest_route=%2Fwp%2Fv2%2Fpwb-brand&post=773"},{"taxonomy":"product_cat","embeddable":true,"href":"https:\/\/orthopara.store\/index.php?rest_route=%2Fwp%2Fv2%2Fproduct_cat&post=773"},{"taxonomy":"product_tag","embeddable":true,"href":"https:\/\/orthopara.store\/index.php?rest_route=%2Fwp%2Fv2%2Fproduct_tag&post=773"}],"curies":[{"name":"wp","href":"https:\/\/api.w.org\/{rel}","templated":true}]}}