{"id":776,"date":"2024-06-28T15:49:56","date_gmt":"2024-06-28T13:49:56","guid":{"rendered":"https:\/\/orthopara.store\/?post_type=product&#038;p=776"},"modified":"2024-11-10T16:17:41","modified_gmt":"2024-11-10T15:17:41","slug":"creme-hydarante-repulpante-filorga-hydra-hyal-50ml","status":"publish","type":"product","link":"https:\/\/orthopara.store\/?product=creme-hydarante-repulpante-filorga-hydra-hyal-50ml","title":{"rendered":"Cr\u00e8me hydarante repulpante &#8211; Filorga Hydra-Hyal &#8211; 50ml"},"content":{"rendered":"<p>Cr\u00e8me hydarante repulpante &#8211; Filorga Hydra-Hyal &#8211; 50ml\u00a0<br \/>\nD\u00e9couvrez la cr\u00e8me visage\u00a0Hydra-Hyal, le bain d\u2019hydratation en pot. Pour compl\u00e9ter votre routine\u00a0<br \/>\nFilorga s\u2019appuie sur un historique de pr\u00e8s de 40 ans* d\u2019expertise en injectables et int\u00e8gre pour la 1re fois dans un de ses soins un complexe qui d\u00e9livre dans la peau 5 types d\u2019acides hyaluroniques [r\u00e9ticul\u00e9, encapsul\u00e9, bas, moyen et haut poids mol\u00e9culaires] pour hydrater, lisser et repulper.<br \/>\nUne synergie in\u00e9dite de 5 acides hyaluroniques qui offre \u00e0 la peau le summum de l\u2019hydratation anti-\u00e2ge ! Quel que soit l\u2019\u00e2ge ou le type de peau, la gamme\u00a0Hydra-Hyal\u00a0se glisse dans toutes les routines de soin des peaux assoiff\u00e9es. Avec le soin de jour HYDRA-HYAL, FILORGA remet l\u2019hydratation au c\u0153ur de la lutte contre le vieillissement cutan\u00e9 et offre aux femmes une nouvelle p\u00e9pite cosm\u00e9tique anti-\u00e2ge.<\/p>\n<p>Conseils d&rsquo;utilisation :\u00a0<br \/>\nAppliquer en soin quotidien le matin et le soir sur l&rsquo;ensemble du visage et cou.<br \/>\nElle s\u2019utilise en compl\u00e9ment du s\u00e9rum Hydra-Hyal pour d\u00e9cupler les effets super-hydratants et hautement repulpants du complexe Hyal-Diffusing Factors.<\/p>\n","protected":false},"excerpt":{"rendered":"<p>Filorga Hydra-Hyal<br \/>\nCr\u00e8me hydarante repulpante\u00a0<br \/>\nLa puissance de 5 types d&rsquo;acide hyaluronique\u00a0<br \/>\nRidules &#8211; manque de rebond &#8211; peaux normales \u00e0 s\u00e8ches\u00a0<br \/>\nUne cr\u00e8me confort absolu : l\u2019hydratation lissante sans tiraillement.<\/p>\n<p>Contenance : 50ml\u00a0<br \/>\nDLC : >6mois<\/p>\n","protected":false},"featured_media":801,"comment_status":"open","ping_status":"closed","template":"","meta":[],"pwb-brand":[73],"product_cat":[56],"product_tag":[],"class_list":{"0":"post-776","1":"product","2":"type-product","3":"status-publish","4":"has-post-thumbnail","6":"pwb-brand-filorga","7":"product_cat-hydratants-peaux-seches","8":"post","9":"ws-product--style-1","11":"first","12":"instock","13":"shipping-taxable","14":"purchasable","15":"product-type-simple"},"yoast_head":"<!-- This site is optimized with the Yoast SEO plugin v23.0 - https:\/\/yoast.com\/wordpress\/plugins\/seo\/ -->\n<title>Cr\u00e8me hydarante repulpante - Filorga Hydra-Hyal - 50ml - OrthoPara<\/title>\n<meta name=\"robots\" content=\"index, follow, max-snippet:-1, max-image-preview:large, max-video-preview:-1\" \/>\n<link rel=\"canonical\" href=\"https:\/\/orthopara.store\/index.php\/produit\/creme-hydarante-repulpante-filorga-hydra-hyal-50ml\/\" \/>\n<meta property=\"og:locale\" content=\"fr_FR\" \/>\n<meta property=\"og:type\" content=\"article\" \/>\n<meta property=\"og:title\" content=\"Cr\u00e8me hydarante repulpante - Filorga Hydra-Hyal - 50ml - OrthoPara\" \/>\n<meta property=\"og:description\" content=\"Filorga Hydra-Hyal Cr\u00e8me hydarante repulpante\u00a0 La puissance de 5 types d&#039;acide hyaluronique\u00a0 Ridules - manque de rebond - peaux normales \u00e0 s\u00e8ches\u00a0 Une cr\u00e8me confort absolu : l\u2019hydratation lissante sans tiraillement. Contenance : 50ml\u00a0 DLC : &gt;6mois\" \/>\n<meta property=\"og:url\" content=\"https:\/\/orthopara.store\/index.php\/produit\/creme-hydarante-repulpante-filorga-hydra-hyal-50ml\/\" \/>\n<meta property=\"og:site_name\" content=\"OrthoPara\" \/>\n<meta property=\"article:publisher\" content=\"https:\/\/www.facebook.com\/profile.php?id=61561194315651\" \/>\n<meta property=\"article:modified_time\" content=\"2024-11-10T15:17:41+00:00\" \/>\n<meta property=\"og:image\" content=\"https:\/\/orthopara.store\/wp-content\/uploads\/2024\/06\/creme-hydarante-repulpante-filorga-hydra-hyal-50ml-.jpg\" \/>\n\t<meta property=\"og:image:width\" content=\"800\" \/>\n\t<meta property=\"og:image:height\" content=\"800\" \/>\n\t<meta property=\"og:image:type\" content=\"image\/jpeg\" \/>\n<meta name=\"twitter:card\" content=\"summary_large_image\" \/>\n<meta name=\"twitter:label1\" content=\"Dur\u00e9e de lecture estim\u00e9e\" \/>\n\t<meta name=\"twitter:data1\" content=\"1 minute\" \/>\n<script type=\"application\/ld+json\" class=\"yoast-schema-graph\">{\"@context\":\"https:\/\/schema.org\",\"@graph\":[{\"@type\":\"WebPage\",\"@id\":\"https:\/\/orthopara.store\/index.php\/produit\/creme-hydarante-repulpante-filorga-hydra-hyal-50ml\/\",\"url\":\"https:\/\/orthopara.store\/index.php\/produit\/creme-hydarante-repulpante-filorga-hydra-hyal-50ml\/\",\"name\":\"Cr\u00e8me hydarante repulpante - Filorga Hydra-Hyal - 50ml - OrthoPara\",\"isPartOf\":{\"@id\":\"https:\/\/orthopara.store\/#website\"},\"primaryImageOfPage\":{\"@id\":\"https:\/\/orthopara.store\/index.php\/produit\/creme-hydarante-repulpante-filorga-hydra-hyal-50ml\/#primaryimage\"},\"image\":{\"@id\":\"https:\/\/orthopara.store\/index.php\/produit\/creme-hydarante-repulpante-filorga-hydra-hyal-50ml\/#primaryimage\"},\"thumbnailUrl\":\"https:\/\/orthopara.store\/wp-content\/uploads\/2024\/06\/creme-hydarante-repulpante-filorga-hydra-hyal-50ml-.jpg\",\"datePublished\":\"2024-06-28T13:49:56+00:00\",\"dateModified\":\"2024-11-10T15:17:41+00:00\",\"breadcrumb\":{\"@id\":\"https:\/\/orthopara.store\/index.php\/produit\/creme-hydarante-repulpante-filorga-hydra-hyal-50ml\/#breadcrumb\"},\"inLanguage\":\"fr-FR\",\"potentialAction\":[{\"@type\":\"ReadAction\",\"target\":[\"https:\/\/orthopara.store\/index.php\/produit\/creme-hydarante-repulpante-filorga-hydra-hyal-50ml\/\"]}]},{\"@type\":\"ImageObject\",\"inLanguage\":\"fr-FR\",\"@id\":\"https:\/\/orthopara.store\/index.php\/produit\/creme-hydarante-repulpante-filorga-hydra-hyal-50ml\/#primaryimage\",\"url\":\"https:\/\/orthopara.store\/wp-content\/uploads\/2024\/06\/creme-hydarante-repulpante-filorga-hydra-hyal-50ml-.jpg\",\"contentUrl\":\"https:\/\/orthopara.store\/wp-content\/uploads\/2024\/06\/creme-hydarante-repulpante-filorga-hydra-hyal-50ml-.jpg\",\"width\":800,\"height\":800},{\"@type\":\"BreadcrumbList\",\"@id\":\"https:\/\/orthopara.store\/index.php\/produit\/creme-hydarante-repulpante-filorga-hydra-hyal-50ml\/#breadcrumb\",\"itemListElement\":[{\"@type\":\"ListItem\",\"position\":1,\"name\":\"Accueil\",\"item\":\"https:\/\/orthopara.store\/\"},{\"@type\":\"ListItem\",\"position\":2,\"name\":\"Shop\",\"item\":\"https:\/\/orthopara.store\/?page_id=622\"},{\"@type\":\"ListItem\",\"position\":3,\"name\":\"Cr\u00e8me hydarante repulpante &#8211; Filorga Hydra-Hyal &#8211; 50ml\"}]},{\"@type\":\"WebSite\",\"@id\":\"https:\/\/orthopara.store\/#website\",\"url\":\"https:\/\/orthopara.store\/\",\"name\":\"OrthoPara\",\"description\":\"Parapharmacie\",\"publisher\":{\"@id\":\"https:\/\/orthopara.store\/#organization\"},\"potentialAction\":[{\"@type\":\"SearchAction\",\"target\":{\"@type\":\"EntryPoint\",\"urlTemplate\":\"https:\/\/orthopara.store\/?s={search_term_string}\"},\"query-input\":\"required name=search_term_string\"}],\"inLanguage\":\"fr-FR\"},{\"@type\":\"Organization\",\"@id\":\"https:\/\/orthopara.store\/#organization\",\"name\":\"OrthoPara\",\"url\":\"https:\/\/orthopara.store\/\",\"logo\":{\"@type\":\"ImageObject\",\"inLanguage\":\"fr-FR\",\"@id\":\"https:\/\/orthopara.store\/#\/schema\/logo\/image\/\",\"url\":\"https:\/\/orthopara.store\/wp-content\/uploads\/2024\/06\/cropped-9ABA8BAD-6256-4719-9315-15C66E64E882.png\",\"contentUrl\":\"https:\/\/orthopara.store\/wp-content\/uploads\/2024\/06\/cropped-9ABA8BAD-6256-4719-9315-15C66E64E882.png\",\"width\":240,\"height\":72,\"caption\":\"OrthoPara\"},\"image\":{\"@id\":\"https:\/\/orthopara.store\/#\/schema\/logo\/image\/\"},\"sameAs\":[\"https:\/\/www.facebook.com\/profile.php?id=61561194315651\",\"https:\/\/www.instagram.com\/orthopara_tunisie\/\"]}]}<\/script>\n<!-- \/ Yoast SEO plugin. -->","yoast_head_json":{"title":"Cr\u00e8me hydarante repulpante - Filorga Hydra-Hyal - 50ml - OrthoPara","robots":{"index":"index","follow":"follow","max-snippet":"max-snippet:-1","max-image-preview":"max-image-preview:large","max-video-preview":"max-video-preview:-1"},"canonical":"https:\/\/orthopara.store\/index.php\/produit\/creme-hydarante-repulpante-filorga-hydra-hyal-50ml\/","og_locale":"fr_FR","og_type":"article","og_title":"Cr\u00e8me hydarante repulpante - Filorga Hydra-Hyal - 50ml - OrthoPara","og_description":"Filorga Hydra-Hyal Cr\u00e8me hydarante repulpante\u00a0 La puissance de 5 types d'acide hyaluronique\u00a0 Ridules - manque de rebond - peaux normales \u00e0 s\u00e8ches\u00a0 Une cr\u00e8me confort absolu : l\u2019hydratation lissante sans tiraillement. Contenance : 50ml\u00a0 DLC : >6mois","og_url":"https:\/\/orthopara.store\/index.php\/produit\/creme-hydarante-repulpante-filorga-hydra-hyal-50ml\/","og_site_name":"OrthoPara","article_publisher":"https:\/\/www.facebook.com\/profile.php?id=61561194315651","article_modified_time":"2024-11-10T15:17:41+00:00","og_image":[{"width":800,"height":800,"url":"https:\/\/orthopara.store\/wp-content\/uploads\/2024\/06\/creme-hydarante-repulpante-filorga-hydra-hyal-50ml-.jpg","type":"image\/jpeg"}],"twitter_card":"summary_large_image","twitter_misc":{"Dur\u00e9e de lecture estim\u00e9e":"1 minute"},"schema":{"@context":"https:\/\/schema.org","@graph":[{"@type":"WebPage","@id":"https:\/\/orthopara.store\/index.php\/produit\/creme-hydarante-repulpante-filorga-hydra-hyal-50ml\/","url":"https:\/\/orthopara.store\/index.php\/produit\/creme-hydarante-repulpante-filorga-hydra-hyal-50ml\/","name":"Cr\u00e8me hydarante repulpante - Filorga Hydra-Hyal - 50ml - OrthoPara","isPartOf":{"@id":"https:\/\/orthopara.store\/#website"},"primaryImageOfPage":{"@id":"https:\/\/orthopara.store\/index.php\/produit\/creme-hydarante-repulpante-filorga-hydra-hyal-50ml\/#primaryimage"},"image":{"@id":"https:\/\/orthopara.store\/index.php\/produit\/creme-hydarante-repulpante-filorga-hydra-hyal-50ml\/#primaryimage"},"thumbnailUrl":"https:\/\/orthopara.store\/wp-content\/uploads\/2024\/06\/creme-hydarante-repulpante-filorga-hydra-hyal-50ml-.jpg","datePublished":"2024-06-28T13:49:56+00:00","dateModified":"2024-11-10T15:17:41+00:00","breadcrumb":{"@id":"https:\/\/orthopara.store\/index.php\/produit\/creme-hydarante-repulpante-filorga-hydra-hyal-50ml\/#breadcrumb"},"inLanguage":"fr-FR","potentialAction":[{"@type":"ReadAction","target":["https:\/\/orthopara.store\/index.php\/produit\/creme-hydarante-repulpante-filorga-hydra-hyal-50ml\/"]}]},{"@type":"ImageObject","inLanguage":"fr-FR","@id":"https:\/\/orthopara.store\/index.php\/produit\/creme-hydarante-repulpante-filorga-hydra-hyal-50ml\/#primaryimage","url":"https:\/\/orthopara.store\/wp-content\/uploads\/2024\/06\/creme-hydarante-repulpante-filorga-hydra-hyal-50ml-.jpg","contentUrl":"https:\/\/orthopara.store\/wp-content\/uploads\/2024\/06\/creme-hydarante-repulpante-filorga-hydra-hyal-50ml-.jpg","width":800,"height":800},{"@type":"BreadcrumbList","@id":"https:\/\/orthopara.store\/index.php\/produit\/creme-hydarante-repulpante-filorga-hydra-hyal-50ml\/#breadcrumb","itemListElement":[{"@type":"ListItem","position":1,"name":"Accueil","item":"https:\/\/orthopara.store\/"},{"@type":"ListItem","position":2,"name":"Shop","item":"https:\/\/orthopara.store\/?page_id=622"},{"@type":"ListItem","position":3,"name":"Cr\u00e8me hydarante repulpante &#8211; Filorga Hydra-Hyal &#8211; 50ml"}]},{"@type":"WebSite","@id":"https:\/\/orthopara.store\/#website","url":"https:\/\/orthopara.store\/","name":"OrthoPara","description":"Parapharmacie","publisher":{"@id":"https:\/\/orthopara.store\/#organization"},"potentialAction":[{"@type":"SearchAction","target":{"@type":"EntryPoint","urlTemplate":"https:\/\/orthopara.store\/?s={search_term_string}"},"query-input":"required name=search_term_string"}],"inLanguage":"fr-FR"},{"@type":"Organization","@id":"https:\/\/orthopara.store\/#organization","name":"OrthoPara","url":"https:\/\/orthopara.store\/","logo":{"@type":"ImageObject","inLanguage":"fr-FR","@id":"https:\/\/orthopara.store\/#\/schema\/logo\/image\/","url":"https:\/\/orthopara.store\/wp-content\/uploads\/2024\/06\/cropped-9ABA8BAD-6256-4719-9315-15C66E64E882.png","contentUrl":"https:\/\/orthopara.store\/wp-content\/uploads\/2024\/06\/cropped-9ABA8BAD-6256-4719-9315-15C66E64E882.png","width":240,"height":72,"caption":"OrthoPara"},"image":{"@id":"https:\/\/orthopara.store\/#\/schema\/logo\/image\/"},"sameAs":["https:\/\/www.facebook.com\/profile.php?id=61561194315651","https:\/\/www.instagram.com\/orthopara_tunisie\/"]}]}},"jetpack_sharing_enabled":true,"brands":[{"id":73,"name":"Filorga","slug":"filorga"}],"_links":{"self":[{"href":"https:\/\/orthopara.store\/index.php?rest_route=\/wp\/v2\/product\/776","targetHints":{"allow":["GET"]}}],"collection":[{"href":"https:\/\/orthopara.store\/index.php?rest_route=\/wp\/v2\/product"}],"about":[{"href":"https:\/\/orthopara.store\/index.php?rest_route=\/wp\/v2\/types\/product"}],"replies":[{"embeddable":true,"href":"https:\/\/orthopara.store\/index.php?rest_route=%2Fwp%2Fv2%2Fcomments&post=776"}],"wp:featuredmedia":[{"embeddable":true,"href":"https:\/\/orthopara.store\/index.php?rest_route=\/wp\/v2\/media\/801"}],"wp:attachment":[{"href":"https:\/\/orthopara.store\/index.php?rest_route=%2Fwp%2Fv2%2Fmedia&parent=776"}],"wp:term":[{"taxonomy":"pwb-brand","embeddable":true,"href":"https:\/\/orthopara.store\/index.php?rest_route=%2Fwp%2Fv2%2Fpwb-brand&post=776"},{"taxonomy":"product_cat","embeddable":true,"href":"https:\/\/orthopara.store\/index.php?rest_route=%2Fwp%2Fv2%2Fproduct_cat&post=776"},{"taxonomy":"product_tag","embeddable":true,"href":"https:\/\/orthopara.store\/index.php?rest_route=%2Fwp%2Fv2%2Fproduct_tag&post=776"}],"curies":[{"name":"wp","href":"https:\/\/api.w.org\/{rel}","templated":true}]}}