{"id":777,"date":"2024-06-28T15:49:56","date_gmt":"2024-06-28T13:49:56","guid":{"rendered":"https:\/\/orthopara.store\/?post_type=product&#038;p=777"},"modified":"2024-11-10T16:20:04","modified_gmt":"2024-11-10T15:20:04","slug":"creme-hydratante-spf-30-peaux-deshydratees-naturallabo-50ml","status":"publish","type":"product","link":"https:\/\/orthopara.store\/?product=creme-hydratante-spf-30-peaux-deshydratees-naturallabo-50ml","title":{"rendered":"Cr\u00e8me hydratante spf 30 &#8211; peaux d\u00e9shydrat\u00e9es &#8211; Naturallabo &#8211; 50ml"},"content":{"rendered":"<p>Cr\u00e8me hydratante spf 30 &#8211; peaux d\u00e9shydrat\u00e9es &#8211; Naturallabo &#8211; 50ml\u00a0\u00a0<br \/>\nmilk hydratation cr\u00e8me hydratante enrichie en huile d&rsquo;amande douce, beurre de karit\u00e9, vitamine E et provitamine B5, elle apaise les sensations d&rsquo;irritations, de dess\u00e8chement, nourrit et adoucit la peau, et renforce sa protection naturelle<br \/>\nmilk hydratation cr\u00e8me hydratante est une cr\u00e8me riche hypoallerg\u00e9nique, non com\u00e9dog\u00e8ne, elle respecte les peaux les plus d\u00e9licates. Elle s&rsquo;applique facilement et p\u00e9n\u00e8tre instantan\u00e9ment\u00a0\u00a0<br \/>\nConseils d&rsquo;utilisation :\u00a0<br \/>\nAppliquer quotidiennement aussi souvent que n\u00e9cessaire sur une peau propre et s\u00e8che\u00a0<\/p>\n","protected":false},"excerpt":{"rendered":"<p>Naturallabo\u00a0<br \/>\nCr\u00e8me hydratante multi-utilisation spf 30, traite les peaux s\u00e8ches et fragilis\u00e9es, hydrate les peaux alt\u00e9r\u00e9es et d\u00e9shydrat\u00e9es et prot\u00e8ge contre les agressions externes et les rayons UV.\u00a0<br \/>\nPeaux d\u00e9shydrat\u00e9es et extr\u00eamement s\u00e8ches\u00a0<br \/>\nContenance : 50ml\u00a0<br \/>\nDLC : 09\/2025<\/p>\n","protected":false},"featured_media":802,"comment_status":"open","ping_status":"closed","template":"","meta":[],"pwb-brand":[74],"product_cat":[56],"product_tag":[],"class_list":{"0":"post-777","1":"product","2":"type-product","3":"status-publish","4":"has-post-thumbnail","6":"pwb-brand-naturallabo","7":"product_cat-hydratants-peaux-seches","8":"post","9":"ws-product--style-1","11":"first","12":"instock","13":"shipping-taxable","14":"purchasable","15":"product-type-simple"},"yoast_head":"<!-- This site is optimized with the Yoast SEO plugin v23.0 - https:\/\/yoast.com\/wordpress\/plugins\/seo\/ -->\n<title>Cr\u00e8me hydratante spf 30 - peaux d\u00e9shydrat\u00e9es - Naturallabo - 50ml - OrthoPara<\/title>\n<meta name=\"robots\" content=\"index, follow, max-snippet:-1, max-image-preview:large, max-video-preview:-1\" \/>\n<link rel=\"canonical\" href=\"https:\/\/orthopara.store\/index.php\/produit\/creme-hydratante-spf-30-peaux-deshydratees-naturallabo-50ml\/\" \/>\n<meta property=\"og:locale\" content=\"fr_FR\" \/>\n<meta property=\"og:type\" content=\"article\" \/>\n<meta property=\"og:title\" content=\"Cr\u00e8me hydratante spf 30 - peaux d\u00e9shydrat\u00e9es - Naturallabo - 50ml - OrthoPara\" \/>\n<meta property=\"og:description\" content=\"Naturallabo\u00a0 Cr\u00e8me hydratante multi-utilisation spf 30, traite les peaux s\u00e8ches et fragilis\u00e9es, hydrate les peaux alt\u00e9r\u00e9es et d\u00e9shydrat\u00e9es et prot\u00e8ge contre les agressions externes et les rayons UV.\u00a0 Peaux d\u00e9shydrat\u00e9es et extr\u00eamement s\u00e8ches\u00a0 Contenance : 50ml\u00a0 DLC : 09\/2025\" \/>\n<meta property=\"og:url\" content=\"https:\/\/orthopara.store\/index.php\/produit\/creme-hydratante-spf-30-peaux-deshydratees-naturallabo-50ml\/\" \/>\n<meta property=\"og:site_name\" content=\"OrthoPara\" \/>\n<meta property=\"article:publisher\" content=\"https:\/\/www.facebook.com\/profile.php?id=61561194315651\" \/>\n<meta property=\"article:modified_time\" content=\"2024-11-10T15:20:04+00:00\" \/>\n<meta property=\"og:image\" content=\"https:\/\/orthopara.store\/wp-content\/uploads\/2024\/06\/creme-hydratante-spf-30-peaux-deshydratees-naturallabo-50ml-.jpg\" \/>\n\t<meta property=\"og:image:width\" content=\"800\" \/>\n\t<meta property=\"og:image:height\" content=\"800\" \/>\n\t<meta property=\"og:image:type\" content=\"image\/jpeg\" \/>\n<meta name=\"twitter:card\" content=\"summary_large_image\" \/>\n<script type=\"application\/ld+json\" class=\"yoast-schema-graph\">{\"@context\":\"https:\/\/schema.org\",\"@graph\":[{\"@type\":\"WebPage\",\"@id\":\"https:\/\/orthopara.store\/index.php\/produit\/creme-hydratante-spf-30-peaux-deshydratees-naturallabo-50ml\/\",\"url\":\"https:\/\/orthopara.store\/index.php\/produit\/creme-hydratante-spf-30-peaux-deshydratees-naturallabo-50ml\/\",\"name\":\"Cr\u00e8me hydratante spf 30 - peaux d\u00e9shydrat\u00e9es - Naturallabo - 50ml - OrthoPara\",\"isPartOf\":{\"@id\":\"https:\/\/orthopara.store\/#website\"},\"primaryImageOfPage\":{\"@id\":\"https:\/\/orthopara.store\/index.php\/produit\/creme-hydratante-spf-30-peaux-deshydratees-naturallabo-50ml\/#primaryimage\"},\"image\":{\"@id\":\"https:\/\/orthopara.store\/index.php\/produit\/creme-hydratante-spf-30-peaux-deshydratees-naturallabo-50ml\/#primaryimage\"},\"thumbnailUrl\":\"https:\/\/orthopara.store\/wp-content\/uploads\/2024\/06\/creme-hydratante-spf-30-peaux-deshydratees-naturallabo-50ml-.jpg\",\"datePublished\":\"2024-06-28T13:49:56+00:00\",\"dateModified\":\"2024-11-10T15:20:04+00:00\",\"breadcrumb\":{\"@id\":\"https:\/\/orthopara.store\/index.php\/produit\/creme-hydratante-spf-30-peaux-deshydratees-naturallabo-50ml\/#breadcrumb\"},\"inLanguage\":\"fr-FR\",\"potentialAction\":[{\"@type\":\"ReadAction\",\"target\":[\"https:\/\/orthopara.store\/index.php\/produit\/creme-hydratante-spf-30-peaux-deshydratees-naturallabo-50ml\/\"]}]},{\"@type\":\"ImageObject\",\"inLanguage\":\"fr-FR\",\"@id\":\"https:\/\/orthopara.store\/index.php\/produit\/creme-hydratante-spf-30-peaux-deshydratees-naturallabo-50ml\/#primaryimage\",\"url\":\"https:\/\/orthopara.store\/wp-content\/uploads\/2024\/06\/creme-hydratante-spf-30-peaux-deshydratees-naturallabo-50ml-.jpg\",\"contentUrl\":\"https:\/\/orthopara.store\/wp-content\/uploads\/2024\/06\/creme-hydratante-spf-30-peaux-deshydratees-naturallabo-50ml-.jpg\",\"width\":800,\"height\":800},{\"@type\":\"BreadcrumbList\",\"@id\":\"https:\/\/orthopara.store\/index.php\/produit\/creme-hydratante-spf-30-peaux-deshydratees-naturallabo-50ml\/#breadcrumb\",\"itemListElement\":[{\"@type\":\"ListItem\",\"position\":1,\"name\":\"Accueil\",\"item\":\"https:\/\/orthopara.store\/\"},{\"@type\":\"ListItem\",\"position\":2,\"name\":\"Shop\",\"item\":\"https:\/\/orthopara.store\/?page_id=622\"},{\"@type\":\"ListItem\",\"position\":3,\"name\":\"Cr\u00e8me hydratante spf 30 &#8211; peaux d\u00e9shydrat\u00e9es &#8211; Naturallabo &#8211; 50ml\"}]},{\"@type\":\"WebSite\",\"@id\":\"https:\/\/orthopara.store\/#website\",\"url\":\"https:\/\/orthopara.store\/\",\"name\":\"OrthoPara\",\"description\":\"Parapharmacie\",\"publisher\":{\"@id\":\"https:\/\/orthopara.store\/#organization\"},\"potentialAction\":[{\"@type\":\"SearchAction\",\"target\":{\"@type\":\"EntryPoint\",\"urlTemplate\":\"https:\/\/orthopara.store\/?s={search_term_string}\"},\"query-input\":\"required name=search_term_string\"}],\"inLanguage\":\"fr-FR\"},{\"@type\":\"Organization\",\"@id\":\"https:\/\/orthopara.store\/#organization\",\"name\":\"OrthoPara\",\"url\":\"https:\/\/orthopara.store\/\",\"logo\":{\"@type\":\"ImageObject\",\"inLanguage\":\"fr-FR\",\"@id\":\"https:\/\/orthopara.store\/#\/schema\/logo\/image\/\",\"url\":\"https:\/\/orthopara.store\/wp-content\/uploads\/2024\/06\/cropped-9ABA8BAD-6256-4719-9315-15C66E64E882.png\",\"contentUrl\":\"https:\/\/orthopara.store\/wp-content\/uploads\/2024\/06\/cropped-9ABA8BAD-6256-4719-9315-15C66E64E882.png\",\"width\":240,\"height\":72,\"caption\":\"OrthoPara\"},\"image\":{\"@id\":\"https:\/\/orthopara.store\/#\/schema\/logo\/image\/\"},\"sameAs\":[\"https:\/\/www.facebook.com\/profile.php?id=61561194315651\",\"https:\/\/www.instagram.com\/orthopara_tunisie\/\"]}]}<\/script>\n<!-- \/ Yoast SEO plugin. -->","yoast_head_json":{"title":"Cr\u00e8me hydratante spf 30 - peaux d\u00e9shydrat\u00e9es - Naturallabo - 50ml - OrthoPara","robots":{"index":"index","follow":"follow","max-snippet":"max-snippet:-1","max-image-preview":"max-image-preview:large","max-video-preview":"max-video-preview:-1"},"canonical":"https:\/\/orthopara.store\/index.php\/produit\/creme-hydratante-spf-30-peaux-deshydratees-naturallabo-50ml\/","og_locale":"fr_FR","og_type":"article","og_title":"Cr\u00e8me hydratante spf 30 - peaux d\u00e9shydrat\u00e9es - Naturallabo - 50ml - OrthoPara","og_description":"Naturallabo\u00a0 Cr\u00e8me hydratante multi-utilisation spf 30, traite les peaux s\u00e8ches et fragilis\u00e9es, hydrate les peaux alt\u00e9r\u00e9es et d\u00e9shydrat\u00e9es et prot\u00e8ge contre les agressions externes et les rayons UV.\u00a0 Peaux d\u00e9shydrat\u00e9es et extr\u00eamement s\u00e8ches\u00a0 Contenance : 50ml\u00a0 DLC : 09\/2025","og_url":"https:\/\/orthopara.store\/index.php\/produit\/creme-hydratante-spf-30-peaux-deshydratees-naturallabo-50ml\/","og_site_name":"OrthoPara","article_publisher":"https:\/\/www.facebook.com\/profile.php?id=61561194315651","article_modified_time":"2024-11-10T15:20:04+00:00","og_image":[{"width":800,"height":800,"url":"https:\/\/orthopara.store\/wp-content\/uploads\/2024\/06\/creme-hydratante-spf-30-peaux-deshydratees-naturallabo-50ml-.jpg","type":"image\/jpeg"}],"twitter_card":"summary_large_image","schema":{"@context":"https:\/\/schema.org","@graph":[{"@type":"WebPage","@id":"https:\/\/orthopara.store\/index.php\/produit\/creme-hydratante-spf-30-peaux-deshydratees-naturallabo-50ml\/","url":"https:\/\/orthopara.store\/index.php\/produit\/creme-hydratante-spf-30-peaux-deshydratees-naturallabo-50ml\/","name":"Cr\u00e8me hydratante spf 30 - peaux d\u00e9shydrat\u00e9es - Naturallabo - 50ml - OrthoPara","isPartOf":{"@id":"https:\/\/orthopara.store\/#website"},"primaryImageOfPage":{"@id":"https:\/\/orthopara.store\/index.php\/produit\/creme-hydratante-spf-30-peaux-deshydratees-naturallabo-50ml\/#primaryimage"},"image":{"@id":"https:\/\/orthopara.store\/index.php\/produit\/creme-hydratante-spf-30-peaux-deshydratees-naturallabo-50ml\/#primaryimage"},"thumbnailUrl":"https:\/\/orthopara.store\/wp-content\/uploads\/2024\/06\/creme-hydratante-spf-30-peaux-deshydratees-naturallabo-50ml-.jpg","datePublished":"2024-06-28T13:49:56+00:00","dateModified":"2024-11-10T15:20:04+00:00","breadcrumb":{"@id":"https:\/\/orthopara.store\/index.php\/produit\/creme-hydratante-spf-30-peaux-deshydratees-naturallabo-50ml\/#breadcrumb"},"inLanguage":"fr-FR","potentialAction":[{"@type":"ReadAction","target":["https:\/\/orthopara.store\/index.php\/produit\/creme-hydratante-spf-30-peaux-deshydratees-naturallabo-50ml\/"]}]},{"@type":"ImageObject","inLanguage":"fr-FR","@id":"https:\/\/orthopara.store\/index.php\/produit\/creme-hydratante-spf-30-peaux-deshydratees-naturallabo-50ml\/#primaryimage","url":"https:\/\/orthopara.store\/wp-content\/uploads\/2024\/06\/creme-hydratante-spf-30-peaux-deshydratees-naturallabo-50ml-.jpg","contentUrl":"https:\/\/orthopara.store\/wp-content\/uploads\/2024\/06\/creme-hydratante-spf-30-peaux-deshydratees-naturallabo-50ml-.jpg","width":800,"height":800},{"@type":"BreadcrumbList","@id":"https:\/\/orthopara.store\/index.php\/produit\/creme-hydratante-spf-30-peaux-deshydratees-naturallabo-50ml\/#breadcrumb","itemListElement":[{"@type":"ListItem","position":1,"name":"Accueil","item":"https:\/\/orthopara.store\/"},{"@type":"ListItem","position":2,"name":"Shop","item":"https:\/\/orthopara.store\/?page_id=622"},{"@type":"ListItem","position":3,"name":"Cr\u00e8me hydratante spf 30 &#8211; peaux d\u00e9shydrat\u00e9es &#8211; Naturallabo &#8211; 50ml"}]},{"@type":"WebSite","@id":"https:\/\/orthopara.store\/#website","url":"https:\/\/orthopara.store\/","name":"OrthoPara","description":"Parapharmacie","publisher":{"@id":"https:\/\/orthopara.store\/#organization"},"potentialAction":[{"@type":"SearchAction","target":{"@type":"EntryPoint","urlTemplate":"https:\/\/orthopara.store\/?s={search_term_string}"},"query-input":"required name=search_term_string"}],"inLanguage":"fr-FR"},{"@type":"Organization","@id":"https:\/\/orthopara.store\/#organization","name":"OrthoPara","url":"https:\/\/orthopara.store\/","logo":{"@type":"ImageObject","inLanguage":"fr-FR","@id":"https:\/\/orthopara.store\/#\/schema\/logo\/image\/","url":"https:\/\/orthopara.store\/wp-content\/uploads\/2024\/06\/cropped-9ABA8BAD-6256-4719-9315-15C66E64E882.png","contentUrl":"https:\/\/orthopara.store\/wp-content\/uploads\/2024\/06\/cropped-9ABA8BAD-6256-4719-9315-15C66E64E882.png","width":240,"height":72,"caption":"OrthoPara"},"image":{"@id":"https:\/\/orthopara.store\/#\/schema\/logo\/image\/"},"sameAs":["https:\/\/www.facebook.com\/profile.php?id=61561194315651","https:\/\/www.instagram.com\/orthopara_tunisie\/"]}]}},"jetpack_sharing_enabled":true,"brands":[{"id":74,"name":"NATURALLABO","slug":"naturallabo"}],"_links":{"self":[{"href":"https:\/\/orthopara.store\/index.php?rest_route=\/wp\/v2\/product\/777","targetHints":{"allow":["GET"]}}],"collection":[{"href":"https:\/\/orthopara.store\/index.php?rest_route=\/wp\/v2\/product"}],"about":[{"href":"https:\/\/orthopara.store\/index.php?rest_route=\/wp\/v2\/types\/product"}],"replies":[{"embeddable":true,"href":"https:\/\/orthopara.store\/index.php?rest_route=%2Fwp%2Fv2%2Fcomments&post=777"}],"wp:featuredmedia":[{"embeddable":true,"href":"https:\/\/orthopara.store\/index.php?rest_route=\/wp\/v2\/media\/802"}],"wp:attachment":[{"href":"https:\/\/orthopara.store\/index.php?rest_route=%2Fwp%2Fv2%2Fmedia&parent=777"}],"wp:term":[{"taxonomy":"pwb-brand","embeddable":true,"href":"https:\/\/orthopara.store\/index.php?rest_route=%2Fwp%2Fv2%2Fpwb-brand&post=777"},{"taxonomy":"product_cat","embeddable":true,"href":"https:\/\/orthopara.store\/index.php?rest_route=%2Fwp%2Fv2%2Fproduct_cat&post=777"},{"taxonomy":"product_tag","embeddable":true,"href":"https:\/\/orthopara.store\/index.php?rest_route=%2Fwp%2Fv2%2Fproduct_tag&post=777"}],"curies":[{"name":"wp","href":"https:\/\/api.w.org\/{rel}","templated":true}]}}