{"id":781,"date":"2024-06-28T15:49:56","date_gmt":"2024-06-28T13:49:56","guid":{"rendered":"https:\/\/orthopara.store\/?post_type=product&#038;p=781"},"modified":"2024-11-04T17:23:44","modified_gmt":"2024-11-04T16:23:44","slug":"avene-tolerance-control-creme-apaisante-pour-peaux-reactives-40ml","status":"publish","type":"product","link":"https:\/\/orthopara.store\/?product=avene-tolerance-control-creme-apaisante-pour-peaux-reactives-40ml","title":{"rendered":"Av\u00e8ne tol\u00e9rance control &#8211; Cr\u00e8me apaisante pour peaux r\u00e9actives &#8211; 40ml"},"content":{"rendered":"<p>La Cr\u00e8me Apaisante Tol\u00e9rance Control hydrate les peaux s\u00e8ches, hypersensibles, r\u00e9actives, intol\u00e9rantes ou sujettes aux allergies. Calme la peau en 30 secondes. Gr\u00e2ce au D-Sensinose\u2122 ultra-apaisant, nouvel actif post-biotique brevet\u00e9, cette cr\u00e8me hydratante calme instantan\u00e9ment les peaux sensibles et les sensations de tiraillements, de picotements et d&rsquo;inconfort. La peau est intens\u00e9ment hydrat\u00e9e et sa barri\u00e8re restaur\u00e9e en 48 heures. Ce soin haute tol\u00e9rance, sans parfum et sans conservateur, b\u00e9n\u00e9ficie d&rsquo;un nouveau tube Sterile Cosmetics\u00ae qui prot\u00e8ge la formule de l&rsquo;air ext\u00e9rieur et des bact\u00e9ries.<\/p>\n<p>Caract\u00e9ristiques :\u00a0<br \/>\nUltra-calmant gr\u00e2ce \u00e0 l&rsquo;ingr\u00e9dient brevet\u00e9 ultra-apaisant D-Sensinose\u2122<br \/>\nHydratant pendant 24 heures<br \/>\nHaute tol\u00e9rance<br \/>\nSans parfum<br \/>\nSans conservateur\u00a0<\/p>\n<p>R\u00e9sultats cliniques :<br \/>\nSoin ultra-apaisant pour les peaux hypersensibles, r\u00e9actives, intol\u00e9rantes ou sujettes aux allergies :<br \/>\nCalme la peau en 30 secondes et restaure sa barri\u00e8re en 48 heures<br \/>\n-70% d&rsquo;irritabilit\u00e9 cutan\u00e9e d\u00e8s la premi\u00e8re application<br \/>\n-92% d&rsquo;inconfort<\/p>\n<p>Fr\u00e9quence d&rsquo;utilisation :<br \/>\n2 fois par jour<\/p>\n<p>Conseils d&rsquo;utilisation :<br \/>\nAppliquer matin et soir sur le visage, le cou et le contour des yeux.<\/p>\n<p>Actifs cl\u00e9s :<br \/>\nEau thermale d&rsquo;Av\u00e8ne : Naturellement apaisant et adoucissant la peau<br \/>\nD-Sensinose\u2122 : Actif postbiotique brevet\u00e9 ultra-apaisant.<\/p>\n<p>Ingr\u00e9dients :<br \/>\nEau Thermale D&rsquo;avene (Avene Aqua). Triglyc\u00e9ride Caprylique\/Caprique. Palmitate D&rsquo;\u00e9thylhexyle. Glyc\u00e9rine. L&rsquo;alcool C\u00e9t\u00e9arylique. Squalane. C\u00e9t\u00e9aryl Glucoside. Esters De C\u00e9tyle. Filtrate D&rsquo;extrait D&rsquo;aquaphilus Dolomiae. Arginine. Cire D&rsquo;abeille (Cera Alba). Acide Citrique. Tromethamine. Eau (Aqua). Gomme Xanthane<\/p>\n<p>Contenance :\u00a0<br \/>\n40ml<\/p>\n","protected":false},"excerpt":{"rendered":"<p>Cr\u00e8me apaisante pour hydrater les peaux s\u00e8ches, hypersensibles, r\u00e9actives, intol\u00e9rantes ou sujettes aux allergies. Calme la peau en 30 secondes, procure une hydratation longue dur\u00e9e et r\u00e9duit les sensations d&rsquo;inconfort cutan\u00e9. Haute tol\u00e9rance.<br \/>\nDLC : 10\/2026<\/p>\n","protected":false},"featured_media":806,"comment_status":"open","ping_status":"closed","template":"","meta":[],"pwb-brand":[61],"product_cat":[67],"product_tag":[],"class_list":{"0":"post-781","1":"product","2":"type-product","3":"status-publish","4":"has-post-thumbnail","6":"pwb-brand-avene","7":"product_cat-hydratants-peaux-intolerantes","8":"post","9":"ws-product--style-1","11":"first","12":"instock","13":"shipping-taxable","14":"purchasable","15":"product-type-simple"},"yoast_head":"<!-- This site is optimized with the Yoast SEO plugin v23.0 - https:\/\/yoast.com\/wordpress\/plugins\/seo\/ -->\n<title>Av\u00e8ne tol\u00e9rance control - Cr\u00e8me apaisante pour peaux r\u00e9actives - 40ml - OrthoPara<\/title>\n<meta name=\"robots\" content=\"index, follow, max-snippet:-1, max-image-preview:large, max-video-preview:-1\" \/>\n<link rel=\"canonical\" href=\"https:\/\/orthopara.store\/index.php\/produit\/avene-tolerance-control-creme-apaisante-pour-peaux-reactives-40ml\/\" \/>\n<meta property=\"og:locale\" content=\"fr_FR\" \/>\n<meta property=\"og:type\" content=\"article\" \/>\n<meta property=\"og:title\" content=\"Av\u00e8ne tol\u00e9rance control - Cr\u00e8me apaisante pour peaux r\u00e9actives - 40ml - OrthoPara\" \/>\n<meta property=\"og:description\" content=\"Cr\u00e8me apaisante pour hydrater les peaux s\u00e8ches, hypersensibles, r\u00e9actives, intol\u00e9rantes ou sujettes aux allergies. Calme la peau en 30 secondes, procure une hydratation longue dur\u00e9e et r\u00e9duit les sensations d&#039;inconfort cutan\u00e9. Haute tol\u00e9rance. DLC : 10\/2026\" \/>\n<meta property=\"og:url\" content=\"https:\/\/orthopara.store\/index.php\/produit\/avene-tolerance-control-creme-apaisante-pour-peaux-reactives-40ml\/\" \/>\n<meta property=\"og:site_name\" content=\"OrthoPara\" \/>\n<meta property=\"article:publisher\" content=\"https:\/\/www.facebook.com\/profile.php?id=61561194315651\" \/>\n<meta property=\"article:modified_time\" content=\"2024-11-04T16:23:44+00:00\" \/>\n<meta property=\"og:image\" content=\"https:\/\/orthopara.store\/wp-content\/uploads\/2024\/06\/avene-tolerance-control-creme-apaisante-pour-peaux-reactives-40ml.jpg\" \/>\n\t<meta property=\"og:image:width\" content=\"800\" \/>\n\t<meta property=\"og:image:height\" content=\"800\" \/>\n\t<meta property=\"og:image:type\" content=\"image\/jpeg\" \/>\n<meta name=\"twitter:card\" content=\"summary_large_image\" \/>\n<meta name=\"twitter:label1\" content=\"Dur\u00e9e de lecture estim\u00e9e\" \/>\n\t<meta name=\"twitter:data1\" content=\"1 minute\" \/>\n<script type=\"application\/ld+json\" class=\"yoast-schema-graph\">{\"@context\":\"https:\/\/schema.org\",\"@graph\":[{\"@type\":\"WebPage\",\"@id\":\"https:\/\/orthopara.store\/index.php\/produit\/avene-tolerance-control-creme-apaisante-pour-peaux-reactives-40ml\/\",\"url\":\"https:\/\/orthopara.store\/index.php\/produit\/avene-tolerance-control-creme-apaisante-pour-peaux-reactives-40ml\/\",\"name\":\"Av\u00e8ne tol\u00e9rance control - Cr\u00e8me apaisante pour peaux r\u00e9actives - 40ml - OrthoPara\",\"isPartOf\":{\"@id\":\"https:\/\/orthopara.store\/#website\"},\"primaryImageOfPage\":{\"@id\":\"https:\/\/orthopara.store\/index.php\/produit\/avene-tolerance-control-creme-apaisante-pour-peaux-reactives-40ml\/#primaryimage\"},\"image\":{\"@id\":\"https:\/\/orthopara.store\/index.php\/produit\/avene-tolerance-control-creme-apaisante-pour-peaux-reactives-40ml\/#primaryimage\"},\"thumbnailUrl\":\"https:\/\/orthopara.store\/wp-content\/uploads\/2024\/06\/avene-tolerance-control-creme-apaisante-pour-peaux-reactives-40ml.jpg\",\"datePublished\":\"2024-06-28T13:49:56+00:00\",\"dateModified\":\"2024-11-04T16:23:44+00:00\",\"breadcrumb\":{\"@id\":\"https:\/\/orthopara.store\/index.php\/produit\/avene-tolerance-control-creme-apaisante-pour-peaux-reactives-40ml\/#breadcrumb\"},\"inLanguage\":\"fr-FR\",\"potentialAction\":[{\"@type\":\"ReadAction\",\"target\":[\"https:\/\/orthopara.store\/index.php\/produit\/avene-tolerance-control-creme-apaisante-pour-peaux-reactives-40ml\/\"]}]},{\"@type\":\"ImageObject\",\"inLanguage\":\"fr-FR\",\"@id\":\"https:\/\/orthopara.store\/index.php\/produit\/avene-tolerance-control-creme-apaisante-pour-peaux-reactives-40ml\/#primaryimage\",\"url\":\"https:\/\/orthopara.store\/wp-content\/uploads\/2024\/06\/avene-tolerance-control-creme-apaisante-pour-peaux-reactives-40ml.jpg\",\"contentUrl\":\"https:\/\/orthopara.store\/wp-content\/uploads\/2024\/06\/avene-tolerance-control-creme-apaisante-pour-peaux-reactives-40ml.jpg\",\"width\":800,\"height\":800},{\"@type\":\"BreadcrumbList\",\"@id\":\"https:\/\/orthopara.store\/index.php\/produit\/avene-tolerance-control-creme-apaisante-pour-peaux-reactives-40ml\/#breadcrumb\",\"itemListElement\":[{\"@type\":\"ListItem\",\"position\":1,\"name\":\"Accueil\",\"item\":\"https:\/\/orthopara.store\/\"},{\"@type\":\"ListItem\",\"position\":2,\"name\":\"Shop\",\"item\":\"https:\/\/orthopara.store\/?page_id=622\"},{\"@type\":\"ListItem\",\"position\":3,\"name\":\"Av\u00e8ne tol\u00e9rance control &#8211; Cr\u00e8me apaisante pour peaux r\u00e9actives &#8211; 40ml\"}]},{\"@type\":\"WebSite\",\"@id\":\"https:\/\/orthopara.store\/#website\",\"url\":\"https:\/\/orthopara.store\/\",\"name\":\"OrthoPara\",\"description\":\"Parapharmacie\",\"publisher\":{\"@id\":\"https:\/\/orthopara.store\/#organization\"},\"potentialAction\":[{\"@type\":\"SearchAction\",\"target\":{\"@type\":\"EntryPoint\",\"urlTemplate\":\"https:\/\/orthopara.store\/?s={search_term_string}\"},\"query-input\":\"required name=search_term_string\"}],\"inLanguage\":\"fr-FR\"},{\"@type\":\"Organization\",\"@id\":\"https:\/\/orthopara.store\/#organization\",\"name\":\"OrthoPara\",\"url\":\"https:\/\/orthopara.store\/\",\"logo\":{\"@type\":\"ImageObject\",\"inLanguage\":\"fr-FR\",\"@id\":\"https:\/\/orthopara.store\/#\/schema\/logo\/image\/\",\"url\":\"https:\/\/orthopara.store\/wp-content\/uploads\/2024\/06\/cropped-9ABA8BAD-6256-4719-9315-15C66E64E882.png\",\"contentUrl\":\"https:\/\/orthopara.store\/wp-content\/uploads\/2024\/06\/cropped-9ABA8BAD-6256-4719-9315-15C66E64E882.png\",\"width\":240,\"height\":72,\"caption\":\"OrthoPara\"},\"image\":{\"@id\":\"https:\/\/orthopara.store\/#\/schema\/logo\/image\/\"},\"sameAs\":[\"https:\/\/www.facebook.com\/profile.php?id=61561194315651\",\"https:\/\/www.instagram.com\/orthopara_tunisie\/\"]}]}<\/script>\n<!-- \/ Yoast SEO plugin. -->","yoast_head_json":{"title":"Av\u00e8ne tol\u00e9rance control - Cr\u00e8me apaisante pour peaux r\u00e9actives - 40ml - OrthoPara","robots":{"index":"index","follow":"follow","max-snippet":"max-snippet:-1","max-image-preview":"max-image-preview:large","max-video-preview":"max-video-preview:-1"},"canonical":"https:\/\/orthopara.store\/index.php\/produit\/avene-tolerance-control-creme-apaisante-pour-peaux-reactives-40ml\/","og_locale":"fr_FR","og_type":"article","og_title":"Av\u00e8ne tol\u00e9rance control - Cr\u00e8me apaisante pour peaux r\u00e9actives - 40ml - OrthoPara","og_description":"Cr\u00e8me apaisante pour hydrater les peaux s\u00e8ches, hypersensibles, r\u00e9actives, intol\u00e9rantes ou sujettes aux allergies. Calme la peau en 30 secondes, procure une hydratation longue dur\u00e9e et r\u00e9duit les sensations d'inconfort cutan\u00e9. Haute tol\u00e9rance. DLC : 10\/2026","og_url":"https:\/\/orthopara.store\/index.php\/produit\/avene-tolerance-control-creme-apaisante-pour-peaux-reactives-40ml\/","og_site_name":"OrthoPara","article_publisher":"https:\/\/www.facebook.com\/profile.php?id=61561194315651","article_modified_time":"2024-11-04T16:23:44+00:00","og_image":[{"width":800,"height":800,"url":"https:\/\/orthopara.store\/wp-content\/uploads\/2024\/06\/avene-tolerance-control-creme-apaisante-pour-peaux-reactives-40ml.jpg","type":"image\/jpeg"}],"twitter_card":"summary_large_image","twitter_misc":{"Dur\u00e9e de lecture estim\u00e9e":"1 minute"},"schema":{"@context":"https:\/\/schema.org","@graph":[{"@type":"WebPage","@id":"https:\/\/orthopara.store\/index.php\/produit\/avene-tolerance-control-creme-apaisante-pour-peaux-reactives-40ml\/","url":"https:\/\/orthopara.store\/index.php\/produit\/avene-tolerance-control-creme-apaisante-pour-peaux-reactives-40ml\/","name":"Av\u00e8ne tol\u00e9rance control - Cr\u00e8me apaisante pour peaux r\u00e9actives - 40ml - OrthoPara","isPartOf":{"@id":"https:\/\/orthopara.store\/#website"},"primaryImageOfPage":{"@id":"https:\/\/orthopara.store\/index.php\/produit\/avene-tolerance-control-creme-apaisante-pour-peaux-reactives-40ml\/#primaryimage"},"image":{"@id":"https:\/\/orthopara.store\/index.php\/produit\/avene-tolerance-control-creme-apaisante-pour-peaux-reactives-40ml\/#primaryimage"},"thumbnailUrl":"https:\/\/orthopara.store\/wp-content\/uploads\/2024\/06\/avene-tolerance-control-creme-apaisante-pour-peaux-reactives-40ml.jpg","datePublished":"2024-06-28T13:49:56+00:00","dateModified":"2024-11-04T16:23:44+00:00","breadcrumb":{"@id":"https:\/\/orthopara.store\/index.php\/produit\/avene-tolerance-control-creme-apaisante-pour-peaux-reactives-40ml\/#breadcrumb"},"inLanguage":"fr-FR","potentialAction":[{"@type":"ReadAction","target":["https:\/\/orthopara.store\/index.php\/produit\/avene-tolerance-control-creme-apaisante-pour-peaux-reactives-40ml\/"]}]},{"@type":"ImageObject","inLanguage":"fr-FR","@id":"https:\/\/orthopara.store\/index.php\/produit\/avene-tolerance-control-creme-apaisante-pour-peaux-reactives-40ml\/#primaryimage","url":"https:\/\/orthopara.store\/wp-content\/uploads\/2024\/06\/avene-tolerance-control-creme-apaisante-pour-peaux-reactives-40ml.jpg","contentUrl":"https:\/\/orthopara.store\/wp-content\/uploads\/2024\/06\/avene-tolerance-control-creme-apaisante-pour-peaux-reactives-40ml.jpg","width":800,"height":800},{"@type":"BreadcrumbList","@id":"https:\/\/orthopara.store\/index.php\/produit\/avene-tolerance-control-creme-apaisante-pour-peaux-reactives-40ml\/#breadcrumb","itemListElement":[{"@type":"ListItem","position":1,"name":"Accueil","item":"https:\/\/orthopara.store\/"},{"@type":"ListItem","position":2,"name":"Shop","item":"https:\/\/orthopara.store\/?page_id=622"},{"@type":"ListItem","position":3,"name":"Av\u00e8ne tol\u00e9rance control &#8211; Cr\u00e8me apaisante pour peaux r\u00e9actives &#8211; 40ml"}]},{"@type":"WebSite","@id":"https:\/\/orthopara.store\/#website","url":"https:\/\/orthopara.store\/","name":"OrthoPara","description":"Parapharmacie","publisher":{"@id":"https:\/\/orthopara.store\/#organization"},"potentialAction":[{"@type":"SearchAction","target":{"@type":"EntryPoint","urlTemplate":"https:\/\/orthopara.store\/?s={search_term_string}"},"query-input":"required name=search_term_string"}],"inLanguage":"fr-FR"},{"@type":"Organization","@id":"https:\/\/orthopara.store\/#organization","name":"OrthoPara","url":"https:\/\/orthopara.store\/","logo":{"@type":"ImageObject","inLanguage":"fr-FR","@id":"https:\/\/orthopara.store\/#\/schema\/logo\/image\/","url":"https:\/\/orthopara.store\/wp-content\/uploads\/2024\/06\/cropped-9ABA8BAD-6256-4719-9315-15C66E64E882.png","contentUrl":"https:\/\/orthopara.store\/wp-content\/uploads\/2024\/06\/cropped-9ABA8BAD-6256-4719-9315-15C66E64E882.png","width":240,"height":72,"caption":"OrthoPara"},"image":{"@id":"https:\/\/orthopara.store\/#\/schema\/logo\/image\/"},"sameAs":["https:\/\/www.facebook.com\/profile.php?id=61561194315651","https:\/\/www.instagram.com\/orthopara_tunisie\/"]}]}},"jetpack_sharing_enabled":true,"brands":[{"id":61,"name":"Avene","slug":"avene"}],"_links":{"self":[{"href":"https:\/\/orthopara.store\/index.php?rest_route=\/wp\/v2\/product\/781","targetHints":{"allow":["GET"]}}],"collection":[{"href":"https:\/\/orthopara.store\/index.php?rest_route=\/wp\/v2\/product"}],"about":[{"href":"https:\/\/orthopara.store\/index.php?rest_route=\/wp\/v2\/types\/product"}],"replies":[{"embeddable":true,"href":"https:\/\/orthopara.store\/index.php?rest_route=%2Fwp%2Fv2%2Fcomments&post=781"}],"wp:featuredmedia":[{"embeddable":true,"href":"https:\/\/orthopara.store\/index.php?rest_route=\/wp\/v2\/media\/806"}],"wp:attachment":[{"href":"https:\/\/orthopara.store\/index.php?rest_route=%2Fwp%2Fv2%2Fmedia&parent=781"}],"wp:term":[{"taxonomy":"pwb-brand","embeddable":true,"href":"https:\/\/orthopara.store\/index.php?rest_route=%2Fwp%2Fv2%2Fpwb-brand&post=781"},{"taxonomy":"product_cat","embeddable":true,"href":"https:\/\/orthopara.store\/index.php?rest_route=%2Fwp%2Fv2%2Fproduct_cat&post=781"},{"taxonomy":"product_tag","embeddable":true,"href":"https:\/\/orthopara.store\/index.php?rest_route=%2Fwp%2Fv2%2Fproduct_tag&post=781"}],"curies":[{"name":"wp","href":"https:\/\/api.w.org\/{rel}","templated":true}]}}