{"id":782,"date":"2024-06-28T15:49:56","date_gmt":"2024-06-28T13:49:56","guid":{"rendered":"https:\/\/orthopara.store\/?post_type=product&#038;p=782"},"modified":"2024-06-28T15:50:03","modified_gmt":"2024-06-28T13:50:03","slug":"serum-booster-a-la-vitamine-c-retinol-kuora-50ml","status":"publish","type":"product","link":"https:\/\/orthopara.store\/?product=serum-booster-a-la-vitamine-c-retinol-kuora-50ml","title":{"rendered":"S\u00e9rum Booster \u00e0 la Vitamine C + R\u00e9tinol &#8211; Kuora &#8211; 50ml"},"content":{"rendered":"<p>S\u00e9rum Booster \u00e0 la Vitamine C + R\u00e9tinol &#8211; Kuora &#8211; 50ml<br \/>\nTraite et pr\u00e9vient le vieillissement cutan\u00e9 caus\u00e9s par le stress oxydatif, le manque de sommeil et d&rsquo;autres facteurs externes tels que la pollution et la lumi\u00e8re du soleil qui entra\u00eenent de la fatigue et un manque de luminosit\u00e9.<br \/>\nIl peut \u00eatre utilis\u00e9 comme base de maquillage. Utilisation externe seulement.<br \/>\nLa vitamine C poss\u00e8de de puissantes propri\u00e9t\u00e9s antioxydantes tout en apportant luminosit\u00e9 et \u00e9lasticit\u00e9, \u00e9claircissant et unifiant le teint.<br \/>\nLe r\u00e9tinol renouvelle la peau de l&rsquo;int\u00e9rieur pour lisser et r\u00e9duire visiblement les rides.<\/p>\n<p>Sans parabens<br \/>\nSans alcool<br \/>\nProduit vegan<br \/>\nParfum hypoallerg\u00e9nique<br \/>\nTest\u00e9 dermatologiquement<br \/>\nNon com\u00e9dog\u00e8ne<br \/>\nConseil d&rsquo;utilisation :\u00a0<br \/>\nAppliquer deux fois par jour sur le visage, le cou et la poitrine parfaitement nettoy\u00e9s avec un l\u00e9ger massage circulaire jusqu&rsquo;\u00e0 absorption compl\u00e8te.<br \/>\nContre indication :\u00a0<br \/>\nIl est contre indiqu\u00e9 pour la femme enceinte ou allaitante.<br \/>\nIngr\u00e9dients :<br \/>\nAqua. Acide 3-O-\u00e9thyl ascorbique. Myristate de myristyle. Alcool c\u00e9tylique. Glyc\u00e9rine. Cyclopentasiloxane. St\u00e9arate de glyc\u00e9ryle. Ceteareth-20. Myristate d&rsquo;isopropyle. Ac\u00e9tate de r\u00e9tinyle. Dim\u00e9thicone. Parfum. Tri\u00e9thanolamine. Ph\u00e9noxy\u00e9thanol. \u00c9thylhexylglyc\u00e9rine. EDTA disodique. Ac\u00e9tate de tocoph\u00e9rol.<\/p>\n","protected":false},"excerpt":{"rendered":"<p>Kuora Serum vitamine C + Retinol<br \/>\nSp\u00e9cialement con\u00e7u pour lutter contre les signes du vieillissement cutan\u00e9 : rides, peau terne et fatigu\u00e9e, perte d&rsquo;uniformit\u00e9 de la couleur. Il associe l&rsquo;action anti-oxydante de la vitamine C \u00e0 5% au R\u00e9tinol stimulant le renouvellement cellulaire. Am\u00e9liore la synth\u00e8se du collag\u00e8ne, responsable de la fermet\u00e9 et de l&rsquo;\u00e9lasticit\u00e9 de la peau, assure la protection contre les radicaux libres, \u00e9claircit la peau. Le r\u00e9tinol r\u00e9duit visiblement les rides en agissant en profondeur de l&rsquo;int\u00e9rieur vers l&rsquo;ext\u00e9rieur. Formul\u00e9 et test\u00e9 sous contr\u00f4les dermatologiques.<br \/>\nContennace : 50ml<br \/>\nDLC : 09\/2027 (12 mois apr\u00e8s l&rsquo;ouverture )<\/p>\n","protected":false},"featured_media":807,"comment_status":"open","ping_status":"closed","template":"","meta":[],"pwb-brand":[76],"product_cat":[69],"product_tag":[],"class_list":{"0":"post-782","1":"product","2":"type-product","3":"status-publish","4":"has-post-thumbnail","6":"pwb-brand-kuora","7":"product_cat-anti-rides","8":"post","9":"ws-product--style-1","11":"first","12":"instock","13":"shipping-taxable","14":"purchasable","15":"product-type-simple"},"yoast_head":"<!-- This site is optimized with the Yoast SEO plugin v23.0 - https:\/\/yoast.com\/wordpress\/plugins\/seo\/ -->\n<title>S\u00e9rum Booster \u00e0 la Vitamine C + R\u00e9tinol - Kuora - 50ml - OrthoPara<\/title>\n<meta name=\"robots\" content=\"index, follow, max-snippet:-1, max-image-preview:large, max-video-preview:-1\" \/>\n<link rel=\"canonical\" href=\"https:\/\/orthopara.store\/index.php\/produit\/serum-booster-a-la-vitamine-c-retinol-kuora-50ml\/\" \/>\n<meta property=\"og:locale\" content=\"fr_FR\" \/>\n<meta property=\"og:type\" content=\"article\" \/>\n<meta property=\"og:title\" content=\"S\u00e9rum Booster \u00e0 la Vitamine C + R\u00e9tinol - Kuora - 50ml - OrthoPara\" \/>\n<meta property=\"og:description\" content=\"Kuora Serum vitamine C + Retinol Sp\u00e9cialement con\u00e7u pour lutter contre les signes du vieillissement cutan\u00e9 : rides, peau terne et fatigu\u00e9e, perte d&#039;uniformit\u00e9 de la couleur. Il associe l&#039;action anti-oxydante de la vitamine C \u00e0 5% au R\u00e9tinol stimulant le renouvellement cellulaire. Am\u00e9liore la synth\u00e8se du collag\u00e8ne, responsable de la fermet\u00e9 et de l&#039;\u00e9lasticit\u00e9 de la peau, assure la protection contre les radicaux libres, \u00e9claircit la peau. Le r\u00e9tinol r\u00e9duit visiblement les rides en agissant en profondeur de l&#039;int\u00e9rieur vers l&#039;ext\u00e9rieur. Formul\u00e9 et test\u00e9 sous contr\u00f4les dermatologiques. Contennace : 50ml DLC : 09\/2027 (12 mois apr\u00e8s l&#039;ouverture )\" \/>\n<meta property=\"og:url\" content=\"https:\/\/orthopara.store\/index.php\/produit\/serum-booster-a-la-vitamine-c-retinol-kuora-50ml\/\" \/>\n<meta property=\"og:site_name\" content=\"OrthoPara\" \/>\n<meta property=\"article:publisher\" content=\"https:\/\/www.facebook.com\/profile.php?id=61561194315651\" \/>\n<meta property=\"article:modified_time\" content=\"2024-06-28T13:50:03+00:00\" \/>\n<meta property=\"og:image\" content=\"https:\/\/orthopara.store\/wp-content\/uploads\/2024\/06\/booster-a-la-serum-vitamine-c-retinol-kuora.jpg\" \/>\n\t<meta property=\"og:image:width\" content=\"800\" \/>\n\t<meta property=\"og:image:height\" content=\"800\" \/>\n\t<meta property=\"og:image:type\" content=\"image\/jpeg\" \/>\n<meta name=\"twitter:card\" content=\"summary_large_image\" \/>\n<meta name=\"twitter:label1\" content=\"Dur\u00e9e de lecture estim\u00e9e\" \/>\n\t<meta name=\"twitter:data1\" content=\"1 minute\" \/>\n<script type=\"application\/ld+json\" class=\"yoast-schema-graph\">{\"@context\":\"https:\/\/schema.org\",\"@graph\":[{\"@type\":\"WebPage\",\"@id\":\"https:\/\/orthopara.store\/index.php\/produit\/serum-booster-a-la-vitamine-c-retinol-kuora-50ml\/\",\"url\":\"https:\/\/orthopara.store\/index.php\/produit\/serum-booster-a-la-vitamine-c-retinol-kuora-50ml\/\",\"name\":\"S\u00e9rum Booster \u00e0 la Vitamine C + R\u00e9tinol - Kuora - 50ml - OrthoPara\",\"isPartOf\":{\"@id\":\"https:\/\/orthopara.store\/#website\"},\"primaryImageOfPage\":{\"@id\":\"https:\/\/orthopara.store\/index.php\/produit\/serum-booster-a-la-vitamine-c-retinol-kuora-50ml\/#primaryimage\"},\"image\":{\"@id\":\"https:\/\/orthopara.store\/index.php\/produit\/serum-booster-a-la-vitamine-c-retinol-kuora-50ml\/#primaryimage\"},\"thumbnailUrl\":\"https:\/\/orthopara.store\/wp-content\/uploads\/2024\/06\/booster-a-la-serum-vitamine-c-retinol-kuora.jpg\",\"datePublished\":\"2024-06-28T13:49:56+00:00\",\"dateModified\":\"2024-06-28T13:50:03+00:00\",\"breadcrumb\":{\"@id\":\"https:\/\/orthopara.store\/index.php\/produit\/serum-booster-a-la-vitamine-c-retinol-kuora-50ml\/#breadcrumb\"},\"inLanguage\":\"fr-FR\",\"potentialAction\":[{\"@type\":\"ReadAction\",\"target\":[\"https:\/\/orthopara.store\/index.php\/produit\/serum-booster-a-la-vitamine-c-retinol-kuora-50ml\/\"]}]},{\"@type\":\"ImageObject\",\"inLanguage\":\"fr-FR\",\"@id\":\"https:\/\/orthopara.store\/index.php\/produit\/serum-booster-a-la-vitamine-c-retinol-kuora-50ml\/#primaryimage\",\"url\":\"https:\/\/orthopara.store\/wp-content\/uploads\/2024\/06\/booster-a-la-serum-vitamine-c-retinol-kuora.jpg\",\"contentUrl\":\"https:\/\/orthopara.store\/wp-content\/uploads\/2024\/06\/booster-a-la-serum-vitamine-c-retinol-kuora.jpg\",\"width\":800,\"height\":800},{\"@type\":\"BreadcrumbList\",\"@id\":\"https:\/\/orthopara.store\/index.php\/produit\/serum-booster-a-la-vitamine-c-retinol-kuora-50ml\/#breadcrumb\",\"itemListElement\":[{\"@type\":\"ListItem\",\"position\":1,\"name\":\"Accueil\",\"item\":\"https:\/\/orthopara.store\/\"},{\"@type\":\"ListItem\",\"position\":2,\"name\":\"Shop\",\"item\":\"https:\/\/orthopara.store\/?page_id=622\"},{\"@type\":\"ListItem\",\"position\":3,\"name\":\"S\u00e9rum Booster \u00e0 la Vitamine C + R\u00e9tinol &#8211; Kuora &#8211; 50ml\"}]},{\"@type\":\"WebSite\",\"@id\":\"https:\/\/orthopara.store\/#website\",\"url\":\"https:\/\/orthopara.store\/\",\"name\":\"OrthoPara\",\"description\":\"Parapharmacie\",\"publisher\":{\"@id\":\"https:\/\/orthopara.store\/#organization\"},\"potentialAction\":[{\"@type\":\"SearchAction\",\"target\":{\"@type\":\"EntryPoint\",\"urlTemplate\":\"https:\/\/orthopara.store\/?s={search_term_string}\"},\"query-input\":\"required name=search_term_string\"}],\"inLanguage\":\"fr-FR\"},{\"@type\":\"Organization\",\"@id\":\"https:\/\/orthopara.store\/#organization\",\"name\":\"OrthoPara\",\"url\":\"https:\/\/orthopara.store\/\",\"logo\":{\"@type\":\"ImageObject\",\"inLanguage\":\"fr-FR\",\"@id\":\"https:\/\/orthopara.store\/#\/schema\/logo\/image\/\",\"url\":\"https:\/\/orthopara.store\/wp-content\/uploads\/2024\/06\/cropped-9ABA8BAD-6256-4719-9315-15C66E64E882.png\",\"contentUrl\":\"https:\/\/orthopara.store\/wp-content\/uploads\/2024\/06\/cropped-9ABA8BAD-6256-4719-9315-15C66E64E882.png\",\"width\":240,\"height\":72,\"caption\":\"OrthoPara\"},\"image\":{\"@id\":\"https:\/\/orthopara.store\/#\/schema\/logo\/image\/\"},\"sameAs\":[\"https:\/\/www.facebook.com\/profile.php?id=61561194315651\",\"https:\/\/www.instagram.com\/orthopara_tunisie\/\"]}]}<\/script>\n<!-- \/ Yoast SEO plugin. -->","yoast_head_json":{"title":"S\u00e9rum Booster \u00e0 la Vitamine C + R\u00e9tinol - Kuora - 50ml - OrthoPara","robots":{"index":"index","follow":"follow","max-snippet":"max-snippet:-1","max-image-preview":"max-image-preview:large","max-video-preview":"max-video-preview:-1"},"canonical":"https:\/\/orthopara.store\/index.php\/produit\/serum-booster-a-la-vitamine-c-retinol-kuora-50ml\/","og_locale":"fr_FR","og_type":"article","og_title":"S\u00e9rum Booster \u00e0 la Vitamine C + R\u00e9tinol - Kuora - 50ml - OrthoPara","og_description":"Kuora Serum vitamine C + Retinol Sp\u00e9cialement con\u00e7u pour lutter contre les signes du vieillissement cutan\u00e9 : rides, peau terne et fatigu\u00e9e, perte d'uniformit\u00e9 de la couleur. Il associe l'action anti-oxydante de la vitamine C \u00e0 5% au R\u00e9tinol stimulant le renouvellement cellulaire. Am\u00e9liore la synth\u00e8se du collag\u00e8ne, responsable de la fermet\u00e9 et de l'\u00e9lasticit\u00e9 de la peau, assure la protection contre les radicaux libres, \u00e9claircit la peau. Le r\u00e9tinol r\u00e9duit visiblement les rides en agissant en profondeur de l'int\u00e9rieur vers l'ext\u00e9rieur. Formul\u00e9 et test\u00e9 sous contr\u00f4les dermatologiques. Contennace : 50ml DLC : 09\/2027 (12 mois apr\u00e8s l'ouverture )","og_url":"https:\/\/orthopara.store\/index.php\/produit\/serum-booster-a-la-vitamine-c-retinol-kuora-50ml\/","og_site_name":"OrthoPara","article_publisher":"https:\/\/www.facebook.com\/profile.php?id=61561194315651","article_modified_time":"2024-06-28T13:50:03+00:00","og_image":[{"width":800,"height":800,"url":"https:\/\/orthopara.store\/wp-content\/uploads\/2024\/06\/booster-a-la-serum-vitamine-c-retinol-kuora.jpg","type":"image\/jpeg"}],"twitter_card":"summary_large_image","twitter_misc":{"Dur\u00e9e de lecture estim\u00e9e":"1 minute"},"schema":{"@context":"https:\/\/schema.org","@graph":[{"@type":"WebPage","@id":"https:\/\/orthopara.store\/index.php\/produit\/serum-booster-a-la-vitamine-c-retinol-kuora-50ml\/","url":"https:\/\/orthopara.store\/index.php\/produit\/serum-booster-a-la-vitamine-c-retinol-kuora-50ml\/","name":"S\u00e9rum Booster \u00e0 la Vitamine C + R\u00e9tinol - Kuora - 50ml - OrthoPara","isPartOf":{"@id":"https:\/\/orthopara.store\/#website"},"primaryImageOfPage":{"@id":"https:\/\/orthopara.store\/index.php\/produit\/serum-booster-a-la-vitamine-c-retinol-kuora-50ml\/#primaryimage"},"image":{"@id":"https:\/\/orthopara.store\/index.php\/produit\/serum-booster-a-la-vitamine-c-retinol-kuora-50ml\/#primaryimage"},"thumbnailUrl":"https:\/\/orthopara.store\/wp-content\/uploads\/2024\/06\/booster-a-la-serum-vitamine-c-retinol-kuora.jpg","datePublished":"2024-06-28T13:49:56+00:00","dateModified":"2024-06-28T13:50:03+00:00","breadcrumb":{"@id":"https:\/\/orthopara.store\/index.php\/produit\/serum-booster-a-la-vitamine-c-retinol-kuora-50ml\/#breadcrumb"},"inLanguage":"fr-FR","potentialAction":[{"@type":"ReadAction","target":["https:\/\/orthopara.store\/index.php\/produit\/serum-booster-a-la-vitamine-c-retinol-kuora-50ml\/"]}]},{"@type":"ImageObject","inLanguage":"fr-FR","@id":"https:\/\/orthopara.store\/index.php\/produit\/serum-booster-a-la-vitamine-c-retinol-kuora-50ml\/#primaryimage","url":"https:\/\/orthopara.store\/wp-content\/uploads\/2024\/06\/booster-a-la-serum-vitamine-c-retinol-kuora.jpg","contentUrl":"https:\/\/orthopara.store\/wp-content\/uploads\/2024\/06\/booster-a-la-serum-vitamine-c-retinol-kuora.jpg","width":800,"height":800},{"@type":"BreadcrumbList","@id":"https:\/\/orthopara.store\/index.php\/produit\/serum-booster-a-la-vitamine-c-retinol-kuora-50ml\/#breadcrumb","itemListElement":[{"@type":"ListItem","position":1,"name":"Accueil","item":"https:\/\/orthopara.store\/"},{"@type":"ListItem","position":2,"name":"Shop","item":"https:\/\/orthopara.store\/?page_id=622"},{"@type":"ListItem","position":3,"name":"S\u00e9rum Booster \u00e0 la Vitamine C + R\u00e9tinol &#8211; Kuora &#8211; 50ml"}]},{"@type":"WebSite","@id":"https:\/\/orthopara.store\/#website","url":"https:\/\/orthopara.store\/","name":"OrthoPara","description":"Parapharmacie","publisher":{"@id":"https:\/\/orthopara.store\/#organization"},"potentialAction":[{"@type":"SearchAction","target":{"@type":"EntryPoint","urlTemplate":"https:\/\/orthopara.store\/?s={search_term_string}"},"query-input":"required name=search_term_string"}],"inLanguage":"fr-FR"},{"@type":"Organization","@id":"https:\/\/orthopara.store\/#organization","name":"OrthoPara","url":"https:\/\/orthopara.store\/","logo":{"@type":"ImageObject","inLanguage":"fr-FR","@id":"https:\/\/orthopara.store\/#\/schema\/logo\/image\/","url":"https:\/\/orthopara.store\/wp-content\/uploads\/2024\/06\/cropped-9ABA8BAD-6256-4719-9315-15C66E64E882.png","contentUrl":"https:\/\/orthopara.store\/wp-content\/uploads\/2024\/06\/cropped-9ABA8BAD-6256-4719-9315-15C66E64E882.png","width":240,"height":72,"caption":"OrthoPara"},"image":{"@id":"https:\/\/orthopara.store\/#\/schema\/logo\/image\/"},"sameAs":["https:\/\/www.facebook.com\/profile.php?id=61561194315651","https:\/\/www.instagram.com\/orthopara_tunisie\/"]}]}},"jetpack_sharing_enabled":true,"brands":[{"id":76,"name":"Kuora","slug":"kuora"}],"_links":{"self":[{"href":"https:\/\/orthopara.store\/index.php?rest_route=\/wp\/v2\/product\/782","targetHints":{"allow":["GET"]}}],"collection":[{"href":"https:\/\/orthopara.store\/index.php?rest_route=\/wp\/v2\/product"}],"about":[{"href":"https:\/\/orthopara.store\/index.php?rest_route=\/wp\/v2\/types\/product"}],"replies":[{"embeddable":true,"href":"https:\/\/orthopara.store\/index.php?rest_route=%2Fwp%2Fv2%2Fcomments&post=782"}],"wp:featuredmedia":[{"embeddable":true,"href":"https:\/\/orthopara.store\/index.php?rest_route=\/wp\/v2\/media\/807"}],"wp:attachment":[{"href":"https:\/\/orthopara.store\/index.php?rest_route=%2Fwp%2Fv2%2Fmedia&parent=782"}],"wp:term":[{"taxonomy":"pwb-brand","embeddable":true,"href":"https:\/\/orthopara.store\/index.php?rest_route=%2Fwp%2Fv2%2Fpwb-brand&post=782"},{"taxonomy":"product_cat","embeddable":true,"href":"https:\/\/orthopara.store\/index.php?rest_route=%2Fwp%2Fv2%2Fproduct_cat&post=782"},{"taxonomy":"product_tag","embeddable":true,"href":"https:\/\/orthopara.store\/index.php?rest_route=%2Fwp%2Fv2%2Fproduct_tag&post=782"}],"curies":[{"name":"wp","href":"https:\/\/api.w.org\/{rel}","templated":true}]}}