{"id":784,"date":"2024-06-28T15:49:57","date_gmt":"2024-06-28T13:49:57","guid":{"rendered":"https:\/\/orthopara.store\/?post_type=product&#038;p=784"},"modified":"2024-11-04T17:14:10","modified_gmt":"2024-11-04T16:14:10","slug":"ampoule-refresh-de-jour-pour-les-yeux-svr-15ml","status":"publish","type":"product","link":"https:\/\/orthopara.store\/?product=ampoule-refresh-de-jour-pour-les-yeux-svr-15ml","title":{"rendered":"Ampoule refresh de jour pour les yeux &#8211; SVR  &#8211; 15ml"},"content":{"rendered":"<p>Ampoule refresh de jour pour les yeux &#8211; SVR\u00a0 &#8211; 15ml<br \/>\nCe s\u00e9rum matinal ultra-frais va r\u00e9veiller, tonifier et lisser le contour des yeux.<br \/>\nSa formule, enrichie en caf\u00e9ine, stimule le regard, favorise la micro-circulation et d\u00e9congestionne pour agir sur les cernes et les poches. Enrichie en peptides et acide hyaluronique, le contour des yeux est liss\u00e9, raffermi et hydrat\u00e9, pr\u00eat pour affronter la journ\u00e9e. Son vrai plus, son packaging innovant ! Sa pipette massante m\u00e9tallique permet de d\u00e9livrer le produit sur la zone souhait\u00e9e et de masser avec un effet frais imm\u00e9diat pour maximiser l\u2019efficacit\u00e9 anti-poches, anti-cernes.<br \/>\nFini les yeux bouffis et cern\u00e9s au r\u00e9veil, le regard est frais, r\u00e9veill\u00e9 et liss\u00e9.\u00a0<br \/>\nEFFICACIT\u00c9 PROUV\u00c9E SUR LE CONTOUR DES YEUX SENSIBLES :\u00a0<br \/>\n\u2022 -27% de visibilit\u00e9 des cernes(1)<br \/>\n\u2022 -31% des poches(1)<br \/>\n\u2022 -24% des rides et des ridules(2)<br \/>\n\u2022 +40% de fermet\u00e9 sur la zone contour des yeux(2)<br \/>\n\u00a0Hydratation 8H(3)<br \/>\n\u00a0(1) Score dermatologique sur 31 sujets apr\u00e8s 56 jours d&rsquo;application 1 fois par jour, % de variation.\u00a0 (2) Auto-\u00e9valuation sur 31 sujets apr\u00e8s 56 jours d&rsquo;application 1 fois par jour, % de variation.<br \/>\n\u00a0La zone du regard est la premi\u00e8re touch\u00e9e par les signes de l\u2019\u00e2ge : cernes, poches, ridules puis rides\u2026 Cinq fois plus fine que le reste du visage, et sursollicit\u00e9e au quotidien, il est essentiel de traiter cette zone de mani\u00e8re sp\u00e9cifique. Saviez-vous que votre peau poss\u00e8de sa propre horloge biologique appel\u00e9e cycle circadien ? Adapter sa routine contour des yeux aux besoins de la peau au fil de la journ\u00e9e pour plus d\u2019efficacit\u00e9, c\u2019est la promesse de REFRESH : tonifier et lisser le regard, hydrater pour favoriser la protection quotidienne. AMPOULE REFRESH a \u00e9t\u00e9 imagin\u00e9e et d\u00e9velopp\u00e9e comme une v\u00e9ritable exp\u00e9rience. Sa formule s\u00e9rum ultra fra\u00eeche concentr\u00e9e en actifs associ\u00e9e \u00e0 son packaging innovant massant agit directement sur les cernes, les poches, les rides et ridules. Formul\u00e9e avec 90% d\u2019ingr\u00e9dients d\u2019origine naturelle, sa formule experte et technique puise sa force gr\u00e2ce \u00e0 : \u2022 2% Caf\u00e9ine v\u00e9g\u00e9tale: D\u00e9fatigue et tonifie le regard, les cernes sont nettement r\u00e9duites. \u2022 2% Peptides : Lissent la peau, d\u00e9tendent les traits. \u2022 Acide Hyaluronique : De moyen poids mol\u00e9culaire il hydrate le contour de l\u2019\u0153il, les rides et ridules sont visiblement liss\u00e9es. INNOVATION Packaging : Pipette avec embout massant m\u00e9tallique. L\u2019effet gla\u00e7on imm\u00e9diat et les massages permettent de maximiser l\u2019efficacit\u00e9 d\u00e9congestionnante. Test\u00e9 sous contr\u00f4le dermatologique et ophtalmologique.<br \/>\nMode d&#8217;emploi:<br \/>\nPr\u00e9lever une petite quantit\u00e9 de s\u00e9rum avec la pipette, appliquer sur le contour de l\u2019\u0153il non irrit\u00e9, puis masser avec l\u2019embout m\u00e9tallique. Vous pouvez terminer le geste avec le bout des doigts pour finir de faire p\u00e9n\u00e9trer le soin. Ne pas appliquer dans l\u2019\u0153il. Pour maximiser l\u2019efficacit\u00e9 de l\u2019ampoule, n\u2019h\u00e9sitez pas \u00e0 appliquer les gestes d\u2019automassages.<br \/>\n\u00a0<\/p>\n","protected":false},"excerpt":{"rendered":"<p>SVR\u00a0<br \/>\nAmpoule refresh de jour\u00a0<br \/>\nCe s\u00e9rum matinal ultra-frais va r\u00e9veiller, tonifier et lisser le contour des yeux.<br \/>\nSa formule, enrichie en caf\u00e9ine, stimule le regard, favorise la micro-circulation et d\u00e9congestionne pour agir sur les cernes et les poches. Enrichie en peptides et acide hyaluronique, le contour des yeux est liss\u00e9, raffermi et hydrat\u00e9, pr\u00eat pour affronter la journ\u00e9e. Son vrai plus, son packaging innovant ! Sa pipette massante m\u00e9tallique permet de d\u00e9livrer le produit sur la zone souhait\u00e9e et de masser avec un effet frais imm\u00e9diat pour maximiser l\u2019efficacit\u00e9 anti-poches, anti-cernes.<br \/>\nFini les yeux bouffis et cern\u00e9s au r\u00e9veil, le regard est frais, r\u00e9veill\u00e9 et liss\u00e9.\u00a0<br \/>\nDLC 10\/2024<\/p>\n","protected":false},"featured_media":809,"comment_status":"open","ping_status":"closed","template":"","meta":[],"pwb-brand":[43],"product_cat":[69],"product_tag":[],"class_list":{"0":"post-784","1":"product","2":"type-product","3":"status-publish","4":"has-post-thumbnail","6":"pwb-brand-svr","7":"product_cat-anti-rides","8":"post","9":"ws-product--style-1","11":"first","12":"instock","13":"shipping-taxable","14":"purchasable","15":"product-type-simple"},"yoast_head":"<!-- This site is optimized with the Yoast SEO plugin v23.0 - https:\/\/yoast.com\/wordpress\/plugins\/seo\/ -->\n<title>Ampoule refresh de jour pour les yeux - SVR - 15ml - OrthoPara<\/title>\n<meta name=\"robots\" content=\"index, follow, max-snippet:-1, max-image-preview:large, max-video-preview:-1\" \/>\n<link rel=\"canonical\" href=\"https:\/\/orthopara.store\/index.php\/produit\/ampoule-refresh-de-jour-pour-les-yeux-svr-15ml\/\" \/>\n<meta property=\"og:locale\" content=\"fr_FR\" \/>\n<meta property=\"og:type\" content=\"article\" \/>\n<meta property=\"og:title\" content=\"Ampoule refresh de jour pour les yeux - SVR - 15ml - OrthoPara\" \/>\n<meta property=\"og:description\" content=\"SVR\u00a0 Ampoule refresh de jour\u00a0 Ce s\u00e9rum matinal ultra-frais va r\u00e9veiller, tonifier et lisser le contour des yeux. Sa formule, enrichie en caf\u00e9ine, stimule le regard, favorise la micro-circulation et d\u00e9congestionne pour agir sur les cernes et les poches. Enrichie en peptides et acide hyaluronique, le contour des yeux est liss\u00e9, raffermi et hydrat\u00e9, pr\u00eat pour affronter la journ\u00e9e. Son vrai plus, son packaging innovant ! Sa pipette massante m\u00e9tallique permet de d\u00e9livrer le produit sur la zone souhait\u00e9e et de masser avec un effet frais imm\u00e9diat pour maximiser l\u2019efficacit\u00e9 anti-poches, anti-cernes. Fini les yeux bouffis et cern\u00e9s au r\u00e9veil, le regard est frais, r\u00e9veill\u00e9 et liss\u00e9.\u00a0 DLC 10\/2024\" \/>\n<meta property=\"og:url\" content=\"https:\/\/orthopara.store\/index.php\/produit\/ampoule-refresh-de-jour-pour-les-yeux-svr-15ml\/\" \/>\n<meta property=\"og:site_name\" content=\"OrthoPara\" \/>\n<meta property=\"article:publisher\" content=\"https:\/\/www.facebook.com\/profile.php?id=61561194315651\" \/>\n<meta property=\"article:modified_time\" content=\"2024-11-04T16:14:10+00:00\" \/>\n<meta property=\"og:image\" content=\"https:\/\/orthopara.store\/wp-content\/uploads\/2024\/06\/ampoule-refresh-de-jour-pour-les-yeux-svr-15ml.jpg\" \/>\n\t<meta property=\"og:image:width\" content=\"800\" \/>\n\t<meta property=\"og:image:height\" content=\"800\" \/>\n\t<meta property=\"og:image:type\" content=\"image\/jpeg\" \/>\n<meta name=\"twitter:card\" content=\"summary_large_image\" \/>\n<meta name=\"twitter:label1\" content=\"Dur\u00e9e de lecture estim\u00e9e\" \/>\n\t<meta name=\"twitter:data1\" content=\"2 minutes\" \/>\n<script type=\"application\/ld+json\" class=\"yoast-schema-graph\">{\"@context\":\"https:\/\/schema.org\",\"@graph\":[{\"@type\":\"WebPage\",\"@id\":\"https:\/\/orthopara.store\/index.php\/produit\/ampoule-refresh-de-jour-pour-les-yeux-svr-15ml\/\",\"url\":\"https:\/\/orthopara.store\/index.php\/produit\/ampoule-refresh-de-jour-pour-les-yeux-svr-15ml\/\",\"name\":\"Ampoule refresh de jour pour les yeux - SVR - 15ml - OrthoPara\",\"isPartOf\":{\"@id\":\"https:\/\/orthopara.store\/#website\"},\"primaryImageOfPage\":{\"@id\":\"https:\/\/orthopara.store\/index.php\/produit\/ampoule-refresh-de-jour-pour-les-yeux-svr-15ml\/#primaryimage\"},\"image\":{\"@id\":\"https:\/\/orthopara.store\/index.php\/produit\/ampoule-refresh-de-jour-pour-les-yeux-svr-15ml\/#primaryimage\"},\"thumbnailUrl\":\"https:\/\/orthopara.store\/wp-content\/uploads\/2024\/06\/ampoule-refresh-de-jour-pour-les-yeux-svr-15ml.jpg\",\"datePublished\":\"2024-06-28T13:49:57+00:00\",\"dateModified\":\"2024-11-04T16:14:10+00:00\",\"breadcrumb\":{\"@id\":\"https:\/\/orthopara.store\/index.php\/produit\/ampoule-refresh-de-jour-pour-les-yeux-svr-15ml\/#breadcrumb\"},\"inLanguage\":\"fr-FR\",\"potentialAction\":[{\"@type\":\"ReadAction\",\"target\":[\"https:\/\/orthopara.store\/index.php\/produit\/ampoule-refresh-de-jour-pour-les-yeux-svr-15ml\/\"]}]},{\"@type\":\"ImageObject\",\"inLanguage\":\"fr-FR\",\"@id\":\"https:\/\/orthopara.store\/index.php\/produit\/ampoule-refresh-de-jour-pour-les-yeux-svr-15ml\/#primaryimage\",\"url\":\"https:\/\/orthopara.store\/wp-content\/uploads\/2024\/06\/ampoule-refresh-de-jour-pour-les-yeux-svr-15ml.jpg\",\"contentUrl\":\"https:\/\/orthopara.store\/wp-content\/uploads\/2024\/06\/ampoule-refresh-de-jour-pour-les-yeux-svr-15ml.jpg\",\"width\":800,\"height\":800},{\"@type\":\"BreadcrumbList\",\"@id\":\"https:\/\/orthopara.store\/index.php\/produit\/ampoule-refresh-de-jour-pour-les-yeux-svr-15ml\/#breadcrumb\",\"itemListElement\":[{\"@type\":\"ListItem\",\"position\":1,\"name\":\"Accueil\",\"item\":\"https:\/\/orthopara.store\/\"},{\"@type\":\"ListItem\",\"position\":2,\"name\":\"Shop\",\"item\":\"https:\/\/orthopara.store\/?page_id=622\"},{\"@type\":\"ListItem\",\"position\":3,\"name\":\"Ampoule refresh de jour pour les yeux &#8211; SVR &#8211; 15ml\"}]},{\"@type\":\"WebSite\",\"@id\":\"https:\/\/orthopara.store\/#website\",\"url\":\"https:\/\/orthopara.store\/\",\"name\":\"OrthoPara\",\"description\":\"Parapharmacie\",\"publisher\":{\"@id\":\"https:\/\/orthopara.store\/#organization\"},\"potentialAction\":[{\"@type\":\"SearchAction\",\"target\":{\"@type\":\"EntryPoint\",\"urlTemplate\":\"https:\/\/orthopara.store\/?s={search_term_string}\"},\"query-input\":\"required name=search_term_string\"}],\"inLanguage\":\"fr-FR\"},{\"@type\":\"Organization\",\"@id\":\"https:\/\/orthopara.store\/#organization\",\"name\":\"OrthoPara\",\"url\":\"https:\/\/orthopara.store\/\",\"logo\":{\"@type\":\"ImageObject\",\"inLanguage\":\"fr-FR\",\"@id\":\"https:\/\/orthopara.store\/#\/schema\/logo\/image\/\",\"url\":\"https:\/\/orthopara.store\/wp-content\/uploads\/2024\/06\/cropped-9ABA8BAD-6256-4719-9315-15C66E64E882.png\",\"contentUrl\":\"https:\/\/orthopara.store\/wp-content\/uploads\/2024\/06\/cropped-9ABA8BAD-6256-4719-9315-15C66E64E882.png\",\"width\":240,\"height\":72,\"caption\":\"OrthoPara\"},\"image\":{\"@id\":\"https:\/\/orthopara.store\/#\/schema\/logo\/image\/\"},\"sameAs\":[\"https:\/\/www.facebook.com\/profile.php?id=61561194315651\",\"https:\/\/www.instagram.com\/orthopara_tunisie\/\"]}]}<\/script>\n<!-- \/ Yoast SEO plugin. -->","yoast_head_json":{"title":"Ampoule refresh de jour pour les yeux - SVR - 15ml - OrthoPara","robots":{"index":"index","follow":"follow","max-snippet":"max-snippet:-1","max-image-preview":"max-image-preview:large","max-video-preview":"max-video-preview:-1"},"canonical":"https:\/\/orthopara.store\/index.php\/produit\/ampoule-refresh-de-jour-pour-les-yeux-svr-15ml\/","og_locale":"fr_FR","og_type":"article","og_title":"Ampoule refresh de jour pour les yeux - SVR - 15ml - OrthoPara","og_description":"SVR\u00a0 Ampoule refresh de jour\u00a0 Ce s\u00e9rum matinal ultra-frais va r\u00e9veiller, tonifier et lisser le contour des yeux. Sa formule, enrichie en caf\u00e9ine, stimule le regard, favorise la micro-circulation et d\u00e9congestionne pour agir sur les cernes et les poches. Enrichie en peptides et acide hyaluronique, le contour des yeux est liss\u00e9, raffermi et hydrat\u00e9, pr\u00eat pour affronter la journ\u00e9e. Son vrai plus, son packaging innovant ! Sa pipette massante m\u00e9tallique permet de d\u00e9livrer le produit sur la zone souhait\u00e9e et de masser avec un effet frais imm\u00e9diat pour maximiser l\u2019efficacit\u00e9 anti-poches, anti-cernes. Fini les yeux bouffis et cern\u00e9s au r\u00e9veil, le regard est frais, r\u00e9veill\u00e9 et liss\u00e9.\u00a0 DLC 10\/2024","og_url":"https:\/\/orthopara.store\/index.php\/produit\/ampoule-refresh-de-jour-pour-les-yeux-svr-15ml\/","og_site_name":"OrthoPara","article_publisher":"https:\/\/www.facebook.com\/profile.php?id=61561194315651","article_modified_time":"2024-11-04T16:14:10+00:00","og_image":[{"width":800,"height":800,"url":"https:\/\/orthopara.store\/wp-content\/uploads\/2024\/06\/ampoule-refresh-de-jour-pour-les-yeux-svr-15ml.jpg","type":"image\/jpeg"}],"twitter_card":"summary_large_image","twitter_misc":{"Dur\u00e9e de lecture estim\u00e9e":"2 minutes"},"schema":{"@context":"https:\/\/schema.org","@graph":[{"@type":"WebPage","@id":"https:\/\/orthopara.store\/index.php\/produit\/ampoule-refresh-de-jour-pour-les-yeux-svr-15ml\/","url":"https:\/\/orthopara.store\/index.php\/produit\/ampoule-refresh-de-jour-pour-les-yeux-svr-15ml\/","name":"Ampoule refresh de jour pour les yeux - SVR - 15ml - OrthoPara","isPartOf":{"@id":"https:\/\/orthopara.store\/#website"},"primaryImageOfPage":{"@id":"https:\/\/orthopara.store\/index.php\/produit\/ampoule-refresh-de-jour-pour-les-yeux-svr-15ml\/#primaryimage"},"image":{"@id":"https:\/\/orthopara.store\/index.php\/produit\/ampoule-refresh-de-jour-pour-les-yeux-svr-15ml\/#primaryimage"},"thumbnailUrl":"https:\/\/orthopara.store\/wp-content\/uploads\/2024\/06\/ampoule-refresh-de-jour-pour-les-yeux-svr-15ml.jpg","datePublished":"2024-06-28T13:49:57+00:00","dateModified":"2024-11-04T16:14:10+00:00","breadcrumb":{"@id":"https:\/\/orthopara.store\/index.php\/produit\/ampoule-refresh-de-jour-pour-les-yeux-svr-15ml\/#breadcrumb"},"inLanguage":"fr-FR","potentialAction":[{"@type":"ReadAction","target":["https:\/\/orthopara.store\/index.php\/produit\/ampoule-refresh-de-jour-pour-les-yeux-svr-15ml\/"]}]},{"@type":"ImageObject","inLanguage":"fr-FR","@id":"https:\/\/orthopara.store\/index.php\/produit\/ampoule-refresh-de-jour-pour-les-yeux-svr-15ml\/#primaryimage","url":"https:\/\/orthopara.store\/wp-content\/uploads\/2024\/06\/ampoule-refresh-de-jour-pour-les-yeux-svr-15ml.jpg","contentUrl":"https:\/\/orthopara.store\/wp-content\/uploads\/2024\/06\/ampoule-refresh-de-jour-pour-les-yeux-svr-15ml.jpg","width":800,"height":800},{"@type":"BreadcrumbList","@id":"https:\/\/orthopara.store\/index.php\/produit\/ampoule-refresh-de-jour-pour-les-yeux-svr-15ml\/#breadcrumb","itemListElement":[{"@type":"ListItem","position":1,"name":"Accueil","item":"https:\/\/orthopara.store\/"},{"@type":"ListItem","position":2,"name":"Shop","item":"https:\/\/orthopara.store\/?page_id=622"},{"@type":"ListItem","position":3,"name":"Ampoule refresh de jour pour les yeux &#8211; SVR &#8211; 15ml"}]},{"@type":"WebSite","@id":"https:\/\/orthopara.store\/#website","url":"https:\/\/orthopara.store\/","name":"OrthoPara","description":"Parapharmacie","publisher":{"@id":"https:\/\/orthopara.store\/#organization"},"potentialAction":[{"@type":"SearchAction","target":{"@type":"EntryPoint","urlTemplate":"https:\/\/orthopara.store\/?s={search_term_string}"},"query-input":"required name=search_term_string"}],"inLanguage":"fr-FR"},{"@type":"Organization","@id":"https:\/\/orthopara.store\/#organization","name":"OrthoPara","url":"https:\/\/orthopara.store\/","logo":{"@type":"ImageObject","inLanguage":"fr-FR","@id":"https:\/\/orthopara.store\/#\/schema\/logo\/image\/","url":"https:\/\/orthopara.store\/wp-content\/uploads\/2024\/06\/cropped-9ABA8BAD-6256-4719-9315-15C66E64E882.png","contentUrl":"https:\/\/orthopara.store\/wp-content\/uploads\/2024\/06\/cropped-9ABA8BAD-6256-4719-9315-15C66E64E882.png","width":240,"height":72,"caption":"OrthoPara"},"image":{"@id":"https:\/\/orthopara.store\/#\/schema\/logo\/image\/"},"sameAs":["https:\/\/www.facebook.com\/profile.php?id=61561194315651","https:\/\/www.instagram.com\/orthopara_tunisie\/"]}]}},"jetpack_sharing_enabled":true,"brands":[{"id":43,"name":"SVR","slug":"svr"}],"_links":{"self":[{"href":"https:\/\/orthopara.store\/index.php?rest_route=\/wp\/v2\/product\/784","targetHints":{"allow":["GET"]}}],"collection":[{"href":"https:\/\/orthopara.store\/index.php?rest_route=\/wp\/v2\/product"}],"about":[{"href":"https:\/\/orthopara.store\/index.php?rest_route=\/wp\/v2\/types\/product"}],"replies":[{"embeddable":true,"href":"https:\/\/orthopara.store\/index.php?rest_route=%2Fwp%2Fv2%2Fcomments&post=784"}],"wp:featuredmedia":[{"embeddable":true,"href":"https:\/\/orthopara.store\/index.php?rest_route=\/wp\/v2\/media\/809"}],"wp:attachment":[{"href":"https:\/\/orthopara.store\/index.php?rest_route=%2Fwp%2Fv2%2Fmedia&parent=784"}],"wp:term":[{"taxonomy":"pwb-brand","embeddable":true,"href":"https:\/\/orthopara.store\/index.php?rest_route=%2Fwp%2Fv2%2Fpwb-brand&post=784"},{"taxonomy":"product_cat","embeddable":true,"href":"https:\/\/orthopara.store\/index.php?rest_route=%2Fwp%2Fv2%2Fproduct_cat&post=784"},{"taxonomy":"product_tag","embeddable":true,"href":"https:\/\/orthopara.store\/index.php?rest_route=%2Fwp%2Fv2%2Fproduct_tag&post=784"}],"curies":[{"name":"wp","href":"https:\/\/api.w.org\/{rel}","templated":true}]}}