{"id":788,"date":"2024-06-28T15:49:57","date_gmt":"2024-06-28T13:49:57","guid":{"rendered":"https:\/\/orthopara.store\/?post_type=product&#038;p=788"},"modified":"2024-11-07T10:03:02","modified_gmt":"2024-11-07T09:03:02","slug":"coffret-filorga-oxygen-glow-routine-eclat","status":"publish","type":"product","link":"https:\/\/orthopara.store\/?product=coffret-filorga-oxygen-glow-routine-eclat","title":{"rendered":"Coffret Filorga Oxygen-Glow &#8211; routine \u00e9clat"},"content":{"rendered":"<p>Coffret Filorga Oxygen-Glow &#8211; routine \u00e9clat<br \/>\nD\u00e9couvrez dans ce coffret cadeau exclusif, une s\u00e9lection de soins de la gamme Oxygen-Glow. Il contient la cr\u00e8me Oxygen-Glow cr\u00e8me (Pot \u2013 50ml), Oxygen-Glow Eyes (Tube \u2013 4ml), et une petite bougie.<br \/>\nOxygen-Glow, une cr\u00e8me de jour super-perfectrice qui corrige la peau en temps r\u00e9el et booste l\u2019\u00e9clat instantan\u00e9ment et durablement pour une belle peau au naturel.<br \/>\nObjectif peau z\u00e9ro d\u00e9faut<br \/>\nD\u00e9velopp\u00e9 par Filorga, le complexe Super-Skin Boosting Factors r\u00e9unit un booster d\u2019oxyg\u00e9nation \u00e9nergisant, de l\u2019acide hyaluronique repulpant et lissant et de la L-enzyme d\u00e9toxifiante pour r\u00e9v\u00e9ler une peau z\u00e9ro d\u00e9faut jour apr\u00e8s jour.<br \/>\nLe + : Une action unifiante renforc\u00e9e gr\u00e2ce \u00e0 un peptide color-control.<br \/>\n\u00c9clat imm\u00e9diat visible \u00e0 l\u2019oeil nu<br \/>\nUne texture hydrailluminatrice int\u00e9grant la technologie Photoperfector HD pour un effet peau sublim\u00e9e instantan\u00e9.<br \/>\nTexture cr\u00e8me non com\u00e9dog\u00e8ne<\/p>\n<p>Oxygen-Glow [Eyes], un soin yeux super-lissant qui d\u00e9fatigue et booste l\u2019\u00e9clat pour un regard sublim\u00e9 au naturel : D\u00e9fatigue \u2013 Hydrate \u2013 D\u00e9toxifie<br \/>\nObjectif regard z\u00e9ro d\u00e9faut<br \/>\nD\u00e9velopp\u00e9 par Filorga, le complexe Super-Skin Boosting Factors r\u00e9unit un booster d\u2019oxyg\u00e9nation, de l\u2019acide hyaluronique et de la L-enzyme d\u00e9toxifiante pour r\u00e9v\u00e9ler un regard z\u00e9ro d\u00e9faut jour apr\u00e8s jour.<br \/>\nLe + : Une action anti-cernes renforc\u00e9e.<br \/>\n\u00c9clat imm\u00e9diat<br \/>\nUne texture hydra-illuminatrice int\u00e9grant la technologie Photoperfector HD pour un effet regard sublim\u00e9 instantan\u00e9.<br \/>\nTube<br \/>\n+ Bougie au parfum flamboyant \u00a0(offerte)<\/p>\n","protected":false},"excerpt":{"rendered":"<p>Coffret Hydra-Hyal<br \/>\nTout ce dont vous avez besoin pour une belle peau est r\u00e9uni dans un seul produit. Le coffret cosm\u00e9tique Filorga routine \u00e9clat contient non seulement un produit, mais une vari\u00e9t\u00e9 de produits qui vous permettent de cr\u00e9er ou d&rsquo;enrichir votre routine de soin ou celle de la personne \u00e0 qui vous l&rsquo;offrirez.<br \/>\nCe coffret est compos\u00e9e de :<br \/>\nCr\u00e8me super-perfectrice \u00e9clat &#8211; Filorga Oxygen-Glow &#8211; 50ml<br \/>\nSoin yeux super-lissant \u00e9clat &#8211; Filorga Oxygen-Glow &#8211; 4ml (offert)<br \/>\nBougie au parfum flamboyant<\/p>\n","protected":false},"featured_media":813,"comment_status":"open","ping_status":"closed","template":"","meta":[],"pwb-brand":[73],"product_cat":[69],"product_tag":[],"class_list":{"0":"post-788","1":"product","2":"type-product","3":"status-publish","4":"has-post-thumbnail","6":"pwb-brand-filorga","7":"product_cat-anti-rides","8":"post","9":"ws-product--style-1","11":"first","12":"instock","13":"shipping-taxable","14":"purchasable","15":"product-type-simple"},"yoast_head":"<!-- This site is optimized with the Yoast SEO plugin v23.0 - https:\/\/yoast.com\/wordpress\/plugins\/seo\/ -->\n<title>Coffret Filorga Oxygen-Glow - routine \u00e9clat - OrthoPara<\/title>\n<meta name=\"robots\" content=\"index, follow, max-snippet:-1, max-image-preview:large, max-video-preview:-1\" \/>\n<link rel=\"canonical\" href=\"https:\/\/orthopara.store\/index.php\/produit\/coffret-filorga-oxygen-glow-routine-eclat\/\" \/>\n<meta property=\"og:locale\" content=\"fr_FR\" \/>\n<meta property=\"og:type\" content=\"article\" \/>\n<meta property=\"og:title\" content=\"Coffret Filorga Oxygen-Glow - routine \u00e9clat - OrthoPara\" \/>\n<meta property=\"og:description\" content=\"Coffret Hydra-Hyal Tout ce dont vous avez besoin pour une belle peau est r\u00e9uni dans un seul produit. Le coffret cosm\u00e9tique Filorga routine \u00e9clat contient non seulement un produit, mais une vari\u00e9t\u00e9 de produits qui vous permettent de cr\u00e9er ou d&#039;enrichir votre routine de soin ou celle de la personne \u00e0 qui vous l&#039;offrirez. Ce coffret est compos\u00e9e de : Cr\u00e8me super-perfectrice \u00e9clat - Filorga Oxygen-Glow - 50ml Soin yeux super-lissant \u00e9clat - Filorga Oxygen-Glow - 4ml (offert) Bougie au parfum flamboyant\" \/>\n<meta property=\"og:url\" content=\"https:\/\/orthopara.store\/index.php\/produit\/coffret-filorga-oxygen-glow-routine-eclat\/\" \/>\n<meta property=\"og:site_name\" content=\"OrthoPara\" \/>\n<meta property=\"article:publisher\" content=\"https:\/\/www.facebook.com\/profile.php?id=61561194315651\" \/>\n<meta property=\"article:modified_time\" content=\"2024-11-07T09:03:02+00:00\" \/>\n<meta property=\"og:image\" content=\"https:\/\/orthopara.store\/wp-content\/uploads\/2024\/06\/coffret-filorga-oxygen-glow-routine-eclat.jpg\" \/>\n\t<meta property=\"og:image:width\" content=\"800\" \/>\n\t<meta property=\"og:image:height\" content=\"800\" \/>\n\t<meta property=\"og:image:type\" content=\"image\/jpeg\" \/>\n<meta name=\"twitter:card\" content=\"summary_large_image\" \/>\n<meta name=\"twitter:label1\" content=\"Dur\u00e9e de lecture estim\u00e9e\" \/>\n\t<meta name=\"twitter:data1\" content=\"1 minute\" \/>\n<script type=\"application\/ld+json\" class=\"yoast-schema-graph\">{\"@context\":\"https:\/\/schema.org\",\"@graph\":[{\"@type\":\"WebPage\",\"@id\":\"https:\/\/orthopara.store\/index.php\/produit\/coffret-filorga-oxygen-glow-routine-eclat\/\",\"url\":\"https:\/\/orthopara.store\/index.php\/produit\/coffret-filorga-oxygen-glow-routine-eclat\/\",\"name\":\"Coffret Filorga Oxygen-Glow - routine \u00e9clat - OrthoPara\",\"isPartOf\":{\"@id\":\"https:\/\/orthopara.store\/#website\"},\"primaryImageOfPage\":{\"@id\":\"https:\/\/orthopara.store\/index.php\/produit\/coffret-filorga-oxygen-glow-routine-eclat\/#primaryimage\"},\"image\":{\"@id\":\"https:\/\/orthopara.store\/index.php\/produit\/coffret-filorga-oxygen-glow-routine-eclat\/#primaryimage\"},\"thumbnailUrl\":\"https:\/\/orthopara.store\/wp-content\/uploads\/2024\/06\/coffret-filorga-oxygen-glow-routine-eclat.jpg\",\"datePublished\":\"2024-06-28T13:49:57+00:00\",\"dateModified\":\"2024-11-07T09:03:02+00:00\",\"breadcrumb\":{\"@id\":\"https:\/\/orthopara.store\/index.php\/produit\/coffret-filorga-oxygen-glow-routine-eclat\/#breadcrumb\"},\"inLanguage\":\"fr-FR\",\"potentialAction\":[{\"@type\":\"ReadAction\",\"target\":[\"https:\/\/orthopara.store\/index.php\/produit\/coffret-filorga-oxygen-glow-routine-eclat\/\"]}]},{\"@type\":\"ImageObject\",\"inLanguage\":\"fr-FR\",\"@id\":\"https:\/\/orthopara.store\/index.php\/produit\/coffret-filorga-oxygen-glow-routine-eclat\/#primaryimage\",\"url\":\"https:\/\/orthopara.store\/wp-content\/uploads\/2024\/06\/coffret-filorga-oxygen-glow-routine-eclat.jpg\",\"contentUrl\":\"https:\/\/orthopara.store\/wp-content\/uploads\/2024\/06\/coffret-filorga-oxygen-glow-routine-eclat.jpg\",\"width\":800,\"height\":800},{\"@type\":\"BreadcrumbList\",\"@id\":\"https:\/\/orthopara.store\/index.php\/produit\/coffret-filorga-oxygen-glow-routine-eclat\/#breadcrumb\",\"itemListElement\":[{\"@type\":\"ListItem\",\"position\":1,\"name\":\"Accueil\",\"item\":\"https:\/\/orthopara.store\/\"},{\"@type\":\"ListItem\",\"position\":2,\"name\":\"Shop\",\"item\":\"https:\/\/orthopara.store\/?page_id=622\"},{\"@type\":\"ListItem\",\"position\":3,\"name\":\"Coffret Filorga Oxygen-Glow &#8211; routine \u00e9clat\"}]},{\"@type\":\"WebSite\",\"@id\":\"https:\/\/orthopara.store\/#website\",\"url\":\"https:\/\/orthopara.store\/\",\"name\":\"OrthoPara\",\"description\":\"Parapharmacie\",\"publisher\":{\"@id\":\"https:\/\/orthopara.store\/#organization\"},\"potentialAction\":[{\"@type\":\"SearchAction\",\"target\":{\"@type\":\"EntryPoint\",\"urlTemplate\":\"https:\/\/orthopara.store\/?s={search_term_string}\"},\"query-input\":\"required name=search_term_string\"}],\"inLanguage\":\"fr-FR\"},{\"@type\":\"Organization\",\"@id\":\"https:\/\/orthopara.store\/#organization\",\"name\":\"OrthoPara\",\"url\":\"https:\/\/orthopara.store\/\",\"logo\":{\"@type\":\"ImageObject\",\"inLanguage\":\"fr-FR\",\"@id\":\"https:\/\/orthopara.store\/#\/schema\/logo\/image\/\",\"url\":\"https:\/\/orthopara.store\/wp-content\/uploads\/2024\/06\/cropped-9ABA8BAD-6256-4719-9315-15C66E64E882.png\",\"contentUrl\":\"https:\/\/orthopara.store\/wp-content\/uploads\/2024\/06\/cropped-9ABA8BAD-6256-4719-9315-15C66E64E882.png\",\"width\":240,\"height\":72,\"caption\":\"OrthoPara\"},\"image\":{\"@id\":\"https:\/\/orthopara.store\/#\/schema\/logo\/image\/\"},\"sameAs\":[\"https:\/\/www.facebook.com\/profile.php?id=61561194315651\",\"https:\/\/www.instagram.com\/orthopara_tunisie\/\"]}]}<\/script>\n<!-- \/ Yoast SEO plugin. -->","yoast_head_json":{"title":"Coffret Filorga Oxygen-Glow - routine \u00e9clat - OrthoPara","robots":{"index":"index","follow":"follow","max-snippet":"max-snippet:-1","max-image-preview":"max-image-preview:large","max-video-preview":"max-video-preview:-1"},"canonical":"https:\/\/orthopara.store\/index.php\/produit\/coffret-filorga-oxygen-glow-routine-eclat\/","og_locale":"fr_FR","og_type":"article","og_title":"Coffret Filorga Oxygen-Glow - routine \u00e9clat - OrthoPara","og_description":"Coffret Hydra-Hyal Tout ce dont vous avez besoin pour une belle peau est r\u00e9uni dans un seul produit. Le coffret cosm\u00e9tique Filorga routine \u00e9clat contient non seulement un produit, mais une vari\u00e9t\u00e9 de produits qui vous permettent de cr\u00e9er ou d'enrichir votre routine de soin ou celle de la personne \u00e0 qui vous l'offrirez. Ce coffret est compos\u00e9e de : Cr\u00e8me super-perfectrice \u00e9clat - Filorga Oxygen-Glow - 50ml Soin yeux super-lissant \u00e9clat - Filorga Oxygen-Glow - 4ml (offert) Bougie au parfum flamboyant","og_url":"https:\/\/orthopara.store\/index.php\/produit\/coffret-filorga-oxygen-glow-routine-eclat\/","og_site_name":"OrthoPara","article_publisher":"https:\/\/www.facebook.com\/profile.php?id=61561194315651","article_modified_time":"2024-11-07T09:03:02+00:00","og_image":[{"width":800,"height":800,"url":"https:\/\/orthopara.store\/wp-content\/uploads\/2024\/06\/coffret-filorga-oxygen-glow-routine-eclat.jpg","type":"image\/jpeg"}],"twitter_card":"summary_large_image","twitter_misc":{"Dur\u00e9e de lecture estim\u00e9e":"1 minute"},"schema":{"@context":"https:\/\/schema.org","@graph":[{"@type":"WebPage","@id":"https:\/\/orthopara.store\/index.php\/produit\/coffret-filorga-oxygen-glow-routine-eclat\/","url":"https:\/\/orthopara.store\/index.php\/produit\/coffret-filorga-oxygen-glow-routine-eclat\/","name":"Coffret Filorga Oxygen-Glow - routine \u00e9clat - OrthoPara","isPartOf":{"@id":"https:\/\/orthopara.store\/#website"},"primaryImageOfPage":{"@id":"https:\/\/orthopara.store\/index.php\/produit\/coffret-filorga-oxygen-glow-routine-eclat\/#primaryimage"},"image":{"@id":"https:\/\/orthopara.store\/index.php\/produit\/coffret-filorga-oxygen-glow-routine-eclat\/#primaryimage"},"thumbnailUrl":"https:\/\/orthopara.store\/wp-content\/uploads\/2024\/06\/coffret-filorga-oxygen-glow-routine-eclat.jpg","datePublished":"2024-06-28T13:49:57+00:00","dateModified":"2024-11-07T09:03:02+00:00","breadcrumb":{"@id":"https:\/\/orthopara.store\/index.php\/produit\/coffret-filorga-oxygen-glow-routine-eclat\/#breadcrumb"},"inLanguage":"fr-FR","potentialAction":[{"@type":"ReadAction","target":["https:\/\/orthopara.store\/index.php\/produit\/coffret-filorga-oxygen-glow-routine-eclat\/"]}]},{"@type":"ImageObject","inLanguage":"fr-FR","@id":"https:\/\/orthopara.store\/index.php\/produit\/coffret-filorga-oxygen-glow-routine-eclat\/#primaryimage","url":"https:\/\/orthopara.store\/wp-content\/uploads\/2024\/06\/coffret-filorga-oxygen-glow-routine-eclat.jpg","contentUrl":"https:\/\/orthopara.store\/wp-content\/uploads\/2024\/06\/coffret-filorga-oxygen-glow-routine-eclat.jpg","width":800,"height":800},{"@type":"BreadcrumbList","@id":"https:\/\/orthopara.store\/index.php\/produit\/coffret-filorga-oxygen-glow-routine-eclat\/#breadcrumb","itemListElement":[{"@type":"ListItem","position":1,"name":"Accueil","item":"https:\/\/orthopara.store\/"},{"@type":"ListItem","position":2,"name":"Shop","item":"https:\/\/orthopara.store\/?page_id=622"},{"@type":"ListItem","position":3,"name":"Coffret Filorga Oxygen-Glow &#8211; routine \u00e9clat"}]},{"@type":"WebSite","@id":"https:\/\/orthopara.store\/#website","url":"https:\/\/orthopara.store\/","name":"OrthoPara","description":"Parapharmacie","publisher":{"@id":"https:\/\/orthopara.store\/#organization"},"potentialAction":[{"@type":"SearchAction","target":{"@type":"EntryPoint","urlTemplate":"https:\/\/orthopara.store\/?s={search_term_string}"},"query-input":"required name=search_term_string"}],"inLanguage":"fr-FR"},{"@type":"Organization","@id":"https:\/\/orthopara.store\/#organization","name":"OrthoPara","url":"https:\/\/orthopara.store\/","logo":{"@type":"ImageObject","inLanguage":"fr-FR","@id":"https:\/\/orthopara.store\/#\/schema\/logo\/image\/","url":"https:\/\/orthopara.store\/wp-content\/uploads\/2024\/06\/cropped-9ABA8BAD-6256-4719-9315-15C66E64E882.png","contentUrl":"https:\/\/orthopara.store\/wp-content\/uploads\/2024\/06\/cropped-9ABA8BAD-6256-4719-9315-15C66E64E882.png","width":240,"height":72,"caption":"OrthoPara"},"image":{"@id":"https:\/\/orthopara.store\/#\/schema\/logo\/image\/"},"sameAs":["https:\/\/www.facebook.com\/profile.php?id=61561194315651","https:\/\/www.instagram.com\/orthopara_tunisie\/"]}]}},"jetpack_sharing_enabled":true,"brands":[{"id":73,"name":"Filorga","slug":"filorga"}],"_links":{"self":[{"href":"https:\/\/orthopara.store\/index.php?rest_route=\/wp\/v2\/product\/788","targetHints":{"allow":["GET"]}}],"collection":[{"href":"https:\/\/orthopara.store\/index.php?rest_route=\/wp\/v2\/product"}],"about":[{"href":"https:\/\/orthopara.store\/index.php?rest_route=\/wp\/v2\/types\/product"}],"replies":[{"embeddable":true,"href":"https:\/\/orthopara.store\/index.php?rest_route=%2Fwp%2Fv2%2Fcomments&post=788"}],"wp:featuredmedia":[{"embeddable":true,"href":"https:\/\/orthopara.store\/index.php?rest_route=\/wp\/v2\/media\/813"}],"wp:attachment":[{"href":"https:\/\/orthopara.store\/index.php?rest_route=%2Fwp%2Fv2%2Fmedia&parent=788"}],"wp:term":[{"taxonomy":"pwb-brand","embeddable":true,"href":"https:\/\/orthopara.store\/index.php?rest_route=%2Fwp%2Fv2%2Fpwb-brand&post=788"},{"taxonomy":"product_cat","embeddable":true,"href":"https:\/\/orthopara.store\/index.php?rest_route=%2Fwp%2Fv2%2Fproduct_cat&post=788"},{"taxonomy":"product_tag","embeddable":true,"href":"https:\/\/orthopara.store\/index.php?rest_route=%2Fwp%2Fv2%2Fproduct_tag&post=788"}],"curies":[{"name":"wp","href":"https:\/\/api.w.org\/{rel}","templated":true}]}}