{"id":789,"date":"2024-06-28T15:49:57","date_gmt":"2024-06-28T13:49:57","guid":{"rendered":"https:\/\/orthopara.store\/?post_type=product&#038;p=789"},"modified":"2024-06-28T15:50:06","modified_gmt":"2024-06-28T13:50:06","slug":"serum-booster-a-la-vitamine-c-clarenia-hc20-30ml","status":"publish","type":"product","link":"https:\/\/orthopara.store\/?product=serum-booster-a-la-vitamine-c-clarenia-hc20-30ml","title":{"rendered":"S\u00e9rum booster \u00e0 la vitamine C &#8211; Clarenia HC20 &#8211; 30ml"},"content":{"rendered":"<p>S\u00e9rum booster \u00e0 la vitamine C &#8211; Clarenia HC20 &#8211; 30ml<br \/>\nClarenia HC 20 s\u00e9rum Booster est un produit de soin de la peau qui contient une combinaison de deux d\u00e9riv\u00e9s de la vitamine C, notamment l\u2019ascorbyl glycoside, l\u2019acide ascorbique \u00e9thylique 3-0.<br \/>\nL\u2019ascorbyl glycoside : Une forme stable de la vitamine C qui peut aider \u00e0 am\u00e9liorer la production de collag\u00e8ne et \u00e0 am\u00e9liorer l\u2019apparence de la peau en r\u00e9duisant les signes de vieillissement<br \/>\nL\u2019acide ascorbique \u00e9thylique 3-0 : Une forme soluble de la vitamine C qui aide \u00e0 donner \u00e0 la peau un teint plus lumineux et plus lumineux.<br \/>\n\u00a0A la vitamine C Clarenia a associ\u00e9 dans son s\u00e9rum deux types d\u2019acide hyaluronique :<br \/>\nLe sodium hyaluronate : Un hydratant intense qui aide \u00e0 hydrater la peau et \u00e0 am\u00e9liorer sa fermet\u00e9 et son \u00e9lasticit\u00e9<br \/>\nL\u2019acide hyaluronique hydrolys\u00e9 : Une forme plus petite de l&#39;acide hyaluronique qui peut aider \u00e0 am\u00e9liorer l\u2019absorption des autres ingr\u00e9dients et \u00e0 am\u00e9liorer l&#39;hydratation de la peau.<br \/>\nIndications :<br \/>\nClarenia HC 20 s\u00e9rum Booster est indiqu\u00e9 pour les personnes qui cherchent \u00e0 am\u00e9liorer l\u2019apparence de leur peau en combattant les signes de vieillissement. Il peut \u00eatre particuli\u00e8rement b\u00e9n\u00e9fique pour les personnes ayant des signes de vieillissement tels que des rides et des ridules, une perte \u00e9lasticit\u00e9 et de fermet\u00e9 de la peau, ainsi qu\u2019un teint terne et in\u00e9gal. Ce s\u00e9rum peut \u00e9galement \u00eatre b\u00e9n\u00e9fique pour les personnes cherchant \u00e0 hydrater leur peau et \u00e0 am\u00e9liorer son apparence g\u00e9n\u00e9rale.<br \/>\nConseils d&rsquo;utilisation :<br \/>\nAppliquer 2-3 gouttes matin et\/ou soir sur\u00a0 ensemble du visage et du cou.<br \/>\nComposition :<br \/>\nFormule INCI:\u00a0 Aqua \/water, Ascorbyl glucoside, glycerin, coco-caprylate\u00a0 caprate, propylene glycol,<br \/>\nallantoine, sodium hyaluronate,\u00a0 Lecithin, glycerine stearate, phytic acid, hydrolyzed hyaluronic acid,<br \/>\ncaprylyl glycol, Palmitoyl Tripeptide-8, Xanthan gum, tocopherol, adenosine, benzyl alcohol,<br \/>\ndehydroacetic acid, parfum \/ fragrance.<\/p>\n","protected":false},"excerpt":{"rendered":"<p>Clarenia HC20<br \/>\nS\u00e9rum booster\u00a0<br \/>\n\u00e0 la vitamine C stabilis\u00e9 20% &#038; acide hyaluronique 2%\u00a0<br \/>\nHC20 s\u00e9rum booster l&rsquo;alli\u00e9 incontournable de la peau tout au long de l&rsquo;ann\u00e9e\u00a0<\/p>\n<p>En hiver : agit contre le teint terne et fatigu\u00e9\u00a0<\/p>\n<p>En printemps : apporte un coup d&rsquo;\u00e9clat<\/p>\n<p>En \u00e9t\u00e9 : op\u00e8re comme une cure antioxydante\u00a0<\/p>\n<p>En automne : permet de prolonger son \u00e9clat estival, mais aussi de r\u00e9duire les taches brunes dues \u00e0 une concentration accrue de m\u00e9lanine\u00a0<\/p>\n<p>Contenance : 30ml\u00a0<br \/>\nDLC : 01\/2025<\/p>\n","protected":false},"featured_media":814,"comment_status":"open","ping_status":"closed","template":"","meta":[],"pwb-brand":[52],"product_cat":[69],"product_tag":[],"class_list":{"0":"post-789","1":"product","2":"type-product","3":"status-publish","4":"has-post-thumbnail","6":"pwb-brand-clarenia","7":"product_cat-anti-rides","8":"post","9":"ws-product--style-1","11":"first","12":"instock","13":"shipping-taxable","14":"purchasable","15":"product-type-simple"},"yoast_head":"<!-- This site is optimized with the Yoast SEO plugin v23.0 - https:\/\/yoast.com\/wordpress\/plugins\/seo\/ -->\n<title>S\u00e9rum booster \u00e0 la vitamine C - Clarenia HC20 - 30ml - OrthoPara<\/title>\n<meta name=\"robots\" content=\"index, follow, max-snippet:-1, max-image-preview:large, max-video-preview:-1\" \/>\n<link rel=\"canonical\" href=\"https:\/\/orthopara.store\/index.php\/produit\/serum-booster-a-la-vitamine-c-clarenia-hc20-30ml\/\" \/>\n<meta property=\"og:locale\" content=\"fr_FR\" \/>\n<meta property=\"og:type\" content=\"article\" \/>\n<meta property=\"og:title\" content=\"S\u00e9rum booster \u00e0 la vitamine C - Clarenia HC20 - 30ml - OrthoPara\" \/>\n<meta property=\"og:description\" content=\"Clarenia HC20 S\u00e9rum booster\u00a0 \u00e0 la vitamine C stabilis\u00e9 20% &amp; acide hyaluronique 2%\u00a0 HC20 s\u00e9rum booster l&#039;alli\u00e9 incontournable de la peau tout au long de l&#039;ann\u00e9e\u00a0 En hiver : agit contre le teint terne et fatigu\u00e9\u00a0 En printemps : apporte un coup d&#039;\u00e9clat En \u00e9t\u00e9 : op\u00e8re comme une cure antioxydante\u00a0 En automne : permet de prolonger son \u00e9clat estival, mais aussi de r\u00e9duire les taches brunes dues \u00e0 une concentration accrue de m\u00e9lanine\u00a0 Contenance : 30ml\u00a0 DLC : 01\/2025\" \/>\n<meta property=\"og:url\" content=\"https:\/\/orthopara.store\/index.php\/produit\/serum-booster-a-la-vitamine-c-clarenia-hc20-30ml\/\" \/>\n<meta property=\"og:site_name\" content=\"OrthoPara\" \/>\n<meta property=\"article:publisher\" content=\"https:\/\/www.facebook.com\/profile.php?id=61561194315651\" \/>\n<meta property=\"article:modified_time\" content=\"2024-06-28T13:50:06+00:00\" \/>\n<meta property=\"og:image\" content=\"https:\/\/orthopara.store\/wp-content\/uploads\/2024\/06\/booster-a-la-serum-vitamine-c-prix-tunisie-clarenia.jpg\" \/>\n\t<meta property=\"og:image:width\" content=\"800\" \/>\n\t<meta property=\"og:image:height\" content=\"800\" \/>\n\t<meta property=\"og:image:type\" content=\"image\/jpeg\" \/>\n<meta name=\"twitter:card\" content=\"summary_large_image\" \/>\n<meta name=\"twitter:label1\" content=\"Dur\u00e9e de lecture estim\u00e9e\" \/>\n\t<meta name=\"twitter:data1\" content=\"2 minutes\" \/>\n<script type=\"application\/ld+json\" class=\"yoast-schema-graph\">{\"@context\":\"https:\/\/schema.org\",\"@graph\":[{\"@type\":\"WebPage\",\"@id\":\"https:\/\/orthopara.store\/index.php\/produit\/serum-booster-a-la-vitamine-c-clarenia-hc20-30ml\/\",\"url\":\"https:\/\/orthopara.store\/index.php\/produit\/serum-booster-a-la-vitamine-c-clarenia-hc20-30ml\/\",\"name\":\"S\u00e9rum booster \u00e0 la vitamine C - Clarenia HC20 - 30ml - OrthoPara\",\"isPartOf\":{\"@id\":\"https:\/\/orthopara.store\/#website\"},\"primaryImageOfPage\":{\"@id\":\"https:\/\/orthopara.store\/index.php\/produit\/serum-booster-a-la-vitamine-c-clarenia-hc20-30ml\/#primaryimage\"},\"image\":{\"@id\":\"https:\/\/orthopara.store\/index.php\/produit\/serum-booster-a-la-vitamine-c-clarenia-hc20-30ml\/#primaryimage\"},\"thumbnailUrl\":\"https:\/\/orthopara.store\/wp-content\/uploads\/2024\/06\/booster-a-la-serum-vitamine-c-prix-tunisie-clarenia.jpg\",\"datePublished\":\"2024-06-28T13:49:57+00:00\",\"dateModified\":\"2024-06-28T13:50:06+00:00\",\"breadcrumb\":{\"@id\":\"https:\/\/orthopara.store\/index.php\/produit\/serum-booster-a-la-vitamine-c-clarenia-hc20-30ml\/#breadcrumb\"},\"inLanguage\":\"fr-FR\",\"potentialAction\":[{\"@type\":\"ReadAction\",\"target\":[\"https:\/\/orthopara.store\/index.php\/produit\/serum-booster-a-la-vitamine-c-clarenia-hc20-30ml\/\"]}]},{\"@type\":\"ImageObject\",\"inLanguage\":\"fr-FR\",\"@id\":\"https:\/\/orthopara.store\/index.php\/produit\/serum-booster-a-la-vitamine-c-clarenia-hc20-30ml\/#primaryimage\",\"url\":\"https:\/\/orthopara.store\/wp-content\/uploads\/2024\/06\/booster-a-la-serum-vitamine-c-prix-tunisie-clarenia.jpg\",\"contentUrl\":\"https:\/\/orthopara.store\/wp-content\/uploads\/2024\/06\/booster-a-la-serum-vitamine-c-prix-tunisie-clarenia.jpg\",\"width\":800,\"height\":800},{\"@type\":\"BreadcrumbList\",\"@id\":\"https:\/\/orthopara.store\/index.php\/produit\/serum-booster-a-la-vitamine-c-clarenia-hc20-30ml\/#breadcrumb\",\"itemListElement\":[{\"@type\":\"ListItem\",\"position\":1,\"name\":\"Accueil\",\"item\":\"https:\/\/orthopara.store\/\"},{\"@type\":\"ListItem\",\"position\":2,\"name\":\"Shop\",\"item\":\"https:\/\/orthopara.store\/?page_id=622\"},{\"@type\":\"ListItem\",\"position\":3,\"name\":\"S\u00e9rum booster \u00e0 la vitamine C &#8211; Clarenia HC20 &#8211; 30ml\"}]},{\"@type\":\"WebSite\",\"@id\":\"https:\/\/orthopara.store\/#website\",\"url\":\"https:\/\/orthopara.store\/\",\"name\":\"OrthoPara\",\"description\":\"Parapharmacie\",\"publisher\":{\"@id\":\"https:\/\/orthopara.store\/#organization\"},\"potentialAction\":[{\"@type\":\"SearchAction\",\"target\":{\"@type\":\"EntryPoint\",\"urlTemplate\":\"https:\/\/orthopara.store\/?s={search_term_string}\"},\"query-input\":\"required name=search_term_string\"}],\"inLanguage\":\"fr-FR\"},{\"@type\":\"Organization\",\"@id\":\"https:\/\/orthopara.store\/#organization\",\"name\":\"OrthoPara\",\"url\":\"https:\/\/orthopara.store\/\",\"logo\":{\"@type\":\"ImageObject\",\"inLanguage\":\"fr-FR\",\"@id\":\"https:\/\/orthopara.store\/#\/schema\/logo\/image\/\",\"url\":\"https:\/\/orthopara.store\/wp-content\/uploads\/2024\/06\/cropped-9ABA8BAD-6256-4719-9315-15C66E64E882.png\",\"contentUrl\":\"https:\/\/orthopara.store\/wp-content\/uploads\/2024\/06\/cropped-9ABA8BAD-6256-4719-9315-15C66E64E882.png\",\"width\":240,\"height\":72,\"caption\":\"OrthoPara\"},\"image\":{\"@id\":\"https:\/\/orthopara.store\/#\/schema\/logo\/image\/\"},\"sameAs\":[\"https:\/\/www.facebook.com\/profile.php?id=61561194315651\",\"https:\/\/www.instagram.com\/orthopara_tunisie\/\"]}]}<\/script>\n<!-- \/ Yoast SEO plugin. -->","yoast_head_json":{"title":"S\u00e9rum booster \u00e0 la vitamine C - Clarenia HC20 - 30ml - OrthoPara","robots":{"index":"index","follow":"follow","max-snippet":"max-snippet:-1","max-image-preview":"max-image-preview:large","max-video-preview":"max-video-preview:-1"},"canonical":"https:\/\/orthopara.store\/index.php\/produit\/serum-booster-a-la-vitamine-c-clarenia-hc20-30ml\/","og_locale":"fr_FR","og_type":"article","og_title":"S\u00e9rum booster \u00e0 la vitamine C - Clarenia HC20 - 30ml - OrthoPara","og_description":"Clarenia HC20 S\u00e9rum booster\u00a0 \u00e0 la vitamine C stabilis\u00e9 20% & acide hyaluronique 2%\u00a0 HC20 s\u00e9rum booster l'alli\u00e9 incontournable de la peau tout au long de l'ann\u00e9e\u00a0 En hiver : agit contre le teint terne et fatigu\u00e9\u00a0 En printemps : apporte un coup d'\u00e9clat En \u00e9t\u00e9 : op\u00e8re comme une cure antioxydante\u00a0 En automne : permet de prolonger son \u00e9clat estival, mais aussi de r\u00e9duire les taches brunes dues \u00e0 une concentration accrue de m\u00e9lanine\u00a0 Contenance : 30ml\u00a0 DLC : 01\/2025","og_url":"https:\/\/orthopara.store\/index.php\/produit\/serum-booster-a-la-vitamine-c-clarenia-hc20-30ml\/","og_site_name":"OrthoPara","article_publisher":"https:\/\/www.facebook.com\/profile.php?id=61561194315651","article_modified_time":"2024-06-28T13:50:06+00:00","og_image":[{"width":800,"height":800,"url":"https:\/\/orthopara.store\/wp-content\/uploads\/2024\/06\/booster-a-la-serum-vitamine-c-prix-tunisie-clarenia.jpg","type":"image\/jpeg"}],"twitter_card":"summary_large_image","twitter_misc":{"Dur\u00e9e de lecture estim\u00e9e":"2 minutes"},"schema":{"@context":"https:\/\/schema.org","@graph":[{"@type":"WebPage","@id":"https:\/\/orthopara.store\/index.php\/produit\/serum-booster-a-la-vitamine-c-clarenia-hc20-30ml\/","url":"https:\/\/orthopara.store\/index.php\/produit\/serum-booster-a-la-vitamine-c-clarenia-hc20-30ml\/","name":"S\u00e9rum booster \u00e0 la vitamine C - Clarenia HC20 - 30ml - OrthoPara","isPartOf":{"@id":"https:\/\/orthopara.store\/#website"},"primaryImageOfPage":{"@id":"https:\/\/orthopara.store\/index.php\/produit\/serum-booster-a-la-vitamine-c-clarenia-hc20-30ml\/#primaryimage"},"image":{"@id":"https:\/\/orthopara.store\/index.php\/produit\/serum-booster-a-la-vitamine-c-clarenia-hc20-30ml\/#primaryimage"},"thumbnailUrl":"https:\/\/orthopara.store\/wp-content\/uploads\/2024\/06\/booster-a-la-serum-vitamine-c-prix-tunisie-clarenia.jpg","datePublished":"2024-06-28T13:49:57+00:00","dateModified":"2024-06-28T13:50:06+00:00","breadcrumb":{"@id":"https:\/\/orthopara.store\/index.php\/produit\/serum-booster-a-la-vitamine-c-clarenia-hc20-30ml\/#breadcrumb"},"inLanguage":"fr-FR","potentialAction":[{"@type":"ReadAction","target":["https:\/\/orthopara.store\/index.php\/produit\/serum-booster-a-la-vitamine-c-clarenia-hc20-30ml\/"]}]},{"@type":"ImageObject","inLanguage":"fr-FR","@id":"https:\/\/orthopara.store\/index.php\/produit\/serum-booster-a-la-vitamine-c-clarenia-hc20-30ml\/#primaryimage","url":"https:\/\/orthopara.store\/wp-content\/uploads\/2024\/06\/booster-a-la-serum-vitamine-c-prix-tunisie-clarenia.jpg","contentUrl":"https:\/\/orthopara.store\/wp-content\/uploads\/2024\/06\/booster-a-la-serum-vitamine-c-prix-tunisie-clarenia.jpg","width":800,"height":800},{"@type":"BreadcrumbList","@id":"https:\/\/orthopara.store\/index.php\/produit\/serum-booster-a-la-vitamine-c-clarenia-hc20-30ml\/#breadcrumb","itemListElement":[{"@type":"ListItem","position":1,"name":"Accueil","item":"https:\/\/orthopara.store\/"},{"@type":"ListItem","position":2,"name":"Shop","item":"https:\/\/orthopara.store\/?page_id=622"},{"@type":"ListItem","position":3,"name":"S\u00e9rum booster \u00e0 la vitamine C &#8211; Clarenia HC20 &#8211; 30ml"}]},{"@type":"WebSite","@id":"https:\/\/orthopara.store\/#website","url":"https:\/\/orthopara.store\/","name":"OrthoPara","description":"Parapharmacie","publisher":{"@id":"https:\/\/orthopara.store\/#organization"},"potentialAction":[{"@type":"SearchAction","target":{"@type":"EntryPoint","urlTemplate":"https:\/\/orthopara.store\/?s={search_term_string}"},"query-input":"required name=search_term_string"}],"inLanguage":"fr-FR"},{"@type":"Organization","@id":"https:\/\/orthopara.store\/#organization","name":"OrthoPara","url":"https:\/\/orthopara.store\/","logo":{"@type":"ImageObject","inLanguage":"fr-FR","@id":"https:\/\/orthopara.store\/#\/schema\/logo\/image\/","url":"https:\/\/orthopara.store\/wp-content\/uploads\/2024\/06\/cropped-9ABA8BAD-6256-4719-9315-15C66E64E882.png","contentUrl":"https:\/\/orthopara.store\/wp-content\/uploads\/2024\/06\/cropped-9ABA8BAD-6256-4719-9315-15C66E64E882.png","width":240,"height":72,"caption":"OrthoPara"},"image":{"@id":"https:\/\/orthopara.store\/#\/schema\/logo\/image\/"},"sameAs":["https:\/\/www.facebook.com\/profile.php?id=61561194315651","https:\/\/www.instagram.com\/orthopara_tunisie\/"]}]}},"jetpack_sharing_enabled":true,"brands":[{"id":52,"name":"CLARENIA","slug":"clarenia"}],"_links":{"self":[{"href":"https:\/\/orthopara.store\/index.php?rest_route=\/wp\/v2\/product\/789","targetHints":{"allow":["GET"]}}],"collection":[{"href":"https:\/\/orthopara.store\/index.php?rest_route=\/wp\/v2\/product"}],"about":[{"href":"https:\/\/orthopara.store\/index.php?rest_route=\/wp\/v2\/types\/product"}],"replies":[{"embeddable":true,"href":"https:\/\/orthopara.store\/index.php?rest_route=%2Fwp%2Fv2%2Fcomments&post=789"}],"wp:featuredmedia":[{"embeddable":true,"href":"https:\/\/orthopara.store\/index.php?rest_route=\/wp\/v2\/media\/814"}],"wp:attachment":[{"href":"https:\/\/orthopara.store\/index.php?rest_route=%2Fwp%2Fv2%2Fmedia&parent=789"}],"wp:term":[{"taxonomy":"pwb-brand","embeddable":true,"href":"https:\/\/orthopara.store\/index.php?rest_route=%2Fwp%2Fv2%2Fpwb-brand&post=789"},{"taxonomy":"product_cat","embeddable":true,"href":"https:\/\/orthopara.store\/index.php?rest_route=%2Fwp%2Fv2%2Fproduct_cat&post=789"},{"taxonomy":"product_tag","embeddable":true,"href":"https:\/\/orthopara.store\/index.php?rest_route=%2Fwp%2Fv2%2Fproduct_tag&post=789"}],"curies":[{"name":"wp","href":"https:\/\/api.w.org\/{rel}","templated":true}]}}