{"id":791,"date":"2024-06-28T15:49:57","date_gmt":"2024-06-28T13:49:57","guid":{"rendered":"https:\/\/orthopara.store\/?post_type=product&#038;p=791"},"modified":"2024-06-28T15:50:07","modified_gmt":"2024-06-28T13:50:07","slug":"pack-arabesque-dermafig","status":"publish","type":"product","link":"https:\/\/orthopara.store\/?product=pack-arabesque-dermafig","title":{"rendered":"Pack arabesque \u2013 Dermafig"},"content":{"rendered":"<p>Pack arabesque \u2013 Dermafig<br \/>\nS\u00e9rum visage 30 ml :<\/p>\n<p>Ce s\u00e9rum puissant booste la beaut\u00e9 de votre peau<\/p>\n<p>S\u00e9rum riche en huile de p\u00e9pin d\u2019argan,\u00a0acide hyaluronique et huile de p\u00e9pin de\u00a0figue de barbarie.<\/p>\n<p>Ce s\u00e9rum \u00e0 l&rsquo;huile d&rsquo;argan bio, acide hyaluronique et\u00a0huile de p\u00e9pin de figue de\u00a0barbarie poss\u00e8de des propri\u00e9t\u00e9s\u00a0 antirides\u00a0exceptionnelles.<\/p>\n<p>Il nourrit en profondeur la peau pour qu&rsquo;elle retrouve son \u00e9lasticit\u00e9 et sa fermet\u00e9.<\/p>\n<p>Il supprime les sensations de tiraillement et d&rsquo;inconfort.<\/p>\n<p>Avec ce s\u00e9rum, la peau retrouve rapidement tout son \u00e9clat et sa douceur.<\/p>\n<p>Huile d\u2019argan : \u00a0<\/p>\n<p>Naturellement nourrissante, l&rsquo;huile d&rsquo;argan agit contre le dess\u00e8chement et le\u00a0vieillissement de la peau en restaurant le film hydrolipidique,(et en augmentant les apports nutritifs au niveau des cellules acides gras om\u00e9ga-3, 6 et 9 et\u00a0vitamine E).<\/p>\n<p>L\u2019acide hyaluronique : \u00a0<\/p>\n<p>\u00b7 Lisser imm\u00e9diatement les surfaces rugueuses<\/p>\n<p>\u00b7 Fournir une couche protectrice pour aider la peau \u00e0\u00a0conserver son hydratation.<\/p>\n<p>\u00b7 Renforcer la peau pour am\u00e9liorer sa flexibilit\u00e9 structurelle<\/p>\n<p>Huile de p\u00e9pin de figue de barbarie Bio :\u00a0<\/p>\n<p>\u00b7 Anti-\u00e2ge, gr\u00e2ce \u00e0 sa teneur en vitamine E hors\u00a0s du commun, l&rsquo;huile de Figue\u00a0de Barbarie est consid\u00e9r\u00e9e comme une panac\u00e9e pour lutter contre les signes\u00a0 du vieillissement cutan\u00e9<\/p>\n<p>\u00b7 Elle redonne fermet\u00e9 et tonicit\u00e9 \u00e0 la peau.<\/p>\n<p>\u00b7 R\u00e9g\u00e9n\u00e9rante, les om\u00e9ga-6\u00a0qu&rsquo;elle contient favorisent le processus naturel de\u00a0r\u00e9paration de la peau.<\/p>\n<p>\u00a0\u00b7 Excellent \u00e9mollient, elle assouplit et prot\u00e8ge la peau de la d\u00e9shydratation.<\/p>\n<p>Mode d\u2019utilisation :<\/p>\n<p>Nettoyer votre peau. Essuyez votre visage en le tamponnant d\u00e9licatement avec une serviette.<\/p>\n<p>Faites p\u00e9n\u00e9trer le s\u00e9rum par petits mouvements, sur l&rsquo;ensemble de votre visage.<\/p>\n<p>Patientez quelques minutes avant d&rsquo;appliquer votre cr\u00e8me.<\/p>\n<p>\u00a0<br \/>\nCr\u00e8me visage 30 ml :\u00a0\u00a0<\/p>\n<p>La cr\u00e8me \u00e0 l\u2019huile d\u2019argan hydrate en profondeur la peau du visage.<\/p>\n<p>\u00a0La cr\u00e8me permet de lutter efficacement contre le dess\u00e9chement et le\u00a0vieillissement de la peau.<\/p>\n<p>Huile d\u2019argan :\u00a0\u00a0<\/p>\n<p>Naturellement nourrissante, l&rsquo;huile d&rsquo;argan agit contre le dess\u00e8chement et le\u00a0vieillissement de la peau en restaurant le film hydrolipidique, (et en augmentant\u00a0les apports nutritifs au niveau des cellules acides gras om\u00e9ga-3, 6 et 9 et\u00a0vitamine E).<\/p>\n<p>Huile de p\u00e9pin de figue de barbarie Bio :\u00a0\u00a0<\/p>\n<p>Anti-\u00e2ge, gr\u00e2ce \u00e0 sa teneur en vitamine E hors du commun, l&rsquo;huile de Figue\u00a0de Barbarie est consid\u00e9r\u00e9e comme une panac\u00e9e pour lutter contre les signes\u00a0du vieillissement cutan\u00e9.<\/p>\n<p>Elle redonne fermet\u00e9 et\u00a0tonicit\u00e9 \u00e0 la peau.<\/p>\n<p>R\u00e9g\u00e9n\u00e9rante, les om\u00e9ga-6 qu&rsquo;elle contient favorisent le processus naturel de r\u00e9paration de la peau.<\/p>\n<p>Excellent \u00e9mollient, elle assouplit et prot\u00e8ge la peau de la d\u00e9shydratation.\u00a0<\/p>\n<p>Vitamine E :<\/p>\n<p>\u00b7 Antioxydant.<\/p>\n<p>\u00b7 Anti-\u00e2ge : bloque l&rsquo;action des radicaux libres sur la peau, r\u00e9duit notamment\u00a0les dommages cellulaires li\u00e9s \u00e0 l&rsquo;exposition aux UV.<\/p>\n<p>\u00b7 Activit\u00e9 anti-inflammatoire sur la peau.<\/p>\n<p>\u00a0\u00b7 Aide \u00e0 maintenir l&rsquo;\u00e9lasticit\u00e9 et l&rsquo;hydratation de la peau en renfor\u00e7ant le film\u00a0hydrolipidique cutan\u00e9.<\/p>\n<p>\u00b7 Am\u00e9liore la microcirculation\u00a0cutan\u00e9e.<\/p>\n<p>\u00a0Mode d\u2019utilisation :<\/p>\n<p>Sur\u00a0une peau propre et s\u00e8che, \u00e9taler une noisette de cr\u00e8me et faites p\u00e9n\u00e9trer\u00a0d\u00e9licatement par des mouvements circulaires, du centre du visage vers\u00a0l\u2019ext\u00e9rieur.<\/p>\n","protected":false},"excerpt":{"rendered":"<p>Ce pack est compos\u00e9 de :<\/p>\n<p>&#8211; S\u00e9rum visage 30 ml<\/p>\n<p>&#8211; Cr\u00e8me visage 30 ml cadeau<\/p>\n","protected":false},"featured_media":816,"comment_status":"open","ping_status":"closed","template":"","meta":[],"pwb-brand":[79],"product_cat":[69],"product_tag":[],"class_list":{"0":"post-791","1":"product","2":"type-product","3":"status-publish","4":"has-post-thumbnail","6":"pwb-brand-dermafig","7":"product_cat-anti-rides","8":"post","9":"ws-product--style-1","11":"first","12":"instock","13":"shipping-taxable","14":"purchasable","15":"product-type-simple"},"yoast_head":"<!-- This site is optimized with the Yoast SEO plugin v23.0 - https:\/\/yoast.com\/wordpress\/plugins\/seo\/ -->\n<title>Pack arabesque \u2013 Dermafig - OrthoPara<\/title>\n<meta name=\"robots\" content=\"index, follow, max-snippet:-1, max-image-preview:large, max-video-preview:-1\" \/>\n<link rel=\"canonical\" href=\"https:\/\/orthopara.store\/index.php\/produit\/pack-arabesque-dermafig\/\" \/>\n<meta property=\"og:locale\" content=\"fr_FR\" \/>\n<meta property=\"og:type\" content=\"article\" \/>\n<meta property=\"og:title\" content=\"Pack arabesque \u2013 Dermafig - OrthoPara\" \/>\n<meta property=\"og:description\" content=\"Ce pack est compos\u00e9 de : - S\u00e9rum visage 30 ml - Cr\u00e8me visage 30 ml cadeau\" \/>\n<meta property=\"og:url\" content=\"https:\/\/orthopara.store\/index.php\/produit\/pack-arabesque-dermafig\/\" \/>\n<meta property=\"og:site_name\" content=\"OrthoPara\" \/>\n<meta property=\"article:publisher\" content=\"https:\/\/www.facebook.com\/profile.php?id=61561194315651\" \/>\n<meta property=\"article:modified_time\" content=\"2024-06-28T13:50:07+00:00\" \/>\n<meta property=\"og:image\" content=\"https:\/\/orthopara.store\/wp-content\/uploads\/2024\/06\/pack-arabesque-dermafig.jpg\" \/>\n\t<meta property=\"og:image:width\" content=\"800\" \/>\n\t<meta property=\"og:image:height\" content=\"800\" \/>\n\t<meta property=\"og:image:type\" content=\"image\/jpeg\" \/>\n<meta name=\"twitter:card\" content=\"summary_large_image\" \/>\n<meta name=\"twitter:label1\" content=\"Dur\u00e9e de lecture estim\u00e9e\" \/>\n\t<meta name=\"twitter:data1\" content=\"3 minutes\" \/>\n<script type=\"application\/ld+json\" class=\"yoast-schema-graph\">{\"@context\":\"https:\/\/schema.org\",\"@graph\":[{\"@type\":\"WebPage\",\"@id\":\"https:\/\/orthopara.store\/index.php\/produit\/pack-arabesque-dermafig\/\",\"url\":\"https:\/\/orthopara.store\/index.php\/produit\/pack-arabesque-dermafig\/\",\"name\":\"Pack arabesque \u2013 Dermafig - OrthoPara\",\"isPartOf\":{\"@id\":\"https:\/\/orthopara.store\/#website\"},\"primaryImageOfPage\":{\"@id\":\"https:\/\/orthopara.store\/index.php\/produit\/pack-arabesque-dermafig\/#primaryimage\"},\"image\":{\"@id\":\"https:\/\/orthopara.store\/index.php\/produit\/pack-arabesque-dermafig\/#primaryimage\"},\"thumbnailUrl\":\"https:\/\/orthopara.store\/wp-content\/uploads\/2024\/06\/pack-arabesque-dermafig.jpg\",\"datePublished\":\"2024-06-28T13:49:57+00:00\",\"dateModified\":\"2024-06-28T13:50:07+00:00\",\"breadcrumb\":{\"@id\":\"https:\/\/orthopara.store\/index.php\/produit\/pack-arabesque-dermafig\/#breadcrumb\"},\"inLanguage\":\"fr-FR\",\"potentialAction\":[{\"@type\":\"ReadAction\",\"target\":[\"https:\/\/orthopara.store\/index.php\/produit\/pack-arabesque-dermafig\/\"]}]},{\"@type\":\"ImageObject\",\"inLanguage\":\"fr-FR\",\"@id\":\"https:\/\/orthopara.store\/index.php\/produit\/pack-arabesque-dermafig\/#primaryimage\",\"url\":\"https:\/\/orthopara.store\/wp-content\/uploads\/2024\/06\/pack-arabesque-dermafig.jpg\",\"contentUrl\":\"https:\/\/orthopara.store\/wp-content\/uploads\/2024\/06\/pack-arabesque-dermafig.jpg\",\"width\":800,\"height\":800},{\"@type\":\"BreadcrumbList\",\"@id\":\"https:\/\/orthopara.store\/index.php\/produit\/pack-arabesque-dermafig\/#breadcrumb\",\"itemListElement\":[{\"@type\":\"ListItem\",\"position\":1,\"name\":\"Accueil\",\"item\":\"https:\/\/orthopara.store\/\"},{\"@type\":\"ListItem\",\"position\":2,\"name\":\"Shop\",\"item\":\"https:\/\/orthopara.store\/?page_id=622\"},{\"@type\":\"ListItem\",\"position\":3,\"name\":\"Pack arabesque \u2013 Dermafig\"}]},{\"@type\":\"WebSite\",\"@id\":\"https:\/\/orthopara.store\/#website\",\"url\":\"https:\/\/orthopara.store\/\",\"name\":\"OrthoPara\",\"description\":\"Parapharmacie\",\"publisher\":{\"@id\":\"https:\/\/orthopara.store\/#organization\"},\"potentialAction\":[{\"@type\":\"SearchAction\",\"target\":{\"@type\":\"EntryPoint\",\"urlTemplate\":\"https:\/\/orthopara.store\/?s={search_term_string}\"},\"query-input\":\"required name=search_term_string\"}],\"inLanguage\":\"fr-FR\"},{\"@type\":\"Organization\",\"@id\":\"https:\/\/orthopara.store\/#organization\",\"name\":\"OrthoPara\",\"url\":\"https:\/\/orthopara.store\/\",\"logo\":{\"@type\":\"ImageObject\",\"inLanguage\":\"fr-FR\",\"@id\":\"https:\/\/orthopara.store\/#\/schema\/logo\/image\/\",\"url\":\"https:\/\/orthopara.store\/wp-content\/uploads\/2024\/06\/cropped-9ABA8BAD-6256-4719-9315-15C66E64E882.png\",\"contentUrl\":\"https:\/\/orthopara.store\/wp-content\/uploads\/2024\/06\/cropped-9ABA8BAD-6256-4719-9315-15C66E64E882.png\",\"width\":240,\"height\":72,\"caption\":\"OrthoPara\"},\"image\":{\"@id\":\"https:\/\/orthopara.store\/#\/schema\/logo\/image\/\"},\"sameAs\":[\"https:\/\/www.facebook.com\/profile.php?id=61561194315651\",\"https:\/\/www.instagram.com\/orthopara_tunisie\/\"]}]}<\/script>\n<!-- \/ Yoast SEO plugin. -->","yoast_head_json":{"title":"Pack arabesque \u2013 Dermafig - OrthoPara","robots":{"index":"index","follow":"follow","max-snippet":"max-snippet:-1","max-image-preview":"max-image-preview:large","max-video-preview":"max-video-preview:-1"},"canonical":"https:\/\/orthopara.store\/index.php\/produit\/pack-arabesque-dermafig\/","og_locale":"fr_FR","og_type":"article","og_title":"Pack arabesque \u2013 Dermafig - OrthoPara","og_description":"Ce pack est compos\u00e9 de : - S\u00e9rum visage 30 ml - Cr\u00e8me visage 30 ml cadeau","og_url":"https:\/\/orthopara.store\/index.php\/produit\/pack-arabesque-dermafig\/","og_site_name":"OrthoPara","article_publisher":"https:\/\/www.facebook.com\/profile.php?id=61561194315651","article_modified_time":"2024-06-28T13:50:07+00:00","og_image":[{"width":800,"height":800,"url":"https:\/\/orthopara.store\/wp-content\/uploads\/2024\/06\/pack-arabesque-dermafig.jpg","type":"image\/jpeg"}],"twitter_card":"summary_large_image","twitter_misc":{"Dur\u00e9e de lecture estim\u00e9e":"3 minutes"},"schema":{"@context":"https:\/\/schema.org","@graph":[{"@type":"WebPage","@id":"https:\/\/orthopara.store\/index.php\/produit\/pack-arabesque-dermafig\/","url":"https:\/\/orthopara.store\/index.php\/produit\/pack-arabesque-dermafig\/","name":"Pack arabesque \u2013 Dermafig - OrthoPara","isPartOf":{"@id":"https:\/\/orthopara.store\/#website"},"primaryImageOfPage":{"@id":"https:\/\/orthopara.store\/index.php\/produit\/pack-arabesque-dermafig\/#primaryimage"},"image":{"@id":"https:\/\/orthopara.store\/index.php\/produit\/pack-arabesque-dermafig\/#primaryimage"},"thumbnailUrl":"https:\/\/orthopara.store\/wp-content\/uploads\/2024\/06\/pack-arabesque-dermafig.jpg","datePublished":"2024-06-28T13:49:57+00:00","dateModified":"2024-06-28T13:50:07+00:00","breadcrumb":{"@id":"https:\/\/orthopara.store\/index.php\/produit\/pack-arabesque-dermafig\/#breadcrumb"},"inLanguage":"fr-FR","potentialAction":[{"@type":"ReadAction","target":["https:\/\/orthopara.store\/index.php\/produit\/pack-arabesque-dermafig\/"]}]},{"@type":"ImageObject","inLanguage":"fr-FR","@id":"https:\/\/orthopara.store\/index.php\/produit\/pack-arabesque-dermafig\/#primaryimage","url":"https:\/\/orthopara.store\/wp-content\/uploads\/2024\/06\/pack-arabesque-dermafig.jpg","contentUrl":"https:\/\/orthopara.store\/wp-content\/uploads\/2024\/06\/pack-arabesque-dermafig.jpg","width":800,"height":800},{"@type":"BreadcrumbList","@id":"https:\/\/orthopara.store\/index.php\/produit\/pack-arabesque-dermafig\/#breadcrumb","itemListElement":[{"@type":"ListItem","position":1,"name":"Accueil","item":"https:\/\/orthopara.store\/"},{"@type":"ListItem","position":2,"name":"Shop","item":"https:\/\/orthopara.store\/?page_id=622"},{"@type":"ListItem","position":3,"name":"Pack arabesque \u2013 Dermafig"}]},{"@type":"WebSite","@id":"https:\/\/orthopara.store\/#website","url":"https:\/\/orthopara.store\/","name":"OrthoPara","description":"Parapharmacie","publisher":{"@id":"https:\/\/orthopara.store\/#organization"},"potentialAction":[{"@type":"SearchAction","target":{"@type":"EntryPoint","urlTemplate":"https:\/\/orthopara.store\/?s={search_term_string}"},"query-input":"required name=search_term_string"}],"inLanguage":"fr-FR"},{"@type":"Organization","@id":"https:\/\/orthopara.store\/#organization","name":"OrthoPara","url":"https:\/\/orthopara.store\/","logo":{"@type":"ImageObject","inLanguage":"fr-FR","@id":"https:\/\/orthopara.store\/#\/schema\/logo\/image\/","url":"https:\/\/orthopara.store\/wp-content\/uploads\/2024\/06\/cropped-9ABA8BAD-6256-4719-9315-15C66E64E882.png","contentUrl":"https:\/\/orthopara.store\/wp-content\/uploads\/2024\/06\/cropped-9ABA8BAD-6256-4719-9315-15C66E64E882.png","width":240,"height":72,"caption":"OrthoPara"},"image":{"@id":"https:\/\/orthopara.store\/#\/schema\/logo\/image\/"},"sameAs":["https:\/\/www.facebook.com\/profile.php?id=61561194315651","https:\/\/www.instagram.com\/orthopara_tunisie\/"]}]}},"jetpack_sharing_enabled":true,"brands":[{"id":79,"name":"Dermafig","slug":"dermafig"}],"_links":{"self":[{"href":"https:\/\/orthopara.store\/index.php?rest_route=\/wp\/v2\/product\/791","targetHints":{"allow":["GET"]}}],"collection":[{"href":"https:\/\/orthopara.store\/index.php?rest_route=\/wp\/v2\/product"}],"about":[{"href":"https:\/\/orthopara.store\/index.php?rest_route=\/wp\/v2\/types\/product"}],"replies":[{"embeddable":true,"href":"https:\/\/orthopara.store\/index.php?rest_route=%2Fwp%2Fv2%2Fcomments&post=791"}],"wp:featuredmedia":[{"embeddable":true,"href":"https:\/\/orthopara.store\/index.php?rest_route=\/wp\/v2\/media\/816"}],"wp:attachment":[{"href":"https:\/\/orthopara.store\/index.php?rest_route=%2Fwp%2Fv2%2Fmedia&parent=791"}],"wp:term":[{"taxonomy":"pwb-brand","embeddable":true,"href":"https:\/\/orthopara.store\/index.php?rest_route=%2Fwp%2Fv2%2Fpwb-brand&post=791"},{"taxonomy":"product_cat","embeddable":true,"href":"https:\/\/orthopara.store\/index.php?rest_route=%2Fwp%2Fv2%2Fproduct_cat&post=791"},{"taxonomy":"product_tag","embeddable":true,"href":"https:\/\/orthopara.store\/index.php?rest_route=%2Fwp%2Fv2%2Fproduct_tag&post=791"}],"curies":[{"name":"wp","href":"https:\/\/api.w.org\/{rel}","templated":true}]}}