{"id":792,"date":"2024-06-28T15:49:57","date_gmt":"2024-06-28T13:49:57","guid":{"rendered":"https:\/\/orthopara.store\/?post_type=product&#038;p=792"},"modified":"2024-06-28T15:50:08","modified_gmt":"2024-06-28T13:50:08","slug":"eau-micellaire-magnolia-lirene-400ml","status":"publish","type":"product","link":"https:\/\/orthopara.store\/?product=eau-micellaire-magnolia-lirene-400ml","title":{"rendered":"Eau micellaire magnolia  &#8211; Lirene &#8211; 400ml"},"content":{"rendered":"<p>Eau micellaire magnolia\u00a0 &#8211; Lirene &#8211; 400ml<br \/>\nSolution micellaire lissante \u00e0 l&rsquo;extrait de magnolia rajeunissant \u00e9limine en profondeur les impuret\u00e9s et le maquillage du visage et du<br \/>\ncontour des yeux, unifie et illumine le teint, restaure une hydratation optimale et favorise la r\u00e9g\u00e9n\u00e9ration. L&rsquo;extrait de magnolia riche en<br \/>\nflavono\u00efdes a des propri\u00e9t\u00e9s rajeunissantes. Il am\u00e9liore l&rsquo;\u00e9lasticit\u00e9, nourrit et r\u00e9g\u00e9n\u00e8re la peau.<\/p>\n<p>Ingr\u00e9dients actifs :\u00a0<\/p>\n<p>EXTRAIT DE MAGNOLIA :\u00a0Il d\u00e9montre des propri\u00e9t\u00e9s rajeunissantes.\u00a0Il am\u00e9liore l&rsquo;\u00e9lasticit\u00e9 de la peau, la nourrit et la r\u00e9g\u00e9n\u00e8re.\u00a0Il prot\u00e8ge la peau contre la perte d&rsquo;eau en maintenant un niveau d&rsquo;hydratation optimal.<\/p>\n<p>PANTH\u00c9NOL :\u00a0Un pr\u00e9curseur naturel de la vitamine B5, qui p\u00e9n\u00e8tre facilement les couches profondes du derme, stimulant la croissance et le renouvellement des cellules \u00e9pidermiques et dermiques.\u00a0Il facilite la gu\u00e9rison de divers types de l\u00e9sions cutan\u00e9es.<\/p>\n<p>R\u00e9sultats:\u00a0\u00a0<\/p>\n<p>100%* &#8211; \u00c9limine efficacement le maquillage et la contamination du visage et du contour des yeux*<\/p>\n<p>86%* &#8211; Hydrate et favorise la r\u00e9g\u00e9n\u00e9ration*<\/p>\n<p>75%* &#8211; La peau para\u00eet plus jeune &#8211; parfait pour les peaux matures*<\/p>\n","protected":false},"excerpt":{"rendered":"<p>Lirene<br \/>\nEau micellaire magnolia<br \/>\npour chaque type de peau<br \/>\nEau micellaire lissante pour le vieillissement cutan\u00e9 nettoie, rajeunit, illumine<br \/>\ncontenance 400 ML<\/p>\n","protected":false},"featured_media":817,"comment_status":"open","ping_status":"closed","template":"","meta":[],"pwb-brand":[46],"product_cat":[69],"product_tag":[],"class_list":{"0":"post-792","1":"product","2":"type-product","3":"status-publish","4":"has-post-thumbnail","6":"pwb-brand-lirene","7":"product_cat-anti-rides","8":"post","9":"ws-product--style-1","11":"first","12":"instock","13":"shipping-taxable","14":"purchasable","15":"product-type-simple"},"yoast_head":"<!-- This site is optimized with the Yoast SEO plugin v23.0 - https:\/\/yoast.com\/wordpress\/plugins\/seo\/ -->\n<title>Eau micellaire magnolia - Lirene - 400ml - OrthoPara<\/title>\n<meta name=\"robots\" content=\"index, follow, max-snippet:-1, max-image-preview:large, max-video-preview:-1\" \/>\n<link rel=\"canonical\" href=\"https:\/\/orthopara.store\/index.php\/produit\/eau-micellaire-magnolia-lirene-400ml\/\" \/>\n<meta property=\"og:locale\" content=\"fr_FR\" \/>\n<meta property=\"og:type\" content=\"article\" \/>\n<meta property=\"og:title\" content=\"Eau micellaire magnolia - Lirene - 400ml - OrthoPara\" \/>\n<meta property=\"og:description\" content=\"Lirene Eau micellaire magnolia pour chaque type de peau Eau micellaire lissante pour le vieillissement cutan\u00e9 nettoie, rajeunit, illumine contenance 400 ML\" \/>\n<meta property=\"og:url\" content=\"https:\/\/orthopara.store\/index.php\/produit\/eau-micellaire-magnolia-lirene-400ml\/\" \/>\n<meta property=\"og:site_name\" content=\"OrthoPara\" \/>\n<meta property=\"article:publisher\" content=\"https:\/\/www.facebook.com\/profile.php?id=61561194315651\" \/>\n<meta property=\"article:modified_time\" content=\"2024-06-28T13:50:08+00:00\" \/>\n<meta property=\"og:image\" content=\"https:\/\/orthopara.store\/wp-content\/uploads\/2024\/06\/lirene-eau-micellaire-magnolia-400-ml.jpg\" \/>\n\t<meta property=\"og:image:width\" content=\"800\" \/>\n\t<meta property=\"og:image:height\" content=\"800\" \/>\n\t<meta property=\"og:image:type\" content=\"image\/jpeg\" \/>\n<meta name=\"twitter:card\" content=\"summary_large_image\" \/>\n<meta name=\"twitter:label1\" content=\"Dur\u00e9e de lecture estim\u00e9e\" \/>\n\t<meta name=\"twitter:data1\" content=\"1 minute\" \/>\n<script type=\"application\/ld+json\" class=\"yoast-schema-graph\">{\"@context\":\"https:\/\/schema.org\",\"@graph\":[{\"@type\":\"WebPage\",\"@id\":\"https:\/\/orthopara.store\/index.php\/produit\/eau-micellaire-magnolia-lirene-400ml\/\",\"url\":\"https:\/\/orthopara.store\/index.php\/produit\/eau-micellaire-magnolia-lirene-400ml\/\",\"name\":\"Eau micellaire magnolia - Lirene - 400ml - OrthoPara\",\"isPartOf\":{\"@id\":\"https:\/\/orthopara.store\/#website\"},\"primaryImageOfPage\":{\"@id\":\"https:\/\/orthopara.store\/index.php\/produit\/eau-micellaire-magnolia-lirene-400ml\/#primaryimage\"},\"image\":{\"@id\":\"https:\/\/orthopara.store\/index.php\/produit\/eau-micellaire-magnolia-lirene-400ml\/#primaryimage\"},\"thumbnailUrl\":\"https:\/\/orthopara.store\/wp-content\/uploads\/2024\/06\/lirene-eau-micellaire-magnolia-400-ml.jpg\",\"datePublished\":\"2024-06-28T13:49:57+00:00\",\"dateModified\":\"2024-06-28T13:50:08+00:00\",\"breadcrumb\":{\"@id\":\"https:\/\/orthopara.store\/index.php\/produit\/eau-micellaire-magnolia-lirene-400ml\/#breadcrumb\"},\"inLanguage\":\"fr-FR\",\"potentialAction\":[{\"@type\":\"ReadAction\",\"target\":[\"https:\/\/orthopara.store\/index.php\/produit\/eau-micellaire-magnolia-lirene-400ml\/\"]}]},{\"@type\":\"ImageObject\",\"inLanguage\":\"fr-FR\",\"@id\":\"https:\/\/orthopara.store\/index.php\/produit\/eau-micellaire-magnolia-lirene-400ml\/#primaryimage\",\"url\":\"https:\/\/orthopara.store\/wp-content\/uploads\/2024\/06\/lirene-eau-micellaire-magnolia-400-ml.jpg\",\"contentUrl\":\"https:\/\/orthopara.store\/wp-content\/uploads\/2024\/06\/lirene-eau-micellaire-magnolia-400-ml.jpg\",\"width\":800,\"height\":800},{\"@type\":\"BreadcrumbList\",\"@id\":\"https:\/\/orthopara.store\/index.php\/produit\/eau-micellaire-magnolia-lirene-400ml\/#breadcrumb\",\"itemListElement\":[{\"@type\":\"ListItem\",\"position\":1,\"name\":\"Accueil\",\"item\":\"https:\/\/orthopara.store\/\"},{\"@type\":\"ListItem\",\"position\":2,\"name\":\"Shop\",\"item\":\"https:\/\/orthopara.store\/?page_id=622\"},{\"@type\":\"ListItem\",\"position\":3,\"name\":\"Eau micellaire magnolia &#8211; Lirene &#8211; 400ml\"}]},{\"@type\":\"WebSite\",\"@id\":\"https:\/\/orthopara.store\/#website\",\"url\":\"https:\/\/orthopara.store\/\",\"name\":\"OrthoPara\",\"description\":\"Parapharmacie\",\"publisher\":{\"@id\":\"https:\/\/orthopara.store\/#organization\"},\"potentialAction\":[{\"@type\":\"SearchAction\",\"target\":{\"@type\":\"EntryPoint\",\"urlTemplate\":\"https:\/\/orthopara.store\/?s={search_term_string}\"},\"query-input\":\"required name=search_term_string\"}],\"inLanguage\":\"fr-FR\"},{\"@type\":\"Organization\",\"@id\":\"https:\/\/orthopara.store\/#organization\",\"name\":\"OrthoPara\",\"url\":\"https:\/\/orthopara.store\/\",\"logo\":{\"@type\":\"ImageObject\",\"inLanguage\":\"fr-FR\",\"@id\":\"https:\/\/orthopara.store\/#\/schema\/logo\/image\/\",\"url\":\"https:\/\/orthopara.store\/wp-content\/uploads\/2024\/06\/cropped-9ABA8BAD-6256-4719-9315-15C66E64E882.png\",\"contentUrl\":\"https:\/\/orthopara.store\/wp-content\/uploads\/2024\/06\/cropped-9ABA8BAD-6256-4719-9315-15C66E64E882.png\",\"width\":240,\"height\":72,\"caption\":\"OrthoPara\"},\"image\":{\"@id\":\"https:\/\/orthopara.store\/#\/schema\/logo\/image\/\"},\"sameAs\":[\"https:\/\/www.facebook.com\/profile.php?id=61561194315651\",\"https:\/\/www.instagram.com\/orthopara_tunisie\/\"]}]}<\/script>\n<!-- \/ Yoast SEO plugin. -->","yoast_head_json":{"title":"Eau micellaire magnolia - Lirene - 400ml - OrthoPara","robots":{"index":"index","follow":"follow","max-snippet":"max-snippet:-1","max-image-preview":"max-image-preview:large","max-video-preview":"max-video-preview:-1"},"canonical":"https:\/\/orthopara.store\/index.php\/produit\/eau-micellaire-magnolia-lirene-400ml\/","og_locale":"fr_FR","og_type":"article","og_title":"Eau micellaire magnolia - Lirene - 400ml - OrthoPara","og_description":"Lirene Eau micellaire magnolia pour chaque type de peau Eau micellaire lissante pour le vieillissement cutan\u00e9 nettoie, rajeunit, illumine contenance 400 ML","og_url":"https:\/\/orthopara.store\/index.php\/produit\/eau-micellaire-magnolia-lirene-400ml\/","og_site_name":"OrthoPara","article_publisher":"https:\/\/www.facebook.com\/profile.php?id=61561194315651","article_modified_time":"2024-06-28T13:50:08+00:00","og_image":[{"width":800,"height":800,"url":"https:\/\/orthopara.store\/wp-content\/uploads\/2024\/06\/lirene-eau-micellaire-magnolia-400-ml.jpg","type":"image\/jpeg"}],"twitter_card":"summary_large_image","twitter_misc":{"Dur\u00e9e de lecture estim\u00e9e":"1 minute"},"schema":{"@context":"https:\/\/schema.org","@graph":[{"@type":"WebPage","@id":"https:\/\/orthopara.store\/index.php\/produit\/eau-micellaire-magnolia-lirene-400ml\/","url":"https:\/\/orthopara.store\/index.php\/produit\/eau-micellaire-magnolia-lirene-400ml\/","name":"Eau micellaire magnolia - Lirene - 400ml - OrthoPara","isPartOf":{"@id":"https:\/\/orthopara.store\/#website"},"primaryImageOfPage":{"@id":"https:\/\/orthopara.store\/index.php\/produit\/eau-micellaire-magnolia-lirene-400ml\/#primaryimage"},"image":{"@id":"https:\/\/orthopara.store\/index.php\/produit\/eau-micellaire-magnolia-lirene-400ml\/#primaryimage"},"thumbnailUrl":"https:\/\/orthopara.store\/wp-content\/uploads\/2024\/06\/lirene-eau-micellaire-magnolia-400-ml.jpg","datePublished":"2024-06-28T13:49:57+00:00","dateModified":"2024-06-28T13:50:08+00:00","breadcrumb":{"@id":"https:\/\/orthopara.store\/index.php\/produit\/eau-micellaire-magnolia-lirene-400ml\/#breadcrumb"},"inLanguage":"fr-FR","potentialAction":[{"@type":"ReadAction","target":["https:\/\/orthopara.store\/index.php\/produit\/eau-micellaire-magnolia-lirene-400ml\/"]}]},{"@type":"ImageObject","inLanguage":"fr-FR","@id":"https:\/\/orthopara.store\/index.php\/produit\/eau-micellaire-magnolia-lirene-400ml\/#primaryimage","url":"https:\/\/orthopara.store\/wp-content\/uploads\/2024\/06\/lirene-eau-micellaire-magnolia-400-ml.jpg","contentUrl":"https:\/\/orthopara.store\/wp-content\/uploads\/2024\/06\/lirene-eau-micellaire-magnolia-400-ml.jpg","width":800,"height":800},{"@type":"BreadcrumbList","@id":"https:\/\/orthopara.store\/index.php\/produit\/eau-micellaire-magnolia-lirene-400ml\/#breadcrumb","itemListElement":[{"@type":"ListItem","position":1,"name":"Accueil","item":"https:\/\/orthopara.store\/"},{"@type":"ListItem","position":2,"name":"Shop","item":"https:\/\/orthopara.store\/?page_id=622"},{"@type":"ListItem","position":3,"name":"Eau micellaire magnolia &#8211; Lirene &#8211; 400ml"}]},{"@type":"WebSite","@id":"https:\/\/orthopara.store\/#website","url":"https:\/\/orthopara.store\/","name":"OrthoPara","description":"Parapharmacie","publisher":{"@id":"https:\/\/orthopara.store\/#organization"},"potentialAction":[{"@type":"SearchAction","target":{"@type":"EntryPoint","urlTemplate":"https:\/\/orthopara.store\/?s={search_term_string}"},"query-input":"required name=search_term_string"}],"inLanguage":"fr-FR"},{"@type":"Organization","@id":"https:\/\/orthopara.store\/#organization","name":"OrthoPara","url":"https:\/\/orthopara.store\/","logo":{"@type":"ImageObject","inLanguage":"fr-FR","@id":"https:\/\/orthopara.store\/#\/schema\/logo\/image\/","url":"https:\/\/orthopara.store\/wp-content\/uploads\/2024\/06\/cropped-9ABA8BAD-6256-4719-9315-15C66E64E882.png","contentUrl":"https:\/\/orthopara.store\/wp-content\/uploads\/2024\/06\/cropped-9ABA8BAD-6256-4719-9315-15C66E64E882.png","width":240,"height":72,"caption":"OrthoPara"},"image":{"@id":"https:\/\/orthopara.store\/#\/schema\/logo\/image\/"},"sameAs":["https:\/\/www.facebook.com\/profile.php?id=61561194315651","https:\/\/www.instagram.com\/orthopara_tunisie\/"]}]}},"jetpack_sharing_enabled":true,"brands":[{"id":46,"name":"LIRENE","slug":"lirene"}],"_links":{"self":[{"href":"https:\/\/orthopara.store\/index.php?rest_route=\/wp\/v2\/product\/792","targetHints":{"allow":["GET"]}}],"collection":[{"href":"https:\/\/orthopara.store\/index.php?rest_route=\/wp\/v2\/product"}],"about":[{"href":"https:\/\/orthopara.store\/index.php?rest_route=\/wp\/v2\/types\/product"}],"replies":[{"embeddable":true,"href":"https:\/\/orthopara.store\/index.php?rest_route=%2Fwp%2Fv2%2Fcomments&post=792"}],"wp:featuredmedia":[{"embeddable":true,"href":"https:\/\/orthopara.store\/index.php?rest_route=\/wp\/v2\/media\/817"}],"wp:attachment":[{"href":"https:\/\/orthopara.store\/index.php?rest_route=%2Fwp%2Fv2%2Fmedia&parent=792"}],"wp:term":[{"taxonomy":"pwb-brand","embeddable":true,"href":"https:\/\/orthopara.store\/index.php?rest_route=%2Fwp%2Fv2%2Fpwb-brand&post=792"},{"taxonomy":"product_cat","embeddable":true,"href":"https:\/\/orthopara.store\/index.php?rest_route=%2Fwp%2Fv2%2Fproduct_cat&post=792"},{"taxonomy":"product_tag","embeddable":true,"href":"https:\/\/orthopara.store\/index.php?rest_route=%2Fwp%2Fv2%2Fproduct_tag&post=792"}],"curies":[{"name":"wp","href":"https:\/\/api.w.org\/{rel}","templated":true}]}}