{"id":822,"date":"2024-06-28T15:50:11","date_gmt":"2024-06-28T13:50:11","guid":{"rendered":"https:\/\/orthopara.store\/?post_type=product&#038;p=822"},"modified":"2024-06-28T15:50:15","modified_gmt":"2024-06-28T13:50:15","slug":"neoretin-serum-booster-fluid-serum-depigmentant-30ml","status":"publish","type":"product","link":"https:\/\/orthopara.store\/?product=neoretin-serum-booster-fluid-serum-depigmentant-30ml","title":{"rendered":"Neoretin serum booster fluid &#8211; S\u00e9rum d\u00e9pigmentant &#8211; 30ml"},"content":{"rendered":"<p>Formule concentr\u00e9e \u00e0 absorption rapide qui associe des actifs et technologies d\u00e9pigmentants et anti-t\u00e2ches. Il comprend Whitening Booster System, un syst\u00e8me de six actifs puissants qui agissent sur la formation des t\u00e2ches brunes, dans les phases de synth\u00e8se de m\u00e9lanine.<br \/>\nAvec une activit\u00e9 retexturante et renouvel\u00e9e, gr\u00e2ce \u00e0 la Technologie RetinSphere\u00ae, il donne une peau plus uniforme et lumineuse, r\u00e9duisant visiblement les t\u00e2ches brunes. Sa haute tol\u00e9rance permet une utilisation toute l\u2019ann\u00e9e.<br \/>\nTest\u00e9 sous contr\u00f4le dermatologique et ophtalmologique.<\/p>\n<p>Caract\u00e9ristiques :<br \/>\nD\u00e9pigmentant<br \/>\nRetexturant<br \/>\nR\u00e9gulateur de la production de m\u00e9lanine<br \/>\nTexture l\u00e9g\u00e8re<br \/>\nAbsorption rapide<br \/>\nHaute tol\u00e9rance<br \/>\nTest\u00e9 sous contr\u00f4le dermatologique et ophtalmologique<\/p>\n<p>Indications :\u00a0<br \/>\nUtilisation quotidienne pour tous les types de peaux pr\u00e9sentant des taches brunes et un photovieillissement.<\/p>\n<p>Composition :\u00a0<br \/>\nRetinSphere Technology\u00ae, syst\u00e8me booster de blanchiment des r\u00e9tino\u00efdes de nouvelle g\u00e9n\u00e9ration<br \/>\nNiacinamide\u00a0<br \/>\nAcide salicylique<\/p>\n<p>Conseils d&rsquo;utilisation :<br \/>\nAgiter avant utilisation. Appliquer matin et\/ou soir sur la peau nettoy\u00e9e du visage et du cou.<\/p>\n<p>Pr\u00e9cautions :\u00a0<br \/>\nUsage externe.<br \/>\nEn cas d&rsquo;irritation persistante, arr\u00eater l&rsquo;application.<br \/>\nEviter tout contact avec les yeux et les muqueuses, si cela se produit, rincer \u00e0 l&rsquo;eau.<br \/>\nConserver en dessous de 30\u00b0C.<\/p>\n<p>Ingr\u00e9dients :<br \/>\nAqua, Butylene Glycol; Dimethyl Isosorbide, Glycerin: Niacinamide; Peg-7 Glyceryl Cocoate: Portulaca Oleracea Extract: Acetyl Glucosamine; Kojic Acid; Hydroxypinacolone Retinoate; Retinol, Phenoxyethanol, Caprylyl Glycol: Trisodium Ethylenediamine Disuccinate; Hexylene Glycol, Decarboxy Carnosine HCL: Aminoethylphosphinic Acid: Pentylene Glycol: Fructose; Lactitol, Glycosaminoglycans; Salicylic Acid, Tocopheryl Acetate; Tetrahexyldecyl Ascorbate, Ethylhexylglycerin: Acetyl Hexapeptide-37; Trehalose; Dehydroxanthan Gum; Methyl Gluceth-20; Methylsilanol Hydroxyproline Aspartate; Hydrolyzed Caesalpinia Spinosa Gum; Caesalpinia Gum; Sorbitol; Sodium Metabisulfite: Lecithin: Acrylates\/C10-30 Alkyl Acrylate Crosspolymer, Sodium Carbomer, Acrylates\/Vinyl Isodecanoate Crosspolymer: Palmitoyl Hydroxypropyltrimonium Amylopectin\/Glycerin Crosspolymer, Polysorbate 20; Hydrogenated Lecithin; Benzoic Acid: Dehydroacetic Acid, Sodium Hyaluronate; 1,2 Hexanediol; BHT: BHA; Sodium Benzoate; Potassium Benzoate, Xanthan Gum; Parfum; CI 17200<\/p>\n<p>Contenance :<br \/>\n30ml<\/p>\n","protected":false},"excerpt":{"rendered":"<p>Formule concentr\u00e9e \u00e0 absorption rapide qui associe des actifs et technologies d\u00e9pigmentants et anti-t\u00e2ches. Il comprend Whitening Booster System, un syst\u00e8me de six actifs puissants qui agissent sur la formation des t\u00e2ches brunes, dans les phases de synth\u00e8se de m\u00e9lanine.<br \/>\nAvec une activit\u00e9 retexturante et renouvel\u00e9e, gr\u00e2ce \u00e0 la Technologie RetinSphere\u00ae, il donne une peau plus uniforme et lumineuse, r\u00e9duisant visiblement les t\u00e2ches brunes. Sa haute tol\u00e9rance permet une utilisation toute l\u2019ann\u00e9e.<br \/>\nTest\u00e9 sous contr\u00f4le dermatologique et ophtalmologique.<\/p>\n","protected":false},"featured_media":843,"comment_status":"open","ping_status":"closed","template":"","meta":[],"pwb-brand":[50],"product_cat":[69],"product_tag":[],"class_list":{"0":"post-822","1":"product","2":"type-product","3":"status-publish","4":"has-post-thumbnail","6":"pwb-brand-cantabria-labs","7":"product_cat-anti-rides","8":"post","9":"ws-product--style-1","11":"first","12":"instock","13":"shipping-taxable","14":"purchasable","15":"product-type-simple"},"yoast_head":"<!-- This site is optimized with the Yoast SEO plugin v23.0 - https:\/\/yoast.com\/wordpress\/plugins\/seo\/ -->\n<title>Neoretin serum booster fluid - S\u00e9rum d\u00e9pigmentant - 30ml - OrthoPara<\/title>\n<meta name=\"robots\" content=\"index, follow, max-snippet:-1, max-image-preview:large, max-video-preview:-1\" \/>\n<link rel=\"canonical\" href=\"https:\/\/orthopara.store\/index.php\/produit\/neoretin-serum-booster-fluid-serum-depigmentant-30ml\/\" \/>\n<meta property=\"og:locale\" content=\"fr_FR\" \/>\n<meta property=\"og:type\" content=\"article\" \/>\n<meta property=\"og:title\" content=\"Neoretin serum booster fluid - S\u00e9rum d\u00e9pigmentant - 30ml - OrthoPara\" \/>\n<meta property=\"og:description\" content=\"Formule concentr\u00e9e \u00e0 absorption rapide qui associe des actifs et technologies d\u00e9pigmentants et anti-t\u00e2ches. Il comprend Whitening Booster System, un syst\u00e8me de six actifs puissants qui agissent sur la formation des t\u00e2ches brunes, dans les phases de synth\u00e8se de m\u00e9lanine. Avec une activit\u00e9 retexturante et renouvel\u00e9e, gr\u00e2ce \u00e0 la Technologie RetinSphere\u00ae, il donne une peau plus uniforme et lumineuse, r\u00e9duisant visiblement les t\u00e2ches brunes. Sa haute tol\u00e9rance permet une utilisation toute l\u2019ann\u00e9e. Test\u00e9 sous contr\u00f4le dermatologique et ophtalmologique.\" \/>\n<meta property=\"og:url\" content=\"https:\/\/orthopara.store\/index.php\/produit\/neoretin-serum-booster-fluid-serum-depigmentant-30ml\/\" \/>\n<meta property=\"og:site_name\" content=\"OrthoPara\" \/>\n<meta property=\"article:publisher\" content=\"https:\/\/www.facebook.com\/profile.php?id=61561194315651\" \/>\n<meta property=\"article:modified_time\" content=\"2024-06-28T13:50:15+00:00\" \/>\n<meta property=\"og:image\" content=\"https:\/\/orthopara.store\/wp-content\/uploads\/2024\/06\/neoretin-serum-booster-fluid-serum-depigmentant-30ml.jpg\" \/>\n\t<meta property=\"og:image:width\" content=\"800\" \/>\n\t<meta property=\"og:image:height\" content=\"800\" \/>\n\t<meta property=\"og:image:type\" content=\"image\/jpeg\" \/>\n<meta name=\"twitter:card\" content=\"summary_large_image\" \/>\n<meta name=\"twitter:label1\" content=\"Dur\u00e9e de lecture estim\u00e9e\" \/>\n\t<meta name=\"twitter:data1\" content=\"2 minutes\" \/>\n<script type=\"application\/ld+json\" class=\"yoast-schema-graph\">{\"@context\":\"https:\/\/schema.org\",\"@graph\":[{\"@type\":\"WebPage\",\"@id\":\"https:\/\/orthopara.store\/index.php\/produit\/neoretin-serum-booster-fluid-serum-depigmentant-30ml\/\",\"url\":\"https:\/\/orthopara.store\/index.php\/produit\/neoretin-serum-booster-fluid-serum-depigmentant-30ml\/\",\"name\":\"Neoretin serum booster fluid - S\u00e9rum d\u00e9pigmentant - 30ml - OrthoPara\",\"isPartOf\":{\"@id\":\"https:\/\/orthopara.store\/#website\"},\"primaryImageOfPage\":{\"@id\":\"https:\/\/orthopara.store\/index.php\/produit\/neoretin-serum-booster-fluid-serum-depigmentant-30ml\/#primaryimage\"},\"image\":{\"@id\":\"https:\/\/orthopara.store\/index.php\/produit\/neoretin-serum-booster-fluid-serum-depigmentant-30ml\/#primaryimage\"},\"thumbnailUrl\":\"https:\/\/orthopara.store\/wp-content\/uploads\/2024\/06\/neoretin-serum-booster-fluid-serum-depigmentant-30ml.jpg\",\"datePublished\":\"2024-06-28T13:50:11+00:00\",\"dateModified\":\"2024-06-28T13:50:15+00:00\",\"breadcrumb\":{\"@id\":\"https:\/\/orthopara.store\/index.php\/produit\/neoretin-serum-booster-fluid-serum-depigmentant-30ml\/#breadcrumb\"},\"inLanguage\":\"fr-FR\",\"potentialAction\":[{\"@type\":\"ReadAction\",\"target\":[\"https:\/\/orthopara.store\/index.php\/produit\/neoretin-serum-booster-fluid-serum-depigmentant-30ml\/\"]}]},{\"@type\":\"ImageObject\",\"inLanguage\":\"fr-FR\",\"@id\":\"https:\/\/orthopara.store\/index.php\/produit\/neoretin-serum-booster-fluid-serum-depigmentant-30ml\/#primaryimage\",\"url\":\"https:\/\/orthopara.store\/wp-content\/uploads\/2024\/06\/neoretin-serum-booster-fluid-serum-depigmentant-30ml.jpg\",\"contentUrl\":\"https:\/\/orthopara.store\/wp-content\/uploads\/2024\/06\/neoretin-serum-booster-fluid-serum-depigmentant-30ml.jpg\",\"width\":800,\"height\":800},{\"@type\":\"BreadcrumbList\",\"@id\":\"https:\/\/orthopara.store\/index.php\/produit\/neoretin-serum-booster-fluid-serum-depigmentant-30ml\/#breadcrumb\",\"itemListElement\":[{\"@type\":\"ListItem\",\"position\":1,\"name\":\"Accueil\",\"item\":\"https:\/\/orthopara.store\/\"},{\"@type\":\"ListItem\",\"position\":2,\"name\":\"Shop\",\"item\":\"https:\/\/orthopara.store\/?page_id=622\"},{\"@type\":\"ListItem\",\"position\":3,\"name\":\"Neoretin serum booster fluid &#8211; S\u00e9rum d\u00e9pigmentant &#8211; 30ml\"}]},{\"@type\":\"WebSite\",\"@id\":\"https:\/\/orthopara.store\/#website\",\"url\":\"https:\/\/orthopara.store\/\",\"name\":\"OrthoPara\",\"description\":\"Parapharmacie\",\"publisher\":{\"@id\":\"https:\/\/orthopara.store\/#organization\"},\"potentialAction\":[{\"@type\":\"SearchAction\",\"target\":{\"@type\":\"EntryPoint\",\"urlTemplate\":\"https:\/\/orthopara.store\/?s={search_term_string}\"},\"query-input\":\"required name=search_term_string\"}],\"inLanguage\":\"fr-FR\"},{\"@type\":\"Organization\",\"@id\":\"https:\/\/orthopara.store\/#organization\",\"name\":\"OrthoPara\",\"url\":\"https:\/\/orthopara.store\/\",\"logo\":{\"@type\":\"ImageObject\",\"inLanguage\":\"fr-FR\",\"@id\":\"https:\/\/orthopara.store\/#\/schema\/logo\/image\/\",\"url\":\"https:\/\/orthopara.store\/wp-content\/uploads\/2024\/06\/cropped-9ABA8BAD-6256-4719-9315-15C66E64E882.png\",\"contentUrl\":\"https:\/\/orthopara.store\/wp-content\/uploads\/2024\/06\/cropped-9ABA8BAD-6256-4719-9315-15C66E64E882.png\",\"width\":240,\"height\":72,\"caption\":\"OrthoPara\"},\"image\":{\"@id\":\"https:\/\/orthopara.store\/#\/schema\/logo\/image\/\"},\"sameAs\":[\"https:\/\/www.facebook.com\/profile.php?id=61561194315651\",\"https:\/\/www.instagram.com\/orthopara_tunisie\/\"]}]}<\/script>\n<!-- \/ Yoast SEO plugin. -->","yoast_head_json":{"title":"Neoretin serum booster fluid - S\u00e9rum d\u00e9pigmentant - 30ml - OrthoPara","robots":{"index":"index","follow":"follow","max-snippet":"max-snippet:-1","max-image-preview":"max-image-preview:large","max-video-preview":"max-video-preview:-1"},"canonical":"https:\/\/orthopara.store\/index.php\/produit\/neoretin-serum-booster-fluid-serum-depigmentant-30ml\/","og_locale":"fr_FR","og_type":"article","og_title":"Neoretin serum booster fluid - S\u00e9rum d\u00e9pigmentant - 30ml - OrthoPara","og_description":"Formule concentr\u00e9e \u00e0 absorption rapide qui associe des actifs et technologies d\u00e9pigmentants et anti-t\u00e2ches. Il comprend Whitening Booster System, un syst\u00e8me de six actifs puissants qui agissent sur la formation des t\u00e2ches brunes, dans les phases de synth\u00e8se de m\u00e9lanine. Avec une activit\u00e9 retexturante et renouvel\u00e9e, gr\u00e2ce \u00e0 la Technologie RetinSphere\u00ae, il donne une peau plus uniforme et lumineuse, r\u00e9duisant visiblement les t\u00e2ches brunes. Sa haute tol\u00e9rance permet une utilisation toute l\u2019ann\u00e9e. Test\u00e9 sous contr\u00f4le dermatologique et ophtalmologique.","og_url":"https:\/\/orthopara.store\/index.php\/produit\/neoretin-serum-booster-fluid-serum-depigmentant-30ml\/","og_site_name":"OrthoPara","article_publisher":"https:\/\/www.facebook.com\/profile.php?id=61561194315651","article_modified_time":"2024-06-28T13:50:15+00:00","og_image":[{"width":800,"height":800,"url":"https:\/\/orthopara.store\/wp-content\/uploads\/2024\/06\/neoretin-serum-booster-fluid-serum-depigmentant-30ml.jpg","type":"image\/jpeg"}],"twitter_card":"summary_large_image","twitter_misc":{"Dur\u00e9e de lecture estim\u00e9e":"2 minutes"},"schema":{"@context":"https:\/\/schema.org","@graph":[{"@type":"WebPage","@id":"https:\/\/orthopara.store\/index.php\/produit\/neoretin-serum-booster-fluid-serum-depigmentant-30ml\/","url":"https:\/\/orthopara.store\/index.php\/produit\/neoretin-serum-booster-fluid-serum-depigmentant-30ml\/","name":"Neoretin serum booster fluid - S\u00e9rum d\u00e9pigmentant - 30ml - OrthoPara","isPartOf":{"@id":"https:\/\/orthopara.store\/#website"},"primaryImageOfPage":{"@id":"https:\/\/orthopara.store\/index.php\/produit\/neoretin-serum-booster-fluid-serum-depigmentant-30ml\/#primaryimage"},"image":{"@id":"https:\/\/orthopara.store\/index.php\/produit\/neoretin-serum-booster-fluid-serum-depigmentant-30ml\/#primaryimage"},"thumbnailUrl":"https:\/\/orthopara.store\/wp-content\/uploads\/2024\/06\/neoretin-serum-booster-fluid-serum-depigmentant-30ml.jpg","datePublished":"2024-06-28T13:50:11+00:00","dateModified":"2024-06-28T13:50:15+00:00","breadcrumb":{"@id":"https:\/\/orthopara.store\/index.php\/produit\/neoretin-serum-booster-fluid-serum-depigmentant-30ml\/#breadcrumb"},"inLanguage":"fr-FR","potentialAction":[{"@type":"ReadAction","target":["https:\/\/orthopara.store\/index.php\/produit\/neoretin-serum-booster-fluid-serum-depigmentant-30ml\/"]}]},{"@type":"ImageObject","inLanguage":"fr-FR","@id":"https:\/\/orthopara.store\/index.php\/produit\/neoretin-serum-booster-fluid-serum-depigmentant-30ml\/#primaryimage","url":"https:\/\/orthopara.store\/wp-content\/uploads\/2024\/06\/neoretin-serum-booster-fluid-serum-depigmentant-30ml.jpg","contentUrl":"https:\/\/orthopara.store\/wp-content\/uploads\/2024\/06\/neoretin-serum-booster-fluid-serum-depigmentant-30ml.jpg","width":800,"height":800},{"@type":"BreadcrumbList","@id":"https:\/\/orthopara.store\/index.php\/produit\/neoretin-serum-booster-fluid-serum-depigmentant-30ml\/#breadcrumb","itemListElement":[{"@type":"ListItem","position":1,"name":"Accueil","item":"https:\/\/orthopara.store\/"},{"@type":"ListItem","position":2,"name":"Shop","item":"https:\/\/orthopara.store\/?page_id=622"},{"@type":"ListItem","position":3,"name":"Neoretin serum booster fluid &#8211; S\u00e9rum d\u00e9pigmentant &#8211; 30ml"}]},{"@type":"WebSite","@id":"https:\/\/orthopara.store\/#website","url":"https:\/\/orthopara.store\/","name":"OrthoPara","description":"Parapharmacie","publisher":{"@id":"https:\/\/orthopara.store\/#organization"},"potentialAction":[{"@type":"SearchAction","target":{"@type":"EntryPoint","urlTemplate":"https:\/\/orthopara.store\/?s={search_term_string}"},"query-input":"required name=search_term_string"}],"inLanguage":"fr-FR"},{"@type":"Organization","@id":"https:\/\/orthopara.store\/#organization","name":"OrthoPara","url":"https:\/\/orthopara.store\/","logo":{"@type":"ImageObject","inLanguage":"fr-FR","@id":"https:\/\/orthopara.store\/#\/schema\/logo\/image\/","url":"https:\/\/orthopara.store\/wp-content\/uploads\/2024\/06\/cropped-9ABA8BAD-6256-4719-9315-15C66E64E882.png","contentUrl":"https:\/\/orthopara.store\/wp-content\/uploads\/2024\/06\/cropped-9ABA8BAD-6256-4719-9315-15C66E64E882.png","width":240,"height":72,"caption":"OrthoPara"},"image":{"@id":"https:\/\/orthopara.store\/#\/schema\/logo\/image\/"},"sameAs":["https:\/\/www.facebook.com\/profile.php?id=61561194315651","https:\/\/www.instagram.com\/orthopara_tunisie\/"]}]}},"jetpack_sharing_enabled":true,"brands":[{"id":50,"name":"Cantabria Labs","slug":"cantabria-labs"}],"_links":{"self":[{"href":"https:\/\/orthopara.store\/index.php?rest_route=\/wp\/v2\/product\/822","targetHints":{"allow":["GET"]}}],"collection":[{"href":"https:\/\/orthopara.store\/index.php?rest_route=\/wp\/v2\/product"}],"about":[{"href":"https:\/\/orthopara.store\/index.php?rest_route=\/wp\/v2\/types\/product"}],"replies":[{"embeddable":true,"href":"https:\/\/orthopara.store\/index.php?rest_route=%2Fwp%2Fv2%2Fcomments&post=822"}],"wp:featuredmedia":[{"embeddable":true,"href":"https:\/\/orthopara.store\/index.php?rest_route=\/wp\/v2\/media\/843"}],"wp:attachment":[{"href":"https:\/\/orthopara.store\/index.php?rest_route=%2Fwp%2Fv2%2Fmedia&parent=822"}],"wp:term":[{"taxonomy":"pwb-brand","embeddable":true,"href":"https:\/\/orthopara.store\/index.php?rest_route=%2Fwp%2Fv2%2Fpwb-brand&post=822"},{"taxonomy":"product_cat","embeddable":true,"href":"https:\/\/orthopara.store\/index.php?rest_route=%2Fwp%2Fv2%2Fproduct_cat&post=822"},{"taxonomy":"product_tag","embeddable":true,"href":"https:\/\/orthopara.store\/index.php?rest_route=%2Fwp%2Fv2%2Fproduct_tag&post=822"}],"curies":[{"name":"wp","href":"https:\/\/api.w.org\/{rel}","templated":true}]}}