{"id":824,"date":"2024-06-28T15:50:12","date_gmt":"2024-06-28T13:50:12","guid":{"rendered":"https:\/\/orthopara.store\/?post_type=product&#038;p=824"},"modified":"2024-11-28T20:50:41","modified_gmt":"2024-11-28T19:50:41","slug":"collagen-beauty-shots-acide-hyaluronique-complement-alimentaire-14-sticks","status":"publish","type":"product","link":"https:\/\/orthopara.store\/?product=collagen-beauty-shots-acide-hyaluronique-complement-alimentaire-14-sticks","title":{"rendered":"Collagen Beauty Shots &#038; acide hyaluronique &#8211; Compl\u00e9ment alimentaire &#8211; 14 sticks"},"content":{"rendered":"<p>Un compl\u00e9ment alimentaire constitu\u00e9 d&rsquo;une combinaison de collag\u00e8ne et d&rsquo;acide hyaluronique, enrichi en vitamines (C, E et B3) et en min\u00e9raux (zinc, cuivre, mangan\u00e8se et s\u00e9l\u00e9nium), qui permet une mise en beaut\u00e9 durable de la peau qui devient douce, lisse et \u00e9lastique. Il contribue \u00e0 prot\u00e9ger les cellules contre le stress oxydatif et au maintien d&rsquo;ongles et cheveux normaux.<br \/>\nComposition :<br \/>\nEau purifi\u00e9e, Collag\u00e8ne marin hydrolys\u00e9 type 1, Acide Hyaluronique, Acide ascorbique (Vitamine C), D-alpha tocopherol (Vitamine E), Niacinamide (Vitamine B3), Sulfate de zinc, Sulfate de cuivre, Bisglycinate de mangan\u00e8se, L-s\u00e9l\u00e9nom\u00e9thionine (s\u00e9l\u00e9nium), \u00e9dulcorant (Sucralose E-955), conservateur (Sorbate de potassium E-202), \u00e9paississant [Gomme xanthane E-415), aromatisant (ar\u00f4me orange, Huile essentielle citron).<br \/>\nQuantit\u00e9 fournie par dose quotidienne recommand\u00e9e : 10ml<br \/>\nVNR : valeur nutritionnelle de r\u00e9f\u00e9rence\u00a0<\/p>\n<p>Ingr\u00e9dients\u00a0<br \/>\nQuantit\u00e9\/10ml<br \/>\nVNR<br \/>\n%VNR<br \/>\nCollag\u00e8ne\u00a0<br \/>\n2500mg<br \/>\n&#8211;<br \/>\n&#8211;<br \/>\nAcide hyaluronique<br \/>\n120mg<br \/>\n&#8211;<br \/>\n&#8211;<br \/>\nVitamine C<br \/>\n80mg<br \/>\n80mg<br \/>\n100%<br \/>\nVitamine E<br \/>\n12mg<br \/>\n12mg<br \/>\n100%<br \/>\nVitamine B3<br \/>\n6,4mg<br \/>\n16mg<br \/>\n40%<br \/>\nZinc<br \/>\n10mg<br \/>\n10mg<br \/>\n100%<br \/>\nCuivre<br \/>\n1mg<br \/>\n1mg<br \/>\n100%<br \/>\nMangan\u00e8se\u00a0<br \/>\n2mg<br \/>\n2mg<br \/>\n100%<br \/>\nS\u00e9l\u00e9nium<br \/>\n50\u00b5g<br \/>\n55\u00b5g<br \/>\n91%<\/p>\n<p>Mode d&#8217;emploi :<br \/>\nAdulte: 1 stick par jour.<br \/>\nProgramme minimal de 30 jours<br \/>\nPr\u00e9cautions d&#8217;emploi :<br \/>\nLes compl\u00e9ments alimentaires ne doivent pas remplacer un r\u00e9gime alimentaire vari\u00e9 et \u00e9quilibr\u00e9.<br \/>\nIl est important de suivre un mode de vie sain.<br \/>\nNe pas d\u00e9passer la dose quotidienne recommand\u00e9e.<br \/>\nTenir hors de la port\u00e9e des enfants.<br \/>\nCe produit n&rsquo;est pas un m\u00e9dicament.<br \/>\nM\u00e9thode de conservation :<br \/>\nConserver dans un endroit frais et sec, \u00e0 l&rsquo;abri de la lumi\u00e8re.<br \/>\n\u00c0 consommer de pr\u00e9f\u00e9rence avant la date de p\u00e9remption mentionn\u00e9e sur la bo\u00eete.<br \/>\nConditionnement :<br \/>\n10 shots de 10ml<\/p>\n","protected":false},"excerpt":{"rendered":"<p>Un compl\u00e9ment alimentaire constitu\u00e9 d&rsquo;une combinaison de collag\u00e8ne et d&rsquo;acide hyaluronique, enrichi en vitamines (C, E et B3) et en min\u00e9raux (zinc, cuivre, mangan\u00e8se et s\u00e9l\u00e9nium), qui permet une mise en beaut\u00e9 durable de la peau qui devient douce, lisse et \u00e9lastique. Il contribue \u00e0 prot\u00e9ger les cellules contre le stress oxydatif et au maintien d&rsquo;ongles et cheveux normaux.<br \/>\nDLC : 10\/2025<\/p>\n","protected":false},"featured_media":845,"comment_status":"open","ping_status":"closed","template":"","meta":[],"pwb-brand":[78],"product_cat":[69],"product_tag":[],"class_list":{"0":"post-824","1":"product","2":"type-product","3":"status-publish","4":"has-post-thumbnail","6":"pwb-brand-les-laboratoires-michel-pierre","7":"product_cat-anti-rides","8":"post","9":"ws-product--style-1","11":"first","12":"instock","13":"shipping-taxable","14":"purchasable","15":"product-type-simple"},"yoast_head":"<!-- This site is optimized with the Yoast SEO plugin v23.0 - https:\/\/yoast.com\/wordpress\/plugins\/seo\/ -->\n<title>Collagen Beauty Shots &amp; acide hyaluronique - Compl\u00e9ment alimentaire - 14 sticks - OrthoPara<\/title>\n<meta name=\"robots\" content=\"index, follow, max-snippet:-1, max-image-preview:large, max-video-preview:-1\" \/>\n<link rel=\"canonical\" href=\"https:\/\/orthopara.store\/index.php\/produit\/collagen-beauty-shots-acide-hyaluronique-complement-alimentaire-14-sticks\/\" \/>\n<meta property=\"og:locale\" content=\"fr_FR\" \/>\n<meta property=\"og:type\" content=\"article\" \/>\n<meta property=\"og:title\" content=\"Collagen Beauty Shots &amp; acide hyaluronique - Compl\u00e9ment alimentaire - 14 sticks - OrthoPara\" \/>\n<meta property=\"og:description\" content=\"Un compl\u00e9ment alimentaire constitu\u00e9 d&#039;une combinaison de collag\u00e8ne et d&#039;acide hyaluronique, enrichi en vitamines (C, E et B3) et en min\u00e9raux (zinc, cuivre, mangan\u00e8se et s\u00e9l\u00e9nium), qui permet une mise en beaut\u00e9 durable de la peau qui devient douce, lisse et \u00e9lastique. Il contribue \u00e0 prot\u00e9ger les cellules contre le stress oxydatif et au maintien d&#039;ongles et cheveux normaux. DLC : 10\/2025\" \/>\n<meta property=\"og:url\" content=\"https:\/\/orthopara.store\/index.php\/produit\/collagen-beauty-shots-acide-hyaluronique-complement-alimentaire-14-sticks\/\" \/>\n<meta property=\"og:site_name\" content=\"OrthoPara\" \/>\n<meta property=\"article:publisher\" content=\"https:\/\/www.facebook.com\/profile.php?id=61561194315651\" \/>\n<meta property=\"article:modified_time\" content=\"2024-11-28T19:50:41+00:00\" \/>\n<meta property=\"og:image\" content=\"https:\/\/orthopara.store\/wp-content\/uploads\/2024\/06\/complement-alimentaire-collagen-beauty-shots-acide-hyaluronique-14-sticks.jpg\" \/>\n\t<meta property=\"og:image:width\" content=\"800\" \/>\n\t<meta property=\"og:image:height\" content=\"800\" \/>\n\t<meta property=\"og:image:type\" content=\"image\/jpeg\" \/>\n<meta name=\"twitter:card\" content=\"summary_large_image\" \/>\n<meta name=\"twitter:label1\" content=\"Dur\u00e9e de lecture estim\u00e9e\" \/>\n\t<meta name=\"twitter:data1\" content=\"1 minute\" \/>\n<script type=\"application\/ld+json\" class=\"yoast-schema-graph\">{\"@context\":\"https:\/\/schema.org\",\"@graph\":[{\"@type\":\"WebPage\",\"@id\":\"https:\/\/orthopara.store\/index.php\/produit\/collagen-beauty-shots-acide-hyaluronique-complement-alimentaire-14-sticks\/\",\"url\":\"https:\/\/orthopara.store\/index.php\/produit\/collagen-beauty-shots-acide-hyaluronique-complement-alimentaire-14-sticks\/\",\"name\":\"Collagen Beauty Shots & acide hyaluronique - Compl\u00e9ment alimentaire - 14 sticks - OrthoPara\",\"isPartOf\":{\"@id\":\"https:\/\/orthopara.store\/#website\"},\"primaryImageOfPage\":{\"@id\":\"https:\/\/orthopara.store\/index.php\/produit\/collagen-beauty-shots-acide-hyaluronique-complement-alimentaire-14-sticks\/#primaryimage\"},\"image\":{\"@id\":\"https:\/\/orthopara.store\/index.php\/produit\/collagen-beauty-shots-acide-hyaluronique-complement-alimentaire-14-sticks\/#primaryimage\"},\"thumbnailUrl\":\"https:\/\/orthopara.store\/wp-content\/uploads\/2024\/06\/complement-alimentaire-collagen-beauty-shots-acide-hyaluronique-14-sticks.jpg\",\"datePublished\":\"2024-06-28T13:50:12+00:00\",\"dateModified\":\"2024-11-28T19:50:41+00:00\",\"breadcrumb\":{\"@id\":\"https:\/\/orthopara.store\/index.php\/produit\/collagen-beauty-shots-acide-hyaluronique-complement-alimentaire-14-sticks\/#breadcrumb\"},\"inLanguage\":\"fr-FR\",\"potentialAction\":[{\"@type\":\"ReadAction\",\"target\":[\"https:\/\/orthopara.store\/index.php\/produit\/collagen-beauty-shots-acide-hyaluronique-complement-alimentaire-14-sticks\/\"]}]},{\"@type\":\"ImageObject\",\"inLanguage\":\"fr-FR\",\"@id\":\"https:\/\/orthopara.store\/index.php\/produit\/collagen-beauty-shots-acide-hyaluronique-complement-alimentaire-14-sticks\/#primaryimage\",\"url\":\"https:\/\/orthopara.store\/wp-content\/uploads\/2024\/06\/complement-alimentaire-collagen-beauty-shots-acide-hyaluronique-14-sticks.jpg\",\"contentUrl\":\"https:\/\/orthopara.store\/wp-content\/uploads\/2024\/06\/complement-alimentaire-collagen-beauty-shots-acide-hyaluronique-14-sticks.jpg\",\"width\":800,\"height\":800},{\"@type\":\"BreadcrumbList\",\"@id\":\"https:\/\/orthopara.store\/index.php\/produit\/collagen-beauty-shots-acide-hyaluronique-complement-alimentaire-14-sticks\/#breadcrumb\",\"itemListElement\":[{\"@type\":\"ListItem\",\"position\":1,\"name\":\"Accueil\",\"item\":\"https:\/\/orthopara.store\/\"},{\"@type\":\"ListItem\",\"position\":2,\"name\":\"Shop\",\"item\":\"https:\/\/orthopara.store\/?page_id=622\"},{\"@type\":\"ListItem\",\"position\":3,\"name\":\"Collagen Beauty Shots &#038; acide hyaluronique &#8211; Compl\u00e9ment alimentaire &#8211; 14 sticks\"}]},{\"@type\":\"WebSite\",\"@id\":\"https:\/\/orthopara.store\/#website\",\"url\":\"https:\/\/orthopara.store\/\",\"name\":\"OrthoPara\",\"description\":\"Parapharmacie\",\"publisher\":{\"@id\":\"https:\/\/orthopara.store\/#organization\"},\"potentialAction\":[{\"@type\":\"SearchAction\",\"target\":{\"@type\":\"EntryPoint\",\"urlTemplate\":\"https:\/\/orthopara.store\/?s={search_term_string}\"},\"query-input\":\"required name=search_term_string\"}],\"inLanguage\":\"fr-FR\"},{\"@type\":\"Organization\",\"@id\":\"https:\/\/orthopara.store\/#organization\",\"name\":\"OrthoPara\",\"url\":\"https:\/\/orthopara.store\/\",\"logo\":{\"@type\":\"ImageObject\",\"inLanguage\":\"fr-FR\",\"@id\":\"https:\/\/orthopara.store\/#\/schema\/logo\/image\/\",\"url\":\"https:\/\/orthopara.store\/wp-content\/uploads\/2024\/06\/cropped-9ABA8BAD-6256-4719-9315-15C66E64E882.png\",\"contentUrl\":\"https:\/\/orthopara.store\/wp-content\/uploads\/2024\/06\/cropped-9ABA8BAD-6256-4719-9315-15C66E64E882.png\",\"width\":240,\"height\":72,\"caption\":\"OrthoPara\"},\"image\":{\"@id\":\"https:\/\/orthopara.store\/#\/schema\/logo\/image\/\"},\"sameAs\":[\"https:\/\/www.facebook.com\/profile.php?id=61561194315651\",\"https:\/\/www.instagram.com\/orthopara_tunisie\/\"]}]}<\/script>\n<!-- \/ Yoast SEO plugin. -->","yoast_head_json":{"title":"Collagen Beauty Shots & acide hyaluronique - Compl\u00e9ment alimentaire - 14 sticks - OrthoPara","robots":{"index":"index","follow":"follow","max-snippet":"max-snippet:-1","max-image-preview":"max-image-preview:large","max-video-preview":"max-video-preview:-1"},"canonical":"https:\/\/orthopara.store\/index.php\/produit\/collagen-beauty-shots-acide-hyaluronique-complement-alimentaire-14-sticks\/","og_locale":"fr_FR","og_type":"article","og_title":"Collagen Beauty Shots & acide hyaluronique - Compl\u00e9ment alimentaire - 14 sticks - OrthoPara","og_description":"Un compl\u00e9ment alimentaire constitu\u00e9 d'une combinaison de collag\u00e8ne et d'acide hyaluronique, enrichi en vitamines (C, E et B3) et en min\u00e9raux (zinc, cuivre, mangan\u00e8se et s\u00e9l\u00e9nium), qui permet une mise en beaut\u00e9 durable de la peau qui devient douce, lisse et \u00e9lastique. Il contribue \u00e0 prot\u00e9ger les cellules contre le stress oxydatif et au maintien d'ongles et cheveux normaux. DLC : 10\/2025","og_url":"https:\/\/orthopara.store\/index.php\/produit\/collagen-beauty-shots-acide-hyaluronique-complement-alimentaire-14-sticks\/","og_site_name":"OrthoPara","article_publisher":"https:\/\/www.facebook.com\/profile.php?id=61561194315651","article_modified_time":"2024-11-28T19:50:41+00:00","og_image":[{"width":800,"height":800,"url":"https:\/\/orthopara.store\/wp-content\/uploads\/2024\/06\/complement-alimentaire-collagen-beauty-shots-acide-hyaluronique-14-sticks.jpg","type":"image\/jpeg"}],"twitter_card":"summary_large_image","twitter_misc":{"Dur\u00e9e de lecture estim\u00e9e":"1 minute"},"schema":{"@context":"https:\/\/schema.org","@graph":[{"@type":"WebPage","@id":"https:\/\/orthopara.store\/index.php\/produit\/collagen-beauty-shots-acide-hyaluronique-complement-alimentaire-14-sticks\/","url":"https:\/\/orthopara.store\/index.php\/produit\/collagen-beauty-shots-acide-hyaluronique-complement-alimentaire-14-sticks\/","name":"Collagen Beauty Shots & acide hyaluronique - Compl\u00e9ment alimentaire - 14 sticks - OrthoPara","isPartOf":{"@id":"https:\/\/orthopara.store\/#website"},"primaryImageOfPage":{"@id":"https:\/\/orthopara.store\/index.php\/produit\/collagen-beauty-shots-acide-hyaluronique-complement-alimentaire-14-sticks\/#primaryimage"},"image":{"@id":"https:\/\/orthopara.store\/index.php\/produit\/collagen-beauty-shots-acide-hyaluronique-complement-alimentaire-14-sticks\/#primaryimage"},"thumbnailUrl":"https:\/\/orthopara.store\/wp-content\/uploads\/2024\/06\/complement-alimentaire-collagen-beauty-shots-acide-hyaluronique-14-sticks.jpg","datePublished":"2024-06-28T13:50:12+00:00","dateModified":"2024-11-28T19:50:41+00:00","breadcrumb":{"@id":"https:\/\/orthopara.store\/index.php\/produit\/collagen-beauty-shots-acide-hyaluronique-complement-alimentaire-14-sticks\/#breadcrumb"},"inLanguage":"fr-FR","potentialAction":[{"@type":"ReadAction","target":["https:\/\/orthopara.store\/index.php\/produit\/collagen-beauty-shots-acide-hyaluronique-complement-alimentaire-14-sticks\/"]}]},{"@type":"ImageObject","inLanguage":"fr-FR","@id":"https:\/\/orthopara.store\/index.php\/produit\/collagen-beauty-shots-acide-hyaluronique-complement-alimentaire-14-sticks\/#primaryimage","url":"https:\/\/orthopara.store\/wp-content\/uploads\/2024\/06\/complement-alimentaire-collagen-beauty-shots-acide-hyaluronique-14-sticks.jpg","contentUrl":"https:\/\/orthopara.store\/wp-content\/uploads\/2024\/06\/complement-alimentaire-collagen-beauty-shots-acide-hyaluronique-14-sticks.jpg","width":800,"height":800},{"@type":"BreadcrumbList","@id":"https:\/\/orthopara.store\/index.php\/produit\/collagen-beauty-shots-acide-hyaluronique-complement-alimentaire-14-sticks\/#breadcrumb","itemListElement":[{"@type":"ListItem","position":1,"name":"Accueil","item":"https:\/\/orthopara.store\/"},{"@type":"ListItem","position":2,"name":"Shop","item":"https:\/\/orthopara.store\/?page_id=622"},{"@type":"ListItem","position":3,"name":"Collagen Beauty Shots &#038; acide hyaluronique &#8211; Compl\u00e9ment alimentaire &#8211; 14 sticks"}]},{"@type":"WebSite","@id":"https:\/\/orthopara.store\/#website","url":"https:\/\/orthopara.store\/","name":"OrthoPara","description":"Parapharmacie","publisher":{"@id":"https:\/\/orthopara.store\/#organization"},"potentialAction":[{"@type":"SearchAction","target":{"@type":"EntryPoint","urlTemplate":"https:\/\/orthopara.store\/?s={search_term_string}"},"query-input":"required name=search_term_string"}],"inLanguage":"fr-FR"},{"@type":"Organization","@id":"https:\/\/orthopara.store\/#organization","name":"OrthoPara","url":"https:\/\/orthopara.store\/","logo":{"@type":"ImageObject","inLanguage":"fr-FR","@id":"https:\/\/orthopara.store\/#\/schema\/logo\/image\/","url":"https:\/\/orthopara.store\/wp-content\/uploads\/2024\/06\/cropped-9ABA8BAD-6256-4719-9315-15C66E64E882.png","contentUrl":"https:\/\/orthopara.store\/wp-content\/uploads\/2024\/06\/cropped-9ABA8BAD-6256-4719-9315-15C66E64E882.png","width":240,"height":72,"caption":"OrthoPara"},"image":{"@id":"https:\/\/orthopara.store\/#\/schema\/logo\/image\/"},"sameAs":["https:\/\/www.facebook.com\/profile.php?id=61561194315651","https:\/\/www.instagram.com\/orthopara_tunisie\/"]}]}},"jetpack_sharing_enabled":true,"brands":[{"id":78,"name":"Les laboratoires Michel Pierre","slug":"les-laboratoires-michel-pierre"}],"_links":{"self":[{"href":"https:\/\/orthopara.store\/index.php?rest_route=\/wp\/v2\/product\/824","targetHints":{"allow":["GET"]}}],"collection":[{"href":"https:\/\/orthopara.store\/index.php?rest_route=\/wp\/v2\/product"}],"about":[{"href":"https:\/\/orthopara.store\/index.php?rest_route=\/wp\/v2\/types\/product"}],"replies":[{"embeddable":true,"href":"https:\/\/orthopara.store\/index.php?rest_route=%2Fwp%2Fv2%2Fcomments&post=824"}],"wp:featuredmedia":[{"embeddable":true,"href":"https:\/\/orthopara.store\/index.php?rest_route=\/wp\/v2\/media\/845"}],"wp:attachment":[{"href":"https:\/\/orthopara.store\/index.php?rest_route=%2Fwp%2Fv2%2Fmedia&parent=824"}],"wp:term":[{"taxonomy":"pwb-brand","embeddable":true,"href":"https:\/\/orthopara.store\/index.php?rest_route=%2Fwp%2Fv2%2Fpwb-brand&post=824"},{"taxonomy":"product_cat","embeddable":true,"href":"https:\/\/orthopara.store\/index.php?rest_route=%2Fwp%2Fv2%2Fproduct_cat&post=824"},{"taxonomy":"product_tag","embeddable":true,"href":"https:\/\/orthopara.store\/index.php?rest_route=%2Fwp%2Fv2%2Fproduct_tag&post=824"}],"curies":[{"name":"wp","href":"https:\/\/api.w.org\/{rel}","templated":true}]}}