{"id":825,"date":"2024-06-28T15:50:12","date_gmt":"2024-06-28T13:50:12","guid":{"rendered":"https:\/\/orthopara.store\/?post_type=product&#038;p=825"},"modified":"2024-11-07T10:02:33","modified_gmt":"2024-11-07T09:02:33","slug":"coffret-filorga-programme-expert-eclat","status":"publish","type":"product","link":"https:\/\/orthopara.store\/?product=coffret-filorga-programme-expert-eclat","title":{"rendered":"Coffret Filorga &#8211; Programme expert \u00e9clat"},"content":{"rendered":"<p>Tout ce dont vous avez besoin pour une belle peau est r\u00e9uni dans un seul produit. Le coffret cosm\u00e9tique Filorga Programme Expert \u00e9clat contient non seulement un produit, mais une vari\u00e9t\u00e9 de produits qui vous permettent de cr\u00e9er ou d&rsquo;enrichir votre routine de soin ou celle de la personne \u00e0 qui vous l&rsquo;offrirez.<br \/>\n1- Exfoliant scrub &#038; detox &#8211; Filorga &#8211; 15ml<br \/>\nExfoliant mousse puret\u00e9 intense Son exfoliant mousse double action au charbon activ\u00e9 pour d\u00e9toxifier et r\u00e9v\u00e9ler une peau neuve en 5 minutes chrono.<br \/>\nUtilisation : 1 \u00e0 2 fois par semaine. \u00c9viter le contour des yeux.<br \/>\n2- Cr\u00e8me hydratante repulpante &#8211; Filorga Hydra-Hyal &#8211; 15ml<br \/>\nCr\u00e8me hydratante repulpante Sa cr\u00e8me hydra-repulpante qui d\u00e9livre dans la peau la puissance de 5 types d&rsquo;acides hyaluroniques (3) 100% d&rsquo;origine naturelle.<br \/>\nUtilisation: Appliquer en soin quotidien sur l&rsquo;ensemble du visage et du cou.<br \/>\n3- Contour yeux 3en1 d\u00e9fatigant intensif &#8211; Filorga Optim Eyes &#8211; 15ml<br \/>\nContour yeux 3-en-1 d\u00e9fatiguant intensif Son soin regard best-seller pour une correction sur les cernes, poches, ridules en un seul geste et une action ultra d\u00e9fatiguante.<br \/>\nUtilisation: Appliquer matin et soir en tapotant l\u00e9g\u00e8rement le contour de l&rsquo;\u0153il.<\/p>\n","protected":false},"excerpt":{"rendered":"<p>Tout ce dont vous avez besoin pour une belle peau est r\u00e9uni dans un seul produit. Le coffret cosm\u00e9tique Filorga Programme Expert \u00e9clat contient non seulement un produit, mais une vari\u00e9t\u00e9 de produits qui vous permettent de cr\u00e9er ou d&rsquo;enrichir votre routine de soin ou celle de la personne \u00e0 qui vous l&rsquo;offrirez.<br \/>\nCe coffret est compos\u00e9e de :<br \/>\nExfoliant scrub &#038; detox &#8211; Filorga &#8211; 15ml<\/p>\n<p>Cr\u00e8me hydratante repulpante &#8211; Filorga Hydra-Hyal &#8211; 15ml<\/p>\n<p>Contour yeux 3en1 d\u00e9fatigant intensif &#8211; Filorga Optim Eyes &#8211; 15ml<\/p>\n","protected":false},"featured_media":846,"comment_status":"open","ping_status":"closed","template":"","meta":[],"pwb-brand":[73],"product_cat":[69],"product_tag":[],"class_list":{"0":"post-825","1":"product","2":"type-product","3":"status-publish","4":"has-post-thumbnail","6":"pwb-brand-filorga","7":"product_cat-anti-rides","8":"post","9":"ws-product--style-1","11":"first","12":"instock","13":"shipping-taxable","14":"purchasable","15":"product-type-simple"},"yoast_head":"<!-- This site is optimized with the Yoast SEO plugin v23.0 - https:\/\/yoast.com\/wordpress\/plugins\/seo\/ -->\n<title>Coffret Filorga - Programme expert \u00e9clat - OrthoPara<\/title>\n<meta name=\"robots\" content=\"index, follow, max-snippet:-1, max-image-preview:large, max-video-preview:-1\" \/>\n<link rel=\"canonical\" href=\"https:\/\/orthopara.store\/index.php\/produit\/coffret-filorga-programme-expert-eclat\/\" \/>\n<meta property=\"og:locale\" content=\"fr_FR\" \/>\n<meta property=\"og:type\" content=\"article\" \/>\n<meta property=\"og:title\" content=\"Coffret Filorga - Programme expert \u00e9clat - OrthoPara\" \/>\n<meta property=\"og:description\" content=\"Tout ce dont vous avez besoin pour une belle peau est r\u00e9uni dans un seul produit. Le coffret cosm\u00e9tique Filorga Programme Expert \u00e9clat contient non seulement un produit, mais une vari\u00e9t\u00e9 de produits qui vous permettent de cr\u00e9er ou d&#039;enrichir votre routine de soin ou celle de la personne \u00e0 qui vous l&#039;offrirez. Ce coffret est compos\u00e9e de : Exfoliant scrub &amp; detox - Filorga - 15ml Cr\u00e8me hydratante repulpante - Filorga Hydra-Hyal - 15ml Contour yeux 3en1 d\u00e9fatigant intensif - Filorga Optim Eyes - 15ml\" \/>\n<meta property=\"og:url\" content=\"https:\/\/orthopara.store\/index.php\/produit\/coffret-filorga-programme-expert-eclat\/\" \/>\n<meta property=\"og:site_name\" content=\"OrthoPara\" \/>\n<meta property=\"article:publisher\" content=\"https:\/\/www.facebook.com\/profile.php?id=61561194315651\" \/>\n<meta property=\"article:modified_time\" content=\"2024-11-07T09:02:33+00:00\" \/>\n<meta property=\"og:image\" content=\"https:\/\/orthopara.store\/wp-content\/uploads\/2024\/06\/coffret-filorga-programme-expert-eclat.jpg\" \/>\n\t<meta property=\"og:image:width\" content=\"800\" \/>\n\t<meta property=\"og:image:height\" content=\"800\" \/>\n\t<meta property=\"og:image:type\" content=\"image\/jpeg\" \/>\n<meta name=\"twitter:card\" content=\"summary_large_image\" \/>\n<meta name=\"twitter:label1\" content=\"Dur\u00e9e de lecture estim\u00e9e\" \/>\n\t<meta name=\"twitter:data1\" content=\"1 minute\" \/>\n<script type=\"application\/ld+json\" class=\"yoast-schema-graph\">{\"@context\":\"https:\/\/schema.org\",\"@graph\":[{\"@type\":\"WebPage\",\"@id\":\"https:\/\/orthopara.store\/index.php\/produit\/coffret-filorga-programme-expert-eclat\/\",\"url\":\"https:\/\/orthopara.store\/index.php\/produit\/coffret-filorga-programme-expert-eclat\/\",\"name\":\"Coffret Filorga - Programme expert \u00e9clat - OrthoPara\",\"isPartOf\":{\"@id\":\"https:\/\/orthopara.store\/#website\"},\"primaryImageOfPage\":{\"@id\":\"https:\/\/orthopara.store\/index.php\/produit\/coffret-filorga-programme-expert-eclat\/#primaryimage\"},\"image\":{\"@id\":\"https:\/\/orthopara.store\/index.php\/produit\/coffret-filorga-programme-expert-eclat\/#primaryimage\"},\"thumbnailUrl\":\"https:\/\/orthopara.store\/wp-content\/uploads\/2024\/06\/coffret-filorga-programme-expert-eclat.jpg\",\"datePublished\":\"2024-06-28T13:50:12+00:00\",\"dateModified\":\"2024-11-07T09:02:33+00:00\",\"breadcrumb\":{\"@id\":\"https:\/\/orthopara.store\/index.php\/produit\/coffret-filorga-programme-expert-eclat\/#breadcrumb\"},\"inLanguage\":\"fr-FR\",\"potentialAction\":[{\"@type\":\"ReadAction\",\"target\":[\"https:\/\/orthopara.store\/index.php\/produit\/coffret-filorga-programme-expert-eclat\/\"]}]},{\"@type\":\"ImageObject\",\"inLanguage\":\"fr-FR\",\"@id\":\"https:\/\/orthopara.store\/index.php\/produit\/coffret-filorga-programme-expert-eclat\/#primaryimage\",\"url\":\"https:\/\/orthopara.store\/wp-content\/uploads\/2024\/06\/coffret-filorga-programme-expert-eclat.jpg\",\"contentUrl\":\"https:\/\/orthopara.store\/wp-content\/uploads\/2024\/06\/coffret-filorga-programme-expert-eclat.jpg\",\"width\":800,\"height\":800},{\"@type\":\"BreadcrumbList\",\"@id\":\"https:\/\/orthopara.store\/index.php\/produit\/coffret-filorga-programme-expert-eclat\/#breadcrumb\",\"itemListElement\":[{\"@type\":\"ListItem\",\"position\":1,\"name\":\"Accueil\",\"item\":\"https:\/\/orthopara.store\/\"},{\"@type\":\"ListItem\",\"position\":2,\"name\":\"Shop\",\"item\":\"https:\/\/orthopara.store\/?page_id=622\"},{\"@type\":\"ListItem\",\"position\":3,\"name\":\"Coffret Filorga &#8211; Programme expert \u00e9clat\"}]},{\"@type\":\"WebSite\",\"@id\":\"https:\/\/orthopara.store\/#website\",\"url\":\"https:\/\/orthopara.store\/\",\"name\":\"OrthoPara\",\"description\":\"Parapharmacie\",\"publisher\":{\"@id\":\"https:\/\/orthopara.store\/#organization\"},\"potentialAction\":[{\"@type\":\"SearchAction\",\"target\":{\"@type\":\"EntryPoint\",\"urlTemplate\":\"https:\/\/orthopara.store\/?s={search_term_string}\"},\"query-input\":\"required name=search_term_string\"}],\"inLanguage\":\"fr-FR\"},{\"@type\":\"Organization\",\"@id\":\"https:\/\/orthopara.store\/#organization\",\"name\":\"OrthoPara\",\"url\":\"https:\/\/orthopara.store\/\",\"logo\":{\"@type\":\"ImageObject\",\"inLanguage\":\"fr-FR\",\"@id\":\"https:\/\/orthopara.store\/#\/schema\/logo\/image\/\",\"url\":\"https:\/\/orthopara.store\/wp-content\/uploads\/2024\/06\/cropped-9ABA8BAD-6256-4719-9315-15C66E64E882.png\",\"contentUrl\":\"https:\/\/orthopara.store\/wp-content\/uploads\/2024\/06\/cropped-9ABA8BAD-6256-4719-9315-15C66E64E882.png\",\"width\":240,\"height\":72,\"caption\":\"OrthoPara\"},\"image\":{\"@id\":\"https:\/\/orthopara.store\/#\/schema\/logo\/image\/\"},\"sameAs\":[\"https:\/\/www.facebook.com\/profile.php?id=61561194315651\",\"https:\/\/www.instagram.com\/orthopara_tunisie\/\"]}]}<\/script>\n<!-- \/ Yoast SEO plugin. -->","yoast_head_json":{"title":"Coffret Filorga - Programme expert \u00e9clat - OrthoPara","robots":{"index":"index","follow":"follow","max-snippet":"max-snippet:-1","max-image-preview":"max-image-preview:large","max-video-preview":"max-video-preview:-1"},"canonical":"https:\/\/orthopara.store\/index.php\/produit\/coffret-filorga-programme-expert-eclat\/","og_locale":"fr_FR","og_type":"article","og_title":"Coffret Filorga - Programme expert \u00e9clat - OrthoPara","og_description":"Tout ce dont vous avez besoin pour une belle peau est r\u00e9uni dans un seul produit. Le coffret cosm\u00e9tique Filorga Programme Expert \u00e9clat contient non seulement un produit, mais une vari\u00e9t\u00e9 de produits qui vous permettent de cr\u00e9er ou d'enrichir votre routine de soin ou celle de la personne \u00e0 qui vous l'offrirez. Ce coffret est compos\u00e9e de : Exfoliant scrub & detox - Filorga - 15ml Cr\u00e8me hydratante repulpante - Filorga Hydra-Hyal - 15ml Contour yeux 3en1 d\u00e9fatigant intensif - Filorga Optim Eyes - 15ml","og_url":"https:\/\/orthopara.store\/index.php\/produit\/coffret-filorga-programme-expert-eclat\/","og_site_name":"OrthoPara","article_publisher":"https:\/\/www.facebook.com\/profile.php?id=61561194315651","article_modified_time":"2024-11-07T09:02:33+00:00","og_image":[{"width":800,"height":800,"url":"https:\/\/orthopara.store\/wp-content\/uploads\/2024\/06\/coffret-filorga-programme-expert-eclat.jpg","type":"image\/jpeg"}],"twitter_card":"summary_large_image","twitter_misc":{"Dur\u00e9e de lecture estim\u00e9e":"1 minute"},"schema":{"@context":"https:\/\/schema.org","@graph":[{"@type":"WebPage","@id":"https:\/\/orthopara.store\/index.php\/produit\/coffret-filorga-programme-expert-eclat\/","url":"https:\/\/orthopara.store\/index.php\/produit\/coffret-filorga-programme-expert-eclat\/","name":"Coffret Filorga - Programme expert \u00e9clat - OrthoPara","isPartOf":{"@id":"https:\/\/orthopara.store\/#website"},"primaryImageOfPage":{"@id":"https:\/\/orthopara.store\/index.php\/produit\/coffret-filorga-programme-expert-eclat\/#primaryimage"},"image":{"@id":"https:\/\/orthopara.store\/index.php\/produit\/coffret-filorga-programme-expert-eclat\/#primaryimage"},"thumbnailUrl":"https:\/\/orthopara.store\/wp-content\/uploads\/2024\/06\/coffret-filorga-programme-expert-eclat.jpg","datePublished":"2024-06-28T13:50:12+00:00","dateModified":"2024-11-07T09:02:33+00:00","breadcrumb":{"@id":"https:\/\/orthopara.store\/index.php\/produit\/coffret-filorga-programme-expert-eclat\/#breadcrumb"},"inLanguage":"fr-FR","potentialAction":[{"@type":"ReadAction","target":["https:\/\/orthopara.store\/index.php\/produit\/coffret-filorga-programme-expert-eclat\/"]}]},{"@type":"ImageObject","inLanguage":"fr-FR","@id":"https:\/\/orthopara.store\/index.php\/produit\/coffret-filorga-programme-expert-eclat\/#primaryimage","url":"https:\/\/orthopara.store\/wp-content\/uploads\/2024\/06\/coffret-filorga-programme-expert-eclat.jpg","contentUrl":"https:\/\/orthopara.store\/wp-content\/uploads\/2024\/06\/coffret-filorga-programme-expert-eclat.jpg","width":800,"height":800},{"@type":"BreadcrumbList","@id":"https:\/\/orthopara.store\/index.php\/produit\/coffret-filorga-programme-expert-eclat\/#breadcrumb","itemListElement":[{"@type":"ListItem","position":1,"name":"Accueil","item":"https:\/\/orthopara.store\/"},{"@type":"ListItem","position":2,"name":"Shop","item":"https:\/\/orthopara.store\/?page_id=622"},{"@type":"ListItem","position":3,"name":"Coffret Filorga &#8211; Programme expert \u00e9clat"}]},{"@type":"WebSite","@id":"https:\/\/orthopara.store\/#website","url":"https:\/\/orthopara.store\/","name":"OrthoPara","description":"Parapharmacie","publisher":{"@id":"https:\/\/orthopara.store\/#organization"},"potentialAction":[{"@type":"SearchAction","target":{"@type":"EntryPoint","urlTemplate":"https:\/\/orthopara.store\/?s={search_term_string}"},"query-input":"required name=search_term_string"}],"inLanguage":"fr-FR"},{"@type":"Organization","@id":"https:\/\/orthopara.store\/#organization","name":"OrthoPara","url":"https:\/\/orthopara.store\/","logo":{"@type":"ImageObject","inLanguage":"fr-FR","@id":"https:\/\/orthopara.store\/#\/schema\/logo\/image\/","url":"https:\/\/orthopara.store\/wp-content\/uploads\/2024\/06\/cropped-9ABA8BAD-6256-4719-9315-15C66E64E882.png","contentUrl":"https:\/\/orthopara.store\/wp-content\/uploads\/2024\/06\/cropped-9ABA8BAD-6256-4719-9315-15C66E64E882.png","width":240,"height":72,"caption":"OrthoPara"},"image":{"@id":"https:\/\/orthopara.store\/#\/schema\/logo\/image\/"},"sameAs":["https:\/\/www.facebook.com\/profile.php?id=61561194315651","https:\/\/www.instagram.com\/orthopara_tunisie\/"]}]}},"jetpack_sharing_enabled":true,"brands":[{"id":73,"name":"Filorga","slug":"filorga"}],"_links":{"self":[{"href":"https:\/\/orthopara.store\/index.php?rest_route=\/wp\/v2\/product\/825","targetHints":{"allow":["GET"]}}],"collection":[{"href":"https:\/\/orthopara.store\/index.php?rest_route=\/wp\/v2\/product"}],"about":[{"href":"https:\/\/orthopara.store\/index.php?rest_route=\/wp\/v2\/types\/product"}],"replies":[{"embeddable":true,"href":"https:\/\/orthopara.store\/index.php?rest_route=%2Fwp%2Fv2%2Fcomments&post=825"}],"wp:featuredmedia":[{"embeddable":true,"href":"https:\/\/orthopara.store\/index.php?rest_route=\/wp\/v2\/media\/846"}],"wp:attachment":[{"href":"https:\/\/orthopara.store\/index.php?rest_route=%2Fwp%2Fv2%2Fmedia&parent=825"}],"wp:term":[{"taxonomy":"pwb-brand","embeddable":true,"href":"https:\/\/orthopara.store\/index.php?rest_route=%2Fwp%2Fv2%2Fpwb-brand&post=825"},{"taxonomy":"product_cat","embeddable":true,"href":"https:\/\/orthopara.store\/index.php?rest_route=%2Fwp%2Fv2%2Fproduct_cat&post=825"},{"taxonomy":"product_tag","embeddable":true,"href":"https:\/\/orthopara.store\/index.php?rest_route=%2Fwp%2Fv2%2Fproduct_tag&post=825"}],"curies":[{"name":"wp","href":"https:\/\/api.w.org\/{rel}","templated":true}]}}