{"id":830,"date":"2024-06-28T15:50:12","date_gmt":"2024-06-28T13:50:12","guid":{"rendered":"https:\/\/orthopara.store\/?post_type=product&#038;p=830"},"modified":"2024-06-28T15:50:18","modified_gmt":"2024-06-28T13:50:18","slug":"pack-phyteal-d-pigma-ecran-teinte-beige-eclat-spf-50-50ml-eau-micellaire-150ml","status":"publish","type":"product","link":"https:\/\/orthopara.store\/?product=pack-phyteal-d-pigma-ecran-teinte-beige-eclat-spf-50-50ml-eau-micellaire-150ml","title":{"rendered":"Pack Phyt\u00e9al &#8211; D-pigma \u00e9cran teint\u00e9 beige \u00e9clat SPF 50+ &#8211; 50ml + eau micellaire &#8211; 150ml"},"content":{"rendered":"<p>D\u00e9couvrez le Pack Phyt\u00e9al D-Pigma qui comporte deux produits assurant une peau \u00e9clatante, radieuse et prot\u00e9g\u00e9e toute au long de la journ\u00e9e:\u00a0<br \/>\nEcran teint\u00e9 anti-taches et anti-rides beige \u00e9clat SPF 50+ qui offre un soin solaire hydratant 100% min\u00e9ral, une protection compl\u00e8te contre les rayons n\u00e9fastes du soleil et un camouflage des imperfections de la peau. Il est recommand\u00e9 pour les peaux claires \u00e0 tr\u00e8s claires.<br \/>\nEau micellaire 150ml \u00e0 formule douce aidant \u00e0 nettoyer la peau et \u00e0 se d\u00e9barrasser de ces impuret\u00e9s.<\/p>\n<p>D-pigma \u00e9cran teint\u00e9 beige \u00e9clat SPF 50+ :<br \/>\nUne belle teinte selon le phototype : beige \u00e9clat pour les peaux les plus claires.<br \/>\nUn soin multiple : protection solaire, couvrance, hydratation, \u00e9claircissement, anti taches et anti rides compatible avec les peaux normales, mixtes et s\u00e8ches.<br \/>\nUn SPF 50+ tr\u00e8s haute protection solaire : Une association de deux filtres min\u00e9raux : Oxyde de titane et oxyde de zinc qui donnent une protection compl\u00e8te contre le rayonnement UVA et UVB.<br \/>\nUn produit hydratant adapt\u00e9 aux peaux normale, mixte et s\u00e8che, avec une texture fluide qui laisse une sensation de douceur au toucher et qui n&rsquo;obstrue pas les pores, offrant une absorption tr\u00e8s rapide et un teint uniforme. Notre produit solaire ne se contente pas de prot\u00e9ger la peau contre les rayons UV, mais il la nourrit en profondeur gr\u00e2ce \u00e0 l&rsquo;huile d&rsquo;argan et aux extraits d&rsquo;alo\u00e9 vera, car la peau perd de son hydratation sous l&rsquo;effet des rayons solaires. Enrichi en antioxydants gr\u00e2ce \u00e0 l&rsquo;huile d&rsquo;argan, notre produit solaire aide \u00e9galement \u00e0 combattre les radicaux libres, responsables du vieillissement pr\u00e9matur\u00e9 de la peau.<br \/>\nIl ob\u00e9it \u00e0 la norme COLIPA; une norme europ\u00e9enne qui signifie que la protection UVA repr\u00e9sente le 1\/3 de la protection UVB. C\u2019est seulement lorsque cette condition est remplie que les produits peuvent mentionner le logo UVA cercl\u00e9.<br \/>\nUn soin waterproof (r\u00e9sistant \u00e0 l&rsquo;eau) gr\u00e2ce au choix de l\u2019\u00e9mulsifiant SWAP<br \/>\nUn soin hypoallerg\u00e9nique adapt\u00e9 pour tout \u00e2ge.<br \/>\nUn soin sans parab\u00e8ne et sans parfum pour plus de s\u00e9curit\u00e9 et de confort.<br \/>\nD-pigma \u00e9cran teint\u00e9 \u00e9clat SPF 50+ convient \u00e0 l\u2019adulte et \u00e0 la femme enceinte.<br \/>\nConseils d&rsquo;utilisation :\u00a0<br \/>\nParties du corps : Sur le visage, le cou et le d\u00e9collet\u00e9.<br \/>\nDosage : Appliquer l\u2019\u00e9quivalent d\u2019une noisette de D-pigma \u00e9cran teint\u00e9 beige \u00e9clat SPF 50+ avant l\u2019exposition au soleil en tapotant sur les parties \u00e0 prot\u00e9ger et en partant du bas vers le haut afin d\u2019assurer une application totale.<br \/>\nFr\u00e9quence : 2 fois par jour et en dose suffisante.<br \/>\nUsage : Externe uniquement.<br \/>\nComposants cl\u00e9s:\u00a0<br \/>\nHuile d\u2019argan, Oxyde de titane, Oxyde de zinc, Niacinamide (frome de Vitamine B3) 5%, Extraits d\u2019alo\u00e9 vera, Vitamine E.<br \/>\nIngr\u00e9dients :<br \/>\nAqua, Titanium Dioxide, Zinc Oxide, Argania Spinosa Oil, Aloe Barbadensis Leaf Extract, Niacinamide, Cetearyl Alcohol, Tocopheryl Acetate, CI 77492, CI 77491, CI 77499, Xanthan Gum, Sodium Benzoate, Potassium Sorbate.<br \/>\nContenance :<br \/>\ntube de 50ml<\/p>\n<p>D-pigma Eau Micellaire 150ml:<br \/>\nD-pigma eau micellaire \u00e0 l\u2019alo\u00e9vera 100% naturelle est parfaitement adapt\u00e9e comme un geste d\u2019hygi\u00e8ne quotidienne qui s\u2019utilise matin et soir pour faire une peau nette en douceur, dans le respect des \u00e9pidermes les plus sensibles.<br \/>\nD-pigma eau micellaire \u00e0 l\u2019alo\u00e9 vera contient des micelles, des microparticules qui captent et emprisonnent tout impuret\u00e9 en la m\u00e9langeant \u00e0 la base aqueuse du produit pour les \u00e9liminer.<br \/>\nD-pigma eau micellaire \u00e0 l\u2019alo\u00e9 vera est un nettoyant et un d\u00e9maquillant doux et apaisant.<br \/>\nConseils d&rsquo;utilisation :\u00a0<br \/>\nParties du corps: Sur le visage, les yeux et le cou.<br \/>\nApplication : Il suffit de s\u2019armer d\u2019un coton imbib\u00e9 d\u2019eau micellaire et de la passer sur la partie \u00e0 d\u00e9maquiller ou rafraichir.<br \/>\nFr\u00e9quence: Au quotidien, matin et soir<br \/>\nUsage: Externe uniquement.<br \/>\nD-pigma eau micellaire \u00e0 l\u2019alo\u00e9 vera convient \u00e0 l\u2019adulte et \u00e0 la femme enceinte.<br \/>\nD-pigma eau micellaire \u00e0 l\u2019alo\u00e9 vera ne pr\u00e9sente aucune contre-indication et dispose d\u2019une formule hypoallerg\u00e9nique, sans parab\u00e8ne, non com\u00e9dog\u00e8ne<br \/>\nComposants cl\u00e9s:\u00a0<br \/>\nExtrait d\u2019alo\u00e9 vera, Niacinamide (frome de Vitamine B3), Vitamine E, B\u00e9taine cocamidopropyle, Glyc\u00e9rine.<br \/>\nIngr\u00e9dients:\u00a0<br \/>\nAqua, Glycerin, Cocamidopropyl Betaine, Aloe Barbadensis Leaf Extract, Tocopheryl Acetate, Niacinamide, Sodium Benzoate, Potassium Sorbate.<br \/>\nContenance:<br \/>\nsolution de 150ml<\/p>\n","protected":false},"excerpt":{"rendered":"<p>D\u00e9couvrez le Pack Phyt\u00e9al D-Pigma qui comporte deux produits assurant une peau \u00e9clatante, radieuse et prot\u00e9g\u00e9e toute au long de la journ\u00e9e:\u00a0<br \/>\nEcran teint\u00e9 anti-taches et anti-rides beige \u00e9clat SPF 50+ qui offre un soin solaire hydratant 100% min\u00e9ral, une protection compl\u00e8te contre les rayons n\u00e9fastes du soleil et un camouflage des imperfections de la peau. Il est recommand\u00e9 pour les peaux claires \u00e0 tr\u00e8s claires.<br \/>\nEau micellaire 150ml \u00e0 formule douce aidant \u00e0 nettoyer la peau et \u00e0 se d\u00e9barrasser de ces impuret\u00e9s.<br \/>\nDLC : 03\/2029<\/p>\n","protected":false},"featured_media":851,"comment_status":"open","ping_status":"closed","template":"","meta":[],"pwb-brand":[83],"product_cat":[80],"product_tag":[],"class_list":{"0":"post-830","1":"product","2":"type-product","3":"status-publish","4":"has-post-thumbnail","6":"pwb-brand-phyteal","7":"product_cat-creme-peau-seche","8":"post","9":"ws-product--style-1","11":"first","12":"instock","13":"shipping-taxable","14":"purchasable","15":"product-type-simple"},"yoast_head":"<!-- This site is optimized with the Yoast SEO plugin v23.0 - https:\/\/yoast.com\/wordpress\/plugins\/seo\/ -->\n<title>Pack Phyt\u00e9al - D-pigma \u00e9cran teint\u00e9 beige \u00e9clat SPF 50+ - 50ml + eau micellaire - 150ml - OrthoPara<\/title>\n<meta name=\"robots\" content=\"index, follow, max-snippet:-1, max-image-preview:large, max-video-preview:-1\" \/>\n<link rel=\"canonical\" href=\"https:\/\/orthopara.store\/index.php\/produit\/pack-phyteal-d-pigma-ecran-teinte-beige-eclat-spf-50-50ml-eau-micellaire-150ml\/\" \/>\n<meta property=\"og:locale\" content=\"fr_FR\" \/>\n<meta property=\"og:type\" content=\"article\" \/>\n<meta property=\"og:title\" content=\"Pack Phyt\u00e9al - D-pigma \u00e9cran teint\u00e9 beige \u00e9clat SPF 50+ - 50ml + eau micellaire - 150ml - OrthoPara\" \/>\n<meta property=\"og:description\" content=\"D\u00e9couvrez le Pack Phyt\u00e9al D-Pigma qui comporte deux produits assurant une peau \u00e9clatante, radieuse et prot\u00e9g\u00e9e toute au long de la journ\u00e9e:\u00a0 Ecran teint\u00e9 anti-taches et anti-rides beige \u00e9clat SPF 50+ qui offre un soin solaire hydratant 100% min\u00e9ral, une protection compl\u00e8te contre les rayons n\u00e9fastes du soleil et un camouflage des imperfections de la peau. Il est recommand\u00e9 pour les peaux claires \u00e0 tr\u00e8s claires. Eau micellaire 150ml \u00e0 formule douce aidant \u00e0 nettoyer la peau et \u00e0 se d\u00e9barrasser de ces impuret\u00e9s. DLC : 03\/2029\" \/>\n<meta property=\"og:url\" content=\"https:\/\/orthopara.store\/index.php\/produit\/pack-phyteal-d-pigma-ecran-teinte-beige-eclat-spf-50-50ml-eau-micellaire-150ml\/\" \/>\n<meta property=\"og:site_name\" content=\"OrthoPara\" \/>\n<meta property=\"article:publisher\" content=\"https:\/\/www.facebook.com\/profile.php?id=61561194315651\" \/>\n<meta property=\"article:modified_time\" content=\"2024-06-28T13:50:18+00:00\" \/>\n<meta property=\"og:image\" content=\"https:\/\/orthopara.store\/wp-content\/uploads\/2024\/06\/phyteal-d-pigma-ecran-teinte-beige-eclat-spf-50-50ml-eau-micellaire-150ml.jpg\" \/>\n\t<meta property=\"og:image:width\" content=\"800\" \/>\n\t<meta property=\"og:image:height\" content=\"800\" \/>\n\t<meta property=\"og:image:type\" content=\"image\/jpeg\" \/>\n<meta name=\"twitter:card\" content=\"summary_large_image\" \/>\n<meta name=\"twitter:label1\" content=\"Dur\u00e9e de lecture estim\u00e9e\" \/>\n\t<meta name=\"twitter:data1\" content=\"3 minutes\" \/>\n<script type=\"application\/ld+json\" class=\"yoast-schema-graph\">{\"@context\":\"https:\/\/schema.org\",\"@graph\":[{\"@type\":\"WebPage\",\"@id\":\"https:\/\/orthopara.store\/index.php\/produit\/pack-phyteal-d-pigma-ecran-teinte-beige-eclat-spf-50-50ml-eau-micellaire-150ml\/\",\"url\":\"https:\/\/orthopara.store\/index.php\/produit\/pack-phyteal-d-pigma-ecran-teinte-beige-eclat-spf-50-50ml-eau-micellaire-150ml\/\",\"name\":\"Pack Phyt\u00e9al - D-pigma \u00e9cran teint\u00e9 beige \u00e9clat SPF 50+ - 50ml + eau micellaire - 150ml - OrthoPara\",\"isPartOf\":{\"@id\":\"https:\/\/orthopara.store\/#website\"},\"primaryImageOfPage\":{\"@id\":\"https:\/\/orthopara.store\/index.php\/produit\/pack-phyteal-d-pigma-ecran-teinte-beige-eclat-spf-50-50ml-eau-micellaire-150ml\/#primaryimage\"},\"image\":{\"@id\":\"https:\/\/orthopara.store\/index.php\/produit\/pack-phyteal-d-pigma-ecran-teinte-beige-eclat-spf-50-50ml-eau-micellaire-150ml\/#primaryimage\"},\"thumbnailUrl\":\"https:\/\/orthopara.store\/wp-content\/uploads\/2024\/06\/phyteal-d-pigma-ecran-teinte-beige-eclat-spf-50-50ml-eau-micellaire-150ml.jpg\",\"datePublished\":\"2024-06-28T13:50:12+00:00\",\"dateModified\":\"2024-06-28T13:50:18+00:00\",\"breadcrumb\":{\"@id\":\"https:\/\/orthopara.store\/index.php\/produit\/pack-phyteal-d-pigma-ecran-teinte-beige-eclat-spf-50-50ml-eau-micellaire-150ml\/#breadcrumb\"},\"inLanguage\":\"fr-FR\",\"potentialAction\":[{\"@type\":\"ReadAction\",\"target\":[\"https:\/\/orthopara.store\/index.php\/produit\/pack-phyteal-d-pigma-ecran-teinte-beige-eclat-spf-50-50ml-eau-micellaire-150ml\/\"]}]},{\"@type\":\"ImageObject\",\"inLanguage\":\"fr-FR\",\"@id\":\"https:\/\/orthopara.store\/index.php\/produit\/pack-phyteal-d-pigma-ecran-teinte-beige-eclat-spf-50-50ml-eau-micellaire-150ml\/#primaryimage\",\"url\":\"https:\/\/orthopara.store\/wp-content\/uploads\/2024\/06\/phyteal-d-pigma-ecran-teinte-beige-eclat-spf-50-50ml-eau-micellaire-150ml.jpg\",\"contentUrl\":\"https:\/\/orthopara.store\/wp-content\/uploads\/2024\/06\/phyteal-d-pigma-ecran-teinte-beige-eclat-spf-50-50ml-eau-micellaire-150ml.jpg\",\"width\":800,\"height\":800},{\"@type\":\"BreadcrumbList\",\"@id\":\"https:\/\/orthopara.store\/index.php\/produit\/pack-phyteal-d-pigma-ecran-teinte-beige-eclat-spf-50-50ml-eau-micellaire-150ml\/#breadcrumb\",\"itemListElement\":[{\"@type\":\"ListItem\",\"position\":1,\"name\":\"Accueil\",\"item\":\"https:\/\/orthopara.store\/\"},{\"@type\":\"ListItem\",\"position\":2,\"name\":\"Shop\",\"item\":\"https:\/\/orthopara.store\/?page_id=622\"},{\"@type\":\"ListItem\",\"position\":3,\"name\":\"Pack Phyt\u00e9al &#8211; D-pigma \u00e9cran teint\u00e9 beige \u00e9clat SPF 50+ &#8211; 50ml + eau micellaire &#8211; 150ml\"}]},{\"@type\":\"WebSite\",\"@id\":\"https:\/\/orthopara.store\/#website\",\"url\":\"https:\/\/orthopara.store\/\",\"name\":\"OrthoPara\",\"description\":\"Parapharmacie\",\"publisher\":{\"@id\":\"https:\/\/orthopara.store\/#organization\"},\"potentialAction\":[{\"@type\":\"SearchAction\",\"target\":{\"@type\":\"EntryPoint\",\"urlTemplate\":\"https:\/\/orthopara.store\/?s={search_term_string}\"},\"query-input\":\"required name=search_term_string\"}],\"inLanguage\":\"fr-FR\"},{\"@type\":\"Organization\",\"@id\":\"https:\/\/orthopara.store\/#organization\",\"name\":\"OrthoPara\",\"url\":\"https:\/\/orthopara.store\/\",\"logo\":{\"@type\":\"ImageObject\",\"inLanguage\":\"fr-FR\",\"@id\":\"https:\/\/orthopara.store\/#\/schema\/logo\/image\/\",\"url\":\"https:\/\/orthopara.store\/wp-content\/uploads\/2024\/06\/cropped-9ABA8BAD-6256-4719-9315-15C66E64E882.png\",\"contentUrl\":\"https:\/\/orthopara.store\/wp-content\/uploads\/2024\/06\/cropped-9ABA8BAD-6256-4719-9315-15C66E64E882.png\",\"width\":240,\"height\":72,\"caption\":\"OrthoPara\"},\"image\":{\"@id\":\"https:\/\/orthopara.store\/#\/schema\/logo\/image\/\"},\"sameAs\":[\"https:\/\/www.facebook.com\/profile.php?id=61561194315651\",\"https:\/\/www.instagram.com\/orthopara_tunisie\/\"]}]}<\/script>\n<!-- \/ Yoast SEO plugin. -->","yoast_head_json":{"title":"Pack Phyt\u00e9al - D-pigma \u00e9cran teint\u00e9 beige \u00e9clat SPF 50+ - 50ml + eau micellaire - 150ml - OrthoPara","robots":{"index":"index","follow":"follow","max-snippet":"max-snippet:-1","max-image-preview":"max-image-preview:large","max-video-preview":"max-video-preview:-1"},"canonical":"https:\/\/orthopara.store\/index.php\/produit\/pack-phyteal-d-pigma-ecran-teinte-beige-eclat-spf-50-50ml-eau-micellaire-150ml\/","og_locale":"fr_FR","og_type":"article","og_title":"Pack Phyt\u00e9al - D-pigma \u00e9cran teint\u00e9 beige \u00e9clat SPF 50+ - 50ml + eau micellaire - 150ml - OrthoPara","og_description":"D\u00e9couvrez le Pack Phyt\u00e9al D-Pigma qui comporte deux produits assurant une peau \u00e9clatante, radieuse et prot\u00e9g\u00e9e toute au long de la journ\u00e9e:\u00a0 Ecran teint\u00e9 anti-taches et anti-rides beige \u00e9clat SPF 50+ qui offre un soin solaire hydratant 100% min\u00e9ral, une protection compl\u00e8te contre les rayons n\u00e9fastes du soleil et un camouflage des imperfections de la peau. Il est recommand\u00e9 pour les peaux claires \u00e0 tr\u00e8s claires. Eau micellaire 150ml \u00e0 formule douce aidant \u00e0 nettoyer la peau et \u00e0 se d\u00e9barrasser de ces impuret\u00e9s. DLC : 03\/2029","og_url":"https:\/\/orthopara.store\/index.php\/produit\/pack-phyteal-d-pigma-ecran-teinte-beige-eclat-spf-50-50ml-eau-micellaire-150ml\/","og_site_name":"OrthoPara","article_publisher":"https:\/\/www.facebook.com\/profile.php?id=61561194315651","article_modified_time":"2024-06-28T13:50:18+00:00","og_image":[{"width":800,"height":800,"url":"https:\/\/orthopara.store\/wp-content\/uploads\/2024\/06\/phyteal-d-pigma-ecran-teinte-beige-eclat-spf-50-50ml-eau-micellaire-150ml.jpg","type":"image\/jpeg"}],"twitter_card":"summary_large_image","twitter_misc":{"Dur\u00e9e de lecture estim\u00e9e":"3 minutes"},"schema":{"@context":"https:\/\/schema.org","@graph":[{"@type":"WebPage","@id":"https:\/\/orthopara.store\/index.php\/produit\/pack-phyteal-d-pigma-ecran-teinte-beige-eclat-spf-50-50ml-eau-micellaire-150ml\/","url":"https:\/\/orthopara.store\/index.php\/produit\/pack-phyteal-d-pigma-ecran-teinte-beige-eclat-spf-50-50ml-eau-micellaire-150ml\/","name":"Pack Phyt\u00e9al - D-pigma \u00e9cran teint\u00e9 beige \u00e9clat SPF 50+ - 50ml + eau micellaire - 150ml - OrthoPara","isPartOf":{"@id":"https:\/\/orthopara.store\/#website"},"primaryImageOfPage":{"@id":"https:\/\/orthopara.store\/index.php\/produit\/pack-phyteal-d-pigma-ecran-teinte-beige-eclat-spf-50-50ml-eau-micellaire-150ml\/#primaryimage"},"image":{"@id":"https:\/\/orthopara.store\/index.php\/produit\/pack-phyteal-d-pigma-ecran-teinte-beige-eclat-spf-50-50ml-eau-micellaire-150ml\/#primaryimage"},"thumbnailUrl":"https:\/\/orthopara.store\/wp-content\/uploads\/2024\/06\/phyteal-d-pigma-ecran-teinte-beige-eclat-spf-50-50ml-eau-micellaire-150ml.jpg","datePublished":"2024-06-28T13:50:12+00:00","dateModified":"2024-06-28T13:50:18+00:00","breadcrumb":{"@id":"https:\/\/orthopara.store\/index.php\/produit\/pack-phyteal-d-pigma-ecran-teinte-beige-eclat-spf-50-50ml-eau-micellaire-150ml\/#breadcrumb"},"inLanguage":"fr-FR","potentialAction":[{"@type":"ReadAction","target":["https:\/\/orthopara.store\/index.php\/produit\/pack-phyteal-d-pigma-ecran-teinte-beige-eclat-spf-50-50ml-eau-micellaire-150ml\/"]}]},{"@type":"ImageObject","inLanguage":"fr-FR","@id":"https:\/\/orthopara.store\/index.php\/produit\/pack-phyteal-d-pigma-ecran-teinte-beige-eclat-spf-50-50ml-eau-micellaire-150ml\/#primaryimage","url":"https:\/\/orthopara.store\/wp-content\/uploads\/2024\/06\/phyteal-d-pigma-ecran-teinte-beige-eclat-spf-50-50ml-eau-micellaire-150ml.jpg","contentUrl":"https:\/\/orthopara.store\/wp-content\/uploads\/2024\/06\/phyteal-d-pigma-ecran-teinte-beige-eclat-spf-50-50ml-eau-micellaire-150ml.jpg","width":800,"height":800},{"@type":"BreadcrumbList","@id":"https:\/\/orthopara.store\/index.php\/produit\/pack-phyteal-d-pigma-ecran-teinte-beige-eclat-spf-50-50ml-eau-micellaire-150ml\/#breadcrumb","itemListElement":[{"@type":"ListItem","position":1,"name":"Accueil","item":"https:\/\/orthopara.store\/"},{"@type":"ListItem","position":2,"name":"Shop","item":"https:\/\/orthopara.store\/?page_id=622"},{"@type":"ListItem","position":3,"name":"Pack Phyt\u00e9al &#8211; D-pigma \u00e9cran teint\u00e9 beige \u00e9clat SPF 50+ &#8211; 50ml + eau micellaire &#8211; 150ml"}]},{"@type":"WebSite","@id":"https:\/\/orthopara.store\/#website","url":"https:\/\/orthopara.store\/","name":"OrthoPara","description":"Parapharmacie","publisher":{"@id":"https:\/\/orthopara.store\/#organization"},"potentialAction":[{"@type":"SearchAction","target":{"@type":"EntryPoint","urlTemplate":"https:\/\/orthopara.store\/?s={search_term_string}"},"query-input":"required name=search_term_string"}],"inLanguage":"fr-FR"},{"@type":"Organization","@id":"https:\/\/orthopara.store\/#organization","name":"OrthoPara","url":"https:\/\/orthopara.store\/","logo":{"@type":"ImageObject","inLanguage":"fr-FR","@id":"https:\/\/orthopara.store\/#\/schema\/logo\/image\/","url":"https:\/\/orthopara.store\/wp-content\/uploads\/2024\/06\/cropped-9ABA8BAD-6256-4719-9315-15C66E64E882.png","contentUrl":"https:\/\/orthopara.store\/wp-content\/uploads\/2024\/06\/cropped-9ABA8BAD-6256-4719-9315-15C66E64E882.png","width":240,"height":72,"caption":"OrthoPara"},"image":{"@id":"https:\/\/orthopara.store\/#\/schema\/logo\/image\/"},"sameAs":["https:\/\/www.facebook.com\/profile.php?id=61561194315651","https:\/\/www.instagram.com\/orthopara_tunisie\/"]}]}},"jetpack_sharing_enabled":true,"brands":[{"id":83,"name":"PHYTEAL","slug":"phyteal"}],"_links":{"self":[{"href":"https:\/\/orthopara.store\/index.php?rest_route=\/wp\/v2\/product\/830","targetHints":{"allow":["GET"]}}],"collection":[{"href":"https:\/\/orthopara.store\/index.php?rest_route=\/wp\/v2\/product"}],"about":[{"href":"https:\/\/orthopara.store\/index.php?rest_route=\/wp\/v2\/types\/product"}],"replies":[{"embeddable":true,"href":"https:\/\/orthopara.store\/index.php?rest_route=%2Fwp%2Fv2%2Fcomments&post=830"}],"wp:featuredmedia":[{"embeddable":true,"href":"https:\/\/orthopara.store\/index.php?rest_route=\/wp\/v2\/media\/851"}],"wp:attachment":[{"href":"https:\/\/orthopara.store\/index.php?rest_route=%2Fwp%2Fv2%2Fmedia&parent=830"}],"wp:term":[{"taxonomy":"pwb-brand","embeddable":true,"href":"https:\/\/orthopara.store\/index.php?rest_route=%2Fwp%2Fv2%2Fpwb-brand&post=830"},{"taxonomy":"product_cat","embeddable":true,"href":"https:\/\/orthopara.store\/index.php?rest_route=%2Fwp%2Fv2%2Fproduct_cat&post=830"},{"taxonomy":"product_tag","embeddable":true,"href":"https:\/\/orthopara.store\/index.php?rest_route=%2Fwp%2Fv2%2Fproduct_tag&post=830"}],"curies":[{"name":"wp","href":"https:\/\/api.w.org\/{rel}","templated":true}]}}