{"id":832,"date":"2024-06-28T15:50:12","date_gmt":"2024-06-28T13:50:12","guid":{"rendered":"https:\/\/orthopara.store\/?post_type=product&#038;p=832"},"modified":"2024-11-07T10:02:48","modified_gmt":"2024-11-07T09:02:48","slug":"coffret-filorga-hydra-hyal-routine-hydra-repulpante","status":"publish","type":"product","link":"https:\/\/orthopara.store\/?product=coffret-filorga-hydra-hyal-routine-hydra-repulpante","title":{"rendered":"Coffret Filorga Hydra-Hyal &#8211; routine hydra-repulpante"},"content":{"rendered":"<p>Coffret Filorga Hydra-Hyal &#8211; routine hydra-repulpante<br \/>\nTout ce dont vous avez besoin pour une belle peau est r\u00e9uni dans un seul produit. Le coffret cosm\u00e9tique Filorga Programme Expert \u00e9clat contient non seulement un produit, mais une vari\u00e9t\u00e9 de produits qui vous permettent de cr\u00e9er ou d&rsquo;enrichir votre routine de soin ou celle de la personne \u00e0 qui vous l&rsquo;offrirez.<br \/>\n1-\u00a0S\u00e9rum hydratant repulpant &#8211; Filorga Hydra-Hyal &#8211; 30ml<br \/>\nD\u00e9couvrez le nouveau s\u00e9rum Hydra-Hyal, un soin hydratant \u00e0 l\u2019acide hyaluronique, pour repulper la peau visiblement.<br \/>\nFilorga s\u2019appuie sur un historique de pr\u00e8s de 40 ans d\u2019expertise en injectables et int\u00e8gre pour la 1re fois dans un de ses soins un complexe qui d\u00e9livre dans la peau 5 types d\u2019acides hyaluroniques pour hydrater, lisser et repulper.<br \/>\nLe s\u00e9rum visage hydratant repulpant Hydra-Hyal d\u00e9livre dans la peau 5 acides hyaluroniques diff\u00e9rents : r\u00e9ticul\u00e9, encapsul\u00e9, bas, moyen et haut poids mol\u00e9culaires. Ce soin hydratant anti-\u00e2ge repulpe la peau imm\u00e9diatement, augmente le taux d\u2019acide hyaluronique dans la peau de +58% et assure une hydratation 24.<br \/>\nHydratation lissante et repulpante :\u00a0 5 types d\u2019acides 100% d\u2019origine naturelle<br \/>\nAction pro-jeunesse : La formule du s\u00e9rum hydratant repulpant Hydra-Hyal\u00a0est enrichie d\u2019un puissant extrait botanique, qui lutte contre le vieillissement cutan\u00e9. Riche en anti-oxydants qui stimule les syst\u00e8mes de d\u00e9fenses naturelles de la peau face aux agressions ext\u00e9rieures quotidiennes pour la prot\u00e9ger et la r\u00e9g\u00e9n\u00e9rer durablement.\u00a0<br \/>\nUtilisation : Appliquer en soin quotidien, avant la cr\u00e8me, le matin et le soir sur l&rsquo;ensemble du visage\u00a0<br \/>\n2- Cr\u00e8me hydarante repulpante &#8211; Filorga Hydra-Hyal &#8211; 15ml (offerte)<br \/>\nCr\u00e8me hydratante repulpante Sa cr\u00e8me hydra-repulpante qui d\u00e9livre dans la peau la puissance de 5 types d&rsquo;acides hyaluroniques (3) 100% d&rsquo;origine naturelle.<br \/>\nUtilisation: Appliquer en soin quotidien sur l&rsquo;ensemble du visage et du cou.<br \/>\n+ Bougie au parfum flamboyant \u00a0(offerte)<\/p>\n","protected":false},"excerpt":{"rendered":"<p>Coffret Hydra-Hyal<br \/>\nTout ce dont vous avez besoin pour une belle peau est r\u00e9uni dans un seul produit. Le coffret cosm\u00e9tique Filorga routine hydra-repulpante contient non seulement un produit, mais une vari\u00e9t\u00e9 de produits qui vous permettent de cr\u00e9er ou d&rsquo;enrichir votre routine de soin ou celle de la personne \u00e0 qui vous l&rsquo;offrirez.<br \/>\nCe coffret est compos\u00e9e de :<br \/>\nS\u00e9rum hydratant repulpant &#8211; Filorga Hydra-Hyal &#8211; 30ml<br \/>\nCr\u00e8me hydarante repulpante &#8211; Filorga Hydra-Hyal &#8211; 15ml<br \/>\nBougie au parfum flamboyant<\/p>\n","protected":false},"featured_media":853,"comment_status":"open","ping_status":"closed","template":"","meta":[],"pwb-brand":[73],"product_cat":[80],"product_tag":[],"class_list":{"0":"post-832","1":"product","2":"type-product","3":"status-publish","4":"has-post-thumbnail","6":"pwb-brand-filorga","7":"product_cat-creme-peau-seche","8":"post","9":"ws-product--style-1","11":"first","12":"instock","13":"shipping-taxable","14":"purchasable","15":"product-type-simple"},"yoast_head":"<!-- This site is optimized with the Yoast SEO plugin v23.0 - https:\/\/yoast.com\/wordpress\/plugins\/seo\/ -->\n<title>Coffret Filorga Hydra-Hyal - routine hydra-repulpante - OrthoPara<\/title>\n<meta name=\"robots\" content=\"index, follow, max-snippet:-1, max-image-preview:large, max-video-preview:-1\" \/>\n<link rel=\"canonical\" href=\"https:\/\/orthopara.store\/index.php\/produit\/coffret-filorga-hydra-hyal-routine-hydra-repulpante\/\" \/>\n<meta property=\"og:locale\" content=\"fr_FR\" \/>\n<meta property=\"og:type\" content=\"article\" \/>\n<meta property=\"og:title\" content=\"Coffret Filorga Hydra-Hyal - routine hydra-repulpante - OrthoPara\" \/>\n<meta property=\"og:description\" content=\"Coffret Hydra-Hyal Tout ce dont vous avez besoin pour une belle peau est r\u00e9uni dans un seul produit. Le coffret cosm\u00e9tique Filorga routine hydra-repulpante contient non seulement un produit, mais une vari\u00e9t\u00e9 de produits qui vous permettent de cr\u00e9er ou d&#039;enrichir votre routine de soin ou celle de la personne \u00e0 qui vous l&#039;offrirez. Ce coffret est compos\u00e9e de : S\u00e9rum hydratant repulpant - Filorga Hydra-Hyal - 30ml Cr\u00e8me hydarante repulpante - Filorga Hydra-Hyal - 15ml Bougie au parfum flamboyant\" \/>\n<meta property=\"og:url\" content=\"https:\/\/orthopara.store\/index.php\/produit\/coffret-filorga-hydra-hyal-routine-hydra-repulpante\/\" \/>\n<meta property=\"og:site_name\" content=\"OrthoPara\" \/>\n<meta property=\"article:publisher\" content=\"https:\/\/www.facebook.com\/profile.php?id=61561194315651\" \/>\n<meta property=\"article:modified_time\" content=\"2024-11-07T09:02:48+00:00\" \/>\n<meta property=\"og:image\" content=\"https:\/\/orthopara.store\/wp-content\/uploads\/2024\/06\/coffret-filorga-hydra-hyal-routine-hydra-repulpante.jpg\" \/>\n\t<meta property=\"og:image:width\" content=\"800\" \/>\n\t<meta property=\"og:image:height\" content=\"800\" \/>\n\t<meta property=\"og:image:type\" content=\"image\/jpeg\" \/>\n<meta name=\"twitter:card\" content=\"summary_large_image\" \/>\n<meta name=\"twitter:label1\" content=\"Dur\u00e9e de lecture estim\u00e9e\" \/>\n\t<meta name=\"twitter:data1\" content=\"2 minutes\" \/>\n<script type=\"application\/ld+json\" class=\"yoast-schema-graph\">{\"@context\":\"https:\/\/schema.org\",\"@graph\":[{\"@type\":\"WebPage\",\"@id\":\"https:\/\/orthopara.store\/index.php\/produit\/coffret-filorga-hydra-hyal-routine-hydra-repulpante\/\",\"url\":\"https:\/\/orthopara.store\/index.php\/produit\/coffret-filorga-hydra-hyal-routine-hydra-repulpante\/\",\"name\":\"Coffret Filorga Hydra-Hyal - routine hydra-repulpante - OrthoPara\",\"isPartOf\":{\"@id\":\"https:\/\/orthopara.store\/#website\"},\"primaryImageOfPage\":{\"@id\":\"https:\/\/orthopara.store\/index.php\/produit\/coffret-filorga-hydra-hyal-routine-hydra-repulpante\/#primaryimage\"},\"image\":{\"@id\":\"https:\/\/orthopara.store\/index.php\/produit\/coffret-filorga-hydra-hyal-routine-hydra-repulpante\/#primaryimage\"},\"thumbnailUrl\":\"https:\/\/orthopara.store\/wp-content\/uploads\/2024\/06\/coffret-filorga-hydra-hyal-routine-hydra-repulpante.jpg\",\"datePublished\":\"2024-06-28T13:50:12+00:00\",\"dateModified\":\"2024-11-07T09:02:48+00:00\",\"breadcrumb\":{\"@id\":\"https:\/\/orthopara.store\/index.php\/produit\/coffret-filorga-hydra-hyal-routine-hydra-repulpante\/#breadcrumb\"},\"inLanguage\":\"fr-FR\",\"potentialAction\":[{\"@type\":\"ReadAction\",\"target\":[\"https:\/\/orthopara.store\/index.php\/produit\/coffret-filorga-hydra-hyal-routine-hydra-repulpante\/\"]}]},{\"@type\":\"ImageObject\",\"inLanguage\":\"fr-FR\",\"@id\":\"https:\/\/orthopara.store\/index.php\/produit\/coffret-filorga-hydra-hyal-routine-hydra-repulpante\/#primaryimage\",\"url\":\"https:\/\/orthopara.store\/wp-content\/uploads\/2024\/06\/coffret-filorga-hydra-hyal-routine-hydra-repulpante.jpg\",\"contentUrl\":\"https:\/\/orthopara.store\/wp-content\/uploads\/2024\/06\/coffret-filorga-hydra-hyal-routine-hydra-repulpante.jpg\",\"width\":800,\"height\":800},{\"@type\":\"BreadcrumbList\",\"@id\":\"https:\/\/orthopara.store\/index.php\/produit\/coffret-filorga-hydra-hyal-routine-hydra-repulpante\/#breadcrumb\",\"itemListElement\":[{\"@type\":\"ListItem\",\"position\":1,\"name\":\"Accueil\",\"item\":\"https:\/\/orthopara.store\/\"},{\"@type\":\"ListItem\",\"position\":2,\"name\":\"Shop\",\"item\":\"https:\/\/orthopara.store\/?page_id=622\"},{\"@type\":\"ListItem\",\"position\":3,\"name\":\"Coffret Filorga Hydra-Hyal &#8211; routine hydra-repulpante\"}]},{\"@type\":\"WebSite\",\"@id\":\"https:\/\/orthopara.store\/#website\",\"url\":\"https:\/\/orthopara.store\/\",\"name\":\"OrthoPara\",\"description\":\"Parapharmacie\",\"publisher\":{\"@id\":\"https:\/\/orthopara.store\/#organization\"},\"potentialAction\":[{\"@type\":\"SearchAction\",\"target\":{\"@type\":\"EntryPoint\",\"urlTemplate\":\"https:\/\/orthopara.store\/?s={search_term_string}\"},\"query-input\":\"required name=search_term_string\"}],\"inLanguage\":\"fr-FR\"},{\"@type\":\"Organization\",\"@id\":\"https:\/\/orthopara.store\/#organization\",\"name\":\"OrthoPara\",\"url\":\"https:\/\/orthopara.store\/\",\"logo\":{\"@type\":\"ImageObject\",\"inLanguage\":\"fr-FR\",\"@id\":\"https:\/\/orthopara.store\/#\/schema\/logo\/image\/\",\"url\":\"https:\/\/orthopara.store\/wp-content\/uploads\/2024\/06\/cropped-9ABA8BAD-6256-4719-9315-15C66E64E882.png\",\"contentUrl\":\"https:\/\/orthopara.store\/wp-content\/uploads\/2024\/06\/cropped-9ABA8BAD-6256-4719-9315-15C66E64E882.png\",\"width\":240,\"height\":72,\"caption\":\"OrthoPara\"},\"image\":{\"@id\":\"https:\/\/orthopara.store\/#\/schema\/logo\/image\/\"},\"sameAs\":[\"https:\/\/www.facebook.com\/profile.php?id=61561194315651\",\"https:\/\/www.instagram.com\/orthopara_tunisie\/\"]}]}<\/script>\n<!-- \/ Yoast SEO plugin. -->","yoast_head_json":{"title":"Coffret Filorga Hydra-Hyal - routine hydra-repulpante - OrthoPara","robots":{"index":"index","follow":"follow","max-snippet":"max-snippet:-1","max-image-preview":"max-image-preview:large","max-video-preview":"max-video-preview:-1"},"canonical":"https:\/\/orthopara.store\/index.php\/produit\/coffret-filorga-hydra-hyal-routine-hydra-repulpante\/","og_locale":"fr_FR","og_type":"article","og_title":"Coffret Filorga Hydra-Hyal - routine hydra-repulpante - OrthoPara","og_description":"Coffret Hydra-Hyal Tout ce dont vous avez besoin pour une belle peau est r\u00e9uni dans un seul produit. Le coffret cosm\u00e9tique Filorga routine hydra-repulpante contient non seulement un produit, mais une vari\u00e9t\u00e9 de produits qui vous permettent de cr\u00e9er ou d'enrichir votre routine de soin ou celle de la personne \u00e0 qui vous l'offrirez. Ce coffret est compos\u00e9e de : S\u00e9rum hydratant repulpant - Filorga Hydra-Hyal - 30ml Cr\u00e8me hydarante repulpante - Filorga Hydra-Hyal - 15ml Bougie au parfum flamboyant","og_url":"https:\/\/orthopara.store\/index.php\/produit\/coffret-filorga-hydra-hyal-routine-hydra-repulpante\/","og_site_name":"OrthoPara","article_publisher":"https:\/\/www.facebook.com\/profile.php?id=61561194315651","article_modified_time":"2024-11-07T09:02:48+00:00","og_image":[{"width":800,"height":800,"url":"https:\/\/orthopara.store\/wp-content\/uploads\/2024\/06\/coffret-filorga-hydra-hyal-routine-hydra-repulpante.jpg","type":"image\/jpeg"}],"twitter_card":"summary_large_image","twitter_misc":{"Dur\u00e9e de lecture estim\u00e9e":"2 minutes"},"schema":{"@context":"https:\/\/schema.org","@graph":[{"@type":"WebPage","@id":"https:\/\/orthopara.store\/index.php\/produit\/coffret-filorga-hydra-hyal-routine-hydra-repulpante\/","url":"https:\/\/orthopara.store\/index.php\/produit\/coffret-filorga-hydra-hyal-routine-hydra-repulpante\/","name":"Coffret Filorga Hydra-Hyal - routine hydra-repulpante - OrthoPara","isPartOf":{"@id":"https:\/\/orthopara.store\/#website"},"primaryImageOfPage":{"@id":"https:\/\/orthopara.store\/index.php\/produit\/coffret-filorga-hydra-hyal-routine-hydra-repulpante\/#primaryimage"},"image":{"@id":"https:\/\/orthopara.store\/index.php\/produit\/coffret-filorga-hydra-hyal-routine-hydra-repulpante\/#primaryimage"},"thumbnailUrl":"https:\/\/orthopara.store\/wp-content\/uploads\/2024\/06\/coffret-filorga-hydra-hyal-routine-hydra-repulpante.jpg","datePublished":"2024-06-28T13:50:12+00:00","dateModified":"2024-11-07T09:02:48+00:00","breadcrumb":{"@id":"https:\/\/orthopara.store\/index.php\/produit\/coffret-filorga-hydra-hyal-routine-hydra-repulpante\/#breadcrumb"},"inLanguage":"fr-FR","potentialAction":[{"@type":"ReadAction","target":["https:\/\/orthopara.store\/index.php\/produit\/coffret-filorga-hydra-hyal-routine-hydra-repulpante\/"]}]},{"@type":"ImageObject","inLanguage":"fr-FR","@id":"https:\/\/orthopara.store\/index.php\/produit\/coffret-filorga-hydra-hyal-routine-hydra-repulpante\/#primaryimage","url":"https:\/\/orthopara.store\/wp-content\/uploads\/2024\/06\/coffret-filorga-hydra-hyal-routine-hydra-repulpante.jpg","contentUrl":"https:\/\/orthopara.store\/wp-content\/uploads\/2024\/06\/coffret-filorga-hydra-hyal-routine-hydra-repulpante.jpg","width":800,"height":800},{"@type":"BreadcrumbList","@id":"https:\/\/orthopara.store\/index.php\/produit\/coffret-filorga-hydra-hyal-routine-hydra-repulpante\/#breadcrumb","itemListElement":[{"@type":"ListItem","position":1,"name":"Accueil","item":"https:\/\/orthopara.store\/"},{"@type":"ListItem","position":2,"name":"Shop","item":"https:\/\/orthopara.store\/?page_id=622"},{"@type":"ListItem","position":3,"name":"Coffret Filorga Hydra-Hyal &#8211; routine hydra-repulpante"}]},{"@type":"WebSite","@id":"https:\/\/orthopara.store\/#website","url":"https:\/\/orthopara.store\/","name":"OrthoPara","description":"Parapharmacie","publisher":{"@id":"https:\/\/orthopara.store\/#organization"},"potentialAction":[{"@type":"SearchAction","target":{"@type":"EntryPoint","urlTemplate":"https:\/\/orthopara.store\/?s={search_term_string}"},"query-input":"required name=search_term_string"}],"inLanguage":"fr-FR"},{"@type":"Organization","@id":"https:\/\/orthopara.store\/#organization","name":"OrthoPara","url":"https:\/\/orthopara.store\/","logo":{"@type":"ImageObject","inLanguage":"fr-FR","@id":"https:\/\/orthopara.store\/#\/schema\/logo\/image\/","url":"https:\/\/orthopara.store\/wp-content\/uploads\/2024\/06\/cropped-9ABA8BAD-6256-4719-9315-15C66E64E882.png","contentUrl":"https:\/\/orthopara.store\/wp-content\/uploads\/2024\/06\/cropped-9ABA8BAD-6256-4719-9315-15C66E64E882.png","width":240,"height":72,"caption":"OrthoPara"},"image":{"@id":"https:\/\/orthopara.store\/#\/schema\/logo\/image\/"},"sameAs":["https:\/\/www.facebook.com\/profile.php?id=61561194315651","https:\/\/www.instagram.com\/orthopara_tunisie\/"]}]}},"jetpack_sharing_enabled":true,"brands":[{"id":73,"name":"Filorga","slug":"filorga"}],"_links":{"self":[{"href":"https:\/\/orthopara.store\/index.php?rest_route=\/wp\/v2\/product\/832","targetHints":{"allow":["GET"]}}],"collection":[{"href":"https:\/\/orthopara.store\/index.php?rest_route=\/wp\/v2\/product"}],"about":[{"href":"https:\/\/orthopara.store\/index.php?rest_route=\/wp\/v2\/types\/product"}],"replies":[{"embeddable":true,"href":"https:\/\/orthopara.store\/index.php?rest_route=%2Fwp%2Fv2%2Fcomments&post=832"}],"wp:featuredmedia":[{"embeddable":true,"href":"https:\/\/orthopara.store\/index.php?rest_route=\/wp\/v2\/media\/853"}],"wp:attachment":[{"href":"https:\/\/orthopara.store\/index.php?rest_route=%2Fwp%2Fv2%2Fmedia&parent=832"}],"wp:term":[{"taxonomy":"pwb-brand","embeddable":true,"href":"https:\/\/orthopara.store\/index.php?rest_route=%2Fwp%2Fv2%2Fpwb-brand&post=832"},{"taxonomy":"product_cat","embeddable":true,"href":"https:\/\/orthopara.store\/index.php?rest_route=%2Fwp%2Fv2%2Fproduct_cat&post=832"},{"taxonomy":"product_tag","embeddable":true,"href":"https:\/\/orthopara.store\/index.php?rest_route=%2Fwp%2Fv2%2Fproduct_tag&post=832"}],"curies":[{"name":"wp","href":"https:\/\/api.w.org\/{rel}","templated":true}]}}