{"id":833,"date":"2024-06-28T15:50:13","date_gmt":"2024-06-28T13:50:13","guid":{"rendered":"https:\/\/orthopara.store\/?post_type=product&#038;p=833"},"modified":"2024-06-28T15:50:20","modified_gmt":"2024-06-28T13:50:20","slug":"gel-nettoyant-dermedic-huileux-pour-le-visage-oilage-200ml","status":"publish","type":"product","link":"https:\/\/orthopara.store\/?product=gel-nettoyant-dermedic-huileux-pour-le-visage-oilage-200ml","title":{"rendered":"Gel nettoyant &#8211; Dermedic -huileux  pour le visage &#8211; Oilage &#8211; 200ml"},"content":{"rendered":"<p>Gel nettoyant &#8211; Dermedic -huileux\u00a0 pour le visage &#8211; Oilage &#8211; 200ml<br \/>\nDermedic Oilage Anti-\u00e2ge<br \/>\nSa consistance huile-gel moderne assurera une \u00e9limination efficace du maquillage et de toutes les impuret\u00e9s sans provoquer d&rsquo;irritation. De plus, le syndet nettoyant visage Dermedic Oilage Anti-Aging r\u00e9g\u00e9n\u00e8re l&rsquo;\u00e9piderme, reconstitue les nutriments de la peau et l&rsquo;hydrate. Ce probl\u00e8me est tr\u00e8s important pour les peaux matures et sensibles, car il pr\u00e9vient \u00e9galement la sensation d&rsquo;inconfort et de tiraillement de la peau.<br \/>\nPropri\u00e9t\u00e9s :<br \/>\n\u00e9limine efficacement le maquillage et toutes les impuret\u00e9s<br \/>\nne dess\u00e8che pas et ne tiraille pas la peau<br \/>\nne provoque pas d&rsquo;irritation<br \/>\nr\u00e9g\u00e9n\u00e8re l&rsquo;\u00e9piderme et hydrate la peau<br \/>\ncomble les carences en nutriments de la peau<br \/>\nComposition :<br \/>\nComplexe TriOleum &#8211; restaure l&rsquo;\u00e9lasticit\u00e9, la fermet\u00e9, l&rsquo;hydratation et la douceur de la peau<br \/>\nb\u00e9ta\u00efne &#8211; hydrate, r\u00e9duit efficacement les irritations<br \/>\nglyc\u00e9rine &#8211; un humectant, a de fortes propri\u00e9t\u00e9s hydratantes<br \/>\npolyquaternium-7 &#8211; r\u00e9duit la sensation de d\u00e9mangeaison<br \/>\nConseils d&rsquo;utilisation :<br \/>\nUtiliser matin et soir ou selon les besoins de chacun. Appliquez une petite quantit\u00e9 d&rsquo;huile sur un visage humide. Massez doucement avec des mouvements circulaires puis rincez abondamment \u00e0 l&rsquo;eau.<br \/>\nAstuce beaut\u00e9 :<br \/>\nApr\u00e8s avoir soigneusement lav\u00e9 votre visage, il est recommand\u00e9 d&rsquo;utiliser une cr\u00e8me anti-age selon les besoin de votre peau, afin de mieux prendre soin de votre visage.<\/p>\n","protected":false},"excerpt":{"rendered":"<p>Dermedic<br \/>\ngel nettoyant texture huile\u00a0<br \/>\nenl\u00e8ve le maquillage et toutes les impuret\u00e9s sans provoquer d&rsquo;irritation ni sensation de tiraillement. R\u00e9g\u00e9n\u00e8re la peau et comble les carences en nutriments de la peau tout en forment une banni\u00e8re occlusive sur l&rsquo;\u00e9piderme.<br \/>\nContenance : 200ml\u00a0<br \/>\nDLC : 09\/2024<\/p>\n","protected":false},"featured_media":854,"comment_status":"open","ping_status":"closed","template":"","meta":[],"pwb-brand":[54],"product_cat":[80],"product_tag":[],"class_list":{"0":"post-833","1":"product","2":"type-product","3":"status-publish","4":"has-post-thumbnail","6":"pwb-brand-dermedic","7":"product_cat-creme-peau-seche","8":"post","9":"ws-product--style-1","11":"first","12":"instock","13":"shipping-taxable","14":"purchasable","15":"product-type-simple"},"yoast_head":"<!-- This site is optimized with the Yoast SEO plugin v23.0 - https:\/\/yoast.com\/wordpress\/plugins\/seo\/ -->\n<title>Gel nettoyant - Dermedic -huileux pour le visage - Oilage - 200ml - OrthoPara<\/title>\n<meta name=\"robots\" content=\"index, follow, max-snippet:-1, max-image-preview:large, max-video-preview:-1\" \/>\n<link rel=\"canonical\" href=\"https:\/\/orthopara.store\/index.php\/produit\/gel-nettoyant-dermedic-huileux-pour-le-visage-oilage-200ml\/\" \/>\n<meta property=\"og:locale\" content=\"fr_FR\" \/>\n<meta property=\"og:type\" content=\"article\" \/>\n<meta property=\"og:title\" content=\"Gel nettoyant - Dermedic -huileux pour le visage - Oilage - 200ml - OrthoPara\" \/>\n<meta property=\"og:description\" content=\"Dermedic gel nettoyant texture huile\u00a0 enl\u00e8ve le maquillage et toutes les impuret\u00e9s sans provoquer d&#039;irritation ni sensation de tiraillement. R\u00e9g\u00e9n\u00e8re la peau et comble les carences en nutriments de la peau tout en forment une banni\u00e8re occlusive sur l&#039;\u00e9piderme. Contenance : 200ml\u00a0 DLC : 09\/2024\" \/>\n<meta property=\"og:url\" content=\"https:\/\/orthopara.store\/index.php\/produit\/gel-nettoyant-dermedic-huileux-pour-le-visage-oilage-200ml\/\" \/>\n<meta property=\"og:site_name\" content=\"OrthoPara\" \/>\n<meta property=\"article:publisher\" content=\"https:\/\/www.facebook.com\/profile.php?id=61561194315651\" \/>\n<meta property=\"article:modified_time\" content=\"2024-06-28T13:50:20+00:00\" \/>\n<meta property=\"og:image\" content=\"https:\/\/orthopara.store\/wp-content\/uploads\/2024\/06\/gel-nettoyant-dermedic-huileux-pour-le-visage-oilage-200ml.jpg\" \/>\n\t<meta property=\"og:image:width\" content=\"800\" \/>\n\t<meta property=\"og:image:height\" content=\"800\" \/>\n\t<meta property=\"og:image:type\" content=\"image\/jpeg\" \/>\n<meta name=\"twitter:card\" content=\"summary_large_image\" \/>\n<meta name=\"twitter:label1\" content=\"Dur\u00e9e de lecture estim\u00e9e\" \/>\n\t<meta name=\"twitter:data1\" content=\"1 minute\" \/>\n<script type=\"application\/ld+json\" class=\"yoast-schema-graph\">{\"@context\":\"https:\/\/schema.org\",\"@graph\":[{\"@type\":\"WebPage\",\"@id\":\"https:\/\/orthopara.store\/index.php\/produit\/gel-nettoyant-dermedic-huileux-pour-le-visage-oilage-200ml\/\",\"url\":\"https:\/\/orthopara.store\/index.php\/produit\/gel-nettoyant-dermedic-huileux-pour-le-visage-oilage-200ml\/\",\"name\":\"Gel nettoyant - Dermedic -huileux pour le visage - Oilage - 200ml - OrthoPara\",\"isPartOf\":{\"@id\":\"https:\/\/orthopara.store\/#website\"},\"primaryImageOfPage\":{\"@id\":\"https:\/\/orthopara.store\/index.php\/produit\/gel-nettoyant-dermedic-huileux-pour-le-visage-oilage-200ml\/#primaryimage\"},\"image\":{\"@id\":\"https:\/\/orthopara.store\/index.php\/produit\/gel-nettoyant-dermedic-huileux-pour-le-visage-oilage-200ml\/#primaryimage\"},\"thumbnailUrl\":\"https:\/\/orthopara.store\/wp-content\/uploads\/2024\/06\/gel-nettoyant-dermedic-huileux-pour-le-visage-oilage-200ml.jpg\",\"datePublished\":\"2024-06-28T13:50:13+00:00\",\"dateModified\":\"2024-06-28T13:50:20+00:00\",\"breadcrumb\":{\"@id\":\"https:\/\/orthopara.store\/index.php\/produit\/gel-nettoyant-dermedic-huileux-pour-le-visage-oilage-200ml\/#breadcrumb\"},\"inLanguage\":\"fr-FR\",\"potentialAction\":[{\"@type\":\"ReadAction\",\"target\":[\"https:\/\/orthopara.store\/index.php\/produit\/gel-nettoyant-dermedic-huileux-pour-le-visage-oilage-200ml\/\"]}]},{\"@type\":\"ImageObject\",\"inLanguage\":\"fr-FR\",\"@id\":\"https:\/\/orthopara.store\/index.php\/produit\/gel-nettoyant-dermedic-huileux-pour-le-visage-oilage-200ml\/#primaryimage\",\"url\":\"https:\/\/orthopara.store\/wp-content\/uploads\/2024\/06\/gel-nettoyant-dermedic-huileux-pour-le-visage-oilage-200ml.jpg\",\"contentUrl\":\"https:\/\/orthopara.store\/wp-content\/uploads\/2024\/06\/gel-nettoyant-dermedic-huileux-pour-le-visage-oilage-200ml.jpg\",\"width\":800,\"height\":800},{\"@type\":\"BreadcrumbList\",\"@id\":\"https:\/\/orthopara.store\/index.php\/produit\/gel-nettoyant-dermedic-huileux-pour-le-visage-oilage-200ml\/#breadcrumb\",\"itemListElement\":[{\"@type\":\"ListItem\",\"position\":1,\"name\":\"Accueil\",\"item\":\"https:\/\/orthopara.store\/\"},{\"@type\":\"ListItem\",\"position\":2,\"name\":\"Shop\",\"item\":\"https:\/\/orthopara.store\/?page_id=622\"},{\"@type\":\"ListItem\",\"position\":3,\"name\":\"Gel nettoyant &#8211; Dermedic -huileux pour le visage &#8211; Oilage &#8211; 200ml\"}]},{\"@type\":\"WebSite\",\"@id\":\"https:\/\/orthopara.store\/#website\",\"url\":\"https:\/\/orthopara.store\/\",\"name\":\"OrthoPara\",\"description\":\"Parapharmacie\",\"publisher\":{\"@id\":\"https:\/\/orthopara.store\/#organization\"},\"potentialAction\":[{\"@type\":\"SearchAction\",\"target\":{\"@type\":\"EntryPoint\",\"urlTemplate\":\"https:\/\/orthopara.store\/?s={search_term_string}\"},\"query-input\":\"required name=search_term_string\"}],\"inLanguage\":\"fr-FR\"},{\"@type\":\"Organization\",\"@id\":\"https:\/\/orthopara.store\/#organization\",\"name\":\"OrthoPara\",\"url\":\"https:\/\/orthopara.store\/\",\"logo\":{\"@type\":\"ImageObject\",\"inLanguage\":\"fr-FR\",\"@id\":\"https:\/\/orthopara.store\/#\/schema\/logo\/image\/\",\"url\":\"https:\/\/orthopara.store\/wp-content\/uploads\/2024\/06\/cropped-9ABA8BAD-6256-4719-9315-15C66E64E882.png\",\"contentUrl\":\"https:\/\/orthopara.store\/wp-content\/uploads\/2024\/06\/cropped-9ABA8BAD-6256-4719-9315-15C66E64E882.png\",\"width\":240,\"height\":72,\"caption\":\"OrthoPara\"},\"image\":{\"@id\":\"https:\/\/orthopara.store\/#\/schema\/logo\/image\/\"},\"sameAs\":[\"https:\/\/www.facebook.com\/profile.php?id=61561194315651\",\"https:\/\/www.instagram.com\/orthopara_tunisie\/\"]}]}<\/script>\n<!-- \/ Yoast SEO plugin. -->","yoast_head_json":{"title":"Gel nettoyant - Dermedic -huileux pour le visage - Oilage - 200ml - OrthoPara","robots":{"index":"index","follow":"follow","max-snippet":"max-snippet:-1","max-image-preview":"max-image-preview:large","max-video-preview":"max-video-preview:-1"},"canonical":"https:\/\/orthopara.store\/index.php\/produit\/gel-nettoyant-dermedic-huileux-pour-le-visage-oilage-200ml\/","og_locale":"fr_FR","og_type":"article","og_title":"Gel nettoyant - Dermedic -huileux pour le visage - Oilage - 200ml - OrthoPara","og_description":"Dermedic gel nettoyant texture huile\u00a0 enl\u00e8ve le maquillage et toutes les impuret\u00e9s sans provoquer d'irritation ni sensation de tiraillement. R\u00e9g\u00e9n\u00e8re la peau et comble les carences en nutriments de la peau tout en forment une banni\u00e8re occlusive sur l'\u00e9piderme. Contenance : 200ml\u00a0 DLC : 09\/2024","og_url":"https:\/\/orthopara.store\/index.php\/produit\/gel-nettoyant-dermedic-huileux-pour-le-visage-oilage-200ml\/","og_site_name":"OrthoPara","article_publisher":"https:\/\/www.facebook.com\/profile.php?id=61561194315651","article_modified_time":"2024-06-28T13:50:20+00:00","og_image":[{"width":800,"height":800,"url":"https:\/\/orthopara.store\/wp-content\/uploads\/2024\/06\/gel-nettoyant-dermedic-huileux-pour-le-visage-oilage-200ml.jpg","type":"image\/jpeg"}],"twitter_card":"summary_large_image","twitter_misc":{"Dur\u00e9e de lecture estim\u00e9e":"1 minute"},"schema":{"@context":"https:\/\/schema.org","@graph":[{"@type":"WebPage","@id":"https:\/\/orthopara.store\/index.php\/produit\/gel-nettoyant-dermedic-huileux-pour-le-visage-oilage-200ml\/","url":"https:\/\/orthopara.store\/index.php\/produit\/gel-nettoyant-dermedic-huileux-pour-le-visage-oilage-200ml\/","name":"Gel nettoyant - Dermedic -huileux pour le visage - Oilage - 200ml - OrthoPara","isPartOf":{"@id":"https:\/\/orthopara.store\/#website"},"primaryImageOfPage":{"@id":"https:\/\/orthopara.store\/index.php\/produit\/gel-nettoyant-dermedic-huileux-pour-le-visage-oilage-200ml\/#primaryimage"},"image":{"@id":"https:\/\/orthopara.store\/index.php\/produit\/gel-nettoyant-dermedic-huileux-pour-le-visage-oilage-200ml\/#primaryimage"},"thumbnailUrl":"https:\/\/orthopara.store\/wp-content\/uploads\/2024\/06\/gel-nettoyant-dermedic-huileux-pour-le-visage-oilage-200ml.jpg","datePublished":"2024-06-28T13:50:13+00:00","dateModified":"2024-06-28T13:50:20+00:00","breadcrumb":{"@id":"https:\/\/orthopara.store\/index.php\/produit\/gel-nettoyant-dermedic-huileux-pour-le-visage-oilage-200ml\/#breadcrumb"},"inLanguage":"fr-FR","potentialAction":[{"@type":"ReadAction","target":["https:\/\/orthopara.store\/index.php\/produit\/gel-nettoyant-dermedic-huileux-pour-le-visage-oilage-200ml\/"]}]},{"@type":"ImageObject","inLanguage":"fr-FR","@id":"https:\/\/orthopara.store\/index.php\/produit\/gel-nettoyant-dermedic-huileux-pour-le-visage-oilage-200ml\/#primaryimage","url":"https:\/\/orthopara.store\/wp-content\/uploads\/2024\/06\/gel-nettoyant-dermedic-huileux-pour-le-visage-oilage-200ml.jpg","contentUrl":"https:\/\/orthopara.store\/wp-content\/uploads\/2024\/06\/gel-nettoyant-dermedic-huileux-pour-le-visage-oilage-200ml.jpg","width":800,"height":800},{"@type":"BreadcrumbList","@id":"https:\/\/orthopara.store\/index.php\/produit\/gel-nettoyant-dermedic-huileux-pour-le-visage-oilage-200ml\/#breadcrumb","itemListElement":[{"@type":"ListItem","position":1,"name":"Accueil","item":"https:\/\/orthopara.store\/"},{"@type":"ListItem","position":2,"name":"Shop","item":"https:\/\/orthopara.store\/?page_id=622"},{"@type":"ListItem","position":3,"name":"Gel nettoyant &#8211; Dermedic -huileux pour le visage &#8211; Oilage &#8211; 200ml"}]},{"@type":"WebSite","@id":"https:\/\/orthopara.store\/#website","url":"https:\/\/orthopara.store\/","name":"OrthoPara","description":"Parapharmacie","publisher":{"@id":"https:\/\/orthopara.store\/#organization"},"potentialAction":[{"@type":"SearchAction","target":{"@type":"EntryPoint","urlTemplate":"https:\/\/orthopara.store\/?s={search_term_string}"},"query-input":"required name=search_term_string"}],"inLanguage":"fr-FR"},{"@type":"Organization","@id":"https:\/\/orthopara.store\/#organization","name":"OrthoPara","url":"https:\/\/orthopara.store\/","logo":{"@type":"ImageObject","inLanguage":"fr-FR","@id":"https:\/\/orthopara.store\/#\/schema\/logo\/image\/","url":"https:\/\/orthopara.store\/wp-content\/uploads\/2024\/06\/cropped-9ABA8BAD-6256-4719-9315-15C66E64E882.png","contentUrl":"https:\/\/orthopara.store\/wp-content\/uploads\/2024\/06\/cropped-9ABA8BAD-6256-4719-9315-15C66E64E882.png","width":240,"height":72,"caption":"OrthoPara"},"image":{"@id":"https:\/\/orthopara.store\/#\/schema\/logo\/image\/"},"sameAs":["https:\/\/www.facebook.com\/profile.php?id=61561194315651","https:\/\/www.instagram.com\/orthopara_tunisie\/"]}]}},"jetpack_sharing_enabled":true,"brands":[{"id":54,"name":"DERMEDIC","slug":"dermedic"}],"_links":{"self":[{"href":"https:\/\/orthopara.store\/index.php?rest_route=\/wp\/v2\/product\/833","targetHints":{"allow":["GET"]}}],"collection":[{"href":"https:\/\/orthopara.store\/index.php?rest_route=\/wp\/v2\/product"}],"about":[{"href":"https:\/\/orthopara.store\/index.php?rest_route=\/wp\/v2\/types\/product"}],"replies":[{"embeddable":true,"href":"https:\/\/orthopara.store\/index.php?rest_route=%2Fwp%2Fv2%2Fcomments&post=833"}],"wp:featuredmedia":[{"embeddable":true,"href":"https:\/\/orthopara.store\/index.php?rest_route=\/wp\/v2\/media\/854"}],"wp:attachment":[{"href":"https:\/\/orthopara.store\/index.php?rest_route=%2Fwp%2Fv2%2Fmedia&parent=833"}],"wp:term":[{"taxonomy":"pwb-brand","embeddable":true,"href":"https:\/\/orthopara.store\/index.php?rest_route=%2Fwp%2Fv2%2Fpwb-brand&post=833"},{"taxonomy":"product_cat","embeddable":true,"href":"https:\/\/orthopara.store\/index.php?rest_route=%2Fwp%2Fv2%2Fproduct_cat&post=833"},{"taxonomy":"product_tag","embeddable":true,"href":"https:\/\/orthopara.store\/index.php?rest_route=%2Fwp%2Fv2%2Fproduct_tag&post=833"}],"curies":[{"name":"wp","href":"https:\/\/api.w.org\/{rel}","templated":true}]}}