{"id":835,"date":"2024-06-28T15:50:13","date_gmt":"2024-06-28T13:50:13","guid":{"rendered":"https:\/\/orthopara.store\/?post_type=product&#038;p=835"},"modified":"2024-06-28T15:50:21","modified_gmt":"2024-06-28T13:50:21","slug":"soin-hydratant-acm-anti-age-duolys-riche-40ml","status":"publish","type":"product","link":"https:\/\/orthopara.store\/?product=soin-hydratant-acm-anti-age-duolys-riche-40ml","title":{"rendered":"Soin hydratant ACM  &#8211; anti-\u00e2ge duolys riche &#8211; 40ml"},"content":{"rendered":"<p>Soin hydratant ACM\u00a0 &#8211; anti-\u00e2ge duolys riche &#8211; 40ml<br \/>\nCe soin lutte contre le vieillissement cutan\u00e9 en renfor\u00e7ant l\u2019hydratation des peaux s\u00e8ches \u00e0 tr\u00e8s s\u00e8ches.<br \/>\nLa d\u00e9shydratation est une cause importante du vieillissement de la peau, notamment des peaux s\u00e8ches qui ont tendance \u00e0 se rider plus vite. Gr\u00e2ce \u00e0 acm duolys riche la peau retrouve son taux d\u2019hydratation id\u00e9ale, ce qui la rend plus ferme, plus lumineuse et plus douce. Il s\u2019agit d\u2019une \u00e9mulsion \u00e0 cristaux liquides qui favorise une meilleure p\u00e9n\u00e9tration des actifs hydratants.<br \/>\nConseils d&rsquo;utilisation :<br \/>\nAppliquer matin et \/ou soir sur une peau propre et s\u00e8che sur l\u2019ensemble du visage et du cou. Peut-\u00eatre utilis\u00e9 apr\u00e8s l\u2019application du S\u00e9rum intensif anti-oxydant Duolys C.E ou le S\u00e9rum intensif anti-\u00e2ge Duolys Hyal pour optimiser l\u2019efficacit\u00e9 anti-\u00e2ge.<br \/>\nComposition :\u00a0<br \/>\nAqua (Water), Squalane, Propanediol, Caprylic\/Capric Triglyceride, Butyrospermum Parkii (Shea) Butter, Glycerin, C10-30 Cholesterol\/Lanosterol Esters, Dimethicone, Cetearyl Alcohol, Cetyl Palmitate, Xylitol, Sodium Hyaluronate, Zinc Lactate, Ceramide NP, Ceramide AP, Ceramide EOP, Tocopherol, Cholesterol, Hydroxyethyl Acrylate\/Sodium Acryloyldimethyl Taurate Copolymer, Sodium Levulinate, Glyceryl Stearate, PEG-100 Stearate, Cetearyl Glucoside, Sodium Anisate, Acrylates\/C10-30 Alkyl Acrylate Crosspolymer, Polysorbate 60, Xanthan Gum, Sorbitan Isostearate, Sodium Lauroyl Lactylate, Sodium Hydroxide, Phenoxyethanol, Phytosphingosine, Carbomer, Ethylhexylglycerin, Citric Acid, Parfum (Fragrance).<\/p>\n","protected":false},"excerpt":{"rendered":"<p>ACM duolys<br \/>\nSoin hydratant anti \u00e2ge<br \/>\nContenance 40ml<br \/>\nPour peaux s\u00e8ches \u00e0 tr\u00e8s s\u00e8ches<br \/>\nTexture Cr\u00e8me riche<br \/>\nMatin et\/ou Soir<br \/>\nB\u00e9n\u00e9fices R\u00e9pare, prot\u00e8ge, hydrate<\/p>\n<p>DLC : 09\/2024<\/p>\n","protected":false},"featured_media":856,"comment_status":"open","ping_status":"closed","template":"","meta":[],"pwb-brand":[59],"product_cat":[80],"product_tag":[],"class_list":{"0":"post-835","1":"product","2":"type-product","3":"status-publish","4":"has-post-thumbnail","6":"pwb-brand-acm","7":"product_cat-creme-peau-seche","8":"post","9":"ws-product--style-1","11":"first","12":"instock","13":"shipping-taxable","14":"purchasable","15":"product-type-simple"},"yoast_head":"<!-- This site is optimized with the Yoast SEO plugin v23.0 - https:\/\/yoast.com\/wordpress\/plugins\/seo\/ -->\n<title>Soin hydratant ACM - anti-\u00e2ge duolys riche - 40ml - OrthoPara<\/title>\n<meta name=\"robots\" content=\"index, follow, max-snippet:-1, max-image-preview:large, max-video-preview:-1\" \/>\n<link rel=\"canonical\" href=\"https:\/\/orthopara.store\/index.php\/produit\/soin-hydratant-acm-anti-age-duolys-riche-40ml\/\" \/>\n<meta property=\"og:locale\" content=\"fr_FR\" \/>\n<meta property=\"og:type\" content=\"article\" \/>\n<meta property=\"og:title\" content=\"Soin hydratant ACM - anti-\u00e2ge duolys riche - 40ml - OrthoPara\" \/>\n<meta property=\"og:description\" content=\"ACM duolys Soin hydratant anti \u00e2ge Contenance 40ml Pour peaux s\u00e8ches \u00e0 tr\u00e8s s\u00e8ches Texture Cr\u00e8me riche Matin et\/ou Soir B\u00e9n\u00e9fices R\u00e9pare, prot\u00e8ge, hydrate DLC : 09\/2024\" \/>\n<meta property=\"og:url\" content=\"https:\/\/orthopara.store\/index.php\/produit\/soin-hydratant-acm-anti-age-duolys-riche-40ml\/\" \/>\n<meta property=\"og:site_name\" content=\"OrthoPara\" \/>\n<meta property=\"article:publisher\" content=\"https:\/\/www.facebook.com\/profile.php?id=61561194315651\" \/>\n<meta property=\"article:modified_time\" content=\"2024-06-28T13:50:21+00:00\" \/>\n<meta property=\"og:image\" content=\"https:\/\/orthopara.store\/wp-content\/uploads\/2024\/06\/soin-hydratant-acm-anti-age-duolys-riche-40ml.jpg\" \/>\n\t<meta property=\"og:image:width\" content=\"800\" \/>\n\t<meta property=\"og:image:height\" content=\"800\" \/>\n\t<meta property=\"og:image:type\" content=\"image\/jpeg\" \/>\n<meta name=\"twitter:card\" content=\"summary_large_image\" \/>\n<meta name=\"twitter:label1\" content=\"Dur\u00e9e de lecture estim\u00e9e\" \/>\n\t<meta name=\"twitter:data1\" content=\"1 minute\" \/>\n<script type=\"application\/ld+json\" class=\"yoast-schema-graph\">{\"@context\":\"https:\/\/schema.org\",\"@graph\":[{\"@type\":\"WebPage\",\"@id\":\"https:\/\/orthopara.store\/index.php\/produit\/soin-hydratant-acm-anti-age-duolys-riche-40ml\/\",\"url\":\"https:\/\/orthopara.store\/index.php\/produit\/soin-hydratant-acm-anti-age-duolys-riche-40ml\/\",\"name\":\"Soin hydratant ACM - anti-\u00e2ge duolys riche - 40ml - OrthoPara\",\"isPartOf\":{\"@id\":\"https:\/\/orthopara.store\/#website\"},\"primaryImageOfPage\":{\"@id\":\"https:\/\/orthopara.store\/index.php\/produit\/soin-hydratant-acm-anti-age-duolys-riche-40ml\/#primaryimage\"},\"image\":{\"@id\":\"https:\/\/orthopara.store\/index.php\/produit\/soin-hydratant-acm-anti-age-duolys-riche-40ml\/#primaryimage\"},\"thumbnailUrl\":\"https:\/\/orthopara.store\/wp-content\/uploads\/2024\/06\/soin-hydratant-acm-anti-age-duolys-riche-40ml.jpg\",\"datePublished\":\"2024-06-28T13:50:13+00:00\",\"dateModified\":\"2024-06-28T13:50:21+00:00\",\"breadcrumb\":{\"@id\":\"https:\/\/orthopara.store\/index.php\/produit\/soin-hydratant-acm-anti-age-duolys-riche-40ml\/#breadcrumb\"},\"inLanguage\":\"fr-FR\",\"potentialAction\":[{\"@type\":\"ReadAction\",\"target\":[\"https:\/\/orthopara.store\/index.php\/produit\/soin-hydratant-acm-anti-age-duolys-riche-40ml\/\"]}]},{\"@type\":\"ImageObject\",\"inLanguage\":\"fr-FR\",\"@id\":\"https:\/\/orthopara.store\/index.php\/produit\/soin-hydratant-acm-anti-age-duolys-riche-40ml\/#primaryimage\",\"url\":\"https:\/\/orthopara.store\/wp-content\/uploads\/2024\/06\/soin-hydratant-acm-anti-age-duolys-riche-40ml.jpg\",\"contentUrl\":\"https:\/\/orthopara.store\/wp-content\/uploads\/2024\/06\/soin-hydratant-acm-anti-age-duolys-riche-40ml.jpg\",\"width\":800,\"height\":800},{\"@type\":\"BreadcrumbList\",\"@id\":\"https:\/\/orthopara.store\/index.php\/produit\/soin-hydratant-acm-anti-age-duolys-riche-40ml\/#breadcrumb\",\"itemListElement\":[{\"@type\":\"ListItem\",\"position\":1,\"name\":\"Accueil\",\"item\":\"https:\/\/orthopara.store\/\"},{\"@type\":\"ListItem\",\"position\":2,\"name\":\"Shop\",\"item\":\"https:\/\/orthopara.store\/?page_id=622\"},{\"@type\":\"ListItem\",\"position\":3,\"name\":\"Soin hydratant ACM &#8211; anti-\u00e2ge duolys riche &#8211; 40ml\"}]},{\"@type\":\"WebSite\",\"@id\":\"https:\/\/orthopara.store\/#website\",\"url\":\"https:\/\/orthopara.store\/\",\"name\":\"OrthoPara\",\"description\":\"Parapharmacie\",\"publisher\":{\"@id\":\"https:\/\/orthopara.store\/#organization\"},\"potentialAction\":[{\"@type\":\"SearchAction\",\"target\":{\"@type\":\"EntryPoint\",\"urlTemplate\":\"https:\/\/orthopara.store\/?s={search_term_string}\"},\"query-input\":\"required name=search_term_string\"}],\"inLanguage\":\"fr-FR\"},{\"@type\":\"Organization\",\"@id\":\"https:\/\/orthopara.store\/#organization\",\"name\":\"OrthoPara\",\"url\":\"https:\/\/orthopara.store\/\",\"logo\":{\"@type\":\"ImageObject\",\"inLanguage\":\"fr-FR\",\"@id\":\"https:\/\/orthopara.store\/#\/schema\/logo\/image\/\",\"url\":\"https:\/\/orthopara.store\/wp-content\/uploads\/2024\/06\/cropped-9ABA8BAD-6256-4719-9315-15C66E64E882.png\",\"contentUrl\":\"https:\/\/orthopara.store\/wp-content\/uploads\/2024\/06\/cropped-9ABA8BAD-6256-4719-9315-15C66E64E882.png\",\"width\":240,\"height\":72,\"caption\":\"OrthoPara\"},\"image\":{\"@id\":\"https:\/\/orthopara.store\/#\/schema\/logo\/image\/\"},\"sameAs\":[\"https:\/\/www.facebook.com\/profile.php?id=61561194315651\",\"https:\/\/www.instagram.com\/orthopara_tunisie\/\"]}]}<\/script>\n<!-- \/ Yoast SEO plugin. -->","yoast_head_json":{"title":"Soin hydratant ACM - anti-\u00e2ge duolys riche - 40ml - OrthoPara","robots":{"index":"index","follow":"follow","max-snippet":"max-snippet:-1","max-image-preview":"max-image-preview:large","max-video-preview":"max-video-preview:-1"},"canonical":"https:\/\/orthopara.store\/index.php\/produit\/soin-hydratant-acm-anti-age-duolys-riche-40ml\/","og_locale":"fr_FR","og_type":"article","og_title":"Soin hydratant ACM - anti-\u00e2ge duolys riche - 40ml - OrthoPara","og_description":"ACM duolys Soin hydratant anti \u00e2ge Contenance 40ml Pour peaux s\u00e8ches \u00e0 tr\u00e8s s\u00e8ches Texture Cr\u00e8me riche Matin et\/ou Soir B\u00e9n\u00e9fices R\u00e9pare, prot\u00e8ge, hydrate DLC : 09\/2024","og_url":"https:\/\/orthopara.store\/index.php\/produit\/soin-hydratant-acm-anti-age-duolys-riche-40ml\/","og_site_name":"OrthoPara","article_publisher":"https:\/\/www.facebook.com\/profile.php?id=61561194315651","article_modified_time":"2024-06-28T13:50:21+00:00","og_image":[{"width":800,"height":800,"url":"https:\/\/orthopara.store\/wp-content\/uploads\/2024\/06\/soin-hydratant-acm-anti-age-duolys-riche-40ml.jpg","type":"image\/jpeg"}],"twitter_card":"summary_large_image","twitter_misc":{"Dur\u00e9e de lecture estim\u00e9e":"1 minute"},"schema":{"@context":"https:\/\/schema.org","@graph":[{"@type":"WebPage","@id":"https:\/\/orthopara.store\/index.php\/produit\/soin-hydratant-acm-anti-age-duolys-riche-40ml\/","url":"https:\/\/orthopara.store\/index.php\/produit\/soin-hydratant-acm-anti-age-duolys-riche-40ml\/","name":"Soin hydratant ACM - anti-\u00e2ge duolys riche - 40ml - OrthoPara","isPartOf":{"@id":"https:\/\/orthopara.store\/#website"},"primaryImageOfPage":{"@id":"https:\/\/orthopara.store\/index.php\/produit\/soin-hydratant-acm-anti-age-duolys-riche-40ml\/#primaryimage"},"image":{"@id":"https:\/\/orthopara.store\/index.php\/produit\/soin-hydratant-acm-anti-age-duolys-riche-40ml\/#primaryimage"},"thumbnailUrl":"https:\/\/orthopara.store\/wp-content\/uploads\/2024\/06\/soin-hydratant-acm-anti-age-duolys-riche-40ml.jpg","datePublished":"2024-06-28T13:50:13+00:00","dateModified":"2024-06-28T13:50:21+00:00","breadcrumb":{"@id":"https:\/\/orthopara.store\/index.php\/produit\/soin-hydratant-acm-anti-age-duolys-riche-40ml\/#breadcrumb"},"inLanguage":"fr-FR","potentialAction":[{"@type":"ReadAction","target":["https:\/\/orthopara.store\/index.php\/produit\/soin-hydratant-acm-anti-age-duolys-riche-40ml\/"]}]},{"@type":"ImageObject","inLanguage":"fr-FR","@id":"https:\/\/orthopara.store\/index.php\/produit\/soin-hydratant-acm-anti-age-duolys-riche-40ml\/#primaryimage","url":"https:\/\/orthopara.store\/wp-content\/uploads\/2024\/06\/soin-hydratant-acm-anti-age-duolys-riche-40ml.jpg","contentUrl":"https:\/\/orthopara.store\/wp-content\/uploads\/2024\/06\/soin-hydratant-acm-anti-age-duolys-riche-40ml.jpg","width":800,"height":800},{"@type":"BreadcrumbList","@id":"https:\/\/orthopara.store\/index.php\/produit\/soin-hydratant-acm-anti-age-duolys-riche-40ml\/#breadcrumb","itemListElement":[{"@type":"ListItem","position":1,"name":"Accueil","item":"https:\/\/orthopara.store\/"},{"@type":"ListItem","position":2,"name":"Shop","item":"https:\/\/orthopara.store\/?page_id=622"},{"@type":"ListItem","position":3,"name":"Soin hydratant ACM &#8211; anti-\u00e2ge duolys riche &#8211; 40ml"}]},{"@type":"WebSite","@id":"https:\/\/orthopara.store\/#website","url":"https:\/\/orthopara.store\/","name":"OrthoPara","description":"Parapharmacie","publisher":{"@id":"https:\/\/orthopara.store\/#organization"},"potentialAction":[{"@type":"SearchAction","target":{"@type":"EntryPoint","urlTemplate":"https:\/\/orthopara.store\/?s={search_term_string}"},"query-input":"required name=search_term_string"}],"inLanguage":"fr-FR"},{"@type":"Organization","@id":"https:\/\/orthopara.store\/#organization","name":"OrthoPara","url":"https:\/\/orthopara.store\/","logo":{"@type":"ImageObject","inLanguage":"fr-FR","@id":"https:\/\/orthopara.store\/#\/schema\/logo\/image\/","url":"https:\/\/orthopara.store\/wp-content\/uploads\/2024\/06\/cropped-9ABA8BAD-6256-4719-9315-15C66E64E882.png","contentUrl":"https:\/\/orthopara.store\/wp-content\/uploads\/2024\/06\/cropped-9ABA8BAD-6256-4719-9315-15C66E64E882.png","width":240,"height":72,"caption":"OrthoPara"},"image":{"@id":"https:\/\/orthopara.store\/#\/schema\/logo\/image\/"},"sameAs":["https:\/\/www.facebook.com\/profile.php?id=61561194315651","https:\/\/www.instagram.com\/orthopara_tunisie\/"]}]}},"jetpack_sharing_enabled":true,"brands":[{"id":59,"name":"ACM","slug":"acm"}],"_links":{"self":[{"href":"https:\/\/orthopara.store\/index.php?rest_route=\/wp\/v2\/product\/835","targetHints":{"allow":["GET"]}}],"collection":[{"href":"https:\/\/orthopara.store\/index.php?rest_route=\/wp\/v2\/product"}],"about":[{"href":"https:\/\/orthopara.store\/index.php?rest_route=\/wp\/v2\/types\/product"}],"replies":[{"embeddable":true,"href":"https:\/\/orthopara.store\/index.php?rest_route=%2Fwp%2Fv2%2Fcomments&post=835"}],"wp:featuredmedia":[{"embeddable":true,"href":"https:\/\/orthopara.store\/index.php?rest_route=\/wp\/v2\/media\/856"}],"wp:attachment":[{"href":"https:\/\/orthopara.store\/index.php?rest_route=%2Fwp%2Fv2%2Fmedia&parent=835"}],"wp:term":[{"taxonomy":"pwb-brand","embeddable":true,"href":"https:\/\/orthopara.store\/index.php?rest_route=%2Fwp%2Fv2%2Fpwb-brand&post=835"},{"taxonomy":"product_cat","embeddable":true,"href":"https:\/\/orthopara.store\/index.php?rest_route=%2Fwp%2Fv2%2Fproduct_cat&post=835"},{"taxonomy":"product_tag","embeddable":true,"href":"https:\/\/orthopara.store\/index.php?rest_route=%2Fwp%2Fv2%2Fproduct_tag&post=835"}],"curies":[{"name":"wp","href":"https:\/\/api.w.org\/{rel}","templated":true}]}}