{"id":864,"date":"2024-06-28T15:50:24","date_gmt":"2024-06-28T13:50:24","guid":{"rendered":"https:\/\/orthopara.store\/?post_type=product&#038;p=864"},"modified":"2024-06-28T15:50:27","modified_gmt":"2024-06-28T13:50:27","slug":"endocare-tensage-serum-serum-raffermissant-regenerateur-30ml","status":"publish","type":"product","link":"https:\/\/orthopara.store\/?product=endocare-tensage-serum-serum-raffermissant-regenerateur-30ml","title":{"rendered":"Endocare tensage serum &#8211; S\u00e9rum raffermissant r\u00e9g\u00e9n\u00e9rateur &#8211; 30ml"},"content":{"rendered":"<p>Endocare Tensage Serum Raffermissant R\u00e9g\u00e9n\u00e9rateur est un s\u00e9rum anti-\u00e2ge l\u00e9ger vite absorbe, qui aide a pr\u00e9venir et r\u00e9duire les signes visibles du vieillissement de la peau Sa puissante formulation r\u00e9g\u00e9n\u00e9ratrice, raffermissante et illuminatrice<br \/>\naide a renouveler les structures dermiques de soutien, att\u00e9nuant les rides et ridules. et favorisant une peau plus lumineuse Indique pour tous types de peaux, inclues les peaux mixtes et grasses Contient la technologie Facteurs de croissance SCA source naturelle de r\u00e9g\u00e9n\u00e9ration cutan\u00e9e avec des propri\u00e9t\u00e9s antioxydantes et r\u00e9paratrices<br \/>\nEfficacit\u00e9 cliniquement prouv\u00e9e pour les peaux agress\u00e9es et le chrono\/photo vieillissement cutan\u00e9.<\/p>\n<p>Composition:<br \/>\nTechnologie SCA\u00ae Growth Factor (Technologie riche en facteurs de croissance pr\u00e9sente dans la marque de cosm\u00e9tiques anti-\u00e2ge ENDOCARE\u00ae. Il agit directement sur les fibroblastes pour r\u00e9parer et stimuler les cellules \u00e2g\u00e9es en les faisant se comporter comme des cellules jeunes et synth\u00e9tiser du collag\u00e8ne de qualit\u00e9)<br \/>\nTensderm (ingr\u00e9dient \u00e0 effet raffermissant puissant)<br \/>\nVitamine C<br \/>\nVitamine E<br \/>\nNicotinamide<\/p>\n<p>Mode d&#8217;emploi:<br \/>\nAppliquer une ou deux fois par jour sur la peau propre du visage et du cou en massant doucement pour faciliter l&rsquo;absorption.<br \/>\nPeut \u00eatre utilis\u00e9 seul ou apr\u00e8s d&rsquo;autres produits dermocosm\u00e9tiques.<\/p>\n<p>Pr\u00e9cautions:<br \/>\nUsage externe seulement Conserver \u00e0 une temp\u00e9rature inf\u00e9rieure \u00e0 30\u00b0C.<br \/>\nTest\u00e9 sous contr\u00f4le dermatologique.<\/p>\n<p>Contenance :<br \/>\n30ml<\/p>\n","protected":false},"excerpt":{"rendered":"<p>S\u00e9rum raffermissant et r\u00e9g\u00e9n\u00e9rant,\u00a0l\u00e9ger \u00e0 absorption facile indiqu\u00e9 pour tous les types de peau, qui restaure la fermet\u00e9 et l&rsquo;\u00e9lasticit\u00e9 perdue de la peau.<br \/>\nFormul\u00e9 avec la technologie des facteurs de croissance SCA\u00ae et Tensderm combin\u00e9e \u00e0 de puissants ingr\u00e9dients actifs r\u00e9g\u00e9n\u00e9rants, raffermissants et \u00e9claircissants qui contribuent au renouvellement des structures de soutien dermiques, illuminant et unifiant la peau, et r\u00e9duisant les rides et les ridules. Test\u00e9 sous contr\u00f4le dermatologique.<\/p>\n","protected":false},"featured_media":877,"comment_status":"open","ping_status":"closed","template":"","meta":[],"pwb-brand":[50],"product_cat":[88],"product_tag":[],"class_list":{"0":"post-864","1":"product","2":"type-product","3":"status-publish","4":"has-post-thumbnail","6":"pwb-brand-cantabria-labs","7":"product_cat-creme-peau-grasse","8":"post","9":"ws-product--style-1","11":"first","12":"instock","13":"shipping-taxable","14":"purchasable","15":"product-type-simple"},"yoast_head":"<!-- This site is optimized with the Yoast SEO plugin v23.0 - https:\/\/yoast.com\/wordpress\/plugins\/seo\/ -->\n<title>Endocare tensage serum - S\u00e9rum raffermissant r\u00e9g\u00e9n\u00e9rateur - 30ml - OrthoPara<\/title>\n<meta name=\"robots\" content=\"index, follow, max-snippet:-1, max-image-preview:large, max-video-preview:-1\" \/>\n<link rel=\"canonical\" href=\"https:\/\/orthopara.store\/index.php\/produit\/endocare-tensage-serum-serum-raffermissant-regenerateur-30ml\/\" \/>\n<meta property=\"og:locale\" content=\"fr_FR\" \/>\n<meta property=\"og:type\" content=\"article\" \/>\n<meta property=\"og:title\" content=\"Endocare tensage serum - S\u00e9rum raffermissant r\u00e9g\u00e9n\u00e9rateur - 30ml - OrthoPara\" \/>\n<meta property=\"og:description\" content=\"S\u00e9rum raffermissant et r\u00e9g\u00e9n\u00e9rant,\u00a0l\u00e9ger \u00e0 absorption facile indiqu\u00e9 pour tous les types de peau, qui restaure la fermet\u00e9 et l&#039;\u00e9lasticit\u00e9 perdue de la peau. Formul\u00e9 avec la technologie des facteurs de croissance SCA\u00ae et Tensderm combin\u00e9e \u00e0 de puissants ingr\u00e9dients actifs r\u00e9g\u00e9n\u00e9rants, raffermissants et \u00e9claircissants qui contribuent au renouvellement des structures de soutien dermiques, illuminant et unifiant la peau, et r\u00e9duisant les rides et les ridules. Test\u00e9 sous contr\u00f4le dermatologique.\" \/>\n<meta property=\"og:url\" content=\"https:\/\/orthopara.store\/index.php\/produit\/endocare-tensage-serum-serum-raffermissant-regenerateur-30ml\/\" \/>\n<meta property=\"og:site_name\" content=\"OrthoPara\" \/>\n<meta property=\"article:publisher\" content=\"https:\/\/www.facebook.com\/profile.php?id=61561194315651\" \/>\n<meta property=\"article:modified_time\" content=\"2024-06-28T13:50:27+00:00\" \/>\n<meta property=\"og:image\" content=\"https:\/\/orthopara.store\/wp-content\/uploads\/2024\/06\/endocare-tensage-serum-serum-raffermissant-regenerateur-30ml.jpg\" \/>\n\t<meta property=\"og:image:width\" content=\"800\" \/>\n\t<meta property=\"og:image:height\" content=\"800\" \/>\n\t<meta property=\"og:image:type\" content=\"image\/jpeg\" \/>\n<meta name=\"twitter:card\" content=\"summary_large_image\" \/>\n<meta name=\"twitter:label1\" content=\"Dur\u00e9e de lecture estim\u00e9e\" \/>\n\t<meta name=\"twitter:data1\" content=\"1 minute\" \/>\n<script type=\"application\/ld+json\" class=\"yoast-schema-graph\">{\"@context\":\"https:\/\/schema.org\",\"@graph\":[{\"@type\":\"WebPage\",\"@id\":\"https:\/\/orthopara.store\/index.php\/produit\/endocare-tensage-serum-serum-raffermissant-regenerateur-30ml\/\",\"url\":\"https:\/\/orthopara.store\/index.php\/produit\/endocare-tensage-serum-serum-raffermissant-regenerateur-30ml\/\",\"name\":\"Endocare tensage serum - S\u00e9rum raffermissant r\u00e9g\u00e9n\u00e9rateur - 30ml - OrthoPara\",\"isPartOf\":{\"@id\":\"https:\/\/orthopara.store\/#website\"},\"primaryImageOfPage\":{\"@id\":\"https:\/\/orthopara.store\/index.php\/produit\/endocare-tensage-serum-serum-raffermissant-regenerateur-30ml\/#primaryimage\"},\"image\":{\"@id\":\"https:\/\/orthopara.store\/index.php\/produit\/endocare-tensage-serum-serum-raffermissant-regenerateur-30ml\/#primaryimage\"},\"thumbnailUrl\":\"https:\/\/orthopara.store\/wp-content\/uploads\/2024\/06\/endocare-tensage-serum-serum-raffermissant-regenerateur-30ml.jpg\",\"datePublished\":\"2024-06-28T13:50:24+00:00\",\"dateModified\":\"2024-06-28T13:50:27+00:00\",\"breadcrumb\":{\"@id\":\"https:\/\/orthopara.store\/index.php\/produit\/endocare-tensage-serum-serum-raffermissant-regenerateur-30ml\/#breadcrumb\"},\"inLanguage\":\"fr-FR\",\"potentialAction\":[{\"@type\":\"ReadAction\",\"target\":[\"https:\/\/orthopara.store\/index.php\/produit\/endocare-tensage-serum-serum-raffermissant-regenerateur-30ml\/\"]}]},{\"@type\":\"ImageObject\",\"inLanguage\":\"fr-FR\",\"@id\":\"https:\/\/orthopara.store\/index.php\/produit\/endocare-tensage-serum-serum-raffermissant-regenerateur-30ml\/#primaryimage\",\"url\":\"https:\/\/orthopara.store\/wp-content\/uploads\/2024\/06\/endocare-tensage-serum-serum-raffermissant-regenerateur-30ml.jpg\",\"contentUrl\":\"https:\/\/orthopara.store\/wp-content\/uploads\/2024\/06\/endocare-tensage-serum-serum-raffermissant-regenerateur-30ml.jpg\",\"width\":800,\"height\":800},{\"@type\":\"BreadcrumbList\",\"@id\":\"https:\/\/orthopara.store\/index.php\/produit\/endocare-tensage-serum-serum-raffermissant-regenerateur-30ml\/#breadcrumb\",\"itemListElement\":[{\"@type\":\"ListItem\",\"position\":1,\"name\":\"Accueil\",\"item\":\"https:\/\/orthopara.store\/\"},{\"@type\":\"ListItem\",\"position\":2,\"name\":\"Shop\",\"item\":\"https:\/\/orthopara.store\/?page_id=622\"},{\"@type\":\"ListItem\",\"position\":3,\"name\":\"Endocare tensage serum &#8211; S\u00e9rum raffermissant r\u00e9g\u00e9n\u00e9rateur &#8211; 30ml\"}]},{\"@type\":\"WebSite\",\"@id\":\"https:\/\/orthopara.store\/#website\",\"url\":\"https:\/\/orthopara.store\/\",\"name\":\"OrthoPara\",\"description\":\"Parapharmacie\",\"publisher\":{\"@id\":\"https:\/\/orthopara.store\/#organization\"},\"potentialAction\":[{\"@type\":\"SearchAction\",\"target\":{\"@type\":\"EntryPoint\",\"urlTemplate\":\"https:\/\/orthopara.store\/?s={search_term_string}\"},\"query-input\":\"required name=search_term_string\"}],\"inLanguage\":\"fr-FR\"},{\"@type\":\"Organization\",\"@id\":\"https:\/\/orthopara.store\/#organization\",\"name\":\"OrthoPara\",\"url\":\"https:\/\/orthopara.store\/\",\"logo\":{\"@type\":\"ImageObject\",\"inLanguage\":\"fr-FR\",\"@id\":\"https:\/\/orthopara.store\/#\/schema\/logo\/image\/\",\"url\":\"https:\/\/orthopara.store\/wp-content\/uploads\/2024\/06\/cropped-9ABA8BAD-6256-4719-9315-15C66E64E882.png\",\"contentUrl\":\"https:\/\/orthopara.store\/wp-content\/uploads\/2024\/06\/cropped-9ABA8BAD-6256-4719-9315-15C66E64E882.png\",\"width\":240,\"height\":72,\"caption\":\"OrthoPara\"},\"image\":{\"@id\":\"https:\/\/orthopara.store\/#\/schema\/logo\/image\/\"},\"sameAs\":[\"https:\/\/www.facebook.com\/profile.php?id=61561194315651\",\"https:\/\/www.instagram.com\/orthopara_tunisie\/\"]}]}<\/script>\n<!-- \/ Yoast SEO plugin. -->","yoast_head_json":{"title":"Endocare tensage serum - S\u00e9rum raffermissant r\u00e9g\u00e9n\u00e9rateur - 30ml - OrthoPara","robots":{"index":"index","follow":"follow","max-snippet":"max-snippet:-1","max-image-preview":"max-image-preview:large","max-video-preview":"max-video-preview:-1"},"canonical":"https:\/\/orthopara.store\/index.php\/produit\/endocare-tensage-serum-serum-raffermissant-regenerateur-30ml\/","og_locale":"fr_FR","og_type":"article","og_title":"Endocare tensage serum - S\u00e9rum raffermissant r\u00e9g\u00e9n\u00e9rateur - 30ml - OrthoPara","og_description":"S\u00e9rum raffermissant et r\u00e9g\u00e9n\u00e9rant,\u00a0l\u00e9ger \u00e0 absorption facile indiqu\u00e9 pour tous les types de peau, qui restaure la fermet\u00e9 et l'\u00e9lasticit\u00e9 perdue de la peau. Formul\u00e9 avec la technologie des facteurs de croissance SCA\u00ae et Tensderm combin\u00e9e \u00e0 de puissants ingr\u00e9dients actifs r\u00e9g\u00e9n\u00e9rants, raffermissants et \u00e9claircissants qui contribuent au renouvellement des structures de soutien dermiques, illuminant et unifiant la peau, et r\u00e9duisant les rides et les ridules. Test\u00e9 sous contr\u00f4le dermatologique.","og_url":"https:\/\/orthopara.store\/index.php\/produit\/endocare-tensage-serum-serum-raffermissant-regenerateur-30ml\/","og_site_name":"OrthoPara","article_publisher":"https:\/\/www.facebook.com\/profile.php?id=61561194315651","article_modified_time":"2024-06-28T13:50:27+00:00","og_image":[{"width":800,"height":800,"url":"https:\/\/orthopara.store\/wp-content\/uploads\/2024\/06\/endocare-tensage-serum-serum-raffermissant-regenerateur-30ml.jpg","type":"image\/jpeg"}],"twitter_card":"summary_large_image","twitter_misc":{"Dur\u00e9e de lecture estim\u00e9e":"1 minute"},"schema":{"@context":"https:\/\/schema.org","@graph":[{"@type":"WebPage","@id":"https:\/\/orthopara.store\/index.php\/produit\/endocare-tensage-serum-serum-raffermissant-regenerateur-30ml\/","url":"https:\/\/orthopara.store\/index.php\/produit\/endocare-tensage-serum-serum-raffermissant-regenerateur-30ml\/","name":"Endocare tensage serum - S\u00e9rum raffermissant r\u00e9g\u00e9n\u00e9rateur - 30ml - OrthoPara","isPartOf":{"@id":"https:\/\/orthopara.store\/#website"},"primaryImageOfPage":{"@id":"https:\/\/orthopara.store\/index.php\/produit\/endocare-tensage-serum-serum-raffermissant-regenerateur-30ml\/#primaryimage"},"image":{"@id":"https:\/\/orthopara.store\/index.php\/produit\/endocare-tensage-serum-serum-raffermissant-regenerateur-30ml\/#primaryimage"},"thumbnailUrl":"https:\/\/orthopara.store\/wp-content\/uploads\/2024\/06\/endocare-tensage-serum-serum-raffermissant-regenerateur-30ml.jpg","datePublished":"2024-06-28T13:50:24+00:00","dateModified":"2024-06-28T13:50:27+00:00","breadcrumb":{"@id":"https:\/\/orthopara.store\/index.php\/produit\/endocare-tensage-serum-serum-raffermissant-regenerateur-30ml\/#breadcrumb"},"inLanguage":"fr-FR","potentialAction":[{"@type":"ReadAction","target":["https:\/\/orthopara.store\/index.php\/produit\/endocare-tensage-serum-serum-raffermissant-regenerateur-30ml\/"]}]},{"@type":"ImageObject","inLanguage":"fr-FR","@id":"https:\/\/orthopara.store\/index.php\/produit\/endocare-tensage-serum-serum-raffermissant-regenerateur-30ml\/#primaryimage","url":"https:\/\/orthopara.store\/wp-content\/uploads\/2024\/06\/endocare-tensage-serum-serum-raffermissant-regenerateur-30ml.jpg","contentUrl":"https:\/\/orthopara.store\/wp-content\/uploads\/2024\/06\/endocare-tensage-serum-serum-raffermissant-regenerateur-30ml.jpg","width":800,"height":800},{"@type":"BreadcrumbList","@id":"https:\/\/orthopara.store\/index.php\/produit\/endocare-tensage-serum-serum-raffermissant-regenerateur-30ml\/#breadcrumb","itemListElement":[{"@type":"ListItem","position":1,"name":"Accueil","item":"https:\/\/orthopara.store\/"},{"@type":"ListItem","position":2,"name":"Shop","item":"https:\/\/orthopara.store\/?page_id=622"},{"@type":"ListItem","position":3,"name":"Endocare tensage serum &#8211; S\u00e9rum raffermissant r\u00e9g\u00e9n\u00e9rateur &#8211; 30ml"}]},{"@type":"WebSite","@id":"https:\/\/orthopara.store\/#website","url":"https:\/\/orthopara.store\/","name":"OrthoPara","description":"Parapharmacie","publisher":{"@id":"https:\/\/orthopara.store\/#organization"},"potentialAction":[{"@type":"SearchAction","target":{"@type":"EntryPoint","urlTemplate":"https:\/\/orthopara.store\/?s={search_term_string}"},"query-input":"required name=search_term_string"}],"inLanguage":"fr-FR"},{"@type":"Organization","@id":"https:\/\/orthopara.store\/#organization","name":"OrthoPara","url":"https:\/\/orthopara.store\/","logo":{"@type":"ImageObject","inLanguage":"fr-FR","@id":"https:\/\/orthopara.store\/#\/schema\/logo\/image\/","url":"https:\/\/orthopara.store\/wp-content\/uploads\/2024\/06\/cropped-9ABA8BAD-6256-4719-9315-15C66E64E882.png","contentUrl":"https:\/\/orthopara.store\/wp-content\/uploads\/2024\/06\/cropped-9ABA8BAD-6256-4719-9315-15C66E64E882.png","width":240,"height":72,"caption":"OrthoPara"},"image":{"@id":"https:\/\/orthopara.store\/#\/schema\/logo\/image\/"},"sameAs":["https:\/\/www.facebook.com\/profile.php?id=61561194315651","https:\/\/www.instagram.com\/orthopara_tunisie\/"]}]}},"jetpack_sharing_enabled":true,"brands":[{"id":50,"name":"Cantabria Labs","slug":"cantabria-labs"}],"_links":{"self":[{"href":"https:\/\/orthopara.store\/index.php?rest_route=\/wp\/v2\/product\/864","targetHints":{"allow":["GET"]}}],"collection":[{"href":"https:\/\/orthopara.store\/index.php?rest_route=\/wp\/v2\/product"}],"about":[{"href":"https:\/\/orthopara.store\/index.php?rest_route=\/wp\/v2\/types\/product"}],"replies":[{"embeddable":true,"href":"https:\/\/orthopara.store\/index.php?rest_route=%2Fwp%2Fv2%2Fcomments&post=864"}],"wp:featuredmedia":[{"embeddable":true,"href":"https:\/\/orthopara.store\/index.php?rest_route=\/wp\/v2\/media\/877"}],"wp:attachment":[{"href":"https:\/\/orthopara.store\/index.php?rest_route=%2Fwp%2Fv2%2Fmedia&parent=864"}],"wp:term":[{"taxonomy":"pwb-brand","embeddable":true,"href":"https:\/\/orthopara.store\/index.php?rest_route=%2Fwp%2Fv2%2Fpwb-brand&post=864"},{"taxonomy":"product_cat","embeddable":true,"href":"https:\/\/orthopara.store\/index.php?rest_route=%2Fwp%2Fv2%2Fproduct_cat&post=864"},{"taxonomy":"product_tag","embeddable":true,"href":"https:\/\/orthopara.store\/index.php?rest_route=%2Fwp%2Fv2%2Fproduct_tag&post=864"}],"curies":[{"name":"wp","href":"https:\/\/api.w.org\/{rel}","templated":true}]}}