{"id":866,"date":"2024-06-28T15:50:25","date_gmt":"2024-06-28T13:50:25","guid":{"rendered":"https:\/\/orthopara.store\/?post_type=product&#038;p=866"},"modified":"2024-06-28T15:50:28","modified_gmt":"2024-06-28T13:50:28","slug":"soin-lissant-anti-rides-anti-imperfections-acm-boreade-sl-40ml","status":"publish","type":"product","link":"https:\/\/orthopara.store\/?product=soin-lissant-anti-rides-anti-imperfections-acm-boreade-sl-40ml","title":{"rendered":"Soin lissant anti-rides &#038; anti-imperfections &#8211; Acm Bor\u00e9ade SL &#8211; 40ml"},"content":{"rendered":"<p>Soin lissant anti-rides &#038; anti-imperfections &#8211; Acm Bor\u00e9ade SL &#8211; 40ml<br \/>\nCe soin lissant d&rsquo;ACM, \u00e0 la texture l\u00e9g\u00e8re et soyeuse, poss\u00e8de une double action anti-acn\u00e9ique et anti-\u00e2ge. Son complexe triple action S.M.A. resserre les pores dilat\u00e9s, diminue les points noirs et pr\u00e9vient l\u2019apparition des imperfections qui perdurent apr\u00e8s l\u2019adolescence.<br \/>\nLe grain de peau est affin\u00e9 gr\u00e2ce aux AHA \u00e0 lib\u00e9ration prolong\u00e9e reconnus pour leur action exfoliante. Ce soin contient \u00e9galement une association d\u2019hydrolysat de maca, de vitamine E et de vitamine C qui lisse les rides, r\u00e9duit leur nombre, leur largeur et leur profondeur.<br \/>\nb\u00e9n\u00e9fices :\u00a0<br \/>\nLa peau est apais\u00e9e gr\u00e2ce aux peptides de quinoa issus du commerce \u00e9quitable.<br \/>\nAu fil des utilisations, le grain de la peau s\u2019affine, les imperfections disparaissent, les premi\u00e8res rides sont liss\u00e9es et le teint est unifi\u00e9.<br \/>\nConseils d&rsquo;utilisation :\u00a0<br \/>\nAppliquer matin et soir sur le visage propre et sec. Peut-\u00eatre utilis\u00e9 seul ou en association \u00e0 des traitements anti-acn\u00e9iques. Peut servir de base de maquillage.<br \/>\n\u00c9viter le contour des yeux.<br \/>\nEviter l\u2019exposition au soleil ou utiliser une protection adapt\u00e9e en raison du risque de sensibilit\u00e9 cutan\u00e9e accrue aux UV lors de l\u2019utilisation de produits contenant des AHA.<\/p>\n","protected":false},"excerpt":{"rendered":"<p>ACM &#8211; Bor\u00e9ade SL<br \/>\n Soin lissant destin\u00e9 aux peaux adultes avec l&rsquo;acn\u00e9s\u00a0<br \/>\n92% d\u2019ingr\u00e9dients d\u2019origine naturelle<\/p>\n<p>Lisse les rides, affine le grain de peau et limite la r\u00e9apparition des imperfections persistantes<\/p>\n<p>Types de peaux : Mixtes \u00e0 grasses, id\u00e9al pour les femmes adultes<br \/>\nTexture : Cr\u00e8me l\u00e9g\u00e8re<br \/>\nQuand : Matin et soir<br \/>\nContenance :\u00a040 ml<\/p>\n<p>DLC : 10\/2024<\/p>\n","protected":false},"featured_media":879,"comment_status":"open","ping_status":"closed","template":"","meta":[],"pwb-brand":[59],"product_cat":[88],"product_tag":[],"class_list":{"0":"post-866","1":"product","2":"type-product","3":"status-publish","4":"has-post-thumbnail","6":"pwb-brand-acm","7":"product_cat-creme-peau-grasse","8":"post","9":"ws-product--style-1","11":"first","12":"instock","13":"shipping-taxable","14":"purchasable","15":"product-type-simple"},"yoast_head":"<!-- This site is optimized with the Yoast SEO plugin v23.0 - https:\/\/yoast.com\/wordpress\/plugins\/seo\/ -->\n<title>Soin lissant anti-rides &amp; anti-imperfections - Acm Bor\u00e9ade SL - 40ml - OrthoPara<\/title>\n<meta name=\"robots\" content=\"index, follow, max-snippet:-1, max-image-preview:large, max-video-preview:-1\" \/>\n<link rel=\"canonical\" href=\"https:\/\/orthopara.store\/index.php\/produit\/soin-lissant-anti-rides-anti-imperfections-acm-boreade-sl-40ml\/\" \/>\n<meta property=\"og:locale\" content=\"fr_FR\" \/>\n<meta property=\"og:type\" content=\"article\" \/>\n<meta property=\"og:title\" content=\"Soin lissant anti-rides &amp; anti-imperfections - Acm Bor\u00e9ade SL - 40ml - OrthoPara\" \/>\n<meta property=\"og:description\" content=\"ACM - Bor\u00e9ade SL Soin lissant destin\u00e9 aux peaux adultes avec l&#039;acn\u00e9s\u00a0 92% d\u2019ingr\u00e9dients d\u2019origine naturelle Lisse les rides, affine le grain de peau et limite la r\u00e9apparition des imperfections persistantes Types de peaux : Mixtes \u00e0 grasses, id\u00e9al pour les femmes adultes Texture : Cr\u00e8me l\u00e9g\u00e8re Quand : Matin et soir Contenance :\u00a040 ml DLC : 10\/2024\" \/>\n<meta property=\"og:url\" content=\"https:\/\/orthopara.store\/index.php\/produit\/soin-lissant-anti-rides-anti-imperfections-acm-boreade-sl-40ml\/\" \/>\n<meta property=\"og:site_name\" content=\"OrthoPara\" \/>\n<meta property=\"article:publisher\" content=\"https:\/\/www.facebook.com\/profile.php?id=61561194315651\" \/>\n<meta property=\"article:modified_time\" content=\"2024-06-28T13:50:28+00:00\" \/>\n<meta property=\"og:image\" content=\"https:\/\/orthopara.store\/wp-content\/uploads\/2024\/06\/soin-lissant-anti-rides-anti-imperfections-acm-boreade-sl-40ml.jpg\" \/>\n\t<meta property=\"og:image:width\" content=\"800\" \/>\n\t<meta property=\"og:image:height\" content=\"800\" \/>\n\t<meta property=\"og:image:type\" content=\"image\/jpeg\" \/>\n<meta name=\"twitter:card\" content=\"summary_large_image\" \/>\n<meta name=\"twitter:label1\" content=\"Dur\u00e9e de lecture estim\u00e9e\" \/>\n\t<meta name=\"twitter:data1\" content=\"1 minute\" \/>\n<script type=\"application\/ld+json\" class=\"yoast-schema-graph\">{\"@context\":\"https:\/\/schema.org\",\"@graph\":[{\"@type\":\"WebPage\",\"@id\":\"https:\/\/orthopara.store\/index.php\/produit\/soin-lissant-anti-rides-anti-imperfections-acm-boreade-sl-40ml\/\",\"url\":\"https:\/\/orthopara.store\/index.php\/produit\/soin-lissant-anti-rides-anti-imperfections-acm-boreade-sl-40ml\/\",\"name\":\"Soin lissant anti-rides & anti-imperfections - Acm Bor\u00e9ade SL - 40ml - OrthoPara\",\"isPartOf\":{\"@id\":\"https:\/\/orthopara.store\/#website\"},\"primaryImageOfPage\":{\"@id\":\"https:\/\/orthopara.store\/index.php\/produit\/soin-lissant-anti-rides-anti-imperfections-acm-boreade-sl-40ml\/#primaryimage\"},\"image\":{\"@id\":\"https:\/\/orthopara.store\/index.php\/produit\/soin-lissant-anti-rides-anti-imperfections-acm-boreade-sl-40ml\/#primaryimage\"},\"thumbnailUrl\":\"https:\/\/orthopara.store\/wp-content\/uploads\/2024\/06\/soin-lissant-anti-rides-anti-imperfections-acm-boreade-sl-40ml.jpg\",\"datePublished\":\"2024-06-28T13:50:25+00:00\",\"dateModified\":\"2024-06-28T13:50:28+00:00\",\"breadcrumb\":{\"@id\":\"https:\/\/orthopara.store\/index.php\/produit\/soin-lissant-anti-rides-anti-imperfections-acm-boreade-sl-40ml\/#breadcrumb\"},\"inLanguage\":\"fr-FR\",\"potentialAction\":[{\"@type\":\"ReadAction\",\"target\":[\"https:\/\/orthopara.store\/index.php\/produit\/soin-lissant-anti-rides-anti-imperfections-acm-boreade-sl-40ml\/\"]}]},{\"@type\":\"ImageObject\",\"inLanguage\":\"fr-FR\",\"@id\":\"https:\/\/orthopara.store\/index.php\/produit\/soin-lissant-anti-rides-anti-imperfections-acm-boreade-sl-40ml\/#primaryimage\",\"url\":\"https:\/\/orthopara.store\/wp-content\/uploads\/2024\/06\/soin-lissant-anti-rides-anti-imperfections-acm-boreade-sl-40ml.jpg\",\"contentUrl\":\"https:\/\/orthopara.store\/wp-content\/uploads\/2024\/06\/soin-lissant-anti-rides-anti-imperfections-acm-boreade-sl-40ml.jpg\",\"width\":800,\"height\":800},{\"@type\":\"BreadcrumbList\",\"@id\":\"https:\/\/orthopara.store\/index.php\/produit\/soin-lissant-anti-rides-anti-imperfections-acm-boreade-sl-40ml\/#breadcrumb\",\"itemListElement\":[{\"@type\":\"ListItem\",\"position\":1,\"name\":\"Accueil\",\"item\":\"https:\/\/orthopara.store\/\"},{\"@type\":\"ListItem\",\"position\":2,\"name\":\"Shop\",\"item\":\"https:\/\/orthopara.store\/?page_id=622\"},{\"@type\":\"ListItem\",\"position\":3,\"name\":\"Soin lissant anti-rides &#038; anti-imperfections &#8211; Acm Bor\u00e9ade SL &#8211; 40ml\"}]},{\"@type\":\"WebSite\",\"@id\":\"https:\/\/orthopara.store\/#website\",\"url\":\"https:\/\/orthopara.store\/\",\"name\":\"OrthoPara\",\"description\":\"Parapharmacie\",\"publisher\":{\"@id\":\"https:\/\/orthopara.store\/#organization\"},\"potentialAction\":[{\"@type\":\"SearchAction\",\"target\":{\"@type\":\"EntryPoint\",\"urlTemplate\":\"https:\/\/orthopara.store\/?s={search_term_string}\"},\"query-input\":\"required name=search_term_string\"}],\"inLanguage\":\"fr-FR\"},{\"@type\":\"Organization\",\"@id\":\"https:\/\/orthopara.store\/#organization\",\"name\":\"OrthoPara\",\"url\":\"https:\/\/orthopara.store\/\",\"logo\":{\"@type\":\"ImageObject\",\"inLanguage\":\"fr-FR\",\"@id\":\"https:\/\/orthopara.store\/#\/schema\/logo\/image\/\",\"url\":\"https:\/\/orthopara.store\/wp-content\/uploads\/2024\/06\/cropped-9ABA8BAD-6256-4719-9315-15C66E64E882.png\",\"contentUrl\":\"https:\/\/orthopara.store\/wp-content\/uploads\/2024\/06\/cropped-9ABA8BAD-6256-4719-9315-15C66E64E882.png\",\"width\":240,\"height\":72,\"caption\":\"OrthoPara\"},\"image\":{\"@id\":\"https:\/\/orthopara.store\/#\/schema\/logo\/image\/\"},\"sameAs\":[\"https:\/\/www.facebook.com\/profile.php?id=61561194315651\",\"https:\/\/www.instagram.com\/orthopara_tunisie\/\"]}]}<\/script>\n<!-- \/ Yoast SEO plugin. -->","yoast_head_json":{"title":"Soin lissant anti-rides & anti-imperfections - Acm Bor\u00e9ade SL - 40ml - OrthoPara","robots":{"index":"index","follow":"follow","max-snippet":"max-snippet:-1","max-image-preview":"max-image-preview:large","max-video-preview":"max-video-preview:-1"},"canonical":"https:\/\/orthopara.store\/index.php\/produit\/soin-lissant-anti-rides-anti-imperfections-acm-boreade-sl-40ml\/","og_locale":"fr_FR","og_type":"article","og_title":"Soin lissant anti-rides & anti-imperfections - Acm Bor\u00e9ade SL - 40ml - OrthoPara","og_description":"ACM - Bor\u00e9ade SL Soin lissant destin\u00e9 aux peaux adultes avec l'acn\u00e9s\u00a0 92% d\u2019ingr\u00e9dients d\u2019origine naturelle Lisse les rides, affine le grain de peau et limite la r\u00e9apparition des imperfections persistantes Types de peaux : Mixtes \u00e0 grasses, id\u00e9al pour les femmes adultes Texture : Cr\u00e8me l\u00e9g\u00e8re Quand : Matin et soir Contenance :\u00a040 ml DLC : 10\/2024","og_url":"https:\/\/orthopara.store\/index.php\/produit\/soin-lissant-anti-rides-anti-imperfections-acm-boreade-sl-40ml\/","og_site_name":"OrthoPara","article_publisher":"https:\/\/www.facebook.com\/profile.php?id=61561194315651","article_modified_time":"2024-06-28T13:50:28+00:00","og_image":[{"width":800,"height":800,"url":"https:\/\/orthopara.store\/wp-content\/uploads\/2024\/06\/soin-lissant-anti-rides-anti-imperfections-acm-boreade-sl-40ml.jpg","type":"image\/jpeg"}],"twitter_card":"summary_large_image","twitter_misc":{"Dur\u00e9e de lecture estim\u00e9e":"1 minute"},"schema":{"@context":"https:\/\/schema.org","@graph":[{"@type":"WebPage","@id":"https:\/\/orthopara.store\/index.php\/produit\/soin-lissant-anti-rides-anti-imperfections-acm-boreade-sl-40ml\/","url":"https:\/\/orthopara.store\/index.php\/produit\/soin-lissant-anti-rides-anti-imperfections-acm-boreade-sl-40ml\/","name":"Soin lissant anti-rides & anti-imperfections - Acm Bor\u00e9ade SL - 40ml - OrthoPara","isPartOf":{"@id":"https:\/\/orthopara.store\/#website"},"primaryImageOfPage":{"@id":"https:\/\/orthopara.store\/index.php\/produit\/soin-lissant-anti-rides-anti-imperfections-acm-boreade-sl-40ml\/#primaryimage"},"image":{"@id":"https:\/\/orthopara.store\/index.php\/produit\/soin-lissant-anti-rides-anti-imperfections-acm-boreade-sl-40ml\/#primaryimage"},"thumbnailUrl":"https:\/\/orthopara.store\/wp-content\/uploads\/2024\/06\/soin-lissant-anti-rides-anti-imperfections-acm-boreade-sl-40ml.jpg","datePublished":"2024-06-28T13:50:25+00:00","dateModified":"2024-06-28T13:50:28+00:00","breadcrumb":{"@id":"https:\/\/orthopara.store\/index.php\/produit\/soin-lissant-anti-rides-anti-imperfections-acm-boreade-sl-40ml\/#breadcrumb"},"inLanguage":"fr-FR","potentialAction":[{"@type":"ReadAction","target":["https:\/\/orthopara.store\/index.php\/produit\/soin-lissant-anti-rides-anti-imperfections-acm-boreade-sl-40ml\/"]}]},{"@type":"ImageObject","inLanguage":"fr-FR","@id":"https:\/\/orthopara.store\/index.php\/produit\/soin-lissant-anti-rides-anti-imperfections-acm-boreade-sl-40ml\/#primaryimage","url":"https:\/\/orthopara.store\/wp-content\/uploads\/2024\/06\/soin-lissant-anti-rides-anti-imperfections-acm-boreade-sl-40ml.jpg","contentUrl":"https:\/\/orthopara.store\/wp-content\/uploads\/2024\/06\/soin-lissant-anti-rides-anti-imperfections-acm-boreade-sl-40ml.jpg","width":800,"height":800},{"@type":"BreadcrumbList","@id":"https:\/\/orthopara.store\/index.php\/produit\/soin-lissant-anti-rides-anti-imperfections-acm-boreade-sl-40ml\/#breadcrumb","itemListElement":[{"@type":"ListItem","position":1,"name":"Accueil","item":"https:\/\/orthopara.store\/"},{"@type":"ListItem","position":2,"name":"Shop","item":"https:\/\/orthopara.store\/?page_id=622"},{"@type":"ListItem","position":3,"name":"Soin lissant anti-rides &#038; anti-imperfections &#8211; Acm Bor\u00e9ade SL &#8211; 40ml"}]},{"@type":"WebSite","@id":"https:\/\/orthopara.store\/#website","url":"https:\/\/orthopara.store\/","name":"OrthoPara","description":"Parapharmacie","publisher":{"@id":"https:\/\/orthopara.store\/#organization"},"potentialAction":[{"@type":"SearchAction","target":{"@type":"EntryPoint","urlTemplate":"https:\/\/orthopara.store\/?s={search_term_string}"},"query-input":"required name=search_term_string"}],"inLanguage":"fr-FR"},{"@type":"Organization","@id":"https:\/\/orthopara.store\/#organization","name":"OrthoPara","url":"https:\/\/orthopara.store\/","logo":{"@type":"ImageObject","inLanguage":"fr-FR","@id":"https:\/\/orthopara.store\/#\/schema\/logo\/image\/","url":"https:\/\/orthopara.store\/wp-content\/uploads\/2024\/06\/cropped-9ABA8BAD-6256-4719-9315-15C66E64E882.png","contentUrl":"https:\/\/orthopara.store\/wp-content\/uploads\/2024\/06\/cropped-9ABA8BAD-6256-4719-9315-15C66E64E882.png","width":240,"height":72,"caption":"OrthoPara"},"image":{"@id":"https:\/\/orthopara.store\/#\/schema\/logo\/image\/"},"sameAs":["https:\/\/www.facebook.com\/profile.php?id=61561194315651","https:\/\/www.instagram.com\/orthopara_tunisie\/"]}]}},"jetpack_sharing_enabled":true,"brands":[{"id":59,"name":"ACM","slug":"acm"}],"_links":{"self":[{"href":"https:\/\/orthopara.store\/index.php?rest_route=\/wp\/v2\/product\/866","targetHints":{"allow":["GET"]}}],"collection":[{"href":"https:\/\/orthopara.store\/index.php?rest_route=\/wp\/v2\/product"}],"about":[{"href":"https:\/\/orthopara.store\/index.php?rest_route=\/wp\/v2\/types\/product"}],"replies":[{"embeddable":true,"href":"https:\/\/orthopara.store\/index.php?rest_route=%2Fwp%2Fv2%2Fcomments&post=866"}],"wp:featuredmedia":[{"embeddable":true,"href":"https:\/\/orthopara.store\/index.php?rest_route=\/wp\/v2\/media\/879"}],"wp:attachment":[{"href":"https:\/\/orthopara.store\/index.php?rest_route=%2Fwp%2Fv2%2Fmedia&parent=866"}],"wp:term":[{"taxonomy":"pwb-brand","embeddable":true,"href":"https:\/\/orthopara.store\/index.php?rest_route=%2Fwp%2Fv2%2Fpwb-brand&post=866"},{"taxonomy":"product_cat","embeddable":true,"href":"https:\/\/orthopara.store\/index.php?rest_route=%2Fwp%2Fv2%2Fproduct_cat&post=866"},{"taxonomy":"product_tag","embeddable":true,"href":"https:\/\/orthopara.store\/index.php?rest_route=%2Fwp%2Fv2%2Fproduct_tag&post=866"}],"curies":[{"name":"wp","href":"https:\/\/api.w.org\/{rel}","templated":true}]}}