{"id":870,"date":"2024-06-28T15:50:25","date_gmt":"2024-06-28T13:50:25","guid":{"rendered":"https:\/\/orthopara.store\/?post_type=product&#038;p=870"},"modified":"2024-06-28T15:50:30","modified_gmt":"2024-06-28T13:50:30","slug":"serum-regenerant-mains-et-ongles-cassis-25-lirene-75ml","status":"publish","type":"product","link":"https:\/\/orthopara.store\/?product=serum-regenerant-mains-et-ongles-cassis-25-lirene-75ml","title":{"rendered":"S\u00e9rum r\u00e9g\u00e9n\u00e9rant mains et ongles &#8211; cassis 25% &#8211; Lirene &#8211; 75ml"},"content":{"rendered":"<p>S\u00e9rum r\u00e9g\u00e9n\u00e9rant mains et ongles &#8211; cassis 25% &#8211; Lirene &#8211; 75ml<br \/>\nLe s\u00e9rum pour mains et ongles est un s\u00e9rum nourrissant qui apporte un soulagement imm\u00e9diat \u00e0 la peau des mains fortement \u00e9caill\u00e9e,<br \/>\nrugueuse et ab\u00eem\u00e9e.<br \/>\nLe s\u00e9rum procure l&rsquo;effet de mains et d&rsquo;ongles visiblement rajeunis, bien soign\u00e9s et d&rsquo;apparence saine.<\/p>\n","protected":false},"excerpt":{"rendered":"<p>Lirene\u00a0<br \/>\nS\u00e9rum r\u00e9g\u00e9n\u00e9rant mains et ongles \u00e0 l&rsquo;huile d&rsquo;argan<br \/>\nContenance : 75 ml<\/p>\n","protected":false},"featured_media":883,"comment_status":"open","ping_status":"closed","template":"","meta":[],"pwb-brand":[46],"product_cat":[91],"product_tag":[],"class_list":{"0":"post-870","1":"product","2":"type-product","3":"status-publish","4":"has-post-thumbnail","6":"pwb-brand-lirene","7":"product_cat-soins-ongles","8":"post","9":"ws-product--style-1","11":"first","12":"instock","13":"shipping-taxable","14":"purchasable","15":"product-type-simple"},"yoast_head":"<!-- This site is optimized with the Yoast SEO plugin v23.0 - https:\/\/yoast.com\/wordpress\/plugins\/seo\/ -->\n<title>S\u00e9rum r\u00e9g\u00e9n\u00e9rant mains et ongles - cassis 25% - Lirene - 75ml - OrthoPara<\/title>\n<meta name=\"robots\" content=\"index, follow, max-snippet:-1, max-image-preview:large, max-video-preview:-1\" \/>\n<link rel=\"canonical\" href=\"https:\/\/orthopara.store\/index.php\/produit\/serum-regenerant-mains-et-ongles-cassis-25-lirene-75ml\/\" \/>\n<meta property=\"og:locale\" content=\"fr_FR\" \/>\n<meta property=\"og:type\" content=\"article\" \/>\n<meta property=\"og:title\" content=\"S\u00e9rum r\u00e9g\u00e9n\u00e9rant mains et ongles - cassis 25% - Lirene - 75ml - OrthoPara\" \/>\n<meta property=\"og:description\" content=\"Lirene\u00a0 S\u00e9rum r\u00e9g\u00e9n\u00e9rant mains et ongles \u00e0 l&#039;huile d&#039;argan Contenance : 75 ml\" \/>\n<meta property=\"og:url\" content=\"https:\/\/orthopara.store\/index.php\/produit\/serum-regenerant-mains-et-ongles-cassis-25-lirene-75ml\/\" \/>\n<meta property=\"og:site_name\" content=\"OrthoPara\" \/>\n<meta property=\"article:publisher\" content=\"https:\/\/www.facebook.com\/profile.php?id=61561194315651\" \/>\n<meta property=\"article:modified_time\" content=\"2024-06-28T13:50:30+00:00\" \/>\n<meta property=\"og:image\" content=\"https:\/\/orthopara.store\/wp-content\/uploads\/2024\/06\/serum-regenerant-mains-et-ongles-cassis-25-lirene-75ml.png\" \/>\n\t<meta property=\"og:image:width\" content=\"800\" \/>\n\t<meta property=\"og:image:height\" content=\"800\" \/>\n\t<meta property=\"og:image:type\" content=\"image\/png\" \/>\n<meta name=\"twitter:card\" content=\"summary_large_image\" \/>\n<script type=\"application\/ld+json\" class=\"yoast-schema-graph\">{\"@context\":\"https:\/\/schema.org\",\"@graph\":[{\"@type\":\"WebPage\",\"@id\":\"https:\/\/orthopara.store\/index.php\/produit\/serum-regenerant-mains-et-ongles-cassis-25-lirene-75ml\/\",\"url\":\"https:\/\/orthopara.store\/index.php\/produit\/serum-regenerant-mains-et-ongles-cassis-25-lirene-75ml\/\",\"name\":\"S\u00e9rum r\u00e9g\u00e9n\u00e9rant mains et ongles - cassis 25% - Lirene - 75ml - OrthoPara\",\"isPartOf\":{\"@id\":\"https:\/\/orthopara.store\/#website\"},\"primaryImageOfPage\":{\"@id\":\"https:\/\/orthopara.store\/index.php\/produit\/serum-regenerant-mains-et-ongles-cassis-25-lirene-75ml\/#primaryimage\"},\"image\":{\"@id\":\"https:\/\/orthopara.store\/index.php\/produit\/serum-regenerant-mains-et-ongles-cassis-25-lirene-75ml\/#primaryimage\"},\"thumbnailUrl\":\"https:\/\/orthopara.store\/wp-content\/uploads\/2024\/06\/serum-regenerant-mains-et-ongles-cassis-25-lirene-75ml.png\",\"datePublished\":\"2024-06-28T13:50:25+00:00\",\"dateModified\":\"2024-06-28T13:50:30+00:00\",\"breadcrumb\":{\"@id\":\"https:\/\/orthopara.store\/index.php\/produit\/serum-regenerant-mains-et-ongles-cassis-25-lirene-75ml\/#breadcrumb\"},\"inLanguage\":\"fr-FR\",\"potentialAction\":[{\"@type\":\"ReadAction\",\"target\":[\"https:\/\/orthopara.store\/index.php\/produit\/serum-regenerant-mains-et-ongles-cassis-25-lirene-75ml\/\"]}]},{\"@type\":\"ImageObject\",\"inLanguage\":\"fr-FR\",\"@id\":\"https:\/\/orthopara.store\/index.php\/produit\/serum-regenerant-mains-et-ongles-cassis-25-lirene-75ml\/#primaryimage\",\"url\":\"https:\/\/orthopara.store\/wp-content\/uploads\/2024\/06\/serum-regenerant-mains-et-ongles-cassis-25-lirene-75ml.png\",\"contentUrl\":\"https:\/\/orthopara.store\/wp-content\/uploads\/2024\/06\/serum-regenerant-mains-et-ongles-cassis-25-lirene-75ml.png\",\"width\":800,\"height\":800},{\"@type\":\"BreadcrumbList\",\"@id\":\"https:\/\/orthopara.store\/index.php\/produit\/serum-regenerant-mains-et-ongles-cassis-25-lirene-75ml\/#breadcrumb\",\"itemListElement\":[{\"@type\":\"ListItem\",\"position\":1,\"name\":\"Accueil\",\"item\":\"https:\/\/orthopara.store\/\"},{\"@type\":\"ListItem\",\"position\":2,\"name\":\"Shop\",\"item\":\"https:\/\/orthopara.store\/?page_id=622\"},{\"@type\":\"ListItem\",\"position\":3,\"name\":\"S\u00e9rum r\u00e9g\u00e9n\u00e9rant mains et ongles &#8211; cassis 25% &#8211; Lirene &#8211; 75ml\"}]},{\"@type\":\"WebSite\",\"@id\":\"https:\/\/orthopara.store\/#website\",\"url\":\"https:\/\/orthopara.store\/\",\"name\":\"OrthoPara\",\"description\":\"Parapharmacie\",\"publisher\":{\"@id\":\"https:\/\/orthopara.store\/#organization\"},\"potentialAction\":[{\"@type\":\"SearchAction\",\"target\":{\"@type\":\"EntryPoint\",\"urlTemplate\":\"https:\/\/orthopara.store\/?s={search_term_string}\"},\"query-input\":\"required name=search_term_string\"}],\"inLanguage\":\"fr-FR\"},{\"@type\":\"Organization\",\"@id\":\"https:\/\/orthopara.store\/#organization\",\"name\":\"OrthoPara\",\"url\":\"https:\/\/orthopara.store\/\",\"logo\":{\"@type\":\"ImageObject\",\"inLanguage\":\"fr-FR\",\"@id\":\"https:\/\/orthopara.store\/#\/schema\/logo\/image\/\",\"url\":\"https:\/\/orthopara.store\/wp-content\/uploads\/2024\/06\/cropped-9ABA8BAD-6256-4719-9315-15C66E64E882.png\",\"contentUrl\":\"https:\/\/orthopara.store\/wp-content\/uploads\/2024\/06\/cropped-9ABA8BAD-6256-4719-9315-15C66E64E882.png\",\"width\":240,\"height\":72,\"caption\":\"OrthoPara\"},\"image\":{\"@id\":\"https:\/\/orthopara.store\/#\/schema\/logo\/image\/\"},\"sameAs\":[\"https:\/\/www.facebook.com\/profile.php?id=61561194315651\",\"https:\/\/www.instagram.com\/orthopara_tunisie\/\"]}]}<\/script>\n<!-- \/ Yoast SEO plugin. -->","yoast_head_json":{"title":"S\u00e9rum r\u00e9g\u00e9n\u00e9rant mains et ongles - cassis 25% - Lirene - 75ml - OrthoPara","robots":{"index":"index","follow":"follow","max-snippet":"max-snippet:-1","max-image-preview":"max-image-preview:large","max-video-preview":"max-video-preview:-1"},"canonical":"https:\/\/orthopara.store\/index.php\/produit\/serum-regenerant-mains-et-ongles-cassis-25-lirene-75ml\/","og_locale":"fr_FR","og_type":"article","og_title":"S\u00e9rum r\u00e9g\u00e9n\u00e9rant mains et ongles - cassis 25% - Lirene - 75ml - OrthoPara","og_description":"Lirene\u00a0 S\u00e9rum r\u00e9g\u00e9n\u00e9rant mains et ongles \u00e0 l'huile d'argan Contenance : 75 ml","og_url":"https:\/\/orthopara.store\/index.php\/produit\/serum-regenerant-mains-et-ongles-cassis-25-lirene-75ml\/","og_site_name":"OrthoPara","article_publisher":"https:\/\/www.facebook.com\/profile.php?id=61561194315651","article_modified_time":"2024-06-28T13:50:30+00:00","og_image":[{"width":800,"height":800,"url":"https:\/\/orthopara.store\/wp-content\/uploads\/2024\/06\/serum-regenerant-mains-et-ongles-cassis-25-lirene-75ml.png","type":"image\/png"}],"twitter_card":"summary_large_image","schema":{"@context":"https:\/\/schema.org","@graph":[{"@type":"WebPage","@id":"https:\/\/orthopara.store\/index.php\/produit\/serum-regenerant-mains-et-ongles-cassis-25-lirene-75ml\/","url":"https:\/\/orthopara.store\/index.php\/produit\/serum-regenerant-mains-et-ongles-cassis-25-lirene-75ml\/","name":"S\u00e9rum r\u00e9g\u00e9n\u00e9rant mains et ongles - cassis 25% - Lirene - 75ml - OrthoPara","isPartOf":{"@id":"https:\/\/orthopara.store\/#website"},"primaryImageOfPage":{"@id":"https:\/\/orthopara.store\/index.php\/produit\/serum-regenerant-mains-et-ongles-cassis-25-lirene-75ml\/#primaryimage"},"image":{"@id":"https:\/\/orthopara.store\/index.php\/produit\/serum-regenerant-mains-et-ongles-cassis-25-lirene-75ml\/#primaryimage"},"thumbnailUrl":"https:\/\/orthopara.store\/wp-content\/uploads\/2024\/06\/serum-regenerant-mains-et-ongles-cassis-25-lirene-75ml.png","datePublished":"2024-06-28T13:50:25+00:00","dateModified":"2024-06-28T13:50:30+00:00","breadcrumb":{"@id":"https:\/\/orthopara.store\/index.php\/produit\/serum-regenerant-mains-et-ongles-cassis-25-lirene-75ml\/#breadcrumb"},"inLanguage":"fr-FR","potentialAction":[{"@type":"ReadAction","target":["https:\/\/orthopara.store\/index.php\/produit\/serum-regenerant-mains-et-ongles-cassis-25-lirene-75ml\/"]}]},{"@type":"ImageObject","inLanguage":"fr-FR","@id":"https:\/\/orthopara.store\/index.php\/produit\/serum-regenerant-mains-et-ongles-cassis-25-lirene-75ml\/#primaryimage","url":"https:\/\/orthopara.store\/wp-content\/uploads\/2024\/06\/serum-regenerant-mains-et-ongles-cassis-25-lirene-75ml.png","contentUrl":"https:\/\/orthopara.store\/wp-content\/uploads\/2024\/06\/serum-regenerant-mains-et-ongles-cassis-25-lirene-75ml.png","width":800,"height":800},{"@type":"BreadcrumbList","@id":"https:\/\/orthopara.store\/index.php\/produit\/serum-regenerant-mains-et-ongles-cassis-25-lirene-75ml\/#breadcrumb","itemListElement":[{"@type":"ListItem","position":1,"name":"Accueil","item":"https:\/\/orthopara.store\/"},{"@type":"ListItem","position":2,"name":"Shop","item":"https:\/\/orthopara.store\/?page_id=622"},{"@type":"ListItem","position":3,"name":"S\u00e9rum r\u00e9g\u00e9n\u00e9rant mains et ongles &#8211; cassis 25% &#8211; Lirene &#8211; 75ml"}]},{"@type":"WebSite","@id":"https:\/\/orthopara.store\/#website","url":"https:\/\/orthopara.store\/","name":"OrthoPara","description":"Parapharmacie","publisher":{"@id":"https:\/\/orthopara.store\/#organization"},"potentialAction":[{"@type":"SearchAction","target":{"@type":"EntryPoint","urlTemplate":"https:\/\/orthopara.store\/?s={search_term_string}"},"query-input":"required name=search_term_string"}],"inLanguage":"fr-FR"},{"@type":"Organization","@id":"https:\/\/orthopara.store\/#organization","name":"OrthoPara","url":"https:\/\/orthopara.store\/","logo":{"@type":"ImageObject","inLanguage":"fr-FR","@id":"https:\/\/orthopara.store\/#\/schema\/logo\/image\/","url":"https:\/\/orthopara.store\/wp-content\/uploads\/2024\/06\/cropped-9ABA8BAD-6256-4719-9315-15C66E64E882.png","contentUrl":"https:\/\/orthopara.store\/wp-content\/uploads\/2024\/06\/cropped-9ABA8BAD-6256-4719-9315-15C66E64E882.png","width":240,"height":72,"caption":"OrthoPara"},"image":{"@id":"https:\/\/orthopara.store\/#\/schema\/logo\/image\/"},"sameAs":["https:\/\/www.facebook.com\/profile.php?id=61561194315651","https:\/\/www.instagram.com\/orthopara_tunisie\/"]}]}},"jetpack_sharing_enabled":true,"brands":[{"id":46,"name":"LIRENE","slug":"lirene"}],"_links":{"self":[{"href":"https:\/\/orthopara.store\/index.php?rest_route=\/wp\/v2\/product\/870","targetHints":{"allow":["GET"]}}],"collection":[{"href":"https:\/\/orthopara.store\/index.php?rest_route=\/wp\/v2\/product"}],"about":[{"href":"https:\/\/orthopara.store\/index.php?rest_route=\/wp\/v2\/types\/product"}],"replies":[{"embeddable":true,"href":"https:\/\/orthopara.store\/index.php?rest_route=%2Fwp%2Fv2%2Fcomments&post=870"}],"wp:featuredmedia":[{"embeddable":true,"href":"https:\/\/orthopara.store\/index.php?rest_route=\/wp\/v2\/media\/883"}],"wp:attachment":[{"href":"https:\/\/orthopara.store\/index.php?rest_route=%2Fwp%2Fv2%2Fmedia&parent=870"}],"wp:term":[{"taxonomy":"pwb-brand","embeddable":true,"href":"https:\/\/orthopara.store\/index.php?rest_route=%2Fwp%2Fv2%2Fpwb-brand&post=870"},{"taxonomy":"product_cat","embeddable":true,"href":"https:\/\/orthopara.store\/index.php?rest_route=%2Fwp%2Fv2%2Fproduct_cat&post=870"},{"taxonomy":"product_tag","embeddable":true,"href":"https:\/\/orthopara.store\/index.php?rest_route=%2Fwp%2Fv2%2Fproduct_tag&post=870"}],"curies":[{"name":"wp","href":"https:\/\/api.w.org\/{rel}","templated":true}]}}