{"id":872,"date":"2024-06-28T15:50:25","date_gmt":"2024-06-28T13:50:25","guid":{"rendered":"https:\/\/orthopara.store\/?post_type=product&#038;p=872"},"modified":"2024-06-28T15:50:31","modified_gmt":"2024-06-28T13:50:31","slug":"kit-de-soin-pour-les-ongles-electriques-beurer-mp18","status":"publish","type":"product","link":"https:\/\/orthopara.store\/?product=kit-de-soin-pour-les-ongles-electriques-beurer-mp18","title":{"rendered":"Kit de soin pour les ongles \u00e9lectriques &#8211; Beurer &#8211; MP18"},"content":{"rendered":"<p>Kit de soin pour les ongles \u00e9lectriques &#8211; Beurer &#8211; MP18<br \/>\nBeurer Beauty Appareil Anti Points Noirs FC41\u00a0nettoie en profondeur la peau du visage gr\u00e2ce \u00e0 la technologie de vide.<br \/>\nLe kit de soin BEURER MP18 pour les ongles \u00e9lectrique est pratique \u00e0 emporter avec soi en d\u00e9placement.<br \/>\nPour des ongles soign\u00e9s, avec une brillance naturelle.<br \/>\n2\u00a0vitesses<br \/>\n3\u00a0embouts diff\u00e9rents inclus<br \/>\nLumi\u00e8re LED<br \/>\nS\u00e9curit\u00e9 voyage incluse<\/p>\n","protected":false},"excerpt":{"rendered":"<p>BEURER<\/p>\n<p>Kit de soin pour ongles pour de belles mains et pieds bien soign\u00e9s<\/p>\n","protected":false},"featured_media":885,"comment_status":"open","ping_status":"closed","template":"","meta":[],"pwb-brand":[93],"product_cat":[91],"product_tag":[],"class_list":{"0":"post-872","1":"product","2":"type-product","3":"status-publish","4":"has-post-thumbnail","6":"pwb-brand-beurer","7":"product_cat-soins-ongles","8":"post","9":"ws-product--style-1","11":"first","12":"instock","13":"shipping-taxable","14":"purchasable","15":"product-type-simple"},"yoast_head":"<!-- This site is optimized with the Yoast SEO plugin v23.0 - https:\/\/yoast.com\/wordpress\/plugins\/seo\/ -->\n<title>Kit de soin pour les ongles \u00e9lectriques - Beurer - MP18 - OrthoPara<\/title>\n<meta name=\"robots\" content=\"index, follow, max-snippet:-1, max-image-preview:large, max-video-preview:-1\" \/>\n<link rel=\"canonical\" href=\"https:\/\/orthopara.store\/index.php\/produit\/kit-de-soin-pour-les-ongles-electriques-beurer-mp18\/\" \/>\n<meta property=\"og:locale\" content=\"fr_FR\" \/>\n<meta property=\"og:type\" content=\"article\" \/>\n<meta property=\"og:title\" content=\"Kit de soin pour les ongles \u00e9lectriques - Beurer - MP18 - OrthoPara\" \/>\n<meta property=\"og:description\" content=\"BEURER Kit de soin pour ongles pour de belles mains et pieds bien soign\u00e9s\" \/>\n<meta property=\"og:url\" content=\"https:\/\/orthopara.store\/index.php\/produit\/kit-de-soin-pour-les-ongles-electriques-beurer-mp18\/\" \/>\n<meta property=\"og:site_name\" content=\"OrthoPara\" \/>\n<meta property=\"article:publisher\" content=\"https:\/\/www.facebook.com\/profile.php?id=61561194315651\" \/>\n<meta property=\"article:modified_time\" content=\"2024-06-28T13:50:31+00:00\" \/>\n<meta property=\"og:image\" content=\"https:\/\/orthopara.store\/wp-content\/uploads\/2024\/06\/kit-de-soin-pour-les-ongles-electriques-beurer-mp18.png\" \/>\n\t<meta property=\"og:image:width\" content=\"800\" \/>\n\t<meta property=\"og:image:height\" content=\"800\" \/>\n\t<meta property=\"og:image:type\" content=\"image\/png\" \/>\n<meta name=\"twitter:card\" content=\"summary_large_image\" \/>\n<script type=\"application\/ld+json\" class=\"yoast-schema-graph\">{\"@context\":\"https:\/\/schema.org\",\"@graph\":[{\"@type\":\"WebPage\",\"@id\":\"https:\/\/orthopara.store\/index.php\/produit\/kit-de-soin-pour-les-ongles-electriques-beurer-mp18\/\",\"url\":\"https:\/\/orthopara.store\/index.php\/produit\/kit-de-soin-pour-les-ongles-electriques-beurer-mp18\/\",\"name\":\"Kit de soin pour les ongles \u00e9lectriques - Beurer - MP18 - OrthoPara\",\"isPartOf\":{\"@id\":\"https:\/\/orthopara.store\/#website\"},\"primaryImageOfPage\":{\"@id\":\"https:\/\/orthopara.store\/index.php\/produit\/kit-de-soin-pour-les-ongles-electriques-beurer-mp18\/#primaryimage\"},\"image\":{\"@id\":\"https:\/\/orthopara.store\/index.php\/produit\/kit-de-soin-pour-les-ongles-electriques-beurer-mp18\/#primaryimage\"},\"thumbnailUrl\":\"https:\/\/orthopara.store\/wp-content\/uploads\/2024\/06\/kit-de-soin-pour-les-ongles-electriques-beurer-mp18.png\",\"datePublished\":\"2024-06-28T13:50:25+00:00\",\"dateModified\":\"2024-06-28T13:50:31+00:00\",\"breadcrumb\":{\"@id\":\"https:\/\/orthopara.store\/index.php\/produit\/kit-de-soin-pour-les-ongles-electriques-beurer-mp18\/#breadcrumb\"},\"inLanguage\":\"fr-FR\",\"potentialAction\":[{\"@type\":\"ReadAction\",\"target\":[\"https:\/\/orthopara.store\/index.php\/produit\/kit-de-soin-pour-les-ongles-electriques-beurer-mp18\/\"]}]},{\"@type\":\"ImageObject\",\"inLanguage\":\"fr-FR\",\"@id\":\"https:\/\/orthopara.store\/index.php\/produit\/kit-de-soin-pour-les-ongles-electriques-beurer-mp18\/#primaryimage\",\"url\":\"https:\/\/orthopara.store\/wp-content\/uploads\/2024\/06\/kit-de-soin-pour-les-ongles-electriques-beurer-mp18.png\",\"contentUrl\":\"https:\/\/orthopara.store\/wp-content\/uploads\/2024\/06\/kit-de-soin-pour-les-ongles-electriques-beurer-mp18.png\",\"width\":800,\"height\":800},{\"@type\":\"BreadcrumbList\",\"@id\":\"https:\/\/orthopara.store\/index.php\/produit\/kit-de-soin-pour-les-ongles-electriques-beurer-mp18\/#breadcrumb\",\"itemListElement\":[{\"@type\":\"ListItem\",\"position\":1,\"name\":\"Accueil\",\"item\":\"https:\/\/orthopara.store\/\"},{\"@type\":\"ListItem\",\"position\":2,\"name\":\"Shop\",\"item\":\"https:\/\/orthopara.store\/?page_id=622\"},{\"@type\":\"ListItem\",\"position\":3,\"name\":\"Kit de soin pour les ongles \u00e9lectriques &#8211; Beurer &#8211; MP18\"}]},{\"@type\":\"WebSite\",\"@id\":\"https:\/\/orthopara.store\/#website\",\"url\":\"https:\/\/orthopara.store\/\",\"name\":\"OrthoPara\",\"description\":\"Parapharmacie\",\"publisher\":{\"@id\":\"https:\/\/orthopara.store\/#organization\"},\"potentialAction\":[{\"@type\":\"SearchAction\",\"target\":{\"@type\":\"EntryPoint\",\"urlTemplate\":\"https:\/\/orthopara.store\/?s={search_term_string}\"},\"query-input\":\"required name=search_term_string\"}],\"inLanguage\":\"fr-FR\"},{\"@type\":\"Organization\",\"@id\":\"https:\/\/orthopara.store\/#organization\",\"name\":\"OrthoPara\",\"url\":\"https:\/\/orthopara.store\/\",\"logo\":{\"@type\":\"ImageObject\",\"inLanguage\":\"fr-FR\",\"@id\":\"https:\/\/orthopara.store\/#\/schema\/logo\/image\/\",\"url\":\"https:\/\/orthopara.store\/wp-content\/uploads\/2024\/06\/cropped-9ABA8BAD-6256-4719-9315-15C66E64E882.png\",\"contentUrl\":\"https:\/\/orthopara.store\/wp-content\/uploads\/2024\/06\/cropped-9ABA8BAD-6256-4719-9315-15C66E64E882.png\",\"width\":240,\"height\":72,\"caption\":\"OrthoPara\"},\"image\":{\"@id\":\"https:\/\/orthopara.store\/#\/schema\/logo\/image\/\"},\"sameAs\":[\"https:\/\/www.facebook.com\/profile.php?id=61561194315651\",\"https:\/\/www.instagram.com\/orthopara_tunisie\/\"]}]}<\/script>\n<!-- \/ Yoast SEO plugin. -->","yoast_head_json":{"title":"Kit de soin pour les ongles \u00e9lectriques - Beurer - MP18 - OrthoPara","robots":{"index":"index","follow":"follow","max-snippet":"max-snippet:-1","max-image-preview":"max-image-preview:large","max-video-preview":"max-video-preview:-1"},"canonical":"https:\/\/orthopara.store\/index.php\/produit\/kit-de-soin-pour-les-ongles-electriques-beurer-mp18\/","og_locale":"fr_FR","og_type":"article","og_title":"Kit de soin pour les ongles \u00e9lectriques - Beurer - MP18 - OrthoPara","og_description":"BEURER Kit de soin pour ongles pour de belles mains et pieds bien soign\u00e9s","og_url":"https:\/\/orthopara.store\/index.php\/produit\/kit-de-soin-pour-les-ongles-electriques-beurer-mp18\/","og_site_name":"OrthoPara","article_publisher":"https:\/\/www.facebook.com\/profile.php?id=61561194315651","article_modified_time":"2024-06-28T13:50:31+00:00","og_image":[{"width":800,"height":800,"url":"https:\/\/orthopara.store\/wp-content\/uploads\/2024\/06\/kit-de-soin-pour-les-ongles-electriques-beurer-mp18.png","type":"image\/png"}],"twitter_card":"summary_large_image","schema":{"@context":"https:\/\/schema.org","@graph":[{"@type":"WebPage","@id":"https:\/\/orthopara.store\/index.php\/produit\/kit-de-soin-pour-les-ongles-electriques-beurer-mp18\/","url":"https:\/\/orthopara.store\/index.php\/produit\/kit-de-soin-pour-les-ongles-electriques-beurer-mp18\/","name":"Kit de soin pour les ongles \u00e9lectriques - Beurer - MP18 - OrthoPara","isPartOf":{"@id":"https:\/\/orthopara.store\/#website"},"primaryImageOfPage":{"@id":"https:\/\/orthopara.store\/index.php\/produit\/kit-de-soin-pour-les-ongles-electriques-beurer-mp18\/#primaryimage"},"image":{"@id":"https:\/\/orthopara.store\/index.php\/produit\/kit-de-soin-pour-les-ongles-electriques-beurer-mp18\/#primaryimage"},"thumbnailUrl":"https:\/\/orthopara.store\/wp-content\/uploads\/2024\/06\/kit-de-soin-pour-les-ongles-electriques-beurer-mp18.png","datePublished":"2024-06-28T13:50:25+00:00","dateModified":"2024-06-28T13:50:31+00:00","breadcrumb":{"@id":"https:\/\/orthopara.store\/index.php\/produit\/kit-de-soin-pour-les-ongles-electriques-beurer-mp18\/#breadcrumb"},"inLanguage":"fr-FR","potentialAction":[{"@type":"ReadAction","target":["https:\/\/orthopara.store\/index.php\/produit\/kit-de-soin-pour-les-ongles-electriques-beurer-mp18\/"]}]},{"@type":"ImageObject","inLanguage":"fr-FR","@id":"https:\/\/orthopara.store\/index.php\/produit\/kit-de-soin-pour-les-ongles-electriques-beurer-mp18\/#primaryimage","url":"https:\/\/orthopara.store\/wp-content\/uploads\/2024\/06\/kit-de-soin-pour-les-ongles-electriques-beurer-mp18.png","contentUrl":"https:\/\/orthopara.store\/wp-content\/uploads\/2024\/06\/kit-de-soin-pour-les-ongles-electriques-beurer-mp18.png","width":800,"height":800},{"@type":"BreadcrumbList","@id":"https:\/\/orthopara.store\/index.php\/produit\/kit-de-soin-pour-les-ongles-electriques-beurer-mp18\/#breadcrumb","itemListElement":[{"@type":"ListItem","position":1,"name":"Accueil","item":"https:\/\/orthopara.store\/"},{"@type":"ListItem","position":2,"name":"Shop","item":"https:\/\/orthopara.store\/?page_id=622"},{"@type":"ListItem","position":3,"name":"Kit de soin pour les ongles \u00e9lectriques &#8211; Beurer &#8211; MP18"}]},{"@type":"WebSite","@id":"https:\/\/orthopara.store\/#website","url":"https:\/\/orthopara.store\/","name":"OrthoPara","description":"Parapharmacie","publisher":{"@id":"https:\/\/orthopara.store\/#organization"},"potentialAction":[{"@type":"SearchAction","target":{"@type":"EntryPoint","urlTemplate":"https:\/\/orthopara.store\/?s={search_term_string}"},"query-input":"required name=search_term_string"}],"inLanguage":"fr-FR"},{"@type":"Organization","@id":"https:\/\/orthopara.store\/#organization","name":"OrthoPara","url":"https:\/\/orthopara.store\/","logo":{"@type":"ImageObject","inLanguage":"fr-FR","@id":"https:\/\/orthopara.store\/#\/schema\/logo\/image\/","url":"https:\/\/orthopara.store\/wp-content\/uploads\/2024\/06\/cropped-9ABA8BAD-6256-4719-9315-15C66E64E882.png","contentUrl":"https:\/\/orthopara.store\/wp-content\/uploads\/2024\/06\/cropped-9ABA8BAD-6256-4719-9315-15C66E64E882.png","width":240,"height":72,"caption":"OrthoPara"},"image":{"@id":"https:\/\/orthopara.store\/#\/schema\/logo\/image\/"},"sameAs":["https:\/\/www.facebook.com\/profile.php?id=61561194315651","https:\/\/www.instagram.com\/orthopara_tunisie\/"]}]}},"jetpack_sharing_enabled":true,"brands":[{"id":93,"name":"Beurer","slug":"beurer"}],"_links":{"self":[{"href":"https:\/\/orthopara.store\/index.php?rest_route=\/wp\/v2\/product\/872","targetHints":{"allow":["GET"]}}],"collection":[{"href":"https:\/\/orthopara.store\/index.php?rest_route=\/wp\/v2\/product"}],"about":[{"href":"https:\/\/orthopara.store\/index.php?rest_route=\/wp\/v2\/types\/product"}],"replies":[{"embeddable":true,"href":"https:\/\/orthopara.store\/index.php?rest_route=%2Fwp%2Fv2%2Fcomments&post=872"}],"wp:featuredmedia":[{"embeddable":true,"href":"https:\/\/orthopara.store\/index.php?rest_route=\/wp\/v2\/media\/885"}],"wp:attachment":[{"href":"https:\/\/orthopara.store\/index.php?rest_route=%2Fwp%2Fv2%2Fmedia&parent=872"}],"wp:term":[{"taxonomy":"pwb-brand","embeddable":true,"href":"https:\/\/orthopara.store\/index.php?rest_route=%2Fwp%2Fv2%2Fpwb-brand&post=872"},{"taxonomy":"product_cat","embeddable":true,"href":"https:\/\/orthopara.store\/index.php?rest_route=%2Fwp%2Fv2%2Fproduct_cat&post=872"},{"taxonomy":"product_tag","embeddable":true,"href":"https:\/\/orthopara.store\/index.php?rest_route=%2Fwp%2Fv2%2Fproduct_tag&post=872"}],"curies":[{"name":"wp","href":"https:\/\/api.w.org\/{rel}","templated":true}]}}