{"id":873,"date":"2024-06-28T15:50:26","date_gmt":"2024-06-28T13:50:26","guid":{"rendered":"https:\/\/orthopara.store\/?post_type=product&#038;p=873"},"modified":"2024-06-28T15:50:31","modified_gmt":"2024-06-28T13:50:31","slug":"gel-reparateur-pour-ongles-abimes-svr-xerial-40-10ml","status":"publish","type":"product","link":"https:\/\/orthopara.store\/?product=gel-reparateur-pour-ongles-abimes-svr-xerial-40-10ml","title":{"rendered":"Gel r\u00e9parateur pour ongles ab\u00eem\u00e9s &#8211; SVR X\u00e9rial 40 &#8211; 10ml"},"content":{"rendered":"<p>Gel r\u00e9parateur pour ongles ab\u00eem\u00e9s &#8211; SVR X\u00e9rial &#8211; 10ml\u00a0<br \/>\nX\u00e9rial 40 Ongles lisse et prot\u00e8ge l4ongle des agressions ext\u00e9rieures en assainissant la flore fongique. Son tube avec pinceau int\u00e9gr\u00e9 permet un geste simple, pratique et pr\u00e9cis. Test\u00e9 sous contr\u00f4le dermatologique.<br \/>\nConseil d&rsquo;utilisation :<br \/>\nX\u00e9rial 40 ongles peut s4utiliser seul 2 fois par jour pendant 3 mois.<br \/>\nComposition :<br \/>\nUr\u00e9e 40 %, excipients qsp 100 %. Aqua, urea, glycerin, propylene glycol, triethanolamine, polyacrylate-13, salicylic acid, polyisobutene, piroctone olamine, serine, Bacillus ferment, histidine, polysorbate-20, sorbitan isostearate, disodium EDTA, phenoxyethanol, potassium sorbate.<\/p>\n","protected":false},"excerpt":{"rendered":"<p>SVR X\u00e9rial<br \/>\nGel r\u00e9parateur pour ongles ab\u00eem\u00e9s<br \/>\nX\u00e9rial 40 Ongles est un gel qui lisse et diminue l\u2019\u00e9paississement de l\u2019ongle ab\u00eem\u00e9, d\u00e9doubl\u00e9, stri\u00e9 et le prot\u00e8ge des agressions ext\u00e9rieures.<br \/>\nContenance : 10ml\u00a0<br \/>\nDLC 04\/2025<\/p>\n","protected":false},"featured_media":886,"comment_status":"open","ping_status":"closed","template":"","meta":[],"pwb-brand":[43],"product_cat":[91],"product_tag":[],"class_list":{"0":"post-873","1":"product","2":"type-product","3":"status-publish","4":"has-post-thumbnail","6":"pwb-brand-svr","7":"product_cat-soins-ongles","8":"post","9":"ws-product--style-1","11":"first","12":"instock","13":"shipping-taxable","14":"purchasable","15":"product-type-simple"},"yoast_head":"<!-- This site is optimized with the Yoast SEO plugin v23.0 - https:\/\/yoast.com\/wordpress\/plugins\/seo\/ -->\n<title>Gel r\u00e9parateur pour ongles ab\u00eem\u00e9s - SVR X\u00e9rial 40 - 10ml - OrthoPara<\/title>\n<meta name=\"robots\" content=\"index, follow, max-snippet:-1, max-image-preview:large, max-video-preview:-1\" \/>\n<link rel=\"canonical\" href=\"https:\/\/orthopara.store\/index.php\/produit\/gel-reparateur-pour-ongles-abimes-svr-xerial-40-10ml\/\" \/>\n<meta property=\"og:locale\" content=\"fr_FR\" \/>\n<meta property=\"og:type\" content=\"article\" \/>\n<meta property=\"og:title\" content=\"Gel r\u00e9parateur pour ongles ab\u00eem\u00e9s - SVR X\u00e9rial 40 - 10ml - OrthoPara\" \/>\n<meta property=\"og:description\" content=\"SVR X\u00e9rial Gel r\u00e9parateur pour ongles ab\u00eem\u00e9s X\u00e9rial 40 Ongles est un gel qui lisse et diminue l\u2019\u00e9paississement de l\u2019ongle ab\u00eem\u00e9, d\u00e9doubl\u00e9, stri\u00e9 et le prot\u00e8ge des agressions ext\u00e9rieures. Contenance : 10ml\u00a0 DLC 04\/2025\" \/>\n<meta property=\"og:url\" content=\"https:\/\/orthopara.store\/index.php\/produit\/gel-reparateur-pour-ongles-abimes-svr-xerial-40-10ml\/\" \/>\n<meta property=\"og:site_name\" content=\"OrthoPara\" \/>\n<meta property=\"article:publisher\" content=\"https:\/\/www.facebook.com\/profile.php?id=61561194315651\" \/>\n<meta property=\"article:modified_time\" content=\"2024-06-28T13:50:31+00:00\" \/>\n<meta property=\"og:image\" content=\"https:\/\/orthopara.store\/wp-content\/uploads\/2024\/06\/gel-reparateur-pour-ongles-abimes-svr-xerial-10ml.jpg\" \/>\n\t<meta property=\"og:image:width\" content=\"800\" \/>\n\t<meta property=\"og:image:height\" content=\"800\" \/>\n\t<meta property=\"og:image:type\" content=\"image\/jpeg\" \/>\n<meta name=\"twitter:card\" content=\"summary_large_image\" \/>\n<script type=\"application\/ld+json\" class=\"yoast-schema-graph\">{\"@context\":\"https:\/\/schema.org\",\"@graph\":[{\"@type\":\"WebPage\",\"@id\":\"https:\/\/orthopara.store\/index.php\/produit\/gel-reparateur-pour-ongles-abimes-svr-xerial-40-10ml\/\",\"url\":\"https:\/\/orthopara.store\/index.php\/produit\/gel-reparateur-pour-ongles-abimes-svr-xerial-40-10ml\/\",\"name\":\"Gel r\u00e9parateur pour ongles ab\u00eem\u00e9s - SVR X\u00e9rial 40 - 10ml - OrthoPara\",\"isPartOf\":{\"@id\":\"https:\/\/orthopara.store\/#website\"},\"primaryImageOfPage\":{\"@id\":\"https:\/\/orthopara.store\/index.php\/produit\/gel-reparateur-pour-ongles-abimes-svr-xerial-40-10ml\/#primaryimage\"},\"image\":{\"@id\":\"https:\/\/orthopara.store\/index.php\/produit\/gel-reparateur-pour-ongles-abimes-svr-xerial-40-10ml\/#primaryimage\"},\"thumbnailUrl\":\"https:\/\/orthopara.store\/wp-content\/uploads\/2024\/06\/gel-reparateur-pour-ongles-abimes-svr-xerial-10ml.jpg\",\"datePublished\":\"2024-06-28T13:50:26+00:00\",\"dateModified\":\"2024-06-28T13:50:31+00:00\",\"breadcrumb\":{\"@id\":\"https:\/\/orthopara.store\/index.php\/produit\/gel-reparateur-pour-ongles-abimes-svr-xerial-40-10ml\/#breadcrumb\"},\"inLanguage\":\"fr-FR\",\"potentialAction\":[{\"@type\":\"ReadAction\",\"target\":[\"https:\/\/orthopara.store\/index.php\/produit\/gel-reparateur-pour-ongles-abimes-svr-xerial-40-10ml\/\"]}]},{\"@type\":\"ImageObject\",\"inLanguage\":\"fr-FR\",\"@id\":\"https:\/\/orthopara.store\/index.php\/produit\/gel-reparateur-pour-ongles-abimes-svr-xerial-40-10ml\/#primaryimage\",\"url\":\"https:\/\/orthopara.store\/wp-content\/uploads\/2024\/06\/gel-reparateur-pour-ongles-abimes-svr-xerial-10ml.jpg\",\"contentUrl\":\"https:\/\/orthopara.store\/wp-content\/uploads\/2024\/06\/gel-reparateur-pour-ongles-abimes-svr-xerial-10ml.jpg\",\"width\":800,\"height\":800},{\"@type\":\"BreadcrumbList\",\"@id\":\"https:\/\/orthopara.store\/index.php\/produit\/gel-reparateur-pour-ongles-abimes-svr-xerial-40-10ml\/#breadcrumb\",\"itemListElement\":[{\"@type\":\"ListItem\",\"position\":1,\"name\":\"Accueil\",\"item\":\"https:\/\/orthopara.store\/\"},{\"@type\":\"ListItem\",\"position\":2,\"name\":\"Shop\",\"item\":\"https:\/\/orthopara.store\/?page_id=622\"},{\"@type\":\"ListItem\",\"position\":3,\"name\":\"Gel r\u00e9parateur pour ongles ab\u00eem\u00e9s &#8211; SVR X\u00e9rial 40 &#8211; 10ml\"}]},{\"@type\":\"WebSite\",\"@id\":\"https:\/\/orthopara.store\/#website\",\"url\":\"https:\/\/orthopara.store\/\",\"name\":\"OrthoPara\",\"description\":\"Parapharmacie\",\"publisher\":{\"@id\":\"https:\/\/orthopara.store\/#organization\"},\"potentialAction\":[{\"@type\":\"SearchAction\",\"target\":{\"@type\":\"EntryPoint\",\"urlTemplate\":\"https:\/\/orthopara.store\/?s={search_term_string}\"},\"query-input\":\"required name=search_term_string\"}],\"inLanguage\":\"fr-FR\"},{\"@type\":\"Organization\",\"@id\":\"https:\/\/orthopara.store\/#organization\",\"name\":\"OrthoPara\",\"url\":\"https:\/\/orthopara.store\/\",\"logo\":{\"@type\":\"ImageObject\",\"inLanguage\":\"fr-FR\",\"@id\":\"https:\/\/orthopara.store\/#\/schema\/logo\/image\/\",\"url\":\"https:\/\/orthopara.store\/wp-content\/uploads\/2024\/06\/cropped-9ABA8BAD-6256-4719-9315-15C66E64E882.png\",\"contentUrl\":\"https:\/\/orthopara.store\/wp-content\/uploads\/2024\/06\/cropped-9ABA8BAD-6256-4719-9315-15C66E64E882.png\",\"width\":240,\"height\":72,\"caption\":\"OrthoPara\"},\"image\":{\"@id\":\"https:\/\/orthopara.store\/#\/schema\/logo\/image\/\"},\"sameAs\":[\"https:\/\/www.facebook.com\/profile.php?id=61561194315651\",\"https:\/\/www.instagram.com\/orthopara_tunisie\/\"]}]}<\/script>\n<!-- \/ Yoast SEO plugin. -->","yoast_head_json":{"title":"Gel r\u00e9parateur pour ongles ab\u00eem\u00e9s - SVR X\u00e9rial 40 - 10ml - OrthoPara","robots":{"index":"index","follow":"follow","max-snippet":"max-snippet:-1","max-image-preview":"max-image-preview:large","max-video-preview":"max-video-preview:-1"},"canonical":"https:\/\/orthopara.store\/index.php\/produit\/gel-reparateur-pour-ongles-abimes-svr-xerial-40-10ml\/","og_locale":"fr_FR","og_type":"article","og_title":"Gel r\u00e9parateur pour ongles ab\u00eem\u00e9s - SVR X\u00e9rial 40 - 10ml - OrthoPara","og_description":"SVR X\u00e9rial Gel r\u00e9parateur pour ongles ab\u00eem\u00e9s X\u00e9rial 40 Ongles est un gel qui lisse et diminue l\u2019\u00e9paississement de l\u2019ongle ab\u00eem\u00e9, d\u00e9doubl\u00e9, stri\u00e9 et le prot\u00e8ge des agressions ext\u00e9rieures. Contenance : 10ml\u00a0 DLC 04\/2025","og_url":"https:\/\/orthopara.store\/index.php\/produit\/gel-reparateur-pour-ongles-abimes-svr-xerial-40-10ml\/","og_site_name":"OrthoPara","article_publisher":"https:\/\/www.facebook.com\/profile.php?id=61561194315651","article_modified_time":"2024-06-28T13:50:31+00:00","og_image":[{"width":800,"height":800,"url":"https:\/\/orthopara.store\/wp-content\/uploads\/2024\/06\/gel-reparateur-pour-ongles-abimes-svr-xerial-10ml.jpg","type":"image\/jpeg"}],"twitter_card":"summary_large_image","schema":{"@context":"https:\/\/schema.org","@graph":[{"@type":"WebPage","@id":"https:\/\/orthopara.store\/index.php\/produit\/gel-reparateur-pour-ongles-abimes-svr-xerial-40-10ml\/","url":"https:\/\/orthopara.store\/index.php\/produit\/gel-reparateur-pour-ongles-abimes-svr-xerial-40-10ml\/","name":"Gel r\u00e9parateur pour ongles ab\u00eem\u00e9s - SVR X\u00e9rial 40 - 10ml - OrthoPara","isPartOf":{"@id":"https:\/\/orthopara.store\/#website"},"primaryImageOfPage":{"@id":"https:\/\/orthopara.store\/index.php\/produit\/gel-reparateur-pour-ongles-abimes-svr-xerial-40-10ml\/#primaryimage"},"image":{"@id":"https:\/\/orthopara.store\/index.php\/produit\/gel-reparateur-pour-ongles-abimes-svr-xerial-40-10ml\/#primaryimage"},"thumbnailUrl":"https:\/\/orthopara.store\/wp-content\/uploads\/2024\/06\/gel-reparateur-pour-ongles-abimes-svr-xerial-10ml.jpg","datePublished":"2024-06-28T13:50:26+00:00","dateModified":"2024-06-28T13:50:31+00:00","breadcrumb":{"@id":"https:\/\/orthopara.store\/index.php\/produit\/gel-reparateur-pour-ongles-abimes-svr-xerial-40-10ml\/#breadcrumb"},"inLanguage":"fr-FR","potentialAction":[{"@type":"ReadAction","target":["https:\/\/orthopara.store\/index.php\/produit\/gel-reparateur-pour-ongles-abimes-svr-xerial-40-10ml\/"]}]},{"@type":"ImageObject","inLanguage":"fr-FR","@id":"https:\/\/orthopara.store\/index.php\/produit\/gel-reparateur-pour-ongles-abimes-svr-xerial-40-10ml\/#primaryimage","url":"https:\/\/orthopara.store\/wp-content\/uploads\/2024\/06\/gel-reparateur-pour-ongles-abimes-svr-xerial-10ml.jpg","contentUrl":"https:\/\/orthopara.store\/wp-content\/uploads\/2024\/06\/gel-reparateur-pour-ongles-abimes-svr-xerial-10ml.jpg","width":800,"height":800},{"@type":"BreadcrumbList","@id":"https:\/\/orthopara.store\/index.php\/produit\/gel-reparateur-pour-ongles-abimes-svr-xerial-40-10ml\/#breadcrumb","itemListElement":[{"@type":"ListItem","position":1,"name":"Accueil","item":"https:\/\/orthopara.store\/"},{"@type":"ListItem","position":2,"name":"Shop","item":"https:\/\/orthopara.store\/?page_id=622"},{"@type":"ListItem","position":3,"name":"Gel r\u00e9parateur pour ongles ab\u00eem\u00e9s &#8211; SVR X\u00e9rial 40 &#8211; 10ml"}]},{"@type":"WebSite","@id":"https:\/\/orthopara.store\/#website","url":"https:\/\/orthopara.store\/","name":"OrthoPara","description":"Parapharmacie","publisher":{"@id":"https:\/\/orthopara.store\/#organization"},"potentialAction":[{"@type":"SearchAction","target":{"@type":"EntryPoint","urlTemplate":"https:\/\/orthopara.store\/?s={search_term_string}"},"query-input":"required name=search_term_string"}],"inLanguage":"fr-FR"},{"@type":"Organization","@id":"https:\/\/orthopara.store\/#organization","name":"OrthoPara","url":"https:\/\/orthopara.store\/","logo":{"@type":"ImageObject","inLanguage":"fr-FR","@id":"https:\/\/orthopara.store\/#\/schema\/logo\/image\/","url":"https:\/\/orthopara.store\/wp-content\/uploads\/2024\/06\/cropped-9ABA8BAD-6256-4719-9315-15C66E64E882.png","contentUrl":"https:\/\/orthopara.store\/wp-content\/uploads\/2024\/06\/cropped-9ABA8BAD-6256-4719-9315-15C66E64E882.png","width":240,"height":72,"caption":"OrthoPara"},"image":{"@id":"https:\/\/orthopara.store\/#\/schema\/logo\/image\/"},"sameAs":["https:\/\/www.facebook.com\/profile.php?id=61561194315651","https:\/\/www.instagram.com\/orthopara_tunisie\/"]}]}},"jetpack_sharing_enabled":true,"brands":[{"id":43,"name":"SVR","slug":"svr"}],"_links":{"self":[{"href":"https:\/\/orthopara.store\/index.php?rest_route=\/wp\/v2\/product\/873","targetHints":{"allow":["GET"]}}],"collection":[{"href":"https:\/\/orthopara.store\/index.php?rest_route=\/wp\/v2\/product"}],"about":[{"href":"https:\/\/orthopara.store\/index.php?rest_route=\/wp\/v2\/types\/product"}],"replies":[{"embeddable":true,"href":"https:\/\/orthopara.store\/index.php?rest_route=%2Fwp%2Fv2%2Fcomments&post=873"}],"wp:featuredmedia":[{"embeddable":true,"href":"https:\/\/orthopara.store\/index.php?rest_route=\/wp\/v2\/media\/886"}],"wp:attachment":[{"href":"https:\/\/orthopara.store\/index.php?rest_route=%2Fwp%2Fv2%2Fmedia&parent=873"}],"wp:term":[{"taxonomy":"pwb-brand","embeddable":true,"href":"https:\/\/orthopara.store\/index.php?rest_route=%2Fwp%2Fv2%2Fpwb-brand&post=873"},{"taxonomy":"product_cat","embeddable":true,"href":"https:\/\/orthopara.store\/index.php?rest_route=%2Fwp%2Fv2%2Fproduct_cat&post=873"},{"taxonomy":"product_tag","embeddable":true,"href":"https:\/\/orthopara.store\/index.php?rest_route=%2Fwp%2Fv2%2Fproduct_tag&post=873"}],"curies":[{"name":"wp","href":"https:\/\/api.w.org\/{rel}","templated":true}]}}