{"id":889,"date":"2024-06-28T15:50:33","date_gmt":"2024-06-28T13:50:33","guid":{"rendered":"https:\/\/orthopara.store\/?post_type=product&#038;p=889"},"modified":"2024-06-28T15:50:37","modified_gmt":"2024-06-28T13:50:37","slug":"durcisseur-vitamine-ecrinal-10ml","status":"publish","type":"product","link":"https:\/\/orthopara.store\/?product=durcisseur-vitamine-ecrinal-10ml","title":{"rendered":"Durcisseur vitamin\u00e9 &#8211; Ecrinal &#8211; 10ml"},"content":{"rendered":"<p>Durcisseur vitamin\u00e9 &#8211; Ecrinal &#8211; 10ml\u00a0<br \/>\nEcrinal Durcisseur Vitamin\u00e9\u00a0au lipesters de soie r\u00e9pare, fortifie et prot\u00e8ge l&rsquo;ongle d\u00e9ficient contre les attaques microbiennes.<br \/>\nIl favorise la croissance et la r\u00e9sistance de l&rsquo;ongle.Totalement invisible.Sa formule est non agressive.<br \/>\nConseils d&rsquo;utilisation :<br \/>\nProc\u00e9dez \u00e0 3 applications par semaine (ou plus si n\u00e9cessaire) en cure de 2 \u00e0 4 mois cons\u00e9cutifs.Appliquez le Durcisseur Vitamin\u00e9 directement sur l&rsquo;ongle non vernis.Dans le cas d&rsquo;ongles tr\u00e8s mous, vous pouvez ensuite appliquer une couche de Durcisseur Vernis Brillant qui les prot\u00e8gera jusqu&rsquo;\u00e0 ce qu&rsquo;ils retrouvent toute leur vigueur.<br \/>\nComposition :<br \/>\nFormule INCI : Alcohol Denat., Aqua, Panthenol, Capryloyl Serine \/ Silk Amino Acids Methyl Esters, Silanediol Salicylate, Butylene Glycol, Zinc Acetylmethionate, Parfum (Fragrance), Triethanolamine, Cl 19140, Cl 42051.<\/p>\n","protected":false},"excerpt":{"rendered":"<p>Ecrinal\u00a0<br \/>\nDurcisseur vitamin\u00e9<br \/>\nFortifie, r\u00e9pare et prot\u00e8ge<br \/>\nOngles mous, fragiles, ternes, cassants, d\u00e9doubl\u00e9s.<br \/>\nContenance : 10ml<\/p>\n","protected":false},"featured_media":909,"comment_status":"open","ping_status":"closed","template":"","meta":[],"pwb-brand":[92],"product_cat":[91],"product_tag":[],"class_list":{"0":"post-889","1":"product","2":"type-product","3":"status-publish","4":"has-post-thumbnail","6":"pwb-brand-ecrinal","7":"product_cat-soins-ongles","8":"post","9":"ws-product--style-1","11":"first","12":"instock","13":"shipping-taxable","14":"purchasable","15":"product-type-simple"},"yoast_head":"<!-- This site is optimized with the Yoast SEO plugin v23.0 - https:\/\/yoast.com\/wordpress\/plugins\/seo\/ -->\n<title>Durcisseur vitamin\u00e9 - Ecrinal - 10ml - OrthoPara<\/title>\n<meta name=\"robots\" content=\"index, follow, max-snippet:-1, max-image-preview:large, max-video-preview:-1\" \/>\n<link rel=\"canonical\" href=\"https:\/\/orthopara.store\/index.php\/produit\/durcisseur-vitamine-ecrinal-10ml\/\" \/>\n<meta property=\"og:locale\" content=\"fr_FR\" \/>\n<meta property=\"og:type\" content=\"article\" \/>\n<meta property=\"og:title\" content=\"Durcisseur vitamin\u00e9 - Ecrinal - 10ml - OrthoPara\" \/>\n<meta property=\"og:description\" content=\"Ecrinal\u00a0 Durcisseur vitamin\u00e9 Fortifie, r\u00e9pare et prot\u00e8ge Ongles mous, fragiles, ternes, cassants, d\u00e9doubl\u00e9s. Contenance : 10ml\" \/>\n<meta property=\"og:url\" content=\"https:\/\/orthopara.store\/index.php\/produit\/durcisseur-vitamine-ecrinal-10ml\/\" \/>\n<meta property=\"og:site_name\" content=\"OrthoPara\" \/>\n<meta property=\"article:publisher\" content=\"https:\/\/www.facebook.com\/profile.php?id=61561194315651\" \/>\n<meta property=\"article:modified_time\" content=\"2024-06-28T13:50:37+00:00\" \/>\n<meta property=\"og:image\" content=\"https:\/\/orthopara.store\/wp-content\/uploads\/2024\/06\/durcisseur-vitamine-ecrinal-10ml-.jpg\" \/>\n\t<meta property=\"og:image:width\" content=\"800\" \/>\n\t<meta property=\"og:image:height\" content=\"800\" \/>\n\t<meta property=\"og:image:type\" content=\"image\/jpeg\" \/>\n<meta name=\"twitter:card\" content=\"summary_large_image\" \/>\n<meta name=\"twitter:label1\" content=\"Dur\u00e9e de lecture estim\u00e9e\" \/>\n\t<meta name=\"twitter:data1\" content=\"1 minute\" \/>\n<script type=\"application\/ld+json\" class=\"yoast-schema-graph\">{\"@context\":\"https:\/\/schema.org\",\"@graph\":[{\"@type\":\"WebPage\",\"@id\":\"https:\/\/orthopara.store\/index.php\/produit\/durcisseur-vitamine-ecrinal-10ml\/\",\"url\":\"https:\/\/orthopara.store\/index.php\/produit\/durcisseur-vitamine-ecrinal-10ml\/\",\"name\":\"Durcisseur vitamin\u00e9 - Ecrinal - 10ml - OrthoPara\",\"isPartOf\":{\"@id\":\"https:\/\/orthopara.store\/#website\"},\"primaryImageOfPage\":{\"@id\":\"https:\/\/orthopara.store\/index.php\/produit\/durcisseur-vitamine-ecrinal-10ml\/#primaryimage\"},\"image\":{\"@id\":\"https:\/\/orthopara.store\/index.php\/produit\/durcisseur-vitamine-ecrinal-10ml\/#primaryimage\"},\"thumbnailUrl\":\"https:\/\/orthopara.store\/wp-content\/uploads\/2024\/06\/durcisseur-vitamine-ecrinal-10ml-.jpg\",\"datePublished\":\"2024-06-28T13:50:33+00:00\",\"dateModified\":\"2024-06-28T13:50:37+00:00\",\"breadcrumb\":{\"@id\":\"https:\/\/orthopara.store\/index.php\/produit\/durcisseur-vitamine-ecrinal-10ml\/#breadcrumb\"},\"inLanguage\":\"fr-FR\",\"potentialAction\":[{\"@type\":\"ReadAction\",\"target\":[\"https:\/\/orthopara.store\/index.php\/produit\/durcisseur-vitamine-ecrinal-10ml\/\"]}]},{\"@type\":\"ImageObject\",\"inLanguage\":\"fr-FR\",\"@id\":\"https:\/\/orthopara.store\/index.php\/produit\/durcisseur-vitamine-ecrinal-10ml\/#primaryimage\",\"url\":\"https:\/\/orthopara.store\/wp-content\/uploads\/2024\/06\/durcisseur-vitamine-ecrinal-10ml-.jpg\",\"contentUrl\":\"https:\/\/orthopara.store\/wp-content\/uploads\/2024\/06\/durcisseur-vitamine-ecrinal-10ml-.jpg\",\"width\":800,\"height\":800},{\"@type\":\"BreadcrumbList\",\"@id\":\"https:\/\/orthopara.store\/index.php\/produit\/durcisseur-vitamine-ecrinal-10ml\/#breadcrumb\",\"itemListElement\":[{\"@type\":\"ListItem\",\"position\":1,\"name\":\"Accueil\",\"item\":\"https:\/\/orthopara.store\/\"},{\"@type\":\"ListItem\",\"position\":2,\"name\":\"Shop\",\"item\":\"https:\/\/orthopara.store\/?page_id=622\"},{\"@type\":\"ListItem\",\"position\":3,\"name\":\"Durcisseur vitamin\u00e9 &#8211; Ecrinal &#8211; 10ml\"}]},{\"@type\":\"WebSite\",\"@id\":\"https:\/\/orthopara.store\/#website\",\"url\":\"https:\/\/orthopara.store\/\",\"name\":\"OrthoPara\",\"description\":\"Parapharmacie\",\"publisher\":{\"@id\":\"https:\/\/orthopara.store\/#organization\"},\"potentialAction\":[{\"@type\":\"SearchAction\",\"target\":{\"@type\":\"EntryPoint\",\"urlTemplate\":\"https:\/\/orthopara.store\/?s={search_term_string}\"},\"query-input\":\"required name=search_term_string\"}],\"inLanguage\":\"fr-FR\"},{\"@type\":\"Organization\",\"@id\":\"https:\/\/orthopara.store\/#organization\",\"name\":\"OrthoPara\",\"url\":\"https:\/\/orthopara.store\/\",\"logo\":{\"@type\":\"ImageObject\",\"inLanguage\":\"fr-FR\",\"@id\":\"https:\/\/orthopara.store\/#\/schema\/logo\/image\/\",\"url\":\"https:\/\/orthopara.store\/wp-content\/uploads\/2024\/06\/cropped-9ABA8BAD-6256-4719-9315-15C66E64E882.png\",\"contentUrl\":\"https:\/\/orthopara.store\/wp-content\/uploads\/2024\/06\/cropped-9ABA8BAD-6256-4719-9315-15C66E64E882.png\",\"width\":240,\"height\":72,\"caption\":\"OrthoPara\"},\"image\":{\"@id\":\"https:\/\/orthopara.store\/#\/schema\/logo\/image\/\"},\"sameAs\":[\"https:\/\/www.facebook.com\/profile.php?id=61561194315651\",\"https:\/\/www.instagram.com\/orthopara_tunisie\/\"]}]}<\/script>\n<!-- \/ Yoast SEO plugin. -->","yoast_head_json":{"title":"Durcisseur vitamin\u00e9 - Ecrinal - 10ml - OrthoPara","robots":{"index":"index","follow":"follow","max-snippet":"max-snippet:-1","max-image-preview":"max-image-preview:large","max-video-preview":"max-video-preview:-1"},"canonical":"https:\/\/orthopara.store\/index.php\/produit\/durcisseur-vitamine-ecrinal-10ml\/","og_locale":"fr_FR","og_type":"article","og_title":"Durcisseur vitamin\u00e9 - Ecrinal - 10ml - OrthoPara","og_description":"Ecrinal\u00a0 Durcisseur vitamin\u00e9 Fortifie, r\u00e9pare et prot\u00e8ge Ongles mous, fragiles, ternes, cassants, d\u00e9doubl\u00e9s. Contenance : 10ml","og_url":"https:\/\/orthopara.store\/index.php\/produit\/durcisseur-vitamine-ecrinal-10ml\/","og_site_name":"OrthoPara","article_publisher":"https:\/\/www.facebook.com\/profile.php?id=61561194315651","article_modified_time":"2024-06-28T13:50:37+00:00","og_image":[{"width":800,"height":800,"url":"https:\/\/orthopara.store\/wp-content\/uploads\/2024\/06\/durcisseur-vitamine-ecrinal-10ml-.jpg","type":"image\/jpeg"}],"twitter_card":"summary_large_image","twitter_misc":{"Dur\u00e9e de lecture estim\u00e9e":"1 minute"},"schema":{"@context":"https:\/\/schema.org","@graph":[{"@type":"WebPage","@id":"https:\/\/orthopara.store\/index.php\/produit\/durcisseur-vitamine-ecrinal-10ml\/","url":"https:\/\/orthopara.store\/index.php\/produit\/durcisseur-vitamine-ecrinal-10ml\/","name":"Durcisseur vitamin\u00e9 - Ecrinal - 10ml - OrthoPara","isPartOf":{"@id":"https:\/\/orthopara.store\/#website"},"primaryImageOfPage":{"@id":"https:\/\/orthopara.store\/index.php\/produit\/durcisseur-vitamine-ecrinal-10ml\/#primaryimage"},"image":{"@id":"https:\/\/orthopara.store\/index.php\/produit\/durcisseur-vitamine-ecrinal-10ml\/#primaryimage"},"thumbnailUrl":"https:\/\/orthopara.store\/wp-content\/uploads\/2024\/06\/durcisseur-vitamine-ecrinal-10ml-.jpg","datePublished":"2024-06-28T13:50:33+00:00","dateModified":"2024-06-28T13:50:37+00:00","breadcrumb":{"@id":"https:\/\/orthopara.store\/index.php\/produit\/durcisseur-vitamine-ecrinal-10ml\/#breadcrumb"},"inLanguage":"fr-FR","potentialAction":[{"@type":"ReadAction","target":["https:\/\/orthopara.store\/index.php\/produit\/durcisseur-vitamine-ecrinal-10ml\/"]}]},{"@type":"ImageObject","inLanguage":"fr-FR","@id":"https:\/\/orthopara.store\/index.php\/produit\/durcisseur-vitamine-ecrinal-10ml\/#primaryimage","url":"https:\/\/orthopara.store\/wp-content\/uploads\/2024\/06\/durcisseur-vitamine-ecrinal-10ml-.jpg","contentUrl":"https:\/\/orthopara.store\/wp-content\/uploads\/2024\/06\/durcisseur-vitamine-ecrinal-10ml-.jpg","width":800,"height":800},{"@type":"BreadcrumbList","@id":"https:\/\/orthopara.store\/index.php\/produit\/durcisseur-vitamine-ecrinal-10ml\/#breadcrumb","itemListElement":[{"@type":"ListItem","position":1,"name":"Accueil","item":"https:\/\/orthopara.store\/"},{"@type":"ListItem","position":2,"name":"Shop","item":"https:\/\/orthopara.store\/?page_id=622"},{"@type":"ListItem","position":3,"name":"Durcisseur vitamin\u00e9 &#8211; Ecrinal &#8211; 10ml"}]},{"@type":"WebSite","@id":"https:\/\/orthopara.store\/#website","url":"https:\/\/orthopara.store\/","name":"OrthoPara","description":"Parapharmacie","publisher":{"@id":"https:\/\/orthopara.store\/#organization"},"potentialAction":[{"@type":"SearchAction","target":{"@type":"EntryPoint","urlTemplate":"https:\/\/orthopara.store\/?s={search_term_string}"},"query-input":"required name=search_term_string"}],"inLanguage":"fr-FR"},{"@type":"Organization","@id":"https:\/\/orthopara.store\/#organization","name":"OrthoPara","url":"https:\/\/orthopara.store\/","logo":{"@type":"ImageObject","inLanguage":"fr-FR","@id":"https:\/\/orthopara.store\/#\/schema\/logo\/image\/","url":"https:\/\/orthopara.store\/wp-content\/uploads\/2024\/06\/cropped-9ABA8BAD-6256-4719-9315-15C66E64E882.png","contentUrl":"https:\/\/orthopara.store\/wp-content\/uploads\/2024\/06\/cropped-9ABA8BAD-6256-4719-9315-15C66E64E882.png","width":240,"height":72,"caption":"OrthoPara"},"image":{"@id":"https:\/\/orthopara.store\/#\/schema\/logo\/image\/"},"sameAs":["https:\/\/www.facebook.com\/profile.php?id=61561194315651","https:\/\/www.instagram.com\/orthopara_tunisie\/"]}]}},"jetpack_sharing_enabled":true,"brands":[{"id":92,"name":"ECRINAL","slug":"ecrinal"}],"_links":{"self":[{"href":"https:\/\/orthopara.store\/index.php?rest_route=\/wp\/v2\/product\/889","targetHints":{"allow":["GET"]}}],"collection":[{"href":"https:\/\/orthopara.store\/index.php?rest_route=\/wp\/v2\/product"}],"about":[{"href":"https:\/\/orthopara.store\/index.php?rest_route=\/wp\/v2\/types\/product"}],"replies":[{"embeddable":true,"href":"https:\/\/orthopara.store\/index.php?rest_route=%2Fwp%2Fv2%2Fcomments&post=889"}],"wp:featuredmedia":[{"embeddable":true,"href":"https:\/\/orthopara.store\/index.php?rest_route=\/wp\/v2\/media\/909"}],"wp:attachment":[{"href":"https:\/\/orthopara.store\/index.php?rest_route=%2Fwp%2Fv2%2Fmedia&parent=889"}],"wp:term":[{"taxonomy":"pwb-brand","embeddable":true,"href":"https:\/\/orthopara.store\/index.php?rest_route=%2Fwp%2Fv2%2Fpwb-brand&post=889"},{"taxonomy":"product_cat","embeddable":true,"href":"https:\/\/orthopara.store\/index.php?rest_route=%2Fwp%2Fv2%2Fproduct_cat&post=889"},{"taxonomy":"product_tag","embeddable":true,"href":"https:\/\/orthopara.store\/index.php?rest_route=%2Fwp%2Fv2%2Fproduct_tag&post=889"}],"curies":[{"name":"wp","href":"https:\/\/api.w.org\/{rel}","templated":true}]}}