{"id":892,"date":"2024-06-28T15:50:33","date_gmt":"2024-06-28T13:50:33","guid":{"rendered":"https:\/\/orthopara.store\/?post_type=product&#038;p=892"},"modified":"2024-06-28T15:50:39","modified_gmt":"2024-06-28T13:50:39","slug":"vitabiotics-perfectil-platinium-30-comprimes","status":"publish","type":"product","link":"https:\/\/orthopara.store\/?product=vitabiotics-perfectil-platinium-30-comprimes","title":{"rendered":"VITABIOTICS PERFECTIL PLATINIUM &#8211; 30 Comprim\u00e9s"},"content":{"rendered":"<p>VITABIOTICS PERFECTIL PLATINIUM<br \/>\nPerfectil Platinum, est un\u00a0compl\u00e9ment alimentaire pour peau, cheveux et ongles. Nous croyons que l&rsquo;\u00e9clat de la peau vient de l&rsquo;int\u00e9rieur.<br \/>\nPerfectil Platinum, Notre formule ultime de beaut\u00e9, a \u00e9t\u00e9 d\u00e9velopp\u00e9 par Vitabiotics, les experts qui ont formul\u00e9 Perfectil, le num\u00e9ro 1 de la vente au Royaume-Uni, un compl\u00e9ment complet pour la peau, les cheveux et les ongles.<\/p>\n<p>Composition :\u00a0<br \/>\nVitamine C qui contribue \u00e0 la formation du collag\u00e8ne normal de la peau,<br \/>\nVitamines E et B2 contribuant \u00e0 la protection cellulaires du stress oxydatif,<br \/>\nZinc et s\u00e9l\u00e9nium contribuant \u00e0 la maintenance des cheveux et ongles.<\/p>\n","protected":false},"excerpt":{"rendered":"<p>VITABIOTICS PERFECTIL PLATINIUM<br \/>\ncontenance : 30 Comprim\u00e9s<\/p>\n","protected":false},"featured_media":912,"comment_status":"open","ping_status":"closed","template":"","meta":[],"pwb-brand":[98],"product_cat":[91],"product_tag":[],"class_list":{"0":"post-892","1":"product","2":"type-product","3":"status-publish","4":"has-post-thumbnail","6":"pwb-brand-vitabiotics","7":"product_cat-soins-ongles","8":"post","9":"ws-product--style-1","11":"first","12":"instock","13":"shipping-taxable","14":"purchasable","15":"product-type-simple"},"yoast_head":"<!-- This site is optimized with the Yoast SEO plugin v23.0 - https:\/\/yoast.com\/wordpress\/plugins\/seo\/ -->\n<title>VITABIOTICS PERFECTIL PLATINIUM - 30 Comprim\u00e9s - OrthoPara<\/title>\n<meta name=\"robots\" content=\"index, follow, max-snippet:-1, max-image-preview:large, max-video-preview:-1\" \/>\n<link rel=\"canonical\" href=\"https:\/\/orthopara.store\/index.php\/produit\/vitabiotics-perfectil-platinium-30-comprimes\/\" \/>\n<meta property=\"og:locale\" content=\"fr_FR\" \/>\n<meta property=\"og:type\" content=\"article\" \/>\n<meta property=\"og:title\" content=\"VITABIOTICS PERFECTIL PLATINIUM - 30 Comprim\u00e9s - OrthoPara\" \/>\n<meta property=\"og:description\" content=\"VITABIOTICS PERFECTIL PLATINIUM contenance : 30 Comprim\u00e9s\" \/>\n<meta property=\"og:url\" content=\"https:\/\/orthopara.store\/index.php\/produit\/vitabiotics-perfectil-platinium-30-comprimes\/\" \/>\n<meta property=\"og:site_name\" content=\"OrthoPara\" \/>\n<meta property=\"article:publisher\" content=\"https:\/\/www.facebook.com\/profile.php?id=61561194315651\" \/>\n<meta property=\"article:modified_time\" content=\"2024-06-28T13:50:39+00:00\" \/>\n<meta property=\"og:image\" content=\"https:\/\/orthopara.store\/wp-content\/uploads\/2024\/06\/vitabiotics-perfectil-platinium-30-comprimes.jpg\" \/>\n\t<meta property=\"og:image:width\" content=\"800\" \/>\n\t<meta property=\"og:image:height\" content=\"800\" \/>\n\t<meta property=\"og:image:type\" content=\"image\/jpeg\" \/>\n<meta name=\"twitter:card\" content=\"summary_large_image\" \/>\n<meta name=\"twitter:label1\" content=\"Dur\u00e9e de lecture estim\u00e9e\" \/>\n\t<meta name=\"twitter:data1\" content=\"1 minute\" \/>\n<script type=\"application\/ld+json\" class=\"yoast-schema-graph\">{\"@context\":\"https:\/\/schema.org\",\"@graph\":[{\"@type\":\"WebPage\",\"@id\":\"https:\/\/orthopara.store\/index.php\/produit\/vitabiotics-perfectil-platinium-30-comprimes\/\",\"url\":\"https:\/\/orthopara.store\/index.php\/produit\/vitabiotics-perfectil-platinium-30-comprimes\/\",\"name\":\"VITABIOTICS PERFECTIL PLATINIUM - 30 Comprim\u00e9s - OrthoPara\",\"isPartOf\":{\"@id\":\"https:\/\/orthopara.store\/#website\"},\"primaryImageOfPage\":{\"@id\":\"https:\/\/orthopara.store\/index.php\/produit\/vitabiotics-perfectil-platinium-30-comprimes\/#primaryimage\"},\"image\":{\"@id\":\"https:\/\/orthopara.store\/index.php\/produit\/vitabiotics-perfectil-platinium-30-comprimes\/#primaryimage\"},\"thumbnailUrl\":\"https:\/\/orthopara.store\/wp-content\/uploads\/2024\/06\/vitabiotics-perfectil-platinium-30-comprimes.jpg\",\"datePublished\":\"2024-06-28T13:50:33+00:00\",\"dateModified\":\"2024-06-28T13:50:39+00:00\",\"breadcrumb\":{\"@id\":\"https:\/\/orthopara.store\/index.php\/produit\/vitabiotics-perfectil-platinium-30-comprimes\/#breadcrumb\"},\"inLanguage\":\"fr-FR\",\"potentialAction\":[{\"@type\":\"ReadAction\",\"target\":[\"https:\/\/orthopara.store\/index.php\/produit\/vitabiotics-perfectil-platinium-30-comprimes\/\"]}]},{\"@type\":\"ImageObject\",\"inLanguage\":\"fr-FR\",\"@id\":\"https:\/\/orthopara.store\/index.php\/produit\/vitabiotics-perfectil-platinium-30-comprimes\/#primaryimage\",\"url\":\"https:\/\/orthopara.store\/wp-content\/uploads\/2024\/06\/vitabiotics-perfectil-platinium-30-comprimes.jpg\",\"contentUrl\":\"https:\/\/orthopara.store\/wp-content\/uploads\/2024\/06\/vitabiotics-perfectil-platinium-30-comprimes.jpg\",\"width\":800,\"height\":800},{\"@type\":\"BreadcrumbList\",\"@id\":\"https:\/\/orthopara.store\/index.php\/produit\/vitabiotics-perfectil-platinium-30-comprimes\/#breadcrumb\",\"itemListElement\":[{\"@type\":\"ListItem\",\"position\":1,\"name\":\"Accueil\",\"item\":\"https:\/\/orthopara.store\/\"},{\"@type\":\"ListItem\",\"position\":2,\"name\":\"Shop\",\"item\":\"https:\/\/orthopara.store\/?page_id=622\"},{\"@type\":\"ListItem\",\"position\":3,\"name\":\"VITABIOTICS PERFECTIL PLATINIUM &#8211; 30 Comprim\u00e9s\"}]},{\"@type\":\"WebSite\",\"@id\":\"https:\/\/orthopara.store\/#website\",\"url\":\"https:\/\/orthopara.store\/\",\"name\":\"OrthoPara\",\"description\":\"Parapharmacie\",\"publisher\":{\"@id\":\"https:\/\/orthopara.store\/#organization\"},\"potentialAction\":[{\"@type\":\"SearchAction\",\"target\":{\"@type\":\"EntryPoint\",\"urlTemplate\":\"https:\/\/orthopara.store\/?s={search_term_string}\"},\"query-input\":\"required name=search_term_string\"}],\"inLanguage\":\"fr-FR\"},{\"@type\":\"Organization\",\"@id\":\"https:\/\/orthopara.store\/#organization\",\"name\":\"OrthoPara\",\"url\":\"https:\/\/orthopara.store\/\",\"logo\":{\"@type\":\"ImageObject\",\"inLanguage\":\"fr-FR\",\"@id\":\"https:\/\/orthopara.store\/#\/schema\/logo\/image\/\",\"url\":\"https:\/\/orthopara.store\/wp-content\/uploads\/2024\/06\/cropped-9ABA8BAD-6256-4719-9315-15C66E64E882.png\",\"contentUrl\":\"https:\/\/orthopara.store\/wp-content\/uploads\/2024\/06\/cropped-9ABA8BAD-6256-4719-9315-15C66E64E882.png\",\"width\":240,\"height\":72,\"caption\":\"OrthoPara\"},\"image\":{\"@id\":\"https:\/\/orthopara.store\/#\/schema\/logo\/image\/\"},\"sameAs\":[\"https:\/\/www.facebook.com\/profile.php?id=61561194315651\",\"https:\/\/www.instagram.com\/orthopara_tunisie\/\"]}]}<\/script>\n<!-- \/ Yoast SEO plugin. -->","yoast_head_json":{"title":"VITABIOTICS PERFECTIL PLATINIUM - 30 Comprim\u00e9s - OrthoPara","robots":{"index":"index","follow":"follow","max-snippet":"max-snippet:-1","max-image-preview":"max-image-preview:large","max-video-preview":"max-video-preview:-1"},"canonical":"https:\/\/orthopara.store\/index.php\/produit\/vitabiotics-perfectil-platinium-30-comprimes\/","og_locale":"fr_FR","og_type":"article","og_title":"VITABIOTICS PERFECTIL PLATINIUM - 30 Comprim\u00e9s - OrthoPara","og_description":"VITABIOTICS PERFECTIL PLATINIUM contenance : 30 Comprim\u00e9s","og_url":"https:\/\/orthopara.store\/index.php\/produit\/vitabiotics-perfectil-platinium-30-comprimes\/","og_site_name":"OrthoPara","article_publisher":"https:\/\/www.facebook.com\/profile.php?id=61561194315651","article_modified_time":"2024-06-28T13:50:39+00:00","og_image":[{"width":800,"height":800,"url":"https:\/\/orthopara.store\/wp-content\/uploads\/2024\/06\/vitabiotics-perfectil-platinium-30-comprimes.jpg","type":"image\/jpeg"}],"twitter_card":"summary_large_image","twitter_misc":{"Dur\u00e9e de lecture estim\u00e9e":"1 minute"},"schema":{"@context":"https:\/\/schema.org","@graph":[{"@type":"WebPage","@id":"https:\/\/orthopara.store\/index.php\/produit\/vitabiotics-perfectil-platinium-30-comprimes\/","url":"https:\/\/orthopara.store\/index.php\/produit\/vitabiotics-perfectil-platinium-30-comprimes\/","name":"VITABIOTICS PERFECTIL PLATINIUM - 30 Comprim\u00e9s - OrthoPara","isPartOf":{"@id":"https:\/\/orthopara.store\/#website"},"primaryImageOfPage":{"@id":"https:\/\/orthopara.store\/index.php\/produit\/vitabiotics-perfectil-platinium-30-comprimes\/#primaryimage"},"image":{"@id":"https:\/\/orthopara.store\/index.php\/produit\/vitabiotics-perfectil-platinium-30-comprimes\/#primaryimage"},"thumbnailUrl":"https:\/\/orthopara.store\/wp-content\/uploads\/2024\/06\/vitabiotics-perfectil-platinium-30-comprimes.jpg","datePublished":"2024-06-28T13:50:33+00:00","dateModified":"2024-06-28T13:50:39+00:00","breadcrumb":{"@id":"https:\/\/orthopara.store\/index.php\/produit\/vitabiotics-perfectil-platinium-30-comprimes\/#breadcrumb"},"inLanguage":"fr-FR","potentialAction":[{"@type":"ReadAction","target":["https:\/\/orthopara.store\/index.php\/produit\/vitabiotics-perfectil-platinium-30-comprimes\/"]}]},{"@type":"ImageObject","inLanguage":"fr-FR","@id":"https:\/\/orthopara.store\/index.php\/produit\/vitabiotics-perfectil-platinium-30-comprimes\/#primaryimage","url":"https:\/\/orthopara.store\/wp-content\/uploads\/2024\/06\/vitabiotics-perfectil-platinium-30-comprimes.jpg","contentUrl":"https:\/\/orthopara.store\/wp-content\/uploads\/2024\/06\/vitabiotics-perfectil-platinium-30-comprimes.jpg","width":800,"height":800},{"@type":"BreadcrumbList","@id":"https:\/\/orthopara.store\/index.php\/produit\/vitabiotics-perfectil-platinium-30-comprimes\/#breadcrumb","itemListElement":[{"@type":"ListItem","position":1,"name":"Accueil","item":"https:\/\/orthopara.store\/"},{"@type":"ListItem","position":2,"name":"Shop","item":"https:\/\/orthopara.store\/?page_id=622"},{"@type":"ListItem","position":3,"name":"VITABIOTICS PERFECTIL PLATINIUM &#8211; 30 Comprim\u00e9s"}]},{"@type":"WebSite","@id":"https:\/\/orthopara.store\/#website","url":"https:\/\/orthopara.store\/","name":"OrthoPara","description":"Parapharmacie","publisher":{"@id":"https:\/\/orthopara.store\/#organization"},"potentialAction":[{"@type":"SearchAction","target":{"@type":"EntryPoint","urlTemplate":"https:\/\/orthopara.store\/?s={search_term_string}"},"query-input":"required name=search_term_string"}],"inLanguage":"fr-FR"},{"@type":"Organization","@id":"https:\/\/orthopara.store\/#organization","name":"OrthoPara","url":"https:\/\/orthopara.store\/","logo":{"@type":"ImageObject","inLanguage":"fr-FR","@id":"https:\/\/orthopara.store\/#\/schema\/logo\/image\/","url":"https:\/\/orthopara.store\/wp-content\/uploads\/2024\/06\/cropped-9ABA8BAD-6256-4719-9315-15C66E64E882.png","contentUrl":"https:\/\/orthopara.store\/wp-content\/uploads\/2024\/06\/cropped-9ABA8BAD-6256-4719-9315-15C66E64E882.png","width":240,"height":72,"caption":"OrthoPara"},"image":{"@id":"https:\/\/orthopara.store\/#\/schema\/logo\/image\/"},"sameAs":["https:\/\/www.facebook.com\/profile.php?id=61561194315651","https:\/\/www.instagram.com\/orthopara_tunisie\/"]}]}},"jetpack_sharing_enabled":true,"brands":[{"id":98,"name":"VITABIOTICS","slug":"vitabiotics"}],"_links":{"self":[{"href":"https:\/\/orthopara.store\/index.php?rest_route=\/wp\/v2\/product\/892","targetHints":{"allow":["GET"]}}],"collection":[{"href":"https:\/\/orthopara.store\/index.php?rest_route=\/wp\/v2\/product"}],"about":[{"href":"https:\/\/orthopara.store\/index.php?rest_route=\/wp\/v2\/types\/product"}],"replies":[{"embeddable":true,"href":"https:\/\/orthopara.store\/index.php?rest_route=%2Fwp%2Fv2%2Fcomments&post=892"}],"wp:featuredmedia":[{"embeddable":true,"href":"https:\/\/orthopara.store\/index.php?rest_route=\/wp\/v2\/media\/912"}],"wp:attachment":[{"href":"https:\/\/orthopara.store\/index.php?rest_route=%2Fwp%2Fv2%2Fmedia&parent=892"}],"wp:term":[{"taxonomy":"pwb-brand","embeddable":true,"href":"https:\/\/orthopara.store\/index.php?rest_route=%2Fwp%2Fv2%2Fpwb-brand&post=892"},{"taxonomy":"product_cat","embeddable":true,"href":"https:\/\/orthopara.store\/index.php?rest_route=%2Fwp%2Fv2%2Fproduct_cat&post=892"},{"taxonomy":"product_tag","embeddable":true,"href":"https:\/\/orthopara.store\/index.php?rest_route=%2Fwp%2Fv2%2Fproduct_tag&post=892"}],"curies":[{"name":"wp","href":"https:\/\/api.w.org\/{rel}","templated":true}]}}