{"id":894,"date":"2024-06-28T15:50:35","date_gmt":"2024-06-28T13:50:35","guid":{"rendered":"https:\/\/orthopara.store\/?post_type=product&#038;p=894"},"modified":"2024-06-28T15:50:39","modified_gmt":"2024-06-28T13:50:39","slug":"vernis-et-soin-traitant-durcisseur-eye-care-8ml","status":"publish","type":"product","link":"https:\/\/orthopara.store\/?product=vernis-et-soin-traitant-durcisseur-eye-care-8ml","title":{"rendered":"Vernis et soin traitant durcisseur &#8211; Eye care &#8211; 8ml"},"content":{"rendered":"<p>Vernis et soin traitant durcisseur &#8211; Eye care &#8211; 8ml\u00a0<br \/>\nIl est con\u00e7u pour les ongles mous, cassants ou d\u00e9doubl\u00e9s.<br \/>\nIl est formul\u00e9 sans tolu\u00e8ne, sans formol, sans conservateur, et sans colophane. De plus la bille contenue dans le flacon est sans nickel.<br \/>\nIndication : Soin des ongles<\/p>\n","protected":false},"excerpt":{"rendered":"<p>Eye care\u00a0<br \/>\nIl est con\u00e7u pour les ongles mous, cassants ou d\u00e9doubl\u00e9s.<br \/>\nIl est formul\u00e9 sans tolu\u00e8ne, sans formol, sans conservateur, et sans colophane. De plus la bille contenue dans le flacon est sans nickel.<\/p>\n","protected":false},"featured_media":914,"comment_status":"open","ping_status":"closed","template":"","meta":[],"pwb-brand":[97],"product_cat":[91],"product_tag":[],"class_list":{"0":"post-894","1":"product","2":"type-product","3":"status-publish","4":"has-post-thumbnail","6":"pwb-brand-eye-care","7":"product_cat-soins-ongles","8":"post","9":"ws-product--style-1","11":"first","12":"instock","13":"shipping-taxable","14":"purchasable","15":"product-type-simple"},"yoast_head":"<!-- This site is optimized with the Yoast SEO plugin v23.0 - https:\/\/yoast.com\/wordpress\/plugins\/seo\/ -->\n<title>Vernis et soin traitant durcisseur - Eye care - 8ml - OrthoPara<\/title>\n<meta name=\"robots\" content=\"index, follow, max-snippet:-1, max-image-preview:large, max-video-preview:-1\" \/>\n<link rel=\"canonical\" href=\"https:\/\/orthopara.store\/index.php\/produit\/vernis-et-soin-traitant-durcisseur-eye-care-8ml\/\" \/>\n<meta property=\"og:locale\" content=\"fr_FR\" \/>\n<meta property=\"og:type\" content=\"article\" \/>\n<meta property=\"og:title\" content=\"Vernis et soin traitant durcisseur - Eye care - 8ml - OrthoPara\" \/>\n<meta property=\"og:description\" content=\"Eye care\u00a0 Il est con\u00e7u pour les ongles mous, cassants ou d\u00e9doubl\u00e9s. Il est formul\u00e9 sans tolu\u00e8ne, sans formol, sans conservateur, et sans colophane. De plus la bille contenue dans le flacon est sans nickel.\" \/>\n<meta property=\"og:url\" content=\"https:\/\/orthopara.store\/index.php\/produit\/vernis-et-soin-traitant-durcisseur-eye-care-8ml\/\" \/>\n<meta property=\"og:site_name\" content=\"OrthoPara\" \/>\n<meta property=\"article:publisher\" content=\"https:\/\/www.facebook.com\/profile.php?id=61561194315651\" \/>\n<meta property=\"article:modified_time\" content=\"2024-06-28T13:50:39+00:00\" \/>\n<meta property=\"og:image\" content=\"https:\/\/orthopara.store\/wp-content\/uploads\/2024\/06\/vernis-et-soin-traitant-durcisseur-eye-care-8ml-.jpg\" \/>\n\t<meta property=\"og:image:width\" content=\"800\" \/>\n\t<meta property=\"og:image:height\" content=\"800\" \/>\n\t<meta property=\"og:image:type\" content=\"image\/jpeg\" \/>\n<meta name=\"twitter:card\" content=\"summary_large_image\" \/>\n<script type=\"application\/ld+json\" class=\"yoast-schema-graph\">{\"@context\":\"https:\/\/schema.org\",\"@graph\":[{\"@type\":\"WebPage\",\"@id\":\"https:\/\/orthopara.store\/index.php\/produit\/vernis-et-soin-traitant-durcisseur-eye-care-8ml\/\",\"url\":\"https:\/\/orthopara.store\/index.php\/produit\/vernis-et-soin-traitant-durcisseur-eye-care-8ml\/\",\"name\":\"Vernis et soin traitant durcisseur - Eye care - 8ml - OrthoPara\",\"isPartOf\":{\"@id\":\"https:\/\/orthopara.store\/#website\"},\"primaryImageOfPage\":{\"@id\":\"https:\/\/orthopara.store\/index.php\/produit\/vernis-et-soin-traitant-durcisseur-eye-care-8ml\/#primaryimage\"},\"image\":{\"@id\":\"https:\/\/orthopara.store\/index.php\/produit\/vernis-et-soin-traitant-durcisseur-eye-care-8ml\/#primaryimage\"},\"thumbnailUrl\":\"https:\/\/orthopara.store\/wp-content\/uploads\/2024\/06\/vernis-et-soin-traitant-durcisseur-eye-care-8ml-.jpg\",\"datePublished\":\"2024-06-28T13:50:35+00:00\",\"dateModified\":\"2024-06-28T13:50:39+00:00\",\"breadcrumb\":{\"@id\":\"https:\/\/orthopara.store\/index.php\/produit\/vernis-et-soin-traitant-durcisseur-eye-care-8ml\/#breadcrumb\"},\"inLanguage\":\"fr-FR\",\"potentialAction\":[{\"@type\":\"ReadAction\",\"target\":[\"https:\/\/orthopara.store\/index.php\/produit\/vernis-et-soin-traitant-durcisseur-eye-care-8ml\/\"]}]},{\"@type\":\"ImageObject\",\"inLanguage\":\"fr-FR\",\"@id\":\"https:\/\/orthopara.store\/index.php\/produit\/vernis-et-soin-traitant-durcisseur-eye-care-8ml\/#primaryimage\",\"url\":\"https:\/\/orthopara.store\/wp-content\/uploads\/2024\/06\/vernis-et-soin-traitant-durcisseur-eye-care-8ml-.jpg\",\"contentUrl\":\"https:\/\/orthopara.store\/wp-content\/uploads\/2024\/06\/vernis-et-soin-traitant-durcisseur-eye-care-8ml-.jpg\",\"width\":800,\"height\":800},{\"@type\":\"BreadcrumbList\",\"@id\":\"https:\/\/orthopara.store\/index.php\/produit\/vernis-et-soin-traitant-durcisseur-eye-care-8ml\/#breadcrumb\",\"itemListElement\":[{\"@type\":\"ListItem\",\"position\":1,\"name\":\"Accueil\",\"item\":\"https:\/\/orthopara.store\/\"},{\"@type\":\"ListItem\",\"position\":2,\"name\":\"Shop\",\"item\":\"https:\/\/orthopara.store\/?page_id=622\"},{\"@type\":\"ListItem\",\"position\":3,\"name\":\"Vernis et soin traitant durcisseur &#8211; Eye care &#8211; 8ml\"}]},{\"@type\":\"WebSite\",\"@id\":\"https:\/\/orthopara.store\/#website\",\"url\":\"https:\/\/orthopara.store\/\",\"name\":\"OrthoPara\",\"description\":\"Parapharmacie\",\"publisher\":{\"@id\":\"https:\/\/orthopara.store\/#organization\"},\"potentialAction\":[{\"@type\":\"SearchAction\",\"target\":{\"@type\":\"EntryPoint\",\"urlTemplate\":\"https:\/\/orthopara.store\/?s={search_term_string}\"},\"query-input\":\"required name=search_term_string\"}],\"inLanguage\":\"fr-FR\"},{\"@type\":\"Organization\",\"@id\":\"https:\/\/orthopara.store\/#organization\",\"name\":\"OrthoPara\",\"url\":\"https:\/\/orthopara.store\/\",\"logo\":{\"@type\":\"ImageObject\",\"inLanguage\":\"fr-FR\",\"@id\":\"https:\/\/orthopara.store\/#\/schema\/logo\/image\/\",\"url\":\"https:\/\/orthopara.store\/wp-content\/uploads\/2024\/06\/cropped-9ABA8BAD-6256-4719-9315-15C66E64E882.png\",\"contentUrl\":\"https:\/\/orthopara.store\/wp-content\/uploads\/2024\/06\/cropped-9ABA8BAD-6256-4719-9315-15C66E64E882.png\",\"width\":240,\"height\":72,\"caption\":\"OrthoPara\"},\"image\":{\"@id\":\"https:\/\/orthopara.store\/#\/schema\/logo\/image\/\"},\"sameAs\":[\"https:\/\/www.facebook.com\/profile.php?id=61561194315651\",\"https:\/\/www.instagram.com\/orthopara_tunisie\/\"]}]}<\/script>\n<!-- \/ Yoast SEO plugin. -->","yoast_head_json":{"title":"Vernis et soin traitant durcisseur - Eye care - 8ml - OrthoPara","robots":{"index":"index","follow":"follow","max-snippet":"max-snippet:-1","max-image-preview":"max-image-preview:large","max-video-preview":"max-video-preview:-1"},"canonical":"https:\/\/orthopara.store\/index.php\/produit\/vernis-et-soin-traitant-durcisseur-eye-care-8ml\/","og_locale":"fr_FR","og_type":"article","og_title":"Vernis et soin traitant durcisseur - Eye care - 8ml - OrthoPara","og_description":"Eye care\u00a0 Il est con\u00e7u pour les ongles mous, cassants ou d\u00e9doubl\u00e9s. Il est formul\u00e9 sans tolu\u00e8ne, sans formol, sans conservateur, et sans colophane. De plus la bille contenue dans le flacon est sans nickel.","og_url":"https:\/\/orthopara.store\/index.php\/produit\/vernis-et-soin-traitant-durcisseur-eye-care-8ml\/","og_site_name":"OrthoPara","article_publisher":"https:\/\/www.facebook.com\/profile.php?id=61561194315651","article_modified_time":"2024-06-28T13:50:39+00:00","og_image":[{"width":800,"height":800,"url":"https:\/\/orthopara.store\/wp-content\/uploads\/2024\/06\/vernis-et-soin-traitant-durcisseur-eye-care-8ml-.jpg","type":"image\/jpeg"}],"twitter_card":"summary_large_image","schema":{"@context":"https:\/\/schema.org","@graph":[{"@type":"WebPage","@id":"https:\/\/orthopara.store\/index.php\/produit\/vernis-et-soin-traitant-durcisseur-eye-care-8ml\/","url":"https:\/\/orthopara.store\/index.php\/produit\/vernis-et-soin-traitant-durcisseur-eye-care-8ml\/","name":"Vernis et soin traitant durcisseur - Eye care - 8ml - OrthoPara","isPartOf":{"@id":"https:\/\/orthopara.store\/#website"},"primaryImageOfPage":{"@id":"https:\/\/orthopara.store\/index.php\/produit\/vernis-et-soin-traitant-durcisseur-eye-care-8ml\/#primaryimage"},"image":{"@id":"https:\/\/orthopara.store\/index.php\/produit\/vernis-et-soin-traitant-durcisseur-eye-care-8ml\/#primaryimage"},"thumbnailUrl":"https:\/\/orthopara.store\/wp-content\/uploads\/2024\/06\/vernis-et-soin-traitant-durcisseur-eye-care-8ml-.jpg","datePublished":"2024-06-28T13:50:35+00:00","dateModified":"2024-06-28T13:50:39+00:00","breadcrumb":{"@id":"https:\/\/orthopara.store\/index.php\/produit\/vernis-et-soin-traitant-durcisseur-eye-care-8ml\/#breadcrumb"},"inLanguage":"fr-FR","potentialAction":[{"@type":"ReadAction","target":["https:\/\/orthopara.store\/index.php\/produit\/vernis-et-soin-traitant-durcisseur-eye-care-8ml\/"]}]},{"@type":"ImageObject","inLanguage":"fr-FR","@id":"https:\/\/orthopara.store\/index.php\/produit\/vernis-et-soin-traitant-durcisseur-eye-care-8ml\/#primaryimage","url":"https:\/\/orthopara.store\/wp-content\/uploads\/2024\/06\/vernis-et-soin-traitant-durcisseur-eye-care-8ml-.jpg","contentUrl":"https:\/\/orthopara.store\/wp-content\/uploads\/2024\/06\/vernis-et-soin-traitant-durcisseur-eye-care-8ml-.jpg","width":800,"height":800},{"@type":"BreadcrumbList","@id":"https:\/\/orthopara.store\/index.php\/produit\/vernis-et-soin-traitant-durcisseur-eye-care-8ml\/#breadcrumb","itemListElement":[{"@type":"ListItem","position":1,"name":"Accueil","item":"https:\/\/orthopara.store\/"},{"@type":"ListItem","position":2,"name":"Shop","item":"https:\/\/orthopara.store\/?page_id=622"},{"@type":"ListItem","position":3,"name":"Vernis et soin traitant durcisseur &#8211; Eye care &#8211; 8ml"}]},{"@type":"WebSite","@id":"https:\/\/orthopara.store\/#website","url":"https:\/\/orthopara.store\/","name":"OrthoPara","description":"Parapharmacie","publisher":{"@id":"https:\/\/orthopara.store\/#organization"},"potentialAction":[{"@type":"SearchAction","target":{"@type":"EntryPoint","urlTemplate":"https:\/\/orthopara.store\/?s={search_term_string}"},"query-input":"required name=search_term_string"}],"inLanguage":"fr-FR"},{"@type":"Organization","@id":"https:\/\/orthopara.store\/#organization","name":"OrthoPara","url":"https:\/\/orthopara.store\/","logo":{"@type":"ImageObject","inLanguage":"fr-FR","@id":"https:\/\/orthopara.store\/#\/schema\/logo\/image\/","url":"https:\/\/orthopara.store\/wp-content\/uploads\/2024\/06\/cropped-9ABA8BAD-6256-4719-9315-15C66E64E882.png","contentUrl":"https:\/\/orthopara.store\/wp-content\/uploads\/2024\/06\/cropped-9ABA8BAD-6256-4719-9315-15C66E64E882.png","width":240,"height":72,"caption":"OrthoPara"},"image":{"@id":"https:\/\/orthopara.store\/#\/schema\/logo\/image\/"},"sameAs":["https:\/\/www.facebook.com\/profile.php?id=61561194315651","https:\/\/www.instagram.com\/orthopara_tunisie\/"]}]}},"jetpack_sharing_enabled":true,"brands":[{"id":97,"name":"EYE CARE","slug":"eye-care"}],"_links":{"self":[{"href":"https:\/\/orthopara.store\/index.php?rest_route=\/wp\/v2\/product\/894","targetHints":{"allow":["GET"]}}],"collection":[{"href":"https:\/\/orthopara.store\/index.php?rest_route=\/wp\/v2\/product"}],"about":[{"href":"https:\/\/orthopara.store\/index.php?rest_route=\/wp\/v2\/types\/product"}],"replies":[{"embeddable":true,"href":"https:\/\/orthopara.store\/index.php?rest_route=%2Fwp%2Fv2%2Fcomments&post=894"}],"wp:featuredmedia":[{"embeddable":true,"href":"https:\/\/orthopara.store\/index.php?rest_route=\/wp\/v2\/media\/914"}],"wp:attachment":[{"href":"https:\/\/orthopara.store\/index.php?rest_route=%2Fwp%2Fv2%2Fmedia&parent=894"}],"wp:term":[{"taxonomy":"pwb-brand","embeddable":true,"href":"https:\/\/orthopara.store\/index.php?rest_route=%2Fwp%2Fv2%2Fpwb-brand&post=894"},{"taxonomy":"product_cat","embeddable":true,"href":"https:\/\/orthopara.store\/index.php?rest_route=%2Fwp%2Fv2%2Fproduct_cat&post=894"},{"taxonomy":"product_tag","embeddable":true,"href":"https:\/\/orthopara.store\/index.php?rest_route=%2Fwp%2Fv2%2Fproduct_tag&post=894"}],"curies":[{"name":"wp","href":"https:\/\/api.w.org\/{rel}","templated":true}]}}