{"id":896,"date":"2024-06-28T15:50:35","date_gmt":"2024-06-28T13:50:35","guid":{"rendered":"https:\/\/orthopara.store\/?post_type=product&#038;p=896"},"modified":"2024-06-28T15:50:40","modified_gmt":"2024-06-28T13:50:40","slug":"creme-teintee-pour-cils-et-sourcils-joanna-tint-brin-fonce","status":"publish","type":"product","link":"https:\/\/orthopara.store\/?product=creme-teintee-pour-cils-et-sourcils-joanna-tint-brin-fonce","title":{"rendered":"Cr\u00e8me teint\u00e9e pour cils et sourcils &#8211; Joanna TINT &#8211; brin fonc\u00e9"},"content":{"rendered":"<p>Cr\u00e8me teint\u00e9e pour cils et sourcils &#8211; Joanna TINT &#8211; brin fonc\u00e9<br \/>\nLa cr\u00e8me teint\u00e9e pour sourcils et cils\u00a0teint en douceur, procurant une couleur durable et am\u00e9liorant la longueur et la densit\u00e9 des cils.\u00a0Il met en valeur le contour des yeux et donne aux sourcils une forme de r\u00eave &#8211; particuli\u00e8rement utile pour les femmes non dot\u00e9es de sourcils bien d\u00e9finis et celles qui souhaitent ajouter un peu d&rsquo;expression \u00e0 leur regard.\u00a0<br \/>\nIl teint les cheveux gris, couvre les taches fines, unifie et harmonise le ton et mod\u00e9lise la forme des sourcils.Enrichie en huile de ricin nourrissante,\u00a0\u00a0la formule renforce les cheveux et prot\u00e8ge contre la chute.\u00a0<br \/>\nDans les cinq minutes suivant l&rsquo;utilisation, les cheveux commencent \u00e0 s&rsquo;assombrir.\u00a0Apr\u00e8s dix minutes, une belle couleur sombre est obtenue.Recommand\u00e9 pour les femmes aux cheveux brun fonc\u00e9 \u00e0 noirs<\/p>\n","protected":false},"excerpt":{"rendered":"<p>Joanna TINT<br \/>\nCr\u00e8me teint\u00e9e pour cils et sourcils<br \/>\nChaque pack contient:<br \/>\nTube de 15 ml de cr\u00e8me colorante<br \/>\nFlacon avec activateur de 15 ml<br \/>\nApplicateur<br \/>\nBrochure d&rsquo;information<br \/>\ncouleur : brin fonc\u00e9<br \/>\nDLC : 02\/2024<\/p>\n","protected":false},"featured_media":916,"comment_status":"open","ping_status":"closed","template":"","meta":[],"pwb-brand":[99],"product_cat":[95],"product_tag":[],"class_list":{"0":"post-896","1":"product","2":"type-product","3":"status-publish","4":"has-post-thumbnail","6":"pwb-brand-joanna","7":"product_cat-mascara-et-sourcils","8":"post","9":"ws-product--style-1","11":"first","12":"instock","13":"shipping-taxable","14":"purchasable","15":"product-type-simple"},"yoast_head":"<!-- This site is optimized with the Yoast SEO plugin v23.0 - https:\/\/yoast.com\/wordpress\/plugins\/seo\/ -->\n<title>Cr\u00e8me teint\u00e9e pour cils et sourcils - Joanna TINT - brin fonc\u00e9 - OrthoPara<\/title>\n<meta name=\"robots\" content=\"index, follow, max-snippet:-1, max-image-preview:large, max-video-preview:-1\" \/>\n<link rel=\"canonical\" href=\"https:\/\/orthopara.store\/index.php\/produit\/creme-teintee-pour-cils-et-sourcils-joanna-tint-brin-fonce\/\" \/>\n<meta property=\"og:locale\" content=\"fr_FR\" \/>\n<meta property=\"og:type\" content=\"article\" \/>\n<meta property=\"og:title\" content=\"Cr\u00e8me teint\u00e9e pour cils et sourcils - Joanna TINT - brin fonc\u00e9 - OrthoPara\" \/>\n<meta property=\"og:description\" content=\"Joanna TINT Cr\u00e8me teint\u00e9e pour cils et sourcils Chaque pack contient: Tube de 15 ml de cr\u00e8me colorante Flacon avec activateur de 15 ml Applicateur Brochure d&#039;information couleur : brin fonc\u00e9 DLC : 02\/2024\" \/>\n<meta property=\"og:url\" content=\"https:\/\/orthopara.store\/index.php\/produit\/creme-teintee-pour-cils-et-sourcils-joanna-tint-brin-fonce\/\" \/>\n<meta property=\"og:site_name\" content=\"OrthoPara\" \/>\n<meta property=\"article:publisher\" content=\"https:\/\/www.facebook.com\/profile.php?id=61561194315651\" \/>\n<meta property=\"article:modified_time\" content=\"2024-06-28T13:50:40+00:00\" \/>\n<meta property=\"og:image\" content=\"https:\/\/orthopara.store\/wp-content\/uploads\/2024\/06\/joanna-tint-creme-teintee-pour-sourcils-et-cils-brin-fonce.jpg\" \/>\n\t<meta property=\"og:image:width\" content=\"800\" \/>\n\t<meta property=\"og:image:height\" content=\"800\" \/>\n\t<meta property=\"og:image:type\" content=\"image\/jpeg\" \/>\n<meta name=\"twitter:card\" content=\"summary_large_image\" \/>\n<meta name=\"twitter:label1\" content=\"Dur\u00e9e de lecture estim\u00e9e\" \/>\n\t<meta name=\"twitter:data1\" content=\"1 minute\" \/>\n<script type=\"application\/ld+json\" class=\"yoast-schema-graph\">{\"@context\":\"https:\/\/schema.org\",\"@graph\":[{\"@type\":\"WebPage\",\"@id\":\"https:\/\/orthopara.store\/index.php\/produit\/creme-teintee-pour-cils-et-sourcils-joanna-tint-brin-fonce\/\",\"url\":\"https:\/\/orthopara.store\/index.php\/produit\/creme-teintee-pour-cils-et-sourcils-joanna-tint-brin-fonce\/\",\"name\":\"Cr\u00e8me teint\u00e9e pour cils et sourcils - Joanna TINT - brin fonc\u00e9 - OrthoPara\",\"isPartOf\":{\"@id\":\"https:\/\/orthopara.store\/#website\"},\"primaryImageOfPage\":{\"@id\":\"https:\/\/orthopara.store\/index.php\/produit\/creme-teintee-pour-cils-et-sourcils-joanna-tint-brin-fonce\/#primaryimage\"},\"image\":{\"@id\":\"https:\/\/orthopara.store\/index.php\/produit\/creme-teintee-pour-cils-et-sourcils-joanna-tint-brin-fonce\/#primaryimage\"},\"thumbnailUrl\":\"https:\/\/orthopara.store\/wp-content\/uploads\/2024\/06\/joanna-tint-creme-teintee-pour-sourcils-et-cils-brin-fonce.jpg\",\"datePublished\":\"2024-06-28T13:50:35+00:00\",\"dateModified\":\"2024-06-28T13:50:40+00:00\",\"breadcrumb\":{\"@id\":\"https:\/\/orthopara.store\/index.php\/produit\/creme-teintee-pour-cils-et-sourcils-joanna-tint-brin-fonce\/#breadcrumb\"},\"inLanguage\":\"fr-FR\",\"potentialAction\":[{\"@type\":\"ReadAction\",\"target\":[\"https:\/\/orthopara.store\/index.php\/produit\/creme-teintee-pour-cils-et-sourcils-joanna-tint-brin-fonce\/\"]}]},{\"@type\":\"ImageObject\",\"inLanguage\":\"fr-FR\",\"@id\":\"https:\/\/orthopara.store\/index.php\/produit\/creme-teintee-pour-cils-et-sourcils-joanna-tint-brin-fonce\/#primaryimage\",\"url\":\"https:\/\/orthopara.store\/wp-content\/uploads\/2024\/06\/joanna-tint-creme-teintee-pour-sourcils-et-cils-brin-fonce.jpg\",\"contentUrl\":\"https:\/\/orthopara.store\/wp-content\/uploads\/2024\/06\/joanna-tint-creme-teintee-pour-sourcils-et-cils-brin-fonce.jpg\",\"width\":800,\"height\":800},{\"@type\":\"BreadcrumbList\",\"@id\":\"https:\/\/orthopara.store\/index.php\/produit\/creme-teintee-pour-cils-et-sourcils-joanna-tint-brin-fonce\/#breadcrumb\",\"itemListElement\":[{\"@type\":\"ListItem\",\"position\":1,\"name\":\"Accueil\",\"item\":\"https:\/\/orthopara.store\/\"},{\"@type\":\"ListItem\",\"position\":2,\"name\":\"Shop\",\"item\":\"https:\/\/orthopara.store\/?page_id=622\"},{\"@type\":\"ListItem\",\"position\":3,\"name\":\"Cr\u00e8me teint\u00e9e pour cils et sourcils &#8211; Joanna TINT &#8211; brin fonc\u00e9\"}]},{\"@type\":\"WebSite\",\"@id\":\"https:\/\/orthopara.store\/#website\",\"url\":\"https:\/\/orthopara.store\/\",\"name\":\"OrthoPara\",\"description\":\"Parapharmacie\",\"publisher\":{\"@id\":\"https:\/\/orthopara.store\/#organization\"},\"potentialAction\":[{\"@type\":\"SearchAction\",\"target\":{\"@type\":\"EntryPoint\",\"urlTemplate\":\"https:\/\/orthopara.store\/?s={search_term_string}\"},\"query-input\":\"required name=search_term_string\"}],\"inLanguage\":\"fr-FR\"},{\"@type\":\"Organization\",\"@id\":\"https:\/\/orthopara.store\/#organization\",\"name\":\"OrthoPara\",\"url\":\"https:\/\/orthopara.store\/\",\"logo\":{\"@type\":\"ImageObject\",\"inLanguage\":\"fr-FR\",\"@id\":\"https:\/\/orthopara.store\/#\/schema\/logo\/image\/\",\"url\":\"https:\/\/orthopara.store\/wp-content\/uploads\/2024\/06\/cropped-9ABA8BAD-6256-4719-9315-15C66E64E882.png\",\"contentUrl\":\"https:\/\/orthopara.store\/wp-content\/uploads\/2024\/06\/cropped-9ABA8BAD-6256-4719-9315-15C66E64E882.png\",\"width\":240,\"height\":72,\"caption\":\"OrthoPara\"},\"image\":{\"@id\":\"https:\/\/orthopara.store\/#\/schema\/logo\/image\/\"},\"sameAs\":[\"https:\/\/www.facebook.com\/profile.php?id=61561194315651\",\"https:\/\/www.instagram.com\/orthopara_tunisie\/\"]}]}<\/script>\n<!-- \/ Yoast SEO plugin. -->","yoast_head_json":{"title":"Cr\u00e8me teint\u00e9e pour cils et sourcils - Joanna TINT - brin fonc\u00e9 - OrthoPara","robots":{"index":"index","follow":"follow","max-snippet":"max-snippet:-1","max-image-preview":"max-image-preview:large","max-video-preview":"max-video-preview:-1"},"canonical":"https:\/\/orthopara.store\/index.php\/produit\/creme-teintee-pour-cils-et-sourcils-joanna-tint-brin-fonce\/","og_locale":"fr_FR","og_type":"article","og_title":"Cr\u00e8me teint\u00e9e pour cils et sourcils - Joanna TINT - brin fonc\u00e9 - OrthoPara","og_description":"Joanna TINT Cr\u00e8me teint\u00e9e pour cils et sourcils Chaque pack contient: Tube de 15 ml de cr\u00e8me colorante Flacon avec activateur de 15 ml Applicateur Brochure d'information couleur : brin fonc\u00e9 DLC : 02\/2024","og_url":"https:\/\/orthopara.store\/index.php\/produit\/creme-teintee-pour-cils-et-sourcils-joanna-tint-brin-fonce\/","og_site_name":"OrthoPara","article_publisher":"https:\/\/www.facebook.com\/profile.php?id=61561194315651","article_modified_time":"2024-06-28T13:50:40+00:00","og_image":[{"width":800,"height":800,"url":"https:\/\/orthopara.store\/wp-content\/uploads\/2024\/06\/joanna-tint-creme-teintee-pour-sourcils-et-cils-brin-fonce.jpg","type":"image\/jpeg"}],"twitter_card":"summary_large_image","twitter_misc":{"Dur\u00e9e de lecture estim\u00e9e":"1 minute"},"schema":{"@context":"https:\/\/schema.org","@graph":[{"@type":"WebPage","@id":"https:\/\/orthopara.store\/index.php\/produit\/creme-teintee-pour-cils-et-sourcils-joanna-tint-brin-fonce\/","url":"https:\/\/orthopara.store\/index.php\/produit\/creme-teintee-pour-cils-et-sourcils-joanna-tint-brin-fonce\/","name":"Cr\u00e8me teint\u00e9e pour cils et sourcils - Joanna TINT - brin fonc\u00e9 - OrthoPara","isPartOf":{"@id":"https:\/\/orthopara.store\/#website"},"primaryImageOfPage":{"@id":"https:\/\/orthopara.store\/index.php\/produit\/creme-teintee-pour-cils-et-sourcils-joanna-tint-brin-fonce\/#primaryimage"},"image":{"@id":"https:\/\/orthopara.store\/index.php\/produit\/creme-teintee-pour-cils-et-sourcils-joanna-tint-brin-fonce\/#primaryimage"},"thumbnailUrl":"https:\/\/orthopara.store\/wp-content\/uploads\/2024\/06\/joanna-tint-creme-teintee-pour-sourcils-et-cils-brin-fonce.jpg","datePublished":"2024-06-28T13:50:35+00:00","dateModified":"2024-06-28T13:50:40+00:00","breadcrumb":{"@id":"https:\/\/orthopara.store\/index.php\/produit\/creme-teintee-pour-cils-et-sourcils-joanna-tint-brin-fonce\/#breadcrumb"},"inLanguage":"fr-FR","potentialAction":[{"@type":"ReadAction","target":["https:\/\/orthopara.store\/index.php\/produit\/creme-teintee-pour-cils-et-sourcils-joanna-tint-brin-fonce\/"]}]},{"@type":"ImageObject","inLanguage":"fr-FR","@id":"https:\/\/orthopara.store\/index.php\/produit\/creme-teintee-pour-cils-et-sourcils-joanna-tint-brin-fonce\/#primaryimage","url":"https:\/\/orthopara.store\/wp-content\/uploads\/2024\/06\/joanna-tint-creme-teintee-pour-sourcils-et-cils-brin-fonce.jpg","contentUrl":"https:\/\/orthopara.store\/wp-content\/uploads\/2024\/06\/joanna-tint-creme-teintee-pour-sourcils-et-cils-brin-fonce.jpg","width":800,"height":800},{"@type":"BreadcrumbList","@id":"https:\/\/orthopara.store\/index.php\/produit\/creme-teintee-pour-cils-et-sourcils-joanna-tint-brin-fonce\/#breadcrumb","itemListElement":[{"@type":"ListItem","position":1,"name":"Accueil","item":"https:\/\/orthopara.store\/"},{"@type":"ListItem","position":2,"name":"Shop","item":"https:\/\/orthopara.store\/?page_id=622"},{"@type":"ListItem","position":3,"name":"Cr\u00e8me teint\u00e9e pour cils et sourcils &#8211; Joanna TINT &#8211; brin fonc\u00e9"}]},{"@type":"WebSite","@id":"https:\/\/orthopara.store\/#website","url":"https:\/\/orthopara.store\/","name":"OrthoPara","description":"Parapharmacie","publisher":{"@id":"https:\/\/orthopara.store\/#organization"},"potentialAction":[{"@type":"SearchAction","target":{"@type":"EntryPoint","urlTemplate":"https:\/\/orthopara.store\/?s={search_term_string}"},"query-input":"required name=search_term_string"}],"inLanguage":"fr-FR"},{"@type":"Organization","@id":"https:\/\/orthopara.store\/#organization","name":"OrthoPara","url":"https:\/\/orthopara.store\/","logo":{"@type":"ImageObject","inLanguage":"fr-FR","@id":"https:\/\/orthopara.store\/#\/schema\/logo\/image\/","url":"https:\/\/orthopara.store\/wp-content\/uploads\/2024\/06\/cropped-9ABA8BAD-6256-4719-9315-15C66E64E882.png","contentUrl":"https:\/\/orthopara.store\/wp-content\/uploads\/2024\/06\/cropped-9ABA8BAD-6256-4719-9315-15C66E64E882.png","width":240,"height":72,"caption":"OrthoPara"},"image":{"@id":"https:\/\/orthopara.store\/#\/schema\/logo\/image\/"},"sameAs":["https:\/\/www.facebook.com\/profile.php?id=61561194315651","https:\/\/www.instagram.com\/orthopara_tunisie\/"]}]}},"jetpack_sharing_enabled":true,"brands":[{"id":99,"name":"Joanna","slug":"joanna"}],"_links":{"self":[{"href":"https:\/\/orthopara.store\/index.php?rest_route=\/wp\/v2\/product\/896","targetHints":{"allow":["GET"]}}],"collection":[{"href":"https:\/\/orthopara.store\/index.php?rest_route=\/wp\/v2\/product"}],"about":[{"href":"https:\/\/orthopara.store\/index.php?rest_route=\/wp\/v2\/types\/product"}],"replies":[{"embeddable":true,"href":"https:\/\/orthopara.store\/index.php?rest_route=%2Fwp%2Fv2%2Fcomments&post=896"}],"wp:featuredmedia":[{"embeddable":true,"href":"https:\/\/orthopara.store\/index.php?rest_route=\/wp\/v2\/media\/916"}],"wp:attachment":[{"href":"https:\/\/orthopara.store\/index.php?rest_route=%2Fwp%2Fv2%2Fmedia&parent=896"}],"wp:term":[{"taxonomy":"pwb-brand","embeddable":true,"href":"https:\/\/orthopara.store\/index.php?rest_route=%2Fwp%2Fv2%2Fpwb-brand&post=896"},{"taxonomy":"product_cat","embeddable":true,"href":"https:\/\/orthopara.store\/index.php?rest_route=%2Fwp%2Fv2%2Fproduct_cat&post=896"},{"taxonomy":"product_tag","embeddable":true,"href":"https:\/\/orthopara.store\/index.php?rest_route=%2Fwp%2Fv2%2Fproduct_tag&post=896"}],"curies":[{"name":"wp","href":"https:\/\/api.w.org\/{rel}","templated":true}]}}