{"id":897,"date":"2024-06-28T15:50:35","date_gmt":"2024-06-28T13:50:35","guid":{"rendered":"https:\/\/orthopara.store\/?post_type=product&#038;p=897"},"modified":"2024-09-08T16:49:32","modified_gmt":"2024-09-08T15:49:32","slug":"gel-cils-et-sourcils-fortifiant-ecrinal-anp2-9ml","status":"publish","type":"product","link":"https:\/\/orthopara.store\/?product=gel-cils-et-sourcils-fortifiant-ecrinal-anp2-9ml","title":{"rendered":"Gel cils et sourcils fortifiant &#8211; Ecrinal &#8211; anp2 &#8211; 9ml"},"content":{"rendered":"<p>Gel cils et sourcils fortifiant &#8211; Ecrinal &#8211; anp2 &#8211; 9ml<br \/>\nEcrinal Fortifiant cils et sourcils Gel incolore\u00a0ANP\u00ae2+ Stimule la croissance, Allonge et \u00e9paissit les cils Convient aux yeux sensibles et porteurs de lentilles\u00a0Formule exclusive associant des actifs fortifiants et stimulant la croisssance de cils plus longs, plus fournis (ANP\u00ae2+: brevet ASEPTA, tripeptide et provitamine B5).Invisible sur les cils.Texture non grasseFacilite la tenue du mascaraApplication pratique gr\u00e2ce \u00e0 sa brosse.<\/p>\n<p>\u00a0<\/p>\n<p>Conseils d&rsquo;utilisation<\/p>\n<p>A utiliser matin et soir sur des cils et sourcils nettoy\u00e9s, en cure de 2 \u00e0 3 mois cons\u00e9cutifs.Appliquez gr\u00e2ce \u00e0 sa brosse de la racine vers la pointe.Le mascara peut-\u00eatre pos\u00e9 imm\u00e9diatement apr\u00e8s.\u00a0<\/p>\n<p>Composition<\/p>\n<p>Ingr\u00e9dients:\u00a0Aqua (Water), Glycerin, Macadamia Ternifolia Seed Oil, Panthenol, Camelina Sativa Seed Oil, Polyacrylamide, Polysorbate 20, Isopropyl Palmitate, C13-14 Isoparaffin, Vitis Vinifera (Grape) Seed Oil, Phenoxyeethanol, Ethylhexylglycerin, Isopropyl Myristate, Laureth-7, Parfum (Fragrance), Polyaminopropyl Biguanide, Silk Amino Acids, Peg-20, Tocopherol, Capryloyl Methionine\/Silk Amino Acids Methyl Esthers, GlycineSoja (Soybean) Oil, Biotinoul Tripeptide-1, Helinathus Annuus (Sunflower) Seed Oil, Citric Acid.<\/p>\n","protected":false},"excerpt":{"rendered":"<p>Ecrinal<br \/>\ngel cils et sourcils<br \/>\ncontenance 9ML<br \/>\nCils et sourcils fragilis\u00e9s, trop courts, trop fins.<\/p>\n","protected":false},"featured_media":917,"comment_status":"open","ping_status":"closed","template":"","meta":[],"pwb-brand":[92],"product_cat":[95],"product_tag":[],"class_list":{"0":"post-897","1":"product","2":"type-product","3":"status-publish","4":"has-post-thumbnail","6":"pwb-brand-ecrinal","7":"product_cat-mascara-et-sourcils","8":"post","9":"ws-product--style-1","11":"first","12":"instock","13":"shipping-taxable","14":"purchasable","15":"product-type-simple"},"yoast_head":"<!-- This site is optimized with the Yoast SEO plugin v23.0 - https:\/\/yoast.com\/wordpress\/plugins\/seo\/ -->\n<title>Gel cils et sourcils fortifiant - Ecrinal - anp2 - 9ml - OrthoPara<\/title>\n<meta name=\"robots\" content=\"index, follow, max-snippet:-1, max-image-preview:large, max-video-preview:-1\" \/>\n<link rel=\"canonical\" href=\"https:\/\/orthopara.store\/index.php\/produit\/gel-cils-et-sourcils-fortifiant-ecrinal-anp2-9ml\/\" \/>\n<meta property=\"og:locale\" content=\"fr_FR\" \/>\n<meta property=\"og:type\" content=\"article\" \/>\n<meta property=\"og:title\" content=\"Gel cils et sourcils fortifiant - Ecrinal - anp2 - 9ml - OrthoPara\" \/>\n<meta property=\"og:description\" content=\"Ecrinal gel cils et sourcils contenance 9ML Cils et sourcils fragilis\u00e9s, trop courts, trop fins.\" \/>\n<meta property=\"og:url\" content=\"https:\/\/orthopara.store\/index.php\/produit\/gel-cils-et-sourcils-fortifiant-ecrinal-anp2-9ml\/\" \/>\n<meta property=\"og:site_name\" content=\"OrthoPara\" \/>\n<meta property=\"article:publisher\" content=\"https:\/\/www.facebook.com\/profile.php?id=61561194315651\" \/>\n<meta property=\"article:modified_time\" content=\"2024-09-08T15:49:32+00:00\" \/>\n<meta property=\"og:image\" content=\"https:\/\/orthopara.store\/wp-content\/uploads\/2024\/06\/gel-cils-et-sourcils-fortifiant-ecrinal-anp2-9ml.jpg\" \/>\n\t<meta property=\"og:image:width\" content=\"800\" \/>\n\t<meta property=\"og:image:height\" content=\"800\" \/>\n\t<meta property=\"og:image:type\" content=\"image\/jpeg\" \/>\n<meta name=\"twitter:card\" content=\"summary_large_image\" \/>\n<meta name=\"twitter:label1\" content=\"Dur\u00e9e de lecture estim\u00e9e\" \/>\n\t<meta name=\"twitter:data1\" content=\"1 minute\" \/>\n<script type=\"application\/ld+json\" class=\"yoast-schema-graph\">{\"@context\":\"https:\/\/schema.org\",\"@graph\":[{\"@type\":\"WebPage\",\"@id\":\"https:\/\/orthopara.store\/index.php\/produit\/gel-cils-et-sourcils-fortifiant-ecrinal-anp2-9ml\/\",\"url\":\"https:\/\/orthopara.store\/index.php\/produit\/gel-cils-et-sourcils-fortifiant-ecrinal-anp2-9ml\/\",\"name\":\"Gel cils et sourcils fortifiant - Ecrinal - anp2 - 9ml - OrthoPara\",\"isPartOf\":{\"@id\":\"https:\/\/orthopara.store\/#website\"},\"primaryImageOfPage\":{\"@id\":\"https:\/\/orthopara.store\/index.php\/produit\/gel-cils-et-sourcils-fortifiant-ecrinal-anp2-9ml\/#primaryimage\"},\"image\":{\"@id\":\"https:\/\/orthopara.store\/index.php\/produit\/gel-cils-et-sourcils-fortifiant-ecrinal-anp2-9ml\/#primaryimage\"},\"thumbnailUrl\":\"https:\/\/orthopara.store\/wp-content\/uploads\/2024\/06\/gel-cils-et-sourcils-fortifiant-ecrinal-anp2-9ml.jpg\",\"datePublished\":\"2024-06-28T13:50:35+00:00\",\"dateModified\":\"2024-09-08T15:49:32+00:00\",\"breadcrumb\":{\"@id\":\"https:\/\/orthopara.store\/index.php\/produit\/gel-cils-et-sourcils-fortifiant-ecrinal-anp2-9ml\/#breadcrumb\"},\"inLanguage\":\"fr-FR\",\"potentialAction\":[{\"@type\":\"ReadAction\",\"target\":[\"https:\/\/orthopara.store\/index.php\/produit\/gel-cils-et-sourcils-fortifiant-ecrinal-anp2-9ml\/\"]}]},{\"@type\":\"ImageObject\",\"inLanguage\":\"fr-FR\",\"@id\":\"https:\/\/orthopara.store\/index.php\/produit\/gel-cils-et-sourcils-fortifiant-ecrinal-anp2-9ml\/#primaryimage\",\"url\":\"https:\/\/orthopara.store\/wp-content\/uploads\/2024\/06\/gel-cils-et-sourcils-fortifiant-ecrinal-anp2-9ml.jpg\",\"contentUrl\":\"https:\/\/orthopara.store\/wp-content\/uploads\/2024\/06\/gel-cils-et-sourcils-fortifiant-ecrinal-anp2-9ml.jpg\",\"width\":800,\"height\":800},{\"@type\":\"BreadcrumbList\",\"@id\":\"https:\/\/orthopara.store\/index.php\/produit\/gel-cils-et-sourcils-fortifiant-ecrinal-anp2-9ml\/#breadcrumb\",\"itemListElement\":[{\"@type\":\"ListItem\",\"position\":1,\"name\":\"Accueil\",\"item\":\"https:\/\/orthopara.store\/\"},{\"@type\":\"ListItem\",\"position\":2,\"name\":\"Shop\",\"item\":\"https:\/\/orthopara.store\/?page_id=622\"},{\"@type\":\"ListItem\",\"position\":3,\"name\":\"Gel cils et sourcils fortifiant &#8211; Ecrinal &#8211; anp2 &#8211; 9ml\"}]},{\"@type\":\"WebSite\",\"@id\":\"https:\/\/orthopara.store\/#website\",\"url\":\"https:\/\/orthopara.store\/\",\"name\":\"OrthoPara\",\"description\":\"Parapharmacie\",\"publisher\":{\"@id\":\"https:\/\/orthopara.store\/#organization\"},\"potentialAction\":[{\"@type\":\"SearchAction\",\"target\":{\"@type\":\"EntryPoint\",\"urlTemplate\":\"https:\/\/orthopara.store\/?s={search_term_string}\"},\"query-input\":\"required name=search_term_string\"}],\"inLanguage\":\"fr-FR\"},{\"@type\":\"Organization\",\"@id\":\"https:\/\/orthopara.store\/#organization\",\"name\":\"OrthoPara\",\"url\":\"https:\/\/orthopara.store\/\",\"logo\":{\"@type\":\"ImageObject\",\"inLanguage\":\"fr-FR\",\"@id\":\"https:\/\/orthopara.store\/#\/schema\/logo\/image\/\",\"url\":\"https:\/\/orthopara.store\/wp-content\/uploads\/2024\/06\/cropped-9ABA8BAD-6256-4719-9315-15C66E64E882.png\",\"contentUrl\":\"https:\/\/orthopara.store\/wp-content\/uploads\/2024\/06\/cropped-9ABA8BAD-6256-4719-9315-15C66E64E882.png\",\"width\":240,\"height\":72,\"caption\":\"OrthoPara\"},\"image\":{\"@id\":\"https:\/\/orthopara.store\/#\/schema\/logo\/image\/\"},\"sameAs\":[\"https:\/\/www.facebook.com\/profile.php?id=61561194315651\",\"https:\/\/www.instagram.com\/orthopara_tunisie\/\"]}]}<\/script>\n<!-- \/ Yoast SEO plugin. -->","yoast_head_json":{"title":"Gel cils et sourcils fortifiant - Ecrinal - anp2 - 9ml - OrthoPara","robots":{"index":"index","follow":"follow","max-snippet":"max-snippet:-1","max-image-preview":"max-image-preview:large","max-video-preview":"max-video-preview:-1"},"canonical":"https:\/\/orthopara.store\/index.php\/produit\/gel-cils-et-sourcils-fortifiant-ecrinal-anp2-9ml\/","og_locale":"fr_FR","og_type":"article","og_title":"Gel cils et sourcils fortifiant - Ecrinal - anp2 - 9ml - OrthoPara","og_description":"Ecrinal gel cils et sourcils contenance 9ML Cils et sourcils fragilis\u00e9s, trop courts, trop fins.","og_url":"https:\/\/orthopara.store\/index.php\/produit\/gel-cils-et-sourcils-fortifiant-ecrinal-anp2-9ml\/","og_site_name":"OrthoPara","article_publisher":"https:\/\/www.facebook.com\/profile.php?id=61561194315651","article_modified_time":"2024-09-08T15:49:32+00:00","og_image":[{"width":800,"height":800,"url":"https:\/\/orthopara.store\/wp-content\/uploads\/2024\/06\/gel-cils-et-sourcils-fortifiant-ecrinal-anp2-9ml.jpg","type":"image\/jpeg"}],"twitter_card":"summary_large_image","twitter_misc":{"Dur\u00e9e de lecture estim\u00e9e":"1 minute"},"schema":{"@context":"https:\/\/schema.org","@graph":[{"@type":"WebPage","@id":"https:\/\/orthopara.store\/index.php\/produit\/gel-cils-et-sourcils-fortifiant-ecrinal-anp2-9ml\/","url":"https:\/\/orthopara.store\/index.php\/produit\/gel-cils-et-sourcils-fortifiant-ecrinal-anp2-9ml\/","name":"Gel cils et sourcils fortifiant - Ecrinal - anp2 - 9ml - OrthoPara","isPartOf":{"@id":"https:\/\/orthopara.store\/#website"},"primaryImageOfPage":{"@id":"https:\/\/orthopara.store\/index.php\/produit\/gel-cils-et-sourcils-fortifiant-ecrinal-anp2-9ml\/#primaryimage"},"image":{"@id":"https:\/\/orthopara.store\/index.php\/produit\/gel-cils-et-sourcils-fortifiant-ecrinal-anp2-9ml\/#primaryimage"},"thumbnailUrl":"https:\/\/orthopara.store\/wp-content\/uploads\/2024\/06\/gel-cils-et-sourcils-fortifiant-ecrinal-anp2-9ml.jpg","datePublished":"2024-06-28T13:50:35+00:00","dateModified":"2024-09-08T15:49:32+00:00","breadcrumb":{"@id":"https:\/\/orthopara.store\/index.php\/produit\/gel-cils-et-sourcils-fortifiant-ecrinal-anp2-9ml\/#breadcrumb"},"inLanguage":"fr-FR","potentialAction":[{"@type":"ReadAction","target":["https:\/\/orthopara.store\/index.php\/produit\/gel-cils-et-sourcils-fortifiant-ecrinal-anp2-9ml\/"]}]},{"@type":"ImageObject","inLanguage":"fr-FR","@id":"https:\/\/orthopara.store\/index.php\/produit\/gel-cils-et-sourcils-fortifiant-ecrinal-anp2-9ml\/#primaryimage","url":"https:\/\/orthopara.store\/wp-content\/uploads\/2024\/06\/gel-cils-et-sourcils-fortifiant-ecrinal-anp2-9ml.jpg","contentUrl":"https:\/\/orthopara.store\/wp-content\/uploads\/2024\/06\/gel-cils-et-sourcils-fortifiant-ecrinal-anp2-9ml.jpg","width":800,"height":800},{"@type":"BreadcrumbList","@id":"https:\/\/orthopara.store\/index.php\/produit\/gel-cils-et-sourcils-fortifiant-ecrinal-anp2-9ml\/#breadcrumb","itemListElement":[{"@type":"ListItem","position":1,"name":"Accueil","item":"https:\/\/orthopara.store\/"},{"@type":"ListItem","position":2,"name":"Shop","item":"https:\/\/orthopara.store\/?page_id=622"},{"@type":"ListItem","position":3,"name":"Gel cils et sourcils fortifiant &#8211; Ecrinal &#8211; anp2 &#8211; 9ml"}]},{"@type":"WebSite","@id":"https:\/\/orthopara.store\/#website","url":"https:\/\/orthopara.store\/","name":"OrthoPara","description":"Parapharmacie","publisher":{"@id":"https:\/\/orthopara.store\/#organization"},"potentialAction":[{"@type":"SearchAction","target":{"@type":"EntryPoint","urlTemplate":"https:\/\/orthopara.store\/?s={search_term_string}"},"query-input":"required name=search_term_string"}],"inLanguage":"fr-FR"},{"@type":"Organization","@id":"https:\/\/orthopara.store\/#organization","name":"OrthoPara","url":"https:\/\/orthopara.store\/","logo":{"@type":"ImageObject","inLanguage":"fr-FR","@id":"https:\/\/orthopara.store\/#\/schema\/logo\/image\/","url":"https:\/\/orthopara.store\/wp-content\/uploads\/2024\/06\/cropped-9ABA8BAD-6256-4719-9315-15C66E64E882.png","contentUrl":"https:\/\/orthopara.store\/wp-content\/uploads\/2024\/06\/cropped-9ABA8BAD-6256-4719-9315-15C66E64E882.png","width":240,"height":72,"caption":"OrthoPara"},"image":{"@id":"https:\/\/orthopara.store\/#\/schema\/logo\/image\/"},"sameAs":["https:\/\/www.facebook.com\/profile.php?id=61561194315651","https:\/\/www.instagram.com\/orthopara_tunisie\/"]}]}},"jetpack_sharing_enabled":true,"brands":[{"id":92,"name":"ECRINAL","slug":"ecrinal"}],"_links":{"self":[{"href":"https:\/\/orthopara.store\/index.php?rest_route=\/wp\/v2\/product\/897","targetHints":{"allow":["GET"]}}],"collection":[{"href":"https:\/\/orthopara.store\/index.php?rest_route=\/wp\/v2\/product"}],"about":[{"href":"https:\/\/orthopara.store\/index.php?rest_route=\/wp\/v2\/types\/product"}],"replies":[{"embeddable":true,"href":"https:\/\/orthopara.store\/index.php?rest_route=%2Fwp%2Fv2%2Fcomments&post=897"}],"wp:featuredmedia":[{"embeddable":true,"href":"https:\/\/orthopara.store\/index.php?rest_route=\/wp\/v2\/media\/917"}],"wp:attachment":[{"href":"https:\/\/orthopara.store\/index.php?rest_route=%2Fwp%2Fv2%2Fmedia&parent=897"}],"wp:term":[{"taxonomy":"pwb-brand","embeddable":true,"href":"https:\/\/orthopara.store\/index.php?rest_route=%2Fwp%2Fv2%2Fpwb-brand&post=897"},{"taxonomy":"product_cat","embeddable":true,"href":"https:\/\/orthopara.store\/index.php?rest_route=%2Fwp%2Fv2%2Fproduct_cat&post=897"},{"taxonomy":"product_tag","embeddable":true,"href":"https:\/\/orthopara.store\/index.php?rest_route=%2Fwp%2Fv2%2Fproduct_tag&post=897"}],"curies":[{"name":"wp","href":"https:\/\/api.w.org\/{rel}","templated":true}]}}