{"id":899,"date":"2024-06-28T15:50:35","date_gmt":"2024-06-28T13:50:35","guid":{"rendered":"https:\/\/orthopara.store\/?post_type=product&#038;p=899"},"modified":"2024-06-28T15:50:42","modified_gmt":"2024-06-28T13:50:42","slug":"ecran-solaire-teinte-spf50-pharmaceris-foundation-sand-02-30ml","status":"publish","type":"product","link":"https:\/\/orthopara.store\/?product=ecran-solaire-teinte-spf50-pharmaceris-foundation-sand-02-30ml","title":{"rendered":"Ecran solaire teint\u00e9 &#8211; spf50+ &#8211; Pharmaceris Foundation &#8211; Sand 02 &#8211; 30ml"},"content":{"rendered":"<p>Ecran solaire teint\u00e9 &#8211; spf50+ &#8211; Pharmaceris Foundation &#8211; Sand 02 &#8211; 30ml<br \/>\nPHARMACEURIS Fond de teint SPF 50+ 02 SAND est recommand\u00e9 pour tout type de peau, y compris hypersensible et irrit\u00e9e \u00e0 cause des facteurs externes (photoallergiques) et m\u00e9caniques : la m\u00e9decine esth\u00e9tique, laser et peeling.<\/p>\n<p>Recommand\u00e9 pour les personnes avec une tendance \u00e0 la formation de d\u00e9coloration de la peau et expos\u00e9s \u00e0 leur formation\u00a0<br \/>\nLe fluide fournit la meilleure protection contre le rayonnement solaire et un bouclier efficace contre la formation et l\u2019intensification de la d\u00e9coloration. Avec pigments micronis\u00e9s, camoufle parfaitement les d\u00e9fauts peau pour un effet de longue dur\u00e9e de l\u2019accouplement, donnant \u00e0 la peau une structure et la couleur compens\u00e9e en bonne sant\u00e9.<\/p>\n<p>Formule innovante Leukine Barrier \u2122\u00a0il\u00a0apporte un effet apaisant et soulage l\u2019irritation caus\u00e9e par des facteurs externes et m\u00e9caniques.<\/p>\n<p>L\u2019extrait de\u00a0linfi r\u00e9tablit l\u2019\u00e9quilibre physiologique alt\u00e9ration de la peau, renforce la barri\u00e8re lipidique et affecte une r\u00e9g\u00e9n\u00e9ration plus rapide. Le fluide n\u2019aggrave pas la peau, non com\u00e9dog\u00e8ne.<\/p>\n<p>\u00a0<\/p>\n","protected":false},"excerpt":{"rendered":"<p>Pharmaceris Fluid Foundation<br \/>\nEcran solaire teint\u00e9<br \/>\nProtection correctrices pour tous types de peaux.<br \/>\nHaute protection + haute couvrance<br \/>\nR\u00e9f\u00e9rence : Sand 02<br \/>\ncontenance : 30ml\u00a0<\/p>\n","protected":false},"featured_media":919,"comment_status":"open","ping_status":"closed","template":"","meta":[],"pwb-brand":[55],"product_cat":[96],"product_tag":[],"class_list":{"0":"post-899","1":"product","2":"type-product","3":"status-publish","4":"has-post-thumbnail","6":"pwb-brand-pharmaceris","7":"product_cat-fond-de-teint","8":"post","9":"ws-product--style-1","11":"first","12":"instock","13":"shipping-taxable","14":"purchasable","15":"product-type-simple"},"yoast_head":"<!-- This site is optimized with the Yoast SEO plugin v23.0 - https:\/\/yoast.com\/wordpress\/plugins\/seo\/ -->\n<title>Ecran solaire teint\u00e9 - spf50+ - Pharmaceris Foundation - Sand 02 - 30ml - OrthoPara<\/title>\n<meta name=\"robots\" content=\"index, follow, max-snippet:-1, max-image-preview:large, max-video-preview:-1\" \/>\n<link rel=\"canonical\" href=\"https:\/\/orthopara.store\/index.php\/produit\/ecran-solaire-teinte-spf50-pharmaceris-foundation-sand-02-30ml\/\" \/>\n<meta property=\"og:locale\" content=\"fr_FR\" \/>\n<meta property=\"og:type\" content=\"article\" \/>\n<meta property=\"og:title\" content=\"Ecran solaire teint\u00e9 - spf50+ - Pharmaceris Foundation - Sand 02 - 30ml - OrthoPara\" \/>\n<meta property=\"og:description\" content=\"Pharmaceris Fluid Foundation Ecran solaire teint\u00e9 Protection correctrices pour tous types de peaux. Haute protection + haute couvrance R\u00e9f\u00e9rence : Sand 02 contenance : 30ml\u00a0\" \/>\n<meta property=\"og:url\" content=\"https:\/\/orthopara.store\/index.php\/produit\/ecran-solaire-teinte-spf50-pharmaceris-foundation-sand-02-30ml\/\" \/>\n<meta property=\"og:site_name\" content=\"OrthoPara\" \/>\n<meta property=\"article:publisher\" content=\"https:\/\/www.facebook.com\/profile.php?id=61561194315651\" \/>\n<meta property=\"article:modified_time\" content=\"2024-06-28T13:50:42+00:00\" \/>\n<meta property=\"og:image\" content=\"https:\/\/orthopara.store\/wp-content\/uploads\/2024\/06\/ecran-solaire-teinte-spf50-pharmaceris-foundation-sand-02-30ml.jpg\" \/>\n\t<meta property=\"og:image:width\" content=\"800\" \/>\n\t<meta property=\"og:image:height\" content=\"800\" \/>\n\t<meta property=\"og:image:type\" content=\"image\/jpeg\" \/>\n<meta name=\"twitter:card\" content=\"summary_large_image\" \/>\n<meta name=\"twitter:label1\" content=\"Dur\u00e9e de lecture estim\u00e9e\" \/>\n\t<meta name=\"twitter:data1\" content=\"1 minute\" \/>\n<script type=\"application\/ld+json\" class=\"yoast-schema-graph\">{\"@context\":\"https:\/\/schema.org\",\"@graph\":[{\"@type\":\"WebPage\",\"@id\":\"https:\/\/orthopara.store\/index.php\/produit\/ecran-solaire-teinte-spf50-pharmaceris-foundation-sand-02-30ml\/\",\"url\":\"https:\/\/orthopara.store\/index.php\/produit\/ecran-solaire-teinte-spf50-pharmaceris-foundation-sand-02-30ml\/\",\"name\":\"Ecran solaire teint\u00e9 - spf50+ - Pharmaceris Foundation - Sand 02 - 30ml - OrthoPara\",\"isPartOf\":{\"@id\":\"https:\/\/orthopara.store\/#website\"},\"primaryImageOfPage\":{\"@id\":\"https:\/\/orthopara.store\/index.php\/produit\/ecran-solaire-teinte-spf50-pharmaceris-foundation-sand-02-30ml\/#primaryimage\"},\"image\":{\"@id\":\"https:\/\/orthopara.store\/index.php\/produit\/ecran-solaire-teinte-spf50-pharmaceris-foundation-sand-02-30ml\/#primaryimage\"},\"thumbnailUrl\":\"https:\/\/orthopara.store\/wp-content\/uploads\/2024\/06\/ecran-solaire-teinte-spf50-pharmaceris-foundation-sand-02-30ml.jpg\",\"datePublished\":\"2024-06-28T13:50:35+00:00\",\"dateModified\":\"2024-06-28T13:50:42+00:00\",\"breadcrumb\":{\"@id\":\"https:\/\/orthopara.store\/index.php\/produit\/ecran-solaire-teinte-spf50-pharmaceris-foundation-sand-02-30ml\/#breadcrumb\"},\"inLanguage\":\"fr-FR\",\"potentialAction\":[{\"@type\":\"ReadAction\",\"target\":[\"https:\/\/orthopara.store\/index.php\/produit\/ecran-solaire-teinte-spf50-pharmaceris-foundation-sand-02-30ml\/\"]}]},{\"@type\":\"ImageObject\",\"inLanguage\":\"fr-FR\",\"@id\":\"https:\/\/orthopara.store\/index.php\/produit\/ecran-solaire-teinte-spf50-pharmaceris-foundation-sand-02-30ml\/#primaryimage\",\"url\":\"https:\/\/orthopara.store\/wp-content\/uploads\/2024\/06\/ecran-solaire-teinte-spf50-pharmaceris-foundation-sand-02-30ml.jpg\",\"contentUrl\":\"https:\/\/orthopara.store\/wp-content\/uploads\/2024\/06\/ecran-solaire-teinte-spf50-pharmaceris-foundation-sand-02-30ml.jpg\",\"width\":800,\"height\":800},{\"@type\":\"BreadcrumbList\",\"@id\":\"https:\/\/orthopara.store\/index.php\/produit\/ecran-solaire-teinte-spf50-pharmaceris-foundation-sand-02-30ml\/#breadcrumb\",\"itemListElement\":[{\"@type\":\"ListItem\",\"position\":1,\"name\":\"Accueil\",\"item\":\"https:\/\/orthopara.store\/\"},{\"@type\":\"ListItem\",\"position\":2,\"name\":\"Shop\",\"item\":\"https:\/\/orthopara.store\/?page_id=622\"},{\"@type\":\"ListItem\",\"position\":3,\"name\":\"Ecran solaire teint\u00e9 &#8211; spf50+ &#8211; Pharmaceris Foundation &#8211; Sand 02 &#8211; 30ml\"}]},{\"@type\":\"WebSite\",\"@id\":\"https:\/\/orthopara.store\/#website\",\"url\":\"https:\/\/orthopara.store\/\",\"name\":\"OrthoPara\",\"description\":\"Parapharmacie\",\"publisher\":{\"@id\":\"https:\/\/orthopara.store\/#organization\"},\"potentialAction\":[{\"@type\":\"SearchAction\",\"target\":{\"@type\":\"EntryPoint\",\"urlTemplate\":\"https:\/\/orthopara.store\/?s={search_term_string}\"},\"query-input\":\"required name=search_term_string\"}],\"inLanguage\":\"fr-FR\"},{\"@type\":\"Organization\",\"@id\":\"https:\/\/orthopara.store\/#organization\",\"name\":\"OrthoPara\",\"url\":\"https:\/\/orthopara.store\/\",\"logo\":{\"@type\":\"ImageObject\",\"inLanguage\":\"fr-FR\",\"@id\":\"https:\/\/orthopara.store\/#\/schema\/logo\/image\/\",\"url\":\"https:\/\/orthopara.store\/wp-content\/uploads\/2024\/06\/cropped-9ABA8BAD-6256-4719-9315-15C66E64E882.png\",\"contentUrl\":\"https:\/\/orthopara.store\/wp-content\/uploads\/2024\/06\/cropped-9ABA8BAD-6256-4719-9315-15C66E64E882.png\",\"width\":240,\"height\":72,\"caption\":\"OrthoPara\"},\"image\":{\"@id\":\"https:\/\/orthopara.store\/#\/schema\/logo\/image\/\"},\"sameAs\":[\"https:\/\/www.facebook.com\/profile.php?id=61561194315651\",\"https:\/\/www.instagram.com\/orthopara_tunisie\/\"]}]}<\/script>\n<!-- \/ Yoast SEO plugin. -->","yoast_head_json":{"title":"Ecran solaire teint\u00e9 - spf50+ - Pharmaceris Foundation - Sand 02 - 30ml - OrthoPara","robots":{"index":"index","follow":"follow","max-snippet":"max-snippet:-1","max-image-preview":"max-image-preview:large","max-video-preview":"max-video-preview:-1"},"canonical":"https:\/\/orthopara.store\/index.php\/produit\/ecran-solaire-teinte-spf50-pharmaceris-foundation-sand-02-30ml\/","og_locale":"fr_FR","og_type":"article","og_title":"Ecran solaire teint\u00e9 - spf50+ - Pharmaceris Foundation - Sand 02 - 30ml - OrthoPara","og_description":"Pharmaceris Fluid Foundation Ecran solaire teint\u00e9 Protection correctrices pour tous types de peaux. Haute protection + haute couvrance R\u00e9f\u00e9rence : Sand 02 contenance : 30ml\u00a0","og_url":"https:\/\/orthopara.store\/index.php\/produit\/ecran-solaire-teinte-spf50-pharmaceris-foundation-sand-02-30ml\/","og_site_name":"OrthoPara","article_publisher":"https:\/\/www.facebook.com\/profile.php?id=61561194315651","article_modified_time":"2024-06-28T13:50:42+00:00","og_image":[{"width":800,"height":800,"url":"https:\/\/orthopara.store\/wp-content\/uploads\/2024\/06\/ecran-solaire-teinte-spf50-pharmaceris-foundation-sand-02-30ml.jpg","type":"image\/jpeg"}],"twitter_card":"summary_large_image","twitter_misc":{"Dur\u00e9e de lecture estim\u00e9e":"1 minute"},"schema":{"@context":"https:\/\/schema.org","@graph":[{"@type":"WebPage","@id":"https:\/\/orthopara.store\/index.php\/produit\/ecran-solaire-teinte-spf50-pharmaceris-foundation-sand-02-30ml\/","url":"https:\/\/orthopara.store\/index.php\/produit\/ecran-solaire-teinte-spf50-pharmaceris-foundation-sand-02-30ml\/","name":"Ecran solaire teint\u00e9 - spf50+ - Pharmaceris Foundation - Sand 02 - 30ml - OrthoPara","isPartOf":{"@id":"https:\/\/orthopara.store\/#website"},"primaryImageOfPage":{"@id":"https:\/\/orthopara.store\/index.php\/produit\/ecran-solaire-teinte-spf50-pharmaceris-foundation-sand-02-30ml\/#primaryimage"},"image":{"@id":"https:\/\/orthopara.store\/index.php\/produit\/ecran-solaire-teinte-spf50-pharmaceris-foundation-sand-02-30ml\/#primaryimage"},"thumbnailUrl":"https:\/\/orthopara.store\/wp-content\/uploads\/2024\/06\/ecran-solaire-teinte-spf50-pharmaceris-foundation-sand-02-30ml.jpg","datePublished":"2024-06-28T13:50:35+00:00","dateModified":"2024-06-28T13:50:42+00:00","breadcrumb":{"@id":"https:\/\/orthopara.store\/index.php\/produit\/ecran-solaire-teinte-spf50-pharmaceris-foundation-sand-02-30ml\/#breadcrumb"},"inLanguage":"fr-FR","potentialAction":[{"@type":"ReadAction","target":["https:\/\/orthopara.store\/index.php\/produit\/ecran-solaire-teinte-spf50-pharmaceris-foundation-sand-02-30ml\/"]}]},{"@type":"ImageObject","inLanguage":"fr-FR","@id":"https:\/\/orthopara.store\/index.php\/produit\/ecran-solaire-teinte-spf50-pharmaceris-foundation-sand-02-30ml\/#primaryimage","url":"https:\/\/orthopara.store\/wp-content\/uploads\/2024\/06\/ecran-solaire-teinte-spf50-pharmaceris-foundation-sand-02-30ml.jpg","contentUrl":"https:\/\/orthopara.store\/wp-content\/uploads\/2024\/06\/ecran-solaire-teinte-spf50-pharmaceris-foundation-sand-02-30ml.jpg","width":800,"height":800},{"@type":"BreadcrumbList","@id":"https:\/\/orthopara.store\/index.php\/produit\/ecran-solaire-teinte-spf50-pharmaceris-foundation-sand-02-30ml\/#breadcrumb","itemListElement":[{"@type":"ListItem","position":1,"name":"Accueil","item":"https:\/\/orthopara.store\/"},{"@type":"ListItem","position":2,"name":"Shop","item":"https:\/\/orthopara.store\/?page_id=622"},{"@type":"ListItem","position":3,"name":"Ecran solaire teint\u00e9 &#8211; spf50+ &#8211; Pharmaceris Foundation &#8211; Sand 02 &#8211; 30ml"}]},{"@type":"WebSite","@id":"https:\/\/orthopara.store\/#website","url":"https:\/\/orthopara.store\/","name":"OrthoPara","description":"Parapharmacie","publisher":{"@id":"https:\/\/orthopara.store\/#organization"},"potentialAction":[{"@type":"SearchAction","target":{"@type":"EntryPoint","urlTemplate":"https:\/\/orthopara.store\/?s={search_term_string}"},"query-input":"required name=search_term_string"}],"inLanguage":"fr-FR"},{"@type":"Organization","@id":"https:\/\/orthopara.store\/#organization","name":"OrthoPara","url":"https:\/\/orthopara.store\/","logo":{"@type":"ImageObject","inLanguage":"fr-FR","@id":"https:\/\/orthopara.store\/#\/schema\/logo\/image\/","url":"https:\/\/orthopara.store\/wp-content\/uploads\/2024\/06\/cropped-9ABA8BAD-6256-4719-9315-15C66E64E882.png","contentUrl":"https:\/\/orthopara.store\/wp-content\/uploads\/2024\/06\/cropped-9ABA8BAD-6256-4719-9315-15C66E64E882.png","width":240,"height":72,"caption":"OrthoPara"},"image":{"@id":"https:\/\/orthopara.store\/#\/schema\/logo\/image\/"},"sameAs":["https:\/\/www.facebook.com\/profile.php?id=61561194315651","https:\/\/www.instagram.com\/orthopara_tunisie\/"]}]}},"jetpack_sharing_enabled":true,"brands":[{"id":55,"name":"Pharmaceris","slug":"pharmaceris"}],"_links":{"self":[{"href":"https:\/\/orthopara.store\/index.php?rest_route=\/wp\/v2\/product\/899","targetHints":{"allow":["GET"]}}],"collection":[{"href":"https:\/\/orthopara.store\/index.php?rest_route=\/wp\/v2\/product"}],"about":[{"href":"https:\/\/orthopara.store\/index.php?rest_route=\/wp\/v2\/types\/product"}],"replies":[{"embeddable":true,"href":"https:\/\/orthopara.store\/index.php?rest_route=%2Fwp%2Fv2%2Fcomments&post=899"}],"wp:featuredmedia":[{"embeddable":true,"href":"https:\/\/orthopara.store\/index.php?rest_route=\/wp\/v2\/media\/919"}],"wp:attachment":[{"href":"https:\/\/orthopara.store\/index.php?rest_route=%2Fwp%2Fv2%2Fmedia&parent=899"}],"wp:term":[{"taxonomy":"pwb-brand","embeddable":true,"href":"https:\/\/orthopara.store\/index.php?rest_route=%2Fwp%2Fv2%2Fpwb-brand&post=899"},{"taxonomy":"product_cat","embeddable":true,"href":"https:\/\/orthopara.store\/index.php?rest_route=%2Fwp%2Fv2%2Fproduct_cat&post=899"},{"taxonomy":"product_tag","embeddable":true,"href":"https:\/\/orthopara.store\/index.php?rest_route=%2Fwp%2Fv2%2Fproduct_tag&post=899"}],"curies":[{"name":"wp","href":"https:\/\/api.w.org\/{rel}","templated":true}]}}