{"id":900,"date":"2024-06-28T15:50:35","date_gmt":"2024-06-28T13:50:35","guid":{"rendered":"https:\/\/orthopara.store\/?post_type=product&#038;p=900"},"modified":"2024-06-28T15:50:42","modified_gmt":"2024-06-28T13:50:42","slug":"pharmaceris-foundation-ecran-solaire-teinte-spf50-ivory-01-50ml","status":"publish","type":"product","link":"https:\/\/orthopara.store\/?product=pharmaceris-foundation-ecran-solaire-teinte-spf50-ivory-01-50ml","title":{"rendered":"Pharmaceris foundation &#8211; Ecran solaire teint\u00e9 spf50+ &#8211; Ivory 01 &#8211; 50ml"},"content":{"rendered":"<p>Pharmaceuris Fond de teint SPF 50+ 01 Ivory est recommand\u00e9 pour tout type de peau, y compris hypersensible et irrit\u00e9e \u00e0 cause des facteurs externes (photoallergiques) et m\u00e9caniques : la m\u00e9decine esth\u00e9tique, laser et peeling.<br \/>\nLe fluide fournit la meilleure protection contre le rayonnement solaire et un bouclier efficace contre la formation et l\u2019intensification de la d\u00e9coloration. Avec pigments micronis\u00e9s, camoufle parfaitement les d\u00e9fauts peau pour un effet de longue dur\u00e9e de l\u2019accouplement, donnant \u00e0 la peau une structure et la couleur compens\u00e9e en bonne sant\u00e9.<br \/>\nFormule innovante Leukine Barrier \u2122\u00a0il\u00a0apporte un effet apaisant et soulage l\u2019irritation caus\u00e9e par des facteurs externes et m\u00e9caniques.<br \/>\nL\u2019extrait de\u00a0linfi r\u00e9tablit l\u2019\u00e9quilibre physiologique alt\u00e9ration de la peau, renforce la barri\u00e8re lipidique et affecte une r\u00e9g\u00e9n\u00e9ration plus rapide. Le fluide n\u2019aggrave pas la peau, non com\u00e9dog\u00e8ne.<br \/>\nActifs cl\u00e9s :<br \/>\nL&rsquo;hyaluronate de sodium : Il agit comme un r\u00e9servoir d&rsquo;humidit\u00e9 au sein de la peau, am\u00e9liorant sa fermet\u00e9 et offrant une protection contre les agresseurs environnementaux. Il forme un film \u00e0 la surface de la peau pour contr\u00f4ler l&rsquo;\u00e9vaporation.<\/p>\n<p>L&rsquo;extrait de chardon-Marie : est une riche source de silymarine qui a un puissant effet anti-radicalaire et anti-inflammatoire. Il prot\u00e8ge la peau des rayons UV nocifs. Il favorise et acc\u00e9l\u00e8re la r\u00e9g\u00e9n\u00e9ration des peaux endommag\u00e9es.<\/p>\n<p>L&rsquo;extrait de fleur de ch\u00e8vrefeuille : a des propri\u00e9t\u00e9s adoucissantes et lissantes pour la peau.<\/p>\n<p>La vitamine B3 : aide \u00e0 r\u00e9g\u00e9n\u00e9rer la barri\u00e8re lipidique \u00e9pidermique. Il stimule la synth\u00e8se du collag\u00e8ne et normalise la production de c\u00e9ramides et la maturation \u00e9pidermique. Il pr\u00e9vient les dommages caus\u00e9s par les rayons UV et acc\u00e9l\u00e8re la r\u00e9g\u00e9n\u00e9ration de la peau endommag\u00e9e par les rayons UV. Il am\u00e9liore les niveaux d&rsquo;hydratation de la peau, renforce son \u00e9lasticit\u00e9 et pr\u00e9vient les d\u00e9colorations. Cela rend la peau plus lisse et plus ferme.<br \/>\nMode d&#8217;emploi :<br \/>\nAppliquez le fond de teint sur une peau propre et \u00e9talez-le uniform\u00e9ment sur tout le visage en couche fine.<br \/>\nAttendez qu&rsquo;il soit compl\u00e8tement absorb\u00e9.<br \/>\nContenance :<br \/>\n30ml<\/p>\n","protected":false},"excerpt":{"rendered":"<p>Ecran solaire teint\u00e9\u00a0<br \/>\nhaute couvrance et haute protection spf 50+<br \/>\nR\u00e9f\u00e9rence : Ivory 01<\/p>\n","protected":false},"featured_media":920,"comment_status":"open","ping_status":"closed","template":"","meta":[],"pwb-brand":[55],"product_cat":[96],"product_tag":[],"class_list":{"0":"post-900","1":"product","2":"type-product","3":"status-publish","4":"has-post-thumbnail","6":"pwb-brand-pharmaceris","7":"product_cat-fond-de-teint","8":"post","9":"ws-product--style-1","11":"first","12":"instock","13":"shipping-taxable","14":"purchasable","15":"product-type-simple"},"yoast_head":"<!-- This site is optimized with the Yoast SEO plugin v23.0 - https:\/\/yoast.com\/wordpress\/plugins\/seo\/ -->\n<title>Pharmaceris foundation - Ecran solaire teint\u00e9 spf50+ - Ivory 01 - 50ml - OrthoPara<\/title>\n<meta name=\"robots\" content=\"index, follow, max-snippet:-1, max-image-preview:large, max-video-preview:-1\" \/>\n<link rel=\"canonical\" href=\"https:\/\/orthopara.store\/index.php\/produit\/pharmaceris-foundation-ecran-solaire-teinte-spf50-ivory-01-50ml\/\" \/>\n<meta property=\"og:locale\" content=\"fr_FR\" \/>\n<meta property=\"og:type\" content=\"article\" \/>\n<meta property=\"og:title\" content=\"Pharmaceris foundation - Ecran solaire teint\u00e9 spf50+ - Ivory 01 - 50ml - OrthoPara\" \/>\n<meta property=\"og:description\" content=\"Ecran solaire teint\u00e9\u00a0 haute couvrance et haute protection spf 50+ R\u00e9f\u00e9rence : Ivory 01\" \/>\n<meta property=\"og:url\" content=\"https:\/\/orthopara.store\/index.php\/produit\/pharmaceris-foundation-ecran-solaire-teinte-spf50-ivory-01-50ml\/\" \/>\n<meta property=\"og:site_name\" content=\"OrthoPara\" \/>\n<meta property=\"article:publisher\" content=\"https:\/\/www.facebook.com\/profile.php?id=61561194315651\" \/>\n<meta property=\"article:modified_time\" content=\"2024-06-28T13:50:42+00:00\" \/>\n<meta property=\"og:image\" content=\"https:\/\/orthopara.store\/wp-content\/uploads\/2024\/06\/ecran-solaire-teinte-spf50-pharmaceris-foundation-ivory-01-50ml.jpg\" \/>\n\t<meta property=\"og:image:width\" content=\"800\" \/>\n\t<meta property=\"og:image:height\" content=\"800\" \/>\n\t<meta property=\"og:image:type\" content=\"image\/jpeg\" \/>\n<meta name=\"twitter:card\" content=\"summary_large_image\" \/>\n<meta name=\"twitter:label1\" content=\"Dur\u00e9e de lecture estim\u00e9e\" \/>\n\t<meta name=\"twitter:data1\" content=\"2 minutes\" \/>\n<script type=\"application\/ld+json\" class=\"yoast-schema-graph\">{\"@context\":\"https:\/\/schema.org\",\"@graph\":[{\"@type\":\"WebPage\",\"@id\":\"https:\/\/orthopara.store\/index.php\/produit\/pharmaceris-foundation-ecran-solaire-teinte-spf50-ivory-01-50ml\/\",\"url\":\"https:\/\/orthopara.store\/index.php\/produit\/pharmaceris-foundation-ecran-solaire-teinte-spf50-ivory-01-50ml\/\",\"name\":\"Pharmaceris foundation - Ecran solaire teint\u00e9 spf50+ - Ivory 01 - 50ml - OrthoPara\",\"isPartOf\":{\"@id\":\"https:\/\/orthopara.store\/#website\"},\"primaryImageOfPage\":{\"@id\":\"https:\/\/orthopara.store\/index.php\/produit\/pharmaceris-foundation-ecran-solaire-teinte-spf50-ivory-01-50ml\/#primaryimage\"},\"image\":{\"@id\":\"https:\/\/orthopara.store\/index.php\/produit\/pharmaceris-foundation-ecran-solaire-teinte-spf50-ivory-01-50ml\/#primaryimage\"},\"thumbnailUrl\":\"https:\/\/orthopara.store\/wp-content\/uploads\/2024\/06\/ecran-solaire-teinte-spf50-pharmaceris-foundation-ivory-01-50ml.jpg\",\"datePublished\":\"2024-06-28T13:50:35+00:00\",\"dateModified\":\"2024-06-28T13:50:42+00:00\",\"breadcrumb\":{\"@id\":\"https:\/\/orthopara.store\/index.php\/produit\/pharmaceris-foundation-ecran-solaire-teinte-spf50-ivory-01-50ml\/#breadcrumb\"},\"inLanguage\":\"fr-FR\",\"potentialAction\":[{\"@type\":\"ReadAction\",\"target\":[\"https:\/\/orthopara.store\/index.php\/produit\/pharmaceris-foundation-ecran-solaire-teinte-spf50-ivory-01-50ml\/\"]}]},{\"@type\":\"ImageObject\",\"inLanguage\":\"fr-FR\",\"@id\":\"https:\/\/orthopara.store\/index.php\/produit\/pharmaceris-foundation-ecran-solaire-teinte-spf50-ivory-01-50ml\/#primaryimage\",\"url\":\"https:\/\/orthopara.store\/wp-content\/uploads\/2024\/06\/ecran-solaire-teinte-spf50-pharmaceris-foundation-ivory-01-50ml.jpg\",\"contentUrl\":\"https:\/\/orthopara.store\/wp-content\/uploads\/2024\/06\/ecran-solaire-teinte-spf50-pharmaceris-foundation-ivory-01-50ml.jpg\",\"width\":800,\"height\":800},{\"@type\":\"BreadcrumbList\",\"@id\":\"https:\/\/orthopara.store\/index.php\/produit\/pharmaceris-foundation-ecran-solaire-teinte-spf50-ivory-01-50ml\/#breadcrumb\",\"itemListElement\":[{\"@type\":\"ListItem\",\"position\":1,\"name\":\"Accueil\",\"item\":\"https:\/\/orthopara.store\/\"},{\"@type\":\"ListItem\",\"position\":2,\"name\":\"Shop\",\"item\":\"https:\/\/orthopara.store\/?page_id=622\"},{\"@type\":\"ListItem\",\"position\":3,\"name\":\"Pharmaceris foundation &#8211; Ecran solaire teint\u00e9 spf50+ &#8211; Ivory 01 &#8211; 50ml\"}]},{\"@type\":\"WebSite\",\"@id\":\"https:\/\/orthopara.store\/#website\",\"url\":\"https:\/\/orthopara.store\/\",\"name\":\"OrthoPara\",\"description\":\"Parapharmacie\",\"publisher\":{\"@id\":\"https:\/\/orthopara.store\/#organization\"},\"potentialAction\":[{\"@type\":\"SearchAction\",\"target\":{\"@type\":\"EntryPoint\",\"urlTemplate\":\"https:\/\/orthopara.store\/?s={search_term_string}\"},\"query-input\":\"required name=search_term_string\"}],\"inLanguage\":\"fr-FR\"},{\"@type\":\"Organization\",\"@id\":\"https:\/\/orthopara.store\/#organization\",\"name\":\"OrthoPara\",\"url\":\"https:\/\/orthopara.store\/\",\"logo\":{\"@type\":\"ImageObject\",\"inLanguage\":\"fr-FR\",\"@id\":\"https:\/\/orthopara.store\/#\/schema\/logo\/image\/\",\"url\":\"https:\/\/orthopara.store\/wp-content\/uploads\/2024\/06\/cropped-9ABA8BAD-6256-4719-9315-15C66E64E882.png\",\"contentUrl\":\"https:\/\/orthopara.store\/wp-content\/uploads\/2024\/06\/cropped-9ABA8BAD-6256-4719-9315-15C66E64E882.png\",\"width\":240,\"height\":72,\"caption\":\"OrthoPara\"},\"image\":{\"@id\":\"https:\/\/orthopara.store\/#\/schema\/logo\/image\/\"},\"sameAs\":[\"https:\/\/www.facebook.com\/profile.php?id=61561194315651\",\"https:\/\/www.instagram.com\/orthopara_tunisie\/\"]}]}<\/script>\n<!-- \/ Yoast SEO plugin. -->","yoast_head_json":{"title":"Pharmaceris foundation - Ecran solaire teint\u00e9 spf50+ - Ivory 01 - 50ml - OrthoPara","robots":{"index":"index","follow":"follow","max-snippet":"max-snippet:-1","max-image-preview":"max-image-preview:large","max-video-preview":"max-video-preview:-1"},"canonical":"https:\/\/orthopara.store\/index.php\/produit\/pharmaceris-foundation-ecran-solaire-teinte-spf50-ivory-01-50ml\/","og_locale":"fr_FR","og_type":"article","og_title":"Pharmaceris foundation - Ecran solaire teint\u00e9 spf50+ - Ivory 01 - 50ml - OrthoPara","og_description":"Ecran solaire teint\u00e9\u00a0 haute couvrance et haute protection spf 50+ R\u00e9f\u00e9rence : Ivory 01","og_url":"https:\/\/orthopara.store\/index.php\/produit\/pharmaceris-foundation-ecran-solaire-teinte-spf50-ivory-01-50ml\/","og_site_name":"OrthoPara","article_publisher":"https:\/\/www.facebook.com\/profile.php?id=61561194315651","article_modified_time":"2024-06-28T13:50:42+00:00","og_image":[{"width":800,"height":800,"url":"https:\/\/orthopara.store\/wp-content\/uploads\/2024\/06\/ecran-solaire-teinte-spf50-pharmaceris-foundation-ivory-01-50ml.jpg","type":"image\/jpeg"}],"twitter_card":"summary_large_image","twitter_misc":{"Dur\u00e9e de lecture estim\u00e9e":"2 minutes"},"schema":{"@context":"https:\/\/schema.org","@graph":[{"@type":"WebPage","@id":"https:\/\/orthopara.store\/index.php\/produit\/pharmaceris-foundation-ecran-solaire-teinte-spf50-ivory-01-50ml\/","url":"https:\/\/orthopara.store\/index.php\/produit\/pharmaceris-foundation-ecran-solaire-teinte-spf50-ivory-01-50ml\/","name":"Pharmaceris foundation - Ecran solaire teint\u00e9 spf50+ - Ivory 01 - 50ml - OrthoPara","isPartOf":{"@id":"https:\/\/orthopara.store\/#website"},"primaryImageOfPage":{"@id":"https:\/\/orthopara.store\/index.php\/produit\/pharmaceris-foundation-ecran-solaire-teinte-spf50-ivory-01-50ml\/#primaryimage"},"image":{"@id":"https:\/\/orthopara.store\/index.php\/produit\/pharmaceris-foundation-ecran-solaire-teinte-spf50-ivory-01-50ml\/#primaryimage"},"thumbnailUrl":"https:\/\/orthopara.store\/wp-content\/uploads\/2024\/06\/ecran-solaire-teinte-spf50-pharmaceris-foundation-ivory-01-50ml.jpg","datePublished":"2024-06-28T13:50:35+00:00","dateModified":"2024-06-28T13:50:42+00:00","breadcrumb":{"@id":"https:\/\/orthopara.store\/index.php\/produit\/pharmaceris-foundation-ecran-solaire-teinte-spf50-ivory-01-50ml\/#breadcrumb"},"inLanguage":"fr-FR","potentialAction":[{"@type":"ReadAction","target":["https:\/\/orthopara.store\/index.php\/produit\/pharmaceris-foundation-ecran-solaire-teinte-spf50-ivory-01-50ml\/"]}]},{"@type":"ImageObject","inLanguage":"fr-FR","@id":"https:\/\/orthopara.store\/index.php\/produit\/pharmaceris-foundation-ecran-solaire-teinte-spf50-ivory-01-50ml\/#primaryimage","url":"https:\/\/orthopara.store\/wp-content\/uploads\/2024\/06\/ecran-solaire-teinte-spf50-pharmaceris-foundation-ivory-01-50ml.jpg","contentUrl":"https:\/\/orthopara.store\/wp-content\/uploads\/2024\/06\/ecran-solaire-teinte-spf50-pharmaceris-foundation-ivory-01-50ml.jpg","width":800,"height":800},{"@type":"BreadcrumbList","@id":"https:\/\/orthopara.store\/index.php\/produit\/pharmaceris-foundation-ecran-solaire-teinte-spf50-ivory-01-50ml\/#breadcrumb","itemListElement":[{"@type":"ListItem","position":1,"name":"Accueil","item":"https:\/\/orthopara.store\/"},{"@type":"ListItem","position":2,"name":"Shop","item":"https:\/\/orthopara.store\/?page_id=622"},{"@type":"ListItem","position":3,"name":"Pharmaceris foundation &#8211; Ecran solaire teint\u00e9 spf50+ &#8211; Ivory 01 &#8211; 50ml"}]},{"@type":"WebSite","@id":"https:\/\/orthopara.store\/#website","url":"https:\/\/orthopara.store\/","name":"OrthoPara","description":"Parapharmacie","publisher":{"@id":"https:\/\/orthopara.store\/#organization"},"potentialAction":[{"@type":"SearchAction","target":{"@type":"EntryPoint","urlTemplate":"https:\/\/orthopara.store\/?s={search_term_string}"},"query-input":"required name=search_term_string"}],"inLanguage":"fr-FR"},{"@type":"Organization","@id":"https:\/\/orthopara.store\/#organization","name":"OrthoPara","url":"https:\/\/orthopara.store\/","logo":{"@type":"ImageObject","inLanguage":"fr-FR","@id":"https:\/\/orthopara.store\/#\/schema\/logo\/image\/","url":"https:\/\/orthopara.store\/wp-content\/uploads\/2024\/06\/cropped-9ABA8BAD-6256-4719-9315-15C66E64E882.png","contentUrl":"https:\/\/orthopara.store\/wp-content\/uploads\/2024\/06\/cropped-9ABA8BAD-6256-4719-9315-15C66E64E882.png","width":240,"height":72,"caption":"OrthoPara"},"image":{"@id":"https:\/\/orthopara.store\/#\/schema\/logo\/image\/"},"sameAs":["https:\/\/www.facebook.com\/profile.php?id=61561194315651","https:\/\/www.instagram.com\/orthopara_tunisie\/"]}]}},"jetpack_sharing_enabled":true,"brands":[{"id":55,"name":"Pharmaceris","slug":"pharmaceris"}],"_links":{"self":[{"href":"https:\/\/orthopara.store\/index.php?rest_route=\/wp\/v2\/product\/900","targetHints":{"allow":["GET"]}}],"collection":[{"href":"https:\/\/orthopara.store\/index.php?rest_route=\/wp\/v2\/product"}],"about":[{"href":"https:\/\/orthopara.store\/index.php?rest_route=\/wp\/v2\/types\/product"}],"replies":[{"embeddable":true,"href":"https:\/\/orthopara.store\/index.php?rest_route=%2Fwp%2Fv2%2Fcomments&post=900"}],"wp:featuredmedia":[{"embeddable":true,"href":"https:\/\/orthopara.store\/index.php?rest_route=\/wp\/v2\/media\/920"}],"wp:attachment":[{"href":"https:\/\/orthopara.store\/index.php?rest_route=%2Fwp%2Fv2%2Fmedia&parent=900"}],"wp:term":[{"taxonomy":"pwb-brand","embeddable":true,"href":"https:\/\/orthopara.store\/index.php?rest_route=%2Fwp%2Fv2%2Fpwb-brand&post=900"},{"taxonomy":"product_cat","embeddable":true,"href":"https:\/\/orthopara.store\/index.php?rest_route=%2Fwp%2Fv2%2Fproduct_cat&post=900"},{"taxonomy":"product_tag","embeddable":true,"href":"https:\/\/orthopara.store\/index.php?rest_route=%2Fwp%2Fv2%2Fproduct_tag&post=900"}],"curies":[{"name":"wp","href":"https:\/\/api.w.org\/{rel}","templated":true}]}}