{"id":932,"date":"2024-06-28T15:50:47","date_gmt":"2024-06-28T13:50:47","guid":{"rendered":"https:\/\/orthopara.store\/?post_type=product&#038;p=932"},"modified":"2024-06-28T15:50:51","modified_gmt":"2024-06-28T13:50:51","slug":"fond-de-teint-spf-35-dermablend-vichy-n15","status":"publish","type":"product","link":"https:\/\/orthopara.store\/?product=fond-de-teint-spf-35-dermablend-vichy-n15","title":{"rendered":"Fond de Teint &#8211; SPF 35 &#8211; Dermablend Vichy &#8211; N15"},"content":{"rendered":"<p>Fond De Teint &#8211; SPF 35 &#8211; Dermablend Vichy &#8211; N15<br \/>\nDermablend de Vichy est une correction parfaite 16H.<\/p>\n<p>Une sensation peau nue.<\/p>\n<p>Un fini mat avec une hydratation 24H.<\/p>\n<p>Il est destin\u00e9 pour les femmes qui visent \u00e0 corriger les d\u00e9fauts cutan\u00e9s l\u00e9gers \u00e0 mod\u00e9r\u00e9s \u00e0 savoir : un teint irr\u00e9gulier, des cernes, des rougeurs diffuses, ou des cicatrices\u2026<\/p>\n<p>Conseils d\u2019utilisation:<\/p>\n<p>Il est indiqu\u00e9 de le chauffer sur le dos de la mainPuis, appliquer tout en tapotant les zones \u00e0 imperfectionsPar la suite, il est conseill\u00e9 de faire lisser du centre vers l\u2019ext\u00e9rieur du visage<\/p>\n","protected":false},"excerpt":{"rendered":"<p>Vichy &#8211; Dermablend<br \/>\nFond De Teint &#8211; SPF 35<\/p>\n","protected":false},"featured_media":950,"comment_status":"open","ping_status":"closed","template":"","meta":[],"pwb-brand":[100],"product_cat":[96],"product_tag":[],"class_list":{"0":"post-932","1":"product","2":"type-product","3":"status-publish","4":"has-post-thumbnail","6":"pwb-brand-vichy","7":"product_cat-fond-de-teint","8":"post","9":"ws-product--style-1","11":"first","12":"instock","13":"shipping-taxable","14":"purchasable","15":"product-type-simple"},"yoast_head":"<!-- This site is optimized with the Yoast SEO plugin v23.0 - https:\/\/yoast.com\/wordpress\/plugins\/seo\/ -->\n<title>Fond de Teint - SPF 35 - Dermablend Vichy - N15 - OrthoPara<\/title>\n<meta name=\"robots\" content=\"index, follow, max-snippet:-1, max-image-preview:large, max-video-preview:-1\" \/>\n<link rel=\"canonical\" href=\"https:\/\/orthopara.store\/index.php\/produit\/fond-de-teint-spf-35-dermablend-vichy-n15\/\" \/>\n<meta property=\"og:locale\" content=\"fr_FR\" \/>\n<meta property=\"og:type\" content=\"article\" \/>\n<meta property=\"og:title\" content=\"Fond de Teint - SPF 35 - Dermablend Vichy - N15 - OrthoPara\" \/>\n<meta property=\"og:description\" content=\"Vichy - Dermablend Fond De Teint - SPF 35\" \/>\n<meta property=\"og:url\" content=\"https:\/\/orthopara.store\/index.php\/produit\/fond-de-teint-spf-35-dermablend-vichy-n15\/\" \/>\n<meta property=\"og:site_name\" content=\"OrthoPara\" \/>\n<meta property=\"article:publisher\" content=\"https:\/\/www.facebook.com\/profile.php?id=61561194315651\" \/>\n<meta property=\"article:modified_time\" content=\"2024-06-28T13:50:51+00:00\" \/>\n<meta property=\"og:image\" content=\"https:\/\/orthopara.store\/wp-content\/uploads\/2024\/06\/fond-de-teint-spf-35-dermablend-vichy-n15.jpg\" \/>\n\t<meta property=\"og:image:width\" content=\"800\" \/>\n\t<meta property=\"og:image:height\" content=\"800\" \/>\n\t<meta property=\"og:image:type\" content=\"image\/jpeg\" \/>\n<meta name=\"twitter:card\" content=\"summary_large_image\" \/>\n<script type=\"application\/ld+json\" class=\"yoast-schema-graph\">{\"@context\":\"https:\/\/schema.org\",\"@graph\":[{\"@type\":\"WebPage\",\"@id\":\"https:\/\/orthopara.store\/index.php\/produit\/fond-de-teint-spf-35-dermablend-vichy-n15\/\",\"url\":\"https:\/\/orthopara.store\/index.php\/produit\/fond-de-teint-spf-35-dermablend-vichy-n15\/\",\"name\":\"Fond de Teint - SPF 35 - Dermablend Vichy - N15 - OrthoPara\",\"isPartOf\":{\"@id\":\"https:\/\/orthopara.store\/#website\"},\"primaryImageOfPage\":{\"@id\":\"https:\/\/orthopara.store\/index.php\/produit\/fond-de-teint-spf-35-dermablend-vichy-n15\/#primaryimage\"},\"image\":{\"@id\":\"https:\/\/orthopara.store\/index.php\/produit\/fond-de-teint-spf-35-dermablend-vichy-n15\/#primaryimage\"},\"thumbnailUrl\":\"https:\/\/orthopara.store\/wp-content\/uploads\/2024\/06\/fond-de-teint-spf-35-dermablend-vichy-n15.jpg\",\"datePublished\":\"2024-06-28T13:50:47+00:00\",\"dateModified\":\"2024-06-28T13:50:51+00:00\",\"breadcrumb\":{\"@id\":\"https:\/\/orthopara.store\/index.php\/produit\/fond-de-teint-spf-35-dermablend-vichy-n15\/#breadcrumb\"},\"inLanguage\":\"fr-FR\",\"potentialAction\":[{\"@type\":\"ReadAction\",\"target\":[\"https:\/\/orthopara.store\/index.php\/produit\/fond-de-teint-spf-35-dermablend-vichy-n15\/\"]}]},{\"@type\":\"ImageObject\",\"inLanguage\":\"fr-FR\",\"@id\":\"https:\/\/orthopara.store\/index.php\/produit\/fond-de-teint-spf-35-dermablend-vichy-n15\/#primaryimage\",\"url\":\"https:\/\/orthopara.store\/wp-content\/uploads\/2024\/06\/fond-de-teint-spf-35-dermablend-vichy-n15.jpg\",\"contentUrl\":\"https:\/\/orthopara.store\/wp-content\/uploads\/2024\/06\/fond-de-teint-spf-35-dermablend-vichy-n15.jpg\",\"width\":800,\"height\":800},{\"@type\":\"BreadcrumbList\",\"@id\":\"https:\/\/orthopara.store\/index.php\/produit\/fond-de-teint-spf-35-dermablend-vichy-n15\/#breadcrumb\",\"itemListElement\":[{\"@type\":\"ListItem\",\"position\":1,\"name\":\"Accueil\",\"item\":\"https:\/\/orthopara.store\/\"},{\"@type\":\"ListItem\",\"position\":2,\"name\":\"Shop\",\"item\":\"https:\/\/orthopara.store\/?page_id=622\"},{\"@type\":\"ListItem\",\"position\":3,\"name\":\"Fond de Teint &#8211; SPF 35 &#8211; Dermablend Vichy &#8211; N15\"}]},{\"@type\":\"WebSite\",\"@id\":\"https:\/\/orthopara.store\/#website\",\"url\":\"https:\/\/orthopara.store\/\",\"name\":\"OrthoPara\",\"description\":\"Parapharmacie\",\"publisher\":{\"@id\":\"https:\/\/orthopara.store\/#organization\"},\"potentialAction\":[{\"@type\":\"SearchAction\",\"target\":{\"@type\":\"EntryPoint\",\"urlTemplate\":\"https:\/\/orthopara.store\/?s={search_term_string}\"},\"query-input\":\"required name=search_term_string\"}],\"inLanguage\":\"fr-FR\"},{\"@type\":\"Organization\",\"@id\":\"https:\/\/orthopara.store\/#organization\",\"name\":\"OrthoPara\",\"url\":\"https:\/\/orthopara.store\/\",\"logo\":{\"@type\":\"ImageObject\",\"inLanguage\":\"fr-FR\",\"@id\":\"https:\/\/orthopara.store\/#\/schema\/logo\/image\/\",\"url\":\"https:\/\/orthopara.store\/wp-content\/uploads\/2024\/06\/cropped-9ABA8BAD-6256-4719-9315-15C66E64E882.png\",\"contentUrl\":\"https:\/\/orthopara.store\/wp-content\/uploads\/2024\/06\/cropped-9ABA8BAD-6256-4719-9315-15C66E64E882.png\",\"width\":240,\"height\":72,\"caption\":\"OrthoPara\"},\"image\":{\"@id\":\"https:\/\/orthopara.store\/#\/schema\/logo\/image\/\"},\"sameAs\":[\"https:\/\/www.facebook.com\/profile.php?id=61561194315651\",\"https:\/\/www.instagram.com\/orthopara_tunisie\/\"]}]}<\/script>\n<!-- \/ Yoast SEO plugin. -->","yoast_head_json":{"title":"Fond de Teint - SPF 35 - Dermablend Vichy - N15 - OrthoPara","robots":{"index":"index","follow":"follow","max-snippet":"max-snippet:-1","max-image-preview":"max-image-preview:large","max-video-preview":"max-video-preview:-1"},"canonical":"https:\/\/orthopara.store\/index.php\/produit\/fond-de-teint-spf-35-dermablend-vichy-n15\/","og_locale":"fr_FR","og_type":"article","og_title":"Fond de Teint - SPF 35 - Dermablend Vichy - N15 - OrthoPara","og_description":"Vichy - Dermablend Fond De Teint - SPF 35","og_url":"https:\/\/orthopara.store\/index.php\/produit\/fond-de-teint-spf-35-dermablend-vichy-n15\/","og_site_name":"OrthoPara","article_publisher":"https:\/\/www.facebook.com\/profile.php?id=61561194315651","article_modified_time":"2024-06-28T13:50:51+00:00","og_image":[{"width":800,"height":800,"url":"https:\/\/orthopara.store\/wp-content\/uploads\/2024\/06\/fond-de-teint-spf-35-dermablend-vichy-n15.jpg","type":"image\/jpeg"}],"twitter_card":"summary_large_image","schema":{"@context":"https:\/\/schema.org","@graph":[{"@type":"WebPage","@id":"https:\/\/orthopara.store\/index.php\/produit\/fond-de-teint-spf-35-dermablend-vichy-n15\/","url":"https:\/\/orthopara.store\/index.php\/produit\/fond-de-teint-spf-35-dermablend-vichy-n15\/","name":"Fond de Teint - SPF 35 - Dermablend Vichy - N15 - OrthoPara","isPartOf":{"@id":"https:\/\/orthopara.store\/#website"},"primaryImageOfPage":{"@id":"https:\/\/orthopara.store\/index.php\/produit\/fond-de-teint-spf-35-dermablend-vichy-n15\/#primaryimage"},"image":{"@id":"https:\/\/orthopara.store\/index.php\/produit\/fond-de-teint-spf-35-dermablend-vichy-n15\/#primaryimage"},"thumbnailUrl":"https:\/\/orthopara.store\/wp-content\/uploads\/2024\/06\/fond-de-teint-spf-35-dermablend-vichy-n15.jpg","datePublished":"2024-06-28T13:50:47+00:00","dateModified":"2024-06-28T13:50:51+00:00","breadcrumb":{"@id":"https:\/\/orthopara.store\/index.php\/produit\/fond-de-teint-spf-35-dermablend-vichy-n15\/#breadcrumb"},"inLanguage":"fr-FR","potentialAction":[{"@type":"ReadAction","target":["https:\/\/orthopara.store\/index.php\/produit\/fond-de-teint-spf-35-dermablend-vichy-n15\/"]}]},{"@type":"ImageObject","inLanguage":"fr-FR","@id":"https:\/\/orthopara.store\/index.php\/produit\/fond-de-teint-spf-35-dermablend-vichy-n15\/#primaryimage","url":"https:\/\/orthopara.store\/wp-content\/uploads\/2024\/06\/fond-de-teint-spf-35-dermablend-vichy-n15.jpg","contentUrl":"https:\/\/orthopara.store\/wp-content\/uploads\/2024\/06\/fond-de-teint-spf-35-dermablend-vichy-n15.jpg","width":800,"height":800},{"@type":"BreadcrumbList","@id":"https:\/\/orthopara.store\/index.php\/produit\/fond-de-teint-spf-35-dermablend-vichy-n15\/#breadcrumb","itemListElement":[{"@type":"ListItem","position":1,"name":"Accueil","item":"https:\/\/orthopara.store\/"},{"@type":"ListItem","position":2,"name":"Shop","item":"https:\/\/orthopara.store\/?page_id=622"},{"@type":"ListItem","position":3,"name":"Fond de Teint &#8211; SPF 35 &#8211; Dermablend Vichy &#8211; N15"}]},{"@type":"WebSite","@id":"https:\/\/orthopara.store\/#website","url":"https:\/\/orthopara.store\/","name":"OrthoPara","description":"Parapharmacie","publisher":{"@id":"https:\/\/orthopara.store\/#organization"},"potentialAction":[{"@type":"SearchAction","target":{"@type":"EntryPoint","urlTemplate":"https:\/\/orthopara.store\/?s={search_term_string}"},"query-input":"required name=search_term_string"}],"inLanguage":"fr-FR"},{"@type":"Organization","@id":"https:\/\/orthopara.store\/#organization","name":"OrthoPara","url":"https:\/\/orthopara.store\/","logo":{"@type":"ImageObject","inLanguage":"fr-FR","@id":"https:\/\/orthopara.store\/#\/schema\/logo\/image\/","url":"https:\/\/orthopara.store\/wp-content\/uploads\/2024\/06\/cropped-9ABA8BAD-6256-4719-9315-15C66E64E882.png","contentUrl":"https:\/\/orthopara.store\/wp-content\/uploads\/2024\/06\/cropped-9ABA8BAD-6256-4719-9315-15C66E64E882.png","width":240,"height":72,"caption":"OrthoPara"},"image":{"@id":"https:\/\/orthopara.store\/#\/schema\/logo\/image\/"},"sameAs":["https:\/\/www.facebook.com\/profile.php?id=61561194315651","https:\/\/www.instagram.com\/orthopara_tunisie\/"]}]}},"jetpack_sharing_enabled":true,"brands":[{"id":100,"name":"Vichy","slug":"vichy"}],"_links":{"self":[{"href":"https:\/\/orthopara.store\/index.php?rest_route=\/wp\/v2\/product\/932","targetHints":{"allow":["GET"]}}],"collection":[{"href":"https:\/\/orthopara.store\/index.php?rest_route=\/wp\/v2\/product"}],"about":[{"href":"https:\/\/orthopara.store\/index.php?rest_route=\/wp\/v2\/types\/product"}],"replies":[{"embeddable":true,"href":"https:\/\/orthopara.store\/index.php?rest_route=%2Fwp%2Fv2%2Fcomments&post=932"}],"wp:featuredmedia":[{"embeddable":true,"href":"https:\/\/orthopara.store\/index.php?rest_route=\/wp\/v2\/media\/950"}],"wp:attachment":[{"href":"https:\/\/orthopara.store\/index.php?rest_route=%2Fwp%2Fv2%2Fmedia&parent=932"}],"wp:term":[{"taxonomy":"pwb-brand","embeddable":true,"href":"https:\/\/orthopara.store\/index.php?rest_route=%2Fwp%2Fv2%2Fpwb-brand&post=932"},{"taxonomy":"product_cat","embeddable":true,"href":"https:\/\/orthopara.store\/index.php?rest_route=%2Fwp%2Fv2%2Fproduct_cat&post=932"},{"taxonomy":"product_tag","embeddable":true,"href":"https:\/\/orthopara.store\/index.php?rest_route=%2Fwp%2Fv2%2Fproduct_tag&post=932"}],"curies":[{"name":"wp","href":"https:\/\/api.w.org\/{rel}","templated":true}]}}