{"id":933,"date":"2024-06-28T15:50:47","date_gmt":"2024-06-28T13:50:47","guid":{"rendered":"https:\/\/orthopara.store\/?post_type=product&#038;p=933"},"modified":"2024-11-10T16:13:14","modified_gmt":"2024-11-10T15:13:14","slug":"creme-contour-des-yeux-isdin-k-ox-eyes-15ml","status":"publish","type":"product","link":"https:\/\/orthopara.store\/?product=creme-contour-des-yeux-isdin-k-ox-eyes-15ml","title":{"rendered":"Cr\u00e8me contour des yeux &#8211; Isdin K-OX eyes &#8211; 15ml"},"content":{"rendered":"<p>Cr\u00e8me contour des yeux &#8211; Isdin K-OX eyes &#8211; 15ml<br \/>\nR\u00e9duit les poches, \u00e9claircit la couleur des cernes et restaure l\u2019\u00e9lasticit\u00e9 de la peau. Ses effets se per\u00e7oivent gr\u00e2ce \u00e0 un effet tenseur qui estompe les cernes. Son utilisation continue diminue le volume des poches et att\u00e9nue progressivement la couleur violac\u00e9e ou pigment\u00e9e des cernes. De plus, il prot\u00e8ge contre la perte d\u2019hydratation et att\u00e9nue les fines lignes d\u2019expression. Il en r\u00e9sulte un regard plus repos\u00e9, rajeunit et plus lumineux.<br \/>\nConseils d&rsquo;utilisation :<br \/>\nAppliquer le produit quotidiennement en l\u2019\u00e9talant d\u00e9licatement et en tapotant avec le bout des doigts sur les poches et les cernes jusqu&rsquo;\u00e0 absorption compl\u00e8te.<br \/>\nComposition :<br \/>\nVitamine K oxyde<br \/>\nActifs sp\u00e9cifiques pour r\u00e9duire la couleur des cernes et r\u00e9duire le volume des poches.<br \/>\nAcide Hyaluronique\u00a0<br \/>\n+ Lait Corporel \u00e9claircissant &#8211; ACM d\u00e9piwhite &#8211; 100ml (Offert)<br \/>\nCe lait a toutes les qualit\u00e9s d\u2019un lait corporel protecteur, hydratant et nourrissant, mais il apporte en plus son action contre les taches brunes.<br \/>\nIl assure une hydratation de tr\u00e8s longue dur\u00e9e, apaise les sensations de tiraillements et restaure le confort cutan\u00e9. Hydratant intense et durable, ce lait corps b\u00e9n\u00e9ficie d\u2019une texture fluide, non grasse, facile \u00e0 appliquer apr\u00e8s la douche. Pour une peau souple et soyeuse \u00e0 tout \u00e2ge. Son action \u00e9claircissante compl\u00e9mentaire gr\u00e2ce \u00e0 une association d\u2019actifs v\u00e9g\u00e9taux permet de freiner la surproduction de m\u00e9lanine d\u2019\u00e9claircir et d\u2019homog\u00e9n\u00e9iser l\u2019aspect de la peau.<\/p>\n","protected":false},"excerpt":{"rendered":"<p>Isdinceutics K-OX eyes<br \/>\nR\u00e9duit poches et cernes<\/p>\n<p>Cr\u00e8me contour des yeux indiqu\u00e9e pour le soin sp\u00e9cifique des poches et des cernes.<\/p>\n<p>Contenance : 15 ml<br \/>\nDLC : 12 mois apr\u00e8s ouverture du produit<\/p>\n","protected":false},"featured_media":951,"comment_status":"open","ping_status":"closed","template":"","meta":[],"pwb-brand":[42],"product_cat":[103],"product_tag":[],"class_list":{"0":"post-933","1":"product","2":"type-product","3":"status-publish","4":"has-post-thumbnail","6":"pwb-brand-isdin","7":"product_cat-soins-des-yeux","8":"post","9":"ws-product--style-1","11":"first","12":"instock","13":"shipping-taxable","14":"purchasable","15":"product-type-simple"},"yoast_head":"<!-- This site is optimized with the Yoast SEO plugin v23.0 - https:\/\/yoast.com\/wordpress\/plugins\/seo\/ -->\n<title>Cr\u00e8me contour des yeux - Isdin K-OX eyes - 15ml - OrthoPara<\/title>\n<meta name=\"robots\" content=\"index, follow, max-snippet:-1, max-image-preview:large, max-video-preview:-1\" \/>\n<link rel=\"canonical\" href=\"https:\/\/orthopara.store\/index.php\/produit\/creme-contour-des-yeux-isdin-k-ox-eyes-15ml\/\" \/>\n<meta property=\"og:locale\" content=\"fr_FR\" \/>\n<meta property=\"og:type\" content=\"article\" \/>\n<meta property=\"og:title\" content=\"Cr\u00e8me contour des yeux - Isdin K-OX eyes - 15ml - OrthoPara\" \/>\n<meta property=\"og:description\" content=\"Isdinceutics K-OX eyes R\u00e9duit poches et cernes Cr\u00e8me contour des yeux indiqu\u00e9e pour le soin sp\u00e9cifique des poches et des cernes. Contenance : 15 ml DLC : 12 mois apr\u00e8s ouverture du produit\" \/>\n<meta property=\"og:url\" content=\"https:\/\/orthopara.store\/index.php\/produit\/creme-contour-des-yeux-isdin-k-ox-eyes-15ml\/\" \/>\n<meta property=\"og:site_name\" content=\"OrthoPara\" \/>\n<meta property=\"article:publisher\" content=\"https:\/\/www.facebook.com\/profile.php?id=61561194315651\" \/>\n<meta property=\"article:modified_time\" content=\"2024-11-10T15:13:14+00:00\" \/>\n<meta property=\"og:image\" content=\"https:\/\/orthopara.store\/wp-content\/uploads\/2024\/06\/pack-isdin-creme-contour-des-yeux-k-ox-eyes-lait-de-corps-eclaircissant-100ml-offert.jpg\" \/>\n\t<meta property=\"og:image:width\" content=\"800\" \/>\n\t<meta property=\"og:image:height\" content=\"800\" \/>\n\t<meta property=\"og:image:type\" content=\"image\/jpeg\" \/>\n<meta name=\"twitter:card\" content=\"summary_large_image\" \/>\n<meta name=\"twitter:label1\" content=\"Dur\u00e9e de lecture estim\u00e9e\" \/>\n\t<meta name=\"twitter:data1\" content=\"1 minute\" \/>\n<script type=\"application\/ld+json\" class=\"yoast-schema-graph\">{\"@context\":\"https:\/\/schema.org\",\"@graph\":[{\"@type\":\"WebPage\",\"@id\":\"https:\/\/orthopara.store\/index.php\/produit\/creme-contour-des-yeux-isdin-k-ox-eyes-15ml\/\",\"url\":\"https:\/\/orthopara.store\/index.php\/produit\/creme-contour-des-yeux-isdin-k-ox-eyes-15ml\/\",\"name\":\"Cr\u00e8me contour des yeux - Isdin K-OX eyes - 15ml - OrthoPara\",\"isPartOf\":{\"@id\":\"https:\/\/orthopara.store\/#website\"},\"primaryImageOfPage\":{\"@id\":\"https:\/\/orthopara.store\/index.php\/produit\/creme-contour-des-yeux-isdin-k-ox-eyes-15ml\/#primaryimage\"},\"image\":{\"@id\":\"https:\/\/orthopara.store\/index.php\/produit\/creme-contour-des-yeux-isdin-k-ox-eyes-15ml\/#primaryimage\"},\"thumbnailUrl\":\"https:\/\/orthopara.store\/wp-content\/uploads\/2024\/06\/pack-isdin-creme-contour-des-yeux-k-ox-eyes-lait-de-corps-eclaircissant-100ml-offert.jpg\",\"datePublished\":\"2024-06-28T13:50:47+00:00\",\"dateModified\":\"2024-11-10T15:13:14+00:00\",\"breadcrumb\":{\"@id\":\"https:\/\/orthopara.store\/index.php\/produit\/creme-contour-des-yeux-isdin-k-ox-eyes-15ml\/#breadcrumb\"},\"inLanguage\":\"fr-FR\",\"potentialAction\":[{\"@type\":\"ReadAction\",\"target\":[\"https:\/\/orthopara.store\/index.php\/produit\/creme-contour-des-yeux-isdin-k-ox-eyes-15ml\/\"]}]},{\"@type\":\"ImageObject\",\"inLanguage\":\"fr-FR\",\"@id\":\"https:\/\/orthopara.store\/index.php\/produit\/creme-contour-des-yeux-isdin-k-ox-eyes-15ml\/#primaryimage\",\"url\":\"https:\/\/orthopara.store\/wp-content\/uploads\/2024\/06\/pack-isdin-creme-contour-des-yeux-k-ox-eyes-lait-de-corps-eclaircissant-100ml-offert.jpg\",\"contentUrl\":\"https:\/\/orthopara.store\/wp-content\/uploads\/2024\/06\/pack-isdin-creme-contour-des-yeux-k-ox-eyes-lait-de-corps-eclaircissant-100ml-offert.jpg\",\"width\":800,\"height\":800},{\"@type\":\"BreadcrumbList\",\"@id\":\"https:\/\/orthopara.store\/index.php\/produit\/creme-contour-des-yeux-isdin-k-ox-eyes-15ml\/#breadcrumb\",\"itemListElement\":[{\"@type\":\"ListItem\",\"position\":1,\"name\":\"Accueil\",\"item\":\"https:\/\/orthopara.store\/\"},{\"@type\":\"ListItem\",\"position\":2,\"name\":\"Shop\",\"item\":\"https:\/\/orthopara.store\/?page_id=622\"},{\"@type\":\"ListItem\",\"position\":3,\"name\":\"Cr\u00e8me contour des yeux &#8211; Isdin K-OX eyes &#8211; 15ml\"}]},{\"@type\":\"WebSite\",\"@id\":\"https:\/\/orthopara.store\/#website\",\"url\":\"https:\/\/orthopara.store\/\",\"name\":\"OrthoPara\",\"description\":\"Parapharmacie\",\"publisher\":{\"@id\":\"https:\/\/orthopara.store\/#organization\"},\"potentialAction\":[{\"@type\":\"SearchAction\",\"target\":{\"@type\":\"EntryPoint\",\"urlTemplate\":\"https:\/\/orthopara.store\/?s={search_term_string}\"},\"query-input\":\"required name=search_term_string\"}],\"inLanguage\":\"fr-FR\"},{\"@type\":\"Organization\",\"@id\":\"https:\/\/orthopara.store\/#organization\",\"name\":\"OrthoPara\",\"url\":\"https:\/\/orthopara.store\/\",\"logo\":{\"@type\":\"ImageObject\",\"inLanguage\":\"fr-FR\",\"@id\":\"https:\/\/orthopara.store\/#\/schema\/logo\/image\/\",\"url\":\"https:\/\/orthopara.store\/wp-content\/uploads\/2024\/06\/cropped-9ABA8BAD-6256-4719-9315-15C66E64E882.png\",\"contentUrl\":\"https:\/\/orthopara.store\/wp-content\/uploads\/2024\/06\/cropped-9ABA8BAD-6256-4719-9315-15C66E64E882.png\",\"width\":240,\"height\":72,\"caption\":\"OrthoPara\"},\"image\":{\"@id\":\"https:\/\/orthopara.store\/#\/schema\/logo\/image\/\"},\"sameAs\":[\"https:\/\/www.facebook.com\/profile.php?id=61561194315651\",\"https:\/\/www.instagram.com\/orthopara_tunisie\/\"]}]}<\/script>\n<!-- \/ Yoast SEO plugin. -->","yoast_head_json":{"title":"Cr\u00e8me contour des yeux - Isdin K-OX eyes - 15ml - OrthoPara","robots":{"index":"index","follow":"follow","max-snippet":"max-snippet:-1","max-image-preview":"max-image-preview:large","max-video-preview":"max-video-preview:-1"},"canonical":"https:\/\/orthopara.store\/index.php\/produit\/creme-contour-des-yeux-isdin-k-ox-eyes-15ml\/","og_locale":"fr_FR","og_type":"article","og_title":"Cr\u00e8me contour des yeux - Isdin K-OX eyes - 15ml - OrthoPara","og_description":"Isdinceutics K-OX eyes R\u00e9duit poches et cernes Cr\u00e8me contour des yeux indiqu\u00e9e pour le soin sp\u00e9cifique des poches et des cernes. Contenance : 15 ml DLC : 12 mois apr\u00e8s ouverture du produit","og_url":"https:\/\/orthopara.store\/index.php\/produit\/creme-contour-des-yeux-isdin-k-ox-eyes-15ml\/","og_site_name":"OrthoPara","article_publisher":"https:\/\/www.facebook.com\/profile.php?id=61561194315651","article_modified_time":"2024-11-10T15:13:14+00:00","og_image":[{"width":800,"height":800,"url":"https:\/\/orthopara.store\/wp-content\/uploads\/2024\/06\/pack-isdin-creme-contour-des-yeux-k-ox-eyes-lait-de-corps-eclaircissant-100ml-offert.jpg","type":"image\/jpeg"}],"twitter_card":"summary_large_image","twitter_misc":{"Dur\u00e9e de lecture estim\u00e9e":"1 minute"},"schema":{"@context":"https:\/\/schema.org","@graph":[{"@type":"WebPage","@id":"https:\/\/orthopara.store\/index.php\/produit\/creme-contour-des-yeux-isdin-k-ox-eyes-15ml\/","url":"https:\/\/orthopara.store\/index.php\/produit\/creme-contour-des-yeux-isdin-k-ox-eyes-15ml\/","name":"Cr\u00e8me contour des yeux - Isdin K-OX eyes - 15ml - OrthoPara","isPartOf":{"@id":"https:\/\/orthopara.store\/#website"},"primaryImageOfPage":{"@id":"https:\/\/orthopara.store\/index.php\/produit\/creme-contour-des-yeux-isdin-k-ox-eyes-15ml\/#primaryimage"},"image":{"@id":"https:\/\/orthopara.store\/index.php\/produit\/creme-contour-des-yeux-isdin-k-ox-eyes-15ml\/#primaryimage"},"thumbnailUrl":"https:\/\/orthopara.store\/wp-content\/uploads\/2024\/06\/pack-isdin-creme-contour-des-yeux-k-ox-eyes-lait-de-corps-eclaircissant-100ml-offert.jpg","datePublished":"2024-06-28T13:50:47+00:00","dateModified":"2024-11-10T15:13:14+00:00","breadcrumb":{"@id":"https:\/\/orthopara.store\/index.php\/produit\/creme-contour-des-yeux-isdin-k-ox-eyes-15ml\/#breadcrumb"},"inLanguage":"fr-FR","potentialAction":[{"@type":"ReadAction","target":["https:\/\/orthopara.store\/index.php\/produit\/creme-contour-des-yeux-isdin-k-ox-eyes-15ml\/"]}]},{"@type":"ImageObject","inLanguage":"fr-FR","@id":"https:\/\/orthopara.store\/index.php\/produit\/creme-contour-des-yeux-isdin-k-ox-eyes-15ml\/#primaryimage","url":"https:\/\/orthopara.store\/wp-content\/uploads\/2024\/06\/pack-isdin-creme-contour-des-yeux-k-ox-eyes-lait-de-corps-eclaircissant-100ml-offert.jpg","contentUrl":"https:\/\/orthopara.store\/wp-content\/uploads\/2024\/06\/pack-isdin-creme-contour-des-yeux-k-ox-eyes-lait-de-corps-eclaircissant-100ml-offert.jpg","width":800,"height":800},{"@type":"BreadcrumbList","@id":"https:\/\/orthopara.store\/index.php\/produit\/creme-contour-des-yeux-isdin-k-ox-eyes-15ml\/#breadcrumb","itemListElement":[{"@type":"ListItem","position":1,"name":"Accueil","item":"https:\/\/orthopara.store\/"},{"@type":"ListItem","position":2,"name":"Shop","item":"https:\/\/orthopara.store\/?page_id=622"},{"@type":"ListItem","position":3,"name":"Cr\u00e8me contour des yeux &#8211; Isdin K-OX eyes &#8211; 15ml"}]},{"@type":"WebSite","@id":"https:\/\/orthopara.store\/#website","url":"https:\/\/orthopara.store\/","name":"OrthoPara","description":"Parapharmacie","publisher":{"@id":"https:\/\/orthopara.store\/#organization"},"potentialAction":[{"@type":"SearchAction","target":{"@type":"EntryPoint","urlTemplate":"https:\/\/orthopara.store\/?s={search_term_string}"},"query-input":"required name=search_term_string"}],"inLanguage":"fr-FR"},{"@type":"Organization","@id":"https:\/\/orthopara.store\/#organization","name":"OrthoPara","url":"https:\/\/orthopara.store\/","logo":{"@type":"ImageObject","inLanguage":"fr-FR","@id":"https:\/\/orthopara.store\/#\/schema\/logo\/image\/","url":"https:\/\/orthopara.store\/wp-content\/uploads\/2024\/06\/cropped-9ABA8BAD-6256-4719-9315-15C66E64E882.png","contentUrl":"https:\/\/orthopara.store\/wp-content\/uploads\/2024\/06\/cropped-9ABA8BAD-6256-4719-9315-15C66E64E882.png","width":240,"height":72,"caption":"OrthoPara"},"image":{"@id":"https:\/\/orthopara.store\/#\/schema\/logo\/image\/"},"sameAs":["https:\/\/www.facebook.com\/profile.php?id=61561194315651","https:\/\/www.instagram.com\/orthopara_tunisie\/"]}]}},"jetpack_sharing_enabled":true,"brands":[{"id":42,"name":"ISDIN","slug":"isdin"}],"_links":{"self":[{"href":"https:\/\/orthopara.store\/index.php?rest_route=\/wp\/v2\/product\/933","targetHints":{"allow":["GET"]}}],"collection":[{"href":"https:\/\/orthopara.store\/index.php?rest_route=\/wp\/v2\/product"}],"about":[{"href":"https:\/\/orthopara.store\/index.php?rest_route=\/wp\/v2\/types\/product"}],"replies":[{"embeddable":true,"href":"https:\/\/orthopara.store\/index.php?rest_route=%2Fwp%2Fv2%2Fcomments&post=933"}],"wp:featuredmedia":[{"embeddable":true,"href":"https:\/\/orthopara.store\/index.php?rest_route=\/wp\/v2\/media\/951"}],"wp:attachment":[{"href":"https:\/\/orthopara.store\/index.php?rest_route=%2Fwp%2Fv2%2Fmedia&parent=933"}],"wp:term":[{"taxonomy":"pwb-brand","embeddable":true,"href":"https:\/\/orthopara.store\/index.php?rest_route=%2Fwp%2Fv2%2Fpwb-brand&post=933"},{"taxonomy":"product_cat","embeddable":true,"href":"https:\/\/orthopara.store\/index.php?rest_route=%2Fwp%2Fv2%2Fproduct_cat&post=933"},{"taxonomy":"product_tag","embeddable":true,"href":"https:\/\/orthopara.store\/index.php?rest_route=%2Fwp%2Fv2%2Fproduct_tag&post=933"}],"curies":[{"name":"wp","href":"https:\/\/api.w.org\/{rel}","templated":true}]}}