{"id":935,"date":"2024-06-28T15:50:47","date_gmt":"2024-06-28T13:50:47","guid":{"rendered":"https:\/\/orthopara.store\/?post_type=product&#038;p=935"},"modified":"2024-06-28T15:50:52","modified_gmt":"2024-06-28T13:50:52","slug":"soin-yeux-super-lissant-eclat-filorga-oxygen-glow-15ml","status":"publish","type":"product","link":"https:\/\/orthopara.store\/?product=soin-yeux-super-lissant-eclat-filorga-oxygen-glow-15ml","title":{"rendered":"Soin yeux super-lissant \u00e9clat &#8211; Filorga Oxygen-Glow &#8211; 15ml"},"content":{"rendered":"<p>Soin yeux super-lissant \u00e9clat &#8211; Filorga Oxygen-Glow &#8211; 15ml<br \/>\nLe soin super lissant Oxygen-Glow des laboratoires Filorga va apporter \u00e0 vos yeux fatigu\u00e9s tout ce dont ils ont besoin.<br \/>\nOxygen-Glow [eyes], un soin yeux super-lissant qui d\u00e9fatigue et booste l\u2019\u00e9clat pour un regard sublim\u00e9 au naturel : D\u00e9fatigue \u2013 Hydrate \u2013 D\u00e9toxifie<br \/>\nObjectif regard z\u00e9ro d\u00e9faut<br \/>\nD\u00e9velopp\u00e9 par Filorga, le complexe Super-Skin Boosting Factors r\u00e9unit un booster d\u2019oxyg\u00e9nation, de l\u2019acide hyaluronique et de la L-enzyme d\u00e9toxifiante pour r\u00e9v\u00e9ler un regard z\u00e9ro d\u00e9faut jour apr\u00e8s jour.<\/p>\n<p>Le + : Une action anti-cernes renforc\u00e9e.<\/p>\n<p>\u00c9clat imm\u00e9diat<br \/>\nUne texture hydra-illuminatrice int\u00e9grant la technologie Photoperfector HD pour un effet regard sublim\u00e9 instantan\u00e9.<br \/>\nTest\u00e9 sous contr\u00f4le ophtalmologique \u2013 Convient aux yeux sensibles.<br \/>\n Tube \u2013 15ml<\/p>\n<p>Conseils d&rsquo;utilisation :\u00a0<br \/>\nAppliquer matin et soir en tapotant l\u00e9g\u00e8rement le contour de l&rsquo;\u0153il.<\/p>\n<p>Etirer jusque sur le haut des pommettes pour un effet enlumineur subtil.<br \/>\nAstuce : peut- \u00eatre utilis\u00e9 comme highlighter sur les pommettes et l\u2019arcade sourcili\u00e8re.<\/p>\n","protected":false},"excerpt":{"rendered":"<p>Filorga Oxygen-Glow\u00a0<br \/>\nSoin yeux super-lissant \u00e9clat &#8211; d\u00e9fatigue &#8211; hydrate &#8211; d\u00e9toxifie\u00a0<br \/>\nIndications : Regard fatigu\u00e9 &#8211; cernes &#8211; peau d\u00e9shydrat\u00e9e &#8211; ridules\u00a0<br \/>\nUn soin super lissant qui d\u00e9fatigue et booste l&rsquo;\u00e9clat pour un regard sublim\u00e9 au naturel\u00a0<br \/>\nObjectif : Regard z\u00e9ro d\u00e9faut\u00a0<\/p>\n<p>Contenance : 15ml<br \/>\nDLC : 6 mois apr\u00e8s l&rsquo;ouverture\u00a0<\/p>\n","protected":false},"featured_media":953,"comment_status":"open","ping_status":"closed","template":"","meta":[],"pwb-brand":[73],"product_cat":[103],"product_tag":[],"class_list":{"0":"post-935","1":"product","2":"type-product","3":"status-publish","4":"has-post-thumbnail","6":"pwb-brand-filorga","7":"product_cat-soins-des-yeux","8":"post","9":"ws-product--style-1","11":"first","12":"instock","13":"shipping-taxable","14":"purchasable","15":"product-type-simple"},"yoast_head":"<!-- This site is optimized with the Yoast SEO plugin v23.0 - https:\/\/yoast.com\/wordpress\/plugins\/seo\/ -->\n<title>Soin yeux super-lissant \u00e9clat - Filorga Oxygen-Glow - 15ml - OrthoPara<\/title>\n<meta name=\"robots\" content=\"index, follow, max-snippet:-1, max-image-preview:large, max-video-preview:-1\" \/>\n<link rel=\"canonical\" href=\"https:\/\/orthopara.store\/index.php\/produit\/soin-yeux-super-lissant-eclat-filorga-oxygen-glow-15ml\/\" \/>\n<meta property=\"og:locale\" content=\"fr_FR\" \/>\n<meta property=\"og:type\" content=\"article\" \/>\n<meta property=\"og:title\" content=\"Soin yeux super-lissant \u00e9clat - Filorga Oxygen-Glow - 15ml - OrthoPara\" \/>\n<meta property=\"og:description\" content=\"Filorga Oxygen-Glow\u00a0 Soin yeux super-lissant \u00e9clat - d\u00e9fatigue - hydrate - d\u00e9toxifie\u00a0 Indications : Regard fatigu\u00e9 - cernes - peau d\u00e9shydrat\u00e9e - ridules\u00a0 Un soin super lissant qui d\u00e9fatigue et booste l&#039;\u00e9clat pour un regard sublim\u00e9 au naturel\u00a0 Objectif : Regard z\u00e9ro d\u00e9faut\u00a0 Contenance : 15ml DLC : 6 mois apr\u00e8s l&#039;ouverture\u00a0\" \/>\n<meta property=\"og:url\" content=\"https:\/\/orthopara.store\/index.php\/produit\/soin-yeux-super-lissant-eclat-filorga-oxygen-glow-15ml\/\" \/>\n<meta property=\"og:site_name\" content=\"OrthoPara\" \/>\n<meta property=\"article:publisher\" content=\"https:\/\/www.facebook.com\/profile.php?id=61561194315651\" \/>\n<meta property=\"article:modified_time\" content=\"2024-06-28T13:50:52+00:00\" \/>\n<meta property=\"og:image\" content=\"https:\/\/orthopara.store\/wp-content\/uploads\/2024\/06\/soin-yeux-super-lissant-eclat-filorga-oxygen-glow-15ml.jpg\" \/>\n\t<meta property=\"og:image:width\" content=\"800\" \/>\n\t<meta property=\"og:image:height\" content=\"800\" \/>\n\t<meta property=\"og:image:type\" content=\"image\/jpeg\" \/>\n<meta name=\"twitter:card\" content=\"summary_large_image\" \/>\n<meta name=\"twitter:label1\" content=\"Dur\u00e9e de lecture estim\u00e9e\" \/>\n\t<meta name=\"twitter:data1\" content=\"1 minute\" \/>\n<script type=\"application\/ld+json\" class=\"yoast-schema-graph\">{\"@context\":\"https:\/\/schema.org\",\"@graph\":[{\"@type\":\"WebPage\",\"@id\":\"https:\/\/orthopara.store\/index.php\/produit\/soin-yeux-super-lissant-eclat-filorga-oxygen-glow-15ml\/\",\"url\":\"https:\/\/orthopara.store\/index.php\/produit\/soin-yeux-super-lissant-eclat-filorga-oxygen-glow-15ml\/\",\"name\":\"Soin yeux super-lissant \u00e9clat - Filorga Oxygen-Glow - 15ml - OrthoPara\",\"isPartOf\":{\"@id\":\"https:\/\/orthopara.store\/#website\"},\"primaryImageOfPage\":{\"@id\":\"https:\/\/orthopara.store\/index.php\/produit\/soin-yeux-super-lissant-eclat-filorga-oxygen-glow-15ml\/#primaryimage\"},\"image\":{\"@id\":\"https:\/\/orthopara.store\/index.php\/produit\/soin-yeux-super-lissant-eclat-filorga-oxygen-glow-15ml\/#primaryimage\"},\"thumbnailUrl\":\"https:\/\/orthopara.store\/wp-content\/uploads\/2024\/06\/soin-yeux-super-lissant-eclat-filorga-oxygen-glow-15ml.jpg\",\"datePublished\":\"2024-06-28T13:50:47+00:00\",\"dateModified\":\"2024-06-28T13:50:52+00:00\",\"breadcrumb\":{\"@id\":\"https:\/\/orthopara.store\/index.php\/produit\/soin-yeux-super-lissant-eclat-filorga-oxygen-glow-15ml\/#breadcrumb\"},\"inLanguage\":\"fr-FR\",\"potentialAction\":[{\"@type\":\"ReadAction\",\"target\":[\"https:\/\/orthopara.store\/index.php\/produit\/soin-yeux-super-lissant-eclat-filorga-oxygen-glow-15ml\/\"]}]},{\"@type\":\"ImageObject\",\"inLanguage\":\"fr-FR\",\"@id\":\"https:\/\/orthopara.store\/index.php\/produit\/soin-yeux-super-lissant-eclat-filorga-oxygen-glow-15ml\/#primaryimage\",\"url\":\"https:\/\/orthopara.store\/wp-content\/uploads\/2024\/06\/soin-yeux-super-lissant-eclat-filorga-oxygen-glow-15ml.jpg\",\"contentUrl\":\"https:\/\/orthopara.store\/wp-content\/uploads\/2024\/06\/soin-yeux-super-lissant-eclat-filorga-oxygen-glow-15ml.jpg\",\"width\":800,\"height\":800},{\"@type\":\"BreadcrumbList\",\"@id\":\"https:\/\/orthopara.store\/index.php\/produit\/soin-yeux-super-lissant-eclat-filorga-oxygen-glow-15ml\/#breadcrumb\",\"itemListElement\":[{\"@type\":\"ListItem\",\"position\":1,\"name\":\"Accueil\",\"item\":\"https:\/\/orthopara.store\/\"},{\"@type\":\"ListItem\",\"position\":2,\"name\":\"Shop\",\"item\":\"https:\/\/orthopara.store\/?page_id=622\"},{\"@type\":\"ListItem\",\"position\":3,\"name\":\"Soin yeux super-lissant \u00e9clat &#8211; Filorga Oxygen-Glow &#8211; 15ml\"}]},{\"@type\":\"WebSite\",\"@id\":\"https:\/\/orthopara.store\/#website\",\"url\":\"https:\/\/orthopara.store\/\",\"name\":\"OrthoPara\",\"description\":\"Parapharmacie\",\"publisher\":{\"@id\":\"https:\/\/orthopara.store\/#organization\"},\"potentialAction\":[{\"@type\":\"SearchAction\",\"target\":{\"@type\":\"EntryPoint\",\"urlTemplate\":\"https:\/\/orthopara.store\/?s={search_term_string}\"},\"query-input\":\"required name=search_term_string\"}],\"inLanguage\":\"fr-FR\"},{\"@type\":\"Organization\",\"@id\":\"https:\/\/orthopara.store\/#organization\",\"name\":\"OrthoPara\",\"url\":\"https:\/\/orthopara.store\/\",\"logo\":{\"@type\":\"ImageObject\",\"inLanguage\":\"fr-FR\",\"@id\":\"https:\/\/orthopara.store\/#\/schema\/logo\/image\/\",\"url\":\"https:\/\/orthopara.store\/wp-content\/uploads\/2024\/06\/cropped-9ABA8BAD-6256-4719-9315-15C66E64E882.png\",\"contentUrl\":\"https:\/\/orthopara.store\/wp-content\/uploads\/2024\/06\/cropped-9ABA8BAD-6256-4719-9315-15C66E64E882.png\",\"width\":240,\"height\":72,\"caption\":\"OrthoPara\"},\"image\":{\"@id\":\"https:\/\/orthopara.store\/#\/schema\/logo\/image\/\"},\"sameAs\":[\"https:\/\/www.facebook.com\/profile.php?id=61561194315651\",\"https:\/\/www.instagram.com\/orthopara_tunisie\/\"]}]}<\/script>\n<!-- \/ Yoast SEO plugin. -->","yoast_head_json":{"title":"Soin yeux super-lissant \u00e9clat - Filorga Oxygen-Glow - 15ml - OrthoPara","robots":{"index":"index","follow":"follow","max-snippet":"max-snippet:-1","max-image-preview":"max-image-preview:large","max-video-preview":"max-video-preview:-1"},"canonical":"https:\/\/orthopara.store\/index.php\/produit\/soin-yeux-super-lissant-eclat-filorga-oxygen-glow-15ml\/","og_locale":"fr_FR","og_type":"article","og_title":"Soin yeux super-lissant \u00e9clat - Filorga Oxygen-Glow - 15ml - OrthoPara","og_description":"Filorga Oxygen-Glow\u00a0 Soin yeux super-lissant \u00e9clat - d\u00e9fatigue - hydrate - d\u00e9toxifie\u00a0 Indications : Regard fatigu\u00e9 - cernes - peau d\u00e9shydrat\u00e9e - ridules\u00a0 Un soin super lissant qui d\u00e9fatigue et booste l'\u00e9clat pour un regard sublim\u00e9 au naturel\u00a0 Objectif : Regard z\u00e9ro d\u00e9faut\u00a0 Contenance : 15ml DLC : 6 mois apr\u00e8s l'ouverture\u00a0","og_url":"https:\/\/orthopara.store\/index.php\/produit\/soin-yeux-super-lissant-eclat-filorga-oxygen-glow-15ml\/","og_site_name":"OrthoPara","article_publisher":"https:\/\/www.facebook.com\/profile.php?id=61561194315651","article_modified_time":"2024-06-28T13:50:52+00:00","og_image":[{"width":800,"height":800,"url":"https:\/\/orthopara.store\/wp-content\/uploads\/2024\/06\/soin-yeux-super-lissant-eclat-filorga-oxygen-glow-15ml.jpg","type":"image\/jpeg"}],"twitter_card":"summary_large_image","twitter_misc":{"Dur\u00e9e de lecture estim\u00e9e":"1 minute"},"schema":{"@context":"https:\/\/schema.org","@graph":[{"@type":"WebPage","@id":"https:\/\/orthopara.store\/index.php\/produit\/soin-yeux-super-lissant-eclat-filorga-oxygen-glow-15ml\/","url":"https:\/\/orthopara.store\/index.php\/produit\/soin-yeux-super-lissant-eclat-filorga-oxygen-glow-15ml\/","name":"Soin yeux super-lissant \u00e9clat - Filorga Oxygen-Glow - 15ml - OrthoPara","isPartOf":{"@id":"https:\/\/orthopara.store\/#website"},"primaryImageOfPage":{"@id":"https:\/\/orthopara.store\/index.php\/produit\/soin-yeux-super-lissant-eclat-filorga-oxygen-glow-15ml\/#primaryimage"},"image":{"@id":"https:\/\/orthopara.store\/index.php\/produit\/soin-yeux-super-lissant-eclat-filorga-oxygen-glow-15ml\/#primaryimage"},"thumbnailUrl":"https:\/\/orthopara.store\/wp-content\/uploads\/2024\/06\/soin-yeux-super-lissant-eclat-filorga-oxygen-glow-15ml.jpg","datePublished":"2024-06-28T13:50:47+00:00","dateModified":"2024-06-28T13:50:52+00:00","breadcrumb":{"@id":"https:\/\/orthopara.store\/index.php\/produit\/soin-yeux-super-lissant-eclat-filorga-oxygen-glow-15ml\/#breadcrumb"},"inLanguage":"fr-FR","potentialAction":[{"@type":"ReadAction","target":["https:\/\/orthopara.store\/index.php\/produit\/soin-yeux-super-lissant-eclat-filorga-oxygen-glow-15ml\/"]}]},{"@type":"ImageObject","inLanguage":"fr-FR","@id":"https:\/\/orthopara.store\/index.php\/produit\/soin-yeux-super-lissant-eclat-filorga-oxygen-glow-15ml\/#primaryimage","url":"https:\/\/orthopara.store\/wp-content\/uploads\/2024\/06\/soin-yeux-super-lissant-eclat-filorga-oxygen-glow-15ml.jpg","contentUrl":"https:\/\/orthopara.store\/wp-content\/uploads\/2024\/06\/soin-yeux-super-lissant-eclat-filorga-oxygen-glow-15ml.jpg","width":800,"height":800},{"@type":"BreadcrumbList","@id":"https:\/\/orthopara.store\/index.php\/produit\/soin-yeux-super-lissant-eclat-filorga-oxygen-glow-15ml\/#breadcrumb","itemListElement":[{"@type":"ListItem","position":1,"name":"Accueil","item":"https:\/\/orthopara.store\/"},{"@type":"ListItem","position":2,"name":"Shop","item":"https:\/\/orthopara.store\/?page_id=622"},{"@type":"ListItem","position":3,"name":"Soin yeux super-lissant \u00e9clat &#8211; Filorga Oxygen-Glow &#8211; 15ml"}]},{"@type":"WebSite","@id":"https:\/\/orthopara.store\/#website","url":"https:\/\/orthopara.store\/","name":"OrthoPara","description":"Parapharmacie","publisher":{"@id":"https:\/\/orthopara.store\/#organization"},"potentialAction":[{"@type":"SearchAction","target":{"@type":"EntryPoint","urlTemplate":"https:\/\/orthopara.store\/?s={search_term_string}"},"query-input":"required name=search_term_string"}],"inLanguage":"fr-FR"},{"@type":"Organization","@id":"https:\/\/orthopara.store\/#organization","name":"OrthoPara","url":"https:\/\/orthopara.store\/","logo":{"@type":"ImageObject","inLanguage":"fr-FR","@id":"https:\/\/orthopara.store\/#\/schema\/logo\/image\/","url":"https:\/\/orthopara.store\/wp-content\/uploads\/2024\/06\/cropped-9ABA8BAD-6256-4719-9315-15C66E64E882.png","contentUrl":"https:\/\/orthopara.store\/wp-content\/uploads\/2024\/06\/cropped-9ABA8BAD-6256-4719-9315-15C66E64E882.png","width":240,"height":72,"caption":"OrthoPara"},"image":{"@id":"https:\/\/orthopara.store\/#\/schema\/logo\/image\/"},"sameAs":["https:\/\/www.facebook.com\/profile.php?id=61561194315651","https:\/\/www.instagram.com\/orthopara_tunisie\/"]}]}},"jetpack_sharing_enabled":true,"brands":[{"id":73,"name":"Filorga","slug":"filorga"}],"_links":{"self":[{"href":"https:\/\/orthopara.store\/index.php?rest_route=\/wp\/v2\/product\/935","targetHints":{"allow":["GET"]}}],"collection":[{"href":"https:\/\/orthopara.store\/index.php?rest_route=\/wp\/v2\/product"}],"about":[{"href":"https:\/\/orthopara.store\/index.php?rest_route=\/wp\/v2\/types\/product"}],"replies":[{"embeddable":true,"href":"https:\/\/orthopara.store\/index.php?rest_route=%2Fwp%2Fv2%2Fcomments&post=935"}],"wp:featuredmedia":[{"embeddable":true,"href":"https:\/\/orthopara.store\/index.php?rest_route=\/wp\/v2\/media\/953"}],"wp:attachment":[{"href":"https:\/\/orthopara.store\/index.php?rest_route=%2Fwp%2Fv2%2Fmedia&parent=935"}],"wp:term":[{"taxonomy":"pwb-brand","embeddable":true,"href":"https:\/\/orthopara.store\/index.php?rest_route=%2Fwp%2Fv2%2Fpwb-brand&post=935"},{"taxonomy":"product_cat","embeddable":true,"href":"https:\/\/orthopara.store\/index.php?rest_route=%2Fwp%2Fv2%2Fproduct_cat&post=935"},{"taxonomy":"product_tag","embeddable":true,"href":"https:\/\/orthopara.store\/index.php?rest_route=%2Fwp%2Fv2%2Fproduct_tag&post=935"}],"curies":[{"name":"wp","href":"https:\/\/api.w.org\/{rel}","templated":true}]}}