{"id":940,"date":"2024-06-28T15:50:48","date_gmt":"2024-06-28T13:50:48","guid":{"rendered":"https:\/\/orthopara.store\/?post_type=product&#038;p=940"},"modified":"2024-06-28T15:50:54","modified_gmt":"2024-06-28T13:50:54","slug":"gel-contour-des-yeux-acm-depiwhite-15ml","status":"publish","type":"product","link":"https:\/\/orthopara.store\/?product=gel-contour-des-yeux-acm-depiwhite-15ml","title":{"rendered":"Gel Contour des yeux &#8211; ACM D\u00e9piwhite &#8211; 15ml"},"content":{"rendered":"<p>Gel Contour des yeux &#8211; ACM D\u00e9piwhite &#8211; 15ml<br \/>\nLe Gel Contour de l&rsquo;oeil D\u00e9piwhite exerce une action d\u00e9fatigante anti-poches et anti-cernes.<br \/>\nIl permet une prise en charge des principaux facteurs responsables de la formation des poches et des cernes autour de l&rsquo;oeil. Il d\u00e9gongle les poches, \u00e9claircit et att\u00e9nue les cernes.<br \/>\nConseil d&rsquo;utilisation :<br \/>\nAppliquer matin et\/ou soir sur le contour de l&rsquo;oeil.<br \/>\nComposition :<br \/>\nWater (aqua), butylene glycol, ammonium acryloyldimethyltaurate (VP copolymer), PEG-60 hydrogenated castor oil, steareth-20, hesperidin methylchalcone, glycerin, propylene glycol, reseda luteola extract, arctostaphylos uva ursi leaf extract, carum petroselinum (parsley) extract, N-hydroxysuccinimide, dipeptide-2, palmitoyl tetrapeptide-7, chrysin, palmitoyl oligopeptide, bis PEG-18 methylether dimethyl silane, phenoxyethanol, methylparaben, tetrasodium EDTA, propylparaben, chlorphenesin, parfum (fragrance), citric acid.<\/p>\n","protected":false},"excerpt":{"rendered":"<p>ACM D\u00e9piwhite<br \/>\nGel Contour des yeux<br \/>\nCernes et poches<br \/>\nContour de l&rsquo;\u0153il<br \/>\nAnti-poches et Anticernes &#8211; Action d\u00e9fatiguant<br \/>\nIl d\u00e9gonfle les poches, \u00e9claircit et att\u00e9nue les cernes.<br \/>\nLe regard est repos\u00e9 et plus lumineux. Les cernes sont camoufl\u00e9es et att\u00e9nu\u00e9es<br \/>\nContenance : 15ml\u00a0<\/p>\n","protected":false},"featured_media":958,"comment_status":"open","ping_status":"closed","template":"","meta":[],"pwb-brand":[59],"product_cat":[103],"product_tag":[],"class_list":{"0":"post-940","1":"product","2":"type-product","3":"status-publish","4":"has-post-thumbnail","6":"pwb-brand-acm","7":"product_cat-soins-des-yeux","8":"post","9":"ws-product--style-1","11":"first","12":"instock","13":"shipping-taxable","14":"purchasable","15":"product-type-simple"},"yoast_head":"<!-- This site is optimized with the Yoast SEO plugin v23.0 - https:\/\/yoast.com\/wordpress\/plugins\/seo\/ -->\n<title>Gel Contour des yeux - ACM D\u00e9piwhite - 15ml - OrthoPara<\/title>\n<meta name=\"robots\" content=\"index, follow, max-snippet:-1, max-image-preview:large, max-video-preview:-1\" \/>\n<link rel=\"canonical\" href=\"https:\/\/orthopara.store\/index.php\/produit\/gel-contour-des-yeux-acm-depiwhite-15ml\/\" \/>\n<meta property=\"og:locale\" content=\"fr_FR\" \/>\n<meta property=\"og:type\" content=\"article\" \/>\n<meta property=\"og:title\" content=\"Gel Contour des yeux - ACM D\u00e9piwhite - 15ml - OrthoPara\" \/>\n<meta property=\"og:description\" content=\"ACM D\u00e9piwhite Gel Contour des yeux Cernes et poches Contour de l&#039;\u0153il Anti-poches et Anticernes - Action d\u00e9fatiguant Il d\u00e9gonfle les poches, \u00e9claircit et att\u00e9nue les cernes. Le regard est repos\u00e9 et plus lumineux. Les cernes sont camoufl\u00e9es et att\u00e9nu\u00e9es Contenance : 15ml\u00a0\" \/>\n<meta property=\"og:url\" content=\"https:\/\/orthopara.store\/index.php\/produit\/gel-contour-des-yeux-acm-depiwhite-15ml\/\" \/>\n<meta property=\"og:site_name\" content=\"OrthoPara\" \/>\n<meta property=\"article:publisher\" content=\"https:\/\/www.facebook.com\/profile.php?id=61561194315651\" \/>\n<meta property=\"article:modified_time\" content=\"2024-06-28T13:50:54+00:00\" \/>\n<meta property=\"og:image\" content=\"https:\/\/orthopara.store\/wp-content\/uploads\/2024\/06\/depiwhite-gel-contour-des-yeux-15ml.jpg\" \/>\n\t<meta property=\"og:image:width\" content=\"800\" \/>\n\t<meta property=\"og:image:height\" content=\"800\" \/>\n\t<meta property=\"og:image:type\" content=\"image\/jpeg\" \/>\n<meta name=\"twitter:card\" content=\"summary_large_image\" \/>\n<meta name=\"twitter:label1\" content=\"Dur\u00e9e de lecture estim\u00e9e\" \/>\n\t<meta name=\"twitter:data1\" content=\"1 minute\" \/>\n<script type=\"application\/ld+json\" class=\"yoast-schema-graph\">{\"@context\":\"https:\/\/schema.org\",\"@graph\":[{\"@type\":\"WebPage\",\"@id\":\"https:\/\/orthopara.store\/index.php\/produit\/gel-contour-des-yeux-acm-depiwhite-15ml\/\",\"url\":\"https:\/\/orthopara.store\/index.php\/produit\/gel-contour-des-yeux-acm-depiwhite-15ml\/\",\"name\":\"Gel Contour des yeux - ACM D\u00e9piwhite - 15ml - OrthoPara\",\"isPartOf\":{\"@id\":\"https:\/\/orthopara.store\/#website\"},\"primaryImageOfPage\":{\"@id\":\"https:\/\/orthopara.store\/index.php\/produit\/gel-contour-des-yeux-acm-depiwhite-15ml\/#primaryimage\"},\"image\":{\"@id\":\"https:\/\/orthopara.store\/index.php\/produit\/gel-contour-des-yeux-acm-depiwhite-15ml\/#primaryimage\"},\"thumbnailUrl\":\"https:\/\/orthopara.store\/wp-content\/uploads\/2024\/06\/depiwhite-gel-contour-des-yeux-15ml.jpg\",\"datePublished\":\"2024-06-28T13:50:48+00:00\",\"dateModified\":\"2024-06-28T13:50:54+00:00\",\"breadcrumb\":{\"@id\":\"https:\/\/orthopara.store\/index.php\/produit\/gel-contour-des-yeux-acm-depiwhite-15ml\/#breadcrumb\"},\"inLanguage\":\"fr-FR\",\"potentialAction\":[{\"@type\":\"ReadAction\",\"target\":[\"https:\/\/orthopara.store\/index.php\/produit\/gel-contour-des-yeux-acm-depiwhite-15ml\/\"]}]},{\"@type\":\"ImageObject\",\"inLanguage\":\"fr-FR\",\"@id\":\"https:\/\/orthopara.store\/index.php\/produit\/gel-contour-des-yeux-acm-depiwhite-15ml\/#primaryimage\",\"url\":\"https:\/\/orthopara.store\/wp-content\/uploads\/2024\/06\/depiwhite-gel-contour-des-yeux-15ml.jpg\",\"contentUrl\":\"https:\/\/orthopara.store\/wp-content\/uploads\/2024\/06\/depiwhite-gel-contour-des-yeux-15ml.jpg\",\"width\":800,\"height\":800},{\"@type\":\"BreadcrumbList\",\"@id\":\"https:\/\/orthopara.store\/index.php\/produit\/gel-contour-des-yeux-acm-depiwhite-15ml\/#breadcrumb\",\"itemListElement\":[{\"@type\":\"ListItem\",\"position\":1,\"name\":\"Accueil\",\"item\":\"https:\/\/orthopara.store\/\"},{\"@type\":\"ListItem\",\"position\":2,\"name\":\"Shop\",\"item\":\"https:\/\/orthopara.store\/?page_id=622\"},{\"@type\":\"ListItem\",\"position\":3,\"name\":\"Gel Contour des yeux &#8211; ACM D\u00e9piwhite &#8211; 15ml\"}]},{\"@type\":\"WebSite\",\"@id\":\"https:\/\/orthopara.store\/#website\",\"url\":\"https:\/\/orthopara.store\/\",\"name\":\"OrthoPara\",\"description\":\"Parapharmacie\",\"publisher\":{\"@id\":\"https:\/\/orthopara.store\/#organization\"},\"potentialAction\":[{\"@type\":\"SearchAction\",\"target\":{\"@type\":\"EntryPoint\",\"urlTemplate\":\"https:\/\/orthopara.store\/?s={search_term_string}\"},\"query-input\":\"required name=search_term_string\"}],\"inLanguage\":\"fr-FR\"},{\"@type\":\"Organization\",\"@id\":\"https:\/\/orthopara.store\/#organization\",\"name\":\"OrthoPara\",\"url\":\"https:\/\/orthopara.store\/\",\"logo\":{\"@type\":\"ImageObject\",\"inLanguage\":\"fr-FR\",\"@id\":\"https:\/\/orthopara.store\/#\/schema\/logo\/image\/\",\"url\":\"https:\/\/orthopara.store\/wp-content\/uploads\/2024\/06\/cropped-9ABA8BAD-6256-4719-9315-15C66E64E882.png\",\"contentUrl\":\"https:\/\/orthopara.store\/wp-content\/uploads\/2024\/06\/cropped-9ABA8BAD-6256-4719-9315-15C66E64E882.png\",\"width\":240,\"height\":72,\"caption\":\"OrthoPara\"},\"image\":{\"@id\":\"https:\/\/orthopara.store\/#\/schema\/logo\/image\/\"},\"sameAs\":[\"https:\/\/www.facebook.com\/profile.php?id=61561194315651\",\"https:\/\/www.instagram.com\/orthopara_tunisie\/\"]}]}<\/script>\n<!-- \/ Yoast SEO plugin. -->","yoast_head_json":{"title":"Gel Contour des yeux - ACM D\u00e9piwhite - 15ml - OrthoPara","robots":{"index":"index","follow":"follow","max-snippet":"max-snippet:-1","max-image-preview":"max-image-preview:large","max-video-preview":"max-video-preview:-1"},"canonical":"https:\/\/orthopara.store\/index.php\/produit\/gel-contour-des-yeux-acm-depiwhite-15ml\/","og_locale":"fr_FR","og_type":"article","og_title":"Gel Contour des yeux - ACM D\u00e9piwhite - 15ml - OrthoPara","og_description":"ACM D\u00e9piwhite Gel Contour des yeux Cernes et poches Contour de l'\u0153il Anti-poches et Anticernes - Action d\u00e9fatiguant Il d\u00e9gonfle les poches, \u00e9claircit et att\u00e9nue les cernes. Le regard est repos\u00e9 et plus lumineux. Les cernes sont camoufl\u00e9es et att\u00e9nu\u00e9es Contenance : 15ml\u00a0","og_url":"https:\/\/orthopara.store\/index.php\/produit\/gel-contour-des-yeux-acm-depiwhite-15ml\/","og_site_name":"OrthoPara","article_publisher":"https:\/\/www.facebook.com\/profile.php?id=61561194315651","article_modified_time":"2024-06-28T13:50:54+00:00","og_image":[{"width":800,"height":800,"url":"https:\/\/orthopara.store\/wp-content\/uploads\/2024\/06\/depiwhite-gel-contour-des-yeux-15ml.jpg","type":"image\/jpeg"}],"twitter_card":"summary_large_image","twitter_misc":{"Dur\u00e9e de lecture estim\u00e9e":"1 minute"},"schema":{"@context":"https:\/\/schema.org","@graph":[{"@type":"WebPage","@id":"https:\/\/orthopara.store\/index.php\/produit\/gel-contour-des-yeux-acm-depiwhite-15ml\/","url":"https:\/\/orthopara.store\/index.php\/produit\/gel-contour-des-yeux-acm-depiwhite-15ml\/","name":"Gel Contour des yeux - ACM D\u00e9piwhite - 15ml - OrthoPara","isPartOf":{"@id":"https:\/\/orthopara.store\/#website"},"primaryImageOfPage":{"@id":"https:\/\/orthopara.store\/index.php\/produit\/gel-contour-des-yeux-acm-depiwhite-15ml\/#primaryimage"},"image":{"@id":"https:\/\/orthopara.store\/index.php\/produit\/gel-contour-des-yeux-acm-depiwhite-15ml\/#primaryimage"},"thumbnailUrl":"https:\/\/orthopara.store\/wp-content\/uploads\/2024\/06\/depiwhite-gel-contour-des-yeux-15ml.jpg","datePublished":"2024-06-28T13:50:48+00:00","dateModified":"2024-06-28T13:50:54+00:00","breadcrumb":{"@id":"https:\/\/orthopara.store\/index.php\/produit\/gel-contour-des-yeux-acm-depiwhite-15ml\/#breadcrumb"},"inLanguage":"fr-FR","potentialAction":[{"@type":"ReadAction","target":["https:\/\/orthopara.store\/index.php\/produit\/gel-contour-des-yeux-acm-depiwhite-15ml\/"]}]},{"@type":"ImageObject","inLanguage":"fr-FR","@id":"https:\/\/orthopara.store\/index.php\/produit\/gel-contour-des-yeux-acm-depiwhite-15ml\/#primaryimage","url":"https:\/\/orthopara.store\/wp-content\/uploads\/2024\/06\/depiwhite-gel-contour-des-yeux-15ml.jpg","contentUrl":"https:\/\/orthopara.store\/wp-content\/uploads\/2024\/06\/depiwhite-gel-contour-des-yeux-15ml.jpg","width":800,"height":800},{"@type":"BreadcrumbList","@id":"https:\/\/orthopara.store\/index.php\/produit\/gel-contour-des-yeux-acm-depiwhite-15ml\/#breadcrumb","itemListElement":[{"@type":"ListItem","position":1,"name":"Accueil","item":"https:\/\/orthopara.store\/"},{"@type":"ListItem","position":2,"name":"Shop","item":"https:\/\/orthopara.store\/?page_id=622"},{"@type":"ListItem","position":3,"name":"Gel Contour des yeux &#8211; ACM D\u00e9piwhite &#8211; 15ml"}]},{"@type":"WebSite","@id":"https:\/\/orthopara.store\/#website","url":"https:\/\/orthopara.store\/","name":"OrthoPara","description":"Parapharmacie","publisher":{"@id":"https:\/\/orthopara.store\/#organization"},"potentialAction":[{"@type":"SearchAction","target":{"@type":"EntryPoint","urlTemplate":"https:\/\/orthopara.store\/?s={search_term_string}"},"query-input":"required name=search_term_string"}],"inLanguage":"fr-FR"},{"@type":"Organization","@id":"https:\/\/orthopara.store\/#organization","name":"OrthoPara","url":"https:\/\/orthopara.store\/","logo":{"@type":"ImageObject","inLanguage":"fr-FR","@id":"https:\/\/orthopara.store\/#\/schema\/logo\/image\/","url":"https:\/\/orthopara.store\/wp-content\/uploads\/2024\/06\/cropped-9ABA8BAD-6256-4719-9315-15C66E64E882.png","contentUrl":"https:\/\/orthopara.store\/wp-content\/uploads\/2024\/06\/cropped-9ABA8BAD-6256-4719-9315-15C66E64E882.png","width":240,"height":72,"caption":"OrthoPara"},"image":{"@id":"https:\/\/orthopara.store\/#\/schema\/logo\/image\/"},"sameAs":["https:\/\/www.facebook.com\/profile.php?id=61561194315651","https:\/\/www.instagram.com\/orthopara_tunisie\/"]}]}},"jetpack_sharing_enabled":true,"brands":[{"id":59,"name":"ACM","slug":"acm"}],"_links":{"self":[{"href":"https:\/\/orthopara.store\/index.php?rest_route=\/wp\/v2\/product\/940","targetHints":{"allow":["GET"]}}],"collection":[{"href":"https:\/\/orthopara.store\/index.php?rest_route=\/wp\/v2\/product"}],"about":[{"href":"https:\/\/orthopara.store\/index.php?rest_route=\/wp\/v2\/types\/product"}],"replies":[{"embeddable":true,"href":"https:\/\/orthopara.store\/index.php?rest_route=%2Fwp%2Fv2%2Fcomments&post=940"}],"wp:featuredmedia":[{"embeddable":true,"href":"https:\/\/orthopara.store\/index.php?rest_route=\/wp\/v2\/media\/958"}],"wp:attachment":[{"href":"https:\/\/orthopara.store\/index.php?rest_route=%2Fwp%2Fv2%2Fmedia&parent=940"}],"wp:term":[{"taxonomy":"pwb-brand","embeddable":true,"href":"https:\/\/orthopara.store\/index.php?rest_route=%2Fwp%2Fv2%2Fpwb-brand&post=940"},{"taxonomy":"product_cat","embeddable":true,"href":"https:\/\/orthopara.store\/index.php?rest_route=%2Fwp%2Fv2%2Fproduct_cat&post=940"},{"taxonomy":"product_tag","embeddable":true,"href":"https:\/\/orthopara.store\/index.php?rest_route=%2Fwp%2Fv2%2Fproduct_tag&post=940"}],"curies":[{"name":"wp","href":"https:\/\/api.w.org\/{rel}","templated":true}]}}