{"id":942,"date":"2024-06-28T15:50:48","date_gmt":"2024-06-28T13:50:48","guid":{"rendered":"https:\/\/orthopara.store\/?post_type=product&#038;p=942"},"modified":"2024-11-07T10:07:53","modified_gmt":"2024-11-07T09:07:53","slug":"contour-des-yeux-sensilis-upgrade-15ml","status":"publish","type":"product","link":"https:\/\/orthopara.store\/?product=contour-des-yeux-sensilis-upgrade-15ml","title":{"rendered":"Contour des yeux &#8211; Sensilis Upgrade &#8211; 15ml"},"content":{"rendered":"<p>Contour yeux &#8211; Sensilis upgrade &#8211; 15ml<br \/>\nLe contour Upgrade Eyes est id\u00e9al pour le contour des yeux : il lissera les rides et les lignes d\u2019expression, raffermira vos paupi\u00e8res et r\u00e9duira vos poches et vos cernes de mani\u00e8re extraordinaire.<br \/>\nPropri\u00e9t\u00e9s du produit :<br \/>\nLisse les rides et r\u00e9duit les poches et les cernes.<br \/>\nCorrige les rides \/ Poches \/ Cernes.<br \/>\nTexture fluide.<br \/>\nTous types de peaux.<\/p>\n<p>Conseils d&rsquo;utilisation :<br \/>\n01<br \/>\nAppliquer avec le bout des doigts sur tout le contour des yeux, de l\u2019angle interne \u00e0 l\u2019angle externe.<br \/>\n02<br \/>\nFaire une pression d\u00e9congestionnante avec des mouvements circulaires autour de l&rsquo;\u0153il.<\/p>\n<p>Ingr\u00e9dients :<br \/>\nAqua (Water); Cyclopentasiloxane; Glycerin; Hamamelis virginiana (Witch Hazel) Leaf Water; Butylene Glycol; Glycereth-26; Polymethyl Methacrylate; Hydroxyethyl Acrylate\/Sodium Acryloyldimethyl Taurate Copolymer; Avena sativa (Oat) Kernel Extract; Dimethicone; Siloxanetriol Alginate; Hesperidin Methyl Chalcone; Cetyl Dimethicone; Glyceryl Polyacrylate; Synthetic Fluorphlogopite; Acacia senegal Gum; Dimethicone\/PEG-10\/15 Crosspolymer; Polysorbate 60; Ozonized Oryza sativa (Rice) Callus Culture Extract; Sorbitan Isostearate; Trisodium EDTA; Crocus chrysanthus Bulb Extract; Steareth-20; Sodium Hydroxide; Caffeine; Dimethiconol; Gluconolactone; Phenoxyethanol; Hydrolyzed Soy Flour; Sodium Benzoate; Sodium Citrate; Potassium Sorbate; Dipropylene Glycol; Tin Oxide; Dipeptide-2; Citric Acid; Palmitoyl Tetrapeptide-7; Hexapeptide-9; Sorbic Acid; Ethylhexylglycerin; Calcium Gluconate; Tocopherol; Dextran; Trifluoroacetyl Tr\u00d1ipeptide-2; CI 77891 (Titanium Dioxide); CI 16035 (Red 40); Parfum (Fragrance).<\/p>\n","protected":false},"excerpt":{"rendered":"<p>Sensilis upgrade\u00a0<br \/>\nLe contour Upgrade Eyes est id\u00e9al pour le contour des yeux : il lissera les rides et les lignes d\u2019expression, raffermira vos paupi\u00e8res et r\u00e9duira vos poches et vos cernes de mani\u00e8re extraordinaire.<br \/>\nContenance: 15ml\u00a0<\/p>\n","protected":false},"featured_media":960,"comment_status":"open","ping_status":"closed","template":"","meta":[],"pwb-brand":[104],"product_cat":[103],"product_tag":[],"class_list":{"0":"post-942","1":"product","2":"type-product","3":"status-publish","4":"has-post-thumbnail","6":"pwb-brand-sensilis","7":"product_cat-soins-des-yeux","8":"post","9":"ws-product--style-1","11":"first","12":"instock","13":"shipping-taxable","14":"purchasable","15":"product-type-simple"},"yoast_head":"<!-- This site is optimized with the Yoast SEO plugin v23.0 - https:\/\/yoast.com\/wordpress\/plugins\/seo\/ -->\n<title>Contour des yeux - Sensilis Upgrade - 15ml - OrthoPara<\/title>\n<meta name=\"robots\" content=\"index, follow, max-snippet:-1, max-image-preview:large, max-video-preview:-1\" \/>\n<link rel=\"canonical\" href=\"https:\/\/orthopara.store\/index.php\/produit\/contour-des-yeux-sensilis-upgrade-15ml\/\" \/>\n<meta property=\"og:locale\" content=\"fr_FR\" \/>\n<meta property=\"og:type\" content=\"article\" \/>\n<meta property=\"og:title\" content=\"Contour des yeux - Sensilis Upgrade - 15ml - OrthoPara\" \/>\n<meta property=\"og:description\" content=\"Sensilis upgrade\u00a0 Le contour Upgrade Eyes est id\u00e9al pour le contour des yeux : il lissera les rides et les lignes d\u2019expression, raffermira vos paupi\u00e8res et r\u00e9duira vos poches et vos cernes de mani\u00e8re extraordinaire. Contenance: 15ml\u00a0\" \/>\n<meta property=\"og:url\" content=\"https:\/\/orthopara.store\/index.php\/produit\/contour-des-yeux-sensilis-upgrade-15ml\/\" \/>\n<meta property=\"og:site_name\" content=\"OrthoPara\" \/>\n<meta property=\"article:publisher\" content=\"https:\/\/www.facebook.com\/profile.php?id=61561194315651\" \/>\n<meta property=\"article:modified_time\" content=\"2024-11-07T09:07:53+00:00\" \/>\n<meta property=\"og:image\" content=\"https:\/\/orthopara.store\/wp-content\/uploads\/2024\/06\/contour-des-yeux-sensilis-upgrade-15ml.jpg\" \/>\n\t<meta property=\"og:image:width\" content=\"800\" \/>\n\t<meta property=\"og:image:height\" content=\"800\" \/>\n\t<meta property=\"og:image:type\" content=\"image\/jpeg\" \/>\n<meta name=\"twitter:card\" content=\"summary_large_image\" \/>\n<meta name=\"twitter:label1\" content=\"Dur\u00e9e de lecture estim\u00e9e\" \/>\n\t<meta name=\"twitter:data1\" content=\"1 minute\" \/>\n<script type=\"application\/ld+json\" class=\"yoast-schema-graph\">{\"@context\":\"https:\/\/schema.org\",\"@graph\":[{\"@type\":\"WebPage\",\"@id\":\"https:\/\/orthopara.store\/index.php\/produit\/contour-des-yeux-sensilis-upgrade-15ml\/\",\"url\":\"https:\/\/orthopara.store\/index.php\/produit\/contour-des-yeux-sensilis-upgrade-15ml\/\",\"name\":\"Contour des yeux - Sensilis Upgrade - 15ml - OrthoPara\",\"isPartOf\":{\"@id\":\"https:\/\/orthopara.store\/#website\"},\"primaryImageOfPage\":{\"@id\":\"https:\/\/orthopara.store\/index.php\/produit\/contour-des-yeux-sensilis-upgrade-15ml\/#primaryimage\"},\"image\":{\"@id\":\"https:\/\/orthopara.store\/index.php\/produit\/contour-des-yeux-sensilis-upgrade-15ml\/#primaryimage\"},\"thumbnailUrl\":\"https:\/\/orthopara.store\/wp-content\/uploads\/2024\/06\/contour-des-yeux-sensilis-upgrade-15ml.jpg\",\"datePublished\":\"2024-06-28T13:50:48+00:00\",\"dateModified\":\"2024-11-07T09:07:53+00:00\",\"breadcrumb\":{\"@id\":\"https:\/\/orthopara.store\/index.php\/produit\/contour-des-yeux-sensilis-upgrade-15ml\/#breadcrumb\"},\"inLanguage\":\"fr-FR\",\"potentialAction\":[{\"@type\":\"ReadAction\",\"target\":[\"https:\/\/orthopara.store\/index.php\/produit\/contour-des-yeux-sensilis-upgrade-15ml\/\"]}]},{\"@type\":\"ImageObject\",\"inLanguage\":\"fr-FR\",\"@id\":\"https:\/\/orthopara.store\/index.php\/produit\/contour-des-yeux-sensilis-upgrade-15ml\/#primaryimage\",\"url\":\"https:\/\/orthopara.store\/wp-content\/uploads\/2024\/06\/contour-des-yeux-sensilis-upgrade-15ml.jpg\",\"contentUrl\":\"https:\/\/orthopara.store\/wp-content\/uploads\/2024\/06\/contour-des-yeux-sensilis-upgrade-15ml.jpg\",\"width\":800,\"height\":800},{\"@type\":\"BreadcrumbList\",\"@id\":\"https:\/\/orthopara.store\/index.php\/produit\/contour-des-yeux-sensilis-upgrade-15ml\/#breadcrumb\",\"itemListElement\":[{\"@type\":\"ListItem\",\"position\":1,\"name\":\"Accueil\",\"item\":\"https:\/\/orthopara.store\/\"},{\"@type\":\"ListItem\",\"position\":2,\"name\":\"Shop\",\"item\":\"https:\/\/orthopara.store\/?page_id=622\"},{\"@type\":\"ListItem\",\"position\":3,\"name\":\"Contour des yeux &#8211; Sensilis Upgrade &#8211; 15ml\"}]},{\"@type\":\"WebSite\",\"@id\":\"https:\/\/orthopara.store\/#website\",\"url\":\"https:\/\/orthopara.store\/\",\"name\":\"OrthoPara\",\"description\":\"Parapharmacie\",\"publisher\":{\"@id\":\"https:\/\/orthopara.store\/#organization\"},\"potentialAction\":[{\"@type\":\"SearchAction\",\"target\":{\"@type\":\"EntryPoint\",\"urlTemplate\":\"https:\/\/orthopara.store\/?s={search_term_string}\"},\"query-input\":\"required name=search_term_string\"}],\"inLanguage\":\"fr-FR\"},{\"@type\":\"Organization\",\"@id\":\"https:\/\/orthopara.store\/#organization\",\"name\":\"OrthoPara\",\"url\":\"https:\/\/orthopara.store\/\",\"logo\":{\"@type\":\"ImageObject\",\"inLanguage\":\"fr-FR\",\"@id\":\"https:\/\/orthopara.store\/#\/schema\/logo\/image\/\",\"url\":\"https:\/\/orthopara.store\/wp-content\/uploads\/2024\/06\/cropped-9ABA8BAD-6256-4719-9315-15C66E64E882.png\",\"contentUrl\":\"https:\/\/orthopara.store\/wp-content\/uploads\/2024\/06\/cropped-9ABA8BAD-6256-4719-9315-15C66E64E882.png\",\"width\":240,\"height\":72,\"caption\":\"OrthoPara\"},\"image\":{\"@id\":\"https:\/\/orthopara.store\/#\/schema\/logo\/image\/\"},\"sameAs\":[\"https:\/\/www.facebook.com\/profile.php?id=61561194315651\",\"https:\/\/www.instagram.com\/orthopara_tunisie\/\"]}]}<\/script>\n<!-- \/ Yoast SEO plugin. -->","yoast_head_json":{"title":"Contour des yeux - Sensilis Upgrade - 15ml - OrthoPara","robots":{"index":"index","follow":"follow","max-snippet":"max-snippet:-1","max-image-preview":"max-image-preview:large","max-video-preview":"max-video-preview:-1"},"canonical":"https:\/\/orthopara.store\/index.php\/produit\/contour-des-yeux-sensilis-upgrade-15ml\/","og_locale":"fr_FR","og_type":"article","og_title":"Contour des yeux - Sensilis Upgrade - 15ml - OrthoPara","og_description":"Sensilis upgrade\u00a0 Le contour Upgrade Eyes est id\u00e9al pour le contour des yeux : il lissera les rides et les lignes d\u2019expression, raffermira vos paupi\u00e8res et r\u00e9duira vos poches et vos cernes de mani\u00e8re extraordinaire. Contenance: 15ml\u00a0","og_url":"https:\/\/orthopara.store\/index.php\/produit\/contour-des-yeux-sensilis-upgrade-15ml\/","og_site_name":"OrthoPara","article_publisher":"https:\/\/www.facebook.com\/profile.php?id=61561194315651","article_modified_time":"2024-11-07T09:07:53+00:00","og_image":[{"width":800,"height":800,"url":"https:\/\/orthopara.store\/wp-content\/uploads\/2024\/06\/contour-des-yeux-sensilis-upgrade-15ml.jpg","type":"image\/jpeg"}],"twitter_card":"summary_large_image","twitter_misc":{"Dur\u00e9e de lecture estim\u00e9e":"1 minute"},"schema":{"@context":"https:\/\/schema.org","@graph":[{"@type":"WebPage","@id":"https:\/\/orthopara.store\/index.php\/produit\/contour-des-yeux-sensilis-upgrade-15ml\/","url":"https:\/\/orthopara.store\/index.php\/produit\/contour-des-yeux-sensilis-upgrade-15ml\/","name":"Contour des yeux - Sensilis Upgrade - 15ml - OrthoPara","isPartOf":{"@id":"https:\/\/orthopara.store\/#website"},"primaryImageOfPage":{"@id":"https:\/\/orthopara.store\/index.php\/produit\/contour-des-yeux-sensilis-upgrade-15ml\/#primaryimage"},"image":{"@id":"https:\/\/orthopara.store\/index.php\/produit\/contour-des-yeux-sensilis-upgrade-15ml\/#primaryimage"},"thumbnailUrl":"https:\/\/orthopara.store\/wp-content\/uploads\/2024\/06\/contour-des-yeux-sensilis-upgrade-15ml.jpg","datePublished":"2024-06-28T13:50:48+00:00","dateModified":"2024-11-07T09:07:53+00:00","breadcrumb":{"@id":"https:\/\/orthopara.store\/index.php\/produit\/contour-des-yeux-sensilis-upgrade-15ml\/#breadcrumb"},"inLanguage":"fr-FR","potentialAction":[{"@type":"ReadAction","target":["https:\/\/orthopara.store\/index.php\/produit\/contour-des-yeux-sensilis-upgrade-15ml\/"]}]},{"@type":"ImageObject","inLanguage":"fr-FR","@id":"https:\/\/orthopara.store\/index.php\/produit\/contour-des-yeux-sensilis-upgrade-15ml\/#primaryimage","url":"https:\/\/orthopara.store\/wp-content\/uploads\/2024\/06\/contour-des-yeux-sensilis-upgrade-15ml.jpg","contentUrl":"https:\/\/orthopara.store\/wp-content\/uploads\/2024\/06\/contour-des-yeux-sensilis-upgrade-15ml.jpg","width":800,"height":800},{"@type":"BreadcrumbList","@id":"https:\/\/orthopara.store\/index.php\/produit\/contour-des-yeux-sensilis-upgrade-15ml\/#breadcrumb","itemListElement":[{"@type":"ListItem","position":1,"name":"Accueil","item":"https:\/\/orthopara.store\/"},{"@type":"ListItem","position":2,"name":"Shop","item":"https:\/\/orthopara.store\/?page_id=622"},{"@type":"ListItem","position":3,"name":"Contour des yeux &#8211; Sensilis Upgrade &#8211; 15ml"}]},{"@type":"WebSite","@id":"https:\/\/orthopara.store\/#website","url":"https:\/\/orthopara.store\/","name":"OrthoPara","description":"Parapharmacie","publisher":{"@id":"https:\/\/orthopara.store\/#organization"},"potentialAction":[{"@type":"SearchAction","target":{"@type":"EntryPoint","urlTemplate":"https:\/\/orthopara.store\/?s={search_term_string}"},"query-input":"required name=search_term_string"}],"inLanguage":"fr-FR"},{"@type":"Organization","@id":"https:\/\/orthopara.store\/#organization","name":"OrthoPara","url":"https:\/\/orthopara.store\/","logo":{"@type":"ImageObject","inLanguage":"fr-FR","@id":"https:\/\/orthopara.store\/#\/schema\/logo\/image\/","url":"https:\/\/orthopara.store\/wp-content\/uploads\/2024\/06\/cropped-9ABA8BAD-6256-4719-9315-15C66E64E882.png","contentUrl":"https:\/\/orthopara.store\/wp-content\/uploads\/2024\/06\/cropped-9ABA8BAD-6256-4719-9315-15C66E64E882.png","width":240,"height":72,"caption":"OrthoPara"},"image":{"@id":"https:\/\/orthopara.store\/#\/schema\/logo\/image\/"},"sameAs":["https:\/\/www.facebook.com\/profile.php?id=61561194315651","https:\/\/www.instagram.com\/orthopara_tunisie\/"]}]}},"jetpack_sharing_enabled":true,"brands":[{"id":104,"name":"Sensilis","slug":"sensilis"}],"_links":{"self":[{"href":"https:\/\/orthopara.store\/index.php?rest_route=\/wp\/v2\/product\/942","targetHints":{"allow":["GET"]}}],"collection":[{"href":"https:\/\/orthopara.store\/index.php?rest_route=\/wp\/v2\/product"}],"about":[{"href":"https:\/\/orthopara.store\/index.php?rest_route=\/wp\/v2\/types\/product"}],"replies":[{"embeddable":true,"href":"https:\/\/orthopara.store\/index.php?rest_route=%2Fwp%2Fv2%2Fcomments&post=942"}],"wp:featuredmedia":[{"embeddable":true,"href":"https:\/\/orthopara.store\/index.php?rest_route=\/wp\/v2\/media\/960"}],"wp:attachment":[{"href":"https:\/\/orthopara.store\/index.php?rest_route=%2Fwp%2Fv2%2Fmedia&parent=942"}],"wp:term":[{"taxonomy":"pwb-brand","embeddable":true,"href":"https:\/\/orthopara.store\/index.php?rest_route=%2Fwp%2Fv2%2Fpwb-brand&post=942"},{"taxonomy":"product_cat","embeddable":true,"href":"https:\/\/orthopara.store\/index.php?rest_route=%2Fwp%2Fv2%2Fproduct_cat&post=942"},{"taxonomy":"product_tag","embeddable":true,"href":"https:\/\/orthopara.store\/index.php?rest_route=%2Fwp%2Fv2%2Fproduct_tag&post=942"}],"curies":[{"name":"wp","href":"https:\/\/api.w.org\/{rel}","templated":true}]}}