{"id":944,"date":"2024-06-28T15:50:48","date_gmt":"2024-06-28T13:50:48","guid":{"rendered":"https:\/\/orthopara.store\/?post_type=product&#038;p=944"},"modified":"2024-11-07T10:08:19","modified_gmt":"2024-11-07T09:08:19","slug":"contour-des-yeux-hydratant-laino-15ml","status":"publish","type":"product","link":"https:\/\/orthopara.store\/?product=contour-des-yeux-hydratant-laino-15ml","title":{"rendered":"Contour des yeux hydratant &#8211; Laino &#8211; 15ml"},"content":{"rendered":"<p>Contour des yeux hydratant &#8211; Laino &#8211; 15ml<br \/>\n\u00ab Extr\u00eamement fragile et tr\u00e8s sollicit\u00e9 au quotidien, le contour des yeux est particuli\u00e8rement sujet au dess\u00e8chement cutan\u00e9 et aux irritations. C\u2019est \u00e9galement la premi\u00e8re zone du visage \u00e0 marquer les premiers signes de l\u2019\u00e2ge et de la fatigue. Elle m\u00e9rite donc toute notre attention et surtout un soin parfaitement adapt\u00e9 ! \u00bb<br \/>\nLe contour des yeux hydratant apaise imm\u00e9diatement le contour de l\u2019\u0153il gr\u00e2ce \u00e0 l\u2019acide hyaluronique qui retient l\u2019eau dans les tissus tout en prot\u00e9geant cette zone si d\u00e9licate des agressions ext\u00e9rieures. Le contour des yeux est ainsi parfaitement hydrat\u00e9 pendant 24 heures*.<br \/>\nLes anti-oxydants naturellement pr\u00e9sents dans l\u2019extrait de lavande prot\u00e8gent du stress oxydatif et luttent contre les premiers signes du vieillissement. L\u2019extrait de miel de lavande bio offre une action r\u00e9g\u00e9n\u00e9rante mais aussi apaisante et lissante parfaitement adapt\u00e9e aux peaux sensibles et r\u00e9actives, il booste \u00e9galement l\u2019\u00e9nergie cellulaire pour revivifier le contour des yeux.<br \/>\nEnfin, la caf\u00e9ine facilite la circulation sanguine pour att\u00e9nuer l\u2019apparition de cernes et de poches. Profond\u00e9ment apaisant, le contour des yeux hydratant offre une texture ultra fra\u00eeche et aqueuse qui r\u00e9veille le regard tout en douceur et pr\u00e9pare la peau au maquillage.<br \/>\nC\u2019est le soin \u00e0 choisir les yeux ferm\u00e9s !<br \/>\nConseils d&rsquo;utilisation :<br \/>\nAppliquez le Contour des yeux hydratant LAINO matin et soir sur le contour des yeux \u00e0 l\u2019aide de son embout pr\u00e9cis.<br \/>\nLe matin, d\u00e9posez la cr\u00e8me sous le contour de l\u2019\u0153il, lissez vers l\u2019ext\u00e9rieur puis finissez pas de l\u00e9gers tapotements.<br \/>\nLe soir, pour un effet liftant, d\u00e9posez la cr\u00e8me sur tout le contour de l\u2019\u0153il et massez de l\u2019ext\u00e9rieur vers l\u2019int\u00e9rieur \u00e0 l\u2019aide d\u2019une cuill\u00e8re fra\u00eeche par exemple.<br \/>\nProlonger votre routine anti-oxydante visage Laino en compl\u00e9tant votre rituel avec un hydratant visage selon vos besoins.<br \/>\nTest d&rsquo;efficacit\u00e9 :<br \/>\n+35,5% d\u2019hydratation* 1h apr\u00e8s application<br \/>\nLa peau est plus lisse : 95%**<br \/>\nLa peau est comme recharg\u00e9e en eau : 95%**<br \/>\nLes signes de fatigue semblent estomp\u00e9s : 82%**<br \/>\n*Hydratation des couches sup\u00e9rieures de l\u2019\u00e9piderme.<br \/>\nTest instrumental effectu\u00e9 sur 10 volontaires pendant 24h.<br \/>\n**Test effectu\u00e9 sur 22 volontaires aux peaux sensibles pendant 21 jours.<br \/>\nComposition :<br \/>\nAqua (Water)\/ Eau, Propanediol, Glycerin, 1,2-Hexanediol, Pentylene Glycol, Butylene Glycol, Caffeine, Cellulose Gum, Ceratonia Siliqua (Carob) Gum, Chondrus Crispus Powder, Glucose, Lavandula Angustifolia (Lavender) Flower Extract, Mel Extract (Honey Extract)\/ Extrait De Miel, Sodium Hyaluronate, Citric Acid, Tetrasodium Glutamate Diacetate, Potassium Sorbate, Sodium Benzoate.<\/p>\n","protected":false},"excerpt":{"rendered":"<p>Laino<br \/>\nContour des yeux hydratant<br \/>\nMiel Bio, extrait de lavande, acide hyaluronique et caf\u00e9ine<br \/>\nPeaux sensibles<\/p>\n<p>Le contour des yeux hydratant apaise imm\u00e9diatement le contour de l\u2019\u0153il gr\u00e2ce \u00e0 l\u2019acide hyaluronique qui retient l\u2019eau dans les tissus tout en prot\u00e9geant cette zone si d\u00e9licate des agressions ext\u00e9rieures. Le contour des yeux est ainsi parfaitement hydrat\u00e9 pendant 24 heures.<\/p>\n<p>24h d\u2019hydratation continue<br \/>\nPoches et ridules att\u00e9nu\u00e9es<br \/>\n98% d\u2019ingr\u00e9dients d\u2019origine naturelle<br \/>\nTest\u00e9 sous contr\u00f4le dermatologique<br \/>\nMade in France<\/p>\n<p>Contenance : 15ml<\/p>\n","protected":false},"featured_media":962,"comment_status":"open","ping_status":"closed","template":"","meta":[],"pwb-brand":[51],"product_cat":[103],"product_tag":[],"class_list":{"0":"post-944","1":"product","2":"type-product","3":"status-publish","4":"has-post-thumbnail","6":"pwb-brand-laino","7":"product_cat-soins-des-yeux","8":"post","9":"ws-product--style-1","11":"first","12":"instock","13":"shipping-taxable","14":"purchasable","15":"product-type-simple"},"yoast_head":"<!-- This site is optimized with the Yoast SEO plugin v23.0 - https:\/\/yoast.com\/wordpress\/plugins\/seo\/ -->\n<title>Contour des yeux hydratant - Laino - 15ml - OrthoPara<\/title>\n<meta name=\"robots\" content=\"index, follow, max-snippet:-1, max-image-preview:large, max-video-preview:-1\" \/>\n<link rel=\"canonical\" href=\"https:\/\/orthopara.store\/index.php\/produit\/contour-des-yeux-hydratant-laino-15ml\/\" \/>\n<meta property=\"og:locale\" content=\"fr_FR\" \/>\n<meta property=\"og:type\" content=\"article\" \/>\n<meta property=\"og:title\" content=\"Contour des yeux hydratant - Laino - 15ml - OrthoPara\" \/>\n<meta property=\"og:description\" content=\"Laino Contour des yeux hydratant Miel Bio, extrait de lavande, acide hyaluronique et caf\u00e9ine Peaux sensibles Le contour des yeux hydratant apaise imm\u00e9diatement le contour de l\u2019\u0153il gr\u00e2ce \u00e0 l\u2019acide hyaluronique qui retient l\u2019eau dans les tissus tout en prot\u00e9geant cette zone si d\u00e9licate des agressions ext\u00e9rieures. Le contour des yeux est ainsi parfaitement hydrat\u00e9 pendant 24 heures. 24h d\u2019hydratation continue Poches et ridules att\u00e9nu\u00e9es 98% d\u2019ingr\u00e9dients d\u2019origine naturelle Test\u00e9 sous contr\u00f4le dermatologique Made in France Contenance : 15ml\" \/>\n<meta property=\"og:url\" content=\"https:\/\/orthopara.store\/index.php\/produit\/contour-des-yeux-hydratant-laino-15ml\/\" \/>\n<meta property=\"og:site_name\" content=\"OrthoPara\" \/>\n<meta property=\"article:publisher\" content=\"https:\/\/www.facebook.com\/profile.php?id=61561194315651\" \/>\n<meta property=\"article:modified_time\" content=\"2024-11-07T09:08:19+00:00\" \/>\n<meta property=\"og:image\" content=\"https:\/\/orthopara.store\/wp-content\/uploads\/2024\/06\/contour-des-yeux-hydratant-laino-15ml.jpg\" \/>\n\t<meta property=\"og:image:width\" content=\"800\" \/>\n\t<meta property=\"og:image:height\" content=\"800\" \/>\n\t<meta property=\"og:image:type\" content=\"image\/jpeg\" \/>\n<meta name=\"twitter:card\" content=\"summary_large_image\" \/>\n<meta name=\"twitter:label1\" content=\"Dur\u00e9e de lecture estim\u00e9e\" \/>\n\t<meta name=\"twitter:data1\" content=\"2 minutes\" \/>\n<script type=\"application\/ld+json\" class=\"yoast-schema-graph\">{\"@context\":\"https:\/\/schema.org\",\"@graph\":[{\"@type\":\"WebPage\",\"@id\":\"https:\/\/orthopara.store\/index.php\/produit\/contour-des-yeux-hydratant-laino-15ml\/\",\"url\":\"https:\/\/orthopara.store\/index.php\/produit\/contour-des-yeux-hydratant-laino-15ml\/\",\"name\":\"Contour des yeux hydratant - Laino - 15ml - OrthoPara\",\"isPartOf\":{\"@id\":\"https:\/\/orthopara.store\/#website\"},\"primaryImageOfPage\":{\"@id\":\"https:\/\/orthopara.store\/index.php\/produit\/contour-des-yeux-hydratant-laino-15ml\/#primaryimage\"},\"image\":{\"@id\":\"https:\/\/orthopara.store\/index.php\/produit\/contour-des-yeux-hydratant-laino-15ml\/#primaryimage\"},\"thumbnailUrl\":\"https:\/\/orthopara.store\/wp-content\/uploads\/2024\/06\/contour-des-yeux-hydratant-laino-15ml.jpg\",\"datePublished\":\"2024-06-28T13:50:48+00:00\",\"dateModified\":\"2024-11-07T09:08:19+00:00\",\"breadcrumb\":{\"@id\":\"https:\/\/orthopara.store\/index.php\/produit\/contour-des-yeux-hydratant-laino-15ml\/#breadcrumb\"},\"inLanguage\":\"fr-FR\",\"potentialAction\":[{\"@type\":\"ReadAction\",\"target\":[\"https:\/\/orthopara.store\/index.php\/produit\/contour-des-yeux-hydratant-laino-15ml\/\"]}]},{\"@type\":\"ImageObject\",\"inLanguage\":\"fr-FR\",\"@id\":\"https:\/\/orthopara.store\/index.php\/produit\/contour-des-yeux-hydratant-laino-15ml\/#primaryimage\",\"url\":\"https:\/\/orthopara.store\/wp-content\/uploads\/2024\/06\/contour-des-yeux-hydratant-laino-15ml.jpg\",\"contentUrl\":\"https:\/\/orthopara.store\/wp-content\/uploads\/2024\/06\/contour-des-yeux-hydratant-laino-15ml.jpg\",\"width\":800,\"height\":800},{\"@type\":\"BreadcrumbList\",\"@id\":\"https:\/\/orthopara.store\/index.php\/produit\/contour-des-yeux-hydratant-laino-15ml\/#breadcrumb\",\"itemListElement\":[{\"@type\":\"ListItem\",\"position\":1,\"name\":\"Accueil\",\"item\":\"https:\/\/orthopara.store\/\"},{\"@type\":\"ListItem\",\"position\":2,\"name\":\"Shop\",\"item\":\"https:\/\/orthopara.store\/?page_id=622\"},{\"@type\":\"ListItem\",\"position\":3,\"name\":\"Contour des yeux hydratant &#8211; Laino &#8211; 15ml\"}]},{\"@type\":\"WebSite\",\"@id\":\"https:\/\/orthopara.store\/#website\",\"url\":\"https:\/\/orthopara.store\/\",\"name\":\"OrthoPara\",\"description\":\"Parapharmacie\",\"publisher\":{\"@id\":\"https:\/\/orthopara.store\/#organization\"},\"potentialAction\":[{\"@type\":\"SearchAction\",\"target\":{\"@type\":\"EntryPoint\",\"urlTemplate\":\"https:\/\/orthopara.store\/?s={search_term_string}\"},\"query-input\":\"required name=search_term_string\"}],\"inLanguage\":\"fr-FR\"},{\"@type\":\"Organization\",\"@id\":\"https:\/\/orthopara.store\/#organization\",\"name\":\"OrthoPara\",\"url\":\"https:\/\/orthopara.store\/\",\"logo\":{\"@type\":\"ImageObject\",\"inLanguage\":\"fr-FR\",\"@id\":\"https:\/\/orthopara.store\/#\/schema\/logo\/image\/\",\"url\":\"https:\/\/orthopara.store\/wp-content\/uploads\/2024\/06\/cropped-9ABA8BAD-6256-4719-9315-15C66E64E882.png\",\"contentUrl\":\"https:\/\/orthopara.store\/wp-content\/uploads\/2024\/06\/cropped-9ABA8BAD-6256-4719-9315-15C66E64E882.png\",\"width\":240,\"height\":72,\"caption\":\"OrthoPara\"},\"image\":{\"@id\":\"https:\/\/orthopara.store\/#\/schema\/logo\/image\/\"},\"sameAs\":[\"https:\/\/www.facebook.com\/profile.php?id=61561194315651\",\"https:\/\/www.instagram.com\/orthopara_tunisie\/\"]}]}<\/script>\n<!-- \/ Yoast SEO plugin. -->","yoast_head_json":{"title":"Contour des yeux hydratant - Laino - 15ml - OrthoPara","robots":{"index":"index","follow":"follow","max-snippet":"max-snippet:-1","max-image-preview":"max-image-preview:large","max-video-preview":"max-video-preview:-1"},"canonical":"https:\/\/orthopara.store\/index.php\/produit\/contour-des-yeux-hydratant-laino-15ml\/","og_locale":"fr_FR","og_type":"article","og_title":"Contour des yeux hydratant - Laino - 15ml - OrthoPara","og_description":"Laino Contour des yeux hydratant Miel Bio, extrait de lavande, acide hyaluronique et caf\u00e9ine Peaux sensibles Le contour des yeux hydratant apaise imm\u00e9diatement le contour de l\u2019\u0153il gr\u00e2ce \u00e0 l\u2019acide hyaluronique qui retient l\u2019eau dans les tissus tout en prot\u00e9geant cette zone si d\u00e9licate des agressions ext\u00e9rieures. Le contour des yeux est ainsi parfaitement hydrat\u00e9 pendant 24 heures. 24h d\u2019hydratation continue Poches et ridules att\u00e9nu\u00e9es 98% d\u2019ingr\u00e9dients d\u2019origine naturelle Test\u00e9 sous contr\u00f4le dermatologique Made in France Contenance : 15ml","og_url":"https:\/\/orthopara.store\/index.php\/produit\/contour-des-yeux-hydratant-laino-15ml\/","og_site_name":"OrthoPara","article_publisher":"https:\/\/www.facebook.com\/profile.php?id=61561194315651","article_modified_time":"2024-11-07T09:08:19+00:00","og_image":[{"width":800,"height":800,"url":"https:\/\/orthopara.store\/wp-content\/uploads\/2024\/06\/contour-des-yeux-hydratant-laino-15ml.jpg","type":"image\/jpeg"}],"twitter_card":"summary_large_image","twitter_misc":{"Dur\u00e9e de lecture estim\u00e9e":"2 minutes"},"schema":{"@context":"https:\/\/schema.org","@graph":[{"@type":"WebPage","@id":"https:\/\/orthopara.store\/index.php\/produit\/contour-des-yeux-hydratant-laino-15ml\/","url":"https:\/\/orthopara.store\/index.php\/produit\/contour-des-yeux-hydratant-laino-15ml\/","name":"Contour des yeux hydratant - Laino - 15ml - OrthoPara","isPartOf":{"@id":"https:\/\/orthopara.store\/#website"},"primaryImageOfPage":{"@id":"https:\/\/orthopara.store\/index.php\/produit\/contour-des-yeux-hydratant-laino-15ml\/#primaryimage"},"image":{"@id":"https:\/\/orthopara.store\/index.php\/produit\/contour-des-yeux-hydratant-laino-15ml\/#primaryimage"},"thumbnailUrl":"https:\/\/orthopara.store\/wp-content\/uploads\/2024\/06\/contour-des-yeux-hydratant-laino-15ml.jpg","datePublished":"2024-06-28T13:50:48+00:00","dateModified":"2024-11-07T09:08:19+00:00","breadcrumb":{"@id":"https:\/\/orthopara.store\/index.php\/produit\/contour-des-yeux-hydratant-laino-15ml\/#breadcrumb"},"inLanguage":"fr-FR","potentialAction":[{"@type":"ReadAction","target":["https:\/\/orthopara.store\/index.php\/produit\/contour-des-yeux-hydratant-laino-15ml\/"]}]},{"@type":"ImageObject","inLanguage":"fr-FR","@id":"https:\/\/orthopara.store\/index.php\/produit\/contour-des-yeux-hydratant-laino-15ml\/#primaryimage","url":"https:\/\/orthopara.store\/wp-content\/uploads\/2024\/06\/contour-des-yeux-hydratant-laino-15ml.jpg","contentUrl":"https:\/\/orthopara.store\/wp-content\/uploads\/2024\/06\/contour-des-yeux-hydratant-laino-15ml.jpg","width":800,"height":800},{"@type":"BreadcrumbList","@id":"https:\/\/orthopara.store\/index.php\/produit\/contour-des-yeux-hydratant-laino-15ml\/#breadcrumb","itemListElement":[{"@type":"ListItem","position":1,"name":"Accueil","item":"https:\/\/orthopara.store\/"},{"@type":"ListItem","position":2,"name":"Shop","item":"https:\/\/orthopara.store\/?page_id=622"},{"@type":"ListItem","position":3,"name":"Contour des yeux hydratant &#8211; Laino &#8211; 15ml"}]},{"@type":"WebSite","@id":"https:\/\/orthopara.store\/#website","url":"https:\/\/orthopara.store\/","name":"OrthoPara","description":"Parapharmacie","publisher":{"@id":"https:\/\/orthopara.store\/#organization"},"potentialAction":[{"@type":"SearchAction","target":{"@type":"EntryPoint","urlTemplate":"https:\/\/orthopara.store\/?s={search_term_string}"},"query-input":"required name=search_term_string"}],"inLanguage":"fr-FR"},{"@type":"Organization","@id":"https:\/\/orthopara.store\/#organization","name":"OrthoPara","url":"https:\/\/orthopara.store\/","logo":{"@type":"ImageObject","inLanguage":"fr-FR","@id":"https:\/\/orthopara.store\/#\/schema\/logo\/image\/","url":"https:\/\/orthopara.store\/wp-content\/uploads\/2024\/06\/cropped-9ABA8BAD-6256-4719-9315-15C66E64E882.png","contentUrl":"https:\/\/orthopara.store\/wp-content\/uploads\/2024\/06\/cropped-9ABA8BAD-6256-4719-9315-15C66E64E882.png","width":240,"height":72,"caption":"OrthoPara"},"image":{"@id":"https:\/\/orthopara.store\/#\/schema\/logo\/image\/"},"sameAs":["https:\/\/www.facebook.com\/profile.php?id=61561194315651","https:\/\/www.instagram.com\/orthopara_tunisie\/"]}]}},"jetpack_sharing_enabled":true,"brands":[{"id":51,"name":"LAINO","slug":"laino"}],"_links":{"self":[{"href":"https:\/\/orthopara.store\/index.php?rest_route=\/wp\/v2\/product\/944","targetHints":{"allow":["GET"]}}],"collection":[{"href":"https:\/\/orthopara.store\/index.php?rest_route=\/wp\/v2\/product"}],"about":[{"href":"https:\/\/orthopara.store\/index.php?rest_route=\/wp\/v2\/types\/product"}],"replies":[{"embeddable":true,"href":"https:\/\/orthopara.store\/index.php?rest_route=%2Fwp%2Fv2%2Fcomments&post=944"}],"wp:featuredmedia":[{"embeddable":true,"href":"https:\/\/orthopara.store\/index.php?rest_route=\/wp\/v2\/media\/962"}],"wp:attachment":[{"href":"https:\/\/orthopara.store\/index.php?rest_route=%2Fwp%2Fv2%2Fmedia&parent=944"}],"wp:term":[{"taxonomy":"pwb-brand","embeddable":true,"href":"https:\/\/orthopara.store\/index.php?rest_route=%2Fwp%2Fv2%2Fpwb-brand&post=944"},{"taxonomy":"product_cat","embeddable":true,"href":"https:\/\/orthopara.store\/index.php?rest_route=%2Fwp%2Fv2%2Fproduct_cat&post=944"},{"taxonomy":"product_tag","embeddable":true,"href":"https:\/\/orthopara.store\/index.php?rest_route=%2Fwp%2Fv2%2Fproduct_tag&post=944"}],"curies":[{"name":"wp","href":"https:\/\/api.w.org\/{rel}","templated":true}]}}