{"id":966,"date":"2024-06-28T15:50:57","date_gmt":"2024-06-28T13:50:57","guid":{"rendered":"https:\/\/orthopara.store\/?post_type=product&#038;p=966"},"modified":"2024-11-07T09:32:13","modified_gmt":"2024-11-07T08:32:13","slug":"bio-orient-eau-de-rose-125ml","status":"publish","type":"product","link":"https:\/\/orthopara.store\/?product=bio-orient-eau-de-rose-125ml","title":{"rendered":"Bio Orient &#8211; Eau de rose &#8211; 125ml"},"content":{"rendered":"<p>L\u2019eau de rose Bio Orient a une action apaisante, elle soigne \u00e9galement en douceur les peaux sensibles. En tisane, l\u2019eau de rose BIO ORIENT lutte contre le rhume et la grippe en d\u00e9gageant les voies respiratoires. En application externe, l\u2019eau de rose Bio Orient aide \u00e0 d\u00e9gonfler et d\u00e9fatiguer les yeux.<br \/>\nConseils d\u2019utilisations :<br \/>\nPur en vaporisation sur le visage et dans le cou<br \/>\nIncorpor\u00e9 dans vos produits cosm\u00e9tiques pour cr\u00e9er des lotions et des masques tonifiants et rafra\u00eechissants ou des cr\u00e8mes contour des yeux.<br \/>\nContenance :<br \/>\n125ml<\/p>\n","protected":false},"excerpt":{"rendered":"<p>L&rsquo;eau de Rose Bio Orient, apaise les rougeurs ou les \u00e9chauffements dues au soleil sur le visage, elle calme les irritations et les r\u00e9actions allergiques. Elle tonifie et rafra\u00eechit la peau et calme les r\u00e9actions allergiques.<br \/>\nAntirides<br \/>\nAntiseptique<br \/>\n\u00c9quilibrant hormonal<br \/>\nDLC : 08\/2023<\/p>\n","protected":false},"featured_media":992,"comment_status":"open","ping_status":"closed","template":"","meta":[],"pwb-brand":[108],"product_cat":[103],"product_tag":[],"class_list":{"0":"post-966","1":"product","2":"type-product","3":"status-publish","4":"has-post-thumbnail","6":"pwb-brand-bio-orient","7":"product_cat-soins-des-yeux","8":"post","9":"ws-product--style-1","11":"first","12":"instock","13":"shipping-taxable","14":"purchasable","15":"product-type-simple"},"yoast_head":"<!-- This site is optimized with the Yoast SEO plugin v23.0 - https:\/\/yoast.com\/wordpress\/plugins\/seo\/ -->\n<title>Bio Orient - Eau de rose - 125ml - OrthoPara<\/title>\n<meta name=\"robots\" content=\"index, follow, max-snippet:-1, max-image-preview:large, max-video-preview:-1\" \/>\n<link rel=\"canonical\" href=\"https:\/\/orthopara.store\/index.php\/produit\/bio-orient-eau-de-rose-125ml\/\" \/>\n<meta property=\"og:locale\" content=\"fr_FR\" \/>\n<meta property=\"og:type\" content=\"article\" \/>\n<meta property=\"og:title\" content=\"Bio Orient - Eau de rose - 125ml - OrthoPara\" \/>\n<meta property=\"og:description\" content=\"L&#039;eau de Rose Bio Orient, apaise les rougeurs ou les \u00e9chauffements dues au soleil sur le visage, elle calme les irritations et les r\u00e9actions allergiques. Elle tonifie et rafra\u00eechit la peau et calme les r\u00e9actions allergiques. Antirides Antiseptique \u00c9quilibrant hormonal DLC : 08\/2023\" \/>\n<meta property=\"og:url\" content=\"https:\/\/orthopara.store\/index.php\/produit\/bio-orient-eau-de-rose-125ml\/\" \/>\n<meta property=\"og:site_name\" content=\"OrthoPara\" \/>\n<meta property=\"article:publisher\" content=\"https:\/\/www.facebook.com\/profile.php?id=61561194315651\" \/>\n<meta property=\"article:modified_time\" content=\"2024-11-07T08:32:13+00:00\" \/>\n<meta property=\"og:image\" content=\"https:\/\/orthopara.store\/wp-content\/uploads\/2024\/06\/eau-de-rose-bio-orient-125ml.jpg\" \/>\n\t<meta property=\"og:image:width\" content=\"800\" \/>\n\t<meta property=\"og:image:height\" content=\"800\" \/>\n\t<meta property=\"og:image:type\" content=\"image\/jpeg\" \/>\n<meta name=\"twitter:card\" content=\"summary_large_image\" \/>\n<script type=\"application\/ld+json\" class=\"yoast-schema-graph\">{\"@context\":\"https:\/\/schema.org\",\"@graph\":[{\"@type\":\"WebPage\",\"@id\":\"https:\/\/orthopara.store\/index.php\/produit\/bio-orient-eau-de-rose-125ml\/\",\"url\":\"https:\/\/orthopara.store\/index.php\/produit\/bio-orient-eau-de-rose-125ml\/\",\"name\":\"Bio Orient - Eau de rose - 125ml - OrthoPara\",\"isPartOf\":{\"@id\":\"https:\/\/orthopara.store\/#website\"},\"primaryImageOfPage\":{\"@id\":\"https:\/\/orthopara.store\/index.php\/produit\/bio-orient-eau-de-rose-125ml\/#primaryimage\"},\"image\":{\"@id\":\"https:\/\/orthopara.store\/index.php\/produit\/bio-orient-eau-de-rose-125ml\/#primaryimage\"},\"thumbnailUrl\":\"https:\/\/orthopara.store\/wp-content\/uploads\/2024\/06\/eau-de-rose-bio-orient-125ml.jpg\",\"datePublished\":\"2024-06-28T13:50:57+00:00\",\"dateModified\":\"2024-11-07T08:32:13+00:00\",\"breadcrumb\":{\"@id\":\"https:\/\/orthopara.store\/index.php\/produit\/bio-orient-eau-de-rose-125ml\/#breadcrumb\"},\"inLanguage\":\"fr-FR\",\"potentialAction\":[{\"@type\":\"ReadAction\",\"target\":[\"https:\/\/orthopara.store\/index.php\/produit\/bio-orient-eau-de-rose-125ml\/\"]}]},{\"@type\":\"ImageObject\",\"inLanguage\":\"fr-FR\",\"@id\":\"https:\/\/orthopara.store\/index.php\/produit\/bio-orient-eau-de-rose-125ml\/#primaryimage\",\"url\":\"https:\/\/orthopara.store\/wp-content\/uploads\/2024\/06\/eau-de-rose-bio-orient-125ml.jpg\",\"contentUrl\":\"https:\/\/orthopara.store\/wp-content\/uploads\/2024\/06\/eau-de-rose-bio-orient-125ml.jpg\",\"width\":800,\"height\":800},{\"@type\":\"BreadcrumbList\",\"@id\":\"https:\/\/orthopara.store\/index.php\/produit\/bio-orient-eau-de-rose-125ml\/#breadcrumb\",\"itemListElement\":[{\"@type\":\"ListItem\",\"position\":1,\"name\":\"Accueil\",\"item\":\"https:\/\/orthopara.store\/\"},{\"@type\":\"ListItem\",\"position\":2,\"name\":\"Shop\",\"item\":\"https:\/\/orthopara.store\/?page_id=622\"},{\"@type\":\"ListItem\",\"position\":3,\"name\":\"Bio Orient &#8211; Eau de rose &#8211; 125ml\"}]},{\"@type\":\"WebSite\",\"@id\":\"https:\/\/orthopara.store\/#website\",\"url\":\"https:\/\/orthopara.store\/\",\"name\":\"OrthoPara\",\"description\":\"Parapharmacie\",\"publisher\":{\"@id\":\"https:\/\/orthopara.store\/#organization\"},\"potentialAction\":[{\"@type\":\"SearchAction\",\"target\":{\"@type\":\"EntryPoint\",\"urlTemplate\":\"https:\/\/orthopara.store\/?s={search_term_string}\"},\"query-input\":\"required name=search_term_string\"}],\"inLanguage\":\"fr-FR\"},{\"@type\":\"Organization\",\"@id\":\"https:\/\/orthopara.store\/#organization\",\"name\":\"OrthoPara\",\"url\":\"https:\/\/orthopara.store\/\",\"logo\":{\"@type\":\"ImageObject\",\"inLanguage\":\"fr-FR\",\"@id\":\"https:\/\/orthopara.store\/#\/schema\/logo\/image\/\",\"url\":\"https:\/\/orthopara.store\/wp-content\/uploads\/2024\/06\/cropped-9ABA8BAD-6256-4719-9315-15C66E64E882.png\",\"contentUrl\":\"https:\/\/orthopara.store\/wp-content\/uploads\/2024\/06\/cropped-9ABA8BAD-6256-4719-9315-15C66E64E882.png\",\"width\":240,\"height\":72,\"caption\":\"OrthoPara\"},\"image\":{\"@id\":\"https:\/\/orthopara.store\/#\/schema\/logo\/image\/\"},\"sameAs\":[\"https:\/\/www.facebook.com\/profile.php?id=61561194315651\",\"https:\/\/www.instagram.com\/orthopara_tunisie\/\"]}]}<\/script>\n<!-- \/ Yoast SEO plugin. -->","yoast_head_json":{"title":"Bio Orient - Eau de rose - 125ml - OrthoPara","robots":{"index":"index","follow":"follow","max-snippet":"max-snippet:-1","max-image-preview":"max-image-preview:large","max-video-preview":"max-video-preview:-1"},"canonical":"https:\/\/orthopara.store\/index.php\/produit\/bio-orient-eau-de-rose-125ml\/","og_locale":"fr_FR","og_type":"article","og_title":"Bio Orient - Eau de rose - 125ml - OrthoPara","og_description":"L'eau de Rose Bio Orient, apaise les rougeurs ou les \u00e9chauffements dues au soleil sur le visage, elle calme les irritations et les r\u00e9actions allergiques. Elle tonifie et rafra\u00eechit la peau et calme les r\u00e9actions allergiques. Antirides Antiseptique \u00c9quilibrant hormonal DLC : 08\/2023","og_url":"https:\/\/orthopara.store\/index.php\/produit\/bio-orient-eau-de-rose-125ml\/","og_site_name":"OrthoPara","article_publisher":"https:\/\/www.facebook.com\/profile.php?id=61561194315651","article_modified_time":"2024-11-07T08:32:13+00:00","og_image":[{"width":800,"height":800,"url":"https:\/\/orthopara.store\/wp-content\/uploads\/2024\/06\/eau-de-rose-bio-orient-125ml.jpg","type":"image\/jpeg"}],"twitter_card":"summary_large_image","schema":{"@context":"https:\/\/schema.org","@graph":[{"@type":"WebPage","@id":"https:\/\/orthopara.store\/index.php\/produit\/bio-orient-eau-de-rose-125ml\/","url":"https:\/\/orthopara.store\/index.php\/produit\/bio-orient-eau-de-rose-125ml\/","name":"Bio Orient - Eau de rose - 125ml - OrthoPara","isPartOf":{"@id":"https:\/\/orthopara.store\/#website"},"primaryImageOfPage":{"@id":"https:\/\/orthopara.store\/index.php\/produit\/bio-orient-eau-de-rose-125ml\/#primaryimage"},"image":{"@id":"https:\/\/orthopara.store\/index.php\/produit\/bio-orient-eau-de-rose-125ml\/#primaryimage"},"thumbnailUrl":"https:\/\/orthopara.store\/wp-content\/uploads\/2024\/06\/eau-de-rose-bio-orient-125ml.jpg","datePublished":"2024-06-28T13:50:57+00:00","dateModified":"2024-11-07T08:32:13+00:00","breadcrumb":{"@id":"https:\/\/orthopara.store\/index.php\/produit\/bio-orient-eau-de-rose-125ml\/#breadcrumb"},"inLanguage":"fr-FR","potentialAction":[{"@type":"ReadAction","target":["https:\/\/orthopara.store\/index.php\/produit\/bio-orient-eau-de-rose-125ml\/"]}]},{"@type":"ImageObject","inLanguage":"fr-FR","@id":"https:\/\/orthopara.store\/index.php\/produit\/bio-orient-eau-de-rose-125ml\/#primaryimage","url":"https:\/\/orthopara.store\/wp-content\/uploads\/2024\/06\/eau-de-rose-bio-orient-125ml.jpg","contentUrl":"https:\/\/orthopara.store\/wp-content\/uploads\/2024\/06\/eau-de-rose-bio-orient-125ml.jpg","width":800,"height":800},{"@type":"BreadcrumbList","@id":"https:\/\/orthopara.store\/index.php\/produit\/bio-orient-eau-de-rose-125ml\/#breadcrumb","itemListElement":[{"@type":"ListItem","position":1,"name":"Accueil","item":"https:\/\/orthopara.store\/"},{"@type":"ListItem","position":2,"name":"Shop","item":"https:\/\/orthopara.store\/?page_id=622"},{"@type":"ListItem","position":3,"name":"Bio Orient &#8211; Eau de rose &#8211; 125ml"}]},{"@type":"WebSite","@id":"https:\/\/orthopara.store\/#website","url":"https:\/\/orthopara.store\/","name":"OrthoPara","description":"Parapharmacie","publisher":{"@id":"https:\/\/orthopara.store\/#organization"},"potentialAction":[{"@type":"SearchAction","target":{"@type":"EntryPoint","urlTemplate":"https:\/\/orthopara.store\/?s={search_term_string}"},"query-input":"required name=search_term_string"}],"inLanguage":"fr-FR"},{"@type":"Organization","@id":"https:\/\/orthopara.store\/#organization","name":"OrthoPara","url":"https:\/\/orthopara.store\/","logo":{"@type":"ImageObject","inLanguage":"fr-FR","@id":"https:\/\/orthopara.store\/#\/schema\/logo\/image\/","url":"https:\/\/orthopara.store\/wp-content\/uploads\/2024\/06\/cropped-9ABA8BAD-6256-4719-9315-15C66E64E882.png","contentUrl":"https:\/\/orthopara.store\/wp-content\/uploads\/2024\/06\/cropped-9ABA8BAD-6256-4719-9315-15C66E64E882.png","width":240,"height":72,"caption":"OrthoPara"},"image":{"@id":"https:\/\/orthopara.store\/#\/schema\/logo\/image\/"},"sameAs":["https:\/\/www.facebook.com\/profile.php?id=61561194315651","https:\/\/www.instagram.com\/orthopara_tunisie\/"]}]}},"jetpack_sharing_enabled":true,"brands":[{"id":108,"name":"BIO ORIENT","slug":"bio-orient"}],"_links":{"self":[{"href":"https:\/\/orthopara.store\/index.php?rest_route=\/wp\/v2\/product\/966","targetHints":{"allow":["GET"]}}],"collection":[{"href":"https:\/\/orthopara.store\/index.php?rest_route=\/wp\/v2\/product"}],"about":[{"href":"https:\/\/orthopara.store\/index.php?rest_route=\/wp\/v2\/types\/product"}],"replies":[{"embeddable":true,"href":"https:\/\/orthopara.store\/index.php?rest_route=%2Fwp%2Fv2%2Fcomments&post=966"}],"wp:featuredmedia":[{"embeddable":true,"href":"https:\/\/orthopara.store\/index.php?rest_route=\/wp\/v2\/media\/992"}],"wp:attachment":[{"href":"https:\/\/orthopara.store\/index.php?rest_route=%2Fwp%2Fv2%2Fmedia&parent=966"}],"wp:term":[{"taxonomy":"pwb-brand","embeddable":true,"href":"https:\/\/orthopara.store\/index.php?rest_route=%2Fwp%2Fv2%2Fpwb-brand&post=966"},{"taxonomy":"product_cat","embeddable":true,"href":"https:\/\/orthopara.store\/index.php?rest_route=%2Fwp%2Fv2%2Fproduct_cat&post=966"},{"taxonomy":"product_tag","embeddable":true,"href":"https:\/\/orthopara.store\/index.php?rest_route=%2Fwp%2Fv2%2Fproduct_tag&post=966"}],"curies":[{"name":"wp","href":"https:\/\/api.w.org\/{rel}","templated":true}]}}